{"id":8883,"date":"2024-11-17T11:32:07","date_gmt":"2024-11-17T11:32:07","guid":{"rendered":"https:\/\/kmblock.com\/product\/mercedes-clase-x\/"},"modified":"2024-11-17T11:32:07","modified_gmt":"2024-11-17T11:32:07","slug":"mercedes-clase-x","status":"publish","type":"product","link":"https:\/\/kmblock.com\/es\/product\/mercedes-clase-x\/","title":{"rendered":"Mercedes Clase X"},"content":{"rendered":"<p><strong>BLOQUEADOR DE KILOMETRAJE PARA MERCEDES CLASE X<\/strong><\/p>\n<p>El <strong>Bloqueador de Cuentakil\u00f3metros Mercedes Clase X<\/strong> tambi\u00e9n se conoce como: Bloqueador de cuentakil\u00f3metros, Bloqueador de cuentakil\u00f3metros, Bloqueador de latas, Bloqueador de kilometraje, Cuentakil\u00f3metros parcial, Filtro de latas y, en algunos casos, herramienta de correcci\u00f3n de kilometraje.<\/p>\n<h3>ESPECIFICACIONES:<\/h3>\n<ul>\n<li><strong>Instalaci\u00f3n f\u00e1cil y r\u00e1pida de bricolaje<\/strong>: F\u00e1cil de instalar sin necesidad de ayuda profesional.<\/li>\n<li>El <strong>control de crucero no funciona<\/strong>: Mientras el m\u00f3dulo est\u00e9 activo, el control de crucero estar\u00e1 desactivado.<\/li>\n<li>Se <strong>puede activar y<\/strong> desactivar <strong>en movimiento<\/strong>: Flexibilidad para activar o desactivar mientras conduces.<\/li>\n<li><strong>No crea rayas en el cuentakil\u00f3metros<\/strong>: No distorsiona la indicaci\u00f3n digital del cuentakil\u00f3metros.<\/li>\n<li><strong>No es necesario cortar cables ni soldar componentes<\/strong>: Se instala sin modificar el cableado del veh\u00edculo.<\/li>\n<li><strong>Despu\u00e9s de quitar el m\u00f3dulo, el kilometraje no aumenta espont\u00e1neamente<\/strong>: El m\u00f3dulo garantiza que el kilometraje permanezca est\u00e1tico incluso despu\u00e9s de retirarlo.<\/li>\n<li>Los <strong>ajustes seleccionados se guardan incondicionalmente<\/strong>: Una vez configuradas, tus preferencias se guardan incluso despu\u00e9s de desactivarlas.<\/li>\n<li><strong>Viene con enchufes de primera calidad y cables resistentes al calor<\/strong>: Dise\u00f1ados para ofrecer durabilidad y fiabilidad.<\/li>\n<li><strong>M\u00faltiples modos para elegir<\/strong>: Ofrece varios ajustes para diferentes necesidades.<\/li>\n<li><strong>No deja rastro si se retira<\/strong>: El m\u00f3dulo puede retirarse sin dejar ninguna prueba de alteraci\u00f3n.<\/li>\n<li><strong>Los comprobadores de diagn\u00f3stico no pueden detectar los cambios<\/strong>: Los cambios de kilometraje realizados por el m\u00f3dulo son indetectables para las herramientas de diagn\u00f3stico.<\/li>\n<li><strong>La cara de acoplamiento y los rebordes del conector garantizan una instalaci\u00f3n suave<\/strong>: Conexi\u00f3n f\u00e1cil y segura.<\/li>\n<\/ul>\n<p>Para el modo que altera totalmente el kilometraje, se permite una desviaci\u00f3n de hasta <strong>el 1%<\/strong> de la distancia recorrida. Los detalles proporcionados sobre el kilometraje detenido son aproximaciones y pueden tener peque\u00f1as diferencias. <\/p>\n<h3>ACTIVACI\u00d3N Y DESACTIVACI\u00d3N:<\/h3>\n<p><span data-sheets-root=\"1\">\u00abActivar\u00bb manteniendo pulsado el \u00abbot\u00f3n de retorno\u00bb durante 10 segundos hasta que se enciendan todas las luces.<\/span><\/p>\n<p><strong>Modo Encendido<\/strong>: se encienden todas las luces y cuenta el 0% de kilometraje. Todo funciona correctamente.<\/p>\n<p><strong>Modo Apagado<\/strong>: Se encienden todas las luces y cuenta el 100% del kilometraje. Todo funciona correctamente\u00bb.<\/p>\n<h3>\u00bfQu\u00e9 es el <strong>bloqueador de cuentakil\u00f3metros o herramienta de correcci\u00f3n de kilometraje Mercedes Clase X 470<\/strong>?<\/h3>\n<p>El <strong>Bloqueador de Kilometraje \/ Bloqueador de Cuentakil\u00f3metros Mercedes Clase X 470<\/strong> te permite detener el kilometraje de un veh\u00edculo mientras compruebas sus prestaciones. Es la soluci\u00f3n ideal para la nueva generaci\u00f3n de veh\u00edculos Mercedes y s\u00f3lo se puede comprar en <strong>KM Block<\/strong>. Tanto si el cuentakil\u00f3metros digital de tu veh\u00edculo cuenta el kilometraje en millas como en kil\u00f3metros (km), el dispositivo funciona eficazmente. La herramienta <strong>Bloqueador de Kilometraje<\/strong> es compatible con coches di\u00e9sel, gasolina, veh\u00edculos el\u00e9ctricos h\u00edbridos enchufables (PHEV) y el\u00e9ctricos.   <\/p>\n<p><strong>Nota importante<\/strong>: No vendemos herramientas de <strong>correcci\u00f3n del kilometraje<\/strong> para el Mercedes Clase X 470, ya que est\u00e1n destinadas a fines fraudulentos, a menudo utilizadas para eliminar las cifras de kilometraje de los cuentakil\u00f3metros. Estas herramientas generalmente s\u00f3lo rebobinan o retroceden la distancia recorrida, y los veh\u00edculos modernos tienen m\u00faltiples unidades de almacenamiento de datos, lo que significa que estas herramientas de retroceso no pueden borrar completamente el kilometraje. <\/p>\n<p>Ofrecemos una amplia gama de dispositivos <strong>Antirrebote<\/strong> para diversos veh\u00edculos, programados espec\u00edficamente para cada marca y modelo para garantizar un funcionamiento impecable. El proceso de instalaci\u00f3n es sencillo y no requiere profundos conocimientos sobre el mantenimiento del veh\u00edculo. Basta con conectar el m\u00f3dulo entre el puerto del veloc\u00edmetro y el cuadro de instrumentos para disfrutar de todas las ventajas.  <\/p>\n<p><strong>El Bloqueador de Kilometraje Mercedes Clase X 470<\/strong> puede activarse o desactivarse en cualquier momento, tanto si el veh\u00edculo est\u00e1 en movimiento como parado.<\/p>\n","protected":false},"excerpt":{"rendered":"<div class=\"flex max-w-full flex-col flex-grow\">\n<div class=\"min-h-8 text-message flex w-full flex-col items-end gap-2 whitespace-normal break-words [.text-message+&amp;]:mt-5\" dir=\"auto\" data-message-author-role=\"assistant\" data-message-id=\"a441b426-36fd-46d5-8aba-1f7451c77ece\" data-message-model-slug=\"gpt-4o\">\n<div class=\"flex w-full flex-col gap-1 empty:hidden first:pt-[3px]\">\n<div class=\"markdown prose w-full break-words dark:prose-invert light\">\n<p><strong>Nota importante<\/strong>: Este dispositivo es adecuado para <strong>todos los modelos Mercedes Clase X 470 lanzados desde 2017 hasta 2020<\/strong>. S\u00f3lo se puede utilizar en un veh\u00edculo, ya que almacena el n\u00famero de chasis interno. Proceso de instalaci\u00f3n sencillo y r\u00e1pido. El control de crucero no funciona cuando el m\u00f3dulo est\u00e1 activo, el control de crucero se desactivar\u00e1. Enchufes de primera calidad y cables resistentes al calor, dise\u00f1ados para ofrecer durabilidad y fiabilidad.    <\/p>\n<\/div>\n<p class=\"p1\"><b> \u2705 Integraci\u00f3n perfecta<\/b><b><\/b><\/p>\n<p class=\"p1\">\u2705<b> F\u00e1cil instalaci\u00f3n<\/b><b><\/b><\/p>\n<p class=\"p1\">\u2705<b> Gesti\u00f3n precisa del kilometraje<\/b><b><\/b><\/p>\n<p class=\"p1\"><b> \u2705 Funcionamiento en modo oculto<\/b><b><\/b><\/p>\n<p class=\"p1\"><span class=\"s1\">\u2705<\/span><b> Soporte y actualizaciones de por vida<\/b><\/p>\n<\/div>\n<\/div>\n<\/div>\n","protected":false},"featured_media":1100,"comment_status":"open","ping_status":"closed","template":"","meta":[],"product_brand":[],"product_cat":[931],"product_tag":[],"class_list":{"0":"post-8883","1":"product","2":"type-product","3":"status-publish","4":"has-post-thumbnail","6":"product_cat-mercedes","8":"first","9":"instock","10":"taxable","11":"shipping-taxable","12":"purchasable","13":"product-type-variable"},"yoast_head":"<!-- This site is optimized with the Yoast SEO plugin v27.5 - https:\/\/yoast.com\/product\/yoast-seo-wordpress\/ -->\n<title>Mercedes Clase X Mileage Blocker (KM stopper) \u2192 KM Block<\/title>\n<meta name=\"description\" content=\"Buy a Mercedes Clase X Mileage Blocker for the Best Prices \u2713 Free Shipping \u2713 Incl. Installation Guides\" \/>\n<meta name=\"robots\" content=\"index, follow, max-snippet:-1, max-image-preview:large, max-video-preview:-1\" \/>\n<meta property=\"og:locale\" content=\"es_ES\" \/>\n<meta property=\"og:type\" content=\"article\" \/>\n<meta property=\"og:title\" content=\"Mercedes Clase X Mileage Blocker (KM stopper) \u2192 KM Block\" \/>\n<meta property=\"og:description\" content=\"Buy a Mercedes Clase X Mileage Blocker for the Best Prices \u2713 Free Shipping \u2713 Incl. Installation Guides\" \/>\n<meta property=\"og:url\" content=\"https:\/\/kmblock.com\/es\/product\/mercedes-clase-x\/\" \/>\n<meta property=\"og:site_name\" content=\"KM Block\" \/>\n<meta property=\"og:image\" content=\"https:\/\/kmblock.com\/wp-content\/uploads\/2024\/11\/xclass-600x491-1.jpg\" \/>\n\t<meta property=\"og:image:width\" content=\"600\" \/>\n\t<meta property=\"og:image:height\" content=\"491\" \/>\n\t<meta property=\"og:image:type\" content=\"image\/jpeg\" \/>\n<meta name=\"twitter:card\" content=\"summary_large_image\" \/>\n<meta name=\"twitter:label1\" content=\"Tiempo de lectura\" \/>\n\t<meta name=\"twitter:data1\" content=\"3 minutos\" \/>\n<script type=\"application\/ld+json\" class=\"yoast-schema-graph\">{\"@context\":\"https:\\\/\\\/schema.org\",\"@graph\":[{\"@type\":\"WebPage\",\"@id\":\"https:\\\/\\\/kmblock.com\\\/es\\\/product\\\/mercedes-clase-x\\\/\",\"url\":\"https:\\\/\\\/kmblock.com\\\/es\\\/product\\\/mercedes-clase-x\\\/\",\"name\":\"Mercedes Clase X Mileage Blocker (KM stopper) \u2192 KM Block\",\"isPartOf\":{\"@id\":\"https:\\\/\\\/kmblock.com\\\/es\\\/#website\"},\"primaryImageOfPage\":{\"@id\":\"https:\\\/\\\/kmblock.com\\\/es\\\/product\\\/mercedes-clase-x\\\/#primaryimage\"},\"image\":{\"@id\":\"https:\\\/\\\/kmblock.com\\\/es\\\/product\\\/mercedes-clase-x\\\/#primaryimage\"},\"thumbnailUrl\":\"https:\\\/\\\/kmblock.com\\\/wp-content\\\/uploads\\\/2024\\\/11\\\/xclass-600x491-1.jpg\",\"datePublished\":\"2024-11-17T11:32:07+00:00\",\"description\":\"Buy a Mercedes Clase X Mileage Blocker for the Best Prices \u2713 Free Shipping \u2713 Incl. Installation Guides\",\"breadcrumb\":{\"@id\":\"https:\\\/\\\/kmblock.com\\\/es\\\/product\\\/mercedes-clase-x\\\/#breadcrumb\"},\"inLanguage\":\"es\",\"potentialAction\":[{\"@type\":\"ReadAction\",\"target\":[\"https:\\\/\\\/kmblock.com\\\/es\\\/product\\\/mercedes-clase-x\\\/\"]}]},{\"@type\":\"ImageObject\",\"inLanguage\":\"es\",\"@id\":\"https:\\\/\\\/kmblock.com\\\/es\\\/product\\\/mercedes-clase-x\\\/#primaryimage\",\"url\":\"https:\\\/\\\/kmblock.com\\\/wp-content\\\/uploads\\\/2024\\\/11\\\/xclass-600x491-1.jpg\",\"contentUrl\":\"https:\\\/\\\/kmblock.com\\\/wp-content\\\/uploads\\\/2024\\\/11\\\/xclass-600x491-1.jpg\",\"width\":600,\"height\":491},{\"@type\":\"BreadcrumbList\",\"@id\":\"https:\\\/\\\/kmblock.com\\\/es\\\/product\\\/mercedes-clase-x\\\/#breadcrumb\",\"itemListElement\":[{\"@type\":\"ListItem\",\"position\":1,\"name\":\"Inicio\",\"item\":\"https:\\\/\\\/kmblock.com\\\/es\\\/\"},{\"@type\":\"ListItem\",\"position\":2,\"name\":\"Productos\",\"item\":\"https:\\\/\\\/kmblock.com\\\/es\\\/shop\\\/\"},{\"@type\":\"ListItem\",\"position\":3,\"name\":\"Mercedes Clase X\"}]},{\"@type\":\"WebSite\",\"@id\":\"https:\\\/\\\/kmblock.com\\\/es\\\/#website\",\"url\":\"https:\\\/\\\/kmblock.com\\\/es\\\/\",\"name\":\"KM Block\",\"description\":\"\",\"publisher\":{\"@id\":\"https:\\\/\\\/kmblock.com\\\/es\\\/#organization\"},\"potentialAction\":[{\"@type\":\"SearchAction\",\"target\":{\"@type\":\"EntryPoint\",\"urlTemplate\":\"https:\\\/\\\/kmblock.com\\\/es\\\/?s={search_term_string}\"},\"query-input\":{\"@type\":\"PropertyValueSpecification\",\"valueRequired\":true,\"valueName\":\"search_term_string\"}}],\"inLanguage\":\"es\"},{\"@type\":\"Organization\",\"@id\":\"https:\\\/\\\/kmblock.com\\\/es\\\/#organization\",\"name\":\"Bloque KM\",\"url\":\"https:\\\/\\\/kmblock.com\\\/es\\\/\",\"logo\":{\"@type\":\"ImageObject\",\"inLanguage\":\"es\",\"@id\":\"https:\\\/\\\/kmblock.com\\\/es\\\/#\\\/schema\\\/logo\\\/image\\\/\",\"url\":\"https:\\\/\\\/kmblock.com\\\/wp-content\\\/uploads\\\/2024\\\/08\\\/main-logo.png\",\"contentUrl\":\"https:\\\/\\\/kmblock.com\\\/wp-content\\\/uploads\\\/2024\\\/08\\\/main-logo.png\",\"width\":186,\"height\":28,\"caption\":\"Bloque KM\"},\"image\":{\"@id\":\"https:\\\/\\\/kmblock.com\\\/es\\\/#\\\/schema\\\/logo\\\/image\\\/\"}}]}<\/script>\n<!-- \/ Yoast SEO plugin. -->","yoast_head_json":{"title":"Mercedes Clase X Mileage Blocker (KM stopper) \u2192 KM Block","description":"Buy a Mercedes Clase X Mileage Blocker for the Best Prices \u2713 Free Shipping \u2713 Incl. Installation Guides","robots":{"index":"index","follow":"follow","max-snippet":"max-snippet:-1","max-image-preview":"max-image-preview:large","max-video-preview":"max-video-preview:-1"},"og_locale":"es_ES","og_type":"article","og_title":"Mercedes Clase X Mileage Blocker (KM stopper) \u2192 KM Block","og_description":"Buy a Mercedes Clase X Mileage Blocker for the Best Prices \u2713 Free Shipping \u2713 Incl. Installation Guides","og_url":"https:\/\/kmblock.com\/es\/product\/mercedes-clase-x\/","og_site_name":"KM Block","og_image":[{"width":600,"height":491,"url":"https:\/\/kmblock.com\/wp-content\/uploads\/2024\/11\/xclass-600x491-1.jpg","type":"image\/jpeg"}],"twitter_card":"summary_large_image","twitter_misc":{"Tiempo de lectura":"3 minutos"},"schema":{"@context":"https:\/\/schema.org","@graph":[{"@type":"WebPage","@id":"https:\/\/kmblock.com\/es\/product\/mercedes-clase-x\/","url":"https:\/\/kmblock.com\/es\/product\/mercedes-clase-x\/","name":"Mercedes Clase X Mileage Blocker (KM stopper) \u2192 KM Block","isPartOf":{"@id":"https:\/\/kmblock.com\/es\/#website"},"primaryImageOfPage":{"@id":"https:\/\/kmblock.com\/es\/product\/mercedes-clase-x\/#primaryimage"},"image":{"@id":"https:\/\/kmblock.com\/es\/product\/mercedes-clase-x\/#primaryimage"},"thumbnailUrl":"https:\/\/kmblock.com\/wp-content\/uploads\/2024\/11\/xclass-600x491-1.jpg","datePublished":"2024-11-17T11:32:07+00:00","description":"Buy a Mercedes Clase X Mileage Blocker for the Best Prices \u2713 Free Shipping \u2713 Incl. Installation Guides","breadcrumb":{"@id":"https:\/\/kmblock.com\/es\/product\/mercedes-clase-x\/#breadcrumb"},"inLanguage":"es","potentialAction":[{"@type":"ReadAction","target":["https:\/\/kmblock.com\/es\/product\/mercedes-clase-x\/"]}]},{"@type":"ImageObject","inLanguage":"es","@id":"https:\/\/kmblock.com\/es\/product\/mercedes-clase-x\/#primaryimage","url":"https:\/\/kmblock.com\/wp-content\/uploads\/2024\/11\/xclass-600x491-1.jpg","contentUrl":"https:\/\/kmblock.com\/wp-content\/uploads\/2024\/11\/xclass-600x491-1.jpg","width":600,"height":491},{"@type":"BreadcrumbList","@id":"https:\/\/kmblock.com\/es\/product\/mercedes-clase-x\/#breadcrumb","itemListElement":[{"@type":"ListItem","position":1,"name":"Inicio","item":"https:\/\/kmblock.com\/es\/"},{"@type":"ListItem","position":2,"name":"Productos","item":"https:\/\/kmblock.com\/es\/shop\/"},{"@type":"ListItem","position":3,"name":"Mercedes Clase X"}]},{"@type":"WebSite","@id":"https:\/\/kmblock.com\/es\/#website","url":"https:\/\/kmblock.com\/es\/","name":"KM Block","description":"","publisher":{"@id":"https:\/\/kmblock.com\/es\/#organization"},"potentialAction":[{"@type":"SearchAction","target":{"@type":"EntryPoint","urlTemplate":"https:\/\/kmblock.com\/es\/?s={search_term_string}"},"query-input":{"@type":"PropertyValueSpecification","valueRequired":true,"valueName":"search_term_string"}}],"inLanguage":"es"},{"@type":"Organization","@id":"https:\/\/kmblock.com\/es\/#organization","name":"Bloque KM","url":"https:\/\/kmblock.com\/es\/","logo":{"@type":"ImageObject","inLanguage":"es","@id":"https:\/\/kmblock.com\/es\/#\/schema\/logo\/image\/","url":"https:\/\/kmblock.com\/wp-content\/uploads\/2024\/08\/main-logo.png","contentUrl":"https:\/\/kmblock.com\/wp-content\/uploads\/2024\/08\/main-logo.png","width":186,"height":28,"caption":"Bloque KM"},"image":{"@id":"https:\/\/kmblock.com\/es\/#\/schema\/logo\/image\/"}}]}},"_links":{"self":[{"href":"https:\/\/kmblock.com\/es\/wp-json\/wp\/v2\/product\/8883","targetHints":{"allow":["GET"]}}],"collection":[{"href":"https:\/\/kmblock.com\/es\/wp-json\/wp\/v2\/product"}],"about":[{"href":"https:\/\/kmblock.com\/es\/wp-json\/wp\/v2\/types\/product"}],"replies":[{"embeddable":true,"href":"https:\/\/kmblock.com\/es\/wp-json\/wp\/v2\/comments?post=8883"}],"wp:featuredmedia":[{"embeddable":true,"href":"https:\/\/kmblock.com\/es\/wp-json\/wp\/v2\/media\/1100"}],"wp:attachment":[{"href":"https:\/\/kmblock.com\/es\/wp-json\/wp\/v2\/media?parent=8883"}],"wp:term":[{"taxonomy":"product_brand","embeddable":true,"href":"https:\/\/kmblock.com\/es\/wp-json\/wp\/v2\/product_brand?post=8883"},{"taxonomy":"product_cat","embeddable":true,"href":"https:\/\/kmblock.com\/es\/wp-json\/wp\/v2\/product_cat?post=8883"},{"taxonomy":"product_tag","embeddable":true,"href":"https:\/\/kmblock.com\/es\/wp-json\/wp\/v2\/product_tag?post=8883"}],"curies":[{"name":"wp","href":"https:\/\/api.w.org\/{rel}","templated":true}]}}