{"id":8874,"date":"2024-11-17T10:14:59","date_gmt":"2024-11-17T10:14:59","guid":{"rendered":"https:\/\/kmblock.com\/product\/mercedes-clase-gls-x166\/"},"modified":"2025-11-26T01:33:00","modified_gmt":"2025-11-26T01:33:00","slug":"mercedes-clase-gls-x166","status":"publish","type":"product","link":"https:\/\/kmblock.com\/es\/product\/mercedes-clase-gls-x166\/","title":{"rendered":"Mercedes Clase GLS X166"},"content":{"rendered":"<p><strong>Bloqueador de kilometraje para Mercedes GL \/ GLS X166<\/strong><\/p>\n<p>Este <strong>bloqueador de<\/strong> kilometraje a veces recibe otros nombres, como <strong>bloqueador de cuentakil\u00f3metros<\/strong>, <strong>tope de cuentakil\u00f3metros<\/strong>, <strong>bloqueador de latas<\/strong>, <strong>tope de kilometraje<\/strong>, <strong>cuentakil\u00f3metros de viaje<\/strong>, <strong>filtro de latas<\/strong> y, en algunos casos, como <strong>herramienta de correcci\u00f3n de kilometraje<\/strong>.<\/p>\n<h3><strong>Especificaciones<\/strong><\/h3>\n<ul>\n<li><strong>Instalaci\u00f3n DIY<\/strong>: F\u00e1cil de instalar sin ayuda profesional.<\/li>\n<li><strong>Rendimiento imposible de rastrear<\/strong>: No deja rastro, lo que garantiza que no sea detectado por los comprobadores de diagn\u00f3stico.<\/li>\n<li><strong>Activaci\u00f3n y desactivaci\u00f3n<\/strong>: Se puede activar o desactivar f\u00e1cilmente, incluso en movimiento, con varias combinaciones de teclas.<\/li>\n<li><strong>Sin cortar ni soldar<\/strong>: La instalaci\u00f3n no requiere soldar ni cortar cables.<\/li>\n<li><strong>Componentes de calidad superior<\/strong>: El dispositivo viene con enchufes de alta calidad y cables resistentes al calor.<\/li>\n<li><strong>Veloc\u00edmetro y sistemas de asistencia<\/strong>: El veloc\u00edmetro y todos los sistemas de asistencia seguir\u00e1n funcionando perfectamente.<\/li>\n<li><strong>Control preciso del kilometraje<\/strong>: Despu\u00e9s de retirar el dispositivo, el kilometraje no aumentar\u00e1 espont\u00e1neamente, y el m\u00f3dulo guarda los ajustes.<\/li>\n<li><strong>Funcionamiento sin errores<\/strong>: No aparecer\u00e1n mensajes de error en el veloc\u00edmetro ni en el panel de navegaci\u00f3n.<\/li>\n<li><strong>Desviaci\u00f3n menor en el kilometraje<\/strong>: Para la alteraci\u00f3n del kilometraje completo, hay una desviaci\u00f3n permitida de hasta el 1% de la distancia.<\/li>\n<\/ul>\n<h3><strong>Activaci\u00f3n y desactivaci\u00f3n<\/strong><\/h3>\n<p><span data-sheets-root=\"1\">\u00abActivar\u00bb manteniendo pulsado el \u00abBot\u00f3n de silencio\u00bb durante 10 segundos hasta que se enciendan todas las luces.<\/span><\/p>\n<p><strong>Modo Encendido:<\/strong> se encienden todas las luces y cuenta el 0% de kilometraje. Todo funciona correctamente.<\/p>\n<p><strong>Modo Apagado:<\/strong> Se encienden todas las luces y cuenta el 100% del kilometraje. Todo funciona correctamente\u00bb.<\/p>\n<h3><strong>Calibraci\u00f3n<\/strong><\/h3>\n<ul>\n<li><strong>Calibraci\u00f3n de<\/strong> la <strong>velocidad<\/strong>: Si la indicaci\u00f3n de velocidad no es precisa, pulsa la <strong>tecla Retorno 10 veces<\/strong> para entrar en el modo de calibraci\u00f3n. La velocidad ideal para la calibraci\u00f3n es de <g id=\"gid_2\">60 KM\/h o 60 MP\/h<\/g>. Ajusta la velocidad con las flechas arriba\/abajo y confirma cuando sea correcta.  <\/li>\n<\/ul>\n<h3><strong>Prop\u00f3sito<\/strong><\/h3>\n<ul>\n<li>El <strong>Bloqueador de Kil\u00f3metros<\/strong> detiene el kilometraje para realizar pruebas de rendimiento. Funciona tanto con cuentakil\u00f3metros digitales que muestran millas o kil\u00f3metros, y es compatible con coches di\u00e9sel, de gasolina, veh\u00edculos el\u00e9ctricos h\u00edbridos enchufables (PHEV) y el\u00e9ctricos. <\/li>\n<li><strong>Nota<\/strong>: <strong>No<\/strong> vendemos herramientas de Correcci\u00f3n del Kilometraje que se utilicen para alterar fraudulentamente las lecturas del cuentakil\u00f3metros (por ejemplo, deshacer el kilometraje). El dispositivo no intenta deshacer el kilometraje total, sino que ofrece una funcionalidad con fines de prueba. <\/li>\n<\/ul>\n<h3><strong>Utilizaci\u00f3n<\/strong><\/h3>\n<ul>\n<li><strong>El Bloqueador de Kilometraje Mercedes GL \/ GLS X166<\/strong> puede activarse o desactivarse en cualquier momento, tanto si el veh\u00edculo est\u00e1 en movimiento como parado.<\/li>\n<\/ul>\n<p>Este m\u00f3dulo es ideal para quienes quieren probar el rendimiento de su veh\u00edculo sin que el cuentakil\u00f3metros registre la distancia.<\/p>\n","protected":false},"excerpt":{"rendered":"<div class=\"flex max-w-full flex-col flex-grow\">\n<div class=\"min-h-8 text-message flex w-full flex-col items-end gap-2 whitespace-normal break-words [.text-message+&amp;]:mt-5\" dir=\"auto\" data-message-author-role=\"assistant\" data-message-id=\"a441b426-36fd-46d5-8aba-1f7451c77ece\" data-message-model-slug=\"gpt-4o\">\n<div class=\"flex w-full flex-col gap-1 empty:hidden first:pt-[3px]\">\n<div class=\"markdown prose w-full break-words dark:prose-invert light\">\n<p><strong>Informaci\u00f3n importante antes de realizar el pedido: Este<\/strong>dispositivo es adecuado para los modelos <strong>Mercedes GL \/ GLS X166<\/strong> lanzados entre 2012 y 2018. El dispositivo permite la instalaci\u00f3n \u00abhazlo t\u00fa mismo\u00bb (DIY) sin necesidad de ayuda profesional. Ofrece un funcionamiento irrastreable, lo que significa que ninguna herramienta de diagn\u00f3stico detectar\u00e1 las alteraciones realizadas. Para mayor comodidad, el m\u00f3dulo puede activarse o desactivarse mientras el veh\u00edculo est\u00e1 en movimiento. El dispositivo viene con enchufes de primera calidad y cables resistentes al calor, lo que garantiza su durabilidad y fiabilidad. El veloc\u00edmetro y todos los dem\u00e1s programas de asistencia funcionan perfectamente con el m\u00f3dulo instalado. El m\u00f3dulo garantiza que no haya mensajes de error ni fallos de funcionamiento en los sistemas del veh\u00edculo.      <\/p>\n<p class=\"p1\"><b> \u2705 Integraci\u00f3n perfecta<\/b><b><\/b><\/p>\n<p class=\"p1\">\u2705<b> F\u00e1cil instalaci\u00f3n<\/b><b><\/b><\/p>\n<p class=\"p1\">\u2705<b> Gesti\u00f3n precisa del kilometraje<\/b><b><\/b><\/p>\n<p class=\"p1\"><b> \u2705 Funcionamiento en modo oculto<\/b><b><\/b><\/p>\n<p class=\"p1\"><span class=\"s1\">\u2705<\/span><b> Soporte y actualizaciones de por vida<\/b><\/p>\n<\/div>\n<\/div>\n<\/div>\n<\/div>\n","protected":false},"featured_media":1094,"comment_status":"open","ping_status":"closed","template":"","meta":[],"product_brand":[],"product_cat":[931],"product_tag":[],"class_list":{"0":"post-8874","1":"product","2":"type-product","3":"status-publish","4":"has-post-thumbnail","6":"product_cat-mercedes","8":"first","9":"instock","10":"taxable","11":"shipping-taxable","12":"purchasable","13":"product-type-variable"},"yoast_head":"<!-- This site is optimized with the Yoast SEO plugin v27.5 - https:\/\/yoast.com\/product\/yoast-seo-wordpress\/ -->\n<title>Mercedes Clase GLS X166 Mileage Blocker (KM stopper) \u2192 KM Block<\/title>\n<meta name=\"description\" content=\"Buy a Mercedes Clase GLS X166 Mileage Blocker for the Best Prices \u2713 Free Shipping \u2713 Incl. Installation Guides\" \/>\n<meta name=\"robots\" content=\"index, follow, max-snippet:-1, max-image-preview:large, max-video-preview:-1\" \/>\n<meta property=\"og:locale\" content=\"es_ES\" \/>\n<meta property=\"og:type\" content=\"article\" \/>\n<meta property=\"og:title\" content=\"Mercedes Clase GLS X166 Mileage Blocker (KM stopper) \u2192 KM Block\" \/>\n<meta property=\"og:description\" content=\"Buy a Mercedes Clase GLS X166 Mileage Blocker for the Best Prices \u2713 Free Shipping \u2713 Incl. Installation Guides\" \/>\n<meta property=\"og:url\" content=\"https:\/\/kmblock.com\/es\/product\/mercedes-clase-gls-x166\/\" \/>\n<meta property=\"og:site_name\" content=\"KM Block\" \/>\n<meta property=\"article:modified_time\" content=\"2025-11-26T01:33:00+00:00\" \/>\n<meta property=\"og:image\" content=\"https:\/\/kmblock.com\/wp-content\/uploads\/2024\/11\/gls-600x491-1.jpg\" \/>\n\t<meta property=\"og:image:width\" content=\"600\" \/>\n\t<meta property=\"og:image:height\" content=\"491\" \/>\n\t<meta property=\"og:image:type\" content=\"image\/jpeg\" \/>\n<meta name=\"twitter:card\" content=\"summary_large_image\" \/>\n<meta name=\"twitter:label1\" content=\"Tiempo de lectura\" \/>\n\t<meta name=\"twitter:data1\" content=\"2 minutos\" \/>\n<script type=\"application\/ld+json\" class=\"yoast-schema-graph\">{\"@context\":\"https:\\\/\\\/schema.org\",\"@graph\":[{\"@type\":\"WebPage\",\"@id\":\"https:\\\/\\\/kmblock.com\\\/es\\\/product\\\/mercedes-clase-gls-x166\\\/\",\"url\":\"https:\\\/\\\/kmblock.com\\\/es\\\/product\\\/mercedes-clase-gls-x166\\\/\",\"name\":\"Mercedes Clase GLS X166 Mileage Blocker (KM stopper) \u2192 KM Block\",\"isPartOf\":{\"@id\":\"https:\\\/\\\/kmblock.com\\\/es\\\/#website\"},\"primaryImageOfPage\":{\"@id\":\"https:\\\/\\\/kmblock.com\\\/es\\\/product\\\/mercedes-clase-gls-x166\\\/#primaryimage\"},\"image\":{\"@id\":\"https:\\\/\\\/kmblock.com\\\/es\\\/product\\\/mercedes-clase-gls-x166\\\/#primaryimage\"},\"thumbnailUrl\":\"https:\\\/\\\/kmblock.com\\\/wp-content\\\/uploads\\\/2024\\\/11\\\/gls-600x491-1.jpg\",\"datePublished\":\"2024-11-17T10:14:59+00:00\",\"dateModified\":\"2025-11-26T01:33:00+00:00\",\"description\":\"Buy a Mercedes Clase GLS X166 Mileage Blocker for the Best Prices \u2713 Free Shipping \u2713 Incl. Installation Guides\",\"breadcrumb\":{\"@id\":\"https:\\\/\\\/kmblock.com\\\/es\\\/product\\\/mercedes-clase-gls-x166\\\/#breadcrumb\"},\"inLanguage\":\"es\",\"potentialAction\":[{\"@type\":\"ReadAction\",\"target\":[\"https:\\\/\\\/kmblock.com\\\/es\\\/product\\\/mercedes-clase-gls-x166\\\/\"]}]},{\"@type\":\"ImageObject\",\"inLanguage\":\"es\",\"@id\":\"https:\\\/\\\/kmblock.com\\\/es\\\/product\\\/mercedes-clase-gls-x166\\\/#primaryimage\",\"url\":\"https:\\\/\\\/kmblock.com\\\/wp-content\\\/uploads\\\/2024\\\/11\\\/gls-600x491-1.jpg\",\"contentUrl\":\"https:\\\/\\\/kmblock.com\\\/wp-content\\\/uploads\\\/2024\\\/11\\\/gls-600x491-1.jpg\",\"width\":600,\"height\":491},{\"@type\":\"BreadcrumbList\",\"@id\":\"https:\\\/\\\/kmblock.com\\\/es\\\/product\\\/mercedes-clase-gls-x166\\\/#breadcrumb\",\"itemListElement\":[{\"@type\":\"ListItem\",\"position\":1,\"name\":\"Inicio\",\"item\":\"https:\\\/\\\/kmblock.com\\\/es\\\/\"},{\"@type\":\"ListItem\",\"position\":2,\"name\":\"Productos\",\"item\":\"https:\\\/\\\/kmblock.com\\\/es\\\/shop\\\/\"},{\"@type\":\"ListItem\",\"position\":3,\"name\":\"Mercedes Clase GLS X166\"}]},{\"@type\":\"WebSite\",\"@id\":\"https:\\\/\\\/kmblock.com\\\/es\\\/#website\",\"url\":\"https:\\\/\\\/kmblock.com\\\/es\\\/\",\"name\":\"KM Block\",\"description\":\"\",\"publisher\":{\"@id\":\"https:\\\/\\\/kmblock.com\\\/es\\\/#organization\"},\"potentialAction\":[{\"@type\":\"SearchAction\",\"target\":{\"@type\":\"EntryPoint\",\"urlTemplate\":\"https:\\\/\\\/kmblock.com\\\/es\\\/?s={search_term_string}\"},\"query-input\":{\"@type\":\"PropertyValueSpecification\",\"valueRequired\":true,\"valueName\":\"search_term_string\"}}],\"inLanguage\":\"es\"},{\"@type\":\"Organization\",\"@id\":\"https:\\\/\\\/kmblock.com\\\/es\\\/#organization\",\"name\":\"Bloque KM\",\"url\":\"https:\\\/\\\/kmblock.com\\\/es\\\/\",\"logo\":{\"@type\":\"ImageObject\",\"inLanguage\":\"es\",\"@id\":\"https:\\\/\\\/kmblock.com\\\/es\\\/#\\\/schema\\\/logo\\\/image\\\/\",\"url\":\"https:\\\/\\\/kmblock.com\\\/wp-content\\\/uploads\\\/2024\\\/08\\\/main-logo.png\",\"contentUrl\":\"https:\\\/\\\/kmblock.com\\\/wp-content\\\/uploads\\\/2024\\\/08\\\/main-logo.png\",\"width\":186,\"height\":28,\"caption\":\"Bloque KM\"},\"image\":{\"@id\":\"https:\\\/\\\/kmblock.com\\\/es\\\/#\\\/schema\\\/logo\\\/image\\\/\"}}]}<\/script>\n<!-- \/ Yoast SEO plugin. -->","yoast_head_json":{"title":"Mercedes Clase GLS X166 Mileage Blocker (KM stopper) \u2192 KM Block","description":"Buy a Mercedes Clase GLS X166 Mileage Blocker for the Best Prices \u2713 Free Shipping \u2713 Incl. Installation Guides","robots":{"index":"index","follow":"follow","max-snippet":"max-snippet:-1","max-image-preview":"max-image-preview:large","max-video-preview":"max-video-preview:-1"},"og_locale":"es_ES","og_type":"article","og_title":"Mercedes Clase GLS X166 Mileage Blocker (KM stopper) \u2192 KM Block","og_description":"Buy a Mercedes Clase GLS X166 Mileage Blocker for the Best Prices \u2713 Free Shipping \u2713 Incl. Installation Guides","og_url":"https:\/\/kmblock.com\/es\/product\/mercedes-clase-gls-x166\/","og_site_name":"KM Block","article_modified_time":"2025-11-26T01:33:00+00:00","og_image":[{"width":600,"height":491,"url":"https:\/\/kmblock.com\/wp-content\/uploads\/2024\/11\/gls-600x491-1.jpg","type":"image\/jpeg"}],"twitter_card":"summary_large_image","twitter_misc":{"Tiempo de lectura":"2 minutos"},"schema":{"@context":"https:\/\/schema.org","@graph":[{"@type":"WebPage","@id":"https:\/\/kmblock.com\/es\/product\/mercedes-clase-gls-x166\/","url":"https:\/\/kmblock.com\/es\/product\/mercedes-clase-gls-x166\/","name":"Mercedes Clase GLS X166 Mileage Blocker (KM stopper) \u2192 KM Block","isPartOf":{"@id":"https:\/\/kmblock.com\/es\/#website"},"primaryImageOfPage":{"@id":"https:\/\/kmblock.com\/es\/product\/mercedes-clase-gls-x166\/#primaryimage"},"image":{"@id":"https:\/\/kmblock.com\/es\/product\/mercedes-clase-gls-x166\/#primaryimage"},"thumbnailUrl":"https:\/\/kmblock.com\/wp-content\/uploads\/2024\/11\/gls-600x491-1.jpg","datePublished":"2024-11-17T10:14:59+00:00","dateModified":"2025-11-26T01:33:00+00:00","description":"Buy a Mercedes Clase GLS X166 Mileage Blocker for the Best Prices \u2713 Free Shipping \u2713 Incl. Installation Guides","breadcrumb":{"@id":"https:\/\/kmblock.com\/es\/product\/mercedes-clase-gls-x166\/#breadcrumb"},"inLanguage":"es","potentialAction":[{"@type":"ReadAction","target":["https:\/\/kmblock.com\/es\/product\/mercedes-clase-gls-x166\/"]}]},{"@type":"ImageObject","inLanguage":"es","@id":"https:\/\/kmblock.com\/es\/product\/mercedes-clase-gls-x166\/#primaryimage","url":"https:\/\/kmblock.com\/wp-content\/uploads\/2024\/11\/gls-600x491-1.jpg","contentUrl":"https:\/\/kmblock.com\/wp-content\/uploads\/2024\/11\/gls-600x491-1.jpg","width":600,"height":491},{"@type":"BreadcrumbList","@id":"https:\/\/kmblock.com\/es\/product\/mercedes-clase-gls-x166\/#breadcrumb","itemListElement":[{"@type":"ListItem","position":1,"name":"Inicio","item":"https:\/\/kmblock.com\/es\/"},{"@type":"ListItem","position":2,"name":"Productos","item":"https:\/\/kmblock.com\/es\/shop\/"},{"@type":"ListItem","position":3,"name":"Mercedes Clase GLS X166"}]},{"@type":"WebSite","@id":"https:\/\/kmblock.com\/es\/#website","url":"https:\/\/kmblock.com\/es\/","name":"KM Block","description":"","publisher":{"@id":"https:\/\/kmblock.com\/es\/#organization"},"potentialAction":[{"@type":"SearchAction","target":{"@type":"EntryPoint","urlTemplate":"https:\/\/kmblock.com\/es\/?s={search_term_string}"},"query-input":{"@type":"PropertyValueSpecification","valueRequired":true,"valueName":"search_term_string"}}],"inLanguage":"es"},{"@type":"Organization","@id":"https:\/\/kmblock.com\/es\/#organization","name":"Bloque KM","url":"https:\/\/kmblock.com\/es\/","logo":{"@type":"ImageObject","inLanguage":"es","@id":"https:\/\/kmblock.com\/es\/#\/schema\/logo\/image\/","url":"https:\/\/kmblock.com\/wp-content\/uploads\/2024\/08\/main-logo.png","contentUrl":"https:\/\/kmblock.com\/wp-content\/uploads\/2024\/08\/main-logo.png","width":186,"height":28,"caption":"Bloque KM"},"image":{"@id":"https:\/\/kmblock.com\/es\/#\/schema\/logo\/image\/"}}]}},"_links":{"self":[{"href":"https:\/\/kmblock.com\/es\/wp-json\/wp\/v2\/product\/8874","targetHints":{"allow":["GET"]}}],"collection":[{"href":"https:\/\/kmblock.com\/es\/wp-json\/wp\/v2\/product"}],"about":[{"href":"https:\/\/kmblock.com\/es\/wp-json\/wp\/v2\/types\/product"}],"replies":[{"embeddable":true,"href":"https:\/\/kmblock.com\/es\/wp-json\/wp\/v2\/comments?post=8874"}],"wp:featuredmedia":[{"embeddable":true,"href":"https:\/\/kmblock.com\/es\/wp-json\/wp\/v2\/media\/1094"}],"wp:attachment":[{"href":"https:\/\/kmblock.com\/es\/wp-json\/wp\/v2\/media?parent=8874"}],"wp:term":[{"taxonomy":"product_brand","embeddable":true,"href":"https:\/\/kmblock.com\/es\/wp-json\/wp\/v2\/product_brand?post=8874"},{"taxonomy":"product_cat","embeddable":true,"href":"https:\/\/kmblock.com\/es\/wp-json\/wp\/v2\/product_cat?post=8874"},{"taxonomy":"product_tag","embeddable":true,"href":"https:\/\/kmblock.com\/es\/wp-json\/wp\/v2\/product_tag?post=8874"}],"curies":[{"name":"wp","href":"https:\/\/api.w.org\/{rel}","templated":true}]}}