{"id":8867,"date":"2024-11-17T10:19:23","date_gmt":"2024-11-17T10:19:23","guid":{"rendered":"https:\/\/kmblock.com\/product\/mercedes-clase-s-w222-c217-a217\/"},"modified":"2025-11-26T01:33:11","modified_gmt":"2025-11-26T01:33:11","slug":"mercedes-clase-s-w222-c217-a217","status":"publish","type":"product","link":"https:\/\/kmblock.com\/es\/product\/mercedes-clase-s-w222-c217-a217\/","title":{"rendered":"Mercedes Clase S W222 C217 A217"},"content":{"rendered":"<p><strong>Bloqueador de kilometraje para Mercedes Clase S W222, A217, C217<\/strong><\/p>\n<p>El <strong>bloqueador de cuentakil\u00f3metros Mercedes Clase S W222, A217, C217<\/strong> recibe a veces varios nombres, como <strong>bloqueador de cuentakil\u00f3metros<\/strong>, <strong>bloqueador de<\/strong> <strong>cuentakil\u00f3metros<\/strong>, <strong>bloqueador de latas<\/strong>, <strong>bloqueador de cuentakil\u00f3metros<\/strong>, <strong>cuentakil\u00f3metros parcial<\/strong>, <strong>filtro de latas<\/strong> o, en algunos casos, como <strong>herramienta de correcci\u00f3n de cuentakil\u00f3metros<\/strong>.<\/p>\n<h3><strong>Especificaciones<\/strong><\/h3>\n<ul>\n<li><strong>F\u00e1cil instalaci\u00f3n DIY<\/strong>: El m\u00f3dulo est\u00e1 dise\u00f1ado para una instalaci\u00f3n r\u00e1pida, que puedes hacer t\u00fa mismo, sin necesidad de ayuda profesional.<\/li>\n<li><strong>Velocidad y control de crucero impecables<\/strong>: Tanto el indicador de velocidad como el sistema de control de crucero funcionar\u00e1n perfectamente, incluso con el m\u00f3dulo activo.<\/li>\n<li><strong>Activaci\u00f3n en movimiento<\/strong>: se puede activar y desactivar mientras el veh\u00edculo est\u00e1 en movimiento.<\/li>\n<li><strong>Sin problemas con el cuentakil\u00f3metros<\/strong>: El m\u00f3dulo no crea rayas en el cuentakil\u00f3metros, y no es necesario cortar cables ni soldar componentes.<\/li>\n<li><strong>Kilometraje no espont\u00e1neo<\/strong>: Despu\u00e9s de quitar el m\u00f3dulo, el kilometraje no aumentar\u00e1 autom\u00e1ticamente.<\/li>\n<li><strong>Ajustes guardados<\/strong>: Una vez elegidos los ajustes, se guardan y se mantienen sin necesidad de reconfigurarlos cada vez.<\/li>\n<li><strong>Componentes de alta calidad<\/strong>: El m\u00f3dulo viene con enchufes de primera calidad y cables resistentes al calor.<\/li>\n<li><strong>Modos disponibles<\/strong>: M\u00faltiples modos a elegir para una funcionalidad flexible.<\/li>\n<li><strong>Extracci\u00f3n sin dejar rastro<\/strong>: La extracci\u00f3n del m\u00f3dulo no deja rastro, por lo que es totalmente indetectable por los comprobadores de diagn\u00f3stico.<\/li>\n<li><strong>Instalaci\u00f3n sin problemas<\/strong>: El m\u00f3dulo est\u00e1 dise\u00f1ado con una cara de acoplamiento y rebordes para garantizar una instalaci\u00f3n f\u00e1cil.<\/li>\n<li><strong>Desviaci\u00f3n del kilometraje<\/strong>: Para la alteraci\u00f3n del kilometraje total, hay una desviaci\u00f3n permitida de hasta el 1% de la distancia recorrida. Los detalles sobre el kilometraje detenido son aproximaciones, y pueden producirse peque\u00f1as diferencias. <\/li>\n<\/ul>\n<h3><strong>Activaci\u00f3n y desactivaci\u00f3n<\/strong><\/h3>\n<p><span data-sheets-root=\"1\">\u00abActivar\u00bb manteniendo pulsado el \u00abbot\u00f3n de retorno\u00bb durante 10 segundos hasta que se enciendan todas las luces.<\/span><\/p>\n<p><strong>Modo Encendido<\/strong>: se encienden todas las luces y cuenta el 0% de kilometraje. Todo funciona correctamente.<\/p>\n<p><strong>Modo Apagado:<\/strong> Se encienden todas las luces y cuenta el 100% del kilometraje. Todo funciona correctamente\u00bb.<\/p>\n<h3><strong>Prop\u00f3sito<\/strong><\/h3>\n<ul>\n<li>El <strong>Bloqueador de Kilometraje Mercedes Clase S W222<\/strong> te permite detener el kilometraje de tu coche durante las pruebas de rendimiento. Funciona igual de bien en veh\u00edculos con cuentakil\u00f3metros digitales que cuentan en millas o kil\u00f3metros. El dispositivo es eficaz para <strong>coches<\/strong> <strong>di\u00e9sel<\/strong>, <strong>gasolina<\/strong>, <strong>PHEV<\/strong> y <strong>el\u00e9ctricos<\/strong>.  <\/li>\n<li><strong>Nota<\/strong>: El dispositivo <strong>no<\/strong> es una <strong>Herramienta de Correcci\u00f3n<\/strong> del Kilometraje, que se utilizan con fines fraudulentos, como hacer retroceder las lecturas del cuentakil\u00f3metros. Estas herramientas no consiguen invertir el kilometraje en los coches modernos que almacenan los datos en varias unidades. Nuestros m\u00f3dulos son s\u00f3lo para fines de prueba y rendimiento.  <\/li>\n<\/ul>\n<h3><strong>Compatibilidad y flexibilidad<\/strong><\/h3>\n<ul>\n<li><strong>F\u00e1cil instalaci\u00f3n<\/strong>: Instala el m\u00f3dulo entre el puerto del veloc\u00edmetro y el cuadro de instrumentos sin necesidad de profundos conocimientos del veh\u00edculo. Ofrece la ventaja de controlar el rendimiento del veh\u00edculo sin afectar al kilometraje. <\/li>\n<li><strong>El Bloqueador de Kilometraje Mercedes Clase S W222<\/strong> puede activarse o desactivarse en cualquier momento, tanto si el veh\u00edculo est\u00e1 parado como en movimiento.<\/li>\n<\/ul>\n","protected":false},"excerpt":{"rendered":"<div class=\"flex max-w-full flex-col flex-grow\">\n<div class=\"min-h-8 text-message flex w-full flex-col items-end gap-2 whitespace-normal break-words [.text-message+&amp;]:mt-5\" dir=\"auto\" data-message-author-role=\"assistant\" data-message-id=\"a441b426-36fd-46d5-8aba-1f7451c77ece\" data-message-model-slug=\"gpt-4o\">\n<div class=\"flex w-full flex-col gap-1 empty:hidden first:pt-[3px]\">\n<div class=\"markdown prose w-full break-words dark:prose-invert light\">\n<div class=\"flex max-w-full flex-col flex-grow\">\n<div class=\"min-h-8 text-message flex w-full flex-col items-end gap-2 whitespace-normal break-words [.text-message+&amp;]:mt-5\" dir=\"auto\" data-message-author-role=\"assistant\" data-message-id=\"a441b426-36fd-46d5-8aba-1f7451c77ece\" data-message-model-slug=\"gpt-4o\">\n<div class=\"flex w-full flex-col gap-1 empty:hidden first:pt-[3px]\">\n<div class=\"markdown prose w-full break-words dark:prose-invert light\">\n<p>Este <strong>Bloqueador de Kilometraje<\/strong> est\u00e1 dise\u00f1ado para <strong>los modelos Mercedes Clase S W222<\/strong> de <strong>2018 a 2024<\/strong>. S\u00f3lo se puede utilizar en un veh\u00edculo, ya que almacena el <strong>n\u00famero de bastidor<\/strong>. F\u00e1cil de instalar sin cortar cables. El indicador de velocidad y el control de crucero funcionan con normalidad. Enchufes de primera calidad y cables resistentes al calor.      <span style=\"font-family: -apple-system, BlinkMacSystemFont, 'Segoe UI', Roboto, 'Helvetica Neue', Arial, 'Noto Sans', sans-serif, 'Apple Color Emoji', 'Segoe UI Emoji', 'Segoe UI Symbol', 'Noto Color Emoji';\">Este dispositivo est\u00e1 vinculado al n\u00famero de bastidor del veh\u00edculo y s\u00f3lo puede utilizarse en un veh\u00edculo.<\/span><\/p>\n<\/div>\n<p class=\"p1\"><b> \u2705 Integraci\u00f3n perfecta<\/b><b><\/b><\/p>\n<p class=\"p1\">\u2705<b> F\u00e1cil instalaci\u00f3n<\/b><b><\/b><\/p>\n<p class=\"p1\">\u2705<b> Gesti\u00f3n precisa del kilometraje<\/b><b><\/b><\/p>\n<p class=\"p1\"><b> \u2705 Funcionamiento en modo oculto<\/b><b><\/b><\/p>\n<p class=\"p1\"><span class=\"s1\">\u2705<\/span><b> Soporte y actualizaciones de por vida<\/b><\/p>\n<\/div>\n<\/div>\n<\/div>\n<\/div>\n<\/div>\n<\/div>\n<\/div>\n","protected":false},"featured_media":1096,"comment_status":"open","ping_status":"closed","template":"","meta":[],"product_brand":[],"product_cat":[931],"product_tag":[],"class_list":{"0":"post-8867","1":"product","2":"type-product","3":"status-publish","4":"has-post-thumbnail","6":"product_cat-mercedes","8":"first","9":"instock","10":"taxable","11":"shipping-taxable","12":"purchasable","13":"product-type-variable"},"yoast_head":"<!-- This site is optimized with the Yoast SEO plugin v27.5 - https:\/\/yoast.com\/product\/yoast-seo-wordpress\/ -->\n<title>Mercedes Clase S W222 C217 A217 Mileage Blocker (KM stopper) \u2192 KM Block<\/title>\n<meta name=\"description\" content=\"Buy a Mercedes Clase S W222 C217 A217 Mileage Blocker for the Best Prices \u2713 Free Shipping \u2713 Incl. Installation Guides\" \/>\n<meta name=\"robots\" content=\"index, follow, max-snippet:-1, max-image-preview:large, max-video-preview:-1\" \/>\n<meta property=\"og:locale\" content=\"es_ES\" \/>\n<meta property=\"og:type\" content=\"article\" \/>\n<meta property=\"og:title\" content=\"Mercedes Clase S W222 C217 A217 Mileage Blocker (KM stopper) \u2192 KM Block\" \/>\n<meta property=\"og:description\" content=\"Buy a Mercedes Clase S W222 C217 A217 Mileage Blocker for the Best Prices \u2713 Free Shipping \u2713 Incl. Installation Guides\" \/>\n<meta property=\"og:url\" content=\"https:\/\/kmblock.com\/es\/product\/mercedes-clase-s-w222-c217-a217\/\" \/>\n<meta property=\"og:site_name\" content=\"KM Block\" \/>\n<meta property=\"article:modified_time\" content=\"2025-11-26T01:33:11+00:00\" \/>\n<meta property=\"og:image\" content=\"https:\/\/kmblock.com\/wp-content\/uploads\/2024\/11\/sclass-600x491-1.jpg\" \/>\n\t<meta property=\"og:image:width\" content=\"600\" \/>\n\t<meta property=\"og:image:height\" content=\"491\" \/>\n\t<meta property=\"og:image:type\" content=\"image\/jpeg\" \/>\n<meta name=\"twitter:card\" content=\"summary_large_image\" \/>\n<meta name=\"twitter:label1\" content=\"Tiempo de lectura\" \/>\n\t<meta name=\"twitter:data1\" content=\"3 minutos\" \/>\n<script type=\"application\/ld+json\" class=\"yoast-schema-graph\">{\"@context\":\"https:\\\/\\\/schema.org\",\"@graph\":[{\"@type\":\"WebPage\",\"@id\":\"https:\\\/\\\/kmblock.com\\\/es\\\/product\\\/mercedes-clase-s-w222-c217-a217\\\/\",\"url\":\"https:\\\/\\\/kmblock.com\\\/es\\\/product\\\/mercedes-clase-s-w222-c217-a217\\\/\",\"name\":\"Mercedes Clase S W222 C217 A217 Mileage Blocker (KM stopper) \u2192 KM Block\",\"isPartOf\":{\"@id\":\"https:\\\/\\\/kmblock.com\\\/es\\\/#website\"},\"primaryImageOfPage\":{\"@id\":\"https:\\\/\\\/kmblock.com\\\/es\\\/product\\\/mercedes-clase-s-w222-c217-a217\\\/#primaryimage\"},\"image\":{\"@id\":\"https:\\\/\\\/kmblock.com\\\/es\\\/product\\\/mercedes-clase-s-w222-c217-a217\\\/#primaryimage\"},\"thumbnailUrl\":\"https:\\\/\\\/kmblock.com\\\/wp-content\\\/uploads\\\/2024\\\/11\\\/sclass-600x491-1.jpg\",\"datePublished\":\"2024-11-17T10:19:23+00:00\",\"dateModified\":\"2025-11-26T01:33:11+00:00\",\"description\":\"Buy a Mercedes Clase S W222 C217 A217 Mileage Blocker for the Best Prices \u2713 Free Shipping \u2713 Incl. Installation Guides\",\"breadcrumb\":{\"@id\":\"https:\\\/\\\/kmblock.com\\\/es\\\/product\\\/mercedes-clase-s-w222-c217-a217\\\/#breadcrumb\"},\"inLanguage\":\"es\",\"potentialAction\":[{\"@type\":\"ReadAction\",\"target\":[\"https:\\\/\\\/kmblock.com\\\/es\\\/product\\\/mercedes-clase-s-w222-c217-a217\\\/\"]}]},{\"@type\":\"ImageObject\",\"inLanguage\":\"es\",\"@id\":\"https:\\\/\\\/kmblock.com\\\/es\\\/product\\\/mercedes-clase-s-w222-c217-a217\\\/#primaryimage\",\"url\":\"https:\\\/\\\/kmblock.com\\\/wp-content\\\/uploads\\\/2024\\\/11\\\/sclass-600x491-1.jpg\",\"contentUrl\":\"https:\\\/\\\/kmblock.com\\\/wp-content\\\/uploads\\\/2024\\\/11\\\/sclass-600x491-1.jpg\",\"width\":600,\"height\":491},{\"@type\":\"BreadcrumbList\",\"@id\":\"https:\\\/\\\/kmblock.com\\\/es\\\/product\\\/mercedes-clase-s-w222-c217-a217\\\/#breadcrumb\",\"itemListElement\":[{\"@type\":\"ListItem\",\"position\":1,\"name\":\"Inicio\",\"item\":\"https:\\\/\\\/kmblock.com\\\/es\\\/\"},{\"@type\":\"ListItem\",\"position\":2,\"name\":\"Productos\",\"item\":\"https:\\\/\\\/kmblock.com\\\/es\\\/shop\\\/\"},{\"@type\":\"ListItem\",\"position\":3,\"name\":\"Mercedes Clase S W222 C217 A217\"}]},{\"@type\":\"WebSite\",\"@id\":\"https:\\\/\\\/kmblock.com\\\/es\\\/#website\",\"url\":\"https:\\\/\\\/kmblock.com\\\/es\\\/\",\"name\":\"KM Block\",\"description\":\"\",\"publisher\":{\"@id\":\"https:\\\/\\\/kmblock.com\\\/es\\\/#organization\"},\"potentialAction\":[{\"@type\":\"SearchAction\",\"target\":{\"@type\":\"EntryPoint\",\"urlTemplate\":\"https:\\\/\\\/kmblock.com\\\/es\\\/?s={search_term_string}\"},\"query-input\":{\"@type\":\"PropertyValueSpecification\",\"valueRequired\":true,\"valueName\":\"search_term_string\"}}],\"inLanguage\":\"es\"},{\"@type\":\"Organization\",\"@id\":\"https:\\\/\\\/kmblock.com\\\/es\\\/#organization\",\"name\":\"Bloque KM\",\"url\":\"https:\\\/\\\/kmblock.com\\\/es\\\/\",\"logo\":{\"@type\":\"ImageObject\",\"inLanguage\":\"es\",\"@id\":\"https:\\\/\\\/kmblock.com\\\/es\\\/#\\\/schema\\\/logo\\\/image\\\/\",\"url\":\"https:\\\/\\\/kmblock.com\\\/wp-content\\\/uploads\\\/2024\\\/08\\\/main-logo.png\",\"contentUrl\":\"https:\\\/\\\/kmblock.com\\\/wp-content\\\/uploads\\\/2024\\\/08\\\/main-logo.png\",\"width\":186,\"height\":28,\"caption\":\"Bloque KM\"},\"image\":{\"@id\":\"https:\\\/\\\/kmblock.com\\\/es\\\/#\\\/schema\\\/logo\\\/image\\\/\"}}]}<\/script>\n<!-- \/ Yoast SEO plugin. -->","yoast_head_json":{"title":"Mercedes Clase S W222 C217 A217 Mileage Blocker (KM stopper) \u2192 KM Block","description":"Buy a Mercedes Clase S W222 C217 A217 Mileage Blocker for the Best Prices \u2713 Free Shipping \u2713 Incl. Installation Guides","robots":{"index":"index","follow":"follow","max-snippet":"max-snippet:-1","max-image-preview":"max-image-preview:large","max-video-preview":"max-video-preview:-1"},"og_locale":"es_ES","og_type":"article","og_title":"Mercedes Clase S W222 C217 A217 Mileage Blocker (KM stopper) \u2192 KM Block","og_description":"Buy a Mercedes Clase S W222 C217 A217 Mileage Blocker for the Best Prices \u2713 Free Shipping \u2713 Incl. Installation Guides","og_url":"https:\/\/kmblock.com\/es\/product\/mercedes-clase-s-w222-c217-a217\/","og_site_name":"KM Block","article_modified_time":"2025-11-26T01:33:11+00:00","og_image":[{"width":600,"height":491,"url":"https:\/\/kmblock.com\/wp-content\/uploads\/2024\/11\/sclass-600x491-1.jpg","type":"image\/jpeg"}],"twitter_card":"summary_large_image","twitter_misc":{"Tiempo de lectura":"3 minutos"},"schema":{"@context":"https:\/\/schema.org","@graph":[{"@type":"WebPage","@id":"https:\/\/kmblock.com\/es\/product\/mercedes-clase-s-w222-c217-a217\/","url":"https:\/\/kmblock.com\/es\/product\/mercedes-clase-s-w222-c217-a217\/","name":"Mercedes Clase S W222 C217 A217 Mileage Blocker (KM stopper) \u2192 KM Block","isPartOf":{"@id":"https:\/\/kmblock.com\/es\/#website"},"primaryImageOfPage":{"@id":"https:\/\/kmblock.com\/es\/product\/mercedes-clase-s-w222-c217-a217\/#primaryimage"},"image":{"@id":"https:\/\/kmblock.com\/es\/product\/mercedes-clase-s-w222-c217-a217\/#primaryimage"},"thumbnailUrl":"https:\/\/kmblock.com\/wp-content\/uploads\/2024\/11\/sclass-600x491-1.jpg","datePublished":"2024-11-17T10:19:23+00:00","dateModified":"2025-11-26T01:33:11+00:00","description":"Buy a Mercedes Clase S W222 C217 A217 Mileage Blocker for the Best Prices \u2713 Free Shipping \u2713 Incl. Installation Guides","breadcrumb":{"@id":"https:\/\/kmblock.com\/es\/product\/mercedes-clase-s-w222-c217-a217\/#breadcrumb"},"inLanguage":"es","potentialAction":[{"@type":"ReadAction","target":["https:\/\/kmblock.com\/es\/product\/mercedes-clase-s-w222-c217-a217\/"]}]},{"@type":"ImageObject","inLanguage":"es","@id":"https:\/\/kmblock.com\/es\/product\/mercedes-clase-s-w222-c217-a217\/#primaryimage","url":"https:\/\/kmblock.com\/wp-content\/uploads\/2024\/11\/sclass-600x491-1.jpg","contentUrl":"https:\/\/kmblock.com\/wp-content\/uploads\/2024\/11\/sclass-600x491-1.jpg","width":600,"height":491},{"@type":"BreadcrumbList","@id":"https:\/\/kmblock.com\/es\/product\/mercedes-clase-s-w222-c217-a217\/#breadcrumb","itemListElement":[{"@type":"ListItem","position":1,"name":"Inicio","item":"https:\/\/kmblock.com\/es\/"},{"@type":"ListItem","position":2,"name":"Productos","item":"https:\/\/kmblock.com\/es\/shop\/"},{"@type":"ListItem","position":3,"name":"Mercedes Clase S W222 C217 A217"}]},{"@type":"WebSite","@id":"https:\/\/kmblock.com\/es\/#website","url":"https:\/\/kmblock.com\/es\/","name":"KM Block","description":"","publisher":{"@id":"https:\/\/kmblock.com\/es\/#organization"},"potentialAction":[{"@type":"SearchAction","target":{"@type":"EntryPoint","urlTemplate":"https:\/\/kmblock.com\/es\/?s={search_term_string}"},"query-input":{"@type":"PropertyValueSpecification","valueRequired":true,"valueName":"search_term_string"}}],"inLanguage":"es"},{"@type":"Organization","@id":"https:\/\/kmblock.com\/es\/#organization","name":"Bloque KM","url":"https:\/\/kmblock.com\/es\/","logo":{"@type":"ImageObject","inLanguage":"es","@id":"https:\/\/kmblock.com\/es\/#\/schema\/logo\/image\/","url":"https:\/\/kmblock.com\/wp-content\/uploads\/2024\/08\/main-logo.png","contentUrl":"https:\/\/kmblock.com\/wp-content\/uploads\/2024\/08\/main-logo.png","width":186,"height":28,"caption":"Bloque KM"},"image":{"@id":"https:\/\/kmblock.com\/es\/#\/schema\/logo\/image\/"}}]}},"_links":{"self":[{"href":"https:\/\/kmblock.com\/es\/wp-json\/wp\/v2\/product\/8867","targetHints":{"allow":["GET"]}}],"collection":[{"href":"https:\/\/kmblock.com\/es\/wp-json\/wp\/v2\/product"}],"about":[{"href":"https:\/\/kmblock.com\/es\/wp-json\/wp\/v2\/types\/product"}],"replies":[{"embeddable":true,"href":"https:\/\/kmblock.com\/es\/wp-json\/wp\/v2\/comments?post=8867"}],"wp:featuredmedia":[{"embeddable":true,"href":"https:\/\/kmblock.com\/es\/wp-json\/wp\/v2\/media\/1096"}],"wp:attachment":[{"href":"https:\/\/kmblock.com\/es\/wp-json\/wp\/v2\/media?parent=8867"}],"wp:term":[{"taxonomy":"product_brand","embeddable":true,"href":"https:\/\/kmblock.com\/es\/wp-json\/wp\/v2\/product_brand?post=8867"},{"taxonomy":"product_cat","embeddable":true,"href":"https:\/\/kmblock.com\/es\/wp-json\/wp\/v2\/product_cat?post=8867"},{"taxonomy":"product_tag","embeddable":true,"href":"https:\/\/kmblock.com\/es\/wp-json\/wp\/v2\/product_tag?post=8867"}],"curies":[{"name":"wp","href":"https:\/\/api.w.org\/{rel}","templated":true}]}}