{"id":8847,"date":"2025-01-17T10:03:57","date_gmt":"2025-01-17T10:03:57","guid":{"rendered":"https:\/\/kmblock.com\/product\/mercedes-clase-glc-w253-c253\/"},"modified":"2025-11-26T01:32:35","modified_gmt":"2025-11-26T01:32:35","slug":"mercedes-clase-glc-w253-c253","status":"publish","type":"product","link":"https:\/\/kmblock.com\/es\/product\/mercedes-clase-glc-w253-c253\/","title":{"rendered":"Mercedes Clase GLC W253 \/ C253"},"content":{"rendered":"<h3><strong>BLOQUEADOR DE KILOMETRAJE PARA MERCEDES GLC W253 (2015-2018)<\/strong><\/h3>\n<p>El <g id=\"gid_0\">bloqueador de cuentakil\u00f3metros del Mercedes GLC W253<\/g> es un dispositivo dise\u00f1ado para <strong>modelos lanzados entre 2015 y 2018<\/strong>, y a veces recibe otros nombres, como <strong>bloqueador de cuentakil\u00f3metros<\/strong>, <strong>tope de cuentakil\u00f3metros<\/strong>, <strong>bloqueador de latas<\/strong> y <strong>herramienta de correcci\u00f3n de cuentakil\u00f3metros<\/strong>.  <\/p>\n<h4><strong>Especificaciones clave:<\/strong><\/h4>\n<ul>\n<li><strong>Instalaci\u00f3n DIY<\/strong>: El m\u00f3dulo puede ser instalado f\u00e1cilmente por el usuario, sin necesidad de soldar ni cortar cables.<\/li>\n<li><strong>Funcionamiento flexible<\/strong>: El m\u00f3dulo puede activarse o desactivarse mientras el veh\u00edculo est\u00e1 en movimiento.<\/li>\n<li><strong>No deja rastro<\/strong>: Una vez retirado el m\u00f3dulo, no deja ning\u00fan rastro ni provoca un aumento espont\u00e1neo del kilometraje.<\/li>\n<li><strong>F\u00e1cil de diagnosticar<\/strong>: Los cambios del m\u00f3dulo son indetectables por los comprobadores de diagn\u00f3stico, lo que garantiza que no haya problemas al comprobar el historial del veh\u00edculo.<\/li>\n<li><strong>Componentes de calidad superior<\/strong>: Viene con enchufes de alta calidad y cables resistentes al calor para un rendimiento duradero.<\/li>\n<li><strong>Sistemas de asistencia impecables<\/strong>: Tras la instalaci\u00f3n, el veloc\u00edmetro y otros sistemas de asistencia funcionan perfectamente, sin mensajes de error en el veloc\u00edmetro ni en el panel de navegaci\u00f3n.<\/li>\n<li><strong>Ajustes guardados<\/strong>: Una vez seleccionados los ajustes, se guardan incondicionalmente, por lo que no es necesario reconfigurarlos cada vez que se arranca el veh\u00edculo.<\/li>\n<li><strong>Desviaci\u00f3n menor<\/strong>: Para los modos que alteran completamente el kilometraje, se permite una desviaci\u00f3n de hasta el 1% de la distancia total recorrida. Los detalles del kilometraje detenido son aproximados, pudiendo haber ligeras diferencias. <\/li>\n<\/ul>\n<h4><strong>Modos y activaci\u00f3n:<\/strong><\/h4>\n<p><span data-sheets-root=\"1\">\u00abActivar\u00bb manteniendo pulsado el \u00abbot\u00f3n de retorno\u00bb durante 10 segundos hasta que se enciendan todas las luces.<\/span><\/p>\n<p><strong>Modo Encendido<\/strong>: se encienden todas las luces y cuenta el 0% de kilometraje. Todo funciona correctamente.<\/p>\n<p><strong>Modo Apagado:<\/strong> Se encienden todas las luces y cuenta el 100% del kilometraje. Todo funciona correctamente\u00bb.<\/p>\n<h4><strong>Notas importantes:<\/strong><\/h4>\n<ul>\n<li>El m\u00f3dulo puede activarse o desactivarse <strong>en movimiento o parado<\/strong>.<\/li>\n<li>El <strong>veloc\u00edmetro y los sistemas de asistencia<\/strong> seguir\u00e1n funcionando perfectamente despu\u00e9s de la instalaci\u00f3n.<\/li>\n<li>El m\u00f3dulo siempre est\u00e1 preactivado en <strong>Modo 1 (ON)<\/strong> durante la instalaci\u00f3n.<\/li>\n<\/ul>\n<p>Este <strong>Bloqueador de Kilometraje<\/strong> est\u00e1 dise\u00f1ado para ayudar a detener el kilometraje durante las pruebas de rendimiento, pero no est\u00e1 pensado para un uso fraudulento, como hacer retroceder las lecturas del cuentakil\u00f3metros. Es ideal para <strong>veh\u00edculos<\/strong> <strong>di\u00e9sel<\/strong>, <strong>de gasolina<\/strong>, <strong>h\u00edbridos el\u00e9ctricos enchufables (PHEV<\/strong>) y <strong>el\u00e9ctricos<\/strong>, y puede manejar cuentakil\u00f3metros que cuentan tanto en <strong>millas<\/strong> como en <strong>kil\u00f3metros<\/strong>. <\/p>\n","protected":false},"excerpt":{"rendered":"<div class=\"flex max-w-full flex-col flex-grow\">\n<div class=\"min-h-8 text-message flex w-full flex-col items-end gap-2 whitespace-normal break-words [.text-message+&amp;]:mt-5\" dir=\"auto\" data-message-author-role=\"assistant\" data-message-id=\"a441b426-36fd-46d5-8aba-1f7451c77ece\" data-message-model-slug=\"gpt-4o\">\n<div class=\"flex w-full flex-col gap-1 empty:hidden first:pt-[3px]\">\n<div class=\"markdown prose w-full break-words dark:prose-invert light\">\n<p><strong>Informaci\u00f3n importante antes de hacer el pedido:<\/strong><\/p>\n<p>El <strong>Bloqueador de Kilometraje Mercedes GLC W253<\/strong> es adecuado para <strong>modelos lanzados entre 2015 y 2018<\/strong>. Por favor, revisa los siguientes detalles antes de comprar. F\u00e1cil de instalar sin necesidad de ayuda profesional. El dispositivo act\u00faa sin dejar rastros detectables, asegurando que las modificaciones no puedan ser encontradas por las herramientas de diagn\u00f3stico. Puedes activar o desactivar el dispositivo mientras el veh\u00edculo est\u00e1 en movimiento, lo que a\u00f1ade comodidad durante su uso.El m\u00f3dulo viene con enchufes de alta calidad y cables resistentes al calor para un funcionamiento fiable y duradero. Todos los programas de asistencia al veh\u00edculo y el veloc\u00edmetro siguen funcionando perfectamente tras la instalaci\u00f3n, sin mensajes de error ni fallos de funcionamiento.     <\/p>\n<p class=\"p1\"><b> \u2705 Integraci\u00f3n perfecta<\/b><b><\/b><\/p>\n<p class=\"p1\">\u2705<b> F\u00e1cil instalaci\u00f3n<\/b><b><\/b><\/p>\n<p class=\"p1\">\u2705<b> Gesti\u00f3n precisa del kilometraje<\/b><b><\/b><\/p>\n<p class=\"p1\"><b> \u2705 Funcionamiento en modo oculto<\/b><b><\/b><\/p>\n<p class=\"p1\"><span class=\"s1\">\u2705<\/span><b> Soporte y actualizaciones de por vida<\/b><\/p>\n<\/div>\n<\/div>\n<\/div>\n<\/div>\n","protected":false},"featured_media":3369,"comment_status":"open","ping_status":"closed","template":"","meta":[],"product_brand":[],"product_cat":[931],"product_tag":[],"class_list":{"0":"post-8847","1":"product","2":"type-product","3":"status-publish","4":"has-post-thumbnail","6":"product_cat-mercedes","8":"first","9":"instock","10":"taxable","11":"shipping-taxable","12":"purchasable","13":"product-type-variable"},"yoast_head":"<!-- This site is optimized with the Yoast SEO plugin v27.5 - https:\/\/yoast.com\/product\/yoast-seo-wordpress\/ -->\n<title>Mercedes Clase GLC W253 \/ C253 Mileage Blocker (KM stopper) \u2192 KM Block<\/title>\n<meta name=\"description\" content=\"Buy a Mercedes Clase GLC W253 \/ C253 Mileage Blocker for the Best Prices \u2713 Free Shipping \u2713 Incl. Installation Guides\" \/>\n<meta name=\"robots\" content=\"index, follow, max-snippet:-1, max-image-preview:large, max-video-preview:-1\" \/>\n<meta property=\"og:locale\" content=\"es_ES\" \/>\n<meta property=\"og:type\" content=\"article\" \/>\n<meta property=\"og:title\" content=\"Mercedes Clase GLC W253 \/ C253 Mileage Blocker (KM stopper) \u2192 KM Block\" \/>\n<meta property=\"og:description\" content=\"Buy a Mercedes Clase GLC W253 \/ C253 Mileage Blocker for the Best Prices \u2713 Free Shipping \u2713 Incl. Installation Guides\" \/>\n<meta property=\"og:url\" content=\"https:\/\/kmblock.com\/es\/product\/mercedes-clase-glc-w253-c253\/\" \/>\n<meta property=\"og:site_name\" content=\"KM Block\" \/>\n<meta property=\"article:modified_time\" content=\"2025-11-26T01:32:35+00:00\" \/>\n<meta property=\"og:image\" content=\"https:\/\/kmblock.com\/wp-content\/uploads\/2025\/01\/Mercedes-GLC.jpg\" \/>\n\t<meta property=\"og:image:width\" content=\"600\" \/>\n\t<meta property=\"og:image:height\" content=\"600\" \/>\n\t<meta property=\"og:image:type\" content=\"image\/jpeg\" \/>\n<meta name=\"twitter:card\" content=\"summary_large_image\" \/>\n<meta name=\"twitter:label1\" content=\"Tiempo de lectura\" \/>\n\t<meta name=\"twitter:data1\" content=\"2 minutos\" \/>\n<script type=\"application\/ld+json\" class=\"yoast-schema-graph\">{\"@context\":\"https:\\\/\\\/schema.org\",\"@graph\":[{\"@type\":\"WebPage\",\"@id\":\"https:\\\/\\\/kmblock.com\\\/es\\\/product\\\/mercedes-clase-glc-w253-c253\\\/\",\"url\":\"https:\\\/\\\/kmblock.com\\\/es\\\/product\\\/mercedes-clase-glc-w253-c253\\\/\",\"name\":\"Mercedes Clase GLC W253 \\\/ C253 Mileage Blocker (KM stopper) \u2192 KM Block\",\"isPartOf\":{\"@id\":\"https:\\\/\\\/kmblock.com\\\/es\\\/#website\"},\"primaryImageOfPage\":{\"@id\":\"https:\\\/\\\/kmblock.com\\\/es\\\/product\\\/mercedes-clase-glc-w253-c253\\\/#primaryimage\"},\"image\":{\"@id\":\"https:\\\/\\\/kmblock.com\\\/es\\\/product\\\/mercedes-clase-glc-w253-c253\\\/#primaryimage\"},\"thumbnailUrl\":\"https:\\\/\\\/kmblock.com\\\/wp-content\\\/uploads\\\/2025\\\/01\\\/Mercedes-GLC.jpg\",\"datePublished\":\"2025-01-17T10:03:57+00:00\",\"dateModified\":\"2025-11-26T01:32:35+00:00\",\"description\":\"Buy a Mercedes Clase GLC W253 \\\/ C253 Mileage Blocker for the Best Prices \u2713 Free Shipping \u2713 Incl. Installation Guides\",\"breadcrumb\":{\"@id\":\"https:\\\/\\\/kmblock.com\\\/es\\\/product\\\/mercedes-clase-glc-w253-c253\\\/#breadcrumb\"},\"inLanguage\":\"es\",\"potentialAction\":[{\"@type\":\"ReadAction\",\"target\":[\"https:\\\/\\\/kmblock.com\\\/es\\\/product\\\/mercedes-clase-glc-w253-c253\\\/\"]}]},{\"@type\":\"ImageObject\",\"inLanguage\":\"es\",\"@id\":\"https:\\\/\\\/kmblock.com\\\/es\\\/product\\\/mercedes-clase-glc-w253-c253\\\/#primaryimage\",\"url\":\"https:\\\/\\\/kmblock.com\\\/wp-content\\\/uploads\\\/2025\\\/01\\\/Mercedes-GLC.jpg\",\"contentUrl\":\"https:\\\/\\\/kmblock.com\\\/wp-content\\\/uploads\\\/2025\\\/01\\\/Mercedes-GLC.jpg\",\"width\":600,\"height\":600},{\"@type\":\"BreadcrumbList\",\"@id\":\"https:\\\/\\\/kmblock.com\\\/es\\\/product\\\/mercedes-clase-glc-w253-c253\\\/#breadcrumb\",\"itemListElement\":[{\"@type\":\"ListItem\",\"position\":1,\"name\":\"Inicio\",\"item\":\"https:\\\/\\\/kmblock.com\\\/es\\\/\"},{\"@type\":\"ListItem\",\"position\":2,\"name\":\"Productos\",\"item\":\"https:\\\/\\\/kmblock.com\\\/es\\\/shop\\\/\"},{\"@type\":\"ListItem\",\"position\":3,\"name\":\"Mercedes Clase GLC W253 \\\/ C253\"}]},{\"@type\":\"WebSite\",\"@id\":\"https:\\\/\\\/kmblock.com\\\/es\\\/#website\",\"url\":\"https:\\\/\\\/kmblock.com\\\/es\\\/\",\"name\":\"KM Block\",\"description\":\"\",\"publisher\":{\"@id\":\"https:\\\/\\\/kmblock.com\\\/es\\\/#organization\"},\"potentialAction\":[{\"@type\":\"SearchAction\",\"target\":{\"@type\":\"EntryPoint\",\"urlTemplate\":\"https:\\\/\\\/kmblock.com\\\/es\\\/?s={search_term_string}\"},\"query-input\":{\"@type\":\"PropertyValueSpecification\",\"valueRequired\":true,\"valueName\":\"search_term_string\"}}],\"inLanguage\":\"es\"},{\"@type\":\"Organization\",\"@id\":\"https:\\\/\\\/kmblock.com\\\/es\\\/#organization\",\"name\":\"Bloque KM\",\"url\":\"https:\\\/\\\/kmblock.com\\\/es\\\/\",\"logo\":{\"@type\":\"ImageObject\",\"inLanguage\":\"es\",\"@id\":\"https:\\\/\\\/kmblock.com\\\/es\\\/#\\\/schema\\\/logo\\\/image\\\/\",\"url\":\"https:\\\/\\\/kmblock.com\\\/wp-content\\\/uploads\\\/2024\\\/08\\\/main-logo.png\",\"contentUrl\":\"https:\\\/\\\/kmblock.com\\\/wp-content\\\/uploads\\\/2024\\\/08\\\/main-logo.png\",\"width\":186,\"height\":28,\"caption\":\"Bloque KM\"},\"image\":{\"@id\":\"https:\\\/\\\/kmblock.com\\\/es\\\/#\\\/schema\\\/logo\\\/image\\\/\"}}]}<\/script>\n<!-- \/ Yoast SEO plugin. -->","yoast_head_json":{"title":"Mercedes Clase GLC W253 \/ C253 Mileage Blocker (KM stopper) \u2192 KM Block","description":"Buy a Mercedes Clase GLC W253 \/ C253 Mileage Blocker for the Best Prices \u2713 Free Shipping \u2713 Incl. Installation Guides","robots":{"index":"index","follow":"follow","max-snippet":"max-snippet:-1","max-image-preview":"max-image-preview:large","max-video-preview":"max-video-preview:-1"},"og_locale":"es_ES","og_type":"article","og_title":"Mercedes Clase GLC W253 \/ C253 Mileage Blocker (KM stopper) \u2192 KM Block","og_description":"Buy a Mercedes Clase GLC W253 \/ C253 Mileage Blocker for the Best Prices \u2713 Free Shipping \u2713 Incl. Installation Guides","og_url":"https:\/\/kmblock.com\/es\/product\/mercedes-clase-glc-w253-c253\/","og_site_name":"KM Block","article_modified_time":"2025-11-26T01:32:35+00:00","og_image":[{"width":600,"height":600,"url":"https:\/\/kmblock.com\/wp-content\/uploads\/2025\/01\/Mercedes-GLC.jpg","type":"image\/jpeg"}],"twitter_card":"summary_large_image","twitter_misc":{"Tiempo de lectura":"2 minutos"},"schema":{"@context":"https:\/\/schema.org","@graph":[{"@type":"WebPage","@id":"https:\/\/kmblock.com\/es\/product\/mercedes-clase-glc-w253-c253\/","url":"https:\/\/kmblock.com\/es\/product\/mercedes-clase-glc-w253-c253\/","name":"Mercedes Clase GLC W253 \/ C253 Mileage Blocker (KM stopper) \u2192 KM Block","isPartOf":{"@id":"https:\/\/kmblock.com\/es\/#website"},"primaryImageOfPage":{"@id":"https:\/\/kmblock.com\/es\/product\/mercedes-clase-glc-w253-c253\/#primaryimage"},"image":{"@id":"https:\/\/kmblock.com\/es\/product\/mercedes-clase-glc-w253-c253\/#primaryimage"},"thumbnailUrl":"https:\/\/kmblock.com\/wp-content\/uploads\/2025\/01\/Mercedes-GLC.jpg","datePublished":"2025-01-17T10:03:57+00:00","dateModified":"2025-11-26T01:32:35+00:00","description":"Buy a Mercedes Clase GLC W253 \/ C253 Mileage Blocker for the Best Prices \u2713 Free Shipping \u2713 Incl. Installation Guides","breadcrumb":{"@id":"https:\/\/kmblock.com\/es\/product\/mercedes-clase-glc-w253-c253\/#breadcrumb"},"inLanguage":"es","potentialAction":[{"@type":"ReadAction","target":["https:\/\/kmblock.com\/es\/product\/mercedes-clase-glc-w253-c253\/"]}]},{"@type":"ImageObject","inLanguage":"es","@id":"https:\/\/kmblock.com\/es\/product\/mercedes-clase-glc-w253-c253\/#primaryimage","url":"https:\/\/kmblock.com\/wp-content\/uploads\/2025\/01\/Mercedes-GLC.jpg","contentUrl":"https:\/\/kmblock.com\/wp-content\/uploads\/2025\/01\/Mercedes-GLC.jpg","width":600,"height":600},{"@type":"BreadcrumbList","@id":"https:\/\/kmblock.com\/es\/product\/mercedes-clase-glc-w253-c253\/#breadcrumb","itemListElement":[{"@type":"ListItem","position":1,"name":"Inicio","item":"https:\/\/kmblock.com\/es\/"},{"@type":"ListItem","position":2,"name":"Productos","item":"https:\/\/kmblock.com\/es\/shop\/"},{"@type":"ListItem","position":3,"name":"Mercedes Clase GLC W253 \/ C253"}]},{"@type":"WebSite","@id":"https:\/\/kmblock.com\/es\/#website","url":"https:\/\/kmblock.com\/es\/","name":"KM Block","description":"","publisher":{"@id":"https:\/\/kmblock.com\/es\/#organization"},"potentialAction":[{"@type":"SearchAction","target":{"@type":"EntryPoint","urlTemplate":"https:\/\/kmblock.com\/es\/?s={search_term_string}"},"query-input":{"@type":"PropertyValueSpecification","valueRequired":true,"valueName":"search_term_string"}}],"inLanguage":"es"},{"@type":"Organization","@id":"https:\/\/kmblock.com\/es\/#organization","name":"Bloque KM","url":"https:\/\/kmblock.com\/es\/","logo":{"@type":"ImageObject","inLanguage":"es","@id":"https:\/\/kmblock.com\/es\/#\/schema\/logo\/image\/","url":"https:\/\/kmblock.com\/wp-content\/uploads\/2024\/08\/main-logo.png","contentUrl":"https:\/\/kmblock.com\/wp-content\/uploads\/2024\/08\/main-logo.png","width":186,"height":28,"caption":"Bloque KM"},"image":{"@id":"https:\/\/kmblock.com\/es\/#\/schema\/logo\/image\/"}}]}},"_links":{"self":[{"href":"https:\/\/kmblock.com\/es\/wp-json\/wp\/v2\/product\/8847","targetHints":{"allow":["GET"]}}],"collection":[{"href":"https:\/\/kmblock.com\/es\/wp-json\/wp\/v2\/product"}],"about":[{"href":"https:\/\/kmblock.com\/es\/wp-json\/wp\/v2\/types\/product"}],"replies":[{"embeddable":true,"href":"https:\/\/kmblock.com\/es\/wp-json\/wp\/v2\/comments?post=8847"}],"wp:featuredmedia":[{"embeddable":true,"href":"https:\/\/kmblock.com\/es\/wp-json\/wp\/v2\/media\/3369"}],"wp:attachment":[{"href":"https:\/\/kmblock.com\/es\/wp-json\/wp\/v2\/media?parent=8847"}],"wp:term":[{"taxonomy":"product_brand","embeddable":true,"href":"https:\/\/kmblock.com\/es\/wp-json\/wp\/v2\/product_brand?post=8847"},{"taxonomy":"product_cat","embeddable":true,"href":"https:\/\/kmblock.com\/es\/wp-json\/wp\/v2\/product_cat?post=8847"},{"taxonomy":"product_tag","embeddable":true,"href":"https:\/\/kmblock.com\/es\/wp-json\/wp\/v2\/product_tag?post=8847"}],"curies":[{"name":"wp","href":"https:\/\/api.w.org\/{rel}","templated":true}]}}