{"id":8816,"date":"2024-11-17T09:53:55","date_gmt":"2024-11-17T09:53:55","guid":{"rendered":"https:\/\/kmblock.com\/product\/mercedes-g-class-g-wagon-w463\/"},"modified":"2025-11-26T01:32:25","modified_gmt":"2025-11-26T01:32:25","slug":"mercedes-g-class-g-wagon-w463","status":"publish","type":"product","link":"https:\/\/kmblock.com\/es\/product\/mercedes-g-class-g-wagon-w463\/","title":{"rendered":"Mercedes G CLASS (G Wagon) W463"},"content":{"rendered":"<div class=\"flex-shrink-0 flex flex-col relative items-end\">\n<div class=\"pt-0\">\n<div class=\"gizmo-bot-avatar flex h-8 w-8 items-center justify-center overflow-hidden rounded-full\">\n<div class=\"relative p-1 rounded-sm flex items-center justify-center bg-token-main-surface-primary text-token-text-primary h-8 w-8\">\n<h3><strong>BLOQUEADOR DE KILOMETRAJE PARA MERCEDES CLASE G W464<\/strong><\/h3>\n<p>El <strong>bloqueador de kilometraje Mercedes Clase G W464<\/strong> tambi\u00e9n se conoce con varios nombres, como bloqueador de cuentakil\u00f3metros, bloqueador de cuentakil\u00f3metros, bloqueador de latas, bloqueador de kilometraje, cuentakil\u00f3metros de viaje y filtro de latas, y a veces puede denominarse herramienta de correcci\u00f3n de kilometraje.<\/p>\n<h4><strong>Especificaciones clave:<\/strong><\/h4>\n<ul>\n<li><strong>F\u00e1cil instalaci\u00f3n DIY<\/strong>: El m\u00f3dulo es f\u00e1cil de instalar sin necesidad de ayuda profesional, sin necesidad de cortar cables ni soldar.<\/li>\n<li><strong>Indicador de velocidad y control de crucero<\/strong>: Funcionan a la perfecci\u00f3n en la versi\u00f3n pre-facelift del veh\u00edculo.<\/li>\n<li><strong>Activaci\u00f3n en movimiento<\/strong>: El dispositivo puede encenderse y apagarse mientras el veh\u00edculo est\u00e1 en movimiento.<\/li>\n<li><strong>Sin rayas en el cuentakil\u00f3metros<\/strong>: A diferencia de otros dispositivos, este m\u00f3dulo garantiza que no aparezcan rayas en el cuentakil\u00f3metros.<\/li>\n<li><strong>No aumenta el kilometraje despu\u00e9s de retirarlo<\/strong>: Una vez retirado el m\u00f3dulo, el kilometraje del veh\u00edculo no aumenta inesperadamente.<\/li>\n<li><strong>Ajustes guardados<\/strong>: Una vez que seleccionas los ajustes, se guardan autom\u00e1ticamente.<\/li>\n<li><strong>Enchufes de primera calidad y cables resistentes al calor<\/strong>: Garantizan longevidad y durabilidad.<\/li>\n<li><strong>M\u00faltiples modos disponibles<\/strong>: El m\u00f3dulo ofrece varios modos para ajustar el kilometraje del veh\u00edculo.<\/li>\n<li><strong>No detectable por<\/strong> los <strong>aparatos<\/strong> de <strong>diagn\u00f3stico<\/strong>: El efecto del m\u00f3dulo no puede ser detectado por los aparatos de diagn\u00f3stico.<\/li>\n<li><strong>Proceso de instalaci\u00f3n sin problemas<\/strong>: El m\u00f3dulo est\u00e1 dise\u00f1ado para facilitar la instalaci\u00f3n, con caras de acoplamiento y rebordes en el conector para garantizar un ajuste adecuado.<\/li>\n<\/ul>\n<h4><strong>Nota importante<\/strong>:<\/h4>\n<ul>\n<li><strong>Compatibilidad de los sistemas de asistencia<\/strong>: Algunos sistemas pueden no funcionar correctamente, especialmente en los modelos facelift:\n<ul>\n<li>El <strong>asistente autom\u00e1tico de luces de<\/strong> carretera no es compatible con los veh\u00edculos con faros multirreflectantes, pero sigue siendo posible el funcionamiento manual de las luces de carretera.<\/li>\n<li>El <strong>sistema de navegaci\u00f3n<\/strong> no es compatible con los modelos facelift.<\/li>\n<li>El <strong>sistema CarPlay<\/strong> funciona, pero la gu\u00eda de ruta no estar\u00e1 disponible.<\/li>\n<\/ul>\n<\/li>\n<\/ul>\n<h4><strong>Activaci\u00f3n y desactivaci\u00f3n<\/strong>:<\/h4>\n<p><span data-sheets-root=\"1\">\u00abActivar\u00bb manteniendo pulsado el \u00abBot\u00f3n de silencio\u00bb durante 10 segundos hasta que se enciendan todas las luces.<\/span><\/p>\n<p><strong>Modo Encendido:<\/strong> se encienden todas las luces y cuenta el 0% de kilometraje. Todo funciona correctamente.<\/p>\n<p><strong>Modo Apagado:<\/strong> Se encienden todas las luces y cuenta el 100% del kilometraje. Todo funciona correctamente\u00bb.<\/p>\n<h4><strong>Modos disponibles<\/strong>:<\/h4>\n<ul>\n<li><strong>Modo 1<\/strong>: El cuentakil\u00f3metros est\u00e1 parado al 100%, sin indicador de velocidad.<\/li>\n<li><strong>Modo 2<\/strong>: S\u00f3lo se registra un porcentaje del kilometraje, y la velocidad se reduce en un factor.<\/li>\n<li><strong>Modo 3<\/strong>: Similar al Modo 2 pero con diferentes ajustes de porcentaje.<\/li>\n<li><strong>Modo 4<\/strong>: el m\u00f3dulo est\u00e1 desactivado y el kilometraje se registra normalmente.<\/li>\n<\/ul>\n<h4><strong>Utilizaci\u00f3n<\/strong>:<\/h4>\n<p>El Bloqueador de Kilometraje Mercedes Clase G W464 se utiliza para detener o alterar el kilometraje del veh\u00edculo, lo que puede ser \u00fatil para comprobar su rendimiento u otros fines. Es compatible con motores di\u00e9sel, gasolina, h\u00edbridos enchufables y veh\u00edculos el\u00e9ctricos. <\/p>\n<p>Ten en cuenta que <strong>las herramientas de correcci\u00f3n del kilometraje<\/strong> no se venden para Mercedes Clase G W464, ya que se suelen utilizar para enga\u00f1ar haciendo retroceder el kilometraje, lo que no es eficaz debido a las m\u00faltiples unidades de almacenamiento de datos de los veh\u00edculos modernos.<\/p>\n<p>El <strong>m\u00f3dulo puede activarse o desactivarse<\/strong> en cualquier momento, tanto con el coche en movimiento como parado.<\/p>\n<\/div>\n<\/div>\n<\/div>\n<\/div>\n","protected":false},"excerpt":{"rendered":"<div class=\"flex max-w-full flex-col flex-grow\">\n<div class=\"min-h-8 text-message flex w-full flex-col items-end gap-2 whitespace-normal break-words [.text-message+&amp;]:mt-5\" dir=\"auto\" data-message-author-role=\"assistant\" data-message-id=\"a441b426-36fd-46d5-8aba-1f7451c77ece\" data-message-model-slug=\"gpt-4o\">\n<div class=\"flex w-full flex-col gap-1 empty:hidden first:pt-[3px]\">\n<div class=\"markdown prose w-full break-words dark:prose-invert light\">\n<div class=\"flex max-w-full flex-col flex-grow\">\n<div class=\"min-h-8 text-message flex w-full flex-col items-end gap-2 whitespace-normal break-words [.text-message+&amp;]:mt-5\" dir=\"auto\" data-message-author-role=\"assistant\" data-message-id=\"a441b426-36fd-46d5-8aba-1f7451c77ece\" data-message-model-slug=\"gpt-4o\">\n<div class=\"flex w-full flex-col gap-1 empty:hidden first:pt-[3px]\">\n<div class=\"markdown prose w-full break-words dark:prose-invert light\">\n<h3><strong>BLOQUEADOR DE KILOMETRAJE PARA MERCEDES CLASE G W464 (PUBLICADO DESDE 2018)<\/strong><\/h3>\n<p>Este <strong>bloqueador de cuentakil\u00f3metros para Mercedes Clase G W464<\/strong> est\u00e1 dise\u00f1ado para su uso en <strong>modelos lanzados a partir de 2018<\/strong>. Se le conoce por varios nombres, como Bloqueador de cuentakil\u00f3metros, Tap\u00f3n de cuentakil\u00f3metros y Filtro de latas. <\/p>\n<p>Apto para modelos desde 2018: Este dispositivo es compatible espec\u00edficamente con los veh\u00edculos Mercedes Clase G W464 que salieron al mercado a partir de 2018. El m\u00f3dulo est\u00e1 dise\u00f1ado para utilizarse con un solo veh\u00edculo, ya que almacena el n\u00famero de chasis interno del veh\u00edculo. Es f\u00e1cil de instalar sin ayuda profesional, sin necesidad de cortar ni soldar cables. En las versiones pre-facelift del veh\u00edculo, el indicador de velocidad y el control de crucero funcionan perfectamente. El m\u00f3dulo viene con enchufes de alta calidad y cables resistentes al calor, lo que garantiza su durabilidad y un rendimiento duradero. El veloc\u00edmetro no funciona en las versiones facelift de la Clase G W464. Despu\u00e9s de la instalaci\u00f3n, los cambios realizados por el m\u00f3dulo no son localizables por los comprobadores de diagn\u00f3stico.      <\/p>\n<p><strong>Notas importantes:<\/strong> El m\u00f3dulo s\u00f3lo se puede utilizar en un veh\u00edculo porque est\u00e1 programado con el n\u00famero de bastidor exclusivo del veh\u00edculo. El veloc\u00edmetro no funciona correctamente en la versi\u00f3n facelift de la Clase G W464. Tras la instalaci\u00f3n, el kilometraje no aumentar\u00e1 autom\u00e1ticamente una vez retirado el m\u00f3dulo, y se guardar\u00e1n los ajustes. Este m\u00f3dulo proporciona una soluci\u00f3n eficaz para alterar el kilometraje en los veh\u00edculos de la Clase G W464, ya sea para pruebas de rendimiento u otros usos leg\u00edtimos.   <\/p>\n<p class=\"p1\"><b> \u2705 Integraci\u00f3n perfecta<\/b><b><\/b><\/p>\n<p class=\"p1\">\u2705<b> F\u00e1cil instalaci\u00f3n<\/b><b><\/b><\/p>\n<p class=\"p1\">\u2705<b> Gesti\u00f3n precisa del kilometraje<\/b><b><\/b><\/p>\n<p class=\"p1\"><b> \u2705 Funcionamiento en modo oculto<\/b><b><\/b><\/p>\n<p class=\"p1\"><span class=\"s1\">\u2705<\/span><b> Soporte y actualizaciones de por vida<\/b><\/p>\n<\/div>\n<\/div>\n<\/div>\n<\/div>\n<\/div>\n<\/div>\n<\/div>\n<\/div>\n","protected":false},"featured_media":1086,"comment_status":"open","ping_status":"closed","template":"","meta":[],"product_brand":[],"product_cat":[931],"product_tag":[],"class_list":{"0":"post-8816","1":"product","2":"type-product","3":"status-publish","4":"has-post-thumbnail","6":"product_cat-mercedes","8":"first","9":"instock","10":"taxable","11":"shipping-taxable","12":"purchasable","13":"product-type-variable"},"yoast_head":"<!-- This site is optimized with the Yoast SEO plugin v27.5 - https:\/\/yoast.com\/product\/yoast-seo-wordpress\/ -->\n<title>Mercedes G CLASS (G Wagon) W463 Mileage Blocker (KM stopper) \u2192 KM Block<\/title>\n<meta name=\"description\" content=\"Buy a Mercedes G CLASS (G Wagon) W463 Mileage Blocker for the Best Prices \u2713 Free Shipping \u2713 Incl. Installation Guides\" \/>\n<meta name=\"robots\" content=\"index, follow, max-snippet:-1, max-image-preview:large, max-video-preview:-1\" \/>\n<meta property=\"og:locale\" content=\"es_ES\" \/>\n<meta property=\"og:type\" content=\"article\" \/>\n<meta property=\"og:title\" content=\"Mercedes G CLASS (G Wagon) W463 Mileage Blocker (KM stopper) \u2192 KM Block\" \/>\n<meta property=\"og:description\" content=\"Buy a Mercedes G CLASS (G Wagon) W463 Mileage Blocker for the Best Prices \u2713 Free Shipping \u2713 Incl. Installation Guides\" \/>\n<meta property=\"og:url\" content=\"https:\/\/kmblock.com\/es\/product\/mercedes-g-class-g-wagon-w463\/\" \/>\n<meta property=\"og:site_name\" content=\"KM Block\" \/>\n<meta property=\"article:modified_time\" content=\"2025-11-26T01:32:25+00:00\" \/>\n<meta property=\"og:image\" content=\"https:\/\/kmblock.com\/wp-content\/uploads\/2024\/11\/gwagon-600x491-1.jpg\" \/>\n\t<meta property=\"og:image:width\" content=\"600\" \/>\n\t<meta property=\"og:image:height\" content=\"491\" \/>\n\t<meta property=\"og:image:type\" content=\"image\/jpeg\" \/>\n<meta name=\"twitter:card\" content=\"summary_large_image\" \/>\n<meta name=\"twitter:label1\" content=\"Tiempo de lectura\" \/>\n\t<meta name=\"twitter:data1\" content=\"3 minutos\" \/>\n<script type=\"application\/ld+json\" class=\"yoast-schema-graph\">{\"@context\":\"https:\\\/\\\/schema.org\",\"@graph\":[{\"@type\":\"WebPage\",\"@id\":\"https:\\\/\\\/kmblock.com\\\/es\\\/product\\\/mercedes-g-class-g-wagon-w463\\\/\",\"url\":\"https:\\\/\\\/kmblock.com\\\/es\\\/product\\\/mercedes-g-class-g-wagon-w463\\\/\",\"name\":\"Mercedes G CLASS (G Wagon) W463 Mileage Blocker (KM stopper) \u2192 KM Block\",\"isPartOf\":{\"@id\":\"https:\\\/\\\/kmblock.com\\\/es\\\/#website\"},\"primaryImageOfPage\":{\"@id\":\"https:\\\/\\\/kmblock.com\\\/es\\\/product\\\/mercedes-g-class-g-wagon-w463\\\/#primaryimage\"},\"image\":{\"@id\":\"https:\\\/\\\/kmblock.com\\\/es\\\/product\\\/mercedes-g-class-g-wagon-w463\\\/#primaryimage\"},\"thumbnailUrl\":\"https:\\\/\\\/kmblock.com\\\/wp-content\\\/uploads\\\/2024\\\/11\\\/gwagon-600x491-1.jpg\",\"datePublished\":\"2024-11-17T09:53:55+00:00\",\"dateModified\":\"2025-11-26T01:32:25+00:00\",\"description\":\"Buy a Mercedes G CLASS (G Wagon) W463 Mileage Blocker for the Best Prices \u2713 Free Shipping \u2713 Incl. Installation Guides\",\"breadcrumb\":{\"@id\":\"https:\\\/\\\/kmblock.com\\\/es\\\/product\\\/mercedes-g-class-g-wagon-w463\\\/#breadcrumb\"},\"inLanguage\":\"es\",\"potentialAction\":[{\"@type\":\"ReadAction\",\"target\":[\"https:\\\/\\\/kmblock.com\\\/es\\\/product\\\/mercedes-g-class-g-wagon-w463\\\/\"]}]},{\"@type\":\"ImageObject\",\"inLanguage\":\"es\",\"@id\":\"https:\\\/\\\/kmblock.com\\\/es\\\/product\\\/mercedes-g-class-g-wagon-w463\\\/#primaryimage\",\"url\":\"https:\\\/\\\/kmblock.com\\\/wp-content\\\/uploads\\\/2024\\\/11\\\/gwagon-600x491-1.jpg\",\"contentUrl\":\"https:\\\/\\\/kmblock.com\\\/wp-content\\\/uploads\\\/2024\\\/11\\\/gwagon-600x491-1.jpg\",\"width\":600,\"height\":491},{\"@type\":\"BreadcrumbList\",\"@id\":\"https:\\\/\\\/kmblock.com\\\/es\\\/product\\\/mercedes-g-class-g-wagon-w463\\\/#breadcrumb\",\"itemListElement\":[{\"@type\":\"ListItem\",\"position\":1,\"name\":\"Inicio\",\"item\":\"https:\\\/\\\/kmblock.com\\\/es\\\/\"},{\"@type\":\"ListItem\",\"position\":2,\"name\":\"Productos\",\"item\":\"https:\\\/\\\/kmblock.com\\\/es\\\/shop\\\/\"},{\"@type\":\"ListItem\",\"position\":3,\"name\":\"Mercedes G CLASS (G Wagon) W463\"}]},{\"@type\":\"WebSite\",\"@id\":\"https:\\\/\\\/kmblock.com\\\/es\\\/#website\",\"url\":\"https:\\\/\\\/kmblock.com\\\/es\\\/\",\"name\":\"KM Block\",\"description\":\"\",\"publisher\":{\"@id\":\"https:\\\/\\\/kmblock.com\\\/es\\\/#organization\"},\"potentialAction\":[{\"@type\":\"SearchAction\",\"target\":{\"@type\":\"EntryPoint\",\"urlTemplate\":\"https:\\\/\\\/kmblock.com\\\/es\\\/?s={search_term_string}\"},\"query-input\":{\"@type\":\"PropertyValueSpecification\",\"valueRequired\":true,\"valueName\":\"search_term_string\"}}],\"inLanguage\":\"es\"},{\"@type\":\"Organization\",\"@id\":\"https:\\\/\\\/kmblock.com\\\/es\\\/#organization\",\"name\":\"Bloque KM\",\"url\":\"https:\\\/\\\/kmblock.com\\\/es\\\/\",\"logo\":{\"@type\":\"ImageObject\",\"inLanguage\":\"es\",\"@id\":\"https:\\\/\\\/kmblock.com\\\/es\\\/#\\\/schema\\\/logo\\\/image\\\/\",\"url\":\"https:\\\/\\\/kmblock.com\\\/wp-content\\\/uploads\\\/2024\\\/08\\\/main-logo.png\",\"contentUrl\":\"https:\\\/\\\/kmblock.com\\\/wp-content\\\/uploads\\\/2024\\\/08\\\/main-logo.png\",\"width\":186,\"height\":28,\"caption\":\"Bloque KM\"},\"image\":{\"@id\":\"https:\\\/\\\/kmblock.com\\\/es\\\/#\\\/schema\\\/logo\\\/image\\\/\"}}]}<\/script>\n<!-- \/ Yoast SEO plugin. -->","yoast_head_json":{"title":"Mercedes G CLASS (G Wagon) W463 Mileage Blocker (KM stopper) \u2192 KM Block","description":"Buy a Mercedes G CLASS (G Wagon) W463 Mileage Blocker for the Best Prices \u2713 Free Shipping \u2713 Incl. Installation Guides","robots":{"index":"index","follow":"follow","max-snippet":"max-snippet:-1","max-image-preview":"max-image-preview:large","max-video-preview":"max-video-preview:-1"},"og_locale":"es_ES","og_type":"article","og_title":"Mercedes G CLASS (G Wagon) W463 Mileage Blocker (KM stopper) \u2192 KM Block","og_description":"Buy a Mercedes G CLASS (G Wagon) W463 Mileage Blocker for the Best Prices \u2713 Free Shipping \u2713 Incl. Installation Guides","og_url":"https:\/\/kmblock.com\/es\/product\/mercedes-g-class-g-wagon-w463\/","og_site_name":"KM Block","article_modified_time":"2025-11-26T01:32:25+00:00","og_image":[{"width":600,"height":491,"url":"https:\/\/kmblock.com\/wp-content\/uploads\/2024\/11\/gwagon-600x491-1.jpg","type":"image\/jpeg"}],"twitter_card":"summary_large_image","twitter_misc":{"Tiempo de lectura":"3 minutos"},"schema":{"@context":"https:\/\/schema.org","@graph":[{"@type":"WebPage","@id":"https:\/\/kmblock.com\/es\/product\/mercedes-g-class-g-wagon-w463\/","url":"https:\/\/kmblock.com\/es\/product\/mercedes-g-class-g-wagon-w463\/","name":"Mercedes G CLASS (G Wagon) W463 Mileage Blocker (KM stopper) \u2192 KM Block","isPartOf":{"@id":"https:\/\/kmblock.com\/es\/#website"},"primaryImageOfPage":{"@id":"https:\/\/kmblock.com\/es\/product\/mercedes-g-class-g-wagon-w463\/#primaryimage"},"image":{"@id":"https:\/\/kmblock.com\/es\/product\/mercedes-g-class-g-wagon-w463\/#primaryimage"},"thumbnailUrl":"https:\/\/kmblock.com\/wp-content\/uploads\/2024\/11\/gwagon-600x491-1.jpg","datePublished":"2024-11-17T09:53:55+00:00","dateModified":"2025-11-26T01:32:25+00:00","description":"Buy a Mercedes G CLASS (G Wagon) W463 Mileage Blocker for the Best Prices \u2713 Free Shipping \u2713 Incl. Installation Guides","breadcrumb":{"@id":"https:\/\/kmblock.com\/es\/product\/mercedes-g-class-g-wagon-w463\/#breadcrumb"},"inLanguage":"es","potentialAction":[{"@type":"ReadAction","target":["https:\/\/kmblock.com\/es\/product\/mercedes-g-class-g-wagon-w463\/"]}]},{"@type":"ImageObject","inLanguage":"es","@id":"https:\/\/kmblock.com\/es\/product\/mercedes-g-class-g-wagon-w463\/#primaryimage","url":"https:\/\/kmblock.com\/wp-content\/uploads\/2024\/11\/gwagon-600x491-1.jpg","contentUrl":"https:\/\/kmblock.com\/wp-content\/uploads\/2024\/11\/gwagon-600x491-1.jpg","width":600,"height":491},{"@type":"BreadcrumbList","@id":"https:\/\/kmblock.com\/es\/product\/mercedes-g-class-g-wagon-w463\/#breadcrumb","itemListElement":[{"@type":"ListItem","position":1,"name":"Inicio","item":"https:\/\/kmblock.com\/es\/"},{"@type":"ListItem","position":2,"name":"Productos","item":"https:\/\/kmblock.com\/es\/shop\/"},{"@type":"ListItem","position":3,"name":"Mercedes G CLASS (G Wagon) W463"}]},{"@type":"WebSite","@id":"https:\/\/kmblock.com\/es\/#website","url":"https:\/\/kmblock.com\/es\/","name":"KM Block","description":"","publisher":{"@id":"https:\/\/kmblock.com\/es\/#organization"},"potentialAction":[{"@type":"SearchAction","target":{"@type":"EntryPoint","urlTemplate":"https:\/\/kmblock.com\/es\/?s={search_term_string}"},"query-input":{"@type":"PropertyValueSpecification","valueRequired":true,"valueName":"search_term_string"}}],"inLanguage":"es"},{"@type":"Organization","@id":"https:\/\/kmblock.com\/es\/#organization","name":"Bloque KM","url":"https:\/\/kmblock.com\/es\/","logo":{"@type":"ImageObject","inLanguage":"es","@id":"https:\/\/kmblock.com\/es\/#\/schema\/logo\/image\/","url":"https:\/\/kmblock.com\/wp-content\/uploads\/2024\/08\/main-logo.png","contentUrl":"https:\/\/kmblock.com\/wp-content\/uploads\/2024\/08\/main-logo.png","width":186,"height":28,"caption":"Bloque KM"},"image":{"@id":"https:\/\/kmblock.com\/es\/#\/schema\/logo\/image\/"}}]}},"_links":{"self":[{"href":"https:\/\/kmblock.com\/es\/wp-json\/wp\/v2\/product\/8816","targetHints":{"allow":["GET"]}}],"collection":[{"href":"https:\/\/kmblock.com\/es\/wp-json\/wp\/v2\/product"}],"about":[{"href":"https:\/\/kmblock.com\/es\/wp-json\/wp\/v2\/types\/product"}],"replies":[{"embeddable":true,"href":"https:\/\/kmblock.com\/es\/wp-json\/wp\/v2\/comments?post=8816"}],"wp:featuredmedia":[{"embeddable":true,"href":"https:\/\/kmblock.com\/es\/wp-json\/wp\/v2\/media\/1086"}],"wp:attachment":[{"href":"https:\/\/kmblock.com\/es\/wp-json\/wp\/v2\/media?parent=8816"}],"wp:term":[{"taxonomy":"product_brand","embeddable":true,"href":"https:\/\/kmblock.com\/es\/wp-json\/wp\/v2\/product_brand?post=8816"},{"taxonomy":"product_cat","embeddable":true,"href":"https:\/\/kmblock.com\/es\/wp-json\/wp\/v2\/product_cat?post=8816"},{"taxonomy":"product_tag","embeddable":true,"href":"https:\/\/kmblock.com\/es\/wp-json\/wp\/v2\/product_tag?post=8816"}],"curies":[{"name":"wp","href":"https:\/\/api.w.org\/{rel}","templated":true}]}}