{"id":8815,"date":"2025-01-01T09:15:48","date_gmt":"2025-01-01T09:15:48","guid":{"rendered":"https:\/\/kmblock.com\/product\/mercedes-clase-c-w205-v205-s205-c205-a205\/"},"modified":"2025-11-26T01:32:19","modified_gmt":"2025-11-26T01:32:19","slug":"mercedes-clase-c-w205-v205-s205-c205-a205","status":"publish","type":"product","link":"https:\/\/kmblock.com\/es\/product\/mercedes-clase-c-w205-v205-s205-c205-a205\/","title":{"rendered":"Mercedes Clase C W205\/V205\/S205\/C205\/A205"},"content":{"rendered":"<h3><strong>BLOQUEADOR DE KILOMETRAJE PARA Mercedes Clase C W205\/V205\/S205\/C205\/A205<\/strong><\/h3>\n<p>El bloqueador de kilometraje del Mercedes Clase C W205\/V205\/S205\/C205\/A205 es un dispositivo dise\u00f1ado para alterar o detener el kilometraje del veh\u00edculo, y a menudo se denomina:<\/p>\n<ul>\n<li>Bloqueador de cuentakil\u00f3metros<\/li>\n<li>Tope del cuentakil\u00f3metros<\/li>\n<li>Bloqueador de latas<\/li>\n<li>Tope de kilometraje<\/li>\n<li>Cuentakil\u00f3metros parcial<\/li>\n<li>Filtro de latas<\/li>\n<li>Herramienta de correcci\u00f3n de kilometraje (Nota: No vendemos herramientas destinadas a fines deshonestos, como anular el kilometraje)<\/li>\n<\/ul>\n<p>Este dispositivo es <strong>apto para todos los modelos Mercedes Clase C W205\/V205\/S205\/C205\/A205<\/strong> comercializados entre <strong>2014 y 2019<\/strong>. Es ideal para comprobar el rendimiento del veh\u00edculo sin dejar huellas detectables en los sistemas del veh\u00edculo. <\/p>\n<h4><strong>Caracter\u00edsticas principales:<\/strong><\/h4>\n<ul>\n<li><strong>Instalaci\u00f3n \u00abhazlo t\u00fa mismo\u00bb (DIY<\/strong>): No necesitas instalaci\u00f3n profesional; configuraci\u00f3n sencilla que no requiere cortar ni soldar cables.<\/li>\n<li><strong>Rendimiento imposible de rastrear<\/strong>: El aparato no deja ning\u00fan rastro detectable, y los comprobadores de diagn\u00f3stico no pueden descubrir las alteraciones kilom\u00e9tricas.<\/li>\n<li><strong>Activaci\u00f3n en movimiento<\/strong>: Puede activarse o desactivarse mientras el veh\u00edculo est\u00e1 en movimiento.<\/li>\n<li><strong>Componentes de calidad superior<\/strong>: Viene con enchufes de primera calidad y cables resistentes al calor.<\/li>\n<li><strong>Sin mensajes de error<\/strong>: No hay mensajes de error ni problemas en el veloc\u00edmetro ni en el panel de navegaci\u00f3n despu\u00e9s de la instalaci\u00f3n.<\/li>\n<li>M\u00faltiples <strong>modos para mayor flexibilidad<\/strong>: El dispositivo ofrece m\u00faltiples modos, con diferentes niveles de kilometraje y ajustes de velocidad.<\/li>\n<li><strong>Ajustes conservados<\/strong>: Despu\u00e9s de seleccionar los ajustes, se guardan incondicionalmente, por lo que no necesitas reconfigurarlos cada vez.<\/li>\n<\/ul>\n<h4><strong>Activaci\u00f3n y desactivaci\u00f3n:<\/strong><\/h4>\n<p><span data-sheets-root=\"1\">\u00abActivar\u00bb manteniendo pulsado el \u00abbot\u00f3n de retorno\u00bb durante 10 segundos hasta que se enciendan todas las luces.<\/p>\n<p><strong>Modo Encendido:<\/strong> se encienden todas las luces y cuenta el 0% de kilometraje. Todo funciona correctamente.<\/p>\n<p><strong>Modo Apagado:<\/strong> Se encienden todas las luces y cuenta el 100% del kilometraje. Todo funciona correctamente\u00bb.<\/span><\/p>\n<h4><strong>Calibraci\u00f3n:<\/strong><\/h4>\n<p>Si el veloc\u00edmetro es inexacto, se puede calibrar:<\/p>\n<ol>\n<li>Pulsa la tecla <strong>RETURN<\/strong> 10 veces cuando el m\u00f3dulo est\u00e9 encendido.<\/li>\n<li>Conduce a 60 km\/h (o 60 mph), y ajusta la velocidad con las teclas de flecha arriba y abajo.<\/li>\n<li>Cuando la velocidad sea correcta, pulsa el bot\u00f3n <strong>OK<\/strong> hasta que aparezca la confirmaci\u00f3n (el veloc\u00edmetro baja a 0 o suena un pitido).<\/li>\n<li>Pulsa 12 veces la tecla <strong>RETURN<\/strong> para salir del calibrado.<\/li>\n<\/ol>\n<p>El Bloqueador de Kilometraje Mercedes Clase C W205\/V205\/S205\/C205\/A205 siempre conserva los \u00faltimos ajustes aplicados, por lo que no es necesario ajustarlos antes de arrancar el coche.<\/p>\n<h4><strong>Notas:<\/strong><\/h4>\n<ul>\n<li>Esta herramienta funciona eficazmente en veh\u00edculos di\u00e9sel, de gasolina, h\u00edbridos y el\u00e9ctricos.<\/li>\n<li>Est\u00e1 destinado a pruebas de rendimiento del veh\u00edculo y no tiene fines fraudulentos.<\/li>\n<li>No vendemos herramientas para la reversi\u00f3n del kilometraje, ya que los coches modernos tienen m\u00faltiples unidades de almacenamiento de datos que impiden la reversi\u00f3n completa.<\/li>\n<\/ul>\n<p>Instalando el <strong>Bloqueador de Kilometraje Mercedes Clase C<\/strong>, puedes alterar o detener f\u00e1cilmente el kilometraje con fines de prueba, manteniendo el control total sobre los sistemas del veh\u00edculo.<\/p>\n","protected":false},"excerpt":{"rendered":"<div class=\"flex max-w-full flex-col flex-grow\">\n<div class=\"min-h-8 text-message flex w-full flex-col items-end gap-2 whitespace-normal break-words [.text-message+&amp;]:mt-5\" dir=\"auto\" data-message-author-role=\"assistant\" data-message-id=\"a441b426-36fd-46d5-8aba-1f7451c77ece\" data-message-model-slug=\"gpt-4o\">\n<div class=\"flex w-full flex-col gap-1 empty:hidden first:pt-[3px]\">\n<div class=\"markdown prose w-full break-words dark:prose-invert light\">\n<h3><strong>BLOQUEADOR DE KILOMETRAJE PARA MERCEDES CLASE C W205\/V205\/S205\/C205\/A205<\/strong><\/h3>\n<p>Antes de hacer un pedido, revisa detenidamente el proceso de activaci\u00f3n del m\u00f3dulo y las caracter\u00edsticas principales:<\/p>\n<p><strong>Apto para todos los modelos Mercedes Clase C W205\/V205\/S205\/C205\/A205<\/strong> comercializados entre <strong>2014 y 2019<\/strong>. No requiere instalaci\u00f3n profesional. El dispositivo se instala f\u00e1cilmente, sin cortar ni soldar ning\u00fan cable. El m\u00f3dulo no deja rastro de modificaci\u00f3n, por lo que es indetectable por las herramientas de diagn\u00f3stico. Puedes encender o apagar el dispositivo mientras conduces. Garantiza la durabilidad y la seguridad de las conexiones. Tras la instalaci\u00f3n, el veloc\u00edmetro y los programas de asistencia al veh\u00edculo funcionan como se espera, sin errores.      <\/p>\n<p><strong>\u2705 Integraci\u00f3n perfecta<\/strong><\/p>\n<p><strong>\u2705 F\u00e1cil instalaci\u00f3n<\/strong><\/p>\n<p><strong>\u2705 Gesti\u00f3n precisa del kilometraje<\/strong><\/p>\n<p><strong>\u2705 Funcionamiento en modo oculto<\/strong><\/p>\n<p><strong>Soporte y actualizaciones de por vida<\/strong><\/p>\n<\/div>\n<\/div>\n<\/div>\n<\/div>\n","protected":false},"featured_media":2956,"comment_status":"open","ping_status":"closed","template":"","meta":[],"product_brand":[],"product_cat":[931],"product_tag":[],"class_list":{"0":"post-8815","1":"product","2":"type-product","3":"status-publish","4":"has-post-thumbnail","6":"product_cat-mercedes","8":"first","9":"instock","10":"taxable","11":"shipping-taxable","12":"purchasable","13":"product-type-variable"},"yoast_head":"<!-- This site is optimized with the Yoast SEO plugin v27.5 - https:\/\/yoast.com\/product\/yoast-seo-wordpress\/ -->\n<title>Mercedes Clase C W205\/V205\/S205\/C205\/A205 Mileage Blocker (KM stopper) \u2192 KM Block<\/title>\n<meta name=\"description\" content=\"Buy a Mercedes Clase C W205\/V205\/S205\/C205\/A205 Mileage Blocker for the Best Prices \u2713 Free Shipping \u2713 Incl. Installation Guides\" \/>\n<meta name=\"robots\" content=\"index, follow, max-snippet:-1, max-image-preview:large, max-video-preview:-1\" \/>\n<meta property=\"og:locale\" content=\"es_ES\" \/>\n<meta property=\"og:type\" content=\"article\" \/>\n<meta property=\"og:title\" content=\"Mercedes Clase C W205\/V205\/S205\/C205\/A205 Mileage Blocker (KM stopper) \u2192 KM Block\" \/>\n<meta property=\"og:description\" content=\"Buy a Mercedes Clase C W205\/V205\/S205\/C205\/A205 Mileage Blocker for the Best Prices \u2713 Free Shipping \u2713 Incl. Installation Guides\" \/>\n<meta property=\"og:url\" content=\"https:\/\/kmblock.com\/es\/product\/mercedes-clase-c-w205-v205-s205-c205-a205\/\" \/>\n<meta property=\"og:site_name\" content=\"KM Block\" \/>\n<meta property=\"article:modified_time\" content=\"2025-11-26T01:32:19+00:00\" \/>\n<meta property=\"og:image\" content=\"https:\/\/kmblock.com\/wp-content\/uploads\/2025\/01\/cclass.png\" \/>\n\t<meta property=\"og:image:width\" content=\"600\" \/>\n\t<meta property=\"og:image:height\" content=\"600\" \/>\n\t<meta property=\"og:image:type\" content=\"image\/png\" \/>\n<meta name=\"twitter:card\" content=\"summary_large_image\" \/>\n<meta name=\"twitter:label1\" content=\"Tiempo de lectura\" \/>\n\t<meta name=\"twitter:data1\" content=\"3 minutos\" \/>\n<script type=\"application\/ld+json\" class=\"yoast-schema-graph\">{\"@context\":\"https:\\\/\\\/schema.org\",\"@graph\":[{\"@type\":\"WebPage\",\"@id\":\"https:\\\/\\\/kmblock.com\\\/es\\\/product\\\/mercedes-clase-c-w205-v205-s205-c205-a205\\\/\",\"url\":\"https:\\\/\\\/kmblock.com\\\/es\\\/product\\\/mercedes-clase-c-w205-v205-s205-c205-a205\\\/\",\"name\":\"Mercedes Clase C W205\\\/V205\\\/S205\\\/C205\\\/A205 Mileage Blocker (KM stopper) \u2192 KM Block\",\"isPartOf\":{\"@id\":\"https:\\\/\\\/kmblock.com\\\/es\\\/#website\"},\"primaryImageOfPage\":{\"@id\":\"https:\\\/\\\/kmblock.com\\\/es\\\/product\\\/mercedes-clase-c-w205-v205-s205-c205-a205\\\/#primaryimage\"},\"image\":{\"@id\":\"https:\\\/\\\/kmblock.com\\\/es\\\/product\\\/mercedes-clase-c-w205-v205-s205-c205-a205\\\/#primaryimage\"},\"thumbnailUrl\":\"https:\\\/\\\/kmblock.com\\\/wp-content\\\/uploads\\\/2025\\\/01\\\/cclass.png\",\"datePublished\":\"2025-01-01T09:15:48+00:00\",\"dateModified\":\"2025-11-26T01:32:19+00:00\",\"description\":\"Buy a Mercedes Clase C W205\\\/V205\\\/S205\\\/C205\\\/A205 Mileage Blocker for the Best Prices \u2713 Free Shipping \u2713 Incl. Installation Guides\",\"breadcrumb\":{\"@id\":\"https:\\\/\\\/kmblock.com\\\/es\\\/product\\\/mercedes-clase-c-w205-v205-s205-c205-a205\\\/#breadcrumb\"},\"inLanguage\":\"es\",\"potentialAction\":[{\"@type\":\"ReadAction\",\"target\":[\"https:\\\/\\\/kmblock.com\\\/es\\\/product\\\/mercedes-clase-c-w205-v205-s205-c205-a205\\\/\"]}]},{\"@type\":\"ImageObject\",\"inLanguage\":\"es\",\"@id\":\"https:\\\/\\\/kmblock.com\\\/es\\\/product\\\/mercedes-clase-c-w205-v205-s205-c205-a205\\\/#primaryimage\",\"url\":\"https:\\\/\\\/kmblock.com\\\/wp-content\\\/uploads\\\/2025\\\/01\\\/cclass.png\",\"contentUrl\":\"https:\\\/\\\/kmblock.com\\\/wp-content\\\/uploads\\\/2025\\\/01\\\/cclass.png\",\"width\":600,\"height\":600},{\"@type\":\"BreadcrumbList\",\"@id\":\"https:\\\/\\\/kmblock.com\\\/es\\\/product\\\/mercedes-clase-c-w205-v205-s205-c205-a205\\\/#breadcrumb\",\"itemListElement\":[{\"@type\":\"ListItem\",\"position\":1,\"name\":\"Inicio\",\"item\":\"https:\\\/\\\/kmblock.com\\\/es\\\/\"},{\"@type\":\"ListItem\",\"position\":2,\"name\":\"Productos\",\"item\":\"https:\\\/\\\/kmblock.com\\\/es\\\/shop\\\/\"},{\"@type\":\"ListItem\",\"position\":3,\"name\":\"Mercedes Clase C W205\\\/V205\\\/S205\\\/C205\\\/A205\"}]},{\"@type\":\"WebSite\",\"@id\":\"https:\\\/\\\/kmblock.com\\\/es\\\/#website\",\"url\":\"https:\\\/\\\/kmblock.com\\\/es\\\/\",\"name\":\"KM Block\",\"description\":\"\",\"publisher\":{\"@id\":\"https:\\\/\\\/kmblock.com\\\/es\\\/#organization\"},\"potentialAction\":[{\"@type\":\"SearchAction\",\"target\":{\"@type\":\"EntryPoint\",\"urlTemplate\":\"https:\\\/\\\/kmblock.com\\\/es\\\/?s={search_term_string}\"},\"query-input\":{\"@type\":\"PropertyValueSpecification\",\"valueRequired\":true,\"valueName\":\"search_term_string\"}}],\"inLanguage\":\"es\"},{\"@type\":\"Organization\",\"@id\":\"https:\\\/\\\/kmblock.com\\\/es\\\/#organization\",\"name\":\"Bloque KM\",\"url\":\"https:\\\/\\\/kmblock.com\\\/es\\\/\",\"logo\":{\"@type\":\"ImageObject\",\"inLanguage\":\"es\",\"@id\":\"https:\\\/\\\/kmblock.com\\\/es\\\/#\\\/schema\\\/logo\\\/image\\\/\",\"url\":\"https:\\\/\\\/kmblock.com\\\/wp-content\\\/uploads\\\/2024\\\/08\\\/main-logo.png\",\"contentUrl\":\"https:\\\/\\\/kmblock.com\\\/wp-content\\\/uploads\\\/2024\\\/08\\\/main-logo.png\",\"width\":186,\"height\":28,\"caption\":\"Bloque KM\"},\"image\":{\"@id\":\"https:\\\/\\\/kmblock.com\\\/es\\\/#\\\/schema\\\/logo\\\/image\\\/\"}}]}<\/script>\n<!-- \/ Yoast SEO plugin. -->","yoast_head_json":{"title":"Mercedes Clase C W205\/V205\/S205\/C205\/A205 Mileage Blocker (KM stopper) \u2192 KM Block","description":"Buy a Mercedes Clase C W205\/V205\/S205\/C205\/A205 Mileage Blocker for the Best Prices \u2713 Free Shipping \u2713 Incl. Installation Guides","robots":{"index":"index","follow":"follow","max-snippet":"max-snippet:-1","max-image-preview":"max-image-preview:large","max-video-preview":"max-video-preview:-1"},"og_locale":"es_ES","og_type":"article","og_title":"Mercedes Clase C W205\/V205\/S205\/C205\/A205 Mileage Blocker (KM stopper) \u2192 KM Block","og_description":"Buy a Mercedes Clase C W205\/V205\/S205\/C205\/A205 Mileage Blocker for the Best Prices \u2713 Free Shipping \u2713 Incl. Installation Guides","og_url":"https:\/\/kmblock.com\/es\/product\/mercedes-clase-c-w205-v205-s205-c205-a205\/","og_site_name":"KM Block","article_modified_time":"2025-11-26T01:32:19+00:00","og_image":[{"width":600,"height":600,"url":"https:\/\/kmblock.com\/wp-content\/uploads\/2025\/01\/cclass.png","type":"image\/png"}],"twitter_card":"summary_large_image","twitter_misc":{"Tiempo de lectura":"3 minutos"},"schema":{"@context":"https:\/\/schema.org","@graph":[{"@type":"WebPage","@id":"https:\/\/kmblock.com\/es\/product\/mercedes-clase-c-w205-v205-s205-c205-a205\/","url":"https:\/\/kmblock.com\/es\/product\/mercedes-clase-c-w205-v205-s205-c205-a205\/","name":"Mercedes Clase C W205\/V205\/S205\/C205\/A205 Mileage Blocker (KM stopper) \u2192 KM Block","isPartOf":{"@id":"https:\/\/kmblock.com\/es\/#website"},"primaryImageOfPage":{"@id":"https:\/\/kmblock.com\/es\/product\/mercedes-clase-c-w205-v205-s205-c205-a205\/#primaryimage"},"image":{"@id":"https:\/\/kmblock.com\/es\/product\/mercedes-clase-c-w205-v205-s205-c205-a205\/#primaryimage"},"thumbnailUrl":"https:\/\/kmblock.com\/wp-content\/uploads\/2025\/01\/cclass.png","datePublished":"2025-01-01T09:15:48+00:00","dateModified":"2025-11-26T01:32:19+00:00","description":"Buy a Mercedes Clase C W205\/V205\/S205\/C205\/A205 Mileage Blocker for the Best Prices \u2713 Free Shipping \u2713 Incl. Installation Guides","breadcrumb":{"@id":"https:\/\/kmblock.com\/es\/product\/mercedes-clase-c-w205-v205-s205-c205-a205\/#breadcrumb"},"inLanguage":"es","potentialAction":[{"@type":"ReadAction","target":["https:\/\/kmblock.com\/es\/product\/mercedes-clase-c-w205-v205-s205-c205-a205\/"]}]},{"@type":"ImageObject","inLanguage":"es","@id":"https:\/\/kmblock.com\/es\/product\/mercedes-clase-c-w205-v205-s205-c205-a205\/#primaryimage","url":"https:\/\/kmblock.com\/wp-content\/uploads\/2025\/01\/cclass.png","contentUrl":"https:\/\/kmblock.com\/wp-content\/uploads\/2025\/01\/cclass.png","width":600,"height":600},{"@type":"BreadcrumbList","@id":"https:\/\/kmblock.com\/es\/product\/mercedes-clase-c-w205-v205-s205-c205-a205\/#breadcrumb","itemListElement":[{"@type":"ListItem","position":1,"name":"Inicio","item":"https:\/\/kmblock.com\/es\/"},{"@type":"ListItem","position":2,"name":"Productos","item":"https:\/\/kmblock.com\/es\/shop\/"},{"@type":"ListItem","position":3,"name":"Mercedes Clase C W205\/V205\/S205\/C205\/A205"}]},{"@type":"WebSite","@id":"https:\/\/kmblock.com\/es\/#website","url":"https:\/\/kmblock.com\/es\/","name":"KM Block","description":"","publisher":{"@id":"https:\/\/kmblock.com\/es\/#organization"},"potentialAction":[{"@type":"SearchAction","target":{"@type":"EntryPoint","urlTemplate":"https:\/\/kmblock.com\/es\/?s={search_term_string}"},"query-input":{"@type":"PropertyValueSpecification","valueRequired":true,"valueName":"search_term_string"}}],"inLanguage":"es"},{"@type":"Organization","@id":"https:\/\/kmblock.com\/es\/#organization","name":"Bloque KM","url":"https:\/\/kmblock.com\/es\/","logo":{"@type":"ImageObject","inLanguage":"es","@id":"https:\/\/kmblock.com\/es\/#\/schema\/logo\/image\/","url":"https:\/\/kmblock.com\/wp-content\/uploads\/2024\/08\/main-logo.png","contentUrl":"https:\/\/kmblock.com\/wp-content\/uploads\/2024\/08\/main-logo.png","width":186,"height":28,"caption":"Bloque KM"},"image":{"@id":"https:\/\/kmblock.com\/es\/#\/schema\/logo\/image\/"}}]}},"_links":{"self":[{"href":"https:\/\/kmblock.com\/es\/wp-json\/wp\/v2\/product\/8815","targetHints":{"allow":["GET"]}}],"collection":[{"href":"https:\/\/kmblock.com\/es\/wp-json\/wp\/v2\/product"}],"about":[{"href":"https:\/\/kmblock.com\/es\/wp-json\/wp\/v2\/types\/product"}],"replies":[{"embeddable":true,"href":"https:\/\/kmblock.com\/es\/wp-json\/wp\/v2\/comments?post=8815"}],"wp:featuredmedia":[{"embeddable":true,"href":"https:\/\/kmblock.com\/es\/wp-json\/wp\/v2\/media\/2956"}],"wp:attachment":[{"href":"https:\/\/kmblock.com\/es\/wp-json\/wp\/v2\/media?parent=8815"}],"wp:term":[{"taxonomy":"product_brand","embeddable":true,"href":"https:\/\/kmblock.com\/es\/wp-json\/wp\/v2\/product_brand?post=8815"},{"taxonomy":"product_cat","embeddable":true,"href":"https:\/\/kmblock.com\/es\/wp-json\/wp\/v2\/product_cat?post=8815"},{"taxonomy":"product_tag","embeddable":true,"href":"https:\/\/kmblock.com\/es\/wp-json\/wp\/v2\/product_tag?post=8815"}],"curies":[{"name":"wp","href":"https:\/\/api.w.org\/{rel}","templated":true}]}}