{"id":8803,"date":"2024-11-17T08:14:53","date_gmt":"2024-11-17T08:14:53","guid":{"rendered":"https:\/\/kmblock.com\/product\/mercedes-amg-gt-190-sl-231\/"},"modified":"2024-11-17T08:14:53","modified_gmt":"2024-11-17T08:14:53","slug":"mercedes-amg-gt-190-sl-231","status":"publish","type":"product","link":"https:\/\/kmblock.com\/es\/product\/mercedes-amg-gt-190-sl-231\/","title":{"rendered":"Mercedes AMG GT 190 &#8211; SL 231"},"content":{"rendered":"<div class=\"SmallHint\">\n<h3><strong>Bloqueador de kilometraje para Mercedes AMG GT C190 (2019-2024)<\/strong><\/h3>\n<p>El <strong>Bloqueador de Kil<\/strong> ometraje <strong>Mercedes AMG GT C190<\/strong> est\u00e1 dise\u00f1ado para impedir que aumente el kilometraje mientras compruebas el rendimiento de tu veh\u00edculo. Tambi\u00e9n se conoce como <strong>Bloqueador de cuentakil\u00f3metros<\/strong>, <strong>Detenedor de kilometraje<\/strong>, <strong>Filtro de latas<\/strong>, <strong>Herramienta de correcci\u00f3n de kilometraje<\/strong> y otros t\u00e9rminos similares. Este dispositivo es compatible con todos los modelos <strong>Mercedes AMG GT C190<\/strong> lanzados entre <strong>2019-2024<\/strong>.  <\/p>\n<hr>\n<h3><strong>Especificaciones:<\/strong><\/h3>\n<ul>\n<li><strong>Instalaci\u00f3n DIY<\/strong>: Proceso de instalaci\u00f3n f\u00e1cil y r\u00e1pido sin necesidad de ayuda profesional.<\/li>\n<li><strong>Veloc\u00edmetro y control de crucero<\/strong>: Ambos funcionan a la perfecci\u00f3n, garantizando que no se interrumpa el funcionamiento de tu veh\u00edculo.<\/li>\n<li><strong>Activaci\u00f3n en movimiento<\/strong>: Se puede activar y desactivar mientras conduces, ofreciendo flexibilidad.<\/li>\n<li><strong>Sin alteraciones en el cuentakil\u00f3metros<\/strong>: El dispositivo no crea rayas ni alteraciones en el cuentakil\u00f3metros.<\/li>\n<li><strong>Sin cortar ni soldar<\/strong>: El m\u00f3dulo no requiere cortar cables ni soldar componentes electr\u00f3nicos.<\/li>\n<li><strong>No aumenta el kilometraje tras la extracci\u00f3n<\/strong>: Una vez retirado el m\u00f3dulo, el kilometraje no aumentar\u00e1 espont\u00e1neamente.<\/li>\n<li><strong>Ajustes guardados<\/strong>: El dispositivo guarda tus ajustes, para que no tengas que reiniciarlo cada vez que conduzcas.<\/li>\n<li><strong>Componentes de calidad superior<\/strong>: Viene con enchufes de alta calidad y cables resistentes al calor para garantizar un uso duradero.<\/li>\n<li><strong>Invisible para los comprobadores de diagn\u00f3stico<\/strong>: No quedan rastros, y los comprobadores de diagn\u00f3stico no pueden detectar el kilometraje alterado.<\/li>\n<li><strong>Funcionamiento sin errores<\/strong>: No aparecen mensajes de error en el veloc\u00edmetro ni en el panel de navegaci\u00f3n, ni siquiera con las pruebas de diagn\u00f3stico.<\/li>\n<\/ul>\n<p>Para el modo que altera totalmente el kilometraje, se permite una <strong>desviaci\u00f3n del 1%<\/strong> en la distancia recorrida. Ten en cuenta que los datos de kilometraje pueden variar ligeramente, ya que se trata de aproximaciones. <\/p>\n<hr>\n<h3><strong>Activaci\u00f3n y desactivaci\u00f3n:<\/strong><\/h3>\n<p><span data-sheets-root=\"1\">\u00abActivar\u00bb manteniendo pulsado el \u00abbot\u00f3n de retorno\u00bb durante 10 segundos hasta que se enciendan todas las luces.<\/span><\/p>\n<p><strong>Modo Encendido:<\/strong> se encienden todas las luces y cuenta el 0% de kilometraje. Todo funciona correctamente.<\/p>\n<p><strong>Modo Apagado:<\/strong> Se encienden todas las luces y cuenta el 100% del kilometraje. Todo funciona correctamente\u00bb.<\/p>\n<p>Puedes activar o desactivar el dispositivo en cualquier momento, tanto si el veh\u00edculo est\u00e1 parado como en movimiento.<\/p>\n<hr>\n<h3><strong>\u00bfQu\u00e9 es el bloqueador de cuentakil\u00f3metros Mercedes AMG GT C190?<\/strong><\/h3>\n<p><strong>El Bloqueador de Kilometraje Mercedes AMG GT<\/strong> C190 te permite detener el recuento de kil\u00f3metros mientras pruebas el rendimiento de tu coche. Funciona perfectamente con todo tipo de veh\u00edculos Mercedes AMG GT C190, ya utilicen motores <g id=\"gid_1\">di\u00e9sel<\/g>, <g id=\"gid_2\">gasolina<\/g>, <g id=\"gid_3\">PHEV<\/g> o <g id=\"gid_4\">el\u00e9ctricos<\/g>. El dispositivo puede controlar tanto las millas como los kil\u00f3metros del cuentakil\u00f3metros.  <\/p>\n<p>Este m\u00f3dulo funciona <strong>conect\u00e1ndose entre el puerto del veloc\u00edmetro y el cuadro de instrumentos<\/strong>, proporcionando una funcionalidad sin fisuras y sin necesidad de profundos conocimientos del veh\u00edculo.<\/p>\n<h3><strong>Nota importante:<\/strong><\/h3>\n<p><strong>No<\/strong> ofrecemos <strong>herramientas de correcci\u00f3n del kilometraje<\/strong> para el Mercedes AMG GT C190. Estas herramientas suelen utilizarse con fines deshonestos, como hacer retroceder el kilometraje, lo que no es recomendable. Los coches modernos tienen varias unidades de almacenamiento de datos, por lo que las herramientas de anulaci\u00f3n del kilometraje son ineficaces.  <\/p>\n<hr>\n<p>Disfruta de todas las ventajas del <strong>Bloqueador de Kilometraje Mercedes AMG GT C190<\/strong>, que garantiza un control preciso del kilometraje de tu veh\u00edculo, una instalaci\u00f3n sencilla y un funcionamiento impecable en cualquier momento.<\/p>\n<\/div>\n<h3><\/h3>\n","protected":false},"excerpt":{"rendered":"<div class=\"flex max-w-full flex-col flex-grow\">\n<div class=\"min-h-8 text-message flex w-full flex-col items-end gap-2 whitespace-normal break-words [.text-message+&amp;]:mt-5\" dir=\"auto\" data-message-author-role=\"assistant\" data-message-id=\"a441b426-36fd-46d5-8aba-1f7451c77ece\" data-message-model-slug=\"gpt-4o\">\n<div class=\"flex w-full flex-col gap-1 empty:hidden first:pt-[3px]\">\n<div class=\"markdown prose w-full break-words dark:prose-invert light\">\n<h3><strong>Notas importantes antes de pedir el bloqueador de kilometraje Mercedes AMG GT C190<\/strong><\/h3>\n<p>Lee atentamente la siguiente informaci\u00f3n sobre la activaci\u00f3n, los mensajes de error y las funciones del <strong>Bloqueador de Kilometraje Mercedes<\/strong> AMG GT C190: Este dispositivo es apto para todos los modelos Mercedes AMG GT C190 lanzados al mercado de 2019 a 2024. Este dispositivo s\u00f3lo se puede utilizar en un veh\u00edculo, ya que almacena el n\u00famero de chasis interno. La instalaci\u00f3n es sencilla y no requiere ayuda profesional. El m\u00f3dulo est\u00e1 dise\u00f1ado para una configuraci\u00f3n r\u00e1pida de bricolaje. Una vez activado, el dispositivo funciona sin dejar rastro de alteraciones en el cuentakil\u00f3metros. El m\u00f3dulo se maneja f\u00e1cilmente con varias combinaciones de teclas para cambiar de modo. Ambas funciones funcionan a la perfecci\u00f3n mientras el m\u00f3dulo est\u00e1 en uso, garantizando el funcionamiento normal de tu veh\u00edculo. El dispositivo viene con enchufes de alta calidad y cables resistentes al calor para garantizar un uso duradero y fiable.       <\/p>\n<p>Si sigues atentamente las instrucciones de activaci\u00f3n y desactivaci\u00f3n, podr\u00e1s controlar el kilometraje sin tener ning\u00fan problema. Si tienes alguna pregunta o necesitas m\u00e1s ayuda, no dudes en ponerte en contacto con nosotros antes de realizar la compra. <\/p>\n<p class=\"p1\"><b> \u2705 Integraci\u00f3n perfecta<\/b><b><\/b><\/p>\n<p class=\"p1\">\u2705<b> F\u00e1cil instalaci\u00f3n<\/b><b><\/b><\/p>\n<p class=\"p1\">\u2705<b> Gesti\u00f3n precisa del kilometraje<\/b><b><\/b><\/p>\n<p class=\"p1\"><b> \u2705 Funcionamiento en modo oculto<\/b><b><\/b><\/p>\n<p class=\"p1\"><span class=\"s1\">\u2705<\/span><b> Soporte y actualizaciones de por vida<\/b><\/p>\n<\/div>\n<\/div>\n<\/div>\n<\/div>\n","protected":false},"featured_media":2645,"comment_status":"open","ping_status":"closed","template":"","meta":[],"product_brand":[],"product_cat":[931],"product_tag":[],"class_list":{"0":"post-8803","1":"product","2":"type-product","3":"status-publish","4":"has-post-thumbnail","6":"product_cat-mercedes","8":"first","9":"instock","10":"taxable","11":"shipping-taxable","12":"purchasable","13":"product-type-variable"},"yoast_head":"<!-- This site is optimized with the Yoast SEO plugin v27.5 - https:\/\/yoast.com\/product\/yoast-seo-wordpress\/ -->\n<title>Mercedes AMG GT 190 - SL 231 Mileage Blocker (KM stopper) \u2192 KM Block<\/title>\n<meta name=\"description\" content=\"Buy a Mercedes AMG GT 190 - SL 231 Mileage Blocker for the Best Prices \u2713 Free Shipping \u2713 Incl. Installation Guides\" \/>\n<meta name=\"robots\" content=\"index, follow, max-snippet:-1, max-image-preview:large, max-video-preview:-1\" \/>\n<meta property=\"og:locale\" content=\"es_ES\" \/>\n<meta property=\"og:type\" content=\"article\" \/>\n<meta property=\"og:title\" content=\"Mercedes AMG GT 190 - SL 231 Mileage Blocker (KM stopper) \u2192 KM Block\" \/>\n<meta property=\"og:description\" content=\"Buy a Mercedes AMG GT 190 - SL 231 Mileage Blocker for the Best Prices \u2713 Free Shipping \u2713 Incl. Installation Guides\" \/>\n<meta property=\"og:url\" content=\"https:\/\/kmblock.com\/es\/product\/mercedes-amg-gt-190-sl-231\/\" \/>\n<meta property=\"og:site_name\" content=\"KM Block\" \/>\n<meta property=\"og:image\" content=\"https:\/\/kmblock.com\/wp-content\/uploads\/2024\/11\/Mercedes-AMG-GT-190-\u2013-SL-231.jpg\" \/>\n\t<meta property=\"og:image:width\" content=\"400\" \/>\n\t<meta property=\"og:image:height\" content=\"327\" \/>\n\t<meta property=\"og:image:type\" content=\"image\/jpeg\" \/>\n<meta name=\"twitter:card\" content=\"summary_large_image\" \/>\n<meta name=\"twitter:label1\" content=\"Tiempo de lectura\" \/>\n\t<meta name=\"twitter:data1\" content=\"3 minutos\" \/>\n<script type=\"application\/ld+json\" class=\"yoast-schema-graph\">{\"@context\":\"https:\\\/\\\/schema.org\",\"@graph\":[{\"@type\":\"WebPage\",\"@id\":\"https:\\\/\\\/kmblock.com\\\/es\\\/product\\\/mercedes-amg-gt-190-sl-231\\\/\",\"url\":\"https:\\\/\\\/kmblock.com\\\/es\\\/product\\\/mercedes-amg-gt-190-sl-231\\\/\",\"name\":\"Mercedes AMG GT 190 - SL 231 Mileage Blocker (KM stopper) \u2192 KM Block\",\"isPartOf\":{\"@id\":\"https:\\\/\\\/kmblock.com\\\/es\\\/#website\"},\"primaryImageOfPage\":{\"@id\":\"https:\\\/\\\/kmblock.com\\\/es\\\/product\\\/mercedes-amg-gt-190-sl-231\\\/#primaryimage\"},\"image\":{\"@id\":\"https:\\\/\\\/kmblock.com\\\/es\\\/product\\\/mercedes-amg-gt-190-sl-231\\\/#primaryimage\"},\"thumbnailUrl\":\"https:\\\/\\\/kmblock.com\\\/wp-content\\\/uploads\\\/2024\\\/11\\\/Mercedes-AMG-GT-190-\u2013-SL-231.jpg\",\"datePublished\":\"2024-11-17T08:14:53+00:00\",\"description\":\"Buy a Mercedes AMG GT 190 - SL 231 Mileage Blocker for the Best Prices \u2713 Free Shipping \u2713 Incl. Installation Guides\",\"breadcrumb\":{\"@id\":\"https:\\\/\\\/kmblock.com\\\/es\\\/product\\\/mercedes-amg-gt-190-sl-231\\\/#breadcrumb\"},\"inLanguage\":\"es\",\"potentialAction\":[{\"@type\":\"ReadAction\",\"target\":[\"https:\\\/\\\/kmblock.com\\\/es\\\/product\\\/mercedes-amg-gt-190-sl-231\\\/\"]}]},{\"@type\":\"ImageObject\",\"inLanguage\":\"es\",\"@id\":\"https:\\\/\\\/kmblock.com\\\/es\\\/product\\\/mercedes-amg-gt-190-sl-231\\\/#primaryimage\",\"url\":\"https:\\\/\\\/kmblock.com\\\/wp-content\\\/uploads\\\/2024\\\/11\\\/Mercedes-AMG-GT-190-\u2013-SL-231.jpg\",\"contentUrl\":\"https:\\\/\\\/kmblock.com\\\/wp-content\\\/uploads\\\/2024\\\/11\\\/Mercedes-AMG-GT-190-\u2013-SL-231.jpg\",\"width\":400,\"height\":327,\"caption\":\"Mercedes AMG GT 190 \u2013 SL 231\"},{\"@type\":\"BreadcrumbList\",\"@id\":\"https:\\\/\\\/kmblock.com\\\/es\\\/product\\\/mercedes-amg-gt-190-sl-231\\\/#breadcrumb\",\"itemListElement\":[{\"@type\":\"ListItem\",\"position\":1,\"name\":\"Inicio\",\"item\":\"https:\\\/\\\/kmblock.com\\\/es\\\/\"},{\"@type\":\"ListItem\",\"position\":2,\"name\":\"Productos\",\"item\":\"https:\\\/\\\/kmblock.com\\\/es\\\/shop\\\/\"},{\"@type\":\"ListItem\",\"position\":3,\"name\":\"Mercedes AMG GT 190 &#8211; SL 231\"}]},{\"@type\":\"WebSite\",\"@id\":\"https:\\\/\\\/kmblock.com\\\/es\\\/#website\",\"url\":\"https:\\\/\\\/kmblock.com\\\/es\\\/\",\"name\":\"KM Block\",\"description\":\"\",\"publisher\":{\"@id\":\"https:\\\/\\\/kmblock.com\\\/es\\\/#organization\"},\"potentialAction\":[{\"@type\":\"SearchAction\",\"target\":{\"@type\":\"EntryPoint\",\"urlTemplate\":\"https:\\\/\\\/kmblock.com\\\/es\\\/?s={search_term_string}\"},\"query-input\":{\"@type\":\"PropertyValueSpecification\",\"valueRequired\":true,\"valueName\":\"search_term_string\"}}],\"inLanguage\":\"es\"},{\"@type\":\"Organization\",\"@id\":\"https:\\\/\\\/kmblock.com\\\/es\\\/#organization\",\"name\":\"Bloque KM\",\"url\":\"https:\\\/\\\/kmblock.com\\\/es\\\/\",\"logo\":{\"@type\":\"ImageObject\",\"inLanguage\":\"es\",\"@id\":\"https:\\\/\\\/kmblock.com\\\/es\\\/#\\\/schema\\\/logo\\\/image\\\/\",\"url\":\"https:\\\/\\\/kmblock.com\\\/wp-content\\\/uploads\\\/2024\\\/08\\\/main-logo.png\",\"contentUrl\":\"https:\\\/\\\/kmblock.com\\\/wp-content\\\/uploads\\\/2024\\\/08\\\/main-logo.png\",\"width\":186,\"height\":28,\"caption\":\"Bloque KM\"},\"image\":{\"@id\":\"https:\\\/\\\/kmblock.com\\\/es\\\/#\\\/schema\\\/logo\\\/image\\\/\"}}]}<\/script>\n<!-- \/ Yoast SEO plugin. -->","yoast_head_json":{"title":"Mercedes AMG GT 190 - SL 231 Mileage Blocker (KM stopper) \u2192 KM Block","description":"Buy a Mercedes AMG GT 190 - SL 231 Mileage Blocker for the Best Prices \u2713 Free Shipping \u2713 Incl. Installation Guides","robots":{"index":"index","follow":"follow","max-snippet":"max-snippet:-1","max-image-preview":"max-image-preview:large","max-video-preview":"max-video-preview:-1"},"og_locale":"es_ES","og_type":"article","og_title":"Mercedes AMG GT 190 - SL 231 Mileage Blocker (KM stopper) \u2192 KM Block","og_description":"Buy a Mercedes AMG GT 190 - SL 231 Mileage Blocker for the Best Prices \u2713 Free Shipping \u2713 Incl. Installation Guides","og_url":"https:\/\/kmblock.com\/es\/product\/mercedes-amg-gt-190-sl-231\/","og_site_name":"KM Block","og_image":[{"width":400,"height":327,"url":"https:\/\/kmblock.com\/wp-content\/uploads\/2024\/11\/Mercedes-AMG-GT-190-\u2013-SL-231.jpg","type":"image\/jpeg"}],"twitter_card":"summary_large_image","twitter_misc":{"Tiempo de lectura":"3 minutos"},"schema":{"@context":"https:\/\/schema.org","@graph":[{"@type":"WebPage","@id":"https:\/\/kmblock.com\/es\/product\/mercedes-amg-gt-190-sl-231\/","url":"https:\/\/kmblock.com\/es\/product\/mercedes-amg-gt-190-sl-231\/","name":"Mercedes AMG GT 190 - SL 231 Mileage Blocker (KM stopper) \u2192 KM Block","isPartOf":{"@id":"https:\/\/kmblock.com\/es\/#website"},"primaryImageOfPage":{"@id":"https:\/\/kmblock.com\/es\/product\/mercedes-amg-gt-190-sl-231\/#primaryimage"},"image":{"@id":"https:\/\/kmblock.com\/es\/product\/mercedes-amg-gt-190-sl-231\/#primaryimage"},"thumbnailUrl":"https:\/\/kmblock.com\/wp-content\/uploads\/2024\/11\/Mercedes-AMG-GT-190-\u2013-SL-231.jpg","datePublished":"2024-11-17T08:14:53+00:00","description":"Buy a Mercedes AMG GT 190 - SL 231 Mileage Blocker for the Best Prices \u2713 Free Shipping \u2713 Incl. Installation Guides","breadcrumb":{"@id":"https:\/\/kmblock.com\/es\/product\/mercedes-amg-gt-190-sl-231\/#breadcrumb"},"inLanguage":"es","potentialAction":[{"@type":"ReadAction","target":["https:\/\/kmblock.com\/es\/product\/mercedes-amg-gt-190-sl-231\/"]}]},{"@type":"ImageObject","inLanguage":"es","@id":"https:\/\/kmblock.com\/es\/product\/mercedes-amg-gt-190-sl-231\/#primaryimage","url":"https:\/\/kmblock.com\/wp-content\/uploads\/2024\/11\/Mercedes-AMG-GT-190-\u2013-SL-231.jpg","contentUrl":"https:\/\/kmblock.com\/wp-content\/uploads\/2024\/11\/Mercedes-AMG-GT-190-\u2013-SL-231.jpg","width":400,"height":327,"caption":"Mercedes AMG GT 190 \u2013 SL 231"},{"@type":"BreadcrumbList","@id":"https:\/\/kmblock.com\/es\/product\/mercedes-amg-gt-190-sl-231\/#breadcrumb","itemListElement":[{"@type":"ListItem","position":1,"name":"Inicio","item":"https:\/\/kmblock.com\/es\/"},{"@type":"ListItem","position":2,"name":"Productos","item":"https:\/\/kmblock.com\/es\/shop\/"},{"@type":"ListItem","position":3,"name":"Mercedes AMG GT 190 &#8211; SL 231"}]},{"@type":"WebSite","@id":"https:\/\/kmblock.com\/es\/#website","url":"https:\/\/kmblock.com\/es\/","name":"KM Block","description":"","publisher":{"@id":"https:\/\/kmblock.com\/es\/#organization"},"potentialAction":[{"@type":"SearchAction","target":{"@type":"EntryPoint","urlTemplate":"https:\/\/kmblock.com\/es\/?s={search_term_string}"},"query-input":{"@type":"PropertyValueSpecification","valueRequired":true,"valueName":"search_term_string"}}],"inLanguage":"es"},{"@type":"Organization","@id":"https:\/\/kmblock.com\/es\/#organization","name":"Bloque KM","url":"https:\/\/kmblock.com\/es\/","logo":{"@type":"ImageObject","inLanguage":"es","@id":"https:\/\/kmblock.com\/es\/#\/schema\/logo\/image\/","url":"https:\/\/kmblock.com\/wp-content\/uploads\/2024\/08\/main-logo.png","contentUrl":"https:\/\/kmblock.com\/wp-content\/uploads\/2024\/08\/main-logo.png","width":186,"height":28,"caption":"Bloque KM"},"image":{"@id":"https:\/\/kmblock.com\/es\/#\/schema\/logo\/image\/"}}]}},"_links":{"self":[{"href":"https:\/\/kmblock.com\/es\/wp-json\/wp\/v2\/product\/8803","targetHints":{"allow":["GET"]}}],"collection":[{"href":"https:\/\/kmblock.com\/es\/wp-json\/wp\/v2\/product"}],"about":[{"href":"https:\/\/kmblock.com\/es\/wp-json\/wp\/v2\/types\/product"}],"replies":[{"embeddable":true,"href":"https:\/\/kmblock.com\/es\/wp-json\/wp\/v2\/comments?post=8803"}],"wp:featuredmedia":[{"embeddable":true,"href":"https:\/\/kmblock.com\/es\/wp-json\/wp\/v2\/media\/2645"}],"wp:attachment":[{"href":"https:\/\/kmblock.com\/es\/wp-json\/wp\/v2\/media?parent=8803"}],"wp:term":[{"taxonomy":"product_brand","embeddable":true,"href":"https:\/\/kmblock.com\/es\/wp-json\/wp\/v2\/product_brand?post=8803"},{"taxonomy":"product_cat","embeddable":true,"href":"https:\/\/kmblock.com\/es\/wp-json\/wp\/v2\/product_cat?post=8803"},{"taxonomy":"product_tag","embeddable":true,"href":"https:\/\/kmblock.com\/es\/wp-json\/wp\/v2\/product_tag?post=8803"}],"curies":[{"name":"wp","href":"https:\/\/api.w.org\/{rel}","templated":true}]}}