{"id":8790,"date":"2022-01-01T09:00:35","date_gmt":"2022-01-01T09:00:35","guid":{"rendered":"https:\/\/kmblock.com\/product\/mercedes-clase-c-w204-c204-s204\/"},"modified":"2022-01-01T09:00:35","modified_gmt":"2022-01-01T09:00:35","slug":"mercedes-clase-c-w204-c204-s204","status":"publish","type":"product","link":"https:\/\/kmblock.com\/es\/product\/mercedes-clase-c-w204-c204-s204\/","title":{"rendered":"Mercedes Clase C W204\/C204\/S204"},"content":{"rendered":"<h3><strong>Bloqueador de kilometraje para Mercedes Clase C W204 (2007-2015)<\/strong><\/h3>\n<p>El <g id=\"gid_0\">bloqueador de cuentakil\u00f3metros del Mercedes Clase C W204<\/g> se conoce a menudo como <g id=\"gid_1\">bloqueador de cuentakil\u00f3metros<\/g>, <g id=\"gid_2\">bloqueador de cuentakil\u00f3metros<\/g>, <strong>bloqueador de latas<\/strong>, <strong>bloqueador de cuentakil\u00f3metros<\/strong>, <strong>cuentakil\u00f3metros parcial<\/strong>, <strong>filtro de latas<\/strong> o, a veces, <strong>herramienta de correcci\u00f3n de cuentakil\u00f3metros<\/strong>.    <\/p>\n<p>Este dispositivo est\u00e1 dise\u00f1ado espec\u00edficamente para todos los modelos <strong>Mercedes Clase C W204<\/strong> lanzados entre <strong>2007 y 2015<\/strong>.<\/p>\n<h4><strong>Especificaciones clave:<\/strong><\/h4>\n<ul>\n<li><strong>Instalaci\u00f3n \u00abhazlo t\u00fa mismo\u00bb (DIY<\/strong>): Sencilla y r\u00e1pida de instalar sin necesidad de ayuda profesional.<\/li>\n<li><strong>Rendimiento irrastreable<\/strong>: El dispositivo no deja ning\u00fan rastro ni modificaci\u00f3n que pueda detectarse tras su retirada.<\/li>\n<li><strong>Sin soldar ni cortar<\/strong>: No es necesario cortar cables ni soldar ning\u00fan componente electr\u00f3nico.<\/li>\n<li><strong>Componentes de calidad superior<\/strong>: Viene con enchufes de alta calidad y cables resistentes al calor para mayor durabilidad.<\/li>\n<li><strong>Veloc\u00edmetro y sistemas de asistencia<\/strong>: Tanto el veloc\u00edmetro como los dem\u00e1s programas de asistencia siguen funcionando a la perfecci\u00f3n.<\/li>\n<li><strong>Sin mensajes de error<\/strong>: No hay mensajes de error en el veloc\u00edmetro ni en el panel de navegaci\u00f3n aunque se utilicen comprobadores de diagn\u00f3stico.<\/li>\n<li><strong>Ajustes guardados<\/strong>: Una vez configurado el m\u00f3dulo, los ajustes se guardan y no es necesario restablecerlos al reiniciar el veh\u00edculo.<\/li>\n<li><strong>Desviaci\u00f3n en<\/strong> el <strong>kilometraje<\/strong>: Para el modo que altera completamente el kilometraje, se permite una desviaci\u00f3n de hasta <strong>el 1%<\/strong> en la distancia recorrida, con peque\u00f1as diferencias en el kilometraje detenido.<\/li>\n<\/ul>\n<h4><strong>Resumen de modos:<\/strong><\/h4>\n<ul>\n<li><strong>Modo 1<\/strong>: El contador de kil\u00f3metros se detiene al 100%, pero el indicador de velocidad no funciona.<\/li>\n<li><strong>Modo 2<\/strong>: se cuenta el 10% del kilometraje real y en el veloc\u00edmetro aparece 1\/10 de la velocidad.<\/li>\n<li><strong>Modo 3<\/strong>: El kilometraje se reduce a la mitad (50%) y el veloc\u00edmetro muestra el 50% de la velocidad real.<\/li>\n<li><strong>Modo 4<\/strong>: El contador de kil\u00f3metros est\u00e1 parado al 100%, pero el indicador de velocidad funciona.<\/li>\n<li><strong>Modo 5<\/strong>: El cuentakil\u00f3metros cuenta el 100% del kilometraje.<\/li>\n<\/ul>\n<h4><strong>Activaci\u00f3n y desactivaci\u00f3n:<\/strong><\/h4>\n<p><span data-sheets-root=\"1\">\u00abActivar\u00bb manteniendo pulsado el \u00abbot\u00f3n de retorno\u00bb durante 10 segundos hasta que se enciendan todas las luces.<\/span><\/p>\n<p><strong>Modo Encendido:<\/strong> se encienden todas las luces y cuenta el 0% de kilometraje. Todo funciona correctamente.<\/p>\n<p><strong>Modo Apagado:<\/strong> Se encienden todas las luces y cuenta el 100% del kilometraje. Todo funciona correctamente\u00bb.<\/p>\n<h4><strong>Instrucciones de calibraci\u00f3n:<\/strong><\/h4>\n<ol>\n<li>Para calibrarlo, pulsa <strong>10 veces<\/strong> el bot\u00f3n <strong>Retorno<\/strong> cuando el m\u00f3dulo est\u00e9 activado.<\/li>\n<li>Ajusta la velocidad a <strong>60 km\/h (o 60 mph)<\/strong>, luego ajusta la velocidad utilizando las <strong>flechas arriba y abajo<\/strong>.<\/li>\n<li>Pulsa el bot\u00f3n <strong>OK<\/strong> para confirmar cuando la velocidad coincida.<\/li>\n<li>Para salir del modo de calibraci\u00f3n, pulsa <strong>12 veces<\/strong> la tecla <strong>Retorno<\/strong>.<\/li>\n<\/ol>\n<h4><strong>Notas importantes:<\/strong><\/h4>\n<ul>\n<li>El <strong>Bloqueador de<\/strong> <strong>Kilometraje<\/strong> <strong>Mercedes Clase C W204<\/strong> es ideal para <strong>pruebas de rendimiento<\/strong> o <strong>alteraci\u00f3n temporal del kilometraje<\/strong>.<\/li>\n<li><strong>No es una herramienta de correcci\u00f3n del kilometraje<\/strong>: A diferencia de las herramientas que pueden hacer retroceder el kilometraje, este dispositivo est\u00e1 dise\u00f1ado para detener o alterar el kilometraje con fines de prueba, sin eliminar el kilometraje de forma permanente.<\/li>\n<li>El m\u00f3dulo funciona en varios tipos de motores, como <strong>di\u00e9sel<\/strong>, <strong>gasolina<\/strong>, <strong>veh\u00edculos el\u00e9ctricos h\u00edbridos enchufables (PHEV<\/strong>) y <strong>coches el\u00e9ctricos<\/strong>.<\/li>\n<\/ul>\n<h4><strong>Beneficios clave:<\/strong><\/h4>\n<ul>\n<li><strong>Imposible de rastrear<\/strong>: No deja pruebas de manipulaci\u00f3n.<\/li>\n<li><strong>No afecta a otras funciones<\/strong>: El veloc\u00edmetro y los programas de asistencia siguen siendo totalmente funcionales.<\/li>\n<li><strong>M\u00faltiples modos de personalizaci\u00f3n<\/strong>: Modifica las lecturas de kilometraje y velocidad para adaptarlas a tus necesidades.<\/li>\n<li><strong>Fiable<\/strong>: Guarda tus ajustes para que no tengas que reiniciar el veh\u00edculo.<\/li>\n<\/ul>\n<p>Para m\u00e1s informaci\u00f3n o para hacer un pedido, no dudes en ponerte en contacto con nosotros.<\/p>\n","protected":false},"excerpt":{"rendered":"<p>Antes de hacer el pedido, aseg\u00farate de que comprendes el proceso de activaci\u00f3n del m\u00f3dulo y los posibles efectos sobre los mensajes de error o las funciones del veh\u00edculo.<\/p>\n<p><strong>Este dispositivo es adecuado para todos los modelos Mercedes Clase C W204 lanzados entre 2007 y 2015.  <\/strong>Instalaci\u00f3n f\u00e1cil y r\u00e1pida, sin necesidad de ayuda profesional. El dispositivo no deja rastro de manipulaci\u00f3n despu\u00e9s de retirarlo. El m\u00f3dulo puede activarse o desactivarse durante la conducci\u00f3n, para una m\u00e1xima comodidad. Garantiza la durabilidad y un rendimiento duradero. No interfiere con el veloc\u00edmetro, el navegador u otros sistemas de asistencia del veh\u00edculo.    <\/p>\n<p class=\"p1\"><b> \u2705 Integraci\u00f3n perfecta<\/b><b><\/b><\/p>\n<p class=\"p1\">\u2705<b> F\u00e1cil instalaci\u00f3n<\/b><b><\/b><\/p>\n<p class=\"p1\">\u2705<b> Gesti\u00f3n precisa del kilometraje<\/b><b><\/b><\/p>\n<p class=\"p1\"><b> \u2705 Funcionamiento en modo oculto<\/b><b><\/b><\/p>\n<p class=\"p1\"><span class=\"s1\">\u2705<\/span><b> Soporte y actualizaciones de por vida<\/b><\/p>\n<p>&nbsp;<\/p>\n","protected":false},"featured_media":1075,"comment_status":"open","ping_status":"closed","template":"","meta":[],"product_brand":[],"product_cat":[931],"product_tag":[],"class_list":{"0":"post-8790","1":"product","2":"type-product","3":"status-publish","4":"has-post-thumbnail","6":"product_cat-mercedes","8":"first","9":"instock","10":"taxable","11":"shipping-taxable","12":"purchasable","13":"product-type-variable"},"yoast_head":"<!-- This site is optimized with the Yoast SEO plugin v27.5 - https:\/\/yoast.com\/product\/yoast-seo-wordpress\/ -->\n<title>Mercedes Clase C W204\/C204\/S204 Mileage Blocker (KM stopper) \u2192 KM Block<\/title>\n<meta name=\"description\" content=\"Buy a Mercedes Clase C W204\/C204\/S204 Mileage Blocker for the Best Prices \u2713 Free Shipping \u2713 Incl. Installation Guides\" \/>\n<meta name=\"robots\" content=\"index, follow, max-snippet:-1, max-image-preview:large, max-video-preview:-1\" \/>\n<meta property=\"og:locale\" content=\"es_ES\" \/>\n<meta property=\"og:type\" content=\"article\" \/>\n<meta property=\"og:title\" content=\"Mercedes Clase C W204\/C204\/S204 Mileage Blocker (KM stopper) \u2192 KM Block\" \/>\n<meta property=\"og:description\" content=\"Buy a Mercedes Clase C W204\/C204\/S204 Mileage Blocker for the Best Prices \u2713 Free Shipping \u2713 Incl. Installation Guides\" \/>\n<meta property=\"og:url\" content=\"https:\/\/kmblock.com\/es\/product\/mercedes-clase-c-w204-c204-s204\/\" \/>\n<meta property=\"og:site_name\" content=\"KM Block\" \/>\n<meta property=\"og:image\" content=\"https:\/\/kmblock.com\/wp-content\/uploads\/2024\/11\/class-2018-600x491-1.jpg\" \/>\n\t<meta property=\"og:image:width\" content=\"600\" \/>\n\t<meta property=\"og:image:height\" content=\"491\" \/>\n\t<meta property=\"og:image:type\" content=\"image\/jpeg\" \/>\n<meta name=\"twitter:card\" content=\"summary_large_image\" \/>\n<meta name=\"twitter:label1\" content=\"Tiempo de lectura\" \/>\n\t<meta name=\"twitter:data1\" content=\"3 minutos\" \/>\n<script type=\"application\/ld+json\" class=\"yoast-schema-graph\">{\"@context\":\"https:\\\/\\\/schema.org\",\"@graph\":[{\"@type\":\"WebPage\",\"@id\":\"https:\\\/\\\/kmblock.com\\\/es\\\/product\\\/mercedes-clase-c-w204-c204-s204\\\/\",\"url\":\"https:\\\/\\\/kmblock.com\\\/es\\\/product\\\/mercedes-clase-c-w204-c204-s204\\\/\",\"name\":\"Mercedes Clase C W204\\\/C204\\\/S204 Mileage Blocker (KM stopper) \u2192 KM Block\",\"isPartOf\":{\"@id\":\"https:\\\/\\\/kmblock.com\\\/es\\\/#website\"},\"primaryImageOfPage\":{\"@id\":\"https:\\\/\\\/kmblock.com\\\/es\\\/product\\\/mercedes-clase-c-w204-c204-s204\\\/#primaryimage\"},\"image\":{\"@id\":\"https:\\\/\\\/kmblock.com\\\/es\\\/product\\\/mercedes-clase-c-w204-c204-s204\\\/#primaryimage\"},\"thumbnailUrl\":\"https:\\\/\\\/kmblock.com\\\/wp-content\\\/uploads\\\/2024\\\/11\\\/class-2018-600x491-1.jpg\",\"datePublished\":\"2022-01-01T09:00:35+00:00\",\"description\":\"Buy a Mercedes Clase C W204\\\/C204\\\/S204 Mileage Blocker for the Best Prices \u2713 Free Shipping \u2713 Incl. Installation Guides\",\"breadcrumb\":{\"@id\":\"https:\\\/\\\/kmblock.com\\\/es\\\/product\\\/mercedes-clase-c-w204-c204-s204\\\/#breadcrumb\"},\"inLanguage\":\"es\",\"potentialAction\":[{\"@type\":\"ReadAction\",\"target\":[\"https:\\\/\\\/kmblock.com\\\/es\\\/product\\\/mercedes-clase-c-w204-c204-s204\\\/\"]}]},{\"@type\":\"ImageObject\",\"inLanguage\":\"es\",\"@id\":\"https:\\\/\\\/kmblock.com\\\/es\\\/product\\\/mercedes-clase-c-w204-c204-s204\\\/#primaryimage\",\"url\":\"https:\\\/\\\/kmblock.com\\\/wp-content\\\/uploads\\\/2024\\\/11\\\/class-2018-600x491-1.jpg\",\"contentUrl\":\"https:\\\/\\\/kmblock.com\\\/wp-content\\\/uploads\\\/2024\\\/11\\\/class-2018-600x491-1.jpg\",\"width\":600,\"height\":491},{\"@type\":\"BreadcrumbList\",\"@id\":\"https:\\\/\\\/kmblock.com\\\/es\\\/product\\\/mercedes-clase-c-w204-c204-s204\\\/#breadcrumb\",\"itemListElement\":[{\"@type\":\"ListItem\",\"position\":1,\"name\":\"Inicio\",\"item\":\"https:\\\/\\\/kmblock.com\\\/es\\\/\"},{\"@type\":\"ListItem\",\"position\":2,\"name\":\"Productos\",\"item\":\"https:\\\/\\\/kmblock.com\\\/es\\\/shop\\\/\"},{\"@type\":\"ListItem\",\"position\":3,\"name\":\"Mercedes Clase C W204\\\/C204\\\/S204\"}]},{\"@type\":\"WebSite\",\"@id\":\"https:\\\/\\\/kmblock.com\\\/es\\\/#website\",\"url\":\"https:\\\/\\\/kmblock.com\\\/es\\\/\",\"name\":\"KM Block\",\"description\":\"\",\"publisher\":{\"@id\":\"https:\\\/\\\/kmblock.com\\\/es\\\/#organization\"},\"potentialAction\":[{\"@type\":\"SearchAction\",\"target\":{\"@type\":\"EntryPoint\",\"urlTemplate\":\"https:\\\/\\\/kmblock.com\\\/es\\\/?s={search_term_string}\"},\"query-input\":{\"@type\":\"PropertyValueSpecification\",\"valueRequired\":true,\"valueName\":\"search_term_string\"}}],\"inLanguage\":\"es\"},{\"@type\":\"Organization\",\"@id\":\"https:\\\/\\\/kmblock.com\\\/es\\\/#organization\",\"name\":\"Bloque KM\",\"url\":\"https:\\\/\\\/kmblock.com\\\/es\\\/\",\"logo\":{\"@type\":\"ImageObject\",\"inLanguage\":\"es\",\"@id\":\"https:\\\/\\\/kmblock.com\\\/es\\\/#\\\/schema\\\/logo\\\/image\\\/\",\"url\":\"https:\\\/\\\/kmblock.com\\\/wp-content\\\/uploads\\\/2024\\\/08\\\/main-logo.png\",\"contentUrl\":\"https:\\\/\\\/kmblock.com\\\/wp-content\\\/uploads\\\/2024\\\/08\\\/main-logo.png\",\"width\":186,\"height\":28,\"caption\":\"Bloque KM\"},\"image\":{\"@id\":\"https:\\\/\\\/kmblock.com\\\/es\\\/#\\\/schema\\\/logo\\\/image\\\/\"}}]}<\/script>\n<!-- \/ Yoast SEO plugin. -->","yoast_head_json":{"title":"Mercedes Clase C W204\/C204\/S204 Mileage Blocker (KM stopper) \u2192 KM Block","description":"Buy a Mercedes Clase C W204\/C204\/S204 Mileage Blocker for the Best Prices \u2713 Free Shipping \u2713 Incl. Installation Guides","robots":{"index":"index","follow":"follow","max-snippet":"max-snippet:-1","max-image-preview":"max-image-preview:large","max-video-preview":"max-video-preview:-1"},"og_locale":"es_ES","og_type":"article","og_title":"Mercedes Clase C W204\/C204\/S204 Mileage Blocker (KM stopper) \u2192 KM Block","og_description":"Buy a Mercedes Clase C W204\/C204\/S204 Mileage Blocker for the Best Prices \u2713 Free Shipping \u2713 Incl. Installation Guides","og_url":"https:\/\/kmblock.com\/es\/product\/mercedes-clase-c-w204-c204-s204\/","og_site_name":"KM Block","og_image":[{"width":600,"height":491,"url":"https:\/\/kmblock.com\/wp-content\/uploads\/2024\/11\/class-2018-600x491-1.jpg","type":"image\/jpeg"}],"twitter_card":"summary_large_image","twitter_misc":{"Tiempo de lectura":"3 minutos"},"schema":{"@context":"https:\/\/schema.org","@graph":[{"@type":"WebPage","@id":"https:\/\/kmblock.com\/es\/product\/mercedes-clase-c-w204-c204-s204\/","url":"https:\/\/kmblock.com\/es\/product\/mercedes-clase-c-w204-c204-s204\/","name":"Mercedes Clase C W204\/C204\/S204 Mileage Blocker (KM stopper) \u2192 KM Block","isPartOf":{"@id":"https:\/\/kmblock.com\/es\/#website"},"primaryImageOfPage":{"@id":"https:\/\/kmblock.com\/es\/product\/mercedes-clase-c-w204-c204-s204\/#primaryimage"},"image":{"@id":"https:\/\/kmblock.com\/es\/product\/mercedes-clase-c-w204-c204-s204\/#primaryimage"},"thumbnailUrl":"https:\/\/kmblock.com\/wp-content\/uploads\/2024\/11\/class-2018-600x491-1.jpg","datePublished":"2022-01-01T09:00:35+00:00","description":"Buy a Mercedes Clase C W204\/C204\/S204 Mileage Blocker for the Best Prices \u2713 Free Shipping \u2713 Incl. Installation Guides","breadcrumb":{"@id":"https:\/\/kmblock.com\/es\/product\/mercedes-clase-c-w204-c204-s204\/#breadcrumb"},"inLanguage":"es","potentialAction":[{"@type":"ReadAction","target":["https:\/\/kmblock.com\/es\/product\/mercedes-clase-c-w204-c204-s204\/"]}]},{"@type":"ImageObject","inLanguage":"es","@id":"https:\/\/kmblock.com\/es\/product\/mercedes-clase-c-w204-c204-s204\/#primaryimage","url":"https:\/\/kmblock.com\/wp-content\/uploads\/2024\/11\/class-2018-600x491-1.jpg","contentUrl":"https:\/\/kmblock.com\/wp-content\/uploads\/2024\/11\/class-2018-600x491-1.jpg","width":600,"height":491},{"@type":"BreadcrumbList","@id":"https:\/\/kmblock.com\/es\/product\/mercedes-clase-c-w204-c204-s204\/#breadcrumb","itemListElement":[{"@type":"ListItem","position":1,"name":"Inicio","item":"https:\/\/kmblock.com\/es\/"},{"@type":"ListItem","position":2,"name":"Productos","item":"https:\/\/kmblock.com\/es\/shop\/"},{"@type":"ListItem","position":3,"name":"Mercedes Clase C W204\/C204\/S204"}]},{"@type":"WebSite","@id":"https:\/\/kmblock.com\/es\/#website","url":"https:\/\/kmblock.com\/es\/","name":"KM Block","description":"","publisher":{"@id":"https:\/\/kmblock.com\/es\/#organization"},"potentialAction":[{"@type":"SearchAction","target":{"@type":"EntryPoint","urlTemplate":"https:\/\/kmblock.com\/es\/?s={search_term_string}"},"query-input":{"@type":"PropertyValueSpecification","valueRequired":true,"valueName":"search_term_string"}}],"inLanguage":"es"},{"@type":"Organization","@id":"https:\/\/kmblock.com\/es\/#organization","name":"Bloque KM","url":"https:\/\/kmblock.com\/es\/","logo":{"@type":"ImageObject","inLanguage":"es","@id":"https:\/\/kmblock.com\/es\/#\/schema\/logo\/image\/","url":"https:\/\/kmblock.com\/wp-content\/uploads\/2024\/08\/main-logo.png","contentUrl":"https:\/\/kmblock.com\/wp-content\/uploads\/2024\/08\/main-logo.png","width":186,"height":28,"caption":"Bloque KM"},"image":{"@id":"https:\/\/kmblock.com\/es\/#\/schema\/logo\/image\/"}}]}},"_links":{"self":[{"href":"https:\/\/kmblock.com\/es\/wp-json\/wp\/v2\/product\/8790","targetHints":{"allow":["GET"]}}],"collection":[{"href":"https:\/\/kmblock.com\/es\/wp-json\/wp\/v2\/product"}],"about":[{"href":"https:\/\/kmblock.com\/es\/wp-json\/wp\/v2\/types\/product"}],"replies":[{"embeddable":true,"href":"https:\/\/kmblock.com\/es\/wp-json\/wp\/v2\/comments?post=8790"}],"wp:featuredmedia":[{"embeddable":true,"href":"https:\/\/kmblock.com\/es\/wp-json\/wp\/v2\/media\/1075"}],"wp:attachment":[{"href":"https:\/\/kmblock.com\/es\/wp-json\/wp\/v2\/media?parent=8790"}],"wp:term":[{"taxonomy":"product_brand","embeddable":true,"href":"https:\/\/kmblock.com\/es\/wp-json\/wp\/v2\/product_brand?post=8790"},{"taxonomy":"product_cat","embeddable":true,"href":"https:\/\/kmblock.com\/es\/wp-json\/wp\/v2\/product_cat?post=8790"},{"taxonomy":"product_tag","embeddable":true,"href":"https:\/\/kmblock.com\/es\/wp-json\/wp\/v2\/product_tag?post=8790"}],"curies":[{"name":"wp","href":"https:\/\/api.w.org\/{rel}","templated":true}]}}