{"id":8780,"date":"2024-11-17T07:37:38","date_gmt":"2024-11-17T07:37:38","guid":{"rendered":"https:\/\/kmblock.com\/product\/mercedes-clase-a-w176\/"},"modified":"2024-11-17T07:37:38","modified_gmt":"2024-11-17T07:37:38","slug":"mercedes-clase-a-w176","status":"publish","type":"product","link":"https:\/\/kmblock.com\/es\/product\/mercedes-clase-a-w176\/","title":{"rendered":"Mercedes Clase A W176"},"content":{"rendered":"<h3><strong>Bloqueador de Kil\u00f3metros Mercedes Clase A W176 (Tope cuentakil\u00f3metros)<\/strong><\/h3>\n<h4><strong>Especificaciones<\/strong><\/h4>\n<ul>\n<li><strong>Instalaci\u00f3n DIY<\/strong>: F\u00e1cil de instalar sin necesidad de ayuda profesional.<\/li>\n<li><strong>C\u00f3modo funcionamiento de encendido\/apagado<\/strong>: Act\u00edvala o desact\u00edvala mientras conduces.<\/li>\n<li><strong>No requiere modificaciones<\/strong>: Sin soldar ni cortar cables; completamente libre de trazas.<\/li>\n<li><strong>Componentes de primera calidad<\/strong>: Viene con enchufes de alta calidad y cables resistentes al calor.<\/li>\n<li><strong>M\u00faltiples combinaciones de teclas<\/strong>: Funciona pulsando f\u00e1cilmente las teclas para cambiar de un ajuste a otro.<\/li>\n<li><strong>Integridad posterior a la retirada<\/strong>: Tras retirar el m\u00f3dulo, el kilometraje no aumenta autom\u00e1ticamente.<\/li>\n<li><strong>Invisible para el diagn\u00f3stico<\/strong>: Las herramientas de diagn\u00f3stico no detectar\u00e1n la alteraci\u00f3n del kilometraje en el Mercedes Clase A W176.<\/li>\n<li><strong>Retenci\u00f3n de ajustes<\/strong>: Una vez seleccionado un modo, los ajustes se guardan permanentemente.<\/li>\n<li><strong>Funcionamiento impecable<\/strong>: El veloc\u00edmetro y los sistemas de asistencia funcionan perfectamente, sin que aparezca ning\u00fan mensaje de error.<\/li>\n<li><strong>Instalaci\u00f3n sin problemas<\/strong>: La cara de acoplamiento y los rebordes del conector garantizan una instalaci\u00f3n sin problemas.<\/li>\n<li><strong>Desviaci\u00f3n del kilometraje<\/strong>: Para el modo de bloqueo de kilometraje completo, puede producirse una desviaci\u00f3n m\u00e1xima de hasta el 1% en la distancia indicada (esto se debe a estimaciones aproximadas en el kilometraje detenido).<\/li>\n<\/ul>\n<h3><strong>Activaci\u00f3n<\/strong><\/h3>\n<p><span data-sheets-root=\"1\">\u00abActivar\u00bb manteniendo pulsado el \u00abbot\u00f3n de retorno\u00bb durante 10 segundos hasta que se enciendan todas las luces.<\/span><\/p>\n<p><strong>Modo Encendido:<\/strong> se encienden todas las luces y cuenta el 0% de kilometraje. Todo funciona correctamente.<\/p>\n<p><strong>Modo Apagado<\/strong>: Se encienden todas las luces y cuenta el 100% del kilometraje. Todo funciona correctamente\u00bb.<\/p>\n<h4><strong>Calibraci\u00f3n del veloc\u00edmetro<\/strong><\/h4>\n<p>Si el veloc\u00edmetro no funciona correctamente, sigue el proceso de calibraci\u00f3n:<\/p>\n<ol>\n<li><strong>Activa el m\u00f3dulo<\/strong>.<\/li>\n<li><strong>Pulsa 10 veces la tecla de retorno<\/strong> para iniciar el calibrado (velocidad ideal: 60 km\/h).<\/li>\n<li>Utiliza las <strong>teclas de flecha arriba\/abajo<\/strong> para ajustar la velocidad.<\/li>\n<li>Aseg\u00farate de que la velocidad est\u00e1 ajustada correctamente controlando el veloc\u00edmetro.<\/li>\n<li>Pulsa el <strong>bot\u00f3n OK<\/strong> cuando la aguja del veloc\u00edmetro llegue a 0 o escuches un pitido corto.<\/li>\n<li>Pulsa <strong>12 veces<\/strong> la <strong>tecla de retorno<\/strong> para salir del modo de calibrado.<\/li>\n<\/ol>\n<hr>\n<h4><strong>C\u00f3mo funciona<\/strong><\/h4>\n<p>El <strong>Bloqueador de Kilometraje Mercedes Clase A W176<\/strong> es una herramienta dise\u00f1ada para impedir que el cuentakil\u00f3metros registre el kilometraje, especialmente \u00fatil durante las pruebas de rendimiento.<\/p>\n<ul>\n<li><strong>Compatibilidad vers\u00e1til<\/strong>: Funciona con cuentakil\u00f3metros digitales que miden en kil\u00f3metros o millas. El m\u00f3dulo es compatible con veh\u00edculos di\u00e9sel, de gasolina, h\u00edbridos enchufables y el\u00e9ctricos. <\/li>\n<li><strong>Funcionamiento sencillo<\/strong>: Cambia los ajustes utilizando combinaciones de teclas predefinidas para pasar de un modo a otro.<\/li>\n<li><strong>Caracter\u00edsticas principales<\/strong>: Detiene el recuento de kil\u00f3metros mientras conduces y se puede apagar en cualquier momento, tanto si el coche est\u00e1 en movimiento como parado.<\/li>\n<\/ul>\n<hr>\n<h4><strong>Notas importantes<\/strong><\/h4>\n<ul>\n<li><strong>No a la devoluci\u00f3n de millas enga\u00f1osa<\/strong>: No vendemos herramientas de reducci\u00f3n del kilometraje, ya que est\u00e1n destinadas a fines fraudulentos. Estas herramientas suelen intentar borrar las lecturas del cuentakil\u00f3metros, pero no consiguen alterar todas las unidades de almacenamiento de datos del coche. <\/li>\n<li><strong>Tope de Kilometraje vs. Correcci\u00f3n de Kilometraje<\/strong>: A diferencia de las herramientas de correcci\u00f3n que intentan manipular las lecturas de kilometraje, el <strong>Detector de Kil<\/strong> ometraje simplemente impide que se registre el kilometraje durante operaciones espec\u00edficas como las pruebas de rendimiento.<\/li>\n<\/ul>\n<hr>\n<p>Este <strong>bloqueador de kilometraje para Mercedes Clase A W176<\/strong> ofrece una soluci\u00f3n eficaz y f\u00e1cil de usar para controlar las lecturas del cuentakil\u00f3metros sin alterar permanentemente los datos del veh\u00edculo. Simplemente instala el m\u00f3dulo y disfruta de un control total sobre tu kilometraje. <\/p>\n<hr>\n","protected":false},"excerpt":{"rendered":"<p><strong>Informaci\u00f3n importante antes de realizar el pedido: <\/strong>Este dispositivo es adecuado para todos los modelos Mercedes Clase A W176 lanzados entre 2012-2018. F\u00e1cil instalaci\u00f3n sin necesidad de ayuda profesional. El m\u00f3dulo funciona sin dejar rastro, garantizando que el sistema permanezca indetectable. El dispositivo puede activarse o desactivarse durante la conducci\u00f3n, lo que ofrece flexibilidad. Equipado con enchufes de alta calidad y cables resistentes al calor para un funcionamiento fiable y duradero. El veloc\u00edmetro y todos los sistemas de asistencia funcionan a la perfecci\u00f3n, sin alterar las funciones normales del veh\u00edculo.     <\/p>\n<hr>\n<p><strong>Notas importantes:<\/strong> El sistema garantiza que no aparezcan mensajes de error en el veloc\u00edmetro, el salpicadero o el panel de navegaci\u00f3n durante el funcionamiento. Todas las funciones, incluido el control de crucero y otros sistemas de asistencia al veh\u00edculo, siguen funcionando sin problemas, incluso cuando el dispositivo est\u00e1 activado. Una vez activado el m\u00f3dulo, los ajustes permanecen guardados, por lo que no es necesario reconfigurarlo cada vez que arranques el coche.  <\/p>\n<p class=\"p1\"><b> \u2705 Integraci\u00f3n perfecta<\/b><b><\/b><\/p>\n<p class=\"p1\">\u2705<b> F\u00e1cil instalaci\u00f3n<\/b><b><\/b><\/p>\n<p class=\"p1\">\u2705<b> Gesti\u00f3n precisa del kilometraje<\/b><b><\/b><\/p>\n<p class=\"p1\"><b> \u2705 Funcionamiento en modo oculto<\/b><b><\/b><\/p>\n<p class=\"p1\"><span class=\"s1\">\u2705<\/span><b> Soporte y actualizaciones de por vida<\/b><\/p>\n","protected":false},"featured_media":1071,"comment_status":"open","ping_status":"closed","template":"","meta":[],"product_brand":[],"product_cat":[931],"product_tag":[],"class_list":{"0":"post-8780","1":"product","2":"type-product","3":"status-publish","4":"has-post-thumbnail","6":"product_cat-mercedes","8":"first","9":"instock","10":"taxable","11":"shipping-taxable","12":"purchasable","13":"product-type-variable"},"yoast_head":"<!-- This site is optimized with the Yoast SEO plugin v27.5 - https:\/\/yoast.com\/product\/yoast-seo-wordpress\/ -->\n<title>Mercedes Clase A W176 Mileage Blocker (KM stopper) \u2192 KM Block<\/title>\n<meta name=\"description\" content=\"Buy a Mercedes Clase A W176 Mileage Blocker for the Best Prices \u2713 Free Shipping \u2713 Incl. Installation Guides\" \/>\n<meta name=\"robots\" content=\"index, follow, max-snippet:-1, max-image-preview:large, max-video-preview:-1\" \/>\n<meta property=\"og:locale\" content=\"es_ES\" \/>\n<meta property=\"og:type\" content=\"article\" \/>\n<meta property=\"og:title\" content=\"Mercedes Clase A W176 Mileage Blocker (KM stopper) \u2192 KM Block\" \/>\n<meta property=\"og:description\" content=\"Buy a Mercedes Clase A W176 Mileage Blocker for the Best Prices \u2713 Free Shipping \u2713 Incl. Installation Guides\" \/>\n<meta property=\"og:url\" content=\"https:\/\/kmblock.com\/es\/product\/mercedes-clase-a-w176\/\" \/>\n<meta property=\"og:site_name\" content=\"KM Block\" \/>\n<meta property=\"og:image\" content=\"https:\/\/kmblock.com\/wp-content\/uploads\/2024\/11\/aclass-w176-600x491-1.jpg\" \/>\n\t<meta property=\"og:image:width\" content=\"600\" \/>\n\t<meta property=\"og:image:height\" content=\"491\" \/>\n\t<meta property=\"og:image:type\" content=\"image\/jpeg\" \/>\n<meta name=\"twitter:card\" content=\"summary_large_image\" \/>\n<meta name=\"twitter:label1\" content=\"Tiempo de lectura\" \/>\n\t<meta name=\"twitter:data1\" content=\"3 minutos\" \/>\n<script type=\"application\/ld+json\" class=\"yoast-schema-graph\">{\"@context\":\"https:\\\/\\\/schema.org\",\"@graph\":[{\"@type\":\"WebPage\",\"@id\":\"https:\\\/\\\/kmblock.com\\\/es\\\/product\\\/mercedes-clase-a-w176\\\/\",\"url\":\"https:\\\/\\\/kmblock.com\\\/es\\\/product\\\/mercedes-clase-a-w176\\\/\",\"name\":\"Mercedes Clase A W176 Mileage Blocker (KM stopper) \u2192 KM Block\",\"isPartOf\":{\"@id\":\"https:\\\/\\\/kmblock.com\\\/es\\\/#website\"},\"primaryImageOfPage\":{\"@id\":\"https:\\\/\\\/kmblock.com\\\/es\\\/product\\\/mercedes-clase-a-w176\\\/#primaryimage\"},\"image\":{\"@id\":\"https:\\\/\\\/kmblock.com\\\/es\\\/product\\\/mercedes-clase-a-w176\\\/#primaryimage\"},\"thumbnailUrl\":\"https:\\\/\\\/kmblock.com\\\/wp-content\\\/uploads\\\/2024\\\/11\\\/aclass-w176-600x491-1.jpg\",\"datePublished\":\"2024-11-17T07:37:38+00:00\",\"description\":\"Buy a Mercedes Clase A W176 Mileage Blocker for the Best Prices \u2713 Free Shipping \u2713 Incl. Installation Guides\",\"breadcrumb\":{\"@id\":\"https:\\\/\\\/kmblock.com\\\/es\\\/product\\\/mercedes-clase-a-w176\\\/#breadcrumb\"},\"inLanguage\":\"es\",\"potentialAction\":[{\"@type\":\"ReadAction\",\"target\":[\"https:\\\/\\\/kmblock.com\\\/es\\\/product\\\/mercedes-clase-a-w176\\\/\"]}]},{\"@type\":\"ImageObject\",\"inLanguage\":\"es\",\"@id\":\"https:\\\/\\\/kmblock.com\\\/es\\\/product\\\/mercedes-clase-a-w176\\\/#primaryimage\",\"url\":\"https:\\\/\\\/kmblock.com\\\/wp-content\\\/uploads\\\/2024\\\/11\\\/aclass-w176-600x491-1.jpg\",\"contentUrl\":\"https:\\\/\\\/kmblock.com\\\/wp-content\\\/uploads\\\/2024\\\/11\\\/aclass-w176-600x491-1.jpg\",\"width\":600,\"height\":491},{\"@type\":\"BreadcrumbList\",\"@id\":\"https:\\\/\\\/kmblock.com\\\/es\\\/product\\\/mercedes-clase-a-w176\\\/#breadcrumb\",\"itemListElement\":[{\"@type\":\"ListItem\",\"position\":1,\"name\":\"Inicio\",\"item\":\"https:\\\/\\\/kmblock.com\\\/es\\\/\"},{\"@type\":\"ListItem\",\"position\":2,\"name\":\"Productos\",\"item\":\"https:\\\/\\\/kmblock.com\\\/es\\\/shop\\\/\"},{\"@type\":\"ListItem\",\"position\":3,\"name\":\"Mercedes Clase A W176\"}]},{\"@type\":\"WebSite\",\"@id\":\"https:\\\/\\\/kmblock.com\\\/es\\\/#website\",\"url\":\"https:\\\/\\\/kmblock.com\\\/es\\\/\",\"name\":\"KM Block\",\"description\":\"\",\"publisher\":{\"@id\":\"https:\\\/\\\/kmblock.com\\\/es\\\/#organization\"},\"potentialAction\":[{\"@type\":\"SearchAction\",\"target\":{\"@type\":\"EntryPoint\",\"urlTemplate\":\"https:\\\/\\\/kmblock.com\\\/es\\\/?s={search_term_string}\"},\"query-input\":{\"@type\":\"PropertyValueSpecification\",\"valueRequired\":true,\"valueName\":\"search_term_string\"}}],\"inLanguage\":\"es\"},{\"@type\":\"Organization\",\"@id\":\"https:\\\/\\\/kmblock.com\\\/es\\\/#organization\",\"name\":\"Bloque KM\",\"url\":\"https:\\\/\\\/kmblock.com\\\/es\\\/\",\"logo\":{\"@type\":\"ImageObject\",\"inLanguage\":\"es\",\"@id\":\"https:\\\/\\\/kmblock.com\\\/es\\\/#\\\/schema\\\/logo\\\/image\\\/\",\"url\":\"https:\\\/\\\/kmblock.com\\\/wp-content\\\/uploads\\\/2024\\\/08\\\/main-logo.png\",\"contentUrl\":\"https:\\\/\\\/kmblock.com\\\/wp-content\\\/uploads\\\/2024\\\/08\\\/main-logo.png\",\"width\":186,\"height\":28,\"caption\":\"Bloque KM\"},\"image\":{\"@id\":\"https:\\\/\\\/kmblock.com\\\/es\\\/#\\\/schema\\\/logo\\\/image\\\/\"}}]}<\/script>\n<!-- \/ Yoast SEO plugin. -->","yoast_head_json":{"title":"Mercedes Clase A W176 Mileage Blocker (KM stopper) \u2192 KM Block","description":"Buy a Mercedes Clase A W176 Mileage Blocker for the Best Prices \u2713 Free Shipping \u2713 Incl. Installation Guides","robots":{"index":"index","follow":"follow","max-snippet":"max-snippet:-1","max-image-preview":"max-image-preview:large","max-video-preview":"max-video-preview:-1"},"og_locale":"es_ES","og_type":"article","og_title":"Mercedes Clase A W176 Mileage Blocker (KM stopper) \u2192 KM Block","og_description":"Buy a Mercedes Clase A W176 Mileage Blocker for the Best Prices \u2713 Free Shipping \u2713 Incl. Installation Guides","og_url":"https:\/\/kmblock.com\/es\/product\/mercedes-clase-a-w176\/","og_site_name":"KM Block","og_image":[{"width":600,"height":491,"url":"https:\/\/kmblock.com\/wp-content\/uploads\/2024\/11\/aclass-w176-600x491-1.jpg","type":"image\/jpeg"}],"twitter_card":"summary_large_image","twitter_misc":{"Tiempo de lectura":"3 minutos"},"schema":{"@context":"https:\/\/schema.org","@graph":[{"@type":"WebPage","@id":"https:\/\/kmblock.com\/es\/product\/mercedes-clase-a-w176\/","url":"https:\/\/kmblock.com\/es\/product\/mercedes-clase-a-w176\/","name":"Mercedes Clase A W176 Mileage Blocker (KM stopper) \u2192 KM Block","isPartOf":{"@id":"https:\/\/kmblock.com\/es\/#website"},"primaryImageOfPage":{"@id":"https:\/\/kmblock.com\/es\/product\/mercedes-clase-a-w176\/#primaryimage"},"image":{"@id":"https:\/\/kmblock.com\/es\/product\/mercedes-clase-a-w176\/#primaryimage"},"thumbnailUrl":"https:\/\/kmblock.com\/wp-content\/uploads\/2024\/11\/aclass-w176-600x491-1.jpg","datePublished":"2024-11-17T07:37:38+00:00","description":"Buy a Mercedes Clase A W176 Mileage Blocker for the Best Prices \u2713 Free Shipping \u2713 Incl. Installation Guides","breadcrumb":{"@id":"https:\/\/kmblock.com\/es\/product\/mercedes-clase-a-w176\/#breadcrumb"},"inLanguage":"es","potentialAction":[{"@type":"ReadAction","target":["https:\/\/kmblock.com\/es\/product\/mercedes-clase-a-w176\/"]}]},{"@type":"ImageObject","inLanguage":"es","@id":"https:\/\/kmblock.com\/es\/product\/mercedes-clase-a-w176\/#primaryimage","url":"https:\/\/kmblock.com\/wp-content\/uploads\/2024\/11\/aclass-w176-600x491-1.jpg","contentUrl":"https:\/\/kmblock.com\/wp-content\/uploads\/2024\/11\/aclass-w176-600x491-1.jpg","width":600,"height":491},{"@type":"BreadcrumbList","@id":"https:\/\/kmblock.com\/es\/product\/mercedes-clase-a-w176\/#breadcrumb","itemListElement":[{"@type":"ListItem","position":1,"name":"Inicio","item":"https:\/\/kmblock.com\/es\/"},{"@type":"ListItem","position":2,"name":"Productos","item":"https:\/\/kmblock.com\/es\/shop\/"},{"@type":"ListItem","position":3,"name":"Mercedes Clase A W176"}]},{"@type":"WebSite","@id":"https:\/\/kmblock.com\/es\/#website","url":"https:\/\/kmblock.com\/es\/","name":"KM Block","description":"","publisher":{"@id":"https:\/\/kmblock.com\/es\/#organization"},"potentialAction":[{"@type":"SearchAction","target":{"@type":"EntryPoint","urlTemplate":"https:\/\/kmblock.com\/es\/?s={search_term_string}"},"query-input":{"@type":"PropertyValueSpecification","valueRequired":true,"valueName":"search_term_string"}}],"inLanguage":"es"},{"@type":"Organization","@id":"https:\/\/kmblock.com\/es\/#organization","name":"Bloque KM","url":"https:\/\/kmblock.com\/es\/","logo":{"@type":"ImageObject","inLanguage":"es","@id":"https:\/\/kmblock.com\/es\/#\/schema\/logo\/image\/","url":"https:\/\/kmblock.com\/wp-content\/uploads\/2024\/08\/main-logo.png","contentUrl":"https:\/\/kmblock.com\/wp-content\/uploads\/2024\/08\/main-logo.png","width":186,"height":28,"caption":"Bloque KM"},"image":{"@id":"https:\/\/kmblock.com\/es\/#\/schema\/logo\/image\/"}}]}},"_links":{"self":[{"href":"https:\/\/kmblock.com\/es\/wp-json\/wp\/v2\/product\/8780","targetHints":{"allow":["GET"]}}],"collection":[{"href":"https:\/\/kmblock.com\/es\/wp-json\/wp\/v2\/product"}],"about":[{"href":"https:\/\/kmblock.com\/es\/wp-json\/wp\/v2\/types\/product"}],"replies":[{"embeddable":true,"href":"https:\/\/kmblock.com\/es\/wp-json\/wp\/v2\/comments?post=8780"}],"wp:featuredmedia":[{"embeddable":true,"href":"https:\/\/kmblock.com\/es\/wp-json\/wp\/v2\/media\/1071"}],"wp:attachment":[{"href":"https:\/\/kmblock.com\/es\/wp-json\/wp\/v2\/media?parent=8780"}],"wp:term":[{"taxonomy":"product_brand","embeddable":true,"href":"https:\/\/kmblock.com\/es\/wp-json\/wp\/v2\/product_brand?post=8780"},{"taxonomy":"product_cat","embeddable":true,"href":"https:\/\/kmblock.com\/es\/wp-json\/wp\/v2\/product_cat?post=8780"},{"taxonomy":"product_tag","embeddable":true,"href":"https:\/\/kmblock.com\/es\/wp-json\/wp\/v2\/product_tag?post=8780"}],"curies":[{"name":"wp","href":"https:\/\/api.w.org\/{rel}","templated":true}]}}