{"id":8709,"date":"2024-09-19T01:25:51","date_gmt":"2024-09-19T01:25:51","guid":{"rendered":"https:\/\/kmblock.com\/product\/bmw-6er-g32-gt\/"},"modified":"2024-09-19T01:25:51","modified_gmt":"2024-09-19T01:25:51","slug":"bmw-6er-g32-gt","status":"publish","type":"product","link":"https:\/\/kmblock.com\/es\/product\/bmw-6er-g32-gt\/","title":{"rendered":"BMW 6ER G32 GT"},"content":{"rendered":"<div class=\"flex max-w-full flex-col flex-grow\">\n<div class=\"min-h-[20px] text-message flex w-full flex-col items-end gap-2 whitespace-normal break-words [.text-message+&amp;]:mt-5\" dir=\"auto\" data-message-author-role=\"assistant\" data-message-id=\"486fbb14-d9b0-4abf-8aac-69dd9ef3f888\">\n<div class=\"flex w-full flex-col gap-1 empty:hidden first:pt-[3px]\">\n<div class=\"markdown prose w-full break-words dark:prose-invert dark\">\n<h3><strong>Bloqueador de kilometraje para BMW 6er G32 GT<\/strong><\/h3>\n<p>El bloqueador de cuentakil\u00f3metros BMW 6er G32 GT tambi\u00e9n se conoce como bloqueador de cuentakil\u00f3metros, bloqueador de cuentakil\u00f3metros, bloqueador de latas, bloqueador de cuentakil\u00f3metros, cuentakil\u00f3metros de viaje, filtro de latas o herramienta de correcci\u00f3n de cuentakil\u00f3metros.<\/p>\n<p><strong>Compatibilidad:<\/strong><br \/>\nEste dispositivo es adecuado para todos los modelos BMW 6er G32 GT lanzados desde 2017.<\/p>\n<h3><strong>Especificaciones:<\/strong><\/h3>\n<ul>\n<li><strong>Instalaci\u00f3n DIY:<\/strong> Sencilla, no es necesario soldar ni cortar cables.<\/li>\n<li><strong>Funcionamiento sin errores:<\/strong> No hay mensajes de error en el veloc\u00edmetro ni en el panel de navegaci\u00f3n.<\/li>\n<li><strong>Facilidad de uso:<\/strong> Funciona con varias combinaciones de teclas y no requiere abrir la ECU.<\/li>\n<li><strong>Componentes de alta calidad:<\/strong> Viene con enchufes de primera calidad y cables resistentes al calor.<\/li>\n<li><strong>M\u00faltiples modos:<\/strong> Permite varios ajustes, con preferencias guardadas despu\u00e9s de cada uso.<\/li>\n<li><strong>No hay aumento espont\u00e1neo del kilometraje:<\/strong> El kilometraje no aumenta despu\u00e9s de retirar el m\u00f3dulo.<\/li>\n<li><strong>Ajuste autom\u00e1tico del servicio:<\/strong> Ajusta autom\u00e1ticamente los intervalos de servicio sin generar mensajes de error para el asistente de \u00e1ngulo muerto o el control de crucero.<\/li>\n<\/ul>\n<h3><strong>Ajuste del servicio:<\/strong><\/h3>\n<ul>\n<li><strong>Control de servicio:<\/strong> Detiene el recuento de kil\u00f3metros, pero sigue controlando los intervalos de servicio. La cuenta atr\u00e1s de servicio se detiene hasta que queda un 30% del intervalo, luego se reinicia al 90%. <\/li>\n<li><strong>Detalles de los intervalos de mantenimiento:<\/strong> Generalmente, los intervalos de servicio son de 30.000 km para los motores di\u00e9sel y de 15.000 km para los motores de gasolina. Los porcentajes para el recuento de kil\u00f3metros son aproximados y pueden variar en funci\u00f3n de las condiciones de conducci\u00f3n. <\/li>\n<\/ul>\n<h3><strong>Activaci\u00f3n y desactivaci\u00f3n:<\/strong><\/h3>\n<p>\u00bb Enciende manteniendo pulsado el bot\u00f3n BC durante 10 segundos hasta que se enciendan todas las luces de la pantalla.<\/p>\n<p><strong>Modo Verde:<\/strong> cuentakil\u00f3metros original de nuevo 100% original. Todo funciona correctamente. <\/p>\n<p><strong>Modo Amarillo:<\/strong> el recuento de kil\u00f3metros se ralentiza un 30%. Cada 100 km 30 km. Todo funciona bien.  <\/p>\n<p><strong>Modo Rojo:<\/strong> el contador de kil\u00f3metros ya no est\u00e1 al 0%. La velocidad no funciona\u00bb. <\/p>\n<p><strong>\u00bfQu\u00e9 es?<\/strong><br \/>\nEl Bloqueador de Kilometraje BMW 6er G32 GT est\u00e1 dise\u00f1ado para detener la acumulaci\u00f3n de kil\u00f3metros mientras compruebas el rendimiento de tu veh\u00edculo. Funciona eficazmente tanto si tu cuentakil\u00f3metros digital mide el kilometraje en millas como en kil\u00f3metros. Hay que tener en cuenta que no ofrecemos herramientas de Correcci\u00f3n del Kilometraje, que est\u00e1n pensadas para pr\u00e1cticas enga\u00f1osas como hacer retroceder las cifras de kilometraje. Nuestro Bloqueador de Kilometraje est\u00e1 dise\u00f1ado para ayudar en las pruebas de rendimiento y es compatible con veh\u00edculos di\u00e9sel, de gasolina, h\u00edbridos y el\u00e9ctricos.   <\/p>\n<p><strong>Instalaci\u00f3n:<\/strong><br \/>\nEl proceso de instalaci\u00f3n es sencillo, consiste en conectar el dispositivo entre el puerto del veloc\u00edmetro y el cuadro de instrumentos. Funciona sin necesidad de un conocimiento profundo del veh\u00edculo y ofrece una valiosa herramienta para realizar pruebas controladas de rendimiento. <\/p>\n<\/div>\n<\/div>\n<\/div>\n<\/div>\n","protected":false},"excerpt":{"rendered":"<div class=\"flex-shrink-0 flex flex-col relative items-end\">\n<div class=\"pt-0\">\n<div class=\"gizmo-bot-avatar flex h-8 w-8 items-center justify-center overflow-hidden rounded-full\">\n<div class=\"relative p-1 rounded-sm flex items-center justify-center bg-token-main-surface-primary text-token-text-primary h-8 w-8\">\n<p>Antes de hacer el pedido, lee atentamente la activaci\u00f3n del m\u00f3dulo y las notas importantes sobre los mensajes de error y las funciones que aparecen a continuaci\u00f3n.<\/p>\n<p><strong>Este dispositivo es adecuado para todos los modelos BMW 6er G32 GT lanzados desde 2017.  <\/strong>  Funcional en determinados modos. Sin mensajes de error del asistente de \u00e1ngulo muerto o fallo del control de crucero. F\u00e1cil de instalar sin necesidad de ayuda profesional. Viene con enchufes de primera calidad y cables resistentes al calor. Funciona con LCD 6WB y Live Cockpit.    <\/p>\n<p class=\"p1\"><b> \u2705 Integraci\u00f3n perfecta<\/b><b><\/b><\/p>\n<p class=\"p1\">\u2705<b> F\u00e1cil instalaci\u00f3n<\/b><b><\/b><\/p>\n<p class=\"p1\">\u2705<b> Gesti\u00f3n precisa del kilometraje<\/b><b><\/b><\/p>\n<p class=\"p1\"><b> \u2705 Funcionamiento en modo oculto<\/b><b><\/b><\/p>\n<p class=\"p1\"><span class=\"s1\">\u2705<\/span><b> Soporte y actualizaciones de por vida<\/b><\/p>\n<\/div>\n<\/div>\n<\/div>\n<\/div>\n","protected":false},"featured_media":731,"comment_status":"open","ping_status":"closed","template":"","meta":[],"product_brand":[],"product_cat":[861],"product_tag":[],"class_list":{"0":"post-8709","1":"product","2":"type-product","3":"status-publish","4":"has-post-thumbnail","6":"product_cat-bmw","8":"first","9":"instock","10":"taxable","11":"shipping-taxable","12":"purchasable","13":"product-type-variable"},"yoast_head":"<!-- This site is optimized with the Yoast SEO plugin v27.5 - https:\/\/yoast.com\/product\/yoast-seo-wordpress\/ -->\n<title>BMW 6ER G32 GT Mileage Blocker (KM stopper) \u2192 KM Block<\/title>\n<meta name=\"description\" content=\"Buy a BMW 6ER G32 GT Mileage Blocker for the Best Prices \u2713 Free Shipping \u2713 Incl. Installation Guides\" \/>\n<meta name=\"robots\" content=\"index, follow, max-snippet:-1, max-image-preview:large, max-video-preview:-1\" \/>\n<meta property=\"og:locale\" content=\"es_ES\" \/>\n<meta property=\"og:type\" content=\"article\" \/>\n<meta property=\"og:title\" content=\"BMW 6ER G32 GT Mileage Blocker (KM stopper) \u2192 KM Block\" \/>\n<meta property=\"og:description\" content=\"Buy a BMW 6ER G32 GT Mileage Blocker for the Best Prices \u2713 Free Shipping \u2713 Incl. Installation Guides\" \/>\n<meta property=\"og:url\" content=\"https:\/\/kmblock.com\/es\/product\/bmw-6er-g32-gt\/\" \/>\n<meta property=\"og:site_name\" content=\"KM Block\" \/>\n<meta property=\"og:image\" content=\"https:\/\/kmblock.com\/wp-content\/uploads\/2024\/09\/BMW-6ER-G32-GT.jpg\" \/>\n\t<meta property=\"og:image:width\" content=\"800\" \/>\n\t<meta property=\"og:image:height\" content=\"800\" \/>\n\t<meta property=\"og:image:type\" content=\"image\/jpeg\" \/>\n<meta name=\"twitter:card\" content=\"summary_large_image\" \/>\n<meta name=\"twitter:label1\" content=\"Tiempo de lectura\" \/>\n\t<meta name=\"twitter:data1\" content=\"2 minutos\" \/>\n<script type=\"application\/ld+json\" class=\"yoast-schema-graph\">{\"@context\":\"https:\\\/\\\/schema.org\",\"@graph\":[{\"@type\":\"WebPage\",\"@id\":\"https:\\\/\\\/kmblock.com\\\/es\\\/product\\\/bmw-6er-g32-gt\\\/\",\"url\":\"https:\\\/\\\/kmblock.com\\\/es\\\/product\\\/bmw-6er-g32-gt\\\/\",\"name\":\"BMW 6ER G32 GT Mileage Blocker (KM stopper) \u2192 KM Block\",\"isPartOf\":{\"@id\":\"https:\\\/\\\/kmblock.com\\\/es\\\/#website\"},\"primaryImageOfPage\":{\"@id\":\"https:\\\/\\\/kmblock.com\\\/es\\\/product\\\/bmw-6er-g32-gt\\\/#primaryimage\"},\"image\":{\"@id\":\"https:\\\/\\\/kmblock.com\\\/es\\\/product\\\/bmw-6er-g32-gt\\\/#primaryimage\"},\"thumbnailUrl\":\"https:\\\/\\\/kmblock.com\\\/wp-content\\\/uploads\\\/2024\\\/09\\\/BMW-6ER-G32-GT.jpg\",\"datePublished\":\"2024-09-19T01:25:51+00:00\",\"description\":\"Buy a BMW 6ER G32 GT Mileage Blocker for the Best Prices \u2713 Free Shipping \u2713 Incl. Installation Guides\",\"breadcrumb\":{\"@id\":\"https:\\\/\\\/kmblock.com\\\/es\\\/product\\\/bmw-6er-g32-gt\\\/#breadcrumb\"},\"inLanguage\":\"es\",\"potentialAction\":[{\"@type\":\"ReadAction\",\"target\":[\"https:\\\/\\\/kmblock.com\\\/es\\\/product\\\/bmw-6er-g32-gt\\\/\"]}]},{\"@type\":\"ImageObject\",\"inLanguage\":\"es\",\"@id\":\"https:\\\/\\\/kmblock.com\\\/es\\\/product\\\/bmw-6er-g32-gt\\\/#primaryimage\",\"url\":\"https:\\\/\\\/kmblock.com\\\/wp-content\\\/uploads\\\/2024\\\/09\\\/BMW-6ER-G32-GT.jpg\",\"contentUrl\":\"https:\\\/\\\/kmblock.com\\\/wp-content\\\/uploads\\\/2024\\\/09\\\/BMW-6ER-G32-GT.jpg\",\"width\":800,\"height\":800,\"caption\":\"BMW 6ER G32 GT\"},{\"@type\":\"BreadcrumbList\",\"@id\":\"https:\\\/\\\/kmblock.com\\\/es\\\/product\\\/bmw-6er-g32-gt\\\/#breadcrumb\",\"itemListElement\":[{\"@type\":\"ListItem\",\"position\":1,\"name\":\"Inicio\",\"item\":\"https:\\\/\\\/kmblock.com\\\/es\\\/\"},{\"@type\":\"ListItem\",\"position\":2,\"name\":\"Productos\",\"item\":\"https:\\\/\\\/kmblock.com\\\/es\\\/shop\\\/\"},{\"@type\":\"ListItem\",\"position\":3,\"name\":\"BMW 6ER G32 GT\"}]},{\"@type\":\"WebSite\",\"@id\":\"https:\\\/\\\/kmblock.com\\\/es\\\/#website\",\"url\":\"https:\\\/\\\/kmblock.com\\\/es\\\/\",\"name\":\"KM Block\",\"description\":\"\",\"publisher\":{\"@id\":\"https:\\\/\\\/kmblock.com\\\/es\\\/#organization\"},\"potentialAction\":[{\"@type\":\"SearchAction\",\"target\":{\"@type\":\"EntryPoint\",\"urlTemplate\":\"https:\\\/\\\/kmblock.com\\\/es\\\/?s={search_term_string}\"},\"query-input\":{\"@type\":\"PropertyValueSpecification\",\"valueRequired\":true,\"valueName\":\"search_term_string\"}}],\"inLanguage\":\"es\"},{\"@type\":\"Organization\",\"@id\":\"https:\\\/\\\/kmblock.com\\\/es\\\/#organization\",\"name\":\"Bloque KM\",\"url\":\"https:\\\/\\\/kmblock.com\\\/es\\\/\",\"logo\":{\"@type\":\"ImageObject\",\"inLanguage\":\"es\",\"@id\":\"https:\\\/\\\/kmblock.com\\\/es\\\/#\\\/schema\\\/logo\\\/image\\\/\",\"url\":\"https:\\\/\\\/kmblock.com\\\/wp-content\\\/uploads\\\/2024\\\/08\\\/main-logo.png\",\"contentUrl\":\"https:\\\/\\\/kmblock.com\\\/wp-content\\\/uploads\\\/2024\\\/08\\\/main-logo.png\",\"width\":186,\"height\":28,\"caption\":\"Bloque KM\"},\"image\":{\"@id\":\"https:\\\/\\\/kmblock.com\\\/es\\\/#\\\/schema\\\/logo\\\/image\\\/\"}}]}<\/script>\n<!-- \/ Yoast SEO plugin. -->","yoast_head_json":{"title":"BMW 6ER G32 GT Mileage Blocker (KM stopper) \u2192 KM Block","description":"Buy a BMW 6ER G32 GT Mileage Blocker for the Best Prices \u2713 Free Shipping \u2713 Incl. Installation Guides","robots":{"index":"index","follow":"follow","max-snippet":"max-snippet:-1","max-image-preview":"max-image-preview:large","max-video-preview":"max-video-preview:-1"},"og_locale":"es_ES","og_type":"article","og_title":"BMW 6ER G32 GT Mileage Blocker (KM stopper) \u2192 KM Block","og_description":"Buy a BMW 6ER G32 GT Mileage Blocker for the Best Prices \u2713 Free Shipping \u2713 Incl. Installation Guides","og_url":"https:\/\/kmblock.com\/es\/product\/bmw-6er-g32-gt\/","og_site_name":"KM Block","og_image":[{"width":800,"height":800,"url":"https:\/\/kmblock.com\/wp-content\/uploads\/2024\/09\/BMW-6ER-G32-GT.jpg","type":"image\/jpeg"}],"twitter_card":"summary_large_image","twitter_misc":{"Tiempo de lectura":"2 minutos"},"schema":{"@context":"https:\/\/schema.org","@graph":[{"@type":"WebPage","@id":"https:\/\/kmblock.com\/es\/product\/bmw-6er-g32-gt\/","url":"https:\/\/kmblock.com\/es\/product\/bmw-6er-g32-gt\/","name":"BMW 6ER G32 GT Mileage Blocker (KM stopper) \u2192 KM Block","isPartOf":{"@id":"https:\/\/kmblock.com\/es\/#website"},"primaryImageOfPage":{"@id":"https:\/\/kmblock.com\/es\/product\/bmw-6er-g32-gt\/#primaryimage"},"image":{"@id":"https:\/\/kmblock.com\/es\/product\/bmw-6er-g32-gt\/#primaryimage"},"thumbnailUrl":"https:\/\/kmblock.com\/wp-content\/uploads\/2024\/09\/BMW-6ER-G32-GT.jpg","datePublished":"2024-09-19T01:25:51+00:00","description":"Buy a BMW 6ER G32 GT Mileage Blocker for the Best Prices \u2713 Free Shipping \u2713 Incl. Installation Guides","breadcrumb":{"@id":"https:\/\/kmblock.com\/es\/product\/bmw-6er-g32-gt\/#breadcrumb"},"inLanguage":"es","potentialAction":[{"@type":"ReadAction","target":["https:\/\/kmblock.com\/es\/product\/bmw-6er-g32-gt\/"]}]},{"@type":"ImageObject","inLanguage":"es","@id":"https:\/\/kmblock.com\/es\/product\/bmw-6er-g32-gt\/#primaryimage","url":"https:\/\/kmblock.com\/wp-content\/uploads\/2024\/09\/BMW-6ER-G32-GT.jpg","contentUrl":"https:\/\/kmblock.com\/wp-content\/uploads\/2024\/09\/BMW-6ER-G32-GT.jpg","width":800,"height":800,"caption":"BMW 6ER G32 GT"},{"@type":"BreadcrumbList","@id":"https:\/\/kmblock.com\/es\/product\/bmw-6er-g32-gt\/#breadcrumb","itemListElement":[{"@type":"ListItem","position":1,"name":"Inicio","item":"https:\/\/kmblock.com\/es\/"},{"@type":"ListItem","position":2,"name":"Productos","item":"https:\/\/kmblock.com\/es\/shop\/"},{"@type":"ListItem","position":3,"name":"BMW 6ER G32 GT"}]},{"@type":"WebSite","@id":"https:\/\/kmblock.com\/es\/#website","url":"https:\/\/kmblock.com\/es\/","name":"KM Block","description":"","publisher":{"@id":"https:\/\/kmblock.com\/es\/#organization"},"potentialAction":[{"@type":"SearchAction","target":{"@type":"EntryPoint","urlTemplate":"https:\/\/kmblock.com\/es\/?s={search_term_string}"},"query-input":{"@type":"PropertyValueSpecification","valueRequired":true,"valueName":"search_term_string"}}],"inLanguage":"es"},{"@type":"Organization","@id":"https:\/\/kmblock.com\/es\/#organization","name":"Bloque KM","url":"https:\/\/kmblock.com\/es\/","logo":{"@type":"ImageObject","inLanguage":"es","@id":"https:\/\/kmblock.com\/es\/#\/schema\/logo\/image\/","url":"https:\/\/kmblock.com\/wp-content\/uploads\/2024\/08\/main-logo.png","contentUrl":"https:\/\/kmblock.com\/wp-content\/uploads\/2024\/08\/main-logo.png","width":186,"height":28,"caption":"Bloque KM"},"image":{"@id":"https:\/\/kmblock.com\/es\/#\/schema\/logo\/image\/"}}]}},"_links":{"self":[{"href":"https:\/\/kmblock.com\/es\/wp-json\/wp\/v2\/product\/8709","targetHints":{"allow":["GET"]}}],"collection":[{"href":"https:\/\/kmblock.com\/es\/wp-json\/wp\/v2\/product"}],"about":[{"href":"https:\/\/kmblock.com\/es\/wp-json\/wp\/v2\/types\/product"}],"replies":[{"embeddable":true,"href":"https:\/\/kmblock.com\/es\/wp-json\/wp\/v2\/comments?post=8709"}],"wp:featuredmedia":[{"embeddable":true,"href":"https:\/\/kmblock.com\/es\/wp-json\/wp\/v2\/media\/731"}],"wp:attachment":[{"href":"https:\/\/kmblock.com\/es\/wp-json\/wp\/v2\/media?parent=8709"}],"wp:term":[{"taxonomy":"product_brand","embeddable":true,"href":"https:\/\/kmblock.com\/es\/wp-json\/wp\/v2\/product_brand?post=8709"},{"taxonomy":"product_cat","embeddable":true,"href":"https:\/\/kmblock.com\/es\/wp-json\/wp\/v2\/product_cat?post=8709"},{"taxonomy":"product_tag","embeddable":true,"href":"https:\/\/kmblock.com\/es\/wp-json\/wp\/v2\/product_tag?post=8709"}],"curies":[{"name":"wp","href":"https:\/\/api.w.org\/{rel}","templated":true}]}}