{"id":8674,"date":"2024-09-18T22:51:12","date_gmt":"2024-09-18T22:51:12","guid":{"rendered":"https:\/\/kmblock.com\/product\/bmw-4er-g22-g23-g26-g83-i4\/"},"modified":"2024-09-18T22:51:12","modified_gmt":"2024-09-18T22:51:12","slug":"bmw-4er-g22-g23-g26-g83-i4","status":"publish","type":"product","link":"https:\/\/kmblock.com\/es\/product\/bmw-4er-g22-g23-g26-g83-i4\/","title":{"rendered":"BMW 4ER G22\/G23\/G26\/G83\/I4"},"content":{"rendered":"<div class=\"flex max-w-full flex-col flex-grow\">\n<div class=\"min-h-[20px] text-message flex w-full flex-col items-end gap-2 whitespace-normal break-words [.text-message+&amp;]:mt-5\" dir=\"auto\" data-message-author-role=\"assistant\" data-message-id=\"486fbb14-d9b0-4abf-8aac-69dd9ef3f888\">\n<div class=\"flex w-full flex-col gap-1 empty:hidden first:pt-[3px]\">\n<div class=\"markdown prose w-full break-words dark:prose-invert dark\">\n<h3><strong>BLOQUEADOR DE KILOMETRAJE PARA BMW 4ER G22\/G23\/G26\/G83\/I4<\/strong><\/h3>\n<p>El bloqueador de cuentakil\u00f3metros BMW 4ER G22\/G23\/G26\/G83\/I4 tambi\u00e9n se conoce como bloqueador de cuentakil\u00f3metros, bloqueador de cuentakil\u00f3metros, bloqueador de latas, bloqueador de cuentakil\u00f3metros, cuentakil\u00f3metros de viaje, filtro de latas y, ocasionalmente, como herramienta de correcci\u00f3n de cuentakil\u00f3metros.<\/p>\n<p><strong>Modelos compatibles:<\/strong><br \/>\nEste dispositivo es adecuado para todos los modelos BMW 4ER G22\/G23\/G26\/G83\/I4 lanzados desde 2020.<\/p>\n<h3>Especificaciones clave:<\/h3>\n<ul>\n<li><strong>Instalaci\u00f3n DIY:<\/strong> Sencillo proceso de instalaci\u00f3n sin necesidad de abrir la ECU.<\/li>\n<li><strong>M\u00faltiples modos:<\/strong> Personaliza el uso con distintos modos seg\u00fan el software de tu veh\u00edculo.<\/li>\n<li><strong>Compatibilidad con actualizaciones de software:<\/strong> Tras actualizar el software del veh\u00edculo, basta con activar el modo dos, sin necesidad de intercambios ni actualizaciones posteriores.<\/li>\n<li><strong>Calidad de primera:<\/strong> Equipado con enchufes de alta calidad y cables resistentes al calor.<\/li>\n<li><strong>Sin errores:<\/strong> No hay mensajes de error en el veloc\u00edmetro ni en el panel de navegaci\u00f3n.<\/li>\n<li><strong>Sin cortar ni soldar:<\/strong> No requiere soldar ni cortar cables.<\/li>\n<li><strong>F\u00e1cil manejo:<\/strong> Se controla mediante combinaciones de teclas para cambiar de modo sin interrupciones.<\/li>\n<li><strong>Estabilidad del kilometraje:<\/strong> Despu\u00e9s de quitar el m\u00f3dulo, el kilometraje no aumentar\u00e1 inesperadamente.<\/li>\n<li><strong>Ajustes persistentes:<\/strong> Los ajustes se guardan permanentemente y no es necesario volver a ajustarlos despu\u00e9s de la configuraci\u00f3n inicial.<\/li>\n<li><strong>Compatibilidad de sistemas:<\/strong> El indicador de velocidad y los sistemas de asistencia funcionan (en determinados modos).<\/li>\n<li><strong>Instalaci\u00f3n sin esfuerzo:<\/strong> La cara de acoplamiento y los rebordes del conector garantizan una instalaci\u00f3n sencilla.<\/li>\n<li><strong>Ajuste del servicio:<\/strong> Ajuste autom\u00e1tico de los intervalos de mantenimiento.<\/li>\n<li><strong>Desviaci\u00f3n menor:<\/strong> En los modos que alteran el kilometraje, se permite una desviaci\u00f3n de hasta el 1% de la distancia recorrida. Cualquier desviaci\u00f3n es menor y se basa en aproximaciones. <\/li>\n<\/ul>\n<h3>Activaci\u00f3n y desactivaci\u00f3n para Live Cockpit:<\/h3>\n<p>\u00bb Enciende manteniendo pulsado el bot\u00f3n BC durante 10 segundos hasta que se enciendan todas las luces de la pantalla.<\/p>\n<p><strong>Modo Verde:<\/strong> cuentakil\u00f3metros original de nuevo 100% original. Todo funciona correctamente. <\/p>\n<p><strong>Modo Amarillo:<\/strong> el recuento de kil\u00f3metros se ralentiza un 30%. Cada 100 km 30 km. Todo funciona bien.  <\/p>\n<p><strong>Modo Rojo:<\/strong> el contador de kil\u00f3metros ya no est\u00e1 al 0%. La velocidad no funciona\u00bb. <\/p>\n<h3>Ajuste del servicio:<\/h3>\n<p>El Bloqueador de Kilometraje no s\u00f3lo deja de contar la distancia recorrida en todas las memorias, sino que tambi\u00e9n ajusta autom\u00e1ticamente el intervalo de servicio. Al utilizar la herramienta, la cuenta atr\u00e1s de \u00abServicio\u00bb contin\u00faa pero no registra el kilometraje hasta que s\u00f3lo queda un 30%. Una vez que alcanza el 30%, se reinicia al 90%, y este reinicio no se registra a menos que se haya enviado un mensaje de servicio.  <\/p>\n<p>Por ejemplo, a un veh\u00edculo di\u00e9sel con un intervalo de mantenimiento de 30.000 km le quedar\u00edan 9.000 km al 30%. Una vez activado el tope de kilometraje, \u00e9ste retrasa la revisi\u00f3n a 27.000 km (90%). Aunque los intervalos de mantenimiento exactos var\u00edan, el sistema de porcentajes sigue siendo preciso.  <\/p>\n<h3>\u00bfQu\u00e9 es el bloqueador del cuentakil\u00f3metros o herramienta de correcci\u00f3n del kilometraje BMW 4ER G22\/G23\/G26\/G83\/I4?<\/h3>\n<p>El Bloqueador de Kilometraje BMW 4ER G22\/G23\/G26\/G83\/I4 se dise\u00f1\u00f3 para detener el recuento de kil\u00f3metros durante las pruebas de rendimiento. Funciona con cuentakil\u00f3metros digitales tanto en millas como en kil\u00f3metros, y nuestro software est\u00e1 adaptado a cada modelo de veh\u00edculo para un funcionamiento impecable. Mediante combinaciones de teclas, puedes cambiar f\u00e1cilmente de un modo a otro.  <\/p>\n<p><strong>Importante:<\/strong> No vendemos herramientas de correcci\u00f3n del kilometraje con fines fraudulentos. Las herramientas de correcci\u00f3n del kilometraje, que intentan hacer retroceder las lecturas del cuentakil\u00f3metros, son ineficaces en los coches modernos debido a las m\u00faltiples unidades de almacenamiento de datos. <\/p>\n<h3>Beneficios del Bloqueador de Kilometraje:<\/h3>\n<p>Este dispositivo sirve para coches di\u00e9sel, de gasolina, veh\u00edculos el\u00e9ctricos h\u00edbridos enchufables (PHEV) y el\u00e9ctricos, y ofrece una soluci\u00f3n f\u00e1cil de instalar para realizar pruebas de rendimiento en un entorno controlado.<\/p>\n<\/div>\n<\/div>\n<\/div>\n<\/div>\n","protected":false},"excerpt":{"rendered":"<div class=\"flex-shrink-0 flex flex-col relative items-end\">\n<div class=\"pt-0\">\n<div class=\"gizmo-bot-avatar flex h-8 w-8 items-center justify-center overflow-hidden rounded-full\">\n<div class=\"relative p-1 rounded-sm flex items-center justify-center bg-token-main-surface-primary text-token-text-primary h-8 w-8\">\n<p>Antes de hacer tu pedido, revisa atentamente los detalles de activaci\u00f3n del m\u00f3dulo y las notas importantes sobre los mensajes de error y la funcionalidad.<\/p>\n<p><strong>Compatibilidad: <\/strong>Este dispositivo es adecuado para todos los modelos BMW 4er G22\/G23\/G26\/G83\/I4 lanzados desde 2020. Indicador de velocidad y programas de asistencia: Estas funciones est\u00e1n disponibles en modos espec\u00edficos. Sin mensajes de error del asistente de \u00e1ngulo muerto o fallo del control de crucero. F\u00e1cil autoinstalaci\u00f3n sin necesidad de ayuda profesional. Viene con enchufes de alta calidad y cables resistentes al calor para mayor durabilidad.    <\/p>\n<p class=\"p1\"><b> \u2705 Integraci\u00f3n perfecta<\/b><b><\/b><\/p>\n<p class=\"p1\">\u2705<b> F\u00e1cil instalaci\u00f3n<\/b><b><\/b><\/p>\n<p class=\"p1\">\u2705<b> Gesti\u00f3n precisa del kilometraje<\/b><b><\/b><\/p>\n<p class=\"p1\"><b> \u2705 Funcionamiento en modo oculto<\/b><b><\/b><\/p>\n<p class=\"p1\"><span class=\"s1\">\u2705<\/span><b> Soporte y actualizaciones de por vida<\/b><\/p>\n<\/div>\n<\/div>\n<\/div>\n<\/div>\n","protected":false},"featured_media":723,"comment_status":"open","ping_status":"closed","template":"","meta":[],"product_brand":[],"product_cat":[861],"product_tag":[],"class_list":{"0":"post-8674","1":"product","2":"type-product","3":"status-publish","4":"has-post-thumbnail","6":"product_cat-bmw","8":"first","9":"instock","10":"taxable","11":"shipping-taxable","12":"purchasable","13":"product-type-variable"},"yoast_head":"<!-- This site is optimized with the Yoast SEO plugin v27.5 - https:\/\/yoast.com\/product\/yoast-seo-wordpress\/ -->\n<title>BMW 4ER G22\/G23\/G26\/G83\/I4 Mileage Blocker (KM stopper) \u2192 KM Block<\/title>\n<meta name=\"description\" content=\"Buy a BMW 4ER G22\/G23\/G26\/G83\/I4 Mileage Blocker for the Best Prices \u2713 Free Shipping \u2713 Incl. Installation Guides\" \/>\n<meta name=\"robots\" content=\"index, follow, max-snippet:-1, max-image-preview:large, max-video-preview:-1\" \/>\n<meta property=\"og:locale\" content=\"es_ES\" \/>\n<meta property=\"og:type\" content=\"article\" \/>\n<meta property=\"og:title\" content=\"BMW 4ER G22\/G23\/G26\/G83\/I4 Mileage Blocker (KM stopper) \u2192 KM Block\" \/>\n<meta property=\"og:description\" content=\"Buy a BMW 4ER G22\/G23\/G26\/G83\/I4 Mileage Blocker for the Best Prices \u2713 Free Shipping \u2713 Incl. Installation Guides\" \/>\n<meta property=\"og:url\" content=\"https:\/\/kmblock.com\/es\/product\/bmw-4er-g22-g23-g26-g83-i4\/\" \/>\n<meta property=\"og:site_name\" content=\"KM Block\" \/>\n<meta property=\"og:image\" content=\"https:\/\/kmblock.com\/wp-content\/uploads\/2024\/09\/BMW-4ER-G22G23G26G83I4.webp\" \/>\n\t<meta property=\"og:image:width\" content=\"800\" \/>\n\t<meta property=\"og:image:height\" content=\"800\" \/>\n\t<meta property=\"og:image:type\" content=\"image\/webp\" \/>\n<meta name=\"twitter:card\" content=\"summary_large_image\" \/>\n<meta name=\"twitter:label1\" content=\"Tiempo de lectura\" \/>\n\t<meta name=\"twitter:data1\" content=\"3 minutos\" \/>\n<script type=\"application\/ld+json\" class=\"yoast-schema-graph\">{\"@context\":\"https:\\\/\\\/schema.org\",\"@graph\":[{\"@type\":\"WebPage\",\"@id\":\"https:\\\/\\\/kmblock.com\\\/es\\\/product\\\/bmw-4er-g22-g23-g26-g83-i4\\\/\",\"url\":\"https:\\\/\\\/kmblock.com\\\/es\\\/product\\\/bmw-4er-g22-g23-g26-g83-i4\\\/\",\"name\":\"BMW 4ER G22\\\/G23\\\/G26\\\/G83\\\/I4 Mileage Blocker (KM stopper) \u2192 KM Block\",\"isPartOf\":{\"@id\":\"https:\\\/\\\/kmblock.com\\\/es\\\/#website\"},\"primaryImageOfPage\":{\"@id\":\"https:\\\/\\\/kmblock.com\\\/es\\\/product\\\/bmw-4er-g22-g23-g26-g83-i4\\\/#primaryimage\"},\"image\":{\"@id\":\"https:\\\/\\\/kmblock.com\\\/es\\\/product\\\/bmw-4er-g22-g23-g26-g83-i4\\\/#primaryimage\"},\"thumbnailUrl\":\"https:\\\/\\\/kmblock.com\\\/wp-content\\\/uploads\\\/2024\\\/09\\\/BMW-4ER-G22G23G26G83I4.webp\",\"datePublished\":\"2024-09-18T22:51:12+00:00\",\"description\":\"Buy a BMW 4ER G22\\\/G23\\\/G26\\\/G83\\\/I4 Mileage Blocker for the Best Prices \u2713 Free Shipping \u2713 Incl. Installation Guides\",\"breadcrumb\":{\"@id\":\"https:\\\/\\\/kmblock.com\\\/es\\\/product\\\/bmw-4er-g22-g23-g26-g83-i4\\\/#breadcrumb\"},\"inLanguage\":\"es\",\"potentialAction\":[{\"@type\":\"ReadAction\",\"target\":[\"https:\\\/\\\/kmblock.com\\\/es\\\/product\\\/bmw-4er-g22-g23-g26-g83-i4\\\/\"]}]},{\"@type\":\"ImageObject\",\"inLanguage\":\"es\",\"@id\":\"https:\\\/\\\/kmblock.com\\\/es\\\/product\\\/bmw-4er-g22-g23-g26-g83-i4\\\/#primaryimage\",\"url\":\"https:\\\/\\\/kmblock.com\\\/wp-content\\\/uploads\\\/2024\\\/09\\\/BMW-4ER-G22G23G26G83I4.webp\",\"contentUrl\":\"https:\\\/\\\/kmblock.com\\\/wp-content\\\/uploads\\\/2024\\\/09\\\/BMW-4ER-G22G23G26G83I4.webp\",\"width\":800,\"height\":800,\"caption\":\"BMW 4ER G22\\\/G23\\\/G26\\\/G83\\\/I4\"},{\"@type\":\"BreadcrumbList\",\"@id\":\"https:\\\/\\\/kmblock.com\\\/es\\\/product\\\/bmw-4er-g22-g23-g26-g83-i4\\\/#breadcrumb\",\"itemListElement\":[{\"@type\":\"ListItem\",\"position\":1,\"name\":\"Inicio\",\"item\":\"https:\\\/\\\/kmblock.com\\\/es\\\/\"},{\"@type\":\"ListItem\",\"position\":2,\"name\":\"Productos\",\"item\":\"https:\\\/\\\/kmblock.com\\\/es\\\/shop\\\/\"},{\"@type\":\"ListItem\",\"position\":3,\"name\":\"BMW 4ER G22\\\/G23\\\/G26\\\/G83\\\/I4\"}]},{\"@type\":\"WebSite\",\"@id\":\"https:\\\/\\\/kmblock.com\\\/es\\\/#website\",\"url\":\"https:\\\/\\\/kmblock.com\\\/es\\\/\",\"name\":\"KM Block\",\"description\":\"\",\"publisher\":{\"@id\":\"https:\\\/\\\/kmblock.com\\\/es\\\/#organization\"},\"potentialAction\":[{\"@type\":\"SearchAction\",\"target\":{\"@type\":\"EntryPoint\",\"urlTemplate\":\"https:\\\/\\\/kmblock.com\\\/es\\\/?s={search_term_string}\"},\"query-input\":{\"@type\":\"PropertyValueSpecification\",\"valueRequired\":true,\"valueName\":\"search_term_string\"}}],\"inLanguage\":\"es\"},{\"@type\":\"Organization\",\"@id\":\"https:\\\/\\\/kmblock.com\\\/es\\\/#organization\",\"name\":\"Bloque KM\",\"url\":\"https:\\\/\\\/kmblock.com\\\/es\\\/\",\"logo\":{\"@type\":\"ImageObject\",\"inLanguage\":\"es\",\"@id\":\"https:\\\/\\\/kmblock.com\\\/es\\\/#\\\/schema\\\/logo\\\/image\\\/\",\"url\":\"https:\\\/\\\/kmblock.com\\\/wp-content\\\/uploads\\\/2024\\\/08\\\/main-logo.png\",\"contentUrl\":\"https:\\\/\\\/kmblock.com\\\/wp-content\\\/uploads\\\/2024\\\/08\\\/main-logo.png\",\"width\":186,\"height\":28,\"caption\":\"Bloque KM\"},\"image\":{\"@id\":\"https:\\\/\\\/kmblock.com\\\/es\\\/#\\\/schema\\\/logo\\\/image\\\/\"}}]}<\/script>\n<!-- \/ Yoast SEO plugin. -->","yoast_head_json":{"title":"BMW 4ER G22\/G23\/G26\/G83\/I4 Mileage Blocker (KM stopper) \u2192 KM Block","description":"Buy a BMW 4ER G22\/G23\/G26\/G83\/I4 Mileage Blocker for the Best Prices \u2713 Free Shipping \u2713 Incl. Installation Guides","robots":{"index":"index","follow":"follow","max-snippet":"max-snippet:-1","max-image-preview":"max-image-preview:large","max-video-preview":"max-video-preview:-1"},"og_locale":"es_ES","og_type":"article","og_title":"BMW 4ER G22\/G23\/G26\/G83\/I4 Mileage Blocker (KM stopper) \u2192 KM Block","og_description":"Buy a BMW 4ER G22\/G23\/G26\/G83\/I4 Mileage Blocker for the Best Prices \u2713 Free Shipping \u2713 Incl. Installation Guides","og_url":"https:\/\/kmblock.com\/es\/product\/bmw-4er-g22-g23-g26-g83-i4\/","og_site_name":"KM Block","og_image":[{"width":800,"height":800,"url":"https:\/\/kmblock.com\/wp-content\/uploads\/2024\/09\/BMW-4ER-G22G23G26G83I4.webp","type":"image\/webp"}],"twitter_card":"summary_large_image","twitter_misc":{"Tiempo de lectura":"3 minutos"},"schema":{"@context":"https:\/\/schema.org","@graph":[{"@type":"WebPage","@id":"https:\/\/kmblock.com\/es\/product\/bmw-4er-g22-g23-g26-g83-i4\/","url":"https:\/\/kmblock.com\/es\/product\/bmw-4er-g22-g23-g26-g83-i4\/","name":"BMW 4ER G22\/G23\/G26\/G83\/I4 Mileage Blocker (KM stopper) \u2192 KM Block","isPartOf":{"@id":"https:\/\/kmblock.com\/es\/#website"},"primaryImageOfPage":{"@id":"https:\/\/kmblock.com\/es\/product\/bmw-4er-g22-g23-g26-g83-i4\/#primaryimage"},"image":{"@id":"https:\/\/kmblock.com\/es\/product\/bmw-4er-g22-g23-g26-g83-i4\/#primaryimage"},"thumbnailUrl":"https:\/\/kmblock.com\/wp-content\/uploads\/2024\/09\/BMW-4ER-G22G23G26G83I4.webp","datePublished":"2024-09-18T22:51:12+00:00","description":"Buy a BMW 4ER G22\/G23\/G26\/G83\/I4 Mileage Blocker for the Best Prices \u2713 Free Shipping \u2713 Incl. Installation Guides","breadcrumb":{"@id":"https:\/\/kmblock.com\/es\/product\/bmw-4er-g22-g23-g26-g83-i4\/#breadcrumb"},"inLanguage":"es","potentialAction":[{"@type":"ReadAction","target":["https:\/\/kmblock.com\/es\/product\/bmw-4er-g22-g23-g26-g83-i4\/"]}]},{"@type":"ImageObject","inLanguage":"es","@id":"https:\/\/kmblock.com\/es\/product\/bmw-4er-g22-g23-g26-g83-i4\/#primaryimage","url":"https:\/\/kmblock.com\/wp-content\/uploads\/2024\/09\/BMW-4ER-G22G23G26G83I4.webp","contentUrl":"https:\/\/kmblock.com\/wp-content\/uploads\/2024\/09\/BMW-4ER-G22G23G26G83I4.webp","width":800,"height":800,"caption":"BMW 4ER G22\/G23\/G26\/G83\/I4"},{"@type":"BreadcrumbList","@id":"https:\/\/kmblock.com\/es\/product\/bmw-4er-g22-g23-g26-g83-i4\/#breadcrumb","itemListElement":[{"@type":"ListItem","position":1,"name":"Inicio","item":"https:\/\/kmblock.com\/es\/"},{"@type":"ListItem","position":2,"name":"Productos","item":"https:\/\/kmblock.com\/es\/shop\/"},{"@type":"ListItem","position":3,"name":"BMW 4ER G22\/G23\/G26\/G83\/I4"}]},{"@type":"WebSite","@id":"https:\/\/kmblock.com\/es\/#website","url":"https:\/\/kmblock.com\/es\/","name":"KM Block","description":"","publisher":{"@id":"https:\/\/kmblock.com\/es\/#organization"},"potentialAction":[{"@type":"SearchAction","target":{"@type":"EntryPoint","urlTemplate":"https:\/\/kmblock.com\/es\/?s={search_term_string}"},"query-input":{"@type":"PropertyValueSpecification","valueRequired":true,"valueName":"search_term_string"}}],"inLanguage":"es"},{"@type":"Organization","@id":"https:\/\/kmblock.com\/es\/#organization","name":"Bloque KM","url":"https:\/\/kmblock.com\/es\/","logo":{"@type":"ImageObject","inLanguage":"es","@id":"https:\/\/kmblock.com\/es\/#\/schema\/logo\/image\/","url":"https:\/\/kmblock.com\/wp-content\/uploads\/2024\/08\/main-logo.png","contentUrl":"https:\/\/kmblock.com\/wp-content\/uploads\/2024\/08\/main-logo.png","width":186,"height":28,"caption":"Bloque KM"},"image":{"@id":"https:\/\/kmblock.com\/es\/#\/schema\/logo\/image\/"}}]}},"_links":{"self":[{"href":"https:\/\/kmblock.com\/es\/wp-json\/wp\/v2\/product\/8674","targetHints":{"allow":["GET"]}}],"collection":[{"href":"https:\/\/kmblock.com\/es\/wp-json\/wp\/v2\/product"}],"about":[{"href":"https:\/\/kmblock.com\/es\/wp-json\/wp\/v2\/types\/product"}],"replies":[{"embeddable":true,"href":"https:\/\/kmblock.com\/es\/wp-json\/wp\/v2\/comments?post=8674"}],"wp:featuredmedia":[{"embeddable":true,"href":"https:\/\/kmblock.com\/es\/wp-json\/wp\/v2\/media\/723"}],"wp:attachment":[{"href":"https:\/\/kmblock.com\/es\/wp-json\/wp\/v2\/media?parent=8674"}],"wp:term":[{"taxonomy":"product_brand","embeddable":true,"href":"https:\/\/kmblock.com\/es\/wp-json\/wp\/v2\/product_brand?post=8674"},{"taxonomy":"product_cat","embeddable":true,"href":"https:\/\/kmblock.com\/es\/wp-json\/wp\/v2\/product_cat?post=8674"},{"taxonomy":"product_tag","embeddable":true,"href":"https:\/\/kmblock.com\/es\/wp-json\/wp\/v2\/product_tag?post=8674"}],"curies":[{"name":"wp","href":"https:\/\/api.w.org\/{rel}","templated":true}]}}