{"id":8654,"date":"2024-09-18T22:16:05","date_gmt":"2024-09-18T22:16:05","guid":{"rendered":"https:\/\/kmblock.com\/product\/bmw-4er-f32-f33-f36-f82-f83\/"},"modified":"2024-09-18T22:16:05","modified_gmt":"2024-09-18T22:16:05","slug":"bmw-4er-f32-f33-f36-f82-f83","status":"publish","type":"product","link":"https:\/\/kmblock.com\/es\/product\/bmw-4er-f32-f33-f36-f82-f83\/","title":{"rendered":"BMW 4ER F32\/F33\/F36\/F82\/F83"},"content":{"rendered":"<div class=\"flex max-w-full flex-col flex-grow\">\n<div class=\"min-h-[20px] text-message flex w-full flex-col items-end gap-2 whitespace-normal break-words [.text-message+&amp;]:mt-5\" dir=\"auto\" data-message-author-role=\"assistant\" data-message-id=\"486fbb14-d9b0-4abf-8aac-69dd9ef3f888\">\n<div class=\"flex w-full flex-col gap-1 empty:hidden first:pt-[3px]\">\n<div class=\"markdown prose w-full break-words dark:prose-invert dark\">\n<h3><strong>BLOQUEADOR DE KILOMETRAJE PARA BMW 4ER F32\/F33\/F36\/F82\/F83<\/strong><\/h3>\n<p>El bloqueador de cuentakil\u00f3metros BMW 4ER F32\/F33\/F36\/F82\/F83 tambi\u00e9n se conoce como bloqueador de cuentakil\u00f3metros, bloqueador de cuentakil\u00f3metros, bloqueador de latas, bloqueador de cuentakil\u00f3metros, cuentakil\u00f3metros de viaje, filtro de latas y, a veces, como herramienta de correcci\u00f3n de cuentakil\u00f3metros.<\/p>\n<p><strong>Modelos compatibles:<\/strong><br \/>\nApto para todos los modelos BMW 4ER F32\/F33\/F36\/F82\/F83 lanzados entre 2013 y 2020.<\/p>\n<h3>Especificaciones clave:<\/h3>\n<ul>\n<li><strong>Instalaci\u00f3n DIY:<\/strong> Instalaci\u00f3n sencilla sin necesidad de acceder a la ECU ni modificarla.<\/li>\n<li><strong>M\u00faltiples modos:<\/strong> Adapta la funcionalidad del dispositivo a diferentes necesidades, incluidas las actualizaciones.<\/li>\n<li><strong>Compatibilidad con actualizaciones de software:<\/strong> Tras la actualizaci\u00f3n de un veh\u00edculo, basta con cambiar al modo dos, sin necesidad de intercambio ni de m\u00e1s actualizaciones.<\/li>\n<li><strong>Construcci\u00f3n de primera calidad:<\/strong> Viene con enchufes de alta calidad y cables resistentes al calor.<\/li>\n<li><strong>Funcionamiento sin errores:<\/strong> No hay mensajes de error en el veloc\u00edmetro ni en el panel de navegaci\u00f3n.<\/li>\n<li><strong>Instalaci\u00f3n sin complicaciones:<\/strong> No es necesario soldar ni cortar.<\/li>\n<li><strong>Control intuitivo:<\/strong> Se controla f\u00e1cilmente con combinaciones de teclas.<\/li>\n<li><strong>Control constante del kilometraje:<\/strong> Una vez retirado, el kilometraje no aumentar\u00e1 inesperadamente.<\/li>\n<li><strong>Configuraci\u00f3n persistente:<\/strong> Una vez seleccionados, los ajustes se guardan permanentemente.<\/li>\n<li><strong>Compatibilidad de sistemas:<\/strong> El indicador de velocidad y los sistemas de asistencia funcionan (en determinados modos).<\/li>\n<li><strong>Instalaci\u00f3n sin esfuerzo:<\/strong> La cara de acoplamiento y los rebordes del conector garantizan una instalaci\u00f3n sin problemas.<\/li>\n<li><strong>Ajuste autom\u00e1tico del servicio:<\/strong> Ajusta autom\u00e1ticamente los intervalos de mantenimiento.<\/li>\n<li><strong>Funcionalidad perfecta:<\/strong> Sin problemas con el asistente de \u00e1ngulo muerto ni fallos del control de crucero.<\/li>\n<li><strong>Alteraci\u00f3n del Kilometraje de Precisi\u00f3n:<\/strong> En los modos que ajustan el kilometraje, pueden producirse desviaciones de hasta un 1%; los detalles son aproximados.<\/li>\n<\/ul>\n<h3>Ajuste del servicio:<\/h3>\n<p>El Bloqueador de Kilometraje detiene el recuento de kil\u00f3metros en todas las memorias mientras conduces, excepto en los intervalos de servicio. Corrige autom\u00e1ticamente la cuenta atr\u00e1s de servicio, devolvi\u00e9ndola al 90% cuando alcanza el 30% del intervalo de servicio restante. La cuenta atr\u00e1s se reanuda en ese punto y s\u00f3lo se reinicia si no se ha enviado ning\u00fan mensaje de servicio. Cada veh\u00edculo tiene intervalos de servicio espec\u00edficos, pero los porcentajes siguen siendo exactos.   <\/p>\n<h3>Activaci\u00f3n y desactivaci\u00f3n:<\/h3>\n<p>\u00abActivar pulsando *BC con modo *.<br \/>\n<strong>Modo 1:<\/strong> 1 parpadeo a la izquierda 30%<strong>.<\/strong> <\/p>\n<p><strong>Modo 2:<\/strong> 2 parpadeos a la izquierda 0 por ciento (sin velocidad)<\/p>\n<p><strong>Modo 3:<\/strong> 3 parpadeos a la izquierda 0 por ciento ( velocidad, s\u00f3lo funciona sin actualizaci\u00f3n)<\/p>\n<p><strong>Modo 4:<\/strong> 1 parpadeo a la derecha 100%\u00bb.<\/p>\n<h3>\u00bfQu\u00e9 es el bloqueador de cuentakil\u00f3metros BMW 4ER F32\/F33\/F36\/F82\/F83?<\/h3>\n<p>El Bloqueador de Kilometraje se dise\u00f1\u00f3 para comprobar el rendimiento del veh\u00edculo sin registrar el kilometraje. Funciona tanto con kil\u00f3metros como con millas, y cada m\u00f3dulo est\u00e1 adaptado a modelos espec\u00edficos para un rendimiento \u00f3ptimo. Esta herramienta difiere de los dispositivos tradicionales de correcci\u00f3n del kilometraje, que pueden intentar hacer retroceder el kilometraje pero a menudo fallan debido al complejo almacenamiento de datos de los veh\u00edculos modernos.  <\/p>\n<p>El bloqueador de kilometraje BMW 4ER F32\/F33\/F36\/F82\/F83 es una herramienta vers\u00e1til y fiable para comprobar el rendimiento de tu veh\u00edculo en un entorno controlado.<\/p>\n<\/div>\n<\/div>\n<\/div>\n<\/div>\n","protected":false},"excerpt":{"rendered":"<div class=\"flex-shrink-0 flex flex-col relative items-end\">\n<div class=\"pt-0\">\n<div class=\"gizmo-bot-avatar flex h-8 w-8 items-center justify-center overflow-hidden rounded-full\">\n<div class=\"relative p-1 rounded-sm flex items-center justify-center bg-token-main-surface-primary text-token-text-primary h-8 w-8\">\n<p>Antes de hacer tu pedido, revisa atentamente los detalles sobre la activaci\u00f3n del m\u00f3dulo y la informaci\u00f3n clave sobre los mensajes de error y la funcionalidad.<\/p>\n<p><strong>Compatibilidad: <\/strong>Este dispositivo es adecuado para todos los modelos BMW 4ER F32\/F33\/F36\/F82\/F83 fabricados entre 2013 y 2020.<\/p>\n<p>Indicador de velocidad y programas de asistencia: Estas funciones est\u00e1n disponibles en modos espec\u00edficos. Sin mensajes de error del Asistente de \u00e1ngulo muerto o fallo del control de crucero. F\u00e1cil autoinstalaci\u00f3n sin necesidad de ayuda profesional. Viene con enchufes de alta calidad y cables resistentes al calor para mayor durabilidad.   <\/p>\n<p class=\"p1\"><b> \u2705 Integraci\u00f3n perfecta<\/b><b><\/b><\/p>\n<p class=\"p1\">\u2705<b> F\u00e1cil instalaci\u00f3n<\/b><b><\/b><\/p>\n<p class=\"p1\">\u2705<b> Gesti\u00f3n precisa del kilometraje<\/b><b><\/b><\/p>\n<p class=\"p1\"><b> \u2705 Funcionamiento en modo oculto<\/b><b><\/b><\/p>\n<p class=\"p1\"><span class=\"s1\">\u2705<\/span><b> Soporte y actualizaciones de por vida<\/b><\/p>\n<\/div>\n<\/div>\n<\/div>\n<\/div>\n","protected":false},"featured_media":8664,"comment_status":"open","ping_status":"closed","template":"","meta":[],"product_brand":[],"product_cat":[861],"product_tag":[],"class_list":{"0":"post-8654","1":"product","2":"type-product","3":"status-publish","4":"has-post-thumbnail","6":"product_cat-bmw","8":"first","9":"instock","10":"taxable","11":"shipping-taxable","12":"purchasable","13":"product-type-variable"},"yoast_head":"<!-- This site is optimized with the Yoast SEO plugin v27.5 - https:\/\/yoast.com\/product\/yoast-seo-wordpress\/ -->\n<title>BMW 4ER F32\/F33\/F36\/F82\/F83 Mileage Blocker (KM stopper) \u2192 KM Block<\/title>\n<meta name=\"description\" content=\"Buy a BMW 4ER F32\/F33\/F36\/F82\/F83 Mileage Blocker for the Best Prices \u2713 Free Shipping \u2713 Incl. Installation Guides\" \/>\n<meta name=\"robots\" content=\"index, follow, max-snippet:-1, max-image-preview:large, max-video-preview:-1\" \/>\n<meta property=\"og:locale\" content=\"es_ES\" \/>\n<meta property=\"og:type\" content=\"article\" \/>\n<meta property=\"og:title\" content=\"BMW 4ER F32\/F33\/F36\/F82\/F83 Mileage Blocker (KM stopper) \u2192 KM Block\" \/>\n<meta property=\"og:description\" content=\"Buy a BMW 4ER F32\/F33\/F36\/F82\/F83 Mileage Blocker for the Best Prices \u2713 Free Shipping \u2713 Incl. Installation Guides\" \/>\n<meta property=\"og:url\" content=\"https:\/\/kmblock.com\/es\/product\/bmw-4er-f32-f33-f36-f82-f83\/\" \/>\n<meta property=\"og:site_name\" content=\"KM Block\" \/>\n<meta property=\"og:image\" content=\"https:\/\/kmblock.com\/wp-content\/uploads\/2024\/09\/BMW-4ER-G22G23G26G83I4.jpg\" \/>\n\t<meta property=\"og:image:width\" content=\"800\" \/>\n\t<meta property=\"og:image:height\" content=\"800\" \/>\n\t<meta property=\"og:image:type\" content=\"image\/jpeg\" \/>\n<meta name=\"twitter:card\" content=\"summary_large_image\" \/>\n<meta name=\"twitter:label1\" content=\"Tiempo de lectura\" \/>\n\t<meta name=\"twitter:data1\" content=\"3 minutos\" \/>\n<script type=\"application\/ld+json\" class=\"yoast-schema-graph\">{\"@context\":\"https:\\\/\\\/schema.org\",\"@graph\":[{\"@type\":\"WebPage\",\"@id\":\"https:\\\/\\\/kmblock.com\\\/es\\\/product\\\/bmw-4er-f32-f33-f36-f82-f83\\\/\",\"url\":\"https:\\\/\\\/kmblock.com\\\/es\\\/product\\\/bmw-4er-f32-f33-f36-f82-f83\\\/\",\"name\":\"BMW 4ER F32\\\/F33\\\/F36\\\/F82\\\/F83 Mileage Blocker (KM stopper) \u2192 KM Block\",\"isPartOf\":{\"@id\":\"https:\\\/\\\/kmblock.com\\\/es\\\/#website\"},\"primaryImageOfPage\":{\"@id\":\"https:\\\/\\\/kmblock.com\\\/es\\\/product\\\/bmw-4er-f32-f33-f36-f82-f83\\\/#primaryimage\"},\"image\":{\"@id\":\"https:\\\/\\\/kmblock.com\\\/es\\\/product\\\/bmw-4er-f32-f33-f36-f82-f83\\\/#primaryimage\"},\"thumbnailUrl\":\"https:\\\/\\\/kmblock.com\\\/wp-content\\\/uploads\\\/2024\\\/09\\\/BMW-4ER-G22G23G26G83I4.jpg\",\"datePublished\":\"2024-09-18T22:16:05+00:00\",\"description\":\"Buy a BMW 4ER F32\\\/F33\\\/F36\\\/F82\\\/F83 Mileage Blocker for the Best Prices \u2713 Free Shipping \u2713 Incl. Installation Guides\",\"breadcrumb\":{\"@id\":\"https:\\\/\\\/kmblock.com\\\/es\\\/product\\\/bmw-4er-f32-f33-f36-f82-f83\\\/#breadcrumb\"},\"inLanguage\":\"es\",\"potentialAction\":[{\"@type\":\"ReadAction\",\"target\":[\"https:\\\/\\\/kmblock.com\\\/es\\\/product\\\/bmw-4er-f32-f33-f36-f82-f83\\\/\"]}]},{\"@type\":\"ImageObject\",\"inLanguage\":\"es\",\"@id\":\"https:\\\/\\\/kmblock.com\\\/es\\\/product\\\/bmw-4er-f32-f33-f36-f82-f83\\\/#primaryimage\",\"url\":\"https:\\\/\\\/kmblock.com\\\/wp-content\\\/uploads\\\/2024\\\/09\\\/BMW-4ER-G22G23G26G83I4.jpg\",\"contentUrl\":\"https:\\\/\\\/kmblock.com\\\/wp-content\\\/uploads\\\/2024\\\/09\\\/BMW-4ER-G22G23G26G83I4.jpg\",\"width\":800,\"height\":800,\"caption\":\"BMW 4ER F32\\\/F33\\\/F36\\\/F82\\\/F83\"},{\"@type\":\"BreadcrumbList\",\"@id\":\"https:\\\/\\\/kmblock.com\\\/es\\\/product\\\/bmw-4er-f32-f33-f36-f82-f83\\\/#breadcrumb\",\"itemListElement\":[{\"@type\":\"ListItem\",\"position\":1,\"name\":\"Inicio\",\"item\":\"https:\\\/\\\/kmblock.com\\\/es\\\/\"},{\"@type\":\"ListItem\",\"position\":2,\"name\":\"Productos\",\"item\":\"https:\\\/\\\/kmblock.com\\\/es\\\/shop\\\/\"},{\"@type\":\"ListItem\",\"position\":3,\"name\":\"BMW 4ER F32\\\/F33\\\/F36\\\/F82\\\/F83\"}]},{\"@type\":\"WebSite\",\"@id\":\"https:\\\/\\\/kmblock.com\\\/es\\\/#website\",\"url\":\"https:\\\/\\\/kmblock.com\\\/es\\\/\",\"name\":\"KM Block\",\"description\":\"\",\"publisher\":{\"@id\":\"https:\\\/\\\/kmblock.com\\\/es\\\/#organization\"},\"potentialAction\":[{\"@type\":\"SearchAction\",\"target\":{\"@type\":\"EntryPoint\",\"urlTemplate\":\"https:\\\/\\\/kmblock.com\\\/es\\\/?s={search_term_string}\"},\"query-input\":{\"@type\":\"PropertyValueSpecification\",\"valueRequired\":true,\"valueName\":\"search_term_string\"}}],\"inLanguage\":\"es\"},{\"@type\":\"Organization\",\"@id\":\"https:\\\/\\\/kmblock.com\\\/es\\\/#organization\",\"name\":\"Bloque KM\",\"url\":\"https:\\\/\\\/kmblock.com\\\/es\\\/\",\"logo\":{\"@type\":\"ImageObject\",\"inLanguage\":\"es\",\"@id\":\"https:\\\/\\\/kmblock.com\\\/es\\\/#\\\/schema\\\/logo\\\/image\\\/\",\"url\":\"https:\\\/\\\/kmblock.com\\\/wp-content\\\/uploads\\\/2024\\\/08\\\/main-logo.png\",\"contentUrl\":\"https:\\\/\\\/kmblock.com\\\/wp-content\\\/uploads\\\/2024\\\/08\\\/main-logo.png\",\"width\":186,\"height\":28,\"caption\":\"Bloque KM\"},\"image\":{\"@id\":\"https:\\\/\\\/kmblock.com\\\/es\\\/#\\\/schema\\\/logo\\\/image\\\/\"}}]}<\/script>\n<!-- \/ Yoast SEO plugin. -->","yoast_head_json":{"title":"BMW 4ER F32\/F33\/F36\/F82\/F83 Mileage Blocker (KM stopper) \u2192 KM Block","description":"Buy a BMW 4ER F32\/F33\/F36\/F82\/F83 Mileage Blocker for the Best Prices \u2713 Free Shipping \u2713 Incl. Installation Guides","robots":{"index":"index","follow":"follow","max-snippet":"max-snippet:-1","max-image-preview":"max-image-preview:large","max-video-preview":"max-video-preview:-1"},"og_locale":"es_ES","og_type":"article","og_title":"BMW 4ER F32\/F33\/F36\/F82\/F83 Mileage Blocker (KM stopper) \u2192 KM Block","og_description":"Buy a BMW 4ER F32\/F33\/F36\/F82\/F83 Mileage Blocker for the Best Prices \u2713 Free Shipping \u2713 Incl. Installation Guides","og_url":"https:\/\/kmblock.com\/es\/product\/bmw-4er-f32-f33-f36-f82-f83\/","og_site_name":"KM Block","og_image":[{"width":800,"height":800,"url":"https:\/\/kmblock.com\/wp-content\/uploads\/2024\/09\/BMW-4ER-G22G23G26G83I4.jpg","type":"image\/jpeg"}],"twitter_card":"summary_large_image","twitter_misc":{"Tiempo de lectura":"3 minutos"},"schema":{"@context":"https:\/\/schema.org","@graph":[{"@type":"WebPage","@id":"https:\/\/kmblock.com\/es\/product\/bmw-4er-f32-f33-f36-f82-f83\/","url":"https:\/\/kmblock.com\/es\/product\/bmw-4er-f32-f33-f36-f82-f83\/","name":"BMW 4ER F32\/F33\/F36\/F82\/F83 Mileage Blocker (KM stopper) \u2192 KM Block","isPartOf":{"@id":"https:\/\/kmblock.com\/es\/#website"},"primaryImageOfPage":{"@id":"https:\/\/kmblock.com\/es\/product\/bmw-4er-f32-f33-f36-f82-f83\/#primaryimage"},"image":{"@id":"https:\/\/kmblock.com\/es\/product\/bmw-4er-f32-f33-f36-f82-f83\/#primaryimage"},"thumbnailUrl":"https:\/\/kmblock.com\/wp-content\/uploads\/2024\/09\/BMW-4ER-G22G23G26G83I4.jpg","datePublished":"2024-09-18T22:16:05+00:00","description":"Buy a BMW 4ER F32\/F33\/F36\/F82\/F83 Mileage Blocker for the Best Prices \u2713 Free Shipping \u2713 Incl. Installation Guides","breadcrumb":{"@id":"https:\/\/kmblock.com\/es\/product\/bmw-4er-f32-f33-f36-f82-f83\/#breadcrumb"},"inLanguage":"es","potentialAction":[{"@type":"ReadAction","target":["https:\/\/kmblock.com\/es\/product\/bmw-4er-f32-f33-f36-f82-f83\/"]}]},{"@type":"ImageObject","inLanguage":"es","@id":"https:\/\/kmblock.com\/es\/product\/bmw-4er-f32-f33-f36-f82-f83\/#primaryimage","url":"https:\/\/kmblock.com\/wp-content\/uploads\/2024\/09\/BMW-4ER-G22G23G26G83I4.jpg","contentUrl":"https:\/\/kmblock.com\/wp-content\/uploads\/2024\/09\/BMW-4ER-G22G23G26G83I4.jpg","width":800,"height":800,"caption":"BMW 4ER F32\/F33\/F36\/F82\/F83"},{"@type":"BreadcrumbList","@id":"https:\/\/kmblock.com\/es\/product\/bmw-4er-f32-f33-f36-f82-f83\/#breadcrumb","itemListElement":[{"@type":"ListItem","position":1,"name":"Inicio","item":"https:\/\/kmblock.com\/es\/"},{"@type":"ListItem","position":2,"name":"Productos","item":"https:\/\/kmblock.com\/es\/shop\/"},{"@type":"ListItem","position":3,"name":"BMW 4ER F32\/F33\/F36\/F82\/F83"}]},{"@type":"WebSite","@id":"https:\/\/kmblock.com\/es\/#website","url":"https:\/\/kmblock.com\/es\/","name":"KM Block","description":"","publisher":{"@id":"https:\/\/kmblock.com\/es\/#organization"},"potentialAction":[{"@type":"SearchAction","target":{"@type":"EntryPoint","urlTemplate":"https:\/\/kmblock.com\/es\/?s={search_term_string}"},"query-input":{"@type":"PropertyValueSpecification","valueRequired":true,"valueName":"search_term_string"}}],"inLanguage":"es"},{"@type":"Organization","@id":"https:\/\/kmblock.com\/es\/#organization","name":"Bloque KM","url":"https:\/\/kmblock.com\/es\/","logo":{"@type":"ImageObject","inLanguage":"es","@id":"https:\/\/kmblock.com\/es\/#\/schema\/logo\/image\/","url":"https:\/\/kmblock.com\/wp-content\/uploads\/2024\/08\/main-logo.png","contentUrl":"https:\/\/kmblock.com\/wp-content\/uploads\/2024\/08\/main-logo.png","width":186,"height":28,"caption":"Bloque KM"},"image":{"@id":"https:\/\/kmblock.com\/es\/#\/schema\/logo\/image\/"}}]}},"_links":{"self":[{"href":"https:\/\/kmblock.com\/es\/wp-json\/wp\/v2\/product\/8654","targetHints":{"allow":["GET"]}}],"collection":[{"href":"https:\/\/kmblock.com\/es\/wp-json\/wp\/v2\/product"}],"about":[{"href":"https:\/\/kmblock.com\/es\/wp-json\/wp\/v2\/types\/product"}],"replies":[{"embeddable":true,"href":"https:\/\/kmblock.com\/es\/wp-json\/wp\/v2\/comments?post=8654"}],"wp:featuredmedia":[{"embeddable":true,"href":"https:\/\/kmblock.com\/es\/wp-json\/wp\/v2\/media\/8664"}],"wp:attachment":[{"href":"https:\/\/kmblock.com\/es\/wp-json\/wp\/v2\/media?parent=8654"}],"wp:term":[{"taxonomy":"product_brand","embeddable":true,"href":"https:\/\/kmblock.com\/es\/wp-json\/wp\/v2\/product_brand?post=8654"},{"taxonomy":"product_cat","embeddable":true,"href":"https:\/\/kmblock.com\/es\/wp-json\/wp\/v2\/product_cat?post=8654"},{"taxonomy":"product_tag","embeddable":true,"href":"https:\/\/kmblock.com\/es\/wp-json\/wp\/v2\/product_tag?post=8654"}],"curies":[{"name":"wp","href":"https:\/\/api.w.org\/{rel}","templated":true}]}}