{"id":8641,"date":"2024-09-19T15:59:11","date_gmt":"2024-09-19T15:59:11","guid":{"rendered":"https:\/\/kmblock.com\/product\/bmw-x6-g16\/"},"modified":"2024-09-19T15:59:11","modified_gmt":"2024-09-19T15:59:11","slug":"bmw-x6-g16","status":"publish","type":"product","link":"https:\/\/kmblock.com\/es\/product\/bmw-x6-g16\/","title":{"rendered":"BMW X6 G16"},"content":{"rendered":"<div class=\"flex max-w-full flex-col flex-grow\">\n<div class=\"min-h-[20px] text-message flex w-full flex-col items-end gap-2 whitespace-normal break-words [.text-message+&amp;]:mt-5\" dir=\"auto\" data-message-author-role=\"assistant\" data-message-id=\"486fbb14-d9b0-4abf-8aac-69dd9ef3f888\">\n<div class=\"flex w-full flex-col gap-1 empty:hidden first:pt-[3px]\">\n<div class=\"markdown prose w-full break-words dark:prose-invert dark\">\n<h3>Bloqueador de kilometraje para BMW X6 F16<\/h3>\n<p>El bloqueador de kilometraje BMW X6 F16, tambi\u00e9n conocido como bloqueador de cuentakil\u00f3metros, bloqueador de cuentakil\u00f3metros, bloqueador de latas o bloqueador de kilometraje, es un potente dispositivo dise\u00f1ado para evitar que tu veh\u00edculo registre kilometraje no deseado. Apto para todos los modelos BMW X6 F16 de 2014 a 2020, proporciona un control total sobre el cuentakil\u00f3metros, al tiempo que mantiene la funcionalidad de los sistemas clave de tu coche. <\/p>\n<h4>Especificaciones:<\/h4>\n<ul>\n<li><strong>Instalaci\u00f3n DIY:<\/strong> F\u00e1cil de instalar, sin necesidad de soldar ni cortar cables.<\/li>\n<li><strong>Componentes de primera calidad:<\/strong> Incluye enchufes de alta calidad y cables resistentes al calor para mayor durabilidad.<\/li>\n<li><strong>Ajuste autom\u00e1tico del servicio:<\/strong> Garantiza la gesti\u00f3n de los intervalos de servicio sin provocar errores.<\/li>\n<li><strong>No hay mensajes de error:<\/strong> No hay avisos del asistente de \u00e1ngulo muerto, del control de crucero ni del veloc\u00edmetro.<\/li>\n<\/ul>\n<h4>Ajuste del servicio:<\/h4>\n<p>Nuestro Bloqueador de kilometraje impide que el veh\u00edculo cuente el kilometraje en todas las memorias mientras ajusta autom\u00e1ticamente los intervalos de servicio. Aunque la cuenta atr\u00e1s de \u00abServicio\u00bb contin\u00faa, el kilometraje no se registra hasta que queda un 30% del l\u00edmite de servicio. Cuando se alcanza este punto, el sistema vuelve a subir el intervalo de servicio al 90%, evitando reinicios innecesarios. Los porcentajes exactos variar\u00e1n en funci\u00f3n de tu entorno de conducci\u00f3n, pero esta funci\u00f3n funciona de forma fiable en todos los modelos.   <\/p>\n<h4>Activaci\u00f3n y desactivaci\u00f3n:<\/h4>\n<p>\u00abActivar pulsando *BC con modo *.<br \/>\n<strong>Modo 1:<\/strong> 1 parpadeo a la izquierda 30%<strong>.<\/strong> <\/p>\n<p><strong>Modo 2:<\/strong> 2 parpadeos a la izquierda 0 por ciento (sin velocidad)<\/p>\n<p><strong>Modo 3:<\/strong> 3 parpadeos a la izquierda 0 por ciento ( velocidad, s\u00f3lo funciona sin actualizaci\u00f3n)<\/p>\n<p><strong>Modo 4:<\/strong> 1 parpadeo a la derecha 100%\u00bb.<\/p>\n<h4>\u00bfQu\u00e9 es el bloqueador del cuentakil\u00f3metros o herramienta de correcci\u00f3n del kilometraje del BMW X6 F16?<\/h4>\n<p>El Bloqueador de Kilometraje BMW X6 F16 evita la acumulaci\u00f3n innecesaria de kil\u00f3metros, ideal para probar el rendimiento del veh\u00edculo en entornos controlados. Desarrollada con componentes originales y software personalizado a la medida de cada modelo de veh\u00edculo, la herramienta es compatible con motores di\u00e9sel, motores de gasolina, veh\u00edculos el\u00e9ctricos h\u00edbridos enchufables (PHEV) y coches el\u00e9ctricos. Funciona a la perfecci\u00f3n tanto si tu cuentakil\u00f3metros marca millas como kil\u00f3metros.  <\/p>\n<p><strong>Nota importante:<\/strong> Esta herramienta no es un dispositivo de Correcci\u00f3n del Kilometraje, que se suele utilizar con fines fraudulentos como hacer retroceder los cuentakil\u00f3metros. Las herramientas de Correcci\u00f3n del Kilometraje s\u00f3lo modifican la pantalla del cuentakil\u00f3metros, mientras que los veh\u00edculos modernos almacenan los datos del kilometraje en varias ubicaciones. Nuestro Bloqueador de Kilometraje garantiza un uso preciso y justo, sin ning\u00fan intento de enga\u00f1o.  <\/p>\n<p>En KMblock.com, ofrecemos una amplia gama de Tapones de kilometraje para diversos veh\u00edculos. El proceso de instalaci\u00f3n es sencillo, y el dispositivo se puede conectar directamente entre el veloc\u00edmetro y el cuadro de instrumentos. Controla sin esfuerzo el seguimiento del kilometraje de tu veh\u00edculo con el Bloqueador de Kilometraje BMW X6 F16, dise\u00f1ado para una gesti\u00f3n superior de las pruebas y el rendimiento.  <\/p>\n<\/div>\n<\/div>\n<\/div>\n<\/div>\n","protected":false},"excerpt":{"rendered":"<div class=\"flex-shrink-0 flex flex-col relative items-end\">\n<div class=\"pt-0\">\n<div class=\"gizmo-bot-avatar flex h-8 w-8 items-center justify-center overflow-hidden rounded-full\">\n<div class=\"relative p-1 rounded-sm flex items-center justify-center bg-token-main-surface-primary text-token-text-primary h-8 w-8\">\n<p>Antes de hacer tu pedido, revisa atentamente las instrucciones de activaci\u00f3n y las notas importantes sobre los mensajes de error y la funcionalidad que aparecen a continuaci\u00f3n:<\/p>\n<p><strong>Este dispositivo es totalmente compatible con todos los modelos BMW X6 F16 (2014-2020).  <\/strong>Funciona sin problemas con los indicadores de velocidad y los programas de asistencia en determinados modos. Garantiza que no se produzcan errores relacionados con la funci\u00f3n de asistencia de \u00e1ngulo muerto o control de crucero. F\u00e1cil configuraci\u00f3n, hazlo t\u00fa mismo sin necesidad de ayuda experta. Viene equipado con enchufes de alta calidad y cables resistentes al calor para mayor durabilidad.   <\/p>\n<p class=\"p1\"><b> \u2705 Integraci\u00f3n perfecta<\/b><b><\/b><\/p>\n<p class=\"p1\">\u2705<b> F\u00e1cil instalaci\u00f3n<\/b><b><\/b><\/p>\n<p class=\"p1\">\u2705<b> Gesti\u00f3n precisa del kilometraje<\/b><b><\/b><\/p>\n<p class=\"p1\"><b> \u2705 Funcionamiento en modo oculto<\/b><b><\/b><\/p>\n<p class=\"p1\"><span class=\"s1\">\u2705<\/span><b> Soporte y actualizaciones de por vida<\/b><\/p>\n<\/div>\n<\/div>\n<\/div>\n<\/div>\n","protected":false},"featured_media":763,"comment_status":"open","ping_status":"closed","template":"","meta":[],"product_brand":[],"product_cat":[861],"product_tag":[],"class_list":{"0":"post-8641","1":"product","2":"type-product","3":"status-publish","4":"has-post-thumbnail","6":"product_cat-bmw","8":"first","9":"instock","10":"taxable","11":"shipping-taxable","12":"purchasable","13":"product-type-variable"},"yoast_head":"<!-- This site is optimized with the Yoast SEO plugin v27.5 - https:\/\/yoast.com\/product\/yoast-seo-wordpress\/ -->\n<title>BMW X6 G16 Mileage Blocker (KM stopper) \u2192 KM Block<\/title>\n<meta name=\"description\" content=\"Buy a BMW X6 G16 Mileage Blocker for the Best Prices \u2713 Free Shipping \u2713 Incl. Installation Guides\" \/>\n<meta name=\"robots\" content=\"index, follow, max-snippet:-1, max-image-preview:large, max-video-preview:-1\" \/>\n<meta property=\"og:locale\" content=\"es_ES\" \/>\n<meta property=\"og:type\" content=\"article\" \/>\n<meta property=\"og:title\" content=\"BMW X6 G16 Mileage Blocker (KM stopper) \u2192 KM Block\" \/>\n<meta property=\"og:description\" content=\"Buy a BMW X6 G16 Mileage Blocker for the Best Prices \u2713 Free Shipping \u2713 Incl. Installation Guides\" \/>\n<meta property=\"og:url\" content=\"https:\/\/kmblock.com\/es\/product\/bmw-x6-g16\/\" \/>\n<meta property=\"og:site_name\" content=\"KM Block\" \/>\n<meta property=\"og:image\" content=\"https:\/\/kmblock.com\/wp-content\/uploads\/2024\/09\/BMW-X6-F16-600x600-1.jpg\" \/>\n\t<meta property=\"og:image:width\" content=\"600\" \/>\n\t<meta property=\"og:image:height\" content=\"600\" \/>\n\t<meta property=\"og:image:type\" content=\"image\/jpeg\" \/>\n<meta name=\"twitter:card\" content=\"summary_large_image\" \/>\n<meta name=\"twitter:label1\" content=\"Tiempo de lectura\" \/>\n\t<meta name=\"twitter:data1\" content=\"3 minutos\" \/>\n<script type=\"application\/ld+json\" class=\"yoast-schema-graph\">{\"@context\":\"https:\\\/\\\/schema.org\",\"@graph\":[{\"@type\":\"WebPage\",\"@id\":\"https:\\\/\\\/kmblock.com\\\/es\\\/product\\\/bmw-x6-g16\\\/\",\"url\":\"https:\\\/\\\/kmblock.com\\\/es\\\/product\\\/bmw-x6-g16\\\/\",\"name\":\"BMW X6 G16 Mileage Blocker (KM stopper) \u2192 KM Block\",\"isPartOf\":{\"@id\":\"https:\\\/\\\/kmblock.com\\\/es\\\/#website\"},\"primaryImageOfPage\":{\"@id\":\"https:\\\/\\\/kmblock.com\\\/es\\\/product\\\/bmw-x6-g16\\\/#primaryimage\"},\"image\":{\"@id\":\"https:\\\/\\\/kmblock.com\\\/es\\\/product\\\/bmw-x6-g16\\\/#primaryimage\"},\"thumbnailUrl\":\"https:\\\/\\\/kmblock.com\\\/wp-content\\\/uploads\\\/2024\\\/09\\\/BMW-X6-F16-600x600-1.jpg\",\"datePublished\":\"2024-09-19T15:59:11+00:00\",\"description\":\"Buy a BMW X6 G16 Mileage Blocker for the Best Prices \u2713 Free Shipping \u2713 Incl. Installation Guides\",\"breadcrumb\":{\"@id\":\"https:\\\/\\\/kmblock.com\\\/es\\\/product\\\/bmw-x6-g16\\\/#breadcrumb\"},\"inLanguage\":\"es\",\"potentialAction\":[{\"@type\":\"ReadAction\",\"target\":[\"https:\\\/\\\/kmblock.com\\\/es\\\/product\\\/bmw-x6-g16\\\/\"]}]},{\"@type\":\"ImageObject\",\"inLanguage\":\"es\",\"@id\":\"https:\\\/\\\/kmblock.com\\\/es\\\/product\\\/bmw-x6-g16\\\/#primaryimage\",\"url\":\"https:\\\/\\\/kmblock.com\\\/wp-content\\\/uploads\\\/2024\\\/09\\\/BMW-X6-F16-600x600-1.jpg\",\"contentUrl\":\"https:\\\/\\\/kmblock.com\\\/wp-content\\\/uploads\\\/2024\\\/09\\\/BMW-X6-F16-600x600-1.jpg\",\"width\":600,\"height\":600,\"caption\":\"BMW-X6-F16-600x600\"},{\"@type\":\"BreadcrumbList\",\"@id\":\"https:\\\/\\\/kmblock.com\\\/es\\\/product\\\/bmw-x6-g16\\\/#breadcrumb\",\"itemListElement\":[{\"@type\":\"ListItem\",\"position\":1,\"name\":\"Inicio\",\"item\":\"https:\\\/\\\/kmblock.com\\\/es\\\/\"},{\"@type\":\"ListItem\",\"position\":2,\"name\":\"Productos\",\"item\":\"https:\\\/\\\/kmblock.com\\\/es\\\/shop\\\/\"},{\"@type\":\"ListItem\",\"position\":3,\"name\":\"BMW X6 G16\"}]},{\"@type\":\"WebSite\",\"@id\":\"https:\\\/\\\/kmblock.com\\\/es\\\/#website\",\"url\":\"https:\\\/\\\/kmblock.com\\\/es\\\/\",\"name\":\"KM Block\",\"description\":\"\",\"publisher\":{\"@id\":\"https:\\\/\\\/kmblock.com\\\/es\\\/#organization\"},\"potentialAction\":[{\"@type\":\"SearchAction\",\"target\":{\"@type\":\"EntryPoint\",\"urlTemplate\":\"https:\\\/\\\/kmblock.com\\\/es\\\/?s={search_term_string}\"},\"query-input\":{\"@type\":\"PropertyValueSpecification\",\"valueRequired\":true,\"valueName\":\"search_term_string\"}}],\"inLanguage\":\"es\"},{\"@type\":\"Organization\",\"@id\":\"https:\\\/\\\/kmblock.com\\\/es\\\/#organization\",\"name\":\"Bloque KM\",\"url\":\"https:\\\/\\\/kmblock.com\\\/es\\\/\",\"logo\":{\"@type\":\"ImageObject\",\"inLanguage\":\"es\",\"@id\":\"https:\\\/\\\/kmblock.com\\\/es\\\/#\\\/schema\\\/logo\\\/image\\\/\",\"url\":\"https:\\\/\\\/kmblock.com\\\/wp-content\\\/uploads\\\/2024\\\/08\\\/main-logo.png\",\"contentUrl\":\"https:\\\/\\\/kmblock.com\\\/wp-content\\\/uploads\\\/2024\\\/08\\\/main-logo.png\",\"width\":186,\"height\":28,\"caption\":\"Bloque KM\"},\"image\":{\"@id\":\"https:\\\/\\\/kmblock.com\\\/es\\\/#\\\/schema\\\/logo\\\/image\\\/\"}}]}<\/script>\n<!-- \/ Yoast SEO plugin. -->","yoast_head_json":{"title":"BMW X6 G16 Mileage Blocker (KM stopper) \u2192 KM Block","description":"Buy a BMW X6 G16 Mileage Blocker for the Best Prices \u2713 Free Shipping \u2713 Incl. Installation Guides","robots":{"index":"index","follow":"follow","max-snippet":"max-snippet:-1","max-image-preview":"max-image-preview:large","max-video-preview":"max-video-preview:-1"},"og_locale":"es_ES","og_type":"article","og_title":"BMW X6 G16 Mileage Blocker (KM stopper) \u2192 KM Block","og_description":"Buy a BMW X6 G16 Mileage Blocker for the Best Prices \u2713 Free Shipping \u2713 Incl. Installation Guides","og_url":"https:\/\/kmblock.com\/es\/product\/bmw-x6-g16\/","og_site_name":"KM Block","og_image":[{"width":600,"height":600,"url":"https:\/\/kmblock.com\/wp-content\/uploads\/2024\/09\/BMW-X6-F16-600x600-1.jpg","type":"image\/jpeg"}],"twitter_card":"summary_large_image","twitter_misc":{"Tiempo de lectura":"3 minutos"},"schema":{"@context":"https:\/\/schema.org","@graph":[{"@type":"WebPage","@id":"https:\/\/kmblock.com\/es\/product\/bmw-x6-g16\/","url":"https:\/\/kmblock.com\/es\/product\/bmw-x6-g16\/","name":"BMW X6 G16 Mileage Blocker (KM stopper) \u2192 KM Block","isPartOf":{"@id":"https:\/\/kmblock.com\/es\/#website"},"primaryImageOfPage":{"@id":"https:\/\/kmblock.com\/es\/product\/bmw-x6-g16\/#primaryimage"},"image":{"@id":"https:\/\/kmblock.com\/es\/product\/bmw-x6-g16\/#primaryimage"},"thumbnailUrl":"https:\/\/kmblock.com\/wp-content\/uploads\/2024\/09\/BMW-X6-F16-600x600-1.jpg","datePublished":"2024-09-19T15:59:11+00:00","description":"Buy a BMW X6 G16 Mileage Blocker for the Best Prices \u2713 Free Shipping \u2713 Incl. Installation Guides","breadcrumb":{"@id":"https:\/\/kmblock.com\/es\/product\/bmw-x6-g16\/#breadcrumb"},"inLanguage":"es","potentialAction":[{"@type":"ReadAction","target":["https:\/\/kmblock.com\/es\/product\/bmw-x6-g16\/"]}]},{"@type":"ImageObject","inLanguage":"es","@id":"https:\/\/kmblock.com\/es\/product\/bmw-x6-g16\/#primaryimage","url":"https:\/\/kmblock.com\/wp-content\/uploads\/2024\/09\/BMW-X6-F16-600x600-1.jpg","contentUrl":"https:\/\/kmblock.com\/wp-content\/uploads\/2024\/09\/BMW-X6-F16-600x600-1.jpg","width":600,"height":600,"caption":"BMW-X6-F16-600x600"},{"@type":"BreadcrumbList","@id":"https:\/\/kmblock.com\/es\/product\/bmw-x6-g16\/#breadcrumb","itemListElement":[{"@type":"ListItem","position":1,"name":"Inicio","item":"https:\/\/kmblock.com\/es\/"},{"@type":"ListItem","position":2,"name":"Productos","item":"https:\/\/kmblock.com\/es\/shop\/"},{"@type":"ListItem","position":3,"name":"BMW X6 G16"}]},{"@type":"WebSite","@id":"https:\/\/kmblock.com\/es\/#website","url":"https:\/\/kmblock.com\/es\/","name":"KM Block","description":"","publisher":{"@id":"https:\/\/kmblock.com\/es\/#organization"},"potentialAction":[{"@type":"SearchAction","target":{"@type":"EntryPoint","urlTemplate":"https:\/\/kmblock.com\/es\/?s={search_term_string}"},"query-input":{"@type":"PropertyValueSpecification","valueRequired":true,"valueName":"search_term_string"}}],"inLanguage":"es"},{"@type":"Organization","@id":"https:\/\/kmblock.com\/es\/#organization","name":"Bloque KM","url":"https:\/\/kmblock.com\/es\/","logo":{"@type":"ImageObject","inLanguage":"es","@id":"https:\/\/kmblock.com\/es\/#\/schema\/logo\/image\/","url":"https:\/\/kmblock.com\/wp-content\/uploads\/2024\/08\/main-logo.png","contentUrl":"https:\/\/kmblock.com\/wp-content\/uploads\/2024\/08\/main-logo.png","width":186,"height":28,"caption":"Bloque KM"},"image":{"@id":"https:\/\/kmblock.com\/es\/#\/schema\/logo\/image\/"}}]}},"_links":{"self":[{"href":"https:\/\/kmblock.com\/es\/wp-json\/wp\/v2\/product\/8641","targetHints":{"allow":["GET"]}}],"collection":[{"href":"https:\/\/kmblock.com\/es\/wp-json\/wp\/v2\/product"}],"about":[{"href":"https:\/\/kmblock.com\/es\/wp-json\/wp\/v2\/types\/product"}],"replies":[{"embeddable":true,"href":"https:\/\/kmblock.com\/es\/wp-json\/wp\/v2\/comments?post=8641"}],"wp:featuredmedia":[{"embeddable":true,"href":"https:\/\/kmblock.com\/es\/wp-json\/wp\/v2\/media\/763"}],"wp:attachment":[{"href":"https:\/\/kmblock.com\/es\/wp-json\/wp\/v2\/media?parent=8641"}],"wp:term":[{"taxonomy":"product_brand","embeddable":true,"href":"https:\/\/kmblock.com\/es\/wp-json\/wp\/v2\/product_brand?post=8641"},{"taxonomy":"product_cat","embeddable":true,"href":"https:\/\/kmblock.com\/es\/wp-json\/wp\/v2\/product_cat?post=8641"},{"taxonomy":"product_tag","embeddable":true,"href":"https:\/\/kmblock.com\/es\/wp-json\/wp\/v2\/product_tag?post=8641"}],"curies":[{"name":"wp","href":"https:\/\/api.w.org\/{rel}","templated":true}]}}