{"id":8610,"date":"2024-09-19T05:01:16","date_gmt":"2024-09-19T05:01:16","guid":{"rendered":"https:\/\/kmblock.com\/product\/bmw-x4-f26\/"},"modified":"2025-11-26T01:31:15","modified_gmt":"2025-11-26T01:31:15","slug":"bmw-x4-f26","status":"publish","type":"product","link":"https:\/\/kmblock.com\/es\/product\/bmw-x4-f26\/","title":{"rendered":"BMW X4 F26"},"content":{"rendered":"<div class=\"flex max-w-full flex-col flex-grow\">\n<div class=\"min-h-[20px] text-message flex w-full flex-col items-end gap-2 whitespace-normal break-words [.text-message+&amp;]:mt-5\" dir=\"auto\" data-message-author-role=\"assistant\" data-message-id=\"486fbb14-d9b0-4abf-8aac-69dd9ef3f888\">\n<div class=\"flex w-full flex-col gap-1 empty:hidden first:pt-[3px]\">\n<div class=\"markdown prose w-full break-words dark:prose-invert dark\">\n<h3><strong>Bloqueador de kilometraje para BMW X4 F26<\/strong><\/h3>\n<p>El bloqueador de cuentakil\u00f3metros BMW X4 F26, tambi\u00e9n conocido por t\u00e9rminos como bloqueador de cuentakil\u00f3metros, bloqueador de cuentakil\u00f3metros, bloqueador de latas, bloqueador de cuentakil\u00f3metros, cuentakil\u00f3metros de viaje, filtro de latas, y ocasionalmente como herramienta de correcci\u00f3n de cuentakil\u00f3metros, est\u00e1 dise\u00f1ado para todos los modelos BMW X4 F26 lanzados entre 2014 y 2018.<\/p>\n<h3><strong>Especificaciones:<\/strong><\/h3>\n<ul>\n<li><strong>Instalaci\u00f3n:<\/strong> Hazlo t\u00fa mismo (DIY); no es necesario soldar ni cortar cables.<\/li>\n<li><strong>Componentes:<\/strong> Incluye enchufes de alta calidad y cables resistentes al calor.<\/li>\n<li><strong>Funcionamiento:<\/strong> F\u00e1cil de usar con varias combinaciones de teclas.<\/li>\n<li><strong>Actualizaciones de software:<\/strong> Si tu veh\u00edculo ha recibido una actualizaci\u00f3n de software, activa el modo dos para seguir utilizando el dispositivo; no es necesario cambiarlo ni actualizarlo.<\/li>\n<li><strong>Conector:<\/strong> La cara de acoplamiento y los rebordes garantizan una instalaci\u00f3n sin problemas.<\/li>\n<li><strong>Funcionalidad:<\/strong> No es necesario abrir las ECU, y despu\u00e9s de desmontarlo, el kilometraje no aumenta espont\u00e1neamente.<\/li>\n<li><strong>Ajustes:<\/strong> Una vez configurados, se guardan incondicionalmente.<\/li>\n<li><strong>Indicador de velocidad y sistemas de asistencia:<\/strong> Funcionan en determinados modos.<\/li>\n<li><strong>Mensajes de error:<\/strong> No hay mensajes de error del asistente de \u00e1ngulo muerto ni de fallo del control de crucero.<\/li>\n<li><strong>Precisi\u00f3n:<\/strong> Para los modos que alteran el kilometraje, se permite una desviaci\u00f3n de hasta el 1% de la distancia recorrida. Los detalles del kilometraje detenido son aproximados. <\/li>\n<\/ul>\n<h3><strong>Ajuste del servicio:<\/strong><\/h3>\n<ul>\n<li>El Bloqueador de Kilometraje detiene el recuento de kil\u00f3metros en todas las memorias del veh\u00edculo, pero sigue contando el \u00abServicio\u00bb hasta que llega al 30%. Al llegar al 30%, se reinicia autom\u00e1ticamente al 90%. Por ejemplo, si el intervalo de servicio es de 30.000 km, y se recorren 1.000 km, el siguiente recuento de servicio es de 29.000 km. Si se detiene el kilometraje, el servicio contin\u00faa hasta que alcanza el 30%, entonces se reinicia al 90% (27.000 km).   <\/li>\n<\/ul>\n<h3><strong>Activaci\u00f3n y desactivaci\u00f3n:<\/strong><\/h3>\n<p>\u00abActivar pulsando *BC con modo *.<br \/>\n<strong>Modo 1:<\/strong> 1 parpadeo a la izquierda 30%<strong>.<\/strong> <\/p>\n<p><strong>Modo 2:<\/strong> 2 parpadeos a la izquierda 0 por ciento (sin velocidad)<\/p>\n<p><strong>Modo 3:<\/strong> 3 parpadeos a la izquierda 0 por ciento ( velocidad, s\u00f3lo funciona sin actualizaci\u00f3n)<\/p>\n<p><strong>Modo 4:<\/strong> 1 parpadeo a la derecha 100%\u00bb.<\/p>\n<p><strong>Nota:<\/strong> El dispositivo mantiene los ajustes aplicados anteriormente, por lo que no es necesario reconfigurarlo cada vez antes de arrancar el coche. Se puede activar o desactivar en movimiento (para determinados veh\u00edculos) o parado. <\/p>\n<p><strong>Finalidad:<\/strong> El bloqueador de kilometraje BMW X4 F26 te permite comprobar el rendimiento del veh\u00edculo sin acumular kilometraje adicional. Nuestros m\u00f3dulos de componentes originales garantizan un funcionamiento impecable para veh\u00edculos con lectura digital del cuentakil\u00f3metros en millas o kil\u00f3metros. Funciona con motores di\u00e9sel, de gasolina, veh\u00edculos el\u00e9ctricos h\u00edbridos enchufables (PHEV) y coches el\u00e9ctricos.  <\/p>\n<p><strong>Importante:<\/strong> No ofrecemos herramientas de correcci\u00f3n del kilometraje para BMW X4 F26, ya que est\u00e1n destinadas a fines fraudulentos y s\u00f3lo pueden eliminar parcialmente las cifras de kilometraje de los cuentakil\u00f3metros. Los veh\u00edculos modernos tienen varias unidades de almacenamiento de datos, por lo que las herramientas de correcci\u00f3n son ineficaces. <\/p>\n<p><strong>Instalaci\u00f3n:<\/strong> Sencilla y no requiere profundos conocimientos de mantenimiento del veh\u00edculo. Con\u00e9ctalo entre el veloc\u00edmetro y el cuadro de instrumentos, y utiliza combinaciones de teclas predeterminadas para cambiar de modo. <\/p>\n<p>El Bloqueador de Kilometraje BMW X4 F26 es una herramienta vers\u00e1til para realizar pruebas de rendimiento controladas.<\/p>\n<\/div>\n<\/div>\n<\/div>\n<\/div>\n","protected":false},"excerpt":{"rendered":"<div class=\"flex-shrink-0 flex flex-col relative items-end\">\n<div class=\"pt-0\">\n<div class=\"gizmo-bot-avatar flex h-8 w-8 items-center justify-center overflow-hidden rounded-full\">\n<div class=\"relative p-1 rounded-sm flex items-center justify-center bg-token-main-surface-primary text-token-text-primary h-8 w-8\">\n<p>Antes de hacer tu pedido, revisa atentamente las instrucciones de activaci\u00f3n y las notas importantes sobre los mensajes de error y la funcionalidad que aparecen a continuaci\u00f3n:<\/p>\n<p><strong>Apto para todos los modelos BMW X4 F26 lanzados entre 2014 y 2018.  <\/strong>Funcional en determinados modos. No hay problemas con el asistente de \u00e1ngulo muerto ni con el control de crucero. Hazlo t\u00fa mismo (DIY); no se necesita ayuda profesional. Se incluyen enchufes de calidad superior y cables resistentes al calor.   <\/p>\n<p class=\"p1\"><b> \u2705 Integraci\u00f3n perfecta<\/b><b><\/b><\/p>\n<p class=\"p1\">\u2705<b> F\u00e1cil instalaci\u00f3n<\/b><b><\/b><\/p>\n<p class=\"p1\">\u2705<b> Gesti\u00f3n precisa del kilometraje<\/b><b><\/b><\/p>\n<p class=\"p1\"><b> \u2705 Funcionamiento en modo oculto<\/b><b><\/b><\/p>\n<p class=\"p1\"><span class=\"s1\">\u2705<\/span><b> Soporte y actualizaciones de por vida<\/b><\/p>\n<\/div>\n<\/div>\n<\/div>\n<\/div>\n","protected":false},"featured_media":755,"comment_status":"open","ping_status":"closed","template":"","meta":[],"product_brand":[],"product_cat":[861],"product_tag":[],"class_list":{"0":"post-8610","1":"product","2":"type-product","3":"status-publish","4":"has-post-thumbnail","6":"product_cat-bmw","8":"first","9":"instock","10":"taxable","11":"shipping-taxable","12":"purchasable","13":"product-type-variable"},"yoast_head":"<!-- This site is optimized with the Yoast SEO plugin v27.5 - https:\/\/yoast.com\/product\/yoast-seo-wordpress\/ -->\n<title>BMW X4 F26 Mileage Blocker (KM stopper) \u2192 KM Block<\/title>\n<meta name=\"description\" content=\"Buy a BMW X4 F26 Mileage Blocker for the Best Prices \u2713 Free Shipping \u2713 Incl. Installation Guides\" \/>\n<meta name=\"robots\" content=\"index, follow, max-snippet:-1, max-image-preview:large, max-video-preview:-1\" \/>\n<meta property=\"og:locale\" content=\"es_ES\" \/>\n<meta property=\"og:type\" content=\"article\" \/>\n<meta property=\"og:title\" content=\"BMW X4 F26 Mileage Blocker (KM stopper) \u2192 KM Block\" \/>\n<meta property=\"og:description\" content=\"Buy a BMW X4 F26 Mileage Blocker for the Best Prices \u2713 Free Shipping \u2713 Incl. Installation Guides\" \/>\n<meta property=\"og:url\" content=\"https:\/\/kmblock.com\/es\/product\/bmw-x4-f26\/\" \/>\n<meta property=\"og:site_name\" content=\"KM Block\" \/>\n<meta property=\"article:modified_time\" content=\"2025-11-26T01:31:15+00:00\" \/>\n<meta property=\"og:image\" content=\"https:\/\/kmblock.com\/wp-content\/uploads\/2024\/09\/BMW-X4-F26.jpg\" \/>\n\t<meta property=\"og:image:width\" content=\"800\" \/>\n\t<meta property=\"og:image:height\" content=\"800\" \/>\n\t<meta property=\"og:image:type\" content=\"image\/jpeg\" \/>\n<meta name=\"twitter:card\" content=\"summary_large_image\" \/>\n<meta name=\"twitter:label1\" content=\"Tiempo de lectura\" \/>\n\t<meta name=\"twitter:data1\" content=\"3 minutos\" \/>\n<script type=\"application\/ld+json\" class=\"yoast-schema-graph\">{\"@context\":\"https:\\\/\\\/schema.org\",\"@graph\":[{\"@type\":\"WebPage\",\"@id\":\"https:\\\/\\\/kmblock.com\\\/es\\\/product\\\/bmw-x4-f26\\\/\",\"url\":\"https:\\\/\\\/kmblock.com\\\/es\\\/product\\\/bmw-x4-f26\\\/\",\"name\":\"BMW X4 F26 Mileage Blocker (KM stopper) \u2192 KM Block\",\"isPartOf\":{\"@id\":\"https:\\\/\\\/kmblock.com\\\/es\\\/#website\"},\"primaryImageOfPage\":{\"@id\":\"https:\\\/\\\/kmblock.com\\\/es\\\/product\\\/bmw-x4-f26\\\/#primaryimage\"},\"image\":{\"@id\":\"https:\\\/\\\/kmblock.com\\\/es\\\/product\\\/bmw-x4-f26\\\/#primaryimage\"},\"thumbnailUrl\":\"https:\\\/\\\/kmblock.com\\\/wp-content\\\/uploads\\\/2024\\\/09\\\/BMW-X4-F26.jpg\",\"datePublished\":\"2024-09-19T05:01:16+00:00\",\"dateModified\":\"2025-11-26T01:31:15+00:00\",\"description\":\"Buy a BMW X4 F26 Mileage Blocker for the Best Prices \u2713 Free Shipping \u2713 Incl. Installation Guides\",\"breadcrumb\":{\"@id\":\"https:\\\/\\\/kmblock.com\\\/es\\\/product\\\/bmw-x4-f26\\\/#breadcrumb\"},\"inLanguage\":\"es\",\"potentialAction\":[{\"@type\":\"ReadAction\",\"target\":[\"https:\\\/\\\/kmblock.com\\\/es\\\/product\\\/bmw-x4-f26\\\/\"]}]},{\"@type\":\"ImageObject\",\"inLanguage\":\"es\",\"@id\":\"https:\\\/\\\/kmblock.com\\\/es\\\/product\\\/bmw-x4-f26\\\/#primaryimage\",\"url\":\"https:\\\/\\\/kmblock.com\\\/wp-content\\\/uploads\\\/2024\\\/09\\\/BMW-X4-F26.jpg\",\"contentUrl\":\"https:\\\/\\\/kmblock.com\\\/wp-content\\\/uploads\\\/2024\\\/09\\\/BMW-X4-F26.jpg\",\"width\":800,\"height\":800,\"caption\":\"BMW X4 F26\"},{\"@type\":\"BreadcrumbList\",\"@id\":\"https:\\\/\\\/kmblock.com\\\/es\\\/product\\\/bmw-x4-f26\\\/#breadcrumb\",\"itemListElement\":[{\"@type\":\"ListItem\",\"position\":1,\"name\":\"Inicio\",\"item\":\"https:\\\/\\\/kmblock.com\\\/es\\\/\"},{\"@type\":\"ListItem\",\"position\":2,\"name\":\"Productos\",\"item\":\"https:\\\/\\\/kmblock.com\\\/es\\\/shop\\\/\"},{\"@type\":\"ListItem\",\"position\":3,\"name\":\"BMW X4 F26\"}]},{\"@type\":\"WebSite\",\"@id\":\"https:\\\/\\\/kmblock.com\\\/es\\\/#website\",\"url\":\"https:\\\/\\\/kmblock.com\\\/es\\\/\",\"name\":\"KM Block\",\"description\":\"\",\"publisher\":{\"@id\":\"https:\\\/\\\/kmblock.com\\\/es\\\/#organization\"},\"potentialAction\":[{\"@type\":\"SearchAction\",\"target\":{\"@type\":\"EntryPoint\",\"urlTemplate\":\"https:\\\/\\\/kmblock.com\\\/es\\\/?s={search_term_string}\"},\"query-input\":{\"@type\":\"PropertyValueSpecification\",\"valueRequired\":true,\"valueName\":\"search_term_string\"}}],\"inLanguage\":\"es\"},{\"@type\":\"Organization\",\"@id\":\"https:\\\/\\\/kmblock.com\\\/es\\\/#organization\",\"name\":\"Bloque KM\",\"url\":\"https:\\\/\\\/kmblock.com\\\/es\\\/\",\"logo\":{\"@type\":\"ImageObject\",\"inLanguage\":\"es\",\"@id\":\"https:\\\/\\\/kmblock.com\\\/es\\\/#\\\/schema\\\/logo\\\/image\\\/\",\"url\":\"https:\\\/\\\/kmblock.com\\\/wp-content\\\/uploads\\\/2024\\\/08\\\/main-logo.png\",\"contentUrl\":\"https:\\\/\\\/kmblock.com\\\/wp-content\\\/uploads\\\/2024\\\/08\\\/main-logo.png\",\"width\":186,\"height\":28,\"caption\":\"Bloque KM\"},\"image\":{\"@id\":\"https:\\\/\\\/kmblock.com\\\/es\\\/#\\\/schema\\\/logo\\\/image\\\/\"}}]}<\/script>\n<!-- \/ Yoast SEO plugin. -->","yoast_head_json":{"title":"BMW X4 F26 Mileage Blocker (KM stopper) \u2192 KM Block","description":"Buy a BMW X4 F26 Mileage Blocker for the Best Prices \u2713 Free Shipping \u2713 Incl. Installation Guides","robots":{"index":"index","follow":"follow","max-snippet":"max-snippet:-1","max-image-preview":"max-image-preview:large","max-video-preview":"max-video-preview:-1"},"og_locale":"es_ES","og_type":"article","og_title":"BMW X4 F26 Mileage Blocker (KM stopper) \u2192 KM Block","og_description":"Buy a BMW X4 F26 Mileage Blocker for the Best Prices \u2713 Free Shipping \u2713 Incl. Installation Guides","og_url":"https:\/\/kmblock.com\/es\/product\/bmw-x4-f26\/","og_site_name":"KM Block","article_modified_time":"2025-11-26T01:31:15+00:00","og_image":[{"width":800,"height":800,"url":"https:\/\/kmblock.com\/wp-content\/uploads\/2024\/09\/BMW-X4-F26.jpg","type":"image\/jpeg"}],"twitter_card":"summary_large_image","twitter_misc":{"Tiempo de lectura":"3 minutos"},"schema":{"@context":"https:\/\/schema.org","@graph":[{"@type":"WebPage","@id":"https:\/\/kmblock.com\/es\/product\/bmw-x4-f26\/","url":"https:\/\/kmblock.com\/es\/product\/bmw-x4-f26\/","name":"BMW X4 F26 Mileage Blocker (KM stopper) \u2192 KM Block","isPartOf":{"@id":"https:\/\/kmblock.com\/es\/#website"},"primaryImageOfPage":{"@id":"https:\/\/kmblock.com\/es\/product\/bmw-x4-f26\/#primaryimage"},"image":{"@id":"https:\/\/kmblock.com\/es\/product\/bmw-x4-f26\/#primaryimage"},"thumbnailUrl":"https:\/\/kmblock.com\/wp-content\/uploads\/2024\/09\/BMW-X4-F26.jpg","datePublished":"2024-09-19T05:01:16+00:00","dateModified":"2025-11-26T01:31:15+00:00","description":"Buy a BMW X4 F26 Mileage Blocker for the Best Prices \u2713 Free Shipping \u2713 Incl. Installation Guides","breadcrumb":{"@id":"https:\/\/kmblock.com\/es\/product\/bmw-x4-f26\/#breadcrumb"},"inLanguage":"es","potentialAction":[{"@type":"ReadAction","target":["https:\/\/kmblock.com\/es\/product\/bmw-x4-f26\/"]}]},{"@type":"ImageObject","inLanguage":"es","@id":"https:\/\/kmblock.com\/es\/product\/bmw-x4-f26\/#primaryimage","url":"https:\/\/kmblock.com\/wp-content\/uploads\/2024\/09\/BMW-X4-F26.jpg","contentUrl":"https:\/\/kmblock.com\/wp-content\/uploads\/2024\/09\/BMW-X4-F26.jpg","width":800,"height":800,"caption":"BMW X4 F26"},{"@type":"BreadcrumbList","@id":"https:\/\/kmblock.com\/es\/product\/bmw-x4-f26\/#breadcrumb","itemListElement":[{"@type":"ListItem","position":1,"name":"Inicio","item":"https:\/\/kmblock.com\/es\/"},{"@type":"ListItem","position":2,"name":"Productos","item":"https:\/\/kmblock.com\/es\/shop\/"},{"@type":"ListItem","position":3,"name":"BMW X4 F26"}]},{"@type":"WebSite","@id":"https:\/\/kmblock.com\/es\/#website","url":"https:\/\/kmblock.com\/es\/","name":"KM Block","description":"","publisher":{"@id":"https:\/\/kmblock.com\/es\/#organization"},"potentialAction":[{"@type":"SearchAction","target":{"@type":"EntryPoint","urlTemplate":"https:\/\/kmblock.com\/es\/?s={search_term_string}"},"query-input":{"@type":"PropertyValueSpecification","valueRequired":true,"valueName":"search_term_string"}}],"inLanguage":"es"},{"@type":"Organization","@id":"https:\/\/kmblock.com\/es\/#organization","name":"Bloque KM","url":"https:\/\/kmblock.com\/es\/","logo":{"@type":"ImageObject","inLanguage":"es","@id":"https:\/\/kmblock.com\/es\/#\/schema\/logo\/image\/","url":"https:\/\/kmblock.com\/wp-content\/uploads\/2024\/08\/main-logo.png","contentUrl":"https:\/\/kmblock.com\/wp-content\/uploads\/2024\/08\/main-logo.png","width":186,"height":28,"caption":"Bloque KM"},"image":{"@id":"https:\/\/kmblock.com\/es\/#\/schema\/logo\/image\/"}}]}},"_links":{"self":[{"href":"https:\/\/kmblock.com\/es\/wp-json\/wp\/v2\/product\/8610","targetHints":{"allow":["GET"]}}],"collection":[{"href":"https:\/\/kmblock.com\/es\/wp-json\/wp\/v2\/product"}],"about":[{"href":"https:\/\/kmblock.com\/es\/wp-json\/wp\/v2\/types\/product"}],"replies":[{"embeddable":true,"href":"https:\/\/kmblock.com\/es\/wp-json\/wp\/v2\/comments?post=8610"}],"wp:featuredmedia":[{"embeddable":true,"href":"https:\/\/kmblock.com\/es\/wp-json\/wp\/v2\/media\/755"}],"wp:attachment":[{"href":"https:\/\/kmblock.com\/es\/wp-json\/wp\/v2\/media?parent=8610"}],"wp:term":[{"taxonomy":"product_brand","embeddable":true,"href":"https:\/\/kmblock.com\/es\/wp-json\/wp\/v2\/product_brand?post=8610"},{"taxonomy":"product_cat","embeddable":true,"href":"https:\/\/kmblock.com\/es\/wp-json\/wp\/v2\/product_cat?post=8610"},{"taxonomy":"product_tag","embeddable":true,"href":"https:\/\/kmblock.com\/es\/wp-json\/wp\/v2\/product_tag?post=8610"}],"curies":[{"name":"wp","href":"https:\/\/api.w.org\/{rel}","templated":true}]}}