{"id":8591,"date":"2024-09-19T15:42:14","date_gmt":"2024-09-19T15:42:14","guid":{"rendered":"https:\/\/kmblock.com\/product\/bmw-x5-f15\/"},"modified":"2024-09-19T15:42:14","modified_gmt":"2024-09-19T15:42:14","slug":"bmw-x5-f15","status":"publish","type":"product","link":"https:\/\/kmblock.com\/es\/product\/bmw-x5-f15\/","title":{"rendered":"BMW X5 F15"},"content":{"rendered":"<div class=\"flex max-w-full flex-col flex-grow\">\n<div class=\"min-h-[20px] text-message flex w-full flex-col items-end gap-2 whitespace-normal break-words [.text-message+&amp;]:mt-5\" dir=\"auto\" data-message-author-role=\"assistant\" data-message-id=\"486fbb14-d9b0-4abf-8aac-69dd9ef3f888\">\n<div class=\"flex w-full flex-col gap-1 empty:hidden first:pt-[3px]\">\n<div class=\"markdown prose w-full break-words dark:prose-invert dark\">\n<h3><strong>BLOQUEADOR DE KILOMETRAJE PARA BMW X5 F15<\/strong><\/h3>\n<p>El bloqueador de cuentakil\u00f3metros BMW X5 F15, tambi\u00e9n conocido como bloqueador de cuentakil\u00f3metros, bloqueador de cuentakil\u00f3metros, bloqueador de latas, bloqueador de cuentakil\u00f3metros, cuentakil\u00f3metros parcial, filtro de latas, y a veces denominado herramienta de correcci\u00f3n de cuentakil\u00f3metros, es un dispositivo vers\u00e1til dise\u00f1ado para todos los modelos BMW X5 F15 fabricados entre 2013 y 2018.<\/p>\n<h3>Especificaciones:<\/h3>\n<ul>\n<li><strong>Instalaci\u00f3n DIY<\/strong>: No necesitas ayuda profesional.<\/li>\n<li><strong>Componentes de calidad superior<\/strong>: Incluye enchufes de primera calidad y cables resistentes al calor.<\/li>\n<li><strong>Sin soldaduras ni cortes<\/strong>: La instalaci\u00f3n es sencilla, sin necesidad de modificar los cables.<\/li>\n<li><strong>Funcionamiento sencillo<\/strong>: Cambia f\u00e1cilmente de un modo a otro mediante combinaciones de teclas.<\/li>\n<li><strong>M\u00faltiples modos<\/strong>: Adapta el dispositivo a tus necesidades espec\u00edficas.<\/li>\n<li><strong>Compatibilidad con actualizaciones de software<\/strong>: Si tu veh\u00edculo recibe una actualizaci\u00f3n de software, activa el modo dos y sigue utilizando el dispositivo sin necesidad de cambiarlo o actualizarlo.<\/li>\n<li><strong>Ajuste autom\u00e1tico del servicio<\/strong>: Los intervalos de servicio se ajustan autom\u00e1ticamente, sin intervenci\u00f3n manual.<\/li>\n<li><strong>Congelaci\u00f3n del<\/strong> kilometraje: Una vez retirado el m\u00f3dulo, el kilometraje no se ve afectado.<\/li>\n<li><strong>Ajustes persistentes<\/strong>: Los ajustes se guardan una vez seleccionados.<\/li>\n<li><strong>Sistemas compatibles<\/strong>: Los indicadores de velocidad y los sistemas de asistencia funcionan a la perfecci\u00f3n en determinados modos.<\/li>\n<li><strong>Funcionamiento sin errores<\/strong>: No aparecer\u00e1n mensajes de error en el veloc\u00edmetro ni en la navegaci\u00f3n.<\/li>\n<li><strong>F\u00e1cil instalaci\u00f3n<\/strong>: Instalaci\u00f3n suave con conectores estriados para un ajuste seguro.<\/li>\n<li><strong>Estabilidad del sistema<\/strong>: Sin errores de funciones como el asistente de \u00e1ngulo muerto o el control de crucero.<\/li>\n<\/ul>\n<h3>Ajuste del servicio:<\/h3>\n<p>El Bloqueador de kilometraje no s\u00f3lo detiene el recuento de kilometraje en todos los sistemas de memoria del veh\u00edculo, sino que tambi\u00e9n ajusta autom\u00e1ticamente la cuenta atr\u00e1s del intervalo de servicio. Mientras est\u00e1 en uso, la cuenta atr\u00e1s del intervalo de mantenimiento contin\u00faa, pero el kilometraje no se registra hasta que queda un 30% del intervalo de mantenimiento. Una vez alcanzado este umbral, se reinicia al 90%. Por ejemplo, si el intervalo de mantenimiento es de 30.000 km, cuando queden 9.000 km (30%), salta de nuevo a 27.000 km (90%).   <\/p>\n<p>Estos ajustes de servicio garantizan el mantenimiento adecuado de tu veh\u00edculo, sin disparar prematuramente los intervalos de servicio.<\/p>\n<h3>Activaci\u00f3n y desactivaci\u00f3n:<\/h3>\n<p>\u00abActivar pulsando *BC con modo *.<br \/>\n<strong>Modo 1:<\/strong> 1 parpadeo a la izquierda 30%<strong>.<\/strong> <\/p>\n<p><strong>Modo 2:<\/strong> 2 parpadeos a la izquierda 0 por ciento (sin velocidad)<\/p>\n<p><strong>Modo 3:<\/strong> 3 parpadeos a la izquierda 0 por ciento ( velocidad, s\u00f3lo funciona sin actualizaci\u00f3n)<\/p>\n<p><strong>Modo 4:<\/strong> 1 parpadeo a la derecha 100%\u00bb.<\/p>\n<h3>\u00bfQu\u00e9 es el Bloqueador de cuentakil\u00f3metros BMW X5 F15?<\/h3>\n<p>El Bloqueador de Kilometraje BMW X5 F15 es una herramienta avanzada dise\u00f1ada para detener el recuento de kil\u00f3metros mientras el coche est\u00e1 en movimiento, ayud\u00e1ndote a probar el rendimiento del veh\u00edculo en entornos controlados. Funciona tanto en motores de gasolina como di\u00e9sel, as\u00ed como en veh\u00edculos el\u00e9ctricos h\u00edbridos enchufables (PHEV) y coches el\u00e9ctricos. Nuestro dispositivo est\u00e1 programado para marcas y modelos espec\u00edficos, para garantizar un rendimiento impecable.  <\/p>\n<p>En <strong>KMBlock.com<\/strong>, hacemos hincapi\u00e9 en que esta herramienta no est\u00e1 pensada para fines enga\u00f1osos como la correcci\u00f3n del kilometraje. A diferencia de los dispositivos de correcci\u00f3n, que s\u00f3lo pueden alterar las lecturas del cuentakil\u00f3metros en determinadas zonas, nuestro Bloqueador de Kilometraje est\u00e1 dise\u00f1ado para pruebas de rendimiento y conservaci\u00f3n de datos de forma legal y responsable. <\/p>\n<p>Ofrecemos una amplia gama de dispositivos para detener el kilometraje para varios modelos de veh\u00edculos, todos con el mismo sencillo proceso de instalaci\u00f3n. S\u00f3lo tienes que conectar el dispositivo entre el veloc\u00edmetro y el cuadro de instrumentos, \u00a1y listo! <\/p>\n<p><strong>El Bloqueador de Kilometraje BMW X5 F15<\/strong> proporciona una soluci\u00f3n fiable para controlar y comprobar el rendimiento del veh\u00edculo con facilidad, ofreciendo una comodidad y funcionalidad inigualables.<\/p>\n<\/div>\n<\/div>\n<\/div>\n<\/div>\n","protected":false},"excerpt":{"rendered":"<div class=\"flex-shrink-0 flex flex-col relative items-end\">\n<div class=\"pt-0\">\n<div class=\"gizmo-bot-avatar flex h-8 w-8 items-center justify-center overflow-hidden rounded-full\">\n<div class=\"relative p-1 rounded-sm flex items-center justify-center bg-token-main-surface-primary text-token-text-primary h-8 w-8\">\n<p>Antes de hacer tu pedido, revisa atentamente las instrucciones de activaci\u00f3n y las notas importantes sobre los mensajes de error y la funcionalidad que aparecen a continuaci\u00f3n:<\/p>\n<p><strong>Este dispositivo est\u00e1 dise\u00f1ado para funcionar con todos los modelos BMW X5 F15 fabricados entre 2013 y 2018.  <\/strong>Funciona sin problemas con los indicadores de velocidad y los programas de asistencia en determinados modos. Garantiza que no se produzcan errores relacionados con la funci\u00f3n de asistencia de \u00e1ngulo muerto o control de crucero. F\u00e1cil configuraci\u00f3n, hazlo t\u00fa mismo sin necesidad de ayuda experta. Viene equipado con enchufes de alta calidad y cables resistentes al calor para mayor durabilidad.   <\/p>\n<p class=\"p1\"><b> \u2705 Integraci\u00f3n perfecta<\/b><b><\/b><\/p>\n<p class=\"p1\">\u2705<b> F\u00e1cil instalaci\u00f3n<\/b><b><\/b><\/p>\n<p class=\"p1\">\u2705<b> Gesti\u00f3n precisa del kilometraje<\/b><b><\/b><\/p>\n<p class=\"p1\"><b> \u2705 Funcionamiento en modo oculto<\/b><b><\/b><\/p>\n<p class=\"p1\"><span class=\"s1\">\u2705<\/span><b> Soporte y actualizaciones de por vida<\/b><\/p>\n<\/div>\n<\/div>\n<\/div>\n<\/div>\n","protected":false},"featured_media":759,"comment_status":"open","ping_status":"closed","template":"","meta":[],"product_brand":[],"product_cat":[861],"product_tag":[],"class_list":{"0":"post-8591","1":"product","2":"type-product","3":"status-publish","4":"has-post-thumbnail","6":"product_cat-bmw","8":"first","9":"instock","10":"taxable","11":"shipping-taxable","12":"purchasable","13":"product-type-variable"},"yoast_head":"<!-- This site is optimized with the Yoast SEO plugin v27.5 - https:\/\/yoast.com\/product\/yoast-seo-wordpress\/ -->\n<title>BMW X5 F15 Mileage Blocker (KM stopper) \u2192 KM Block<\/title>\n<meta name=\"description\" content=\"Buy a BMW X5 F15 Mileage Blocker for the Best Prices \u2713 Free Shipping \u2713 Incl. Installation Guides\" \/>\n<meta name=\"robots\" content=\"index, follow, max-snippet:-1, max-image-preview:large, max-video-preview:-1\" \/>\n<meta property=\"og:locale\" content=\"es_ES\" \/>\n<meta property=\"og:type\" content=\"article\" \/>\n<meta property=\"og:title\" content=\"BMW X5 F15 Mileage Blocker (KM stopper) \u2192 KM Block\" \/>\n<meta property=\"og:description\" content=\"Buy a BMW X5 F15 Mileage Blocker for the Best Prices \u2713 Free Shipping \u2713 Incl. Installation Guides\" \/>\n<meta property=\"og:url\" content=\"https:\/\/kmblock.com\/es\/product\/bmw-x5-f15\/\" \/>\n<meta property=\"og:site_name\" content=\"KM Block\" \/>\n<meta property=\"og:image\" content=\"https:\/\/kmblock.com\/wp-content\/uploads\/2024\/09\/BMW-X5-F15-600x600-1.jpg\" \/>\n\t<meta property=\"og:image:width\" content=\"600\" \/>\n\t<meta property=\"og:image:height\" content=\"600\" \/>\n\t<meta property=\"og:image:type\" content=\"image\/jpeg\" \/>\n<meta name=\"twitter:card\" content=\"summary_large_image\" \/>\n<meta name=\"twitter:label1\" content=\"Tiempo de lectura\" \/>\n\t<meta name=\"twitter:data1\" content=\"3 minutos\" \/>\n<script type=\"application\/ld+json\" class=\"yoast-schema-graph\">{\"@context\":\"https:\\\/\\\/schema.org\",\"@graph\":[{\"@type\":\"WebPage\",\"@id\":\"https:\\\/\\\/kmblock.com\\\/es\\\/product\\\/bmw-x5-f15\\\/\",\"url\":\"https:\\\/\\\/kmblock.com\\\/es\\\/product\\\/bmw-x5-f15\\\/\",\"name\":\"BMW X5 F15 Mileage Blocker (KM stopper) \u2192 KM Block\",\"isPartOf\":{\"@id\":\"https:\\\/\\\/kmblock.com\\\/es\\\/#website\"},\"primaryImageOfPage\":{\"@id\":\"https:\\\/\\\/kmblock.com\\\/es\\\/product\\\/bmw-x5-f15\\\/#primaryimage\"},\"image\":{\"@id\":\"https:\\\/\\\/kmblock.com\\\/es\\\/product\\\/bmw-x5-f15\\\/#primaryimage\"},\"thumbnailUrl\":\"https:\\\/\\\/kmblock.com\\\/wp-content\\\/uploads\\\/2024\\\/09\\\/BMW-X5-F15-600x600-1.jpg\",\"datePublished\":\"2024-09-19T15:42:14+00:00\",\"description\":\"Buy a BMW X5 F15 Mileage Blocker for the Best Prices \u2713 Free Shipping \u2713 Incl. Installation Guides\",\"breadcrumb\":{\"@id\":\"https:\\\/\\\/kmblock.com\\\/es\\\/product\\\/bmw-x5-f15\\\/#breadcrumb\"},\"inLanguage\":\"es\",\"potentialAction\":[{\"@type\":\"ReadAction\",\"target\":[\"https:\\\/\\\/kmblock.com\\\/es\\\/product\\\/bmw-x5-f15\\\/\"]}]},{\"@type\":\"ImageObject\",\"inLanguage\":\"es\",\"@id\":\"https:\\\/\\\/kmblock.com\\\/es\\\/product\\\/bmw-x5-f15\\\/#primaryimage\",\"url\":\"https:\\\/\\\/kmblock.com\\\/wp-content\\\/uploads\\\/2024\\\/09\\\/BMW-X5-F15-600x600-1.jpg\",\"contentUrl\":\"https:\\\/\\\/kmblock.com\\\/wp-content\\\/uploads\\\/2024\\\/09\\\/BMW-X5-F15-600x600-1.jpg\",\"width\":600,\"height\":600,\"caption\":\"BMW-X5-F15-600x600\"},{\"@type\":\"BreadcrumbList\",\"@id\":\"https:\\\/\\\/kmblock.com\\\/es\\\/product\\\/bmw-x5-f15\\\/#breadcrumb\",\"itemListElement\":[{\"@type\":\"ListItem\",\"position\":1,\"name\":\"Inicio\",\"item\":\"https:\\\/\\\/kmblock.com\\\/es\\\/\"},{\"@type\":\"ListItem\",\"position\":2,\"name\":\"Productos\",\"item\":\"https:\\\/\\\/kmblock.com\\\/es\\\/shop\\\/\"},{\"@type\":\"ListItem\",\"position\":3,\"name\":\"BMW X5 F15\"}]},{\"@type\":\"WebSite\",\"@id\":\"https:\\\/\\\/kmblock.com\\\/es\\\/#website\",\"url\":\"https:\\\/\\\/kmblock.com\\\/es\\\/\",\"name\":\"KM Block\",\"description\":\"\",\"publisher\":{\"@id\":\"https:\\\/\\\/kmblock.com\\\/es\\\/#organization\"},\"potentialAction\":[{\"@type\":\"SearchAction\",\"target\":{\"@type\":\"EntryPoint\",\"urlTemplate\":\"https:\\\/\\\/kmblock.com\\\/es\\\/?s={search_term_string}\"},\"query-input\":{\"@type\":\"PropertyValueSpecification\",\"valueRequired\":true,\"valueName\":\"search_term_string\"}}],\"inLanguage\":\"es\"},{\"@type\":\"Organization\",\"@id\":\"https:\\\/\\\/kmblock.com\\\/es\\\/#organization\",\"name\":\"Bloque KM\",\"url\":\"https:\\\/\\\/kmblock.com\\\/es\\\/\",\"logo\":{\"@type\":\"ImageObject\",\"inLanguage\":\"es\",\"@id\":\"https:\\\/\\\/kmblock.com\\\/es\\\/#\\\/schema\\\/logo\\\/image\\\/\",\"url\":\"https:\\\/\\\/kmblock.com\\\/wp-content\\\/uploads\\\/2024\\\/08\\\/main-logo.png\",\"contentUrl\":\"https:\\\/\\\/kmblock.com\\\/wp-content\\\/uploads\\\/2024\\\/08\\\/main-logo.png\",\"width\":186,\"height\":28,\"caption\":\"Bloque KM\"},\"image\":{\"@id\":\"https:\\\/\\\/kmblock.com\\\/es\\\/#\\\/schema\\\/logo\\\/image\\\/\"}}]}<\/script>\n<!-- \/ Yoast SEO plugin. -->","yoast_head_json":{"title":"BMW X5 F15 Mileage Blocker (KM stopper) \u2192 KM Block","description":"Buy a BMW X5 F15 Mileage Blocker for the Best Prices \u2713 Free Shipping \u2713 Incl. Installation Guides","robots":{"index":"index","follow":"follow","max-snippet":"max-snippet:-1","max-image-preview":"max-image-preview:large","max-video-preview":"max-video-preview:-1"},"og_locale":"es_ES","og_type":"article","og_title":"BMW X5 F15 Mileage Blocker (KM stopper) \u2192 KM Block","og_description":"Buy a BMW X5 F15 Mileage Blocker for the Best Prices \u2713 Free Shipping \u2713 Incl. Installation Guides","og_url":"https:\/\/kmblock.com\/es\/product\/bmw-x5-f15\/","og_site_name":"KM Block","og_image":[{"width":600,"height":600,"url":"https:\/\/kmblock.com\/wp-content\/uploads\/2024\/09\/BMW-X5-F15-600x600-1.jpg","type":"image\/jpeg"}],"twitter_card":"summary_large_image","twitter_misc":{"Tiempo de lectura":"3 minutos"},"schema":{"@context":"https:\/\/schema.org","@graph":[{"@type":"WebPage","@id":"https:\/\/kmblock.com\/es\/product\/bmw-x5-f15\/","url":"https:\/\/kmblock.com\/es\/product\/bmw-x5-f15\/","name":"BMW X5 F15 Mileage Blocker (KM stopper) \u2192 KM Block","isPartOf":{"@id":"https:\/\/kmblock.com\/es\/#website"},"primaryImageOfPage":{"@id":"https:\/\/kmblock.com\/es\/product\/bmw-x5-f15\/#primaryimage"},"image":{"@id":"https:\/\/kmblock.com\/es\/product\/bmw-x5-f15\/#primaryimage"},"thumbnailUrl":"https:\/\/kmblock.com\/wp-content\/uploads\/2024\/09\/BMW-X5-F15-600x600-1.jpg","datePublished":"2024-09-19T15:42:14+00:00","description":"Buy a BMW X5 F15 Mileage Blocker for the Best Prices \u2713 Free Shipping \u2713 Incl. Installation Guides","breadcrumb":{"@id":"https:\/\/kmblock.com\/es\/product\/bmw-x5-f15\/#breadcrumb"},"inLanguage":"es","potentialAction":[{"@type":"ReadAction","target":["https:\/\/kmblock.com\/es\/product\/bmw-x5-f15\/"]}]},{"@type":"ImageObject","inLanguage":"es","@id":"https:\/\/kmblock.com\/es\/product\/bmw-x5-f15\/#primaryimage","url":"https:\/\/kmblock.com\/wp-content\/uploads\/2024\/09\/BMW-X5-F15-600x600-1.jpg","contentUrl":"https:\/\/kmblock.com\/wp-content\/uploads\/2024\/09\/BMW-X5-F15-600x600-1.jpg","width":600,"height":600,"caption":"BMW-X5-F15-600x600"},{"@type":"BreadcrumbList","@id":"https:\/\/kmblock.com\/es\/product\/bmw-x5-f15\/#breadcrumb","itemListElement":[{"@type":"ListItem","position":1,"name":"Inicio","item":"https:\/\/kmblock.com\/es\/"},{"@type":"ListItem","position":2,"name":"Productos","item":"https:\/\/kmblock.com\/es\/shop\/"},{"@type":"ListItem","position":3,"name":"BMW X5 F15"}]},{"@type":"WebSite","@id":"https:\/\/kmblock.com\/es\/#website","url":"https:\/\/kmblock.com\/es\/","name":"KM Block","description":"","publisher":{"@id":"https:\/\/kmblock.com\/es\/#organization"},"potentialAction":[{"@type":"SearchAction","target":{"@type":"EntryPoint","urlTemplate":"https:\/\/kmblock.com\/es\/?s={search_term_string}"},"query-input":{"@type":"PropertyValueSpecification","valueRequired":true,"valueName":"search_term_string"}}],"inLanguage":"es"},{"@type":"Organization","@id":"https:\/\/kmblock.com\/es\/#organization","name":"Bloque KM","url":"https:\/\/kmblock.com\/es\/","logo":{"@type":"ImageObject","inLanguage":"es","@id":"https:\/\/kmblock.com\/es\/#\/schema\/logo\/image\/","url":"https:\/\/kmblock.com\/wp-content\/uploads\/2024\/08\/main-logo.png","contentUrl":"https:\/\/kmblock.com\/wp-content\/uploads\/2024\/08\/main-logo.png","width":186,"height":28,"caption":"Bloque KM"},"image":{"@id":"https:\/\/kmblock.com\/es\/#\/schema\/logo\/image\/"}}]}},"_links":{"self":[{"href":"https:\/\/kmblock.com\/es\/wp-json\/wp\/v2\/product\/8591","targetHints":{"allow":["GET"]}}],"collection":[{"href":"https:\/\/kmblock.com\/es\/wp-json\/wp\/v2\/product"}],"about":[{"href":"https:\/\/kmblock.com\/es\/wp-json\/wp\/v2\/types\/product"}],"replies":[{"embeddable":true,"href":"https:\/\/kmblock.com\/es\/wp-json\/wp\/v2\/comments?post=8591"}],"wp:featuredmedia":[{"embeddable":true,"href":"https:\/\/kmblock.com\/es\/wp-json\/wp\/v2\/media\/759"}],"wp:attachment":[{"href":"https:\/\/kmblock.com\/es\/wp-json\/wp\/v2\/media?parent=8591"}],"wp:term":[{"taxonomy":"product_brand","embeddable":true,"href":"https:\/\/kmblock.com\/es\/wp-json\/wp\/v2\/product_brand?post=8591"},{"taxonomy":"product_cat","embeddable":true,"href":"https:\/\/kmblock.com\/es\/wp-json\/wp\/v2\/product_cat?post=8591"},{"taxonomy":"product_tag","embeddable":true,"href":"https:\/\/kmblock.com\/es\/wp-json\/wp\/v2\/product_tag?post=8591"}],"curies":[{"name":"wp","href":"https:\/\/api.w.org\/{rel}","templated":true}]}}