{"id":8561,"date":"2024-09-19T04:41:53","date_gmt":"2024-09-19T04:41:53","guid":{"rendered":"https:\/\/kmblock.com\/product\/bmw-x3-f25\/"},"modified":"2024-09-19T04:41:53","modified_gmt":"2024-09-19T04:41:53","slug":"bmw-x3-f25","status":"publish","type":"product","link":"https:\/\/kmblock.com\/es\/product\/bmw-x3-f25\/","title":{"rendered":"BMW X3 F25"},"content":{"rendered":"<div class=\"flex max-w-full flex-col flex-grow\">\n<div class=\"min-h-[20px] text-message flex w-full flex-col items-end gap-2 whitespace-normal break-words [.text-message+&amp;]:mt-5\" dir=\"auto\" data-message-author-role=\"assistant\" data-message-id=\"486fbb14-d9b0-4abf-8aac-69dd9ef3f888\">\n<div class=\"flex w-full flex-col gap-1 empty:hidden first:pt-[3px]\">\n<div class=\"markdown prose w-full break-words dark:prose-invert dark\">\n<h3><strong>BLOQUEADOR DE KILOMETRAJE PARA BMW X3 F25<\/strong><\/h3>\n<p>Antes de realizar la compra, revisa atentamente la siguiente informaci\u00f3n sobre la activaci\u00f3n del m\u00f3dulo, los mensajes de error y la funcionalidad:<\/p>\n<h3><strong>Compatibilidad:<\/strong><\/h3>\n<ul>\n<li>Apto para todos los modelos BMW X3 F25 lanzados entre 2010 y 2017.<\/li>\n<\/ul>\n<h3><strong>Especificaciones:<\/strong><\/h3>\n<ul>\n<li><strong>Instalaci\u00f3n:<\/strong> Hazlo t\u00fa mismo (DIY) sin necesidad de abrir la ECU. Enchufes de primera calidad y cables resistentes al calor. No es necesario soldar ni cortar los cables.  <\/li>\n<li><strong>Modos:<\/strong> Incluye varios modos para mayor flexibilidad.<\/li>\n<li><strong>Funcionamiento:<\/strong> F\u00e1cil de manejar con varias combinaciones de teclas.<\/li>\n<li><strong>Actualizaciones de software:<\/strong> Si tu veh\u00edculo ha recibido una actualizaci\u00f3n de software, s\u00f3lo tienes que activar el modo dos para seguir utilizando el dispositivo, sin necesidad de cambiarlo o actualizarlo.<\/li>\n<li><strong>Despu\u00e9s de la retirada:<\/strong> Despu\u00e9s de retirar el m\u00f3dulo, el kilometraje no aumenta espont\u00e1neamente.<\/li>\n<li><strong>Ajustes:<\/strong> Los ajustes se guardan incondicionalmente una vez seleccionados.<\/li>\n<li><strong>Indicadores:<\/strong> No hay mensajes de error en el veloc\u00edmetro ni en el panel de navegaci\u00f3n. El indicador de velocidad y los sistemas de asistencia s\u00f3lo funcionan en determinados modos. <\/li>\n<li><strong>Mensajes de error:<\/strong> No hay problemas con el asistente de \u00e1ngulo muerto ni con el fallo del control de crucero.<\/li>\n<li><strong>Desviaci\u00f3n:<\/strong> Para los modos que alteran totalmente el kilometraje, hay una desviaci\u00f3n permitida de hasta el 1% de la distancia recorrida.<\/li>\n<\/ul>\n<h3><strong>Ajuste del servicio:<\/strong><\/h3>\n<ul>\n<li>Detiene el recuento de la distancia recorrida, pero ajusta autom\u00e1ticamente el intervalo de servicio. El recuento de servicio no se detiene, pero el registro de kilometraje se detiene hasta que queda un 30% del intervalo. A continuaci\u00f3n, el servicio se retrasa hasta el 90%. Ten en cuenta que estos porcentajes son aproximados y pueden variar.   <\/li>\n<\/ul>\n<h3><strong>Activaci\u00f3n y desactivaci\u00f3n:<\/strong><\/h3>\n<p>\u00abActivar pulsando *BC con modo *.<br \/>\n<strong>Modo 1:<\/strong> 1 parpadeo a la izquierda 30%<strong>.<\/strong> <\/p>\n<p><strong>Modo 2:<\/strong> 2 parpadeos a la izquierda 0 por ciento (sin velocidad)<\/p>\n<p><strong>Modo 3:<\/strong> 3 parpadeos a la izquierda 0 por ciento ( velocidad, s\u00f3lo funciona sin actualizaci\u00f3n)<\/p>\n<p><strong>Modo 4:<\/strong> 1 parpadeo a la derecha 100%\u00bb.<\/p>\n<p><strong>Prop\u00f3sito:<\/strong><\/p>\n<ul>\n<li>El bloqueador de kilometraje\/bloqueador de cuentakil\u00f3metros del BMW X3 F25 ayuda a evitar el registro de kilometraje extra durante las pruebas de rendimiento. Es compatible con motores di\u00e9sel, de gasolina, veh\u00edculos el\u00e9ctricos h\u00edbridos enchufables (PHEV) y coches el\u00e9ctricos. <\/li>\n<\/ul>\n<p><strong>Nota:<\/strong><\/p>\n<ul>\n<li>No vendemos herramientas de Correcci\u00f3n del Kilometraje para BMW X3 F25, ya que se utilizan con fines fraudulentos, como hacer retroceder el kilometraje. Nuestras herramientas se centran en las pruebas de rendimiento y no alteran las cifras de kilometraje para pr\u00e1cticas enga\u00f1osas. <\/li>\n<\/ul>\n<p><strong>Instalaci\u00f3n:<\/strong><\/p>\n<ul>\n<li>Sencillo y r\u00e1pido, no requiere profundos conocimientos de mantenimiento del veh\u00edculo. Con\u00e9ctalo entre el puerto del veloc\u00edmetro y el cuadro de instrumentos. El dispositivo puede activarse o desactivarse en movimiento (para algunos veh\u00edculos) o parado.  <\/li>\n<\/ul>\n<\/div>\n<\/div>\n<\/div>\n<\/div>\n","protected":false},"excerpt":{"rendered":"<div class=\"flex-shrink-0 flex flex-col relative items-end\">\n<div class=\"pt-0\">\n<div class=\"gizmo-bot-avatar flex h-8 w-8 items-center justify-center overflow-hidden rounded-full\">\n<div class=\"relative p-1 rounded-sm flex items-center justify-center bg-token-main-surface-primary text-token-text-primary h-8 w-8\">\n<p>Antes de hacer tu pedido, revisa atentamente las instrucciones de activaci\u00f3n y las notas importantes sobre los mensajes de error y la funcionalidad que aparecen a continuaci\u00f3n:<\/p>\n<p><strong>Apto para todos los modelos BMW X3 F25 lanzados entre 2010 y 2017.  <\/strong>Funciona en determinados modos. No hay mensajes de error del asistente de \u00e1ngulo muerto ni de fallo del control de crucero. Instalaci\u00f3n \u00abhazlo t\u00fa mismo\u00bb (DIY). Enchufes de calidad superior y cables resistentes al calor.   <\/p>\n<p class=\"p1\"><b> \u2705 Integraci\u00f3n perfecta<\/b><b><\/b><\/p>\n<p class=\"p1\">\u2705<b> F\u00e1cil instalaci\u00f3n<\/b><b><\/b><\/p>\n<p class=\"p1\">\u2705<b> Gesti\u00f3n precisa del kilometraje<\/b><b><\/b><\/p>\n<p class=\"p1\"><b> \u2705 Funcionamiento en modo oculto<\/b><b><\/b><\/p>\n<p class=\"p1\"><span class=\"s1\">\u2705<\/span><b> Soporte y actualizaciones de por vida<\/b><\/p>\n<p>&nbsp;<\/p>\n<\/div>\n<\/div>\n<\/div>\n<\/div>\n","protected":false},"featured_media":751,"comment_status":"open","ping_status":"closed","template":"","meta":[],"product_brand":[],"product_cat":[861],"product_tag":[],"class_list":{"0":"post-8561","1":"product","2":"type-product","3":"status-publish","4":"has-post-thumbnail","6":"product_cat-bmw","8":"first","9":"instock","10":"taxable","11":"shipping-taxable","12":"purchasable","13":"product-type-variable"},"yoast_head":"<!-- This site is optimized with the Yoast SEO plugin v27.5 - https:\/\/yoast.com\/product\/yoast-seo-wordpress\/ -->\n<title>BMW X3 F25 Mileage Blocker (KM stopper) \u2192 KM Block<\/title>\n<meta name=\"description\" content=\"Buy a BMW X3 F25 Mileage Blocker for the Best Prices \u2713 Free Shipping \u2713 Incl. Installation Guides\" \/>\n<meta name=\"robots\" content=\"index, follow, max-snippet:-1, max-image-preview:large, max-video-preview:-1\" \/>\n<meta property=\"og:locale\" content=\"es_ES\" \/>\n<meta property=\"og:type\" content=\"article\" \/>\n<meta property=\"og:title\" content=\"BMW X3 F25 Mileage Blocker (KM stopper) \u2192 KM Block\" \/>\n<meta property=\"og:description\" content=\"Buy a BMW X3 F25 Mileage Blocker for the Best Prices \u2713 Free Shipping \u2713 Incl. Installation Guides\" \/>\n<meta property=\"og:url\" content=\"https:\/\/kmblock.com\/es\/product\/bmw-x3-f25\/\" \/>\n<meta property=\"og:site_name\" content=\"KM Block\" \/>\n<meta property=\"og:image\" content=\"https:\/\/kmblock.com\/wp-content\/uploads\/2024\/09\/BMW-X3-F25.jpg\" \/>\n\t<meta property=\"og:image:width\" content=\"800\" \/>\n\t<meta property=\"og:image:height\" content=\"800\" \/>\n\t<meta property=\"og:image:type\" content=\"image\/jpeg\" \/>\n<meta name=\"twitter:card\" content=\"summary_large_image\" \/>\n<meta name=\"twitter:label1\" content=\"Tiempo de lectura\" \/>\n\t<meta name=\"twitter:data1\" content=\"2 minutos\" \/>\n<script type=\"application\/ld+json\" class=\"yoast-schema-graph\">{\"@context\":\"https:\\\/\\\/schema.org\",\"@graph\":[{\"@type\":\"WebPage\",\"@id\":\"https:\\\/\\\/kmblock.com\\\/es\\\/product\\\/bmw-x3-f25\\\/\",\"url\":\"https:\\\/\\\/kmblock.com\\\/es\\\/product\\\/bmw-x3-f25\\\/\",\"name\":\"BMW X3 F25 Mileage Blocker (KM stopper) \u2192 KM Block\",\"isPartOf\":{\"@id\":\"https:\\\/\\\/kmblock.com\\\/es\\\/#website\"},\"primaryImageOfPage\":{\"@id\":\"https:\\\/\\\/kmblock.com\\\/es\\\/product\\\/bmw-x3-f25\\\/#primaryimage\"},\"image\":{\"@id\":\"https:\\\/\\\/kmblock.com\\\/es\\\/product\\\/bmw-x3-f25\\\/#primaryimage\"},\"thumbnailUrl\":\"https:\\\/\\\/kmblock.com\\\/wp-content\\\/uploads\\\/2024\\\/09\\\/BMW-X3-F25.jpg\",\"datePublished\":\"2024-09-19T04:41:53+00:00\",\"description\":\"Buy a BMW X3 F25 Mileage Blocker for the Best Prices \u2713 Free Shipping \u2713 Incl. Installation Guides\",\"breadcrumb\":{\"@id\":\"https:\\\/\\\/kmblock.com\\\/es\\\/product\\\/bmw-x3-f25\\\/#breadcrumb\"},\"inLanguage\":\"es\",\"potentialAction\":[{\"@type\":\"ReadAction\",\"target\":[\"https:\\\/\\\/kmblock.com\\\/es\\\/product\\\/bmw-x3-f25\\\/\"]}]},{\"@type\":\"ImageObject\",\"inLanguage\":\"es\",\"@id\":\"https:\\\/\\\/kmblock.com\\\/es\\\/product\\\/bmw-x3-f25\\\/#primaryimage\",\"url\":\"https:\\\/\\\/kmblock.com\\\/wp-content\\\/uploads\\\/2024\\\/09\\\/BMW-X3-F25.jpg\",\"contentUrl\":\"https:\\\/\\\/kmblock.com\\\/wp-content\\\/uploads\\\/2024\\\/09\\\/BMW-X3-F25.jpg\",\"width\":800,\"height\":800,\"caption\":\"BMW X3 F25\"},{\"@type\":\"BreadcrumbList\",\"@id\":\"https:\\\/\\\/kmblock.com\\\/es\\\/product\\\/bmw-x3-f25\\\/#breadcrumb\",\"itemListElement\":[{\"@type\":\"ListItem\",\"position\":1,\"name\":\"Inicio\",\"item\":\"https:\\\/\\\/kmblock.com\\\/es\\\/\"},{\"@type\":\"ListItem\",\"position\":2,\"name\":\"Productos\",\"item\":\"https:\\\/\\\/kmblock.com\\\/es\\\/shop\\\/\"},{\"@type\":\"ListItem\",\"position\":3,\"name\":\"BMW X3 F25\"}]},{\"@type\":\"WebSite\",\"@id\":\"https:\\\/\\\/kmblock.com\\\/es\\\/#website\",\"url\":\"https:\\\/\\\/kmblock.com\\\/es\\\/\",\"name\":\"KM Block\",\"description\":\"\",\"publisher\":{\"@id\":\"https:\\\/\\\/kmblock.com\\\/es\\\/#organization\"},\"potentialAction\":[{\"@type\":\"SearchAction\",\"target\":{\"@type\":\"EntryPoint\",\"urlTemplate\":\"https:\\\/\\\/kmblock.com\\\/es\\\/?s={search_term_string}\"},\"query-input\":{\"@type\":\"PropertyValueSpecification\",\"valueRequired\":true,\"valueName\":\"search_term_string\"}}],\"inLanguage\":\"es\"},{\"@type\":\"Organization\",\"@id\":\"https:\\\/\\\/kmblock.com\\\/es\\\/#organization\",\"name\":\"Bloque KM\",\"url\":\"https:\\\/\\\/kmblock.com\\\/es\\\/\",\"logo\":{\"@type\":\"ImageObject\",\"inLanguage\":\"es\",\"@id\":\"https:\\\/\\\/kmblock.com\\\/es\\\/#\\\/schema\\\/logo\\\/image\\\/\",\"url\":\"https:\\\/\\\/kmblock.com\\\/wp-content\\\/uploads\\\/2024\\\/08\\\/main-logo.png\",\"contentUrl\":\"https:\\\/\\\/kmblock.com\\\/wp-content\\\/uploads\\\/2024\\\/08\\\/main-logo.png\",\"width\":186,\"height\":28,\"caption\":\"Bloque KM\"},\"image\":{\"@id\":\"https:\\\/\\\/kmblock.com\\\/es\\\/#\\\/schema\\\/logo\\\/image\\\/\"}}]}<\/script>\n<!-- \/ Yoast SEO plugin. -->","yoast_head_json":{"title":"BMW X3 F25 Mileage Blocker (KM stopper) \u2192 KM Block","description":"Buy a BMW X3 F25 Mileage Blocker for the Best Prices \u2713 Free Shipping \u2713 Incl. Installation Guides","robots":{"index":"index","follow":"follow","max-snippet":"max-snippet:-1","max-image-preview":"max-image-preview:large","max-video-preview":"max-video-preview:-1"},"og_locale":"es_ES","og_type":"article","og_title":"BMW X3 F25 Mileage Blocker (KM stopper) \u2192 KM Block","og_description":"Buy a BMW X3 F25 Mileage Blocker for the Best Prices \u2713 Free Shipping \u2713 Incl. Installation Guides","og_url":"https:\/\/kmblock.com\/es\/product\/bmw-x3-f25\/","og_site_name":"KM Block","og_image":[{"width":800,"height":800,"url":"https:\/\/kmblock.com\/wp-content\/uploads\/2024\/09\/BMW-X3-F25.jpg","type":"image\/jpeg"}],"twitter_card":"summary_large_image","twitter_misc":{"Tiempo de lectura":"2 minutos"},"schema":{"@context":"https:\/\/schema.org","@graph":[{"@type":"WebPage","@id":"https:\/\/kmblock.com\/es\/product\/bmw-x3-f25\/","url":"https:\/\/kmblock.com\/es\/product\/bmw-x3-f25\/","name":"BMW X3 F25 Mileage Blocker (KM stopper) \u2192 KM Block","isPartOf":{"@id":"https:\/\/kmblock.com\/es\/#website"},"primaryImageOfPage":{"@id":"https:\/\/kmblock.com\/es\/product\/bmw-x3-f25\/#primaryimage"},"image":{"@id":"https:\/\/kmblock.com\/es\/product\/bmw-x3-f25\/#primaryimage"},"thumbnailUrl":"https:\/\/kmblock.com\/wp-content\/uploads\/2024\/09\/BMW-X3-F25.jpg","datePublished":"2024-09-19T04:41:53+00:00","description":"Buy a BMW X3 F25 Mileage Blocker for the Best Prices \u2713 Free Shipping \u2713 Incl. Installation Guides","breadcrumb":{"@id":"https:\/\/kmblock.com\/es\/product\/bmw-x3-f25\/#breadcrumb"},"inLanguage":"es","potentialAction":[{"@type":"ReadAction","target":["https:\/\/kmblock.com\/es\/product\/bmw-x3-f25\/"]}]},{"@type":"ImageObject","inLanguage":"es","@id":"https:\/\/kmblock.com\/es\/product\/bmw-x3-f25\/#primaryimage","url":"https:\/\/kmblock.com\/wp-content\/uploads\/2024\/09\/BMW-X3-F25.jpg","contentUrl":"https:\/\/kmblock.com\/wp-content\/uploads\/2024\/09\/BMW-X3-F25.jpg","width":800,"height":800,"caption":"BMW X3 F25"},{"@type":"BreadcrumbList","@id":"https:\/\/kmblock.com\/es\/product\/bmw-x3-f25\/#breadcrumb","itemListElement":[{"@type":"ListItem","position":1,"name":"Inicio","item":"https:\/\/kmblock.com\/es\/"},{"@type":"ListItem","position":2,"name":"Productos","item":"https:\/\/kmblock.com\/es\/shop\/"},{"@type":"ListItem","position":3,"name":"BMW X3 F25"}]},{"@type":"WebSite","@id":"https:\/\/kmblock.com\/es\/#website","url":"https:\/\/kmblock.com\/es\/","name":"KM Block","description":"","publisher":{"@id":"https:\/\/kmblock.com\/es\/#organization"},"potentialAction":[{"@type":"SearchAction","target":{"@type":"EntryPoint","urlTemplate":"https:\/\/kmblock.com\/es\/?s={search_term_string}"},"query-input":{"@type":"PropertyValueSpecification","valueRequired":true,"valueName":"search_term_string"}}],"inLanguage":"es"},{"@type":"Organization","@id":"https:\/\/kmblock.com\/es\/#organization","name":"Bloque KM","url":"https:\/\/kmblock.com\/es\/","logo":{"@type":"ImageObject","inLanguage":"es","@id":"https:\/\/kmblock.com\/es\/#\/schema\/logo\/image\/","url":"https:\/\/kmblock.com\/wp-content\/uploads\/2024\/08\/main-logo.png","contentUrl":"https:\/\/kmblock.com\/wp-content\/uploads\/2024\/08\/main-logo.png","width":186,"height":28,"caption":"Bloque KM"},"image":{"@id":"https:\/\/kmblock.com\/es\/#\/schema\/logo\/image\/"}}]}},"_links":{"self":[{"href":"https:\/\/kmblock.com\/es\/wp-json\/wp\/v2\/product\/8561","targetHints":{"allow":["GET"]}}],"collection":[{"href":"https:\/\/kmblock.com\/es\/wp-json\/wp\/v2\/product"}],"about":[{"href":"https:\/\/kmblock.com\/es\/wp-json\/wp\/v2\/types\/product"}],"replies":[{"embeddable":true,"href":"https:\/\/kmblock.com\/es\/wp-json\/wp\/v2\/comments?post=8561"}],"wp:featuredmedia":[{"embeddable":true,"href":"https:\/\/kmblock.com\/es\/wp-json\/wp\/v2\/media\/751"}],"wp:attachment":[{"href":"https:\/\/kmblock.com\/es\/wp-json\/wp\/v2\/media?parent=8561"}],"wp:term":[{"taxonomy":"product_brand","embeddable":true,"href":"https:\/\/kmblock.com\/es\/wp-json\/wp\/v2\/product_brand?post=8561"},{"taxonomy":"product_cat","embeddable":true,"href":"https:\/\/kmblock.com\/es\/wp-json\/wp\/v2\/product_cat?post=8561"},{"taxonomy":"product_tag","embeddable":true,"href":"https:\/\/kmblock.com\/es\/wp-json\/wp\/v2\/product_tag?post=8561"}],"curies":[{"name":"wp","href":"https:\/\/api.w.org\/{rel}","templated":true}]}}