{"id":8557,"date":"2024-09-19T03:56:43","date_gmt":"2024-09-19T03:56:43","guid":{"rendered":"https:\/\/kmblock.com\/product\/bmw-i3-i03\/"},"modified":"2024-09-19T03:56:43","modified_gmt":"2024-09-19T03:56:43","slug":"bmw-i3-i03","status":"publish","type":"product","link":"https:\/\/kmblock.com\/es\/product\/bmw-i3-i03\/","title":{"rendered":"BMW I3 (I03)"},"content":{"rendered":"<div class=\"flex max-w-full flex-col flex-grow\">\n<div class=\"min-h-[20px] text-message flex w-full flex-col items-end gap-2 whitespace-normal break-words [.text-message+&amp;]:mt-5\" dir=\"auto\" data-message-author-role=\"assistant\" data-message-id=\"486fbb14-d9b0-4abf-8aac-69dd9ef3f888\">\n<div class=\"flex w-full flex-col gap-1 empty:hidden first:pt-[3px]\">\n<div class=\"markdown prose w-full break-words dark:prose-invert dark\">\n<h3><strong>Bloqueador de kilometraje para BMW i3 (I03)<\/strong><\/h3>\n<p>El bloqueador de kilometraje del BMW i3 (I03), tambi\u00e9n denominado bloqueador de cuentakil\u00f3metros, bloqueador de cuentakil\u00f3metros, bloqueador de latas o bloqueador de kilometraje, es un dispositivo especializado dise\u00f1ado para poner en pausa el registro de kilometraje del veh\u00edculo mientras se comprueba su rendimiento. Este dispositivo es compatible con todos los modelos BMW i3 (I03) lanzados entre 2013 y 2017. <\/p>\n<h3><strong>Especificaciones:<\/strong><\/h3>\n<ul>\n<li><strong>Instalaci\u00f3n DIY<\/strong>: F\u00e1cil instalaci\u00f3n sin necesidad de soldar ni cortar cables.<\/li>\n<li><strong>Indicador de velocidad y sistemas de asistencia<\/strong>: Funciona en modos espec\u00edficos.<\/li>\n<li><strong>Componentes de primera calidad<\/strong>: Con enchufes de alta calidad y cables resistentes al calor.<\/li>\n<li><strong>Funcionalidad multimodo<\/strong>: Elige entre varios modos y guarda los ajustes permanentemente.<\/li>\n<li><strong>Sin aumento autom\u00e1tico del kilometraje<\/strong>: El kilometraje no aumentar\u00e1 inesperadamente despu\u00e9s de retirar el dispositivo.<\/li>\n<li><strong>Ajuste autom\u00e1tico del servicio<\/strong>: Garantiza la correcci\u00f3n autom\u00e1tica de los intervalos de servicio del veh\u00edculo.<\/li>\n<li><strong>No es necesario acceder a la ECU<\/strong>: No es necesario abrir ni manipular la ECU.<\/li>\n<li><strong>Sin mensajes de error<\/strong>: Funciona sin activar avisos en el veloc\u00edmetro o en el sistema de navegaci\u00f3n.<\/li>\n<li><strong>Instalaci\u00f3n sin problemas<\/strong>: Los rebordes de los conectores garantizan un proceso de instalaci\u00f3n sin fisuras.<\/li>\n<li><strong>Compatibilidad posterior a la actualizaci\u00f3n de software<\/strong>: Basta con cambiar al Modo 2 tras cualquier actualizaci\u00f3n del software del veh\u00edculo para seguir utilizando el dispositivo sin necesidad de cambiar el m\u00f3dulo.<\/li>\n<\/ul>\n<h3><strong>Ajuste del servicio:<\/strong><\/h3>\n<p>El Bloqueador de Kilometraje no s\u00f3lo detiene el registro del kilometraje, sino que tambi\u00e9n ajusta los intervalos de servicio. El veh\u00edculo s\u00f3lo contar\u00e1 el kilometraje de servicio restante cuando quede un 30% del intervalo, y se restablece autom\u00e1ticamente al 90% cuando el servicio est\u00e1 a punto de vencer. Esto garantiza una gesti\u00f3n coherente del servicio, independientemente de la frecuencia de uso del dispositivo.  <\/p>\n<h3><strong>Activaci\u00f3n y desactivaci\u00f3n:<\/strong><\/h3>\n<p>\u00abActivar pulsando *BC con modo *.<br \/>\n<strong>Modo 1:<\/strong> 1 parpadeo a la izquierda 30%<strong>.<\/strong> <\/p>\n<p><strong>Modo 2:<\/strong> 2 parpadeos a la izquierda 0 por ciento (sin velocidad)<\/p>\n<p><strong>Modo 3:<\/strong> 3 parpadeos a la izquierda 0 por ciento ( velocidad, s\u00f3lo funciona sin actualizaci\u00f3n)<\/p>\n<p><strong>Modo 4:<\/strong> 1 parpadeo a la derecha 100%\u00bb.<\/p>\n<h3><strong>\u00bfQu\u00e9 es el bloqueador de cuentakil\u00f3metros del BMW i3 (I03)?<\/strong><\/h3>\n<p>El bloqueador de kilometraje o bloqueador de cuentakil\u00f3metros del BMW i3 (I03) permite a los usuarios detener el registro de kilometraje para realizar pruebas de rendimiento. Dise\u00f1ado para funcionar perfectamente con veh\u00edculos di\u00e9sel, gasolina, PHEV y el\u00e9ctricos, garantiza un funcionamiento preciso independientemente de si tu veh\u00edculo mide el kilometraje en millas o kil\u00f3metros. <\/p>\n<p>Nuestro bloqueador de kilometraje para BMW i3 (I03) est\u00e1 construido con un software escrito a medida para modelos de veh\u00edculos espec\u00edficos, lo que garantiza un funcionamiento sin errores. La herramienta es f\u00e1cil de instalar y utilizar con combinaciones de teclas preestablecidas, lo que te permite cambiar de modo seg\u00fan necesites. <\/p>\n<p><strong>Nota importante<\/strong>: No vendemos herramientas de correcci\u00f3n del kilometraje, que suelen utilizarse con fines fraudulentos para hacer retroceder los cuentakil\u00f3metros. Dichas herramientas no borran el kilometraje de todas las unidades de almacenamiento de datos del veh\u00edculo. <\/p>\n<h3><strong>Instalaci\u00f3n y uso:<\/strong><\/h3>\n<p>La herramienta Detector de kilometraje se instala r\u00e1pidamente y requiere unos conocimientos m\u00ednimos de mantenimiento del veh\u00edculo. Basta con conectar el dispositivo entre el veloc\u00edmetro y el cuadro de instrumentos para disfrutar de toda la funcionalidad de este m\u00f3dulo de alta calidad. <\/p>\n<p>El bloqueador de kilometraje del BMW i3 (I03) es una potente herramienta para probar con seguridad el rendimiento de tu veh\u00edculo en un entorno controlado.<\/p>\n<\/div>\n<\/div>\n<\/div>\n<\/div>\n","protected":false},"excerpt":{"rendered":"<div class=\"flex-shrink-0 flex flex-col relative items-end\">\n<div class=\"pt-0\">\n<div class=\"gizmo-bot-avatar flex h-8 w-8 items-center justify-center overflow-hidden rounded-full\">\n<div class=\"relative p-1 rounded-sm flex items-center justify-center bg-token-main-surface-primary text-token-text-primary h-8 w-8\">\n<p>Antes de hacer tu pedido, revisa atentamente las instrucciones de activaci\u00f3n y las notas importantes sobre los mensajes de error y la funcionalidad que aparecen a continuaci\u00f3n:<\/p>\n<p><strong>Este dispositivo es compatible con todos los modelos BMW i3 (I03) comercializados entre 2013 y 2017.  <\/strong>Funcionamiento del indicador de velocidad y de los programas de asistencia (s\u00f3lo en modos espec\u00edficos). No se activan mensajes de error por fallo del asistente de \u00e1ngulo muerto o del control de crucero. Instalaci\u00f3n DIY: F\u00e1cil de instalar. Incluye enchufes de primera calidad y cables resistentes al calor.   <\/p>\n<p class=\"p1\"><b> \u2705 Integraci\u00f3n perfecta<\/b><b><\/b><\/p>\n<p class=\"p1\">\u2705<b> F\u00e1cil instalaci\u00f3n<\/b><b><\/b><\/p>\n<p class=\"p1\">\u2705<b> Gesti\u00f3n precisa del kilometraje<\/b><b><\/b><\/p>\n<p class=\"p1\"><b> \u2705 Funcionamiento en modo oculto<\/b><b><\/b><\/p>\n<p class=\"p1\"><span class=\"s1\">\u2705<\/span><b> Soporte y actualizaciones de por vida<\/b><\/p>\n<\/div>\n<\/div>\n<\/div>\n<\/div>\n","protected":false},"featured_media":740,"comment_status":"open","ping_status":"closed","template":"","meta":[],"product_brand":[],"product_cat":[861],"product_tag":[],"class_list":{"0":"post-8557","1":"product","2":"type-product","3":"status-publish","4":"has-post-thumbnail","6":"product_cat-bmw","8":"first","9":"instock","10":"taxable","11":"shipping-taxable","12":"purchasable","13":"product-type-variable"},"yoast_head":"<!-- This site is optimized with the Yoast SEO plugin v27.5 - https:\/\/yoast.com\/product\/yoast-seo-wordpress\/ -->\n<title>BMW I3 (I03) Mileage Blocker (KM stopper) \u2192 KM Block<\/title>\n<meta name=\"description\" content=\"Buy a BMW I3 (I03) Mileage Blocker for the Best Prices \u2713 Free Shipping \u2713 Incl. Installation Guides\" \/>\n<meta name=\"robots\" content=\"index, follow, max-snippet:-1, max-image-preview:large, max-video-preview:-1\" \/>\n<meta property=\"og:locale\" content=\"es_ES\" \/>\n<meta property=\"og:type\" content=\"article\" \/>\n<meta property=\"og:title\" content=\"BMW I3 (I03) Mileage Blocker (KM stopper) \u2192 KM Block\" \/>\n<meta property=\"og:description\" content=\"Buy a BMW I3 (I03) Mileage Blocker for the Best Prices \u2713 Free Shipping \u2713 Incl. Installation Guides\" \/>\n<meta property=\"og:url\" content=\"https:\/\/kmblock.com\/es\/product\/bmw-i3-i03\/\" \/>\n<meta property=\"og:site_name\" content=\"KM Block\" \/>\n<meta property=\"og:image\" content=\"https:\/\/kmblock.com\/wp-content\/uploads\/2024\/09\/BMW-I3-I03.jpg\" \/>\n\t<meta property=\"og:image:width\" content=\"800\" \/>\n\t<meta property=\"og:image:height\" content=\"800\" \/>\n\t<meta property=\"og:image:type\" content=\"image\/jpeg\" \/>\n<meta name=\"twitter:card\" content=\"summary_large_image\" \/>\n<meta name=\"twitter:label1\" content=\"Tiempo de lectura\" \/>\n\t<meta name=\"twitter:data1\" content=\"3 minutos\" \/>\n<script type=\"application\/ld+json\" class=\"yoast-schema-graph\">{\"@context\":\"https:\\\/\\\/schema.org\",\"@graph\":[{\"@type\":\"WebPage\",\"@id\":\"https:\\\/\\\/kmblock.com\\\/es\\\/product\\\/bmw-i3-i03\\\/\",\"url\":\"https:\\\/\\\/kmblock.com\\\/es\\\/product\\\/bmw-i3-i03\\\/\",\"name\":\"BMW I3 (I03) Mileage Blocker (KM stopper) \u2192 KM Block\",\"isPartOf\":{\"@id\":\"https:\\\/\\\/kmblock.com\\\/es\\\/#website\"},\"primaryImageOfPage\":{\"@id\":\"https:\\\/\\\/kmblock.com\\\/es\\\/product\\\/bmw-i3-i03\\\/#primaryimage\"},\"image\":{\"@id\":\"https:\\\/\\\/kmblock.com\\\/es\\\/product\\\/bmw-i3-i03\\\/#primaryimage\"},\"thumbnailUrl\":\"https:\\\/\\\/kmblock.com\\\/wp-content\\\/uploads\\\/2024\\\/09\\\/BMW-I3-I03.jpg\",\"datePublished\":\"2024-09-19T03:56:43+00:00\",\"description\":\"Buy a BMW I3 (I03) Mileage Blocker for the Best Prices \u2713 Free Shipping \u2713 Incl. Installation Guides\",\"breadcrumb\":{\"@id\":\"https:\\\/\\\/kmblock.com\\\/es\\\/product\\\/bmw-i3-i03\\\/#breadcrumb\"},\"inLanguage\":\"es\",\"potentialAction\":[{\"@type\":\"ReadAction\",\"target\":[\"https:\\\/\\\/kmblock.com\\\/es\\\/product\\\/bmw-i3-i03\\\/\"]}]},{\"@type\":\"ImageObject\",\"inLanguage\":\"es\",\"@id\":\"https:\\\/\\\/kmblock.com\\\/es\\\/product\\\/bmw-i3-i03\\\/#primaryimage\",\"url\":\"https:\\\/\\\/kmblock.com\\\/wp-content\\\/uploads\\\/2024\\\/09\\\/BMW-I3-I03.jpg\",\"contentUrl\":\"https:\\\/\\\/kmblock.com\\\/wp-content\\\/uploads\\\/2024\\\/09\\\/BMW-I3-I03.jpg\",\"width\":800,\"height\":800,\"caption\":\"BMW I3 (I03)\"},{\"@type\":\"BreadcrumbList\",\"@id\":\"https:\\\/\\\/kmblock.com\\\/es\\\/product\\\/bmw-i3-i03\\\/#breadcrumb\",\"itemListElement\":[{\"@type\":\"ListItem\",\"position\":1,\"name\":\"Inicio\",\"item\":\"https:\\\/\\\/kmblock.com\\\/es\\\/\"},{\"@type\":\"ListItem\",\"position\":2,\"name\":\"Productos\",\"item\":\"https:\\\/\\\/kmblock.com\\\/es\\\/shop\\\/\"},{\"@type\":\"ListItem\",\"position\":3,\"name\":\"BMW I3 (I03)\"}]},{\"@type\":\"WebSite\",\"@id\":\"https:\\\/\\\/kmblock.com\\\/es\\\/#website\",\"url\":\"https:\\\/\\\/kmblock.com\\\/es\\\/\",\"name\":\"KM Block\",\"description\":\"\",\"publisher\":{\"@id\":\"https:\\\/\\\/kmblock.com\\\/es\\\/#organization\"},\"potentialAction\":[{\"@type\":\"SearchAction\",\"target\":{\"@type\":\"EntryPoint\",\"urlTemplate\":\"https:\\\/\\\/kmblock.com\\\/es\\\/?s={search_term_string}\"},\"query-input\":{\"@type\":\"PropertyValueSpecification\",\"valueRequired\":true,\"valueName\":\"search_term_string\"}}],\"inLanguage\":\"es\"},{\"@type\":\"Organization\",\"@id\":\"https:\\\/\\\/kmblock.com\\\/es\\\/#organization\",\"name\":\"Bloque KM\",\"url\":\"https:\\\/\\\/kmblock.com\\\/es\\\/\",\"logo\":{\"@type\":\"ImageObject\",\"inLanguage\":\"es\",\"@id\":\"https:\\\/\\\/kmblock.com\\\/es\\\/#\\\/schema\\\/logo\\\/image\\\/\",\"url\":\"https:\\\/\\\/kmblock.com\\\/wp-content\\\/uploads\\\/2024\\\/08\\\/main-logo.png\",\"contentUrl\":\"https:\\\/\\\/kmblock.com\\\/wp-content\\\/uploads\\\/2024\\\/08\\\/main-logo.png\",\"width\":186,\"height\":28,\"caption\":\"Bloque KM\"},\"image\":{\"@id\":\"https:\\\/\\\/kmblock.com\\\/es\\\/#\\\/schema\\\/logo\\\/image\\\/\"}}]}<\/script>\n<!-- \/ Yoast SEO plugin. -->","yoast_head_json":{"title":"BMW I3 (I03) Mileage Blocker (KM stopper) \u2192 KM Block","description":"Buy a BMW I3 (I03) Mileage Blocker for the Best Prices \u2713 Free Shipping \u2713 Incl. Installation Guides","robots":{"index":"index","follow":"follow","max-snippet":"max-snippet:-1","max-image-preview":"max-image-preview:large","max-video-preview":"max-video-preview:-1"},"og_locale":"es_ES","og_type":"article","og_title":"BMW I3 (I03) Mileage Blocker (KM stopper) \u2192 KM Block","og_description":"Buy a BMW I3 (I03) Mileage Blocker for the Best Prices \u2713 Free Shipping \u2713 Incl. Installation Guides","og_url":"https:\/\/kmblock.com\/es\/product\/bmw-i3-i03\/","og_site_name":"KM Block","og_image":[{"width":800,"height":800,"url":"https:\/\/kmblock.com\/wp-content\/uploads\/2024\/09\/BMW-I3-I03.jpg","type":"image\/jpeg"}],"twitter_card":"summary_large_image","twitter_misc":{"Tiempo de lectura":"3 minutos"},"schema":{"@context":"https:\/\/schema.org","@graph":[{"@type":"WebPage","@id":"https:\/\/kmblock.com\/es\/product\/bmw-i3-i03\/","url":"https:\/\/kmblock.com\/es\/product\/bmw-i3-i03\/","name":"BMW I3 (I03) Mileage Blocker (KM stopper) \u2192 KM Block","isPartOf":{"@id":"https:\/\/kmblock.com\/es\/#website"},"primaryImageOfPage":{"@id":"https:\/\/kmblock.com\/es\/product\/bmw-i3-i03\/#primaryimage"},"image":{"@id":"https:\/\/kmblock.com\/es\/product\/bmw-i3-i03\/#primaryimage"},"thumbnailUrl":"https:\/\/kmblock.com\/wp-content\/uploads\/2024\/09\/BMW-I3-I03.jpg","datePublished":"2024-09-19T03:56:43+00:00","description":"Buy a BMW I3 (I03) Mileage Blocker for the Best Prices \u2713 Free Shipping \u2713 Incl. Installation Guides","breadcrumb":{"@id":"https:\/\/kmblock.com\/es\/product\/bmw-i3-i03\/#breadcrumb"},"inLanguage":"es","potentialAction":[{"@type":"ReadAction","target":["https:\/\/kmblock.com\/es\/product\/bmw-i3-i03\/"]}]},{"@type":"ImageObject","inLanguage":"es","@id":"https:\/\/kmblock.com\/es\/product\/bmw-i3-i03\/#primaryimage","url":"https:\/\/kmblock.com\/wp-content\/uploads\/2024\/09\/BMW-I3-I03.jpg","contentUrl":"https:\/\/kmblock.com\/wp-content\/uploads\/2024\/09\/BMW-I3-I03.jpg","width":800,"height":800,"caption":"BMW I3 (I03)"},{"@type":"BreadcrumbList","@id":"https:\/\/kmblock.com\/es\/product\/bmw-i3-i03\/#breadcrumb","itemListElement":[{"@type":"ListItem","position":1,"name":"Inicio","item":"https:\/\/kmblock.com\/es\/"},{"@type":"ListItem","position":2,"name":"Productos","item":"https:\/\/kmblock.com\/es\/shop\/"},{"@type":"ListItem","position":3,"name":"BMW I3 (I03)"}]},{"@type":"WebSite","@id":"https:\/\/kmblock.com\/es\/#website","url":"https:\/\/kmblock.com\/es\/","name":"KM Block","description":"","publisher":{"@id":"https:\/\/kmblock.com\/es\/#organization"},"potentialAction":[{"@type":"SearchAction","target":{"@type":"EntryPoint","urlTemplate":"https:\/\/kmblock.com\/es\/?s={search_term_string}"},"query-input":{"@type":"PropertyValueSpecification","valueRequired":true,"valueName":"search_term_string"}}],"inLanguage":"es"},{"@type":"Organization","@id":"https:\/\/kmblock.com\/es\/#organization","name":"Bloque KM","url":"https:\/\/kmblock.com\/es\/","logo":{"@type":"ImageObject","inLanguage":"es","@id":"https:\/\/kmblock.com\/es\/#\/schema\/logo\/image\/","url":"https:\/\/kmblock.com\/wp-content\/uploads\/2024\/08\/main-logo.png","contentUrl":"https:\/\/kmblock.com\/wp-content\/uploads\/2024\/08\/main-logo.png","width":186,"height":28,"caption":"Bloque KM"},"image":{"@id":"https:\/\/kmblock.com\/es\/#\/schema\/logo\/image\/"}}]}},"_links":{"self":[{"href":"https:\/\/kmblock.com\/es\/wp-json\/wp\/v2\/product\/8557","targetHints":{"allow":["GET"]}}],"collection":[{"href":"https:\/\/kmblock.com\/es\/wp-json\/wp\/v2\/product"}],"about":[{"href":"https:\/\/kmblock.com\/es\/wp-json\/wp\/v2\/types\/product"}],"replies":[{"embeddable":true,"href":"https:\/\/kmblock.com\/es\/wp-json\/wp\/v2\/comments?post=8557"}],"wp:featuredmedia":[{"embeddable":true,"href":"https:\/\/kmblock.com\/es\/wp-json\/wp\/v2\/media\/740"}],"wp:attachment":[{"href":"https:\/\/kmblock.com\/es\/wp-json\/wp\/v2\/media?parent=8557"}],"wp:term":[{"taxonomy":"product_brand","embeddable":true,"href":"https:\/\/kmblock.com\/es\/wp-json\/wp\/v2\/product_brand?post=8557"},{"taxonomy":"product_cat","embeddable":true,"href":"https:\/\/kmblock.com\/es\/wp-json\/wp\/v2\/product_cat?post=8557"},{"taxonomy":"product_tag","embeddable":true,"href":"https:\/\/kmblock.com\/es\/wp-json\/wp\/v2\/product_tag?post=8557"}],"curies":[{"name":"wp","href":"https:\/\/api.w.org\/{rel}","templated":true}]}}