{"id":8478,"date":"2024-09-18T18:46:58","date_gmt":"2024-09-18T18:46:58","guid":{"rendered":"https:\/\/kmblock.com\/product\/bmw-2er-f44-g42-g87\/"},"modified":"2024-09-18T18:46:58","modified_gmt":"2024-09-18T18:46:58","slug":"bmw-2er-f44-g42-g87","status":"publish","type":"product","link":"https:\/\/kmblock.com\/es\/product\/bmw-2er-f44-g42-g87\/","title":{"rendered":"BMW 2ER F44\/G42\/G87"},"content":{"rendered":"<div class=\"flex max-w-full flex-col flex-grow\">\n<div class=\"min-h-[20px] text-message flex w-full flex-col items-end gap-2 whitespace-normal break-words [.text-message+&amp;]:mt-5\" dir=\"auto\" data-message-author-role=\"assistant\" data-message-id=\"486fbb14-d9b0-4abf-8aac-69dd9ef3f888\">\n<div class=\"flex w-full flex-col gap-1 empty:hidden first:pt-[3px]\">\n<div class=\"markdown prose w-full break-words dark:prose-invert dark\">\n<h3><strong>BLOQUEADOR DE KILOMETRAJE PARA BMW 2ER F44\/G42\/G87<\/strong><\/h3>\n<p>El bloqueador de cuentakil\u00f3metros BMW 2ER F44\/G42\/G87, tambi\u00e9n conocido como bloqueador de cuentakil\u00f3metros, bloqueador de cuentakil\u00f3metros, bloqueador de latas, bloqueador de cuentakil\u00f3metros, cuentakil\u00f3metros parcial, filtro de latas o herramienta de correcci\u00f3n de cuentakil\u00f3metros, est\u00e1 dise\u00f1ado para los modelos BMW 2ER F44\/G42\/G87 lanzados a partir de 2019.<\/p>\n<h3><strong>ESPECIFICACIONES<\/strong><\/h3>\n<ul>\n<li><strong>Instalaci\u00f3n<\/strong>: Sencilla instalaci\u00f3n DIY con enchufes de primera calidad y cables resistentes al calor; no es necesario soldar ni cortar los cables.<\/li>\n<li><strong>Modos<\/strong>: M\u00faltiples modos disponibles, cada uno con funciones diferentes.<\/li>\n<li><strong>Compatibilidad<\/strong>: Funciona con veh\u00edculos que han recibido actualizaciones de software; el modo dos permite seguir utiliz\u00e1ndolo sin necesidad de actualizaciones ni cambios.<\/li>\n<li><strong>Ajuste de servicio<\/strong>: Ajuste autom\u00e1tico para los intervalos de servicio; sin necesidad de abrir las ECUs.<\/li>\n<li><strong>Kilometraje<\/strong>: Despu\u00e9s de quitar el m\u00f3dulo, el kilometraje no aumenta espont\u00e1neamente. Los ajustes se guardan incondicionalmente. <\/li>\n<li><strong>Funcionamiento sin errores<\/strong>: No hay mensajes de error relacionados con el asistente de \u00e1ngulo muerto o el fallo del control de crucero. El indicador de velocidad y los sistemas de asistencia funcionan correctamente en determinados modos. <\/li>\n<\/ul>\n<h3><strong>ACTIVACI\u00d3N Y DESACTIVACI\u00d3N<\/strong><\/h3>\n<p>\u00bb Enciende manteniendo pulsado el bot\u00f3n BC durante 10 segundos hasta que se enciendan todas las luces de la pantalla.<\/p>\n<p><strong>Modo Verde:<\/strong> cuentakil\u00f3metros original de nuevo 100% original. Todo funciona correctamente. <\/p>\n<p><strong>Modo Amarillo:<\/strong> el recuento de kil\u00f3metros se ralentiza un 30%. Cada 100 km 30 km. Todo funciona bien.  <\/p>\n<p><strong>Modo Rojo:<\/strong> el contador de kil\u00f3metros ya no est\u00e1 al 0%. La velocidad no funciona\u00bb. <\/p>\n<h3><strong>AJUSTE DEL SERVICIO<\/strong><\/h3>\n<ul>\n<li>El Bloqueador de Kilometraje no s\u00f3lo deja de contar la distancia, sino que tambi\u00e9n ajusta autom\u00e1ticamente el intervalo de mantenimiento. Contin\u00faa la cuenta atr\u00e1s de la revisi\u00f3n hasta que queda un 30% y, a continuaci\u00f3n, se reajusta al 90%. Por ejemplo, si te toca una revisi\u00f3n de 30.000 km y has recorrido 1.000 km, la distancia de revisi\u00f3n restante se ajustar\u00e1 en consecuencia.  <\/li>\n<\/ul>\n<h3><strong>INFORMACI\u00d3N SOBRE EL PRODUCTO<\/strong><\/h3>\n<p>El Bloqueador de Kilometraje BMW 2ER F44\/G42\/G87 te ayuda a detener el kilometraje para realizar pruebas de rendimiento y funciona con coches di\u00e9sel, gasolina, veh\u00edculos el\u00e9ctricos h\u00edbridos enchufables (PHEV) y el\u00e9ctricos. Nuestro m\u00f3dulo est\u00e1 dise\u00f1ado con precisi\u00f3n para cada modelo espec\u00edfico, para garantizar un funcionamiento impecable. <\/p>\n<p><strong>Nota<\/strong>: No ofrecemos herramientas de Correcci\u00f3n del Kilometraje destinadas a enga\u00f1ar haciendo retroceder las lecturas del cuentakil\u00f3metros. Nos centramos en las pruebas y la gesti\u00f3n del rendimiento. <\/p>\n<p><strong>Instalaci\u00f3n<\/strong>: Conecta el m\u00f3dulo entre el puerto del veloc\u00edmetro y el cuadro de instrumentos. Para una instalaci\u00f3n detallada, consulta la gu\u00eda suministrada. <\/p>\n<p>El bloqueador de kilometraje BMW 2ER F44\/G42\/G87 es una herramienta excepcional para realizar pruebas de rendimiento controladas y garantiza que los sistemas de tu veh\u00edculo sigan funcionando mientras se ajusta el seguimiento del kilometraje.<\/p>\n<\/div>\n<\/div>\n<\/div>\n<\/div>\n","protected":false},"excerpt":{"rendered":"<div class=\"flex-shrink-0 flex flex-col relative items-end\">\n<div class=\"pt-0\">\n<div class=\"gizmo-bot-avatar flex h-8 w-8 items-center justify-center overflow-hidden rounded-full\">\n<div class=\"relative p-1 rounded-sm flex items-center justify-center bg-token-main-surface-primary text-token-text-primary h-8 w-8\">\n<p><strong>IMPORTANTE: LEE ATENTAMENTE ANTES DE HACER EL PEDIDO<\/strong><\/p>\n<p>Este dispositivo est\u00e1 dise\u00f1ado para todos los modelos BMW 2ER F44\/G42\/G87 lanzados desde 2019. Indicador de velocidad y programas de asistencia: Funcional en determinados modos. Sin mensajes de error relacionados con el Asistente de \u00e1ngulo muerto o el fallo del control de crucero. Sencilla configuraci\u00f3n \u00abhazlo t\u00fa mismo\u00bb. Enchufes de calidad superior y cables resistentes al calor incluidos.    <\/p>\n<p class=\"p1\"><b> \u2705 Integraci\u00f3n perfecta<\/b><b><\/b><\/p>\n<p class=\"p1\">\u2705<b> F\u00e1cil instalaci\u00f3n<\/b><b><\/b><\/p>\n<p class=\"p1\">\u2705<b> Gesti\u00f3n precisa del kilometraje<\/b><b><\/b><\/p>\n<p class=\"p1\"><b> \u2705 Funcionamiento en modo oculto<\/b><b><\/b><\/p>\n<p class=\"p1\"><span class=\"s1\">\u2705<\/span><b> Soporte y actualizaciones de por vida<\/b><\/p>\n<\/div>\n<\/div>\n<\/div>\n<\/div>\n","protected":false},"featured_media":715,"comment_status":"open","ping_status":"closed","template":"","meta":[],"product_brand":[],"product_cat":[861],"product_tag":[],"class_list":{"0":"post-8478","1":"product","2":"type-product","3":"status-publish","4":"has-post-thumbnail","6":"product_cat-bmw","8":"first","9":"instock","10":"taxable","11":"shipping-taxable","12":"purchasable","13":"product-type-variable"},"yoast_head":"<!-- This site is optimized with the Yoast SEO plugin v27.5 - https:\/\/yoast.com\/product\/yoast-seo-wordpress\/ -->\n<title>BMW 2ER F44\/G42\/G87 Mileage Blocker (KM stopper) \u2192 KM Block<\/title>\n<meta name=\"description\" content=\"Buy a BMW 2ER F44\/G42\/G87 Mileage Blocker for the Best Prices \u2713 Free Shipping \u2713 Incl. Installation Guides\" \/>\n<meta name=\"robots\" content=\"index, follow, max-snippet:-1, max-image-preview:large, max-video-preview:-1\" \/>\n<meta property=\"og:locale\" content=\"es_ES\" \/>\n<meta property=\"og:type\" content=\"article\" \/>\n<meta property=\"og:title\" content=\"BMW 2ER F44\/G42\/G87 Mileage Blocker (KM stopper) \u2192 KM Block\" \/>\n<meta property=\"og:description\" content=\"Buy a BMW 2ER F44\/G42\/G87 Mileage Blocker for the Best Prices \u2713 Free Shipping \u2713 Incl. Installation Guides\" \/>\n<meta property=\"og:url\" content=\"https:\/\/kmblock.com\/es\/product\/bmw-2er-f44-g42-g87\/\" \/>\n<meta property=\"og:site_name\" content=\"KM Block\" \/>\n<meta property=\"og:image\" content=\"https:\/\/kmblock.com\/wp-content\/uploads\/2024\/09\/BMW-2ER-F44G42G87.webp\" \/>\n\t<meta property=\"og:image:width\" content=\"600\" \/>\n\t<meta property=\"og:image:height\" content=\"600\" \/>\n\t<meta property=\"og:image:type\" content=\"image\/webp\" \/>\n<meta name=\"twitter:card\" content=\"summary_large_image\" \/>\n<meta name=\"twitter:label1\" content=\"Tiempo de lectura\" \/>\n\t<meta name=\"twitter:data1\" content=\"2 minutos\" \/>\n<script type=\"application\/ld+json\" class=\"yoast-schema-graph\">{\"@context\":\"https:\\\/\\\/schema.org\",\"@graph\":[{\"@type\":\"WebPage\",\"@id\":\"https:\\\/\\\/kmblock.com\\\/es\\\/product\\\/bmw-2er-f44-g42-g87\\\/\",\"url\":\"https:\\\/\\\/kmblock.com\\\/es\\\/product\\\/bmw-2er-f44-g42-g87\\\/\",\"name\":\"BMW 2ER F44\\\/G42\\\/G87 Mileage Blocker (KM stopper) \u2192 KM Block\",\"isPartOf\":{\"@id\":\"https:\\\/\\\/kmblock.com\\\/es\\\/#website\"},\"primaryImageOfPage\":{\"@id\":\"https:\\\/\\\/kmblock.com\\\/es\\\/product\\\/bmw-2er-f44-g42-g87\\\/#primaryimage\"},\"image\":{\"@id\":\"https:\\\/\\\/kmblock.com\\\/es\\\/product\\\/bmw-2er-f44-g42-g87\\\/#primaryimage\"},\"thumbnailUrl\":\"https:\\\/\\\/kmblock.com\\\/wp-content\\\/uploads\\\/2024\\\/09\\\/BMW-2ER-F44G42G87.webp\",\"datePublished\":\"2024-09-18T18:46:58+00:00\",\"description\":\"Buy a BMW 2ER F44\\\/G42\\\/G87 Mileage Blocker for the Best Prices \u2713 Free Shipping \u2713 Incl. Installation Guides\",\"breadcrumb\":{\"@id\":\"https:\\\/\\\/kmblock.com\\\/es\\\/product\\\/bmw-2er-f44-g42-g87\\\/#breadcrumb\"},\"inLanguage\":\"es\",\"potentialAction\":[{\"@type\":\"ReadAction\",\"target\":[\"https:\\\/\\\/kmblock.com\\\/es\\\/product\\\/bmw-2er-f44-g42-g87\\\/\"]}]},{\"@type\":\"ImageObject\",\"inLanguage\":\"es\",\"@id\":\"https:\\\/\\\/kmblock.com\\\/es\\\/product\\\/bmw-2er-f44-g42-g87\\\/#primaryimage\",\"url\":\"https:\\\/\\\/kmblock.com\\\/wp-content\\\/uploads\\\/2024\\\/09\\\/BMW-2ER-F44G42G87.webp\",\"contentUrl\":\"https:\\\/\\\/kmblock.com\\\/wp-content\\\/uploads\\\/2024\\\/09\\\/BMW-2ER-F44G42G87.webp\",\"width\":600,\"height\":600,\"caption\":\"BMW 2ER F44\\\/G42\\\/G87\"},{\"@type\":\"BreadcrumbList\",\"@id\":\"https:\\\/\\\/kmblock.com\\\/es\\\/product\\\/bmw-2er-f44-g42-g87\\\/#breadcrumb\",\"itemListElement\":[{\"@type\":\"ListItem\",\"position\":1,\"name\":\"Inicio\",\"item\":\"https:\\\/\\\/kmblock.com\\\/es\\\/\"},{\"@type\":\"ListItem\",\"position\":2,\"name\":\"Productos\",\"item\":\"https:\\\/\\\/kmblock.com\\\/es\\\/shop\\\/\"},{\"@type\":\"ListItem\",\"position\":3,\"name\":\"BMW 2ER F44\\\/G42\\\/G87\"}]},{\"@type\":\"WebSite\",\"@id\":\"https:\\\/\\\/kmblock.com\\\/es\\\/#website\",\"url\":\"https:\\\/\\\/kmblock.com\\\/es\\\/\",\"name\":\"KM Block\",\"description\":\"\",\"publisher\":{\"@id\":\"https:\\\/\\\/kmblock.com\\\/es\\\/#organization\"},\"potentialAction\":[{\"@type\":\"SearchAction\",\"target\":{\"@type\":\"EntryPoint\",\"urlTemplate\":\"https:\\\/\\\/kmblock.com\\\/es\\\/?s={search_term_string}\"},\"query-input\":{\"@type\":\"PropertyValueSpecification\",\"valueRequired\":true,\"valueName\":\"search_term_string\"}}],\"inLanguage\":\"es\"},{\"@type\":\"Organization\",\"@id\":\"https:\\\/\\\/kmblock.com\\\/es\\\/#organization\",\"name\":\"Bloque KM\",\"url\":\"https:\\\/\\\/kmblock.com\\\/es\\\/\",\"logo\":{\"@type\":\"ImageObject\",\"inLanguage\":\"es\",\"@id\":\"https:\\\/\\\/kmblock.com\\\/es\\\/#\\\/schema\\\/logo\\\/image\\\/\",\"url\":\"https:\\\/\\\/kmblock.com\\\/wp-content\\\/uploads\\\/2024\\\/08\\\/main-logo.png\",\"contentUrl\":\"https:\\\/\\\/kmblock.com\\\/wp-content\\\/uploads\\\/2024\\\/08\\\/main-logo.png\",\"width\":186,\"height\":28,\"caption\":\"Bloque KM\"},\"image\":{\"@id\":\"https:\\\/\\\/kmblock.com\\\/es\\\/#\\\/schema\\\/logo\\\/image\\\/\"}}]}<\/script>\n<!-- \/ Yoast SEO plugin. -->","yoast_head_json":{"title":"BMW 2ER F44\/G42\/G87 Mileage Blocker (KM stopper) \u2192 KM Block","description":"Buy a BMW 2ER F44\/G42\/G87 Mileage Blocker for the Best Prices \u2713 Free Shipping \u2713 Incl. Installation Guides","robots":{"index":"index","follow":"follow","max-snippet":"max-snippet:-1","max-image-preview":"max-image-preview:large","max-video-preview":"max-video-preview:-1"},"og_locale":"es_ES","og_type":"article","og_title":"BMW 2ER F44\/G42\/G87 Mileage Blocker (KM stopper) \u2192 KM Block","og_description":"Buy a BMW 2ER F44\/G42\/G87 Mileage Blocker for the Best Prices \u2713 Free Shipping \u2713 Incl. Installation Guides","og_url":"https:\/\/kmblock.com\/es\/product\/bmw-2er-f44-g42-g87\/","og_site_name":"KM Block","og_image":[{"width":600,"height":600,"url":"https:\/\/kmblock.com\/wp-content\/uploads\/2024\/09\/BMW-2ER-F44G42G87.webp","type":"image\/webp"}],"twitter_card":"summary_large_image","twitter_misc":{"Tiempo de lectura":"2 minutos"},"schema":{"@context":"https:\/\/schema.org","@graph":[{"@type":"WebPage","@id":"https:\/\/kmblock.com\/es\/product\/bmw-2er-f44-g42-g87\/","url":"https:\/\/kmblock.com\/es\/product\/bmw-2er-f44-g42-g87\/","name":"BMW 2ER F44\/G42\/G87 Mileage Blocker (KM stopper) \u2192 KM Block","isPartOf":{"@id":"https:\/\/kmblock.com\/es\/#website"},"primaryImageOfPage":{"@id":"https:\/\/kmblock.com\/es\/product\/bmw-2er-f44-g42-g87\/#primaryimage"},"image":{"@id":"https:\/\/kmblock.com\/es\/product\/bmw-2er-f44-g42-g87\/#primaryimage"},"thumbnailUrl":"https:\/\/kmblock.com\/wp-content\/uploads\/2024\/09\/BMW-2ER-F44G42G87.webp","datePublished":"2024-09-18T18:46:58+00:00","description":"Buy a BMW 2ER F44\/G42\/G87 Mileage Blocker for the Best Prices \u2713 Free Shipping \u2713 Incl. Installation Guides","breadcrumb":{"@id":"https:\/\/kmblock.com\/es\/product\/bmw-2er-f44-g42-g87\/#breadcrumb"},"inLanguage":"es","potentialAction":[{"@type":"ReadAction","target":["https:\/\/kmblock.com\/es\/product\/bmw-2er-f44-g42-g87\/"]}]},{"@type":"ImageObject","inLanguage":"es","@id":"https:\/\/kmblock.com\/es\/product\/bmw-2er-f44-g42-g87\/#primaryimage","url":"https:\/\/kmblock.com\/wp-content\/uploads\/2024\/09\/BMW-2ER-F44G42G87.webp","contentUrl":"https:\/\/kmblock.com\/wp-content\/uploads\/2024\/09\/BMW-2ER-F44G42G87.webp","width":600,"height":600,"caption":"BMW 2ER F44\/G42\/G87"},{"@type":"BreadcrumbList","@id":"https:\/\/kmblock.com\/es\/product\/bmw-2er-f44-g42-g87\/#breadcrumb","itemListElement":[{"@type":"ListItem","position":1,"name":"Inicio","item":"https:\/\/kmblock.com\/es\/"},{"@type":"ListItem","position":2,"name":"Productos","item":"https:\/\/kmblock.com\/es\/shop\/"},{"@type":"ListItem","position":3,"name":"BMW 2ER F44\/G42\/G87"}]},{"@type":"WebSite","@id":"https:\/\/kmblock.com\/es\/#website","url":"https:\/\/kmblock.com\/es\/","name":"KM Block","description":"","publisher":{"@id":"https:\/\/kmblock.com\/es\/#organization"},"potentialAction":[{"@type":"SearchAction","target":{"@type":"EntryPoint","urlTemplate":"https:\/\/kmblock.com\/es\/?s={search_term_string}"},"query-input":{"@type":"PropertyValueSpecification","valueRequired":true,"valueName":"search_term_string"}}],"inLanguage":"es"},{"@type":"Organization","@id":"https:\/\/kmblock.com\/es\/#organization","name":"Bloque KM","url":"https:\/\/kmblock.com\/es\/","logo":{"@type":"ImageObject","inLanguage":"es","@id":"https:\/\/kmblock.com\/es\/#\/schema\/logo\/image\/","url":"https:\/\/kmblock.com\/wp-content\/uploads\/2024\/08\/main-logo.png","contentUrl":"https:\/\/kmblock.com\/wp-content\/uploads\/2024\/08\/main-logo.png","width":186,"height":28,"caption":"Bloque KM"},"image":{"@id":"https:\/\/kmblock.com\/es\/#\/schema\/logo\/image\/"}}]}},"_links":{"self":[{"href":"https:\/\/kmblock.com\/es\/wp-json\/wp\/v2\/product\/8478","targetHints":{"allow":["GET"]}}],"collection":[{"href":"https:\/\/kmblock.com\/es\/wp-json\/wp\/v2\/product"}],"about":[{"href":"https:\/\/kmblock.com\/es\/wp-json\/wp\/v2\/types\/product"}],"replies":[{"embeddable":true,"href":"https:\/\/kmblock.com\/es\/wp-json\/wp\/v2\/comments?post=8478"}],"wp:featuredmedia":[{"embeddable":true,"href":"https:\/\/kmblock.com\/es\/wp-json\/wp\/v2\/media\/715"}],"wp:attachment":[{"href":"https:\/\/kmblock.com\/es\/wp-json\/wp\/v2\/media?parent=8478"}],"wp:term":[{"taxonomy":"product_brand","embeddable":true,"href":"https:\/\/kmblock.com\/es\/wp-json\/wp\/v2\/product_brand?post=8478"},{"taxonomy":"product_cat","embeddable":true,"href":"https:\/\/kmblock.com\/es\/wp-json\/wp\/v2\/product_cat?post=8478"},{"taxonomy":"product_tag","embeddable":true,"href":"https:\/\/kmblock.com\/es\/wp-json\/wp\/v2\/product_tag?post=8478"}],"curies":[{"name":"wp","href":"https:\/\/api.w.org\/{rel}","templated":true}]}}