{"id":8449,"date":"2024-09-18T14:57:26","date_gmt":"2024-09-18T14:57:26","guid":{"rendered":"https:\/\/kmblock.com\/product\/audi-tt-tt-rs-fv\/"},"modified":"2025-11-26T01:30:10","modified_gmt":"2025-11-26T01:30:10","slug":"audi-tt-tt-rs-fv","status":"publish","type":"product","link":"https:\/\/kmblock.com\/es\/product\/audi-tt-tt-rs-fv\/","title":{"rendered":"Audi TT\/TT RS FV"},"content":{"rendered":"<h3>Bloqueador de kilometraje para Audi TT\/TTRS &#8211; FV<\/h3>\n<p>El bloqueador de cuentakil\u00f3metros Audi TT\/TTRS &#8211; FV, tambi\u00e9n conocido como bloqueador de cuentakil\u00f3metros, bloqueador de cuentakil\u00f3metros, bloqueador de latas, bloqueador de cuentakil\u00f3metros, cuentakil\u00f3metros parcial, filtro de latas o herramienta de correcci\u00f3n de cuentakil\u00f3metros, es compatible con todos los modelos Audi TT y TT RS FV comercializados desde 2014.<\/p>\n<h3>Especificaciones<\/h3>\n<ul>\n<li><strong>Instalaci\u00f3n sin problemas<\/strong>: La cara de acoplamiento y los rebordes del conector garantizan una instalaci\u00f3n sencilla.<\/li>\n<li><strong>Componentes de alta calidad<\/strong>: Con enchufes de primera calidad y cables resistentes al calor.<\/li>\n<li><strong>Kilometraje estable<\/strong>: La envergadura no aumentar\u00e1 inesperadamente despu\u00e9s del desmontaje.<\/li>\n<li><strong>Activaci\u00f3n c\u00f3moda<\/strong>: Se activa f\u00e1cilmente pulsando un bot\u00f3n en el volante.<\/li>\n<li><strong>Seguridad de kilometraje<\/strong>: Los comprobadores de diagn\u00f3stico no pueden detectar las alteraciones del kilometraje realizadas por el Audi TT, TT RS, FV, 8S Antirretroceso del kilometraje.<\/li>\n<li><strong>Ajustes persistentes<\/strong>: Los ajustes seleccionados se guardan permanentemente.<\/li>\n<li><strong>Funcionalidad impecable<\/strong>: El veloc\u00edmetro y los sistemas de asistencia funcionan a la perfecci\u00f3n.<\/li>\n<li><strong>F\u00e1cil instalaci\u00f3n<\/strong>: F\u00e1cil instalaci\u00f3n de bricolaje que no requiere conocimientos avanzados del veh\u00edculo.<\/li>\n<li><strong>No necesita modificaciones<\/strong>: No es necesario soldar ni cortar cables.<\/li>\n<li><strong>Funcionamiento sin errores<\/strong>: No hay mensajes de error en el veloc\u00edmetro ni en el panel de navegaci\u00f3n.<\/li>\n<li><strong>M\u00faltiples modos<\/strong>: Elige entre varios modos de funcionamiento.<\/li>\n<li><strong>Luz de control del motor<\/strong>: La activaci\u00f3n puede activar la luz de control del motor en los veh\u00edculos a partir de finales de 2020.<\/li>\n<\/ul>\n<h3>Activaci\u00f3n y desactivaci\u00f3n<\/h3>\n<p>\u00bb Accionar con el bot\u00f3n \u00abok\u00bb del manillar. Mantenlo pulsado hasta que el intermitente empiece a parpadear. <\/p>\n<p><strong>Modo 1:<\/strong> 1 parpadeo izquierdo 20%<strong>.<\/strong><br \/>\n<strong>Modo 2:<\/strong> 2 parpadeos a la izquierda 10%<strong>.<\/strong><br \/>\n<strong>Modo 3:<\/strong> 3 parpadeos a la izquierda 0<br \/>\n<strong>Modo 4:<\/strong> 1 parpadeo derecho 100<\/p>\n<p>Para el modo 3: 0 por ciento tienes que activar el modo, luego apagar el coche y bloquearlo durante 2 min y despu\u00e9s arrancar y conducir\u00bb.<\/p>\n<h3>\u00bfQu\u00e9 es el bloqueador de cuentakil\u00f3metros Audi TT, TT RS, FV, 8S?<\/h3>\n<p>El bloqueador de kilometraje\/bloqueador de cuentakil\u00f3metros Audi TT, TT RS, FV, 8S est\u00e1 dise\u00f1ado para detener el kilometraje mientras se comprueba el rendimiento del veh\u00edculo. En KM Block ofrecemos una gama de dispositivos para detener el kilometraje adecuados para diversos veh\u00edculos. Nuestros m\u00f3dulos est\u00e1n fabricados con componentes originales y funcionan eficazmente tanto si tu cuentakil\u00f3metros digital mide en millas como en kil\u00f3metros.  <\/p>\n<p><strong>Nota<\/strong>: No vendemos herramientas de calibraci\u00f3n de cuentakil\u00f3metros para el Audi TT, TT RS, FV, 8S, ya que est\u00e1n destinadas a un uso fraudulento y s\u00f3lo sirven para borrar las lecturas del cuentakil\u00f3metros. Estas herramientas se suelen utilizar para rebobinar o retroceder la distancia recorrida, pero no pueden invertir totalmente el kilometraje debido a las m\u00faltiples unidades de almacenamiento de datos de los veh\u00edculos. <\/p>\n<p>El proceso de instalaci\u00f3n es consistente en todos los modelos y no requiere conocimientos avanzados de mantenimiento del veh\u00edculo. Basta con conectarlo entre la conexi\u00f3n del veloc\u00edmetro y el cuadro de instrumentos para disfrutar de las ventajas de este innovador m\u00f3dulo. El Bloqueador de Kilometraje puede activarse o desactivarse en cualquier momento, tanto si el veh\u00edculo est\u00e1 en movimiento como parado.  <\/p>\n","protected":false},"excerpt":{"rendered":"<div class=\"flex-shrink-0 flex flex-col relative items-end\">\n<div class=\"pt-0\">\n<div class=\"gizmo-bot-avatar flex h-8 w-8 items-center justify-center overflow-hidden rounded-full\">\n<div class=\"relative p-1 rounded-sm flex items-center justify-center bg-token-main-surface-primary text-token-text-primary h-8 w-8\">\n<p>Antes de hacer tu pedido, revisa las instrucciones de activaci\u00f3n del m\u00f3dulo y las notas importantes sobre los mensajes de error y la funcionalidad que aparecen a continuaci\u00f3n.<\/p>\n<p><strong>Compatibilidad: Este dispositivo es adecuado para todos los modelos Audi TT y TT RS FV lanzados desde 2014.  <\/strong><span style=\"font-family: -apple-system, BlinkMacSystemFont, 'Segoe UI', Roboto, 'Helvetica Neue', Arial, 'Noto Sans', sans-serif, 'Apple Color Emoji', 'Segoe UI Emoji', 'Segoe UI Symbol', 'Noto Color Emoji'\">Aseg\u00farate de que tu tipo de conector es de 18 o 32 patillas antes de hacer el pedido. Sencillo proceso de configuraci\u00f3n \u00abhazlo t\u00fa mismo\u00bb. Dispone de conectores de primera calidad y cables resistentes al calor. El veloc\u00edmetro y los programas de asistencia funcionan a la perfecci\u00f3n.   <\/span><\/p>\n<p class=\"p1\"><b> \u2705 Integraci\u00f3n perfecta<\/b><b><\/b><\/p>\n<p class=\"p1\">\u2705<b> F\u00e1cil instalaci\u00f3n<\/b><b><\/b><\/p>\n<p class=\"p1\">\u2705<b> Gesti\u00f3n precisa del kilometraje<\/b><b><\/b><\/p>\n<p class=\"p1\"><b> \u2705 Funcionamiento en modo oculto<\/b><b><\/b><\/p>\n<p class=\"p1\"><span class=\"s1\">\u2705<\/span><b> Soporte y actualizaciones de por vida<\/b><\/p>\n<\/div>\n<\/div>\n<\/div>\n<\/div>\n","protected":false},"featured_media":695,"comment_status":"open","ping_status":"closed","template":"","meta":[],"product_brand":[],"product_cat":[853],"product_tag":[],"class_list":{"0":"post-8449","1":"product","2":"type-product","3":"status-publish","4":"has-post-thumbnail","6":"product_cat-audi","8":"first","9":"instock","10":"taxable","11":"shipping-taxable","12":"purchasable","13":"product-type-variable"},"yoast_head":"<!-- This site is optimized with the Yoast SEO plugin v27.5 - https:\/\/yoast.com\/product\/yoast-seo-wordpress\/ -->\n<title>Audi TT\/TT RS FV Mileage Blocker (KM stopper) \u2192 KM Block<\/title>\n<meta name=\"description\" content=\"Buy a Audi TT\/TT RS FV Mileage Blocker for the Best Prices \u2713 Free Shipping \u2713 Incl. Installation Guides\" \/>\n<meta name=\"robots\" content=\"index, follow, max-snippet:-1, max-image-preview:large, max-video-preview:-1\" \/>\n<meta property=\"og:locale\" content=\"es_ES\" \/>\n<meta property=\"og:type\" content=\"article\" \/>\n<meta property=\"og:title\" content=\"Audi TT\/TT RS FV Mileage Blocker (KM stopper) \u2192 KM Block\" \/>\n<meta property=\"og:description\" content=\"Buy a Audi TT\/TT RS FV Mileage Blocker for the Best Prices \u2713 Free Shipping \u2713 Incl. Installation Guides\" \/>\n<meta property=\"og:url\" content=\"https:\/\/kmblock.com\/es\/product\/audi-tt-tt-rs-fv\/\" \/>\n<meta property=\"og:site_name\" content=\"KM Block\" \/>\n<meta property=\"article:modified_time\" content=\"2025-11-26T01:30:10+00:00\" \/>\n<meta property=\"og:image\" content=\"https:\/\/kmblock.com\/wp-content\/uploads\/2024\/09\/Audi-TT-RS-FV-600x600-1.jpg\" \/>\n\t<meta property=\"og:image:width\" content=\"600\" \/>\n\t<meta property=\"og:image:height\" content=\"600\" \/>\n\t<meta property=\"og:image:type\" content=\"image\/jpeg\" \/>\n<meta name=\"twitter:card\" content=\"summary_large_image\" \/>\n<meta name=\"twitter:label1\" content=\"Tiempo de lectura\" \/>\n\t<meta name=\"twitter:data1\" content=\"3 minutos\" \/>\n<script type=\"application\/ld+json\" class=\"yoast-schema-graph\">{\"@context\":\"https:\\\/\\\/schema.org\",\"@graph\":[{\"@type\":\"WebPage\",\"@id\":\"https:\\\/\\\/kmblock.com\\\/es\\\/product\\\/audi-tt-tt-rs-fv\\\/\",\"url\":\"https:\\\/\\\/kmblock.com\\\/es\\\/product\\\/audi-tt-tt-rs-fv\\\/\",\"name\":\"Audi TT\\\/TT RS FV Mileage Blocker (KM stopper) \u2192 KM Block\",\"isPartOf\":{\"@id\":\"https:\\\/\\\/kmblock.com\\\/es\\\/#website\"},\"primaryImageOfPage\":{\"@id\":\"https:\\\/\\\/kmblock.com\\\/es\\\/product\\\/audi-tt-tt-rs-fv\\\/#primaryimage\"},\"image\":{\"@id\":\"https:\\\/\\\/kmblock.com\\\/es\\\/product\\\/audi-tt-tt-rs-fv\\\/#primaryimage\"},\"thumbnailUrl\":\"https:\\\/\\\/kmblock.com\\\/wp-content\\\/uploads\\\/2024\\\/09\\\/Audi-TT-RS-FV-600x600-1.jpg\",\"datePublished\":\"2024-09-18T14:57:26+00:00\",\"dateModified\":\"2025-11-26T01:30:10+00:00\",\"description\":\"Buy a Audi TT\\\/TT RS FV Mileage Blocker for the Best Prices \u2713 Free Shipping \u2713 Incl. Installation Guides\",\"breadcrumb\":{\"@id\":\"https:\\\/\\\/kmblock.com\\\/es\\\/product\\\/audi-tt-tt-rs-fv\\\/#breadcrumb\"},\"inLanguage\":\"es\",\"potentialAction\":[{\"@type\":\"ReadAction\",\"target\":[\"https:\\\/\\\/kmblock.com\\\/es\\\/product\\\/audi-tt-tt-rs-fv\\\/\"]}]},{\"@type\":\"ImageObject\",\"inLanguage\":\"es\",\"@id\":\"https:\\\/\\\/kmblock.com\\\/es\\\/product\\\/audi-tt-tt-rs-fv\\\/#primaryimage\",\"url\":\"https:\\\/\\\/kmblock.com\\\/wp-content\\\/uploads\\\/2024\\\/09\\\/Audi-TT-RS-FV-600x600-1.jpg\",\"contentUrl\":\"https:\\\/\\\/kmblock.com\\\/wp-content\\\/uploads\\\/2024\\\/09\\\/Audi-TT-RS-FV-600x600-1.jpg\",\"width\":600,\"height\":600,\"caption\":\"Audi-TT-RS-FV-600x600\"},{\"@type\":\"BreadcrumbList\",\"@id\":\"https:\\\/\\\/kmblock.com\\\/es\\\/product\\\/audi-tt-tt-rs-fv\\\/#breadcrumb\",\"itemListElement\":[{\"@type\":\"ListItem\",\"position\":1,\"name\":\"Inicio\",\"item\":\"https:\\\/\\\/kmblock.com\\\/es\\\/\"},{\"@type\":\"ListItem\",\"position\":2,\"name\":\"Productos\",\"item\":\"https:\\\/\\\/kmblock.com\\\/es\\\/shop\\\/\"},{\"@type\":\"ListItem\",\"position\":3,\"name\":\"Audi TT\\\/TT RS FV\"}]},{\"@type\":\"WebSite\",\"@id\":\"https:\\\/\\\/kmblock.com\\\/es\\\/#website\",\"url\":\"https:\\\/\\\/kmblock.com\\\/es\\\/\",\"name\":\"KM Block\",\"description\":\"\",\"publisher\":{\"@id\":\"https:\\\/\\\/kmblock.com\\\/es\\\/#organization\"},\"potentialAction\":[{\"@type\":\"SearchAction\",\"target\":{\"@type\":\"EntryPoint\",\"urlTemplate\":\"https:\\\/\\\/kmblock.com\\\/es\\\/?s={search_term_string}\"},\"query-input\":{\"@type\":\"PropertyValueSpecification\",\"valueRequired\":true,\"valueName\":\"search_term_string\"}}],\"inLanguage\":\"es\"},{\"@type\":\"Organization\",\"@id\":\"https:\\\/\\\/kmblock.com\\\/es\\\/#organization\",\"name\":\"Bloque KM\",\"url\":\"https:\\\/\\\/kmblock.com\\\/es\\\/\",\"logo\":{\"@type\":\"ImageObject\",\"inLanguage\":\"es\",\"@id\":\"https:\\\/\\\/kmblock.com\\\/es\\\/#\\\/schema\\\/logo\\\/image\\\/\",\"url\":\"https:\\\/\\\/kmblock.com\\\/wp-content\\\/uploads\\\/2024\\\/08\\\/main-logo.png\",\"contentUrl\":\"https:\\\/\\\/kmblock.com\\\/wp-content\\\/uploads\\\/2024\\\/08\\\/main-logo.png\",\"width\":186,\"height\":28,\"caption\":\"Bloque KM\"},\"image\":{\"@id\":\"https:\\\/\\\/kmblock.com\\\/es\\\/#\\\/schema\\\/logo\\\/image\\\/\"}}]}<\/script>\n<!-- \/ Yoast SEO plugin. -->","yoast_head_json":{"title":"Audi TT\/TT RS FV Mileage Blocker (KM stopper) \u2192 KM Block","description":"Buy a Audi TT\/TT RS FV Mileage Blocker for the Best Prices \u2713 Free Shipping \u2713 Incl. Installation Guides","robots":{"index":"index","follow":"follow","max-snippet":"max-snippet:-1","max-image-preview":"max-image-preview:large","max-video-preview":"max-video-preview:-1"},"og_locale":"es_ES","og_type":"article","og_title":"Audi TT\/TT RS FV Mileage Blocker (KM stopper) \u2192 KM Block","og_description":"Buy a Audi TT\/TT RS FV Mileage Blocker for the Best Prices \u2713 Free Shipping \u2713 Incl. Installation Guides","og_url":"https:\/\/kmblock.com\/es\/product\/audi-tt-tt-rs-fv\/","og_site_name":"KM Block","article_modified_time":"2025-11-26T01:30:10+00:00","og_image":[{"width":600,"height":600,"url":"https:\/\/kmblock.com\/wp-content\/uploads\/2024\/09\/Audi-TT-RS-FV-600x600-1.jpg","type":"image\/jpeg"}],"twitter_card":"summary_large_image","twitter_misc":{"Tiempo de lectura":"3 minutos"},"schema":{"@context":"https:\/\/schema.org","@graph":[{"@type":"WebPage","@id":"https:\/\/kmblock.com\/es\/product\/audi-tt-tt-rs-fv\/","url":"https:\/\/kmblock.com\/es\/product\/audi-tt-tt-rs-fv\/","name":"Audi TT\/TT RS FV Mileage Blocker (KM stopper) \u2192 KM Block","isPartOf":{"@id":"https:\/\/kmblock.com\/es\/#website"},"primaryImageOfPage":{"@id":"https:\/\/kmblock.com\/es\/product\/audi-tt-tt-rs-fv\/#primaryimage"},"image":{"@id":"https:\/\/kmblock.com\/es\/product\/audi-tt-tt-rs-fv\/#primaryimage"},"thumbnailUrl":"https:\/\/kmblock.com\/wp-content\/uploads\/2024\/09\/Audi-TT-RS-FV-600x600-1.jpg","datePublished":"2024-09-18T14:57:26+00:00","dateModified":"2025-11-26T01:30:10+00:00","description":"Buy a Audi TT\/TT RS FV Mileage Blocker for the Best Prices \u2713 Free Shipping \u2713 Incl. Installation Guides","breadcrumb":{"@id":"https:\/\/kmblock.com\/es\/product\/audi-tt-tt-rs-fv\/#breadcrumb"},"inLanguage":"es","potentialAction":[{"@type":"ReadAction","target":["https:\/\/kmblock.com\/es\/product\/audi-tt-tt-rs-fv\/"]}]},{"@type":"ImageObject","inLanguage":"es","@id":"https:\/\/kmblock.com\/es\/product\/audi-tt-tt-rs-fv\/#primaryimage","url":"https:\/\/kmblock.com\/wp-content\/uploads\/2024\/09\/Audi-TT-RS-FV-600x600-1.jpg","contentUrl":"https:\/\/kmblock.com\/wp-content\/uploads\/2024\/09\/Audi-TT-RS-FV-600x600-1.jpg","width":600,"height":600,"caption":"Audi-TT-RS-FV-600x600"},{"@type":"BreadcrumbList","@id":"https:\/\/kmblock.com\/es\/product\/audi-tt-tt-rs-fv\/#breadcrumb","itemListElement":[{"@type":"ListItem","position":1,"name":"Inicio","item":"https:\/\/kmblock.com\/es\/"},{"@type":"ListItem","position":2,"name":"Productos","item":"https:\/\/kmblock.com\/es\/shop\/"},{"@type":"ListItem","position":3,"name":"Audi TT\/TT RS FV"}]},{"@type":"WebSite","@id":"https:\/\/kmblock.com\/es\/#website","url":"https:\/\/kmblock.com\/es\/","name":"KM Block","description":"","publisher":{"@id":"https:\/\/kmblock.com\/es\/#organization"},"potentialAction":[{"@type":"SearchAction","target":{"@type":"EntryPoint","urlTemplate":"https:\/\/kmblock.com\/es\/?s={search_term_string}"},"query-input":{"@type":"PropertyValueSpecification","valueRequired":true,"valueName":"search_term_string"}}],"inLanguage":"es"},{"@type":"Organization","@id":"https:\/\/kmblock.com\/es\/#organization","name":"Bloque KM","url":"https:\/\/kmblock.com\/es\/","logo":{"@type":"ImageObject","inLanguage":"es","@id":"https:\/\/kmblock.com\/es\/#\/schema\/logo\/image\/","url":"https:\/\/kmblock.com\/wp-content\/uploads\/2024\/08\/main-logo.png","contentUrl":"https:\/\/kmblock.com\/wp-content\/uploads\/2024\/08\/main-logo.png","width":186,"height":28,"caption":"Bloque KM"},"image":{"@id":"https:\/\/kmblock.com\/es\/#\/schema\/logo\/image\/"}}]}},"_links":{"self":[{"href":"https:\/\/kmblock.com\/es\/wp-json\/wp\/v2\/product\/8449","targetHints":{"allow":["GET"]}}],"collection":[{"href":"https:\/\/kmblock.com\/es\/wp-json\/wp\/v2\/product"}],"about":[{"href":"https:\/\/kmblock.com\/es\/wp-json\/wp\/v2\/types\/product"}],"replies":[{"embeddable":true,"href":"https:\/\/kmblock.com\/es\/wp-json\/wp\/v2\/comments?post=8449"}],"wp:featuredmedia":[{"embeddable":true,"href":"https:\/\/kmblock.com\/es\/wp-json\/wp\/v2\/media\/695"}],"wp:attachment":[{"href":"https:\/\/kmblock.com\/es\/wp-json\/wp\/v2\/media?parent=8449"}],"wp:term":[{"taxonomy":"product_brand","embeddable":true,"href":"https:\/\/kmblock.com\/es\/wp-json\/wp\/v2\/product_brand?post=8449"},{"taxonomy":"product_cat","embeddable":true,"href":"https:\/\/kmblock.com\/es\/wp-json\/wp\/v2\/product_cat?post=8449"},{"taxonomy":"product_tag","embeddable":true,"href":"https:\/\/kmblock.com\/es\/wp-json\/wp\/v2\/product_tag?post=8449"}],"curies":[{"name":"wp","href":"https:\/\/api.w.org\/{rel}","templated":true}]}}