{"id":8426,"date":"2025-01-01T18:34:40","date_gmt":"2025-01-01T18:34:40","guid":{"rendered":"https:\/\/kmblock.com\/product\/bmw-1er-f40\/"},"modified":"2025-11-26T01:30:41","modified_gmt":"2025-11-26T01:30:41","slug":"bmw-1er-f40","status":"publish","type":"product","link":"https:\/\/kmblock.com\/es\/product\/bmw-1er-f40\/","title":{"rendered":"BMW 1ER F40"},"content":{"rendered":"<h3><strong>BLOQUEADOR DE KILOMETRAJE PARA BMW 1ER F40<\/strong><\/h3>\n<p>El <strong>bloqueador de kilometraje BMW 1ER F40<\/strong>, a veces denominado bloqueador de cuentakil\u00f3metros, bloqueador de cuentakil\u00f3metros, bloqueador de latas, bloqueador de kilometraje, cuentakil\u00f3metros de viaje o filtro de latas, es una herramienta dise\u00f1ada para impedir el registro del kilometraje durante la prueba del veh\u00edculo.<\/p>\n<p><strong>COMPATIBILIDAD<\/strong><br \/>\nEste dispositivo es adecuado para todos los modelos BMW 1ER F40 lanzados desde 2019.<\/p>\n<hr>\n<h3><strong>ESPECIFICACIONES<\/strong><\/h3>\n<ul>\n<li><strong>Instalaci\u00f3n DIY<\/strong>: F\u00e1cil de instalar sin ayuda profesional.<\/li>\n<li><strong>Materiales de alta calidad<\/strong>: Enchufes de primera calidad y cables resistentes al calor.<\/li>\n<li><strong>No requiere modificaciones<\/strong>: No hay que soldar, cortar cables ni abrir ECUs.<\/li>\n<li><strong>M\u00faltiples modos<\/strong>: Cambia entre diferentes modos utilizando combinaciones de teclas.<\/li>\n<li><strong>Actualizaciones de software<\/strong>: No es necesario cambiar ni actualizar el software, basta con activar el modo dos.<\/li>\n<li><strong>Ajustes seguros<\/strong>: Los ajustes se guardan permanentemente despu\u00e9s de la selecci\u00f3n.<\/li>\n<li><strong>No hay aumento espont\u00e1neo<\/strong> del kilometraje: El kilometraje no aumenta despu\u00e9s de retirar el m\u00f3dulo.<\/li>\n<li><strong>Funcionalidad total<\/strong>: El indicador de velocidad y los sistemas de asistencia funcionan en modos seleccionados.<\/li>\n<li><strong>No hay mensajes de error<\/strong>: No hay errores en el veloc\u00edmetro, la navegaci\u00f3n, el asistente de \u00e1ngulo muerto o el control de crucero.<\/li>\n<li><strong>Instalaci\u00f3n sin problemas<\/strong>: La cara de acoplamiento y los rebordes del conector garantizan un proceso de instalaci\u00f3n sencillo.<\/li>\n<li><strong>Ajuste del servicio<\/strong>: Ajuste autom\u00e1tico de los intervalos de mantenimiento.<\/li>\n<\/ul>\n<h3><strong>AJUSTE DEL SERVICIO<\/strong><\/h3>\n<p>El Bloqueador de Kil\u00f3metros detiene el registro de kil\u00f3metros en todas las memorias y ajusta autom\u00e1ticamente el intervalo de servicio. El contador de servicio permanece activo hasta que queda un 30%, luego se restablece autom\u00e1ticamente al 90% cuando se activa el Bloqueo de Kil\u00f3metros. Por ejemplo, en un veh\u00edculo con un intervalo de mantenimiento de 30.000 km, el 30% restante equivale a 9.000 km. El sistema vuelve a poner el kilometraje restante en 27.000 km (90%).   <\/p>\n<h3><strong>ACTIVACI\u00d3N Y DESACTIVACI\u00d3N<\/strong><\/h3>\n<p>\u00bb Enciende manteniendo pulsado el bot\u00f3n BC durante 10 segundos hasta que se enciendan todas las luces de la pantalla.<\/p>\n<p><strong>Modo Verde:<\/strong> cuentakil\u00f3metros original de nuevo 100% original. Todo funciona correctamente. <\/p>\n<p><strong>Modo Amarillo:<\/strong> el recuento de kil\u00f3metros se ralentiza un 30%. Cada 100 km 30 km. Todo funciona bien.  <\/p>\n<p><strong>Modo Rojo:<\/strong> el contador de kil\u00f3metros ya no est\u00e1 al 0%. La velocidad no funciona\u00bb. <\/p>\n<hr>\n<h3><strong>\u00bfQu\u00e9 es el bloqueador de cuentakil\u00f3metros o herramienta de correcci\u00f3n de kilometraje BMW 1er F40?<\/strong><\/h3>\n<p>El <strong>Bloqueador de Kilometraje BMW 1er F40<\/strong> se utiliza para detener el registro del kilometraje durante las pruebas de rendimiento. Funciona perfectamente en motores di\u00e9sel, gasolina, h\u00edbridos y el\u00e9ctricos, independientemente de si tu cuentakil\u00f3metros mide en millas o kil\u00f3metros. <\/p>\n<p>A diferencia de las herramientas de correcci\u00f3n del kilometraje que manipulan las lecturas del cuentakil\u00f3metros con fines enga\u00f1osos, este Bloqueador de Kilometraje est\u00e1 dise\u00f1ado para realizar pruebas de rendimiento leg\u00edtimas. Las herramientas de correcci\u00f3n no pueden invertir totalmente el kilometraje debido a las m\u00faltiples unidades de almacenamiento de datos de los veh\u00edculos modernos. Nuestro dispositivo garantiza pruebas precisas y est\u00e1 pensado para entornos controlados, no para carreteras p\u00fablicas.  <\/p>\n<p>La instalaci\u00f3n es sencilla, sin necesidad de conocimientos especiales. Simplemente con\u00e9ctalo entre el puerto del veloc\u00edmetro y el cuadro de instrumentos, y disfruta de las ventajas de este fiable m\u00f3dulo. <\/p>\n<p><strong>Nota<\/strong>: El Detector de Kil\u00f3metros es s\u00f3lo para pruebas y puesta a punto y no debe utilizarse en v\u00edas p\u00fablicas. No est\u00e1 destinado a actividades fraudulentas. <\/p>\n","protected":false},"excerpt":{"rendered":"<div class=\"flex-shrink-0 flex flex-col relative items-end\">\n<div class=\"pt-0\">\n<div class=\"gizmo-bot-avatar flex h-8 w-8 items-center justify-center overflow-hidden rounded-full\">\n<div class=\"relative p-1 rounded-sm flex items-center justify-center bg-token-main-surface-primary text-token-text-primary h-8 w-8\">\n<p><strong>Antes de hacer el pedido: Notas importantes sobre la activaci\u00f3n y la funcionalidad <\/strong>Lee atentamente la siguiente informaci\u00f3n antes de realizar la compra:<\/p>\n<p>Este m\u00f3dulo es adecuado para todos los <strong>modelos BMW 1ER F40<\/strong> lanzados <strong>desde 2019<\/strong>. El indicador de velocidad y los programas de asistencia funcionan correctamente, pero s\u00f3lo en determinados modos. No hay mensajes de error del asistente de \u00e1ngulo muerto ni del control de crucero. Instalaci\u00f3n \u00abhazlo t\u00fa mismo\u00bb, no requiere ayuda profesional. Incluye enchufes de primera calidad y cables resistentes al calor para mayor durabilidad.    <\/p>\n<\/div>\n<p><strong>\u2705 Integraci\u00f3n perfecta<\/strong><\/p>\n<p><strong>\u2705 F\u00e1cil instalaci\u00f3n<\/strong><\/p>\n<p><strong>\u2705 Gesti\u00f3n precisa del kilometraje<\/strong><\/p>\n<p><strong>\u2705 Funcionamiento en modo oculto<\/strong><\/p>\n<p><strong>Soporte y actualizaciones de por vida<\/strong><\/p>\n<\/div>\n<\/div>\n<\/div>\n","protected":false},"featured_media":711,"comment_status":"open","ping_status":"closed","template":"","meta":[],"product_brand":[],"product_cat":[861],"product_tag":[],"class_list":{"0":"post-8426","1":"product","2":"type-product","3":"status-publish","4":"has-post-thumbnail","6":"product_cat-bmw","8":"first","9":"instock","10":"taxable","11":"shipping-taxable","12":"purchasable","13":"product-type-variable"},"yoast_head":"<!-- This site is optimized with the Yoast SEO plugin v27.5 - https:\/\/yoast.com\/product\/yoast-seo-wordpress\/ -->\n<title>BMW 1ER F40 Mileage Blocker (KM stopper) \u2192 KM Block<\/title>\n<meta name=\"description\" content=\"Buy a BMW 1ER F40 Mileage Blocker for the Best Prices \u2713 Free Shipping \u2713 Incl. Installation Guides\" \/>\n<meta name=\"robots\" content=\"index, follow, max-snippet:-1, max-image-preview:large, max-video-preview:-1\" \/>\n<meta property=\"og:locale\" content=\"es_ES\" \/>\n<meta property=\"og:type\" content=\"article\" \/>\n<meta property=\"og:title\" content=\"BMW 1ER F40 Mileage Blocker (KM stopper) \u2192 KM Block\" \/>\n<meta property=\"og:description\" content=\"Buy a BMW 1ER F40 Mileage Blocker for the Best Prices \u2713 Free Shipping \u2713 Incl. Installation Guides\" \/>\n<meta property=\"og:url\" content=\"https:\/\/kmblock.com\/es\/product\/bmw-1er-f40\/\" \/>\n<meta property=\"og:site_name\" content=\"KM Block\" \/>\n<meta property=\"article:modified_time\" content=\"2025-11-26T01:30:41+00:00\" \/>\n<meta property=\"og:image\" content=\"https:\/\/kmblock.com\/wp-content\/uploads\/2024\/09\/BMW-1ER-F40.jpg\" \/>\n\t<meta property=\"og:image:width\" content=\"800\" \/>\n\t<meta property=\"og:image:height\" content=\"800\" \/>\n\t<meta property=\"og:image:type\" content=\"image\/jpeg\" \/>\n<meta name=\"twitter:card\" content=\"summary_large_image\" \/>\n<meta name=\"twitter:label1\" content=\"Tiempo de lectura\" \/>\n\t<meta name=\"twitter:data1\" content=\"3 minutos\" \/>\n<script type=\"application\/ld+json\" class=\"yoast-schema-graph\">{\"@context\":\"https:\\\/\\\/schema.org\",\"@graph\":[{\"@type\":\"WebPage\",\"@id\":\"https:\\\/\\\/kmblock.com\\\/es\\\/product\\\/bmw-1er-f40\\\/\",\"url\":\"https:\\\/\\\/kmblock.com\\\/es\\\/product\\\/bmw-1er-f40\\\/\",\"name\":\"BMW 1ER F40 Mileage Blocker (KM stopper) \u2192 KM Block\",\"isPartOf\":{\"@id\":\"https:\\\/\\\/kmblock.com\\\/es\\\/#website\"},\"primaryImageOfPage\":{\"@id\":\"https:\\\/\\\/kmblock.com\\\/es\\\/product\\\/bmw-1er-f40\\\/#primaryimage\"},\"image\":{\"@id\":\"https:\\\/\\\/kmblock.com\\\/es\\\/product\\\/bmw-1er-f40\\\/#primaryimage\"},\"thumbnailUrl\":\"https:\\\/\\\/kmblock.com\\\/wp-content\\\/uploads\\\/2024\\\/09\\\/BMW-1ER-F40.jpg\",\"datePublished\":\"2025-01-01T18:34:40+00:00\",\"dateModified\":\"2025-11-26T01:30:41+00:00\",\"description\":\"Buy a BMW 1ER F40 Mileage Blocker for the Best Prices \u2713 Free Shipping \u2713 Incl. Installation Guides\",\"breadcrumb\":{\"@id\":\"https:\\\/\\\/kmblock.com\\\/es\\\/product\\\/bmw-1er-f40\\\/#breadcrumb\"},\"inLanguage\":\"es\",\"potentialAction\":[{\"@type\":\"ReadAction\",\"target\":[\"https:\\\/\\\/kmblock.com\\\/es\\\/product\\\/bmw-1er-f40\\\/\"]}]},{\"@type\":\"ImageObject\",\"inLanguage\":\"es\",\"@id\":\"https:\\\/\\\/kmblock.com\\\/es\\\/product\\\/bmw-1er-f40\\\/#primaryimage\",\"url\":\"https:\\\/\\\/kmblock.com\\\/wp-content\\\/uploads\\\/2024\\\/09\\\/BMW-1ER-F40.jpg\",\"contentUrl\":\"https:\\\/\\\/kmblock.com\\\/wp-content\\\/uploads\\\/2024\\\/09\\\/BMW-1ER-F40.jpg\",\"width\":800,\"height\":800,\"caption\":\"BMW 1ER F40\"},{\"@type\":\"BreadcrumbList\",\"@id\":\"https:\\\/\\\/kmblock.com\\\/es\\\/product\\\/bmw-1er-f40\\\/#breadcrumb\",\"itemListElement\":[{\"@type\":\"ListItem\",\"position\":1,\"name\":\"Inicio\",\"item\":\"https:\\\/\\\/kmblock.com\\\/es\\\/\"},{\"@type\":\"ListItem\",\"position\":2,\"name\":\"Productos\",\"item\":\"https:\\\/\\\/kmblock.com\\\/es\\\/shop\\\/\"},{\"@type\":\"ListItem\",\"position\":3,\"name\":\"BMW 1ER F40\"}]},{\"@type\":\"WebSite\",\"@id\":\"https:\\\/\\\/kmblock.com\\\/es\\\/#website\",\"url\":\"https:\\\/\\\/kmblock.com\\\/es\\\/\",\"name\":\"KM Block\",\"description\":\"\",\"publisher\":{\"@id\":\"https:\\\/\\\/kmblock.com\\\/es\\\/#organization\"},\"potentialAction\":[{\"@type\":\"SearchAction\",\"target\":{\"@type\":\"EntryPoint\",\"urlTemplate\":\"https:\\\/\\\/kmblock.com\\\/es\\\/?s={search_term_string}\"},\"query-input\":{\"@type\":\"PropertyValueSpecification\",\"valueRequired\":true,\"valueName\":\"search_term_string\"}}],\"inLanguage\":\"es\"},{\"@type\":\"Organization\",\"@id\":\"https:\\\/\\\/kmblock.com\\\/es\\\/#organization\",\"name\":\"Bloque KM\",\"url\":\"https:\\\/\\\/kmblock.com\\\/es\\\/\",\"logo\":{\"@type\":\"ImageObject\",\"inLanguage\":\"es\",\"@id\":\"https:\\\/\\\/kmblock.com\\\/es\\\/#\\\/schema\\\/logo\\\/image\\\/\",\"url\":\"https:\\\/\\\/kmblock.com\\\/wp-content\\\/uploads\\\/2024\\\/08\\\/main-logo.png\",\"contentUrl\":\"https:\\\/\\\/kmblock.com\\\/wp-content\\\/uploads\\\/2024\\\/08\\\/main-logo.png\",\"width\":186,\"height\":28,\"caption\":\"Bloque KM\"},\"image\":{\"@id\":\"https:\\\/\\\/kmblock.com\\\/es\\\/#\\\/schema\\\/logo\\\/image\\\/\"}}]}<\/script>\n<!-- \/ Yoast SEO plugin. -->","yoast_head_json":{"title":"BMW 1ER F40 Mileage Blocker (KM stopper) \u2192 KM Block","description":"Buy a BMW 1ER F40 Mileage Blocker for the Best Prices \u2713 Free Shipping \u2713 Incl. Installation Guides","robots":{"index":"index","follow":"follow","max-snippet":"max-snippet:-1","max-image-preview":"max-image-preview:large","max-video-preview":"max-video-preview:-1"},"og_locale":"es_ES","og_type":"article","og_title":"BMW 1ER F40 Mileage Blocker (KM stopper) \u2192 KM Block","og_description":"Buy a BMW 1ER F40 Mileage Blocker for the Best Prices \u2713 Free Shipping \u2713 Incl. Installation Guides","og_url":"https:\/\/kmblock.com\/es\/product\/bmw-1er-f40\/","og_site_name":"KM Block","article_modified_time":"2025-11-26T01:30:41+00:00","og_image":[{"width":800,"height":800,"url":"https:\/\/kmblock.com\/wp-content\/uploads\/2024\/09\/BMW-1ER-F40.jpg","type":"image\/jpeg"}],"twitter_card":"summary_large_image","twitter_misc":{"Tiempo de lectura":"3 minutos"},"schema":{"@context":"https:\/\/schema.org","@graph":[{"@type":"WebPage","@id":"https:\/\/kmblock.com\/es\/product\/bmw-1er-f40\/","url":"https:\/\/kmblock.com\/es\/product\/bmw-1er-f40\/","name":"BMW 1ER F40 Mileage Blocker (KM stopper) \u2192 KM Block","isPartOf":{"@id":"https:\/\/kmblock.com\/es\/#website"},"primaryImageOfPage":{"@id":"https:\/\/kmblock.com\/es\/product\/bmw-1er-f40\/#primaryimage"},"image":{"@id":"https:\/\/kmblock.com\/es\/product\/bmw-1er-f40\/#primaryimage"},"thumbnailUrl":"https:\/\/kmblock.com\/wp-content\/uploads\/2024\/09\/BMW-1ER-F40.jpg","datePublished":"2025-01-01T18:34:40+00:00","dateModified":"2025-11-26T01:30:41+00:00","description":"Buy a BMW 1ER F40 Mileage Blocker for the Best Prices \u2713 Free Shipping \u2713 Incl. Installation Guides","breadcrumb":{"@id":"https:\/\/kmblock.com\/es\/product\/bmw-1er-f40\/#breadcrumb"},"inLanguage":"es","potentialAction":[{"@type":"ReadAction","target":["https:\/\/kmblock.com\/es\/product\/bmw-1er-f40\/"]}]},{"@type":"ImageObject","inLanguage":"es","@id":"https:\/\/kmblock.com\/es\/product\/bmw-1er-f40\/#primaryimage","url":"https:\/\/kmblock.com\/wp-content\/uploads\/2024\/09\/BMW-1ER-F40.jpg","contentUrl":"https:\/\/kmblock.com\/wp-content\/uploads\/2024\/09\/BMW-1ER-F40.jpg","width":800,"height":800,"caption":"BMW 1ER F40"},{"@type":"BreadcrumbList","@id":"https:\/\/kmblock.com\/es\/product\/bmw-1er-f40\/#breadcrumb","itemListElement":[{"@type":"ListItem","position":1,"name":"Inicio","item":"https:\/\/kmblock.com\/es\/"},{"@type":"ListItem","position":2,"name":"Productos","item":"https:\/\/kmblock.com\/es\/shop\/"},{"@type":"ListItem","position":3,"name":"BMW 1ER F40"}]},{"@type":"WebSite","@id":"https:\/\/kmblock.com\/es\/#website","url":"https:\/\/kmblock.com\/es\/","name":"KM Block","description":"","publisher":{"@id":"https:\/\/kmblock.com\/es\/#organization"},"potentialAction":[{"@type":"SearchAction","target":{"@type":"EntryPoint","urlTemplate":"https:\/\/kmblock.com\/es\/?s={search_term_string}"},"query-input":{"@type":"PropertyValueSpecification","valueRequired":true,"valueName":"search_term_string"}}],"inLanguage":"es"},{"@type":"Organization","@id":"https:\/\/kmblock.com\/es\/#organization","name":"Bloque KM","url":"https:\/\/kmblock.com\/es\/","logo":{"@type":"ImageObject","inLanguage":"es","@id":"https:\/\/kmblock.com\/es\/#\/schema\/logo\/image\/","url":"https:\/\/kmblock.com\/wp-content\/uploads\/2024\/08\/main-logo.png","contentUrl":"https:\/\/kmblock.com\/wp-content\/uploads\/2024\/08\/main-logo.png","width":186,"height":28,"caption":"Bloque KM"},"image":{"@id":"https:\/\/kmblock.com\/es\/#\/schema\/logo\/image\/"}}]}},"_links":{"self":[{"href":"https:\/\/kmblock.com\/es\/wp-json\/wp\/v2\/product\/8426","targetHints":{"allow":["GET"]}}],"collection":[{"href":"https:\/\/kmblock.com\/es\/wp-json\/wp\/v2\/product"}],"about":[{"href":"https:\/\/kmblock.com\/es\/wp-json\/wp\/v2\/types\/product"}],"replies":[{"embeddable":true,"href":"https:\/\/kmblock.com\/es\/wp-json\/wp\/v2\/comments?post=8426"}],"wp:featuredmedia":[{"embeddable":true,"href":"https:\/\/kmblock.com\/es\/wp-json\/wp\/v2\/media\/711"}],"wp:attachment":[{"href":"https:\/\/kmblock.com\/es\/wp-json\/wp\/v2\/media?parent=8426"}],"wp:term":[{"taxonomy":"product_brand","embeddable":true,"href":"https:\/\/kmblock.com\/es\/wp-json\/wp\/v2\/product_brand?post=8426"},{"taxonomy":"product_cat","embeddable":true,"href":"https:\/\/kmblock.com\/es\/wp-json\/wp\/v2\/product_cat?post=8426"},{"taxonomy":"product_tag","embeddable":true,"href":"https:\/\/kmblock.com\/es\/wp-json\/wp\/v2\/product_tag?post=8426"}],"curies":[{"name":"wp","href":"https:\/\/api.w.org\/{rel}","templated":true}]}}