{"id":8414,"date":"2024-09-18T18:39:14","date_gmt":"2024-09-18T18:39:14","guid":{"rendered":"https:\/\/kmblock.com\/product\/bmw-2er-f22-f23-f45-f46-f87\/"},"modified":"2025-11-26T01:30:49","modified_gmt":"2025-11-26T01:30:49","slug":"bmw-2er-f22-f23-f45-f46-f87","status":"publish","type":"product","link":"https:\/\/kmblock.com\/es\/product\/bmw-2er-f22-f23-f45-f46-f87\/","title":{"rendered":"BMW 2ER F22\/F23\/F45\/F46\/F87"},"content":{"rendered":"<div class=\"flex max-w-full flex-col flex-grow\">\n<div class=\"min-h-[20px] text-message flex w-full flex-col items-end gap-2 whitespace-normal break-words [.text-message+&amp;]:mt-5\" dir=\"auto\" data-message-author-role=\"assistant\" data-message-id=\"486fbb14-d9b0-4abf-8aac-69dd9ef3f888\">\n<div class=\"flex w-full flex-col gap-1 empty:hidden first:pt-[3px]\">\n<div class=\"markdown prose w-full break-words dark:prose-invert dark\">\n<h3><strong>BLOQUEADOR DE KILOMETRAJE PARA BMW 2ER F22\/F23\/F45\/F46\/F87<\/strong><\/h3>\n<p>El bloqueador de cuentakil\u00f3metros BMW 2ER F22\/F23\/F45\/F46\/F87, tambi\u00e9n conocido como bloqueador de cuentakil\u00f3metros, bloqueador de cuentakil\u00f3metros, bloqueador de latas, bloqueador de cuentakil\u00f3metros, cuentakil\u00f3metros parcial, filtro de latas o herramienta de correcci\u00f3n de cuentakil\u00f3metros, est\u00e1 dise\u00f1ado para utilizarse con todos los modelos BMW 2ER F22\/F23\/F45\/F46\/F87 lanzados desde 2013.<\/p>\n<h3><strong>ESPECIFICACIONES<\/strong><\/h3>\n<ul>\n<li><strong>Instalaci\u00f3n<\/strong>: Instalaci\u00f3n \u00abhazlo t\u00fa mismo\u00bb (DIY) sin necesidad de ayuda profesional.<\/li>\n<li><strong>Componentes<\/strong>: Enchufes de alta calidad y cables resistentes al calor incluidos.<\/li>\n<li><strong>Sin modificaciones<\/strong>: No es necesario soldar ni cortar cables, ni abrir las ECU.<\/li>\n<li><strong>Modos<\/strong>: M\u00faltiples modos disponibles para diferentes necesidades.<\/li>\n<li><strong>Actualizaciones de software<\/strong>: Si tu veh\u00edculo ha recibido una actualizaci\u00f3n de software, s\u00f3lo tienes que activar el modo dos para seguir utilizando el dispositivo; no es necesario cambiarlo ni actualizarlo.<\/li>\n<li><strong>Ajustes<\/strong>: Una vez seleccionados, los ajustes se guardan incondicionalmente.<\/li>\n<li><strong>Kilometraje<\/strong>: Tras retirar el m\u00f3dulo, el kilometraje no aumenta espont\u00e1neamente.<\/li>\n<li><strong>Funcionamiento sin errores<\/strong>: No hay mensajes de error del asistente de \u00e1ngulo muerto ni del control de crucero; el indicador de velocidad y los sistemas de asistencia funcionan correctamente (en determinados modos).<\/li>\n<li><strong>Ajuste del servicio<\/strong>: Correcci\u00f3n autom\u00e1tica de los intervalos de servicio.<\/li>\n<\/ul>\n<h3><strong>AJUSTE DEL SERVICIO<\/strong><\/h3>\n<p>Nuestro Bloqueador de Kilometraje no s\u00f3lo detiene el recuento de kil\u00f3metros, sino que tambi\u00e9n ajusta el recordatorio de servicio en consecuencia. Mientras \u00abServicio\u00bb contin\u00faa la cuenta atr\u00e1s, no registrar\u00e1 ning\u00fan kilometraje hasta que quede un 30% del intervalo de servicio. En ese momento, se reajusta autom\u00e1ticamente al 90%. Este ajuste garantiza que el recordatorio de servicio se refleje con precisi\u00f3n, incluso con el kilometraje detenido. Por ejemplo, si una revisi\u00f3n debe realizarse cada 30.000 km y quedan 9.000 km, el recordatorio se restablecer\u00e1 a 27.000 km.    <\/p>\n<h3><strong>ACTIVACI\u00d3N Y DESACTIVACI\u00d3N<\/strong><\/h3>\n<p>\u00abActivar pulsando *BC con modo *.<\/p>\n<p><strong>Modo 1:<\/strong> 1 parpadeo a la izquierda 30%<strong>.<\/strong> <\/p>\n<p><strong>Modo 2:<\/strong> 2 parpadeos a la izquierda 0 por ciento (sin velocidad)<\/p>\n<p><strong>Modo 3:<\/strong> 3 parpadeos a la izquierda 0 por ciento (velocidad, s\u00f3lo funciona sin actualizaci\u00f3n)<\/p>\n<p><strong>Modo 4:<\/strong> 1 parpadeo a la derecha 100%\u00bb.<\/p>\n<h3><strong>\u00bfQu\u00e9 es el bloqueador de kilometraje BMW 2ER F22\/F23\/F45\/F46\/F87?<\/strong><\/h3>\n<p>El bloqueador de kilometraje BMW 2ER F22\/F23\/F45\/F46\/F87 se utiliza para detener el recuento de kil\u00f3metros para comprobar el rendimiento de tu veh\u00edculo. Este m\u00f3dulo, disponible en KM Block, est\u00e1 dise\u00f1ado para funcionar eficazmente con cuentakil\u00f3metros digitales, tanto si miden en millas como en kil\u00f3metros. Funciona a la perfecci\u00f3n en varios tipos de motor, incluidos los di\u00e9sel, gasolina, veh\u00edculos el\u00e9ctricos h\u00edbridos enchufables (PHEV) y coches el\u00e9ctricos.  <\/p>\n<p><strong>Nota<\/strong>: No vendemos herramientas de correcci\u00f3n del kilometraje para el BMW 2ER F22\/F23\/F45\/F46\/F87, ya que est\u00e1n pensadas para fines fraudulentos y s\u00f3lo alteran las cifras de kilometraje. Nuestro Bloqueador de Kilometraje est\u00e1 dise\u00f1ado para ayudar en las pruebas de rendimiento en un entorno controlado. <\/p>\n<p>Para disponer de una amplia variedad de dispositivos Mileage Stopper para distintos veh\u00edculos, instala el m\u00f3dulo entre el veloc\u00edmetro y el cuadro de instrumentos, y utiliza combinaciones de teclas predeterminadas para cambiar de modo. La instalaci\u00f3n es sencilla y no requiere amplios conocimientos de mantenimiento del veh\u00edculo. <\/p>\n<\/div>\n<\/div>\n<\/div>\n<\/div>\n","protected":false},"excerpt":{"rendered":"<div class=\"flex-shrink-0 flex flex-col relative items-end\">\n<div class=\"pt-0\">\n<div class=\"gizmo-bot-avatar flex h-8 w-8 items-center justify-center overflow-hidden rounded-full\">\n<div class=\"relative p-1 rounded-sm flex items-center justify-center bg-token-main-surface-primary text-token-text-primary h-8 w-8\">\n<p>Antes de realizar el pedido , Lee atentamente lo siguiente sobre la activaci\u00f3n del m\u00f3dulo, los mensajes de error y las funciones:<\/p>\n<p><strong>COMPATIBILIDAD DEL DISPOSITIVO: <\/strong>Este Bloqueador de Kilometraje es apto para todos los modelos BMW 2ER F22\/F23\/F45\/F46\/F87 lanzados desde 2013. Indicador de velocidad y programas de asistencia: Funcionan correctamente en determinados modos. Sin mensajes de error relacionados con el Asistente de \u00e1ngulo muerto o el fallo del control de crucero. Hazlo t\u00fa mismo (DIY) con enchufes de alta calidad y cables resistentes al calor; no requiere asistencia profesional.   <\/p>\n<p class=\"p1\"><b> \u2705 Integraci\u00f3n perfecta<\/b><b><\/b><\/p>\n<p class=\"p1\">\u2705<b> F\u00e1cil instalaci\u00f3n<\/b><b><\/b><\/p>\n<p class=\"p1\">\u2705<b> Gesti\u00f3n precisa del kilometraje<\/b><b><\/b><\/p>\n<p class=\"p1\"><b> \u2705 Funcionamiento en modo oculto<\/b><b><\/b><\/p>\n<p class=\"p1\"><span class=\"s1\">\u2705<\/span><b> Soporte y actualizaciones de por vida<\/b><\/p>\n<\/div>\n<\/div>\n<\/div>\n<\/div>\n","protected":false},"featured_media":713,"comment_status":"open","ping_status":"closed","template":"","meta":[],"product_brand":[],"product_cat":[861],"product_tag":[],"class_list":{"0":"post-8414","1":"product","2":"type-product","3":"status-publish","4":"has-post-thumbnail","6":"product_cat-bmw","8":"first","9":"instock","10":"taxable","11":"shipping-taxable","12":"purchasable","13":"product-type-variable"},"yoast_head":"<!-- This site is optimized with the Yoast SEO plugin v27.5 - https:\/\/yoast.com\/product\/yoast-seo-wordpress\/ -->\n<title>BMW 2ER F22\/F23\/F45\/F46\/F87 Mileage Blocker (KM stopper) \u2192 KM Block<\/title>\n<meta name=\"description\" content=\"Buy a BMW 2ER F22\/F23\/F45\/F46\/F87 Mileage Blocker for the Best Prices \u2713 Free Shipping \u2713 Incl. Installation Guides\" \/>\n<meta name=\"robots\" content=\"index, follow, max-snippet:-1, max-image-preview:large, max-video-preview:-1\" \/>\n<meta property=\"og:locale\" content=\"es_ES\" \/>\n<meta property=\"og:type\" content=\"article\" \/>\n<meta property=\"og:title\" content=\"BMW 2ER F22\/F23\/F45\/F46\/F87 Mileage Blocker (KM stopper) \u2192 KM Block\" \/>\n<meta property=\"og:description\" content=\"Buy a BMW 2ER F22\/F23\/F45\/F46\/F87 Mileage Blocker for the Best Prices \u2713 Free Shipping \u2713 Incl. Installation Guides\" \/>\n<meta property=\"og:url\" content=\"https:\/\/kmblock.com\/es\/product\/bmw-2er-f22-f23-f45-f46-f87\/\" \/>\n<meta property=\"og:site_name\" content=\"KM Block\" \/>\n<meta property=\"article:modified_time\" content=\"2025-11-26T01:30:49+00:00\" \/>\n<meta property=\"og:image\" content=\"https:\/\/kmblock.com\/wp-content\/uploads\/2024\/09\/BMW-2ER-F22F23F45F46F87.webp\" \/>\n\t<meta property=\"og:image:width\" content=\"800\" \/>\n\t<meta property=\"og:image:height\" content=\"800\" \/>\n\t<meta property=\"og:image:type\" content=\"image\/webp\" \/>\n<meta name=\"twitter:card\" content=\"summary_large_image\" \/>\n<meta name=\"twitter:label1\" content=\"Tiempo de lectura\" \/>\n\t<meta name=\"twitter:data1\" content=\"3 minutos\" \/>\n<script type=\"application\/ld+json\" class=\"yoast-schema-graph\">{\"@context\":\"https:\\\/\\\/schema.org\",\"@graph\":[{\"@type\":\"WebPage\",\"@id\":\"https:\\\/\\\/kmblock.com\\\/es\\\/product\\\/bmw-2er-f22-f23-f45-f46-f87\\\/\",\"url\":\"https:\\\/\\\/kmblock.com\\\/es\\\/product\\\/bmw-2er-f22-f23-f45-f46-f87\\\/\",\"name\":\"BMW 2ER F22\\\/F23\\\/F45\\\/F46\\\/F87 Mileage Blocker (KM stopper) \u2192 KM Block\",\"isPartOf\":{\"@id\":\"https:\\\/\\\/kmblock.com\\\/es\\\/#website\"},\"primaryImageOfPage\":{\"@id\":\"https:\\\/\\\/kmblock.com\\\/es\\\/product\\\/bmw-2er-f22-f23-f45-f46-f87\\\/#primaryimage\"},\"image\":{\"@id\":\"https:\\\/\\\/kmblock.com\\\/es\\\/product\\\/bmw-2er-f22-f23-f45-f46-f87\\\/#primaryimage\"},\"thumbnailUrl\":\"https:\\\/\\\/kmblock.com\\\/wp-content\\\/uploads\\\/2024\\\/09\\\/BMW-2ER-F22F23F45F46F87.webp\",\"datePublished\":\"2024-09-18T18:39:14+00:00\",\"dateModified\":\"2025-11-26T01:30:49+00:00\",\"description\":\"Buy a BMW 2ER F22\\\/F23\\\/F45\\\/F46\\\/F87 Mileage Blocker for the Best Prices \u2713 Free Shipping \u2713 Incl. Installation Guides\",\"breadcrumb\":{\"@id\":\"https:\\\/\\\/kmblock.com\\\/es\\\/product\\\/bmw-2er-f22-f23-f45-f46-f87\\\/#breadcrumb\"},\"inLanguage\":\"es\",\"potentialAction\":[{\"@type\":\"ReadAction\",\"target\":[\"https:\\\/\\\/kmblock.com\\\/es\\\/product\\\/bmw-2er-f22-f23-f45-f46-f87\\\/\"]}]},{\"@type\":\"ImageObject\",\"inLanguage\":\"es\",\"@id\":\"https:\\\/\\\/kmblock.com\\\/es\\\/product\\\/bmw-2er-f22-f23-f45-f46-f87\\\/#primaryimage\",\"url\":\"https:\\\/\\\/kmblock.com\\\/wp-content\\\/uploads\\\/2024\\\/09\\\/BMW-2ER-F22F23F45F46F87.webp\",\"contentUrl\":\"https:\\\/\\\/kmblock.com\\\/wp-content\\\/uploads\\\/2024\\\/09\\\/BMW-2ER-F22F23F45F46F87.webp\",\"width\":800,\"height\":800,\"caption\":\"BMW 2ER F22\\\/F23\\\/F45\\\/F46\\\/F87\"},{\"@type\":\"BreadcrumbList\",\"@id\":\"https:\\\/\\\/kmblock.com\\\/es\\\/product\\\/bmw-2er-f22-f23-f45-f46-f87\\\/#breadcrumb\",\"itemListElement\":[{\"@type\":\"ListItem\",\"position\":1,\"name\":\"Inicio\",\"item\":\"https:\\\/\\\/kmblock.com\\\/es\\\/\"},{\"@type\":\"ListItem\",\"position\":2,\"name\":\"Productos\",\"item\":\"https:\\\/\\\/kmblock.com\\\/es\\\/shop\\\/\"},{\"@type\":\"ListItem\",\"position\":3,\"name\":\"BMW 2ER F22\\\/F23\\\/F45\\\/F46\\\/F87\"}]},{\"@type\":\"WebSite\",\"@id\":\"https:\\\/\\\/kmblock.com\\\/es\\\/#website\",\"url\":\"https:\\\/\\\/kmblock.com\\\/es\\\/\",\"name\":\"KM Block\",\"description\":\"\",\"publisher\":{\"@id\":\"https:\\\/\\\/kmblock.com\\\/es\\\/#organization\"},\"potentialAction\":[{\"@type\":\"SearchAction\",\"target\":{\"@type\":\"EntryPoint\",\"urlTemplate\":\"https:\\\/\\\/kmblock.com\\\/es\\\/?s={search_term_string}\"},\"query-input\":{\"@type\":\"PropertyValueSpecification\",\"valueRequired\":true,\"valueName\":\"search_term_string\"}}],\"inLanguage\":\"es\"},{\"@type\":\"Organization\",\"@id\":\"https:\\\/\\\/kmblock.com\\\/es\\\/#organization\",\"name\":\"Bloque KM\",\"url\":\"https:\\\/\\\/kmblock.com\\\/es\\\/\",\"logo\":{\"@type\":\"ImageObject\",\"inLanguage\":\"es\",\"@id\":\"https:\\\/\\\/kmblock.com\\\/es\\\/#\\\/schema\\\/logo\\\/image\\\/\",\"url\":\"https:\\\/\\\/kmblock.com\\\/wp-content\\\/uploads\\\/2024\\\/08\\\/main-logo.png\",\"contentUrl\":\"https:\\\/\\\/kmblock.com\\\/wp-content\\\/uploads\\\/2024\\\/08\\\/main-logo.png\",\"width\":186,\"height\":28,\"caption\":\"Bloque KM\"},\"image\":{\"@id\":\"https:\\\/\\\/kmblock.com\\\/es\\\/#\\\/schema\\\/logo\\\/image\\\/\"}}]}<\/script>\n<!-- \/ Yoast SEO plugin. -->","yoast_head_json":{"title":"BMW 2ER F22\/F23\/F45\/F46\/F87 Mileage Blocker (KM stopper) \u2192 KM Block","description":"Buy a BMW 2ER F22\/F23\/F45\/F46\/F87 Mileage Blocker for the Best Prices \u2713 Free Shipping \u2713 Incl. Installation Guides","robots":{"index":"index","follow":"follow","max-snippet":"max-snippet:-1","max-image-preview":"max-image-preview:large","max-video-preview":"max-video-preview:-1"},"og_locale":"es_ES","og_type":"article","og_title":"BMW 2ER F22\/F23\/F45\/F46\/F87 Mileage Blocker (KM stopper) \u2192 KM Block","og_description":"Buy a BMW 2ER F22\/F23\/F45\/F46\/F87 Mileage Blocker for the Best Prices \u2713 Free Shipping \u2713 Incl. Installation Guides","og_url":"https:\/\/kmblock.com\/es\/product\/bmw-2er-f22-f23-f45-f46-f87\/","og_site_name":"KM Block","article_modified_time":"2025-11-26T01:30:49+00:00","og_image":[{"width":800,"height":800,"url":"https:\/\/kmblock.com\/wp-content\/uploads\/2024\/09\/BMW-2ER-F22F23F45F46F87.webp","type":"image\/webp"}],"twitter_card":"summary_large_image","twitter_misc":{"Tiempo de lectura":"3 minutos"},"schema":{"@context":"https:\/\/schema.org","@graph":[{"@type":"WebPage","@id":"https:\/\/kmblock.com\/es\/product\/bmw-2er-f22-f23-f45-f46-f87\/","url":"https:\/\/kmblock.com\/es\/product\/bmw-2er-f22-f23-f45-f46-f87\/","name":"BMW 2ER F22\/F23\/F45\/F46\/F87 Mileage Blocker (KM stopper) \u2192 KM Block","isPartOf":{"@id":"https:\/\/kmblock.com\/es\/#website"},"primaryImageOfPage":{"@id":"https:\/\/kmblock.com\/es\/product\/bmw-2er-f22-f23-f45-f46-f87\/#primaryimage"},"image":{"@id":"https:\/\/kmblock.com\/es\/product\/bmw-2er-f22-f23-f45-f46-f87\/#primaryimage"},"thumbnailUrl":"https:\/\/kmblock.com\/wp-content\/uploads\/2024\/09\/BMW-2ER-F22F23F45F46F87.webp","datePublished":"2024-09-18T18:39:14+00:00","dateModified":"2025-11-26T01:30:49+00:00","description":"Buy a BMW 2ER F22\/F23\/F45\/F46\/F87 Mileage Blocker for the Best Prices \u2713 Free Shipping \u2713 Incl. Installation Guides","breadcrumb":{"@id":"https:\/\/kmblock.com\/es\/product\/bmw-2er-f22-f23-f45-f46-f87\/#breadcrumb"},"inLanguage":"es","potentialAction":[{"@type":"ReadAction","target":["https:\/\/kmblock.com\/es\/product\/bmw-2er-f22-f23-f45-f46-f87\/"]}]},{"@type":"ImageObject","inLanguage":"es","@id":"https:\/\/kmblock.com\/es\/product\/bmw-2er-f22-f23-f45-f46-f87\/#primaryimage","url":"https:\/\/kmblock.com\/wp-content\/uploads\/2024\/09\/BMW-2ER-F22F23F45F46F87.webp","contentUrl":"https:\/\/kmblock.com\/wp-content\/uploads\/2024\/09\/BMW-2ER-F22F23F45F46F87.webp","width":800,"height":800,"caption":"BMW 2ER F22\/F23\/F45\/F46\/F87"},{"@type":"BreadcrumbList","@id":"https:\/\/kmblock.com\/es\/product\/bmw-2er-f22-f23-f45-f46-f87\/#breadcrumb","itemListElement":[{"@type":"ListItem","position":1,"name":"Inicio","item":"https:\/\/kmblock.com\/es\/"},{"@type":"ListItem","position":2,"name":"Productos","item":"https:\/\/kmblock.com\/es\/shop\/"},{"@type":"ListItem","position":3,"name":"BMW 2ER F22\/F23\/F45\/F46\/F87"}]},{"@type":"WebSite","@id":"https:\/\/kmblock.com\/es\/#website","url":"https:\/\/kmblock.com\/es\/","name":"KM Block","description":"","publisher":{"@id":"https:\/\/kmblock.com\/es\/#organization"},"potentialAction":[{"@type":"SearchAction","target":{"@type":"EntryPoint","urlTemplate":"https:\/\/kmblock.com\/es\/?s={search_term_string}"},"query-input":{"@type":"PropertyValueSpecification","valueRequired":true,"valueName":"search_term_string"}}],"inLanguage":"es"},{"@type":"Organization","@id":"https:\/\/kmblock.com\/es\/#organization","name":"Bloque KM","url":"https:\/\/kmblock.com\/es\/","logo":{"@type":"ImageObject","inLanguage":"es","@id":"https:\/\/kmblock.com\/es\/#\/schema\/logo\/image\/","url":"https:\/\/kmblock.com\/wp-content\/uploads\/2024\/08\/main-logo.png","contentUrl":"https:\/\/kmblock.com\/wp-content\/uploads\/2024\/08\/main-logo.png","width":186,"height":28,"caption":"Bloque KM"},"image":{"@id":"https:\/\/kmblock.com\/es\/#\/schema\/logo\/image\/"}}]}},"_links":{"self":[{"href":"https:\/\/kmblock.com\/es\/wp-json\/wp\/v2\/product\/8414","targetHints":{"allow":["GET"]}}],"collection":[{"href":"https:\/\/kmblock.com\/es\/wp-json\/wp\/v2\/product"}],"about":[{"href":"https:\/\/kmblock.com\/es\/wp-json\/wp\/v2\/types\/product"}],"replies":[{"embeddable":true,"href":"https:\/\/kmblock.com\/es\/wp-json\/wp\/v2\/comments?post=8414"}],"wp:featuredmedia":[{"embeddable":true,"href":"https:\/\/kmblock.com\/es\/wp-json\/wp\/v2\/media\/713"}],"wp:attachment":[{"href":"https:\/\/kmblock.com\/es\/wp-json\/wp\/v2\/media?parent=8414"}],"wp:term":[{"taxonomy":"product_brand","embeddable":true,"href":"https:\/\/kmblock.com\/es\/wp-json\/wp\/v2\/product_brand?post=8414"},{"taxonomy":"product_cat","embeddable":true,"href":"https:\/\/kmblock.com\/es\/wp-json\/wp\/v2\/product_cat?post=8414"},{"taxonomy":"product_tag","embeddable":true,"href":"https:\/\/kmblock.com\/es\/wp-json\/wp\/v2\/product_tag?post=8414"}],"curies":[{"name":"wp","href":"https:\/\/api.w.org\/{rel}","templated":true}]}}