{"id":8251,"date":"2024-09-24T15:23:32","date_gmt":"2024-09-24T15:23:32","guid":{"rendered":"https:\/\/kmblock.com\/product\/volkswagen-caddy-2k\/"},"modified":"2024-09-24T15:23:32","modified_gmt":"2024-09-24T15:23:32","slug":"volkswagen-caddy-2k","status":"publish","type":"product","link":"https:\/\/kmblock.com\/es\/product\/volkswagen-caddy-2k\/","title":{"rendered":"Volkswagen Caddy 2K"},"content":{"rendered":"<h3><strong>Bloqueador de kilometraje para Volkswagen Caddy 2K (SA)<\/strong><\/h3>\n<p>El bloqueador de kilometraje para Volkswagen Caddy 2K (SA), tambi\u00e9n conocido como bloqueador de cuentakil\u00f3metros, bloqueador de cuentakil\u00f3metros, bloqueador CAN, bloqueador de kilometraje, cuentakil\u00f3metros parcial o filtro CAN, es un dispositivo especializado dise\u00f1ado para gestionar el registro de kilometraje durante las pruebas de rendimiento. Esta herramienta es compatible con todos los modelos Volkswagen Caddy 2K (SA) lanzados entre 2015 y 2021. <\/p>\n<h3>Especificaciones:<\/h3>\n<ul>\n<li><strong>R\u00e1pida instalaci\u00f3n DIY<\/strong>: Instalaci\u00f3n r\u00e1pida y sencilla, sin necesidad de soldar ni cortar cables.<\/li>\n<li><strong>Calidad de primera<\/strong>: Incluye enchufes de alta calidad y cables resistentes al calor para un rendimiento fiable.<\/li>\n<li><strong>Funcionamiento sin errores<\/strong>: No hay mensajes de error en el veloc\u00edmetro ni en el panel de navegaci\u00f3n.<\/li>\n<li><strong>Imposible de rastrear<\/strong>: Una vez eliminado, no deja rastro e impide que aumente el kilometraje.<\/li>\n<li><strong>Funcionamiento sencillo<\/strong>: Se maneja f\u00e1cilmente con combinaciones de teclas y tiene varios modos.<\/li>\n<li><strong>Activaci\u00f3n sobre la marcha<\/strong>: Se puede activar o desactivar en movimiento.<\/li>\n<li><strong>Diagn\u00f3stico seguro<\/strong>: Los comprobadores de diagn\u00f3stico no pueden detectar modificaciones en el kilometraje.<\/li>\n<li><strong>Ajustes permanentes<\/strong>: Una vez establecidos, los ajustes permanecen incluso despu\u00e9s de eliminarlos.<\/li>\n<li><strong>Instalaci\u00f3n sin problemas<\/strong>: La cara de acoplamiento y los rebordes del conector garantizan una instalaci\u00f3n sin problemas.<\/li>\n<li><strong>Modelo 2020 Nota<\/strong>: En los veh\u00edculos de finales de 2020, la luz de control del motor puede encenderse cuando se activa el dispositivo.<\/li>\n<\/ul>\n<h3>Activaci\u00f3n y desactivaci\u00f3n:<\/h3>\n<p><span data-sheets-root=\"1\">\u00bb Con el mando \u00abok\u00bb en el volante, mant\u00e9n pulsado hasta que parpadee el intermitente.<\/span><\/p>\n<p><strong>Modo 1<\/strong>: 1 parpadeo a la izquierda 18 por ciento (Todo funciona velocidad crucero, etc.)<\/p>\n<p><strong>Modo 2<\/strong>: 2 parpadeos a la izquierda 0 por ciento (sin velocidad, sin indicador de combustible)<\/p>\n<p><strong>Modo 3<\/strong>: 1 parpadeo a la derecha 100% (original)\u00bb.<\/p>\n<p>El Detector de kil\u00f3metros del Volkswagen Caddy guarda los \u00faltimos ajustes aplicados, por lo que no es necesario volver a configurarlo antes de cada conducci\u00f3n. Puedes activar o desactivar el m\u00f3dulo mientras conduces o est\u00e1s parado. <\/p>\n<h3>\u00bfQu\u00e9 es el Bloqueador de cuentakil\u00f3metros Volkswagen Caddy?<\/h3>\n<p>El Bloqueador de Kilometraje Volkswagen Caddy, tambi\u00e9n conocido como Bloqueador de Cuentakil\u00f3metros, est\u00e1 dise\u00f1ado para impedir que se registre el kilometraje durante las pruebas de rendimiento. Esta herramienta funciona perfectamente para veh\u00edculos que muestran el kilometraje tanto en millas como en kil\u00f3metros. En KM Block, proporcionamos m\u00f3dulos con componentes de alta calidad y software personalizado adaptado a cada modelo para una funcionalidad impecable.  <\/p>\n<p><strong>Importante<\/strong>: No vendemos herramientas de correcci\u00f3n del kilometraje, ya que suelen utilizarse con fines fraudulentos, como anular el kilometraje, lo cual es ilegal. Los veh\u00edculos modernos almacenan los datos en varias ubicaciones, por lo que las herramientas de anulaci\u00f3n son ineficaces. <\/p>\n<p>Ofrecemos dispositivos de Tope de Kilometraje para diversos tipos de veh\u00edculos, incluidos modelos di\u00e9sel, gasolina, h\u00edbridos y el\u00e9ctricos. La instalaci\u00f3n es sencilla y no requiere conocimientos avanzados de mec\u00e1nica. Basta con conectar el dispositivo entre el veloc\u00edmetro y el cuadro de instrumentos para disfrutar de sus ventajas.  <\/p>\n<p>El bloqueador de kilometraje del Volkswagen Caddy puede activarse o desactivarse en cualquier momento, tanto si el veh\u00edculo est\u00e1 parado como en movimiento, lo que lo convierte en una herramienta eficaz para quienes comprueban el rendimiento del veh\u00edculo sin acumular kilometraje innecesario.<\/p>\n","protected":false},"excerpt":{"rendered":"<div class=\"flex-shrink-0 flex flex-col relative items-end\">\n<div class=\"pt-0\">\n<div class=\"gizmo-bot-avatar flex h-8 w-8 items-center justify-center overflow-hidden rounded-full\">\n<div class=\"relative p-1 rounded-sm flex items-center justify-center bg-token-main-surface-primary text-token-text-primary h-8 w-8\">\n<p>Antes de hacer el pedido, revisa atentamente el proceso de activaci\u00f3n del m\u00f3dulo y las notas importantes sobre los posibles mensajes de error y la funcionalidad del sistema que aparecen a continuaci\u00f3n.<\/p>\n<p><strong>Para modelos comercializados entre 2015 y 2021: <\/strong>Indicador de velocidad y sistemas de asistencia desactivados: En determinados modos, el indicador de velocidad y los sistemas de asistencia no funcionar\u00e1n. Configuraci\u00f3n r\u00e1pida y sencilla sin necesidad de herramientas profesionales. El dispositivo se puede encender o apagar mientras conduces. Equipado con enchufes de alta calidad y cables resistentes al calor para un funcionamiento fiable.   <\/p>\n<p class=\"p1\"><b> \u2705 Integraci\u00f3n perfecta<\/b><b><\/b><\/p>\n<p class=\"p1\">\u2705<b> F\u00e1cil instalaci\u00f3n<\/b><b><\/b><\/p>\n<p class=\"p1\">\u2705<b> Gesti\u00f3n precisa del kilometraje<\/b><b><\/b><\/p>\n<p class=\"p1\"><b> \u2705 Funcionamiento en modo oculto<\/b><b><\/b><\/p>\n<p class=\"p1\"><span class=\"s1\">\u2705<\/span><b> Soporte y actualizaciones de por vida<\/b><\/p>\n<\/div>\n<\/div>\n<\/div>\n<\/div>\n","protected":false},"featured_media":906,"comment_status":"open","ping_status":"closed","template":"","meta":[],"product_brand":[],"product_cat":[886],"product_tag":[],"class_list":{"0":"post-8251","1":"product","2":"type-product","3":"status-publish","4":"has-post-thumbnail","6":"product_cat-volkswagen","8":"first","9":"instock","10":"taxable","11":"shipping-taxable","12":"purchasable","13":"product-type-variable"},"yoast_head":"<!-- This site is optimized with the Yoast SEO plugin v27.5 - https:\/\/yoast.com\/product\/yoast-seo-wordpress\/ -->\n<title>Volkswagen Caddy 2K Mileage Blocker (KM stopper) \u2192 KM Block<\/title>\n<meta name=\"description\" content=\"Buy a Volkswagen Caddy 2K Mileage Blocker for the Best Prices \u2713 Free Shipping \u2713 Incl. Installation Guides\" \/>\n<meta name=\"robots\" content=\"index, follow, max-snippet:-1, max-image-preview:large, max-video-preview:-1\" \/>\n<meta property=\"og:locale\" content=\"es_ES\" \/>\n<meta property=\"og:type\" content=\"article\" \/>\n<meta property=\"og:title\" content=\"Volkswagen Caddy 2K Mileage Blocker (KM stopper) \u2192 KM Block\" \/>\n<meta property=\"og:description\" content=\"Buy a Volkswagen Caddy 2K Mileage Blocker for the Best Prices \u2713 Free Shipping \u2713 Incl. Installation Guides\" \/>\n<meta property=\"og:url\" content=\"https:\/\/kmblock.com\/es\/product\/volkswagen-caddy-2k\/\" \/>\n<meta property=\"og:site_name\" content=\"KM Block\" \/>\n<meta property=\"og:image\" content=\"https:\/\/kmblock.com\/wp-content\/uploads\/2024\/09\/VW-Caddy-600x600-1.jpg\" \/>\n\t<meta property=\"og:image:width\" content=\"600\" \/>\n\t<meta property=\"og:image:height\" content=\"600\" \/>\n\t<meta property=\"og:image:type\" content=\"image\/jpeg\" \/>\n<meta name=\"twitter:card\" content=\"summary_large_image\" \/>\n<meta name=\"twitter:label1\" content=\"Tiempo de lectura\" \/>\n\t<meta name=\"twitter:data1\" content=\"3 minutos\" \/>\n<script type=\"application\/ld+json\" class=\"yoast-schema-graph\">{\"@context\":\"https:\\\/\\\/schema.org\",\"@graph\":[{\"@type\":\"WebPage\",\"@id\":\"https:\\\/\\\/kmblock.com\\\/es\\\/product\\\/volkswagen-caddy-2k\\\/\",\"url\":\"https:\\\/\\\/kmblock.com\\\/es\\\/product\\\/volkswagen-caddy-2k\\\/\",\"name\":\"Volkswagen Caddy 2K Mileage Blocker (KM stopper) \u2192 KM Block\",\"isPartOf\":{\"@id\":\"https:\\\/\\\/kmblock.com\\\/es\\\/#website\"},\"primaryImageOfPage\":{\"@id\":\"https:\\\/\\\/kmblock.com\\\/es\\\/product\\\/volkswagen-caddy-2k\\\/#primaryimage\"},\"image\":{\"@id\":\"https:\\\/\\\/kmblock.com\\\/es\\\/product\\\/volkswagen-caddy-2k\\\/#primaryimage\"},\"thumbnailUrl\":\"https:\\\/\\\/kmblock.com\\\/wp-content\\\/uploads\\\/2024\\\/09\\\/VW-Caddy-600x600-1.jpg\",\"datePublished\":\"2024-09-24T15:23:32+00:00\",\"description\":\"Buy a Volkswagen Caddy 2K Mileage Blocker for the Best Prices \u2713 Free Shipping \u2713 Incl. Installation Guides\",\"breadcrumb\":{\"@id\":\"https:\\\/\\\/kmblock.com\\\/es\\\/product\\\/volkswagen-caddy-2k\\\/#breadcrumb\"},\"inLanguage\":\"es\",\"potentialAction\":[{\"@type\":\"ReadAction\",\"target\":[\"https:\\\/\\\/kmblock.com\\\/es\\\/product\\\/volkswagen-caddy-2k\\\/\"]}]},{\"@type\":\"ImageObject\",\"inLanguage\":\"es\",\"@id\":\"https:\\\/\\\/kmblock.com\\\/es\\\/product\\\/volkswagen-caddy-2k\\\/#primaryimage\",\"url\":\"https:\\\/\\\/kmblock.com\\\/wp-content\\\/uploads\\\/2024\\\/09\\\/VW-Caddy-600x600-1.jpg\",\"contentUrl\":\"https:\\\/\\\/kmblock.com\\\/wp-content\\\/uploads\\\/2024\\\/09\\\/VW-Caddy-600x600-1.jpg\",\"width\":600,\"height\":600,\"caption\":\"VW-Caddy2K-600x600\"},{\"@type\":\"BreadcrumbList\",\"@id\":\"https:\\\/\\\/kmblock.com\\\/es\\\/product\\\/volkswagen-caddy-2k\\\/#breadcrumb\",\"itemListElement\":[{\"@type\":\"ListItem\",\"position\":1,\"name\":\"Inicio\",\"item\":\"https:\\\/\\\/kmblock.com\\\/es\\\/\"},{\"@type\":\"ListItem\",\"position\":2,\"name\":\"Productos\",\"item\":\"https:\\\/\\\/kmblock.com\\\/es\\\/shop\\\/\"},{\"@type\":\"ListItem\",\"position\":3,\"name\":\"Volkswagen Caddy 2K\"}]},{\"@type\":\"WebSite\",\"@id\":\"https:\\\/\\\/kmblock.com\\\/es\\\/#website\",\"url\":\"https:\\\/\\\/kmblock.com\\\/es\\\/\",\"name\":\"KM Block\",\"description\":\"\",\"publisher\":{\"@id\":\"https:\\\/\\\/kmblock.com\\\/es\\\/#organization\"},\"potentialAction\":[{\"@type\":\"SearchAction\",\"target\":{\"@type\":\"EntryPoint\",\"urlTemplate\":\"https:\\\/\\\/kmblock.com\\\/es\\\/?s={search_term_string}\"},\"query-input\":{\"@type\":\"PropertyValueSpecification\",\"valueRequired\":true,\"valueName\":\"search_term_string\"}}],\"inLanguage\":\"es\"},{\"@type\":\"Organization\",\"@id\":\"https:\\\/\\\/kmblock.com\\\/es\\\/#organization\",\"name\":\"Bloque KM\",\"url\":\"https:\\\/\\\/kmblock.com\\\/es\\\/\",\"logo\":{\"@type\":\"ImageObject\",\"inLanguage\":\"es\",\"@id\":\"https:\\\/\\\/kmblock.com\\\/es\\\/#\\\/schema\\\/logo\\\/image\\\/\",\"url\":\"https:\\\/\\\/kmblock.com\\\/wp-content\\\/uploads\\\/2024\\\/08\\\/main-logo.png\",\"contentUrl\":\"https:\\\/\\\/kmblock.com\\\/wp-content\\\/uploads\\\/2024\\\/08\\\/main-logo.png\",\"width\":186,\"height\":28,\"caption\":\"Bloque KM\"},\"image\":{\"@id\":\"https:\\\/\\\/kmblock.com\\\/es\\\/#\\\/schema\\\/logo\\\/image\\\/\"}}]}<\/script>\n<!-- \/ Yoast SEO plugin. -->","yoast_head_json":{"title":"Volkswagen Caddy 2K Mileage Blocker (KM stopper) \u2192 KM Block","description":"Buy a Volkswagen Caddy 2K Mileage Blocker for the Best Prices \u2713 Free Shipping \u2713 Incl. Installation Guides","robots":{"index":"index","follow":"follow","max-snippet":"max-snippet:-1","max-image-preview":"max-image-preview:large","max-video-preview":"max-video-preview:-1"},"og_locale":"es_ES","og_type":"article","og_title":"Volkswagen Caddy 2K Mileage Blocker (KM stopper) \u2192 KM Block","og_description":"Buy a Volkswagen Caddy 2K Mileage Blocker for the Best Prices \u2713 Free Shipping \u2713 Incl. Installation Guides","og_url":"https:\/\/kmblock.com\/es\/product\/volkswagen-caddy-2k\/","og_site_name":"KM Block","og_image":[{"width":600,"height":600,"url":"https:\/\/kmblock.com\/wp-content\/uploads\/2024\/09\/VW-Caddy-600x600-1.jpg","type":"image\/jpeg"}],"twitter_card":"summary_large_image","twitter_misc":{"Tiempo de lectura":"3 minutos"},"schema":{"@context":"https:\/\/schema.org","@graph":[{"@type":"WebPage","@id":"https:\/\/kmblock.com\/es\/product\/volkswagen-caddy-2k\/","url":"https:\/\/kmblock.com\/es\/product\/volkswagen-caddy-2k\/","name":"Volkswagen Caddy 2K Mileage Blocker (KM stopper) \u2192 KM Block","isPartOf":{"@id":"https:\/\/kmblock.com\/es\/#website"},"primaryImageOfPage":{"@id":"https:\/\/kmblock.com\/es\/product\/volkswagen-caddy-2k\/#primaryimage"},"image":{"@id":"https:\/\/kmblock.com\/es\/product\/volkswagen-caddy-2k\/#primaryimage"},"thumbnailUrl":"https:\/\/kmblock.com\/wp-content\/uploads\/2024\/09\/VW-Caddy-600x600-1.jpg","datePublished":"2024-09-24T15:23:32+00:00","description":"Buy a Volkswagen Caddy 2K Mileage Blocker for the Best Prices \u2713 Free Shipping \u2713 Incl. Installation Guides","breadcrumb":{"@id":"https:\/\/kmblock.com\/es\/product\/volkswagen-caddy-2k\/#breadcrumb"},"inLanguage":"es","potentialAction":[{"@type":"ReadAction","target":["https:\/\/kmblock.com\/es\/product\/volkswagen-caddy-2k\/"]}]},{"@type":"ImageObject","inLanguage":"es","@id":"https:\/\/kmblock.com\/es\/product\/volkswagen-caddy-2k\/#primaryimage","url":"https:\/\/kmblock.com\/wp-content\/uploads\/2024\/09\/VW-Caddy-600x600-1.jpg","contentUrl":"https:\/\/kmblock.com\/wp-content\/uploads\/2024\/09\/VW-Caddy-600x600-1.jpg","width":600,"height":600,"caption":"VW-Caddy2K-600x600"},{"@type":"BreadcrumbList","@id":"https:\/\/kmblock.com\/es\/product\/volkswagen-caddy-2k\/#breadcrumb","itemListElement":[{"@type":"ListItem","position":1,"name":"Inicio","item":"https:\/\/kmblock.com\/es\/"},{"@type":"ListItem","position":2,"name":"Productos","item":"https:\/\/kmblock.com\/es\/shop\/"},{"@type":"ListItem","position":3,"name":"Volkswagen Caddy 2K"}]},{"@type":"WebSite","@id":"https:\/\/kmblock.com\/es\/#website","url":"https:\/\/kmblock.com\/es\/","name":"KM Block","description":"","publisher":{"@id":"https:\/\/kmblock.com\/es\/#organization"},"potentialAction":[{"@type":"SearchAction","target":{"@type":"EntryPoint","urlTemplate":"https:\/\/kmblock.com\/es\/?s={search_term_string}"},"query-input":{"@type":"PropertyValueSpecification","valueRequired":true,"valueName":"search_term_string"}}],"inLanguage":"es"},{"@type":"Organization","@id":"https:\/\/kmblock.com\/es\/#organization","name":"Bloque KM","url":"https:\/\/kmblock.com\/es\/","logo":{"@type":"ImageObject","inLanguage":"es","@id":"https:\/\/kmblock.com\/es\/#\/schema\/logo\/image\/","url":"https:\/\/kmblock.com\/wp-content\/uploads\/2024\/08\/main-logo.png","contentUrl":"https:\/\/kmblock.com\/wp-content\/uploads\/2024\/08\/main-logo.png","width":186,"height":28,"caption":"Bloque KM"},"image":{"@id":"https:\/\/kmblock.com\/es\/#\/schema\/logo\/image\/"}}]}},"_links":{"self":[{"href":"https:\/\/kmblock.com\/es\/wp-json\/wp\/v2\/product\/8251","targetHints":{"allow":["GET"]}}],"collection":[{"href":"https:\/\/kmblock.com\/es\/wp-json\/wp\/v2\/product"}],"about":[{"href":"https:\/\/kmblock.com\/es\/wp-json\/wp\/v2\/types\/product"}],"replies":[{"embeddable":true,"href":"https:\/\/kmblock.com\/es\/wp-json\/wp\/v2\/comments?post=8251"}],"wp:featuredmedia":[{"embeddable":true,"href":"https:\/\/kmblock.com\/es\/wp-json\/wp\/v2\/media\/906"}],"wp:attachment":[{"href":"https:\/\/kmblock.com\/es\/wp-json\/wp\/v2\/media?parent=8251"}],"wp:term":[{"taxonomy":"product_brand","embeddable":true,"href":"https:\/\/kmblock.com\/es\/wp-json\/wp\/v2\/product_brand?post=8251"},{"taxonomy":"product_cat","embeddable":true,"href":"https:\/\/kmblock.com\/es\/wp-json\/wp\/v2\/product_cat?post=8251"},{"taxonomy":"product_tag","embeddable":true,"href":"https:\/\/kmblock.com\/es\/wp-json\/wp\/v2\/product_tag?post=8251"}],"curies":[{"name":"wp","href":"https:\/\/api.w.org\/{rel}","templated":true}]}}