{"id":8113,"date":"2024-09-22T13:00:18","date_gmt":"2024-09-22T13:00:18","guid":{"rendered":"https:\/\/kmblock.com\/product\/land-rover-velar\/"},"modified":"2024-09-22T13:00:18","modified_gmt":"2024-09-22T13:00:18","slug":"land-rover-velar","status":"publish","type":"product","link":"https:\/\/kmblock.com\/es\/product\/land-rover-velar\/","title":{"rendered":"Land Rover Velar"},"content":{"rendered":"<div class=\"flex max-w-full flex-col flex-grow\">\n<div class=\"min-h-[20px] text-message flex w-full flex-col items-end gap-2 whitespace-normal break-words [.text-message+&amp;]:mt-5\" dir=\"auto\" data-message-author-role=\"assistant\" data-message-id=\"486fbb14-d9b0-4abf-8aac-69dd9ef3f888\">\n<div class=\"flex w-full flex-col gap-1 empty:hidden first:pt-[3px]\">\n<div class=\"markdown prose w-full break-words dark:prose-invert dark\">\n<div class=\"flex max-w-full flex-col flex-grow\">\n<div class=\"min-h-[20px] text-message flex w-full flex-col items-end gap-2 whitespace-normal break-words [.text-message+&amp;]:mt-5\" dir=\"auto\" data-message-author-role=\"assistant\" data-message-id=\"583787e4-ced2-4497-934b-fd13934d3b5f\">\n<div class=\"flex w-full flex-col gap-1 empty:hidden first:pt-[3px]\">\n<div class=\"markdown prose w-full break-words dark:prose-invert dark\">\n<h3>BLOQUEADOR DE KILOMETRAJE PARA LAND ROVER VELAR<\/h3>\n<p>El <strong>bloqueador de cuentakil\u00f3metros del Land Rover Velar<\/strong> tambi\u00e9n se conoce como bloqueador de cuentakil\u00f3metros, bloqueador de cuentakil\u00f3metros, bloqueador de latas, bloqueador de cuentakil\u00f3metros, cuentakil\u00f3metros de viaje, filtro de latas y, ocasionalmente, como herramienta de correcci\u00f3n de cuentakil\u00f3metros.<\/p>\n<p><strong>Compatibilidad<\/strong>: Este dispositivo es adecuado para todos los modelos Land Rover Velar lanzados desde 2018.<\/p>\n<hr>\n<h3>ESPECIFICACIONES<\/h3>\n<ul>\n<li><strong>Instalaci\u00f3n DIY<\/strong>: Instalaci\u00f3n r\u00e1pida y sencilla sin ayuda profesional.<\/li>\n<li><strong>Activaci\u00f3n en movimiento<\/strong>: Se puede activar y desactivar mientras conduces.<\/li>\n<li><strong>Funcionamiento sin dejar rastro<\/strong>: No es necesario soldar ni cortar cables.<\/li>\n<li><strong>Componentes de alta calidad<\/strong>: Con enchufes de primera calidad y cables resistentes al calor.<\/li>\n<li><strong>F\u00e1cil de usar<\/strong>: Funciona con m\u00faltiples combinaciones de teclas para facilitar su uso.<\/li>\n<li><strong>Invisible para los diagn\u00f3sticos<\/strong>: Las alteraciones del kilometraje son indetectables para los comprobadores de diagn\u00f3stico.<\/li>\n<li><strong>Ajustes permanentes<\/strong>: Una vez seleccionados, los ajustes se guardan indefinidamente.<\/li>\n<li><strong>Funcionalidad del control de crucero<\/strong>: El control de crucero funciona perfectamente sin interrupciones.<\/li>\n<li><strong>Sin mensajes de error<\/strong>: El veloc\u00edmetro y el panel de navegaci\u00f3n permanecen sin errores.<\/li>\n<li><strong>Integridad<\/strong> del <strong>kilometraje<\/strong>: Tras la retirada del m\u00f3dulo, el kilometraje no aumenta inesperadamente.<\/li>\n<li><strong>Instalaci\u00f3n sin problemas<\/strong>: El dise\u00f1o del conector garantiza un proceso de instalaci\u00f3n sencillo.<\/li>\n<li><strong>Variaci\u00f3n<\/strong> del <strong>kilometraje<\/strong>: Para la alteraci\u00f3n del kilometraje total, se permite una desviaci\u00f3n de hasta el 1%, siendo los detalles del kilometraje parado aproximados.<\/li>\n<\/ul>\n<hr>\n<h3>ACTIVACI\u00d3N Y DESACTIVACI\u00d3N<\/h3>\n<p>Se enciende manteniendo pulsado el bot\u00f3n de silencio durante 7 segundos. No da se\u00f1al pero est\u00e1 encendido. <\/p>\n<p><strong>Modo Activado:<\/strong> cuenta el 0% de los kil\u00f3metros. Todo funciona correctamente. <\/p>\n<p><strong>Modo Apagado:<\/strong> cuenta el 100% del kilometraje. Todo funciona bien\u00bb. <\/p>\n<hr>\n<h3>SOBRE EL BLOQUEADOR DE CUENTAKIL\u00d3METROS LAND ROVER VELAR<\/h3>\n<p>El <strong>bloqueador de kilometraje \/ bloqueador de cuentakil\u00f3metros del Land Rover Velar<\/strong> est\u00e1 dise\u00f1ado para detener la acumulaci\u00f3n de kilometraje durante las pruebas de rendimiento. Disponible en KM Block, este m\u00f3dulo incorpora un software exclusivo adaptado a cada modelo, que garantiza un funcionamiento impecable. Funciona eficazmente tanto para millas como para kil\u00f3metros, as\u00ed como para coches di\u00e9sel, gasolina, veh\u00edculos el\u00e9ctricos h\u00edbridos enchufables (PHEV) y el\u00e9ctricos.  <\/p>\n<p><strong>Nota importante<\/strong>: No vendemos herramientas de correcci\u00f3n del kilometraje para el Land Rover Velar, ya que tienen fines enga\u00f1osos, como hacer retroceder las cifras del cuentakil\u00f3metros. Estas herramientas no pueden borrar por completo el kilometraje debido a las m\u00faltiples unidades de almacenamiento de datos de los veh\u00edculos. <\/p>\n<p>Nuestra gama de dispositivos para detener el kilometraje es variada, y su instalaci\u00f3n es sencilla: basta con conectar el m\u00f3dulo entre el puerto del veloc\u00edmetro y el cuadro de instrumentos para aprovechar todas sus ventajas.<\/p>\n<p><strong>El Bloqueador de Kilometraje del Land Rover Velar<\/strong> puede activarse o desactivarse en cualquier momento, tanto si el veh\u00edculo est\u00e1 en movimiento como parado.<\/p>\n<\/div>\n<\/div>\n<\/div>\n<\/div>\n<\/div>\n<\/div>\n<\/div>\n<\/div>\n","protected":false},"excerpt":{"rendered":"<div class=\"flex-shrink-0 flex flex-col relative items-end\">\n<div class=\"pt-0\">\n<div class=\"gizmo-bot-avatar flex h-8 w-8 items-center justify-center overflow-hidden rounded-full\">\n<div class=\"relative p-1 rounded-sm flex items-center justify-center bg-token-main-surface-primary text-token-text-primary h-8 w-8\">\n<p>Antes de hacer el pedido, lee los siguientes detalles importantes sobre la activaci\u00f3n del m\u00f3dulo, los mensajes de error y la funcionalidad.<\/p>\n<p><strong>PARA LOS MODELOS LANZADOS DESDE 2018.<\/strong>  Simple y f\u00e1cil de instalar por tu cuenta. Funciona sin dejar rastro. Se puede activar mientras conduces. El veloc\u00edmetro y todos los sistemas de asistencia funcionan a la perfecci\u00f3n. Con enchufes de primera calidad y cables resistentes al calor.    <\/p>\n<p class=\"p1\"><b> \u2705 Integraci\u00f3n perfecta<\/b><b><\/b><\/p>\n<p class=\"p1\">\u2705<b> F\u00e1cil instalaci\u00f3n<\/b><b><\/b><\/p>\n<p class=\"p1\">\u2705<b> Gesti\u00f3n precisa del kilometraje<\/b><b><\/b><\/p>\n<p class=\"p1\"><b> \u2705 Funcionamiento en modo oculto<\/b><b><\/b><\/p>\n<p class=\"p1\"><span class=\"s1\">\u2705<\/span><b> Soporte y actualizaciones de por vida<\/b><\/p>\n<\/div>\n<\/div>\n<\/div>\n<\/div>\n","protected":false},"featured_media":820,"comment_status":"open","ping_status":"closed","template":"","meta":[],"product_brand":[],"product_cat":[873],"product_tag":[],"class_list":{"0":"post-8113","1":"product","2":"type-product","3":"status-publish","4":"has-post-thumbnail","6":"product_cat-land-rover","8":"first","9":"instock","10":"taxable","11":"shipping-taxable","12":"purchasable","13":"product-type-variable"},"yoast_head":"<!-- This site is optimized with the Yoast SEO plugin v27.5 - https:\/\/yoast.com\/product\/yoast-seo-wordpress\/ -->\n<title>Land Rover Velar Mileage Blocker (KM stopper) \u2192 KM Block<\/title>\n<meta name=\"description\" content=\"Buy a Land Rover Velar Mileage Blocker for the Best Prices \u2713 Free Shipping \u2713 Incl. Installation Guides\" \/>\n<meta name=\"robots\" content=\"index, follow, max-snippet:-1, max-image-preview:large, max-video-preview:-1\" \/>\n<meta property=\"og:locale\" content=\"es_ES\" \/>\n<meta property=\"og:type\" content=\"article\" \/>\n<meta property=\"og:title\" content=\"Land Rover Velar Mileage Blocker (KM stopper) \u2192 KM Block\" \/>\n<meta property=\"og:description\" content=\"Buy a Land Rover Velar Mileage Blocker for the Best Prices \u2713 Free Shipping \u2713 Incl. Installation Guides\" \/>\n<meta property=\"og:url\" content=\"https:\/\/kmblock.com\/es\/product\/land-rover-velar\/\" \/>\n<meta property=\"og:site_name\" content=\"KM Block\" \/>\n<meta property=\"og:image\" content=\"https:\/\/kmblock.com\/wp-content\/uploads\/2024\/09\/Land-Rover-Velar.webp\" \/>\n\t<meta property=\"og:image:width\" content=\"800\" \/>\n\t<meta property=\"og:image:height\" content=\"800\" \/>\n\t<meta property=\"og:image:type\" content=\"image\/webp\" \/>\n<meta name=\"twitter:card\" content=\"summary_large_image\" \/>\n<meta name=\"twitter:label1\" content=\"Tiempo de lectura\" \/>\n\t<meta name=\"twitter:data1\" content=\"2 minutos\" \/>\n<script type=\"application\/ld+json\" class=\"yoast-schema-graph\">{\"@context\":\"https:\\\/\\\/schema.org\",\"@graph\":[{\"@type\":\"WebPage\",\"@id\":\"https:\\\/\\\/kmblock.com\\\/es\\\/product\\\/land-rover-velar\\\/\",\"url\":\"https:\\\/\\\/kmblock.com\\\/es\\\/product\\\/land-rover-velar\\\/\",\"name\":\"Land Rover Velar Mileage Blocker (KM stopper) \u2192 KM Block\",\"isPartOf\":{\"@id\":\"https:\\\/\\\/kmblock.com\\\/es\\\/#website\"},\"primaryImageOfPage\":{\"@id\":\"https:\\\/\\\/kmblock.com\\\/es\\\/product\\\/land-rover-velar\\\/#primaryimage\"},\"image\":{\"@id\":\"https:\\\/\\\/kmblock.com\\\/es\\\/product\\\/land-rover-velar\\\/#primaryimage\"},\"thumbnailUrl\":\"https:\\\/\\\/kmblock.com\\\/wp-content\\\/uploads\\\/2024\\\/09\\\/Land-Rover-Velar.webp\",\"datePublished\":\"2024-09-22T13:00:18+00:00\",\"description\":\"Buy a Land Rover Velar Mileage Blocker for the Best Prices \u2713 Free Shipping \u2713 Incl. Installation Guides\",\"breadcrumb\":{\"@id\":\"https:\\\/\\\/kmblock.com\\\/es\\\/product\\\/land-rover-velar\\\/#breadcrumb\"},\"inLanguage\":\"es\",\"potentialAction\":[{\"@type\":\"ReadAction\",\"target\":[\"https:\\\/\\\/kmblock.com\\\/es\\\/product\\\/land-rover-velar\\\/\"]}]},{\"@type\":\"ImageObject\",\"inLanguage\":\"es\",\"@id\":\"https:\\\/\\\/kmblock.com\\\/es\\\/product\\\/land-rover-velar\\\/#primaryimage\",\"url\":\"https:\\\/\\\/kmblock.com\\\/wp-content\\\/uploads\\\/2024\\\/09\\\/Land-Rover-Velar.webp\",\"contentUrl\":\"https:\\\/\\\/kmblock.com\\\/wp-content\\\/uploads\\\/2024\\\/09\\\/Land-Rover-Velar.webp\",\"width\":800,\"height\":800,\"caption\":\"Land Rover Velar\"},{\"@type\":\"BreadcrumbList\",\"@id\":\"https:\\\/\\\/kmblock.com\\\/es\\\/product\\\/land-rover-velar\\\/#breadcrumb\",\"itemListElement\":[{\"@type\":\"ListItem\",\"position\":1,\"name\":\"Inicio\",\"item\":\"https:\\\/\\\/kmblock.com\\\/es\\\/\"},{\"@type\":\"ListItem\",\"position\":2,\"name\":\"Productos\",\"item\":\"https:\\\/\\\/kmblock.com\\\/es\\\/shop\\\/\"},{\"@type\":\"ListItem\",\"position\":3,\"name\":\"Land Rover Velar\"}]},{\"@type\":\"WebSite\",\"@id\":\"https:\\\/\\\/kmblock.com\\\/es\\\/#website\",\"url\":\"https:\\\/\\\/kmblock.com\\\/es\\\/\",\"name\":\"KM Block\",\"description\":\"\",\"publisher\":{\"@id\":\"https:\\\/\\\/kmblock.com\\\/es\\\/#organization\"},\"potentialAction\":[{\"@type\":\"SearchAction\",\"target\":{\"@type\":\"EntryPoint\",\"urlTemplate\":\"https:\\\/\\\/kmblock.com\\\/es\\\/?s={search_term_string}\"},\"query-input\":{\"@type\":\"PropertyValueSpecification\",\"valueRequired\":true,\"valueName\":\"search_term_string\"}}],\"inLanguage\":\"es\"},{\"@type\":\"Organization\",\"@id\":\"https:\\\/\\\/kmblock.com\\\/es\\\/#organization\",\"name\":\"Bloque KM\",\"url\":\"https:\\\/\\\/kmblock.com\\\/es\\\/\",\"logo\":{\"@type\":\"ImageObject\",\"inLanguage\":\"es\",\"@id\":\"https:\\\/\\\/kmblock.com\\\/es\\\/#\\\/schema\\\/logo\\\/image\\\/\",\"url\":\"https:\\\/\\\/kmblock.com\\\/wp-content\\\/uploads\\\/2024\\\/08\\\/main-logo.png\",\"contentUrl\":\"https:\\\/\\\/kmblock.com\\\/wp-content\\\/uploads\\\/2024\\\/08\\\/main-logo.png\",\"width\":186,\"height\":28,\"caption\":\"Bloque KM\"},\"image\":{\"@id\":\"https:\\\/\\\/kmblock.com\\\/es\\\/#\\\/schema\\\/logo\\\/image\\\/\"}}]}<\/script>\n<!-- \/ Yoast SEO plugin. -->","yoast_head_json":{"title":"Land Rover Velar Mileage Blocker (KM stopper) \u2192 KM Block","description":"Buy a Land Rover Velar Mileage Blocker for the Best Prices \u2713 Free Shipping \u2713 Incl. Installation Guides","robots":{"index":"index","follow":"follow","max-snippet":"max-snippet:-1","max-image-preview":"max-image-preview:large","max-video-preview":"max-video-preview:-1"},"og_locale":"es_ES","og_type":"article","og_title":"Land Rover Velar Mileage Blocker (KM stopper) \u2192 KM Block","og_description":"Buy a Land Rover Velar Mileage Blocker for the Best Prices \u2713 Free Shipping \u2713 Incl. Installation Guides","og_url":"https:\/\/kmblock.com\/es\/product\/land-rover-velar\/","og_site_name":"KM Block","og_image":[{"width":800,"height":800,"url":"https:\/\/kmblock.com\/wp-content\/uploads\/2024\/09\/Land-Rover-Velar.webp","type":"image\/webp"}],"twitter_card":"summary_large_image","twitter_misc":{"Tiempo de lectura":"2 minutos"},"schema":{"@context":"https:\/\/schema.org","@graph":[{"@type":"WebPage","@id":"https:\/\/kmblock.com\/es\/product\/land-rover-velar\/","url":"https:\/\/kmblock.com\/es\/product\/land-rover-velar\/","name":"Land Rover Velar Mileage Blocker (KM stopper) \u2192 KM Block","isPartOf":{"@id":"https:\/\/kmblock.com\/es\/#website"},"primaryImageOfPage":{"@id":"https:\/\/kmblock.com\/es\/product\/land-rover-velar\/#primaryimage"},"image":{"@id":"https:\/\/kmblock.com\/es\/product\/land-rover-velar\/#primaryimage"},"thumbnailUrl":"https:\/\/kmblock.com\/wp-content\/uploads\/2024\/09\/Land-Rover-Velar.webp","datePublished":"2024-09-22T13:00:18+00:00","description":"Buy a Land Rover Velar Mileage Blocker for the Best Prices \u2713 Free Shipping \u2713 Incl. Installation Guides","breadcrumb":{"@id":"https:\/\/kmblock.com\/es\/product\/land-rover-velar\/#breadcrumb"},"inLanguage":"es","potentialAction":[{"@type":"ReadAction","target":["https:\/\/kmblock.com\/es\/product\/land-rover-velar\/"]}]},{"@type":"ImageObject","inLanguage":"es","@id":"https:\/\/kmblock.com\/es\/product\/land-rover-velar\/#primaryimage","url":"https:\/\/kmblock.com\/wp-content\/uploads\/2024\/09\/Land-Rover-Velar.webp","contentUrl":"https:\/\/kmblock.com\/wp-content\/uploads\/2024\/09\/Land-Rover-Velar.webp","width":800,"height":800,"caption":"Land Rover Velar"},{"@type":"BreadcrumbList","@id":"https:\/\/kmblock.com\/es\/product\/land-rover-velar\/#breadcrumb","itemListElement":[{"@type":"ListItem","position":1,"name":"Inicio","item":"https:\/\/kmblock.com\/es\/"},{"@type":"ListItem","position":2,"name":"Productos","item":"https:\/\/kmblock.com\/es\/shop\/"},{"@type":"ListItem","position":3,"name":"Land Rover Velar"}]},{"@type":"WebSite","@id":"https:\/\/kmblock.com\/es\/#website","url":"https:\/\/kmblock.com\/es\/","name":"KM Block","description":"","publisher":{"@id":"https:\/\/kmblock.com\/es\/#organization"},"potentialAction":[{"@type":"SearchAction","target":{"@type":"EntryPoint","urlTemplate":"https:\/\/kmblock.com\/es\/?s={search_term_string}"},"query-input":{"@type":"PropertyValueSpecification","valueRequired":true,"valueName":"search_term_string"}}],"inLanguage":"es"},{"@type":"Organization","@id":"https:\/\/kmblock.com\/es\/#organization","name":"Bloque KM","url":"https:\/\/kmblock.com\/es\/","logo":{"@type":"ImageObject","inLanguage":"es","@id":"https:\/\/kmblock.com\/es\/#\/schema\/logo\/image\/","url":"https:\/\/kmblock.com\/wp-content\/uploads\/2024\/08\/main-logo.png","contentUrl":"https:\/\/kmblock.com\/wp-content\/uploads\/2024\/08\/main-logo.png","width":186,"height":28,"caption":"Bloque KM"},"image":{"@id":"https:\/\/kmblock.com\/es\/#\/schema\/logo\/image\/"}}]}},"_links":{"self":[{"href":"https:\/\/kmblock.com\/es\/wp-json\/wp\/v2\/product\/8113","targetHints":{"allow":["GET"]}}],"collection":[{"href":"https:\/\/kmblock.com\/es\/wp-json\/wp\/v2\/product"}],"about":[{"href":"https:\/\/kmblock.com\/es\/wp-json\/wp\/v2\/types\/product"}],"replies":[{"embeddable":true,"href":"https:\/\/kmblock.com\/es\/wp-json\/wp\/v2\/comments?post=8113"}],"wp:featuredmedia":[{"embeddable":true,"href":"https:\/\/kmblock.com\/es\/wp-json\/wp\/v2\/media\/820"}],"wp:attachment":[{"href":"https:\/\/kmblock.com\/es\/wp-json\/wp\/v2\/media?parent=8113"}],"wp:term":[{"taxonomy":"product_brand","embeddable":true,"href":"https:\/\/kmblock.com\/es\/wp-json\/wp\/v2\/product_brand?post=8113"},{"taxonomy":"product_cat","embeddable":true,"href":"https:\/\/kmblock.com\/es\/wp-json\/wp\/v2\/product_cat?post=8113"},{"taxonomy":"product_tag","embeddable":true,"href":"https:\/\/kmblock.com\/es\/wp-json\/wp\/v2\/product_tag?post=8113"}],"curies":[{"name":"wp","href":"https:\/\/api.w.org\/{rel}","templated":true}]}}