{"id":8068,"date":"2024-09-18T15:10:18","date_gmt":"2024-09-18T15:10:18","guid":{"rendered":"https:\/\/kmblock.com\/product\/bentley-flying-spur-2a-generacion\/"},"modified":"2024-09-18T15:10:18","modified_gmt":"2024-09-18T15:10:18","slug":"bentley-flying-spur-2a-generacion","status":"publish","type":"product","link":"https:\/\/kmblock.com\/es\/product\/bentley-flying-spur-2a-generacion\/","title":{"rendered":"Bentley Flying Spur (2\u00aa generaci\u00f3n)"},"content":{"rendered":"<h3>Bloqueador de kilometraje para Bentley Flying Spur (2\u00aa generaci\u00f3n)<\/h3>\n<p>El bloqueador de kilometraje del Bentley Flying Spur (2\u00aa generaci\u00f3n), tambi\u00e9n conocido como bloqueador de cuentakil\u00f3metros, bloqueador de cuentakil\u00f3metros, bloqueador de latas, bloqueador de kilometraje, cuentakil\u00f3metros de viaje, filtro de latas y, ocasionalmente, como herramienta de correcci\u00f3n de kilometraje, es compatible con todos los modelos Bentley Flying Spur (2\u00aa generaci\u00f3n) lanzados desde 2019.<\/p>\n<h3>Especificaciones<\/h3>\n<ul>\n<li><strong>M\u00faltiples modos<\/strong>: Ofrece varios modos operativos para elegir.<\/li>\n<li><strong>Eliminaci\u00f3n sin dejar rastro<\/strong>: No deja rastro tras la eliminaci\u00f3n.<\/li>\n<li><strong>Kilometraje estable<\/strong>: El kilometraje no aumenta espont\u00e1neamente despu\u00e9s de retirar el m\u00f3dulo.<\/li>\n<li><strong>Ajustes persistentes<\/strong>: Los ajustes seleccionados se guardan autom\u00e1ticamente.<\/li>\n<li><strong>Funcionalidad impecable<\/strong>: El veloc\u00edmetro y los sistemas de asistencia funcionan a la perfecci\u00f3n.<\/li>\n<li><strong>Seguridad de diagn\u00f3stico<\/strong>: Los comprobadores de diagn\u00f3stico no pueden detectar las alteraciones del kilometraje realizadas por el Detector de kilometraje.<\/li>\n<li><strong>Instalaci\u00f3n \u00abhazlo t\u00fa mismo\u00bb<\/strong>: F\u00e1cil instalaci\u00f3n \u00abhazlo t\u00fa mismo\u00bb, que suele completarse en una hora.<\/li>\n<li><strong>Componentes de alta calidad<\/strong>: Viene con cables resistentes al calor.<\/li>\n<li><strong>No requiere modificaciones<\/strong>: No es necesario soldar ni cortar cables.<\/li>\n<li><strong>Funcionamiento sencillo<\/strong>: Se maneja f\u00e1cilmente con varias combinaciones de teclas.<\/li>\n<li><strong>Pantalla sin errores<\/strong>: Sin mensajes de error en el veloc\u00edmetro ni en el panel de navegaci\u00f3n.<\/li>\n<li><strong>Instalaci\u00f3n sin problemas<\/strong>: La cara de acoplamiento y los rebordes del conector garantizan una instalaci\u00f3n sencilla.<\/li>\n<\/ul>\n<h3>Nota importante<\/h3>\n<p>Si tu veh\u00edculo ha recibido recientemente una actualizaci\u00f3n del fabricante, es posible que el m\u00e9todo de activaci\u00f3n anterior ya no funcione. S\u00f3lo funcionar\u00e1n el Modo 3 (parada completa) y el Modo 4 (cuenta atr\u00e1s completa). Para activar el m\u00f3dulo, apaga completamente el veh\u00edculo cinco veces seguidas. Se proporcionar\u00e1 un PDF con detalles adicionales despu\u00e9s de la compra.   <\/p>\n<h3>Activaci\u00f3n y desactivaci\u00f3n<\/h3>\n<p>\u00bb Accionar con el bot\u00f3n \u00abok\u00bb del manillar. Mantenlo pulsado hasta que el intermitente empiece a parpadear. <\/p>\n<p><strong>Modo 1:<\/strong> 1 parpadeo izquierdo 20%<strong>.<\/strong><br \/>\n<strong>Modo 2:<\/strong> 2 parpadeos a la izquierda 10%<strong>.<\/strong><br \/>\n<strong>Modo 3:<\/strong> 3 parpadeos a la izquierda 0<br \/>\n<strong>Modo 4:<\/strong> 1 parpadeo derecho 100<\/p>\n<p>Para el modo 3: 0 por ciento tienes que activar el modo, luego apagar el coche y bloquearlo durante 2 min y despu\u00e9s arrancar y conducir\u00bb.<\/p>\n<h3>\u00bfQu\u00e9 es el Bloqueador de cuentakil\u00f3metros del Bentley Flying Spur?<\/h3>\n<p>El bloqueador de kilometraje\/bloqueador de cuentakil\u00f3metros del Bentley Flying Spur est\u00e1 dise\u00f1ado para detener el recuento de kilometraje mientras se comprueba el rendimiento del veh\u00edculo. En KM Block encontrar\u00e1s los mejores m\u00f3dulos fabricados con componentes originales. Este Bloqueador de Kilometraje funciona eficazmente en motores di\u00e9sel, gasolina, Veh\u00edculos El\u00e9ctricos H\u00edbridos Enchufables (PHEV) y coches el\u00e9ctricos. Tanto si tu cuentakil\u00f3metros digital mide en millas como en kil\u00f3metros, este dispositivo funcionar\u00e1 eficazmente.   <\/p>\n<p><strong>Nota<\/strong>: No vendemos herramientas de correcci\u00f3n del kilometraje para el Bentley Flying Spur, ya que est\u00e1n pensadas para un uso fraudulento y s\u00f3lo eliminan las lecturas del cuentakil\u00f3metros. Estas herramientas a menudo no consiguen invertir totalmente el kilometraje debido a las m\u00faltiples unidades de almacenamiento de datos de los veh\u00edculos modernos. <\/p>\n<p>Ofrecemos una amplia gama de dispositivos de detenci\u00f3n de kilometraje para diversos veh\u00edculos. El proceso de instalaci\u00f3n es consistente en todos los modelos y no requiere conocimientos avanzados de mantenimiento del veh\u00edculo. Basta con conectarlo entre el puerto del veloc\u00edmetro y el cuadro de instrumentos para disfrutar de todas las ventajas de este m\u00f3dulo \u00fanico.  <\/p>\n<p>El bloqueador de kilometraje del Bentley Flying Spur es una herramienta excepcional que te permite probar el rendimiento de tu veh\u00edculo en un entorno controlado.<\/p>\n","protected":false},"excerpt":{"rendered":"<div class=\"flex-shrink-0 flex flex-col relative items-end\">\n<div class=\"pt-0\">\n<div class=\"gizmo-bot-avatar flex h-8 w-8 items-center justify-center overflow-hidden rounded-full\">\n<div class=\"relative p-1 rounded-sm flex items-center justify-center bg-token-main-surface-primary text-token-text-primary h-8 w-8\">\n<h4>Antes de hacer tu pedido, revisa las instrucciones de activaci\u00f3n del m\u00f3dulo y las notas importantes sobre los mensajes de error y la funcionalidad que aparecen a continuaci\u00f3n.<\/h4>\n<p><strong>Adecuado para todos los modelos lanzados desde 2019.  <\/strong>Aseg\u00farate de que tu tipo de conector es de 18 o 32 patillas antes de hacer el pedido. Sencillo proceso de configuraci\u00f3n \u00abhazlo t\u00fa mismo\u00bb. Dispone de conectores de primera calidad y cables resistentes al calor. El veloc\u00edmetro y los programas de asistencia funcionan a la perfecci\u00f3n.   <\/p>\n<p class=\"p1\"><b> \u2705 Integraci\u00f3n perfecta<\/b><b><\/b><\/p>\n<p class=\"p1\">\u2705<b> F\u00e1cil instalaci\u00f3n<\/b><b><\/b><\/p>\n<p class=\"p1\">\u2705<b> Gesti\u00f3n precisa del kilometraje<\/b><b><\/b><\/p>\n<p class=\"p1\"><b> \u2705 Funcionamiento en modo oculto<\/b><b><\/b><\/p>\n<p class=\"p1\"><span class=\"s1\">\u2705<\/span><b> Soporte y actualizaciones de por vida<\/b><\/p>\n<\/div>\n<\/div>\n<\/div>\n<\/div>\n","protected":false},"featured_media":701,"comment_status":"open","ping_status":"closed","template":"","meta":[],"product_brand":[],"product_cat":[869],"product_tag":[],"class_list":{"0":"post-8068","1":"product","2":"type-product","3":"status-publish","4":"has-post-thumbnail","6":"product_cat-bentley","8":"first","9":"instock","10":"taxable","11":"shipping-taxable","12":"purchasable","13":"product-type-variable"},"yoast_head":"<!-- This site is optimized with the Yoast SEO plugin v26.8 - https:\/\/yoast.com\/product\/yoast-seo-wordpress\/ -->\n<title>Bentley Flying Spur (2\u00aa generaci\u00f3n) Mileage Blocker (KM stopper) \u2192 KM Block<\/title>\n<meta name=\"description\" content=\"Buy a Bentley Flying Spur (2\u00aa generaci\u00f3n) Mileage Blocker for the Best Prices \u2713 Free Shipping \u2713 Incl. Installation Guides\" \/>\n<meta name=\"robots\" content=\"index, follow, max-snippet:-1, max-image-preview:large, max-video-preview:-1\" \/>\n<meta property=\"og:locale\" content=\"es_ES\" \/>\n<meta property=\"og:type\" content=\"article\" \/>\n<meta property=\"og:title\" content=\"Bentley Flying Spur (2\u00aa generaci\u00f3n) Mileage Blocker (KM stopper) \u2192 KM Block\" \/>\n<meta property=\"og:description\" content=\"Buy a Bentley Flying Spur (2\u00aa generaci\u00f3n) Mileage Blocker for the Best Prices \u2713 Free Shipping \u2713 Incl. Installation Guides\" \/>\n<meta property=\"og:url\" content=\"https:\/\/kmblock.com\/es\/product\/bentley-flying-spur-2a-generacion\/\" \/>\n<meta property=\"og:site_name\" content=\"KM Block\" \/>\n<meta property=\"og:image\" content=\"https:\/\/kmblock.com\/wp-content\/uploads\/2024\/09\/Bentley-Flying-Spur-Odometer-Blocker-600x600-1.webp\" \/>\n\t<meta property=\"og:image:width\" content=\"600\" \/>\n\t<meta property=\"og:image:height\" content=\"600\" \/>\n\t<meta property=\"og:image:type\" content=\"image\/webp\" \/>\n<meta name=\"twitter:card\" content=\"summary_large_image\" \/>\n<meta name=\"twitter:label1\" content=\"Tiempo de lectura\" \/>\n\t<meta name=\"twitter:data1\" content=\"3 minutos\" \/>\n<script type=\"application\/ld+json\" class=\"yoast-schema-graph\">{\"@context\":\"https:\/\/schema.org\",\"@graph\":[{\"@type\":\"WebPage\",\"@id\":\"https:\/\/kmblock.com\/es\/product\/bentley-flying-spur-2a-generacion\/\",\"url\":\"https:\/\/kmblock.com\/es\/product\/bentley-flying-spur-2a-generacion\/\",\"name\":\"Bentley Flying Spur (2\u00aa generaci\u00f3n) Mileage Blocker (KM stopper) \u2192 KM Block\",\"isPartOf\":{\"@id\":\"https:\/\/kmblock.com\/es\/#website\"},\"primaryImageOfPage\":{\"@id\":\"https:\/\/kmblock.com\/es\/product\/bentley-flying-spur-2a-generacion\/#primaryimage\"},\"image\":{\"@id\":\"https:\/\/kmblock.com\/es\/product\/bentley-flying-spur-2a-generacion\/#primaryimage\"},\"thumbnailUrl\":\"https:\/\/kmblock.com\/wp-content\/uploads\/2024\/09\/Bentley-Flying-Spur-Odometer-Blocker-600x600-1.webp\",\"datePublished\":\"2024-09-18T15:10:18+00:00\",\"description\":\"Buy a Bentley Flying Spur (2\u00aa generaci\u00f3n) Mileage Blocker for the Best Prices \u2713 Free Shipping \u2713 Incl. Installation Guides\",\"breadcrumb\":{\"@id\":\"https:\/\/kmblock.com\/es\/product\/bentley-flying-spur-2a-generacion\/#breadcrumb\"},\"inLanguage\":\"es\",\"potentialAction\":[{\"@type\":\"ReadAction\",\"target\":[\"https:\/\/kmblock.com\/es\/product\/bentley-flying-spur-2a-generacion\/\"]}]},{\"@type\":\"ImageObject\",\"inLanguage\":\"es\",\"@id\":\"https:\/\/kmblock.com\/es\/product\/bentley-flying-spur-2a-generacion\/#primaryimage\",\"url\":\"https:\/\/kmblock.com\/wp-content\/uploads\/2024\/09\/Bentley-Flying-Spur-Odometer-Blocker-600x600-1.webp\",\"contentUrl\":\"https:\/\/kmblock.com\/wp-content\/uploads\/2024\/09\/Bentley-Flying-Spur-Odometer-Blocker-600x600-1.webp\",\"width\":600,\"height\":600,\"caption\":\"Bentley-Flying-Spur\"},{\"@type\":\"BreadcrumbList\",\"@id\":\"https:\/\/kmblock.com\/es\/product\/bentley-flying-spur-2a-generacion\/#breadcrumb\",\"itemListElement\":[{\"@type\":\"ListItem\",\"position\":1,\"name\":\"Inicio\",\"item\":\"https:\/\/kmblock.com\/es\/\"},{\"@type\":\"ListItem\",\"position\":2,\"name\":\"Productos\",\"item\":\"https:\/\/kmblock.com\/es\/shop\/\"},{\"@type\":\"ListItem\",\"position\":3,\"name\":\"Bentley Flying Spur (2\u00aa generaci\u00f3n)\"}]},{\"@type\":\"WebSite\",\"@id\":\"https:\/\/kmblock.com\/es\/#website\",\"url\":\"https:\/\/kmblock.com\/es\/\",\"name\":\"KM Block\",\"description\":\"\",\"publisher\":{\"@id\":\"https:\/\/kmblock.com\/es\/#organization\"},\"potentialAction\":[{\"@type\":\"SearchAction\",\"target\":{\"@type\":\"EntryPoint\",\"urlTemplate\":\"https:\/\/kmblock.com\/es\/?s={search_term_string}\"},\"query-input\":{\"@type\":\"PropertyValueSpecification\",\"valueRequired\":true,\"valueName\":\"search_term_string\"}}],\"inLanguage\":\"es\"},{\"@type\":\"Organization\",\"@id\":\"https:\/\/kmblock.com\/es\/#organization\",\"name\":\"Bloque KM\",\"url\":\"https:\/\/kmblock.com\/es\/\",\"logo\":{\"@type\":\"ImageObject\",\"inLanguage\":\"es\",\"@id\":\"https:\/\/kmblock.com\/es\/#\/schema\/logo\/image\/\",\"url\":\"https:\/\/kmblock.com\/wp-content\/uploads\/2024\/08\/main-logo.png\",\"contentUrl\":\"https:\/\/kmblock.com\/wp-content\/uploads\/2024\/08\/main-logo.png\",\"width\":186,\"height\":28,\"caption\":\"Bloque KM\"},\"image\":{\"@id\":\"https:\/\/kmblock.com\/es\/#\/schema\/logo\/image\/\"}}]}<\/script>\n<!-- \/ Yoast SEO plugin. -->","yoast_head_json":{"title":"Bentley Flying Spur (2\u00aa generaci\u00f3n) Mileage Blocker (KM stopper) \u2192 KM Block","description":"Buy a Bentley Flying Spur (2\u00aa generaci\u00f3n) Mileage Blocker for the Best Prices \u2713 Free Shipping \u2713 Incl. Installation Guides","robots":{"index":"index","follow":"follow","max-snippet":"max-snippet:-1","max-image-preview":"max-image-preview:large","max-video-preview":"max-video-preview:-1"},"og_locale":"es_ES","og_type":"article","og_title":"Bentley Flying Spur (2\u00aa generaci\u00f3n) Mileage Blocker (KM stopper) \u2192 KM Block","og_description":"Buy a Bentley Flying Spur (2\u00aa generaci\u00f3n) Mileage Blocker for the Best Prices \u2713 Free Shipping \u2713 Incl. Installation Guides","og_url":"https:\/\/kmblock.com\/es\/product\/bentley-flying-spur-2a-generacion\/","og_site_name":"KM Block","og_image":[{"width":600,"height":600,"url":"https:\/\/kmblock.com\/wp-content\/uploads\/2024\/09\/Bentley-Flying-Spur-Odometer-Blocker-600x600-1.webp","type":"image\/webp"}],"twitter_card":"summary_large_image","twitter_misc":{"Tiempo de lectura":"3 minutos"},"schema":{"@context":"https:\/\/schema.org","@graph":[{"@type":"WebPage","@id":"https:\/\/kmblock.com\/es\/product\/bentley-flying-spur-2a-generacion\/","url":"https:\/\/kmblock.com\/es\/product\/bentley-flying-spur-2a-generacion\/","name":"Bentley Flying Spur (2\u00aa generaci\u00f3n) Mileage Blocker (KM stopper) \u2192 KM Block","isPartOf":{"@id":"https:\/\/kmblock.com\/es\/#website"},"primaryImageOfPage":{"@id":"https:\/\/kmblock.com\/es\/product\/bentley-flying-spur-2a-generacion\/#primaryimage"},"image":{"@id":"https:\/\/kmblock.com\/es\/product\/bentley-flying-spur-2a-generacion\/#primaryimage"},"thumbnailUrl":"https:\/\/kmblock.com\/wp-content\/uploads\/2024\/09\/Bentley-Flying-Spur-Odometer-Blocker-600x600-1.webp","datePublished":"2024-09-18T15:10:18+00:00","description":"Buy a Bentley Flying Spur (2\u00aa generaci\u00f3n) Mileage Blocker for the Best Prices \u2713 Free Shipping \u2713 Incl. Installation Guides","breadcrumb":{"@id":"https:\/\/kmblock.com\/es\/product\/bentley-flying-spur-2a-generacion\/#breadcrumb"},"inLanguage":"es","potentialAction":[{"@type":"ReadAction","target":["https:\/\/kmblock.com\/es\/product\/bentley-flying-spur-2a-generacion\/"]}]},{"@type":"ImageObject","inLanguage":"es","@id":"https:\/\/kmblock.com\/es\/product\/bentley-flying-spur-2a-generacion\/#primaryimage","url":"https:\/\/kmblock.com\/wp-content\/uploads\/2024\/09\/Bentley-Flying-Spur-Odometer-Blocker-600x600-1.webp","contentUrl":"https:\/\/kmblock.com\/wp-content\/uploads\/2024\/09\/Bentley-Flying-Spur-Odometer-Blocker-600x600-1.webp","width":600,"height":600,"caption":"Bentley-Flying-Spur"},{"@type":"BreadcrumbList","@id":"https:\/\/kmblock.com\/es\/product\/bentley-flying-spur-2a-generacion\/#breadcrumb","itemListElement":[{"@type":"ListItem","position":1,"name":"Inicio","item":"https:\/\/kmblock.com\/es\/"},{"@type":"ListItem","position":2,"name":"Productos","item":"https:\/\/kmblock.com\/es\/shop\/"},{"@type":"ListItem","position":3,"name":"Bentley Flying Spur (2\u00aa generaci\u00f3n)"}]},{"@type":"WebSite","@id":"https:\/\/kmblock.com\/es\/#website","url":"https:\/\/kmblock.com\/es\/","name":"KM Block","description":"","publisher":{"@id":"https:\/\/kmblock.com\/es\/#organization"},"potentialAction":[{"@type":"SearchAction","target":{"@type":"EntryPoint","urlTemplate":"https:\/\/kmblock.com\/es\/?s={search_term_string}"},"query-input":{"@type":"PropertyValueSpecification","valueRequired":true,"valueName":"search_term_string"}}],"inLanguage":"es"},{"@type":"Organization","@id":"https:\/\/kmblock.com\/es\/#organization","name":"Bloque KM","url":"https:\/\/kmblock.com\/es\/","logo":{"@type":"ImageObject","inLanguage":"es","@id":"https:\/\/kmblock.com\/es\/#\/schema\/logo\/image\/","url":"https:\/\/kmblock.com\/wp-content\/uploads\/2024\/08\/main-logo.png","contentUrl":"https:\/\/kmblock.com\/wp-content\/uploads\/2024\/08\/main-logo.png","width":186,"height":28,"caption":"Bloque KM"},"image":{"@id":"https:\/\/kmblock.com\/es\/#\/schema\/logo\/image\/"}}]}},"_links":{"self":[{"href":"https:\/\/kmblock.com\/es\/wp-json\/wp\/v2\/product\/8068","targetHints":{"allow":["GET"]}}],"collection":[{"href":"https:\/\/kmblock.com\/es\/wp-json\/wp\/v2\/product"}],"about":[{"href":"https:\/\/kmblock.com\/es\/wp-json\/wp\/v2\/types\/product"}],"replies":[{"embeddable":true,"href":"https:\/\/kmblock.com\/es\/wp-json\/wp\/v2\/comments?post=8068"}],"wp:featuredmedia":[{"embeddable":true,"href":"https:\/\/kmblock.com\/es\/wp-json\/wp\/v2\/media\/701"}],"wp:attachment":[{"href":"https:\/\/kmblock.com\/es\/wp-json\/wp\/v2\/media?parent=8068"}],"wp:term":[{"taxonomy":"product_brand","embeddable":true,"href":"https:\/\/kmblock.com\/es\/wp-json\/wp\/v2\/product_brand?post=8068"},{"taxonomy":"product_cat","embeddable":true,"href":"https:\/\/kmblock.com\/es\/wp-json\/wp\/v2\/product_cat?post=8068"},{"taxonomy":"product_tag","embeddable":true,"href":"https:\/\/kmblock.com\/es\/wp-json\/wp\/v2\/product_tag?post=8068"}],"curies":[{"name":"wp","href":"https:\/\/api.w.org\/{rel}","templated":true}]}}