{"id":8058,"date":"2024-09-18T14:52:13","date_gmt":"2024-09-18T14:52:13","guid":{"rendered":"https:\/\/kmblock.com\/product\/audi-r8-4s\/"},"modified":"2024-09-18T14:52:13","modified_gmt":"2024-09-18T14:52:13","slug":"audi-r8-4s","status":"publish","type":"product","link":"https:\/\/kmblock.com\/es\/product\/audi-r8-4s\/","title":{"rendered":"Audi R8 4S"},"content":{"rendered":"<h3>Bloqueador de kilometraje para Audi R8 &#8211; 4S<\/h3>\n<p>El bloqueador de cuentakil\u00f3metros Audi R8 &#8211; 4S, tambi\u00e9n conocido como bloqueador de cuentakil\u00f3metros, bloqueador de cuentakil\u00f3metros, bloqueador de latas, bloqueador de cuentakil\u00f3metros, cuentakil\u00f3metros parcial, filtro de latas o herramienta de correcci\u00f3n de cuentakil\u00f3metros, es compatible con todos los modelos Audi R8 4S lanzados desde 2015.<\/p>\n<h3>Especificaciones<\/h3>\n<ul>\n<li><strong>M\u00faltiples modos<\/strong>: Elige entre varios modos de funcionamiento.<\/li>\n<li><strong>F\u00e1cil instalaci\u00f3n DIY<\/strong>: Dise\u00f1ado para una instalaci\u00f3n sencilla.<\/li>\n<li><strong>Instalaci\u00f3n sin problemas<\/strong>: Dise\u00f1o enchufable con rebordes para facilitar la conexi\u00f3n.<\/li>\n<li><strong>F\u00e1cil de usar<\/strong>: Se activa mediante sencillas combinaciones de teclas.<\/li>\n<li><strong>Eliminaci\u00f3n sin dejar rastro<\/strong>: No es necesario soldar ni cortar, no deja rastro.<\/li>\n<li><strong>Sin mensajes de error<\/strong>: Funciona sin activar alertas en el veloc\u00edmetro o en el panel de navegaci\u00f3n.<\/li>\n<li><strong>Activaci\u00f3n sobre la marcha<\/strong>: Se puede activar o desactivar mientras conduces.<\/li>\n<li><strong>Calidad de primera<\/strong>: Incluye enchufes de alta calidad y cables resistentes al calor.<\/li>\n<li><strong>Configuraci\u00f3n persistente<\/strong>: Tus ajustes seleccionados se guardan autom\u00e1ticamente.<\/li>\n<li><strong>Kilometraje estable<\/strong>: Despu\u00e9s de desconectar el m\u00f3dulo, el kilometraje no aumentar\u00e1 inesperadamente.<\/li>\n<li><strong>Veloc\u00edmetro funcional<\/strong>: Funciona perfectamente con el veloc\u00edmetro y los sistemas de asistencia en funci\u00f3n del modo elegido.<\/li>\n<li><strong>Luz de control del motor<\/strong>: La activaci\u00f3n puede activar la luz de control del motor en los veh\u00edculos a partir de finales de 2020.<\/li>\n<\/ul>\n<h3>Activaci\u00f3n y desactivaci\u00f3n<\/h3>\n<p>\u00bb Accionar con el bot\u00f3n \u00abok\u00bb del manillar. Mantenlo pulsado hasta que el intermitente empiece a parpadear. <\/p>\n<p><strong>Modo 1:<\/strong> 1 parpadeo izquierdo 20%<strong>.<\/strong><br \/>\n<strong>Modo 2:<\/strong> 2 parpadeos a la izquierda 10%<strong>.<\/strong><br \/>\n<strong>Modo 3:<\/strong> 3 parpadeos a la izquierda 0<br \/>\n<strong>Modo 4:<\/strong> 1 parpadeo derecho 100<\/p>\n<p>Para el modo 3: 0 por ciento tienes que activar el modo, luego apagar el coche y bloquearlo durante 2 min y despu\u00e9s arrancar y conducir\u00bb.<\/p>\n<h3>\u00bfQu\u00e9 es el Bloqueador de cuentakil\u00f3metros Audi R8 Modelo 4S?<\/h3>\n<p>El Bloqueador de Kilometraje Audi R8 Modelo 4S te permite detener el kilometraje mientras compruebas el rendimiento del veh\u00edculo. Ofrecemos una gama de dispositivos para detener el kilometraje adaptados a varios veh\u00edculos. En KM Block encontrar\u00e1s m\u00f3dulos de alta calidad fabricados con componentes originales. Tanto si el cuentakil\u00f3metros digital de tu veh\u00edculo mide el kilometraje en millas como en kil\u00f3metros, este dispositivo funciona eficazmente.   <\/p>\n<p><strong>Nota<\/strong>: No ofrecemos herramientas de Correcci\u00f3n del Kilometraje para el Audi R8 Modelo 4S, ya que est\u00e1n dise\u00f1adas con fines poco \u00e9ticos, como alterar las lecturas del cuentakil\u00f3metros. Estas herramientas a menudo no consiguen revertir completamente el kilometraje debido a las m\u00faltiples unidades de almacenamiento de datos de los veh\u00edculos. <\/p>\n<p>La instalaci\u00f3n es sencilla en todos los modelos y no requiere conocimientos especializados del veh\u00edculo. Basta con conectarlo entre el puerto del veloc\u00edmetro y el cuadro de instrumentos para disfrutar de las ventajas de este innovador m\u00f3dulo. El Bloqueador de Kilometraje funciona perfectamente con motores di\u00e9sel, de gasolina, veh\u00edculos el\u00e9ctricos h\u00edbridos enchufables (PHEV) y coches el\u00e9ctricos.  <\/p>\n<p>El Bloqueador de Kilometraje Audi R8 Modelo 4S puede activarse o desactivarse en cualquier momento, tanto si el veh\u00edculo est\u00e1 en movimiento como parado.<\/p>\n","protected":false},"excerpt":{"rendered":"<div class=\"flex-shrink-0 flex flex-col relative items-end\">\n<div class=\"pt-0\">\n<div class=\"gizmo-bot-avatar flex h-8 w-8 items-center justify-center overflow-hidden rounded-full\">\n<div class=\"relative p-1 rounded-sm flex items-center justify-center bg-token-main-surface-primary text-token-text-primary h-8 w-8\">\n<p>Antes de hacer tu pedido, revisa las instrucciones de activaci\u00f3n del m\u00f3dulo y las notas importantes sobre los mensajes de error y la funcionalidad que aparecen a continuaci\u00f3n.<\/p>\n<p><strong>Compatibilidad: <\/strong>Este dispositivo es adecuado para todos los modelos Audi R8 4S lanzados desde 2015.<\/p>\n<p>Aseg\u00farate de que tu tipo de conector es de 18 o 32 patillas antes de hacer el pedido. Sencillo proceso de configuraci\u00f3n \u00abhazlo t\u00fa mismo\u00bb. Dispone de conectores de primera calidad y cables resistentes al calor. El veloc\u00edmetro y los programas de asistencia funcionan a la perfecci\u00f3n.   <\/p>\n<p class=\"p1\"><b> \u2705 Integraci\u00f3n perfecta<\/b><b><\/b><\/p>\n<p class=\"p1\">\u2705<b> F\u00e1cil instalaci\u00f3n<\/b><b><\/b><\/p>\n<p class=\"p1\">\u2705<b> Gesti\u00f3n precisa del kilometraje<\/b><b><\/b><\/p>\n<p class=\"p1\"><b> \u2705 Funcionamiento en modo oculto<\/b><b><\/b><\/p>\n<p class=\"p1\"><span class=\"s1\">\u2705<\/span><b> Soporte y actualizaciones de por vida<\/b><\/p>\n<\/div>\n<\/div>\n<\/div>\n<\/div>\n","protected":false},"featured_media":693,"comment_status":"open","ping_status":"closed","template":"","meta":[],"product_brand":[],"product_cat":[853],"product_tag":[],"class_list":{"0":"post-8058","1":"product","2":"type-product","3":"status-publish","4":"has-post-thumbnail","6":"product_cat-audi","8":"first","9":"instock","10":"taxable","11":"shipping-taxable","12":"purchasable","13":"product-type-variable"},"yoast_head":"<!-- This site is optimized with the Yoast SEO plugin v27.5 - https:\/\/yoast.com\/product\/yoast-seo-wordpress\/ -->\n<title>Audi R8 4S Mileage Blocker (KM stopper) \u2192 KM Block<\/title>\n<meta name=\"description\" content=\"Buy a Audi R8 4S Mileage Blocker for the Best Prices \u2713 Free Shipping \u2713 Incl. Installation Guides\" \/>\n<meta name=\"robots\" content=\"index, follow, max-snippet:-1, max-image-preview:large, max-video-preview:-1\" \/>\n<meta property=\"og:locale\" content=\"es_ES\" \/>\n<meta property=\"og:type\" content=\"article\" \/>\n<meta property=\"og:title\" content=\"Audi R8 4S Mileage Blocker (KM stopper) \u2192 KM Block\" \/>\n<meta property=\"og:description\" content=\"Buy a Audi R8 4S Mileage Blocker for the Best Prices \u2713 Free Shipping \u2713 Incl. Installation Guides\" \/>\n<meta property=\"og:url\" content=\"https:\/\/kmblock.com\/es\/product\/audi-r8-4s\/\" \/>\n<meta property=\"og:site_name\" content=\"KM Block\" \/>\n<meta property=\"og:image\" content=\"https:\/\/kmblock.com\/wp-content\/uploads\/2024\/09\/Audi-R8-Model-4S-600x600-1.jpg\" \/>\n\t<meta property=\"og:image:width\" content=\"600\" \/>\n\t<meta property=\"og:image:height\" content=\"600\" \/>\n\t<meta property=\"og:image:type\" content=\"image\/jpeg\" \/>\n<meta name=\"twitter:card\" content=\"summary_large_image\" \/>\n<meta name=\"twitter:label1\" content=\"Tiempo de lectura\" \/>\n\t<meta name=\"twitter:data1\" content=\"3 minutos\" \/>\n<script type=\"application\/ld+json\" class=\"yoast-schema-graph\">{\"@context\":\"https:\\\/\\\/schema.org\",\"@graph\":[{\"@type\":\"WebPage\",\"@id\":\"https:\\\/\\\/kmblock.com\\\/es\\\/product\\\/audi-r8-4s\\\/\",\"url\":\"https:\\\/\\\/kmblock.com\\\/es\\\/product\\\/audi-r8-4s\\\/\",\"name\":\"Audi R8 4S Mileage Blocker (KM stopper) \u2192 KM Block\",\"isPartOf\":{\"@id\":\"https:\\\/\\\/kmblock.com\\\/es\\\/#website\"},\"primaryImageOfPage\":{\"@id\":\"https:\\\/\\\/kmblock.com\\\/es\\\/product\\\/audi-r8-4s\\\/#primaryimage\"},\"image\":{\"@id\":\"https:\\\/\\\/kmblock.com\\\/es\\\/product\\\/audi-r8-4s\\\/#primaryimage\"},\"thumbnailUrl\":\"https:\\\/\\\/kmblock.com\\\/wp-content\\\/uploads\\\/2024\\\/09\\\/Audi-R8-Model-4S-600x600-1.jpg\",\"datePublished\":\"2024-09-18T14:52:13+00:00\",\"description\":\"Buy a Audi R8 4S Mileage Blocker for the Best Prices \u2713 Free Shipping \u2713 Incl. Installation Guides\",\"breadcrumb\":{\"@id\":\"https:\\\/\\\/kmblock.com\\\/es\\\/product\\\/audi-r8-4s\\\/#breadcrumb\"},\"inLanguage\":\"es\",\"potentialAction\":[{\"@type\":\"ReadAction\",\"target\":[\"https:\\\/\\\/kmblock.com\\\/es\\\/product\\\/audi-r8-4s\\\/\"]}]},{\"@type\":\"ImageObject\",\"inLanguage\":\"es\",\"@id\":\"https:\\\/\\\/kmblock.com\\\/es\\\/product\\\/audi-r8-4s\\\/#primaryimage\",\"url\":\"https:\\\/\\\/kmblock.com\\\/wp-content\\\/uploads\\\/2024\\\/09\\\/Audi-R8-Model-4S-600x600-1.jpg\",\"contentUrl\":\"https:\\\/\\\/kmblock.com\\\/wp-content\\\/uploads\\\/2024\\\/09\\\/Audi-R8-Model-4S-600x600-1.jpg\",\"width\":600,\"height\":600,\"caption\":\"Audi-R8-Model-4S-600x600\"},{\"@type\":\"BreadcrumbList\",\"@id\":\"https:\\\/\\\/kmblock.com\\\/es\\\/product\\\/audi-r8-4s\\\/#breadcrumb\",\"itemListElement\":[{\"@type\":\"ListItem\",\"position\":1,\"name\":\"Inicio\",\"item\":\"https:\\\/\\\/kmblock.com\\\/es\\\/\"},{\"@type\":\"ListItem\",\"position\":2,\"name\":\"Productos\",\"item\":\"https:\\\/\\\/kmblock.com\\\/es\\\/shop\\\/\"},{\"@type\":\"ListItem\",\"position\":3,\"name\":\"Audi R8 4S\"}]},{\"@type\":\"WebSite\",\"@id\":\"https:\\\/\\\/kmblock.com\\\/es\\\/#website\",\"url\":\"https:\\\/\\\/kmblock.com\\\/es\\\/\",\"name\":\"KM Block\",\"description\":\"\",\"publisher\":{\"@id\":\"https:\\\/\\\/kmblock.com\\\/es\\\/#organization\"},\"potentialAction\":[{\"@type\":\"SearchAction\",\"target\":{\"@type\":\"EntryPoint\",\"urlTemplate\":\"https:\\\/\\\/kmblock.com\\\/es\\\/?s={search_term_string}\"},\"query-input\":{\"@type\":\"PropertyValueSpecification\",\"valueRequired\":true,\"valueName\":\"search_term_string\"}}],\"inLanguage\":\"es\"},{\"@type\":\"Organization\",\"@id\":\"https:\\\/\\\/kmblock.com\\\/es\\\/#organization\",\"name\":\"Bloque KM\",\"url\":\"https:\\\/\\\/kmblock.com\\\/es\\\/\",\"logo\":{\"@type\":\"ImageObject\",\"inLanguage\":\"es\",\"@id\":\"https:\\\/\\\/kmblock.com\\\/es\\\/#\\\/schema\\\/logo\\\/image\\\/\",\"url\":\"https:\\\/\\\/kmblock.com\\\/wp-content\\\/uploads\\\/2024\\\/08\\\/main-logo.png\",\"contentUrl\":\"https:\\\/\\\/kmblock.com\\\/wp-content\\\/uploads\\\/2024\\\/08\\\/main-logo.png\",\"width\":186,\"height\":28,\"caption\":\"Bloque KM\"},\"image\":{\"@id\":\"https:\\\/\\\/kmblock.com\\\/es\\\/#\\\/schema\\\/logo\\\/image\\\/\"}}]}<\/script>\n<!-- \/ Yoast SEO plugin. -->","yoast_head_json":{"title":"Audi R8 4S Mileage Blocker (KM stopper) \u2192 KM Block","description":"Buy a Audi R8 4S Mileage Blocker for the Best Prices \u2713 Free Shipping \u2713 Incl. Installation Guides","robots":{"index":"index","follow":"follow","max-snippet":"max-snippet:-1","max-image-preview":"max-image-preview:large","max-video-preview":"max-video-preview:-1"},"og_locale":"es_ES","og_type":"article","og_title":"Audi R8 4S Mileage Blocker (KM stopper) \u2192 KM Block","og_description":"Buy a Audi R8 4S Mileage Blocker for the Best Prices \u2713 Free Shipping \u2713 Incl. Installation Guides","og_url":"https:\/\/kmblock.com\/es\/product\/audi-r8-4s\/","og_site_name":"KM Block","og_image":[{"width":600,"height":600,"url":"https:\/\/kmblock.com\/wp-content\/uploads\/2024\/09\/Audi-R8-Model-4S-600x600-1.jpg","type":"image\/jpeg"}],"twitter_card":"summary_large_image","twitter_misc":{"Tiempo de lectura":"3 minutos"},"schema":{"@context":"https:\/\/schema.org","@graph":[{"@type":"WebPage","@id":"https:\/\/kmblock.com\/es\/product\/audi-r8-4s\/","url":"https:\/\/kmblock.com\/es\/product\/audi-r8-4s\/","name":"Audi R8 4S Mileage Blocker (KM stopper) \u2192 KM Block","isPartOf":{"@id":"https:\/\/kmblock.com\/es\/#website"},"primaryImageOfPage":{"@id":"https:\/\/kmblock.com\/es\/product\/audi-r8-4s\/#primaryimage"},"image":{"@id":"https:\/\/kmblock.com\/es\/product\/audi-r8-4s\/#primaryimage"},"thumbnailUrl":"https:\/\/kmblock.com\/wp-content\/uploads\/2024\/09\/Audi-R8-Model-4S-600x600-1.jpg","datePublished":"2024-09-18T14:52:13+00:00","description":"Buy a Audi R8 4S Mileage Blocker for the Best Prices \u2713 Free Shipping \u2713 Incl. Installation Guides","breadcrumb":{"@id":"https:\/\/kmblock.com\/es\/product\/audi-r8-4s\/#breadcrumb"},"inLanguage":"es","potentialAction":[{"@type":"ReadAction","target":["https:\/\/kmblock.com\/es\/product\/audi-r8-4s\/"]}]},{"@type":"ImageObject","inLanguage":"es","@id":"https:\/\/kmblock.com\/es\/product\/audi-r8-4s\/#primaryimage","url":"https:\/\/kmblock.com\/wp-content\/uploads\/2024\/09\/Audi-R8-Model-4S-600x600-1.jpg","contentUrl":"https:\/\/kmblock.com\/wp-content\/uploads\/2024\/09\/Audi-R8-Model-4S-600x600-1.jpg","width":600,"height":600,"caption":"Audi-R8-Model-4S-600x600"},{"@type":"BreadcrumbList","@id":"https:\/\/kmblock.com\/es\/product\/audi-r8-4s\/#breadcrumb","itemListElement":[{"@type":"ListItem","position":1,"name":"Inicio","item":"https:\/\/kmblock.com\/es\/"},{"@type":"ListItem","position":2,"name":"Productos","item":"https:\/\/kmblock.com\/es\/shop\/"},{"@type":"ListItem","position":3,"name":"Audi R8 4S"}]},{"@type":"WebSite","@id":"https:\/\/kmblock.com\/es\/#website","url":"https:\/\/kmblock.com\/es\/","name":"KM Block","description":"","publisher":{"@id":"https:\/\/kmblock.com\/es\/#organization"},"potentialAction":[{"@type":"SearchAction","target":{"@type":"EntryPoint","urlTemplate":"https:\/\/kmblock.com\/es\/?s={search_term_string}"},"query-input":{"@type":"PropertyValueSpecification","valueRequired":true,"valueName":"search_term_string"}}],"inLanguage":"es"},{"@type":"Organization","@id":"https:\/\/kmblock.com\/es\/#organization","name":"Bloque KM","url":"https:\/\/kmblock.com\/es\/","logo":{"@type":"ImageObject","inLanguage":"es","@id":"https:\/\/kmblock.com\/es\/#\/schema\/logo\/image\/","url":"https:\/\/kmblock.com\/wp-content\/uploads\/2024\/08\/main-logo.png","contentUrl":"https:\/\/kmblock.com\/wp-content\/uploads\/2024\/08\/main-logo.png","width":186,"height":28,"caption":"Bloque KM"},"image":{"@id":"https:\/\/kmblock.com\/es\/#\/schema\/logo\/image\/"}}]}},"_links":{"self":[{"href":"https:\/\/kmblock.com\/es\/wp-json\/wp\/v2\/product\/8058","targetHints":{"allow":["GET"]}}],"collection":[{"href":"https:\/\/kmblock.com\/es\/wp-json\/wp\/v2\/product"}],"about":[{"href":"https:\/\/kmblock.com\/es\/wp-json\/wp\/v2\/types\/product"}],"replies":[{"embeddable":true,"href":"https:\/\/kmblock.com\/es\/wp-json\/wp\/v2\/comments?post=8058"}],"wp:featuredmedia":[{"embeddable":true,"href":"https:\/\/kmblock.com\/es\/wp-json\/wp\/v2\/media\/693"}],"wp:attachment":[{"href":"https:\/\/kmblock.com\/es\/wp-json\/wp\/v2\/media?parent=8058"}],"wp:term":[{"taxonomy":"product_brand","embeddable":true,"href":"https:\/\/kmblock.com\/es\/wp-json\/wp\/v2\/product_brand?post=8058"},{"taxonomy":"product_cat","embeddable":true,"href":"https:\/\/kmblock.com\/es\/wp-json\/wp\/v2\/product_cat?post=8058"},{"taxonomy":"product_tag","embeddable":true,"href":"https:\/\/kmblock.com\/es\/wp-json\/wp\/v2\/product_tag?post=8058"}],"curies":[{"name":"wp","href":"https:\/\/api.w.org\/{rel}","templated":true}]}}