{"id":8043,"date":"2024-09-21T16:59:05","date_gmt":"2024-09-21T16:59:05","guid":{"rendered":"https:\/\/kmblock.com\/product\/jaguar-xf-x260\/"},"modified":"2025-11-26T01:28:16","modified_gmt":"2025-11-26T01:28:16","slug":"jaguar-xf-x260","status":"publish","type":"product","link":"https:\/\/kmblock.com\/es\/product\/jaguar-xf-x260\/","title":{"rendered":"Jaguar XF (X260)"},"content":{"rendered":"<div class=\"flex max-w-full flex-col flex-grow\">\n<div class=\"min-h-[20px] text-message flex w-full flex-col items-end gap-2 whitespace-normal break-words [.text-message+&amp;]:mt-5\" dir=\"auto\" data-message-author-role=\"assistant\" data-message-id=\"486fbb14-d9b0-4abf-8aac-69dd9ef3f888\">\n<div class=\"flex w-full flex-col gap-1 empty:hidden first:pt-[3px]\">\n<div class=\"markdown prose w-full break-words dark:prose-invert dark\">\n<div class=\"flex max-w-full flex-col flex-grow\">\n<div class=\"min-h-[20px] text-message flex w-full flex-col items-end gap-2 whitespace-normal break-words [.text-message+&amp;]:mt-5\" dir=\"auto\" data-message-author-role=\"assistant\" data-message-id=\"583787e4-ced2-4497-934b-fd13934d3b5f\">\n<div class=\"flex w-full flex-col gap-1 empty:hidden first:pt-[3px]\">\n<div class=\"markdown prose w-full break-words dark:prose-invert dark\">\n<h3>BLOQUEADOR DE KILOMETRAJE PARA JAGUAR XF (X260)<\/h3>\n<p>El <strong>bloqueador de cuentakil\u00f3metros del Jaguar<\/strong> XF (X260), tambi\u00e9n conocido como bloqueador de cuentakil\u00f3metros, bloqueador de cuentakil\u00f3metros, bloqueador de latas, bloqueador de cuentakil\u00f3metros, cuentakil\u00f3metros parcial o filtro de latas, est\u00e1 dise\u00f1ado para todos los modelos Jaguar XF (X260) comercializados desde 2017.<\/p>\n<h4>Especificaciones<\/h4>\n<ul>\n<li><strong>Instalaci\u00f3n \u00abhazlo t\u00fa mismo\u00bb (DIY):<\/strong> F\u00e1cil instalaci\u00f3n sin herramientas especiales.<\/li>\n<li><strong>Activaci\u00f3n sobre la marcha:<\/strong> Se puede encender y apagar mientras conduces.<\/li>\n<li><strong>Rendimiento imposible de rastrear:<\/strong> No deja rastro; no es necesario soldar ni cortar cables.<\/li>\n<li><strong>Componentes de calidad:<\/strong> Fabricado con enchufes de primera calidad y cables resistentes al calor.<\/li>\n<li><strong>F\u00e1cil de usar:<\/strong> Funciona con varias combinaciones de teclas para facilitar el acceso.<\/li>\n<li><strong>Control espont\u00e1neo del kilometraje:<\/strong> Despu\u00e9s de retirarlo, el kilometraje no aumentar\u00e1 inesperadamente.<\/li>\n<li><strong>Funcionalidad discreta:<\/strong> Los comprobadores de diagn\u00f3stico no pueden detectar los cambios realizados por el Bloqueador de Kilometraje.<\/li>\n<li><strong>Ajustes permanentes:<\/strong> Una vez seleccionados, los ajustes se guardan sin necesidad de reconfigurarlos.<\/li>\n<li><strong>Compatibilidad total del sistema:<\/strong> El veloc\u00edmetro y los sistemas de asistencia funcionan a la perfecci\u00f3n, sin mensajes de error.<\/li>\n<li><strong>Instalaci\u00f3n fiable:<\/strong> La cara de acoplamiento y los rebordes del conector garantizan una instalaci\u00f3n sin problemas.<\/li>\n<li><strong>Desviaci\u00f3n del kilometraje:<\/strong> Para una alteraci\u00f3n completa del kilometraje, se permite una desviaci\u00f3n de hasta el 1% de la distancia recorrida; el kilometraje real detenido puede variar ligeramente.<\/li>\n<\/ul>\n<h4>Activaci\u00f3n y desactivaci\u00f3n<\/h4>\n<p>Se enciende manteniendo pulsado el bot\u00f3n de silencio durante 7 segundos. No da se\u00f1al pero est\u00e1 encendido. <\/p>\n<p><strong>Modo Activado:<\/strong> cuenta el 0% de los kil\u00f3metros. Todo funciona correctamente. <\/p>\n<p><strong>Modo Apagado:<\/strong> cuenta el 100% del kilometraje. Todo funciona bien\u00bb. <\/p>\n<h3>\u00bfQu\u00e9 es el bloqueador de cuentakil\u00f3metros del Jaguar XF X260?<\/h3>\n<p>El bloqueador de kilometraje \/ bloqueador de cuentakil\u00f3metros del Jaguar XF est\u00e1 dise\u00f1ado para detener el kilometraje mientras se comprueba el rendimiento del veh\u00edculo. Funciona eficazmente en motores di\u00e9sel, de gasolina, veh\u00edculos el\u00e9ctricos h\u00edbridos enchufables (PHEV) y coches el\u00e9ctricos. La herramienta se adapta a cada modelo para garantizar un rendimiento impecable, tanto si se mide el kilometraje en millas como en kil\u00f3metros (km).  <\/p>\n<p>Ten en cuenta que no vendemos herramientas de correcci\u00f3n del kilometraje para el Jaguar XF, ya que est\u00e1n destinadas a pr\u00e1cticas enga\u00f1osas, principalmente para rebobinar o hacer retroceder las cifras del kilometraje. Dichas herramientas a menudo no consiguen invertir completamente el kilometraje debido a las m\u00faltiples unidades de almacenamiento de datos de los coches. <\/p>\n<p>Ofrecemos una gama de dispositivos de Tope de Kilometraje compatibles con varios veh\u00edculos. La instalaci\u00f3n es sencilla y no requiere grandes conocimientos de automoci\u00f3n: basta con conectarlo entre el puerto del veloc\u00edmetro y el cuadro de instrumentos para disfrutar de sus ventajas. <\/p>\n<p><strong>El Bloqueador de Kilometraje del Jaguar XF<\/strong> puede activarse o desactivarse en cualquier momento, tanto si el veh\u00edculo est\u00e1 en movimiento como parado.<\/p>\n<\/div>\n<\/div>\n<\/div>\n<\/div>\n<\/div>\n<\/div>\n<\/div>\n<\/div>\n","protected":false},"excerpt":{"rendered":"<div class=\"flex-shrink-0 flex flex-col relative items-end\">\n<div class=\"pt-0\">\n<div class=\"gizmo-bot-avatar flex h-8 w-8 items-center justify-center overflow-hidden rounded-full\">\n<div class=\"relative p-1 rounded-sm flex items-center justify-center bg-token-main-surface-primary text-token-text-primary h-8 w-8\">\n<p>Antes de hacer el pedido, lee los siguientes detalles importantes sobre la activaci\u00f3n del m\u00f3dulo, los mensajes de error y la funcionalidad.<\/p>\n<p><strong>Este dispositivo es adecuado para todos los modelos Jaguar XF (X260) lanzados desde 2017<\/strong>. Dise\u00f1ado para que lo instales t\u00fa mismo (DIY). Funcionamiento imposible de rastrear; no es necesario soldar ni cortar cables. Se puede activar en movimiento. Con enchufes de primera calidad y cables resistentes al calor.: El veloc\u00edmetro y los programas de asistencia funcionan a la perfecci\u00f3n. Disponible para las versiones Facelift y Pre-Facelift.<\/p>\n<p class=\"p1\"><b> \u2705 Integraci\u00f3n perfecta<\/b><b><\/b><\/p>\n<p class=\"p1\">\u2705<b> F\u00e1cil instalaci\u00f3n<\/b><b><\/b><\/p>\n<p class=\"p1\">\u2705<b> Gesti\u00f3n precisa del kilometraje<\/b><b><\/b><\/p>\n<p class=\"p1\"><b> \u2705 Funcionamiento en modo oculto<\/b><b><\/b><\/p>\n<p class=\"p1\"><span class=\"s1\">\u2705<\/span><b> Soporte y actualizaciones de por vida<\/b><\/p>\n<\/div>\n<\/div>\n<\/div>\n<\/div>\n","protected":false},"featured_media":788,"comment_status":"open","ping_status":"closed","template":"","meta":[],"product_brand":[],"product_cat":[866],"product_tag":[],"class_list":{"0":"post-8043","1":"product","2":"type-product","3":"status-publish","4":"has-post-thumbnail","6":"product_cat-jaguar","8":"first","9":"instock","10":"taxable","11":"shipping-taxable","12":"purchasable","13":"product-type-variable"},"yoast_head":"<!-- This site is optimized with the Yoast SEO plugin v27.5 - https:\/\/yoast.com\/product\/yoast-seo-wordpress\/ -->\n<title>Jaguar XF (X260) Mileage Blocker (KM stopper) \u2192 KM Block<\/title>\n<meta name=\"description\" content=\"Buy a Jaguar XF (X260) Mileage Blocker for the Best Prices \u2713 Free Shipping \u2713 Incl. Installation Guides\" \/>\n<meta name=\"robots\" content=\"index, follow, max-snippet:-1, max-image-preview:large, max-video-preview:-1\" \/>\n<meta property=\"og:locale\" content=\"es_ES\" \/>\n<meta property=\"og:type\" content=\"article\" \/>\n<meta property=\"og:title\" content=\"Jaguar XF (X260) Mileage Blocker (KM stopper) \u2192 KM Block\" \/>\n<meta property=\"og:description\" content=\"Buy a Jaguar XF (X260) Mileage Blocker for the Best Prices \u2713 Free Shipping \u2713 Incl. Installation Guides\" \/>\n<meta property=\"og:url\" content=\"https:\/\/kmblock.com\/es\/product\/jaguar-xf-x260\/\" \/>\n<meta property=\"og:site_name\" content=\"KM Block\" \/>\n<meta property=\"article:modified_time\" content=\"2025-11-26T01:28:16+00:00\" \/>\n<meta property=\"og:image\" content=\"https:\/\/kmblock.com\/wp-content\/uploads\/2024\/09\/Jaguar-XF-X260.jpg\" \/>\n\t<meta property=\"og:image:width\" content=\"800\" \/>\n\t<meta property=\"og:image:height\" content=\"800\" \/>\n\t<meta property=\"og:image:type\" content=\"image\/jpeg\" \/>\n<meta name=\"twitter:card\" content=\"summary_large_image\" \/>\n<meta name=\"twitter:label1\" content=\"Tiempo de lectura\" \/>\n\t<meta name=\"twitter:data1\" content=\"2 minutos\" \/>\n<script type=\"application\/ld+json\" class=\"yoast-schema-graph\">{\"@context\":\"https:\\\/\\\/schema.org\",\"@graph\":[{\"@type\":\"WebPage\",\"@id\":\"https:\\\/\\\/kmblock.com\\\/es\\\/product\\\/jaguar-xf-x260\\\/\",\"url\":\"https:\\\/\\\/kmblock.com\\\/es\\\/product\\\/jaguar-xf-x260\\\/\",\"name\":\"Jaguar XF (X260) Mileage Blocker (KM stopper) \u2192 KM Block\",\"isPartOf\":{\"@id\":\"https:\\\/\\\/kmblock.com\\\/es\\\/#website\"},\"primaryImageOfPage\":{\"@id\":\"https:\\\/\\\/kmblock.com\\\/es\\\/product\\\/jaguar-xf-x260\\\/#primaryimage\"},\"image\":{\"@id\":\"https:\\\/\\\/kmblock.com\\\/es\\\/product\\\/jaguar-xf-x260\\\/#primaryimage\"},\"thumbnailUrl\":\"https:\\\/\\\/kmblock.com\\\/wp-content\\\/uploads\\\/2024\\\/09\\\/Jaguar-XF-X260.jpg\",\"datePublished\":\"2024-09-21T16:59:05+00:00\",\"dateModified\":\"2025-11-26T01:28:16+00:00\",\"description\":\"Buy a Jaguar XF (X260) Mileage Blocker for the Best Prices \u2713 Free Shipping \u2713 Incl. Installation Guides\",\"breadcrumb\":{\"@id\":\"https:\\\/\\\/kmblock.com\\\/es\\\/product\\\/jaguar-xf-x260\\\/#breadcrumb\"},\"inLanguage\":\"es\",\"potentialAction\":[{\"@type\":\"ReadAction\",\"target\":[\"https:\\\/\\\/kmblock.com\\\/es\\\/product\\\/jaguar-xf-x260\\\/\"]}]},{\"@type\":\"ImageObject\",\"inLanguage\":\"es\",\"@id\":\"https:\\\/\\\/kmblock.com\\\/es\\\/product\\\/jaguar-xf-x260\\\/#primaryimage\",\"url\":\"https:\\\/\\\/kmblock.com\\\/wp-content\\\/uploads\\\/2024\\\/09\\\/Jaguar-XF-X260.jpg\",\"contentUrl\":\"https:\\\/\\\/kmblock.com\\\/wp-content\\\/uploads\\\/2024\\\/09\\\/Jaguar-XF-X260.jpg\",\"width\":800,\"height\":800,\"caption\":\"Jaguar XF (X260)\"},{\"@type\":\"BreadcrumbList\",\"@id\":\"https:\\\/\\\/kmblock.com\\\/es\\\/product\\\/jaguar-xf-x260\\\/#breadcrumb\",\"itemListElement\":[{\"@type\":\"ListItem\",\"position\":1,\"name\":\"Inicio\",\"item\":\"https:\\\/\\\/kmblock.com\\\/es\\\/\"},{\"@type\":\"ListItem\",\"position\":2,\"name\":\"Productos\",\"item\":\"https:\\\/\\\/kmblock.com\\\/es\\\/shop\\\/\"},{\"@type\":\"ListItem\",\"position\":3,\"name\":\"Jaguar XF (X260)\"}]},{\"@type\":\"WebSite\",\"@id\":\"https:\\\/\\\/kmblock.com\\\/es\\\/#website\",\"url\":\"https:\\\/\\\/kmblock.com\\\/es\\\/\",\"name\":\"KM Block\",\"description\":\"\",\"publisher\":{\"@id\":\"https:\\\/\\\/kmblock.com\\\/es\\\/#organization\"},\"potentialAction\":[{\"@type\":\"SearchAction\",\"target\":{\"@type\":\"EntryPoint\",\"urlTemplate\":\"https:\\\/\\\/kmblock.com\\\/es\\\/?s={search_term_string}\"},\"query-input\":{\"@type\":\"PropertyValueSpecification\",\"valueRequired\":true,\"valueName\":\"search_term_string\"}}],\"inLanguage\":\"es\"},{\"@type\":\"Organization\",\"@id\":\"https:\\\/\\\/kmblock.com\\\/es\\\/#organization\",\"name\":\"Bloque KM\",\"url\":\"https:\\\/\\\/kmblock.com\\\/es\\\/\",\"logo\":{\"@type\":\"ImageObject\",\"inLanguage\":\"es\",\"@id\":\"https:\\\/\\\/kmblock.com\\\/es\\\/#\\\/schema\\\/logo\\\/image\\\/\",\"url\":\"https:\\\/\\\/kmblock.com\\\/wp-content\\\/uploads\\\/2024\\\/08\\\/main-logo.png\",\"contentUrl\":\"https:\\\/\\\/kmblock.com\\\/wp-content\\\/uploads\\\/2024\\\/08\\\/main-logo.png\",\"width\":186,\"height\":28,\"caption\":\"Bloque KM\"},\"image\":{\"@id\":\"https:\\\/\\\/kmblock.com\\\/es\\\/#\\\/schema\\\/logo\\\/image\\\/\"}}]}<\/script>\n<!-- \/ Yoast SEO plugin. -->","yoast_head_json":{"title":"Jaguar XF (X260) Mileage Blocker (KM stopper) \u2192 KM Block","description":"Buy a Jaguar XF (X260) Mileage Blocker for the Best Prices \u2713 Free Shipping \u2713 Incl. Installation Guides","robots":{"index":"index","follow":"follow","max-snippet":"max-snippet:-1","max-image-preview":"max-image-preview:large","max-video-preview":"max-video-preview:-1"},"og_locale":"es_ES","og_type":"article","og_title":"Jaguar XF (X260) Mileage Blocker (KM stopper) \u2192 KM Block","og_description":"Buy a Jaguar XF (X260) Mileage Blocker for the Best Prices \u2713 Free Shipping \u2713 Incl. Installation Guides","og_url":"https:\/\/kmblock.com\/es\/product\/jaguar-xf-x260\/","og_site_name":"KM Block","article_modified_time":"2025-11-26T01:28:16+00:00","og_image":[{"width":800,"height":800,"url":"https:\/\/kmblock.com\/wp-content\/uploads\/2024\/09\/Jaguar-XF-X260.jpg","type":"image\/jpeg"}],"twitter_card":"summary_large_image","twitter_misc":{"Tiempo de lectura":"2 minutos"},"schema":{"@context":"https:\/\/schema.org","@graph":[{"@type":"WebPage","@id":"https:\/\/kmblock.com\/es\/product\/jaguar-xf-x260\/","url":"https:\/\/kmblock.com\/es\/product\/jaguar-xf-x260\/","name":"Jaguar XF (X260) Mileage Blocker (KM stopper) \u2192 KM Block","isPartOf":{"@id":"https:\/\/kmblock.com\/es\/#website"},"primaryImageOfPage":{"@id":"https:\/\/kmblock.com\/es\/product\/jaguar-xf-x260\/#primaryimage"},"image":{"@id":"https:\/\/kmblock.com\/es\/product\/jaguar-xf-x260\/#primaryimage"},"thumbnailUrl":"https:\/\/kmblock.com\/wp-content\/uploads\/2024\/09\/Jaguar-XF-X260.jpg","datePublished":"2024-09-21T16:59:05+00:00","dateModified":"2025-11-26T01:28:16+00:00","description":"Buy a Jaguar XF (X260) Mileage Blocker for the Best Prices \u2713 Free Shipping \u2713 Incl. Installation Guides","breadcrumb":{"@id":"https:\/\/kmblock.com\/es\/product\/jaguar-xf-x260\/#breadcrumb"},"inLanguage":"es","potentialAction":[{"@type":"ReadAction","target":["https:\/\/kmblock.com\/es\/product\/jaguar-xf-x260\/"]}]},{"@type":"ImageObject","inLanguage":"es","@id":"https:\/\/kmblock.com\/es\/product\/jaguar-xf-x260\/#primaryimage","url":"https:\/\/kmblock.com\/wp-content\/uploads\/2024\/09\/Jaguar-XF-X260.jpg","contentUrl":"https:\/\/kmblock.com\/wp-content\/uploads\/2024\/09\/Jaguar-XF-X260.jpg","width":800,"height":800,"caption":"Jaguar XF (X260)"},{"@type":"BreadcrumbList","@id":"https:\/\/kmblock.com\/es\/product\/jaguar-xf-x260\/#breadcrumb","itemListElement":[{"@type":"ListItem","position":1,"name":"Inicio","item":"https:\/\/kmblock.com\/es\/"},{"@type":"ListItem","position":2,"name":"Productos","item":"https:\/\/kmblock.com\/es\/shop\/"},{"@type":"ListItem","position":3,"name":"Jaguar XF (X260)"}]},{"@type":"WebSite","@id":"https:\/\/kmblock.com\/es\/#website","url":"https:\/\/kmblock.com\/es\/","name":"KM Block","description":"","publisher":{"@id":"https:\/\/kmblock.com\/es\/#organization"},"potentialAction":[{"@type":"SearchAction","target":{"@type":"EntryPoint","urlTemplate":"https:\/\/kmblock.com\/es\/?s={search_term_string}"},"query-input":{"@type":"PropertyValueSpecification","valueRequired":true,"valueName":"search_term_string"}}],"inLanguage":"es"},{"@type":"Organization","@id":"https:\/\/kmblock.com\/es\/#organization","name":"Bloque KM","url":"https:\/\/kmblock.com\/es\/","logo":{"@type":"ImageObject","inLanguage":"es","@id":"https:\/\/kmblock.com\/es\/#\/schema\/logo\/image\/","url":"https:\/\/kmblock.com\/wp-content\/uploads\/2024\/08\/main-logo.png","contentUrl":"https:\/\/kmblock.com\/wp-content\/uploads\/2024\/08\/main-logo.png","width":186,"height":28,"caption":"Bloque KM"},"image":{"@id":"https:\/\/kmblock.com\/es\/#\/schema\/logo\/image\/"}}]}},"_links":{"self":[{"href":"https:\/\/kmblock.com\/es\/wp-json\/wp\/v2\/product\/8043","targetHints":{"allow":["GET"]}}],"collection":[{"href":"https:\/\/kmblock.com\/es\/wp-json\/wp\/v2\/product"}],"about":[{"href":"https:\/\/kmblock.com\/es\/wp-json\/wp\/v2\/types\/product"}],"replies":[{"embeddable":true,"href":"https:\/\/kmblock.com\/es\/wp-json\/wp\/v2\/comments?post=8043"}],"wp:featuredmedia":[{"embeddable":true,"href":"https:\/\/kmblock.com\/es\/wp-json\/wp\/v2\/media\/788"}],"wp:attachment":[{"href":"https:\/\/kmblock.com\/es\/wp-json\/wp\/v2\/media?parent=8043"}],"wp:term":[{"taxonomy":"product_brand","embeddable":true,"href":"https:\/\/kmblock.com\/es\/wp-json\/wp\/v2\/product_brand?post=8043"},{"taxonomy":"product_cat","embeddable":true,"href":"https:\/\/kmblock.com\/es\/wp-json\/wp\/v2\/product_cat?post=8043"},{"taxonomy":"product_tag","embeddable":true,"href":"https:\/\/kmblock.com\/es\/wp-json\/wp\/v2\/product_tag?post=8043"}],"curies":[{"name":"wp","href":"https:\/\/api.w.org\/{rel}","templated":true}]}}