{"id":7995,"date":"2024-09-19T01:45:26","date_gmt":"2024-09-19T01:45:26","guid":{"rendered":"https:\/\/kmblock.com\/product\/bmw-7er-f01-f02\/"},"modified":"2024-09-19T01:45:26","modified_gmt":"2024-09-19T01:45:26","slug":"bmw-7er-f01-f02","status":"publish","type":"product","link":"https:\/\/kmblock.com\/es\/product\/bmw-7er-f01-f02\/","title":{"rendered":"BMW 7ER F01\/F02"},"content":{"rendered":"<div class=\"flex max-w-full flex-col flex-grow\">\n<div class=\"min-h-[20px] text-message flex w-full flex-col items-end gap-2 whitespace-normal break-words [.text-message+&amp;]:mt-5\" dir=\"auto\" data-message-author-role=\"assistant\" data-message-id=\"486fbb14-d9b0-4abf-8aac-69dd9ef3f888\">\n<div class=\"flex w-full flex-col gap-1 empty:hidden first:pt-[3px]\">\n<div class=\"markdown prose w-full break-words dark:prose-invert dark\">\n<h3><strong>BLOQUEADOR DE KILOMETRAJE PARA BMW 7ER F01\/F02<\/strong><\/h3>\n<p><strong>Descripci\u00f3n:<\/strong> El bloqueador de cuentakil\u00f3metros BMW 7ER F01\/F02, tambi\u00e9n conocido como bloqueador de cuentakil\u00f3metros, bloqueador de cuentakil\u00f3metros, bloqueador de latas, bloqueador de cuentakil\u00f3metros, cuentakil\u00f3metros parcial, filtro de latas o herramienta de correcci\u00f3n de cuentakil\u00f3metros, est\u00e1 dise\u00f1ado para todos los modelos BMW 7ER F01\/F02 lanzados entre 2008 y 2015.<\/p>\n<h3><strong>Especificaciones:<\/strong><\/h3>\n<ul>\n<li><strong>Instalaci\u00f3n DIY:<\/strong> No necesitas ayuda profesional.<\/li>\n<li><strong>Componentes de alta calidad:<\/strong> Incluye enchufes de primera calidad y cables resistentes al calor.<\/li>\n<li><strong>No es necesario cortar:<\/strong> No es necesario soldar ni cortar los cables.<\/li>\n<li><strong>Funcionamiento sencillo:<\/strong> Funciona f\u00e1cilmente con varias combinaciones de teclas.<\/li>\n<li><strong>Pantalla sin errores:<\/strong> Sin mensajes de error en el veloc\u00edmetro ni en el panel de navegaci\u00f3n.<\/li>\n<li><strong>M\u00faltiples modos:<\/strong> Ofrece varios modos de funcionamiento.<\/li>\n<li><strong>No es necesario acceder a la ECU:<\/strong> No es necesario abrir las ECUs.<\/li>\n<li><strong>Ajustes estables:<\/strong> Los ajustes se guardan incondicionalmente tras la selecci\u00f3n.<\/li>\n<li><strong>Compatibilidad:<\/strong> El indicador de velocidad y los sistemas de asistencia funcionan en modos espec\u00edficos.<\/li>\n<li><strong>Ajuste autom\u00e1tico de servicio:<\/strong> Incluye ajuste autom\u00e1tico de servicio.<\/li>\n<li><strong>Precisi\u00f3n del kilometraje:<\/strong> Permite hasta un 1% de desviaci\u00f3n en el kilometraje; las aproximaciones pueden variar ligeramente.<\/li>\n<\/ul>\n<h3><strong>Ajuste del servicio:<\/strong><\/h3>\n<ul>\n<li><strong>Parada de kilometraje:<\/strong> Detiene el recuento de kilometraje en todas las memorias del veh\u00edculo.<\/li>\n<li><strong>Cuenta atr\u00e1s de servicio:<\/strong> Contin\u00faa contando el tiempo de servicio pero no registra el kilometraje hasta que queda un 30% del intervalo. Si el intervalo de servicio se retrasa del 30% al 90%, puede que no se registre el reinicio. <\/li>\n<li><strong>Intervalos de mantenimiento:<\/strong> Normalmente, las revisiones deben realizarse cada 30.000 km para el diesel y cada 15.000 km para la gasolina. La herramienta ajusta la cuenta atr\u00e1s de las revisiones en consecuencia. <\/li>\n<\/ul>\n<h3><strong>Activaci\u00f3n y desactivaci\u00f3n:<\/strong><\/h3>\n<p>\u00abActivar pulsando *BC con modo *.<br \/>\n<strong>Modo 1:<\/strong> 1 parpadeo a la izquierda 30%<strong>.<\/strong> <\/p>\n<p><strong>Modo 2:<\/strong> 2 parpadeos a la izquierda 0 por ciento (sin velocidad)<\/p>\n<p><strong>Modo 3:<\/strong> 3 parpadeos a la izquierda 0 por ciento ( velocidad, s\u00f3lo funciona sin actualizaci\u00f3n)<\/p>\n<p><strong>Modo 4:<\/strong> 1 parpadeo a la derecha 100%\u00bb.<\/p>\n<h3><strong>Funcionalidad:<\/strong><\/h3>\n<ul>\n<li>El dispositivo mantiene autom\u00e1ticamente los \u00faltimos ajustes aplicados, por lo que no es necesario volver a configurarlo antes de arrancar el coche.<\/li>\n<li>Se puede activar o desactivar en movimiento (para algunos veh\u00edculos) o parado.<\/li>\n<\/ul>\n<p><strong>Prop\u00f3sito:<\/strong> El Bloqueador de Kilometraje BMW 7ER F01\/F02 ayuda a gestionar el kilometraje mientras comprueba el rendimiento del veh\u00edculo. Nuestros m\u00f3dulos est\u00e1n fabricados con componentes originales y software personalizado para cada modelo, para garantizar un funcionamiento impecable. La herramienta es compatible con veh\u00edculos di\u00e9sel, gasolina, PHEV y el\u00e9ctricos, y es f\u00e1cil de instalar sin necesidad de amplios conocimientos sobre veh\u00edculos.  <\/p>\n<p><strong>Nota importante:<\/strong> No vendemos herramientas de correcci\u00f3n del kilometraje dise\u00f1adas con fines enga\u00f1osos, como hacer retroceder las lecturas del cuentakil\u00f3metros. Los veh\u00edculos modernos tienen m\u00faltiples unidades de almacenamiento de datos, y estas herramientas no pueden invertir completamente el kilometraje. <\/p>\n<p>Explora nuestra gama de dispositivos para detener el kilometraje, cada uno dise\u00f1ado para las necesidades espec\u00edficas de un veh\u00edculo.<\/p>\n<\/div>\n<\/div>\n<\/div>\n<\/div>\n","protected":false},"excerpt":{"rendered":"<div class=\"flex-shrink-0 flex flex-col relative items-end\">\n<div class=\"pt-0\">\n<div class=\"gizmo-bot-avatar flex h-8 w-8 items-center justify-center overflow-hidden rounded-full\">\n<div class=\"relative p-1 rounded-sm flex items-center justify-center bg-token-main-surface-primary text-token-text-primary h-8 w-8\">\n<p>Antes de hacer el pedido, lee atentamente la activaci\u00f3n del m\u00f3dulo y las notas importantes sobre los mensajes de error y las funciones que aparecen a continuaci\u00f3n.<\/p>\n<p><strong>Compatibilidad: <\/strong><strong>Modelos:<\/strong> Apto para todos los modelos BMW 7ER F01\/F02 lanzados entre 2008 y 2015. Funci\u00f3n en modos espec\u00edficos. Sin mensajes de error del asistente de \u00e1ngulo muerto o fallo del control de crucero. Instalaci\u00f3n \u00abhazlo t\u00fa mismo\u00bb (DIY) sin necesidad de soldar ni cortar cables. Viene con enchufes de primera calidad y cables resistentes al calor.    <\/p>\n<p class=\"p1\"><b> \u2705 Integraci\u00f3n perfecta<\/b><b><\/b><\/p>\n<p class=\"p1\">\u2705<b> F\u00e1cil instalaci\u00f3n<\/b><b><\/b><\/p>\n<p class=\"p1\">\u2705<b> Gesti\u00f3n precisa del kilometraje<\/b><b><\/b><\/p>\n<p class=\"p1\"><b> \u2705 Funcionamiento en modo oculto<\/b><b><\/b><\/p>\n<p class=\"p1\"><span class=\"s1\">\u2705<\/span><b> Soporte y actualizaciones de por vida<\/b><\/p>\n<\/div>\n<\/div>\n<\/div>\n<\/div>\n","protected":false},"featured_media":733,"comment_status":"open","ping_status":"closed","template":"","meta":[],"product_brand":[],"product_cat":[861],"product_tag":[],"class_list":{"0":"post-7995","1":"product","2":"type-product","3":"status-publish","4":"has-post-thumbnail","6":"product_cat-bmw","8":"first","9":"instock","10":"taxable","11":"shipping-taxable","12":"purchasable","13":"product-type-variable"},"yoast_head":"<!-- This site is optimized with the Yoast SEO plugin v27.5 - https:\/\/yoast.com\/product\/yoast-seo-wordpress\/ -->\n<title>BMW 7ER F01\/F02 Mileage Blocker (KM stopper) \u2192 KM Block<\/title>\n<meta name=\"description\" content=\"Buy a BMW 7ER F01\/F02 Mileage Blocker for the Best Prices \u2713 Free Shipping \u2713 Incl. Installation Guides\" \/>\n<meta name=\"robots\" content=\"index, follow, max-snippet:-1, max-image-preview:large, max-video-preview:-1\" \/>\n<meta property=\"og:locale\" content=\"es_ES\" \/>\n<meta property=\"og:type\" content=\"article\" \/>\n<meta property=\"og:title\" content=\"BMW 7ER F01\/F02 Mileage Blocker (KM stopper) \u2192 KM Block\" \/>\n<meta property=\"og:description\" content=\"Buy a BMW 7ER F01\/F02 Mileage Blocker for the Best Prices \u2713 Free Shipping \u2713 Incl. Installation Guides\" \/>\n<meta property=\"og:url\" content=\"https:\/\/kmblock.com\/es\/product\/bmw-7er-f01-f02\/\" \/>\n<meta property=\"og:site_name\" content=\"KM Block\" \/>\n<meta property=\"og:image\" content=\"https:\/\/kmblock.com\/wp-content\/uploads\/2024\/09\/BMW-7ER-F01F02.webp\" \/>\n\t<meta property=\"og:image:width\" content=\"800\" \/>\n\t<meta property=\"og:image:height\" content=\"800\" \/>\n\t<meta property=\"og:image:type\" content=\"image\/webp\" \/>\n<meta name=\"twitter:card\" content=\"summary_large_image\" \/>\n<meta name=\"twitter:label1\" content=\"Tiempo de lectura\" \/>\n\t<meta name=\"twitter:data1\" content=\"3 minutos\" \/>\n<script type=\"application\/ld+json\" class=\"yoast-schema-graph\">{\"@context\":\"https:\\\/\\\/schema.org\",\"@graph\":[{\"@type\":\"WebPage\",\"@id\":\"https:\\\/\\\/kmblock.com\\\/es\\\/product\\\/bmw-7er-f01-f02\\\/\",\"url\":\"https:\\\/\\\/kmblock.com\\\/es\\\/product\\\/bmw-7er-f01-f02\\\/\",\"name\":\"BMW 7ER F01\\\/F02 Mileage Blocker (KM stopper) \u2192 KM Block\",\"isPartOf\":{\"@id\":\"https:\\\/\\\/kmblock.com\\\/es\\\/#website\"},\"primaryImageOfPage\":{\"@id\":\"https:\\\/\\\/kmblock.com\\\/es\\\/product\\\/bmw-7er-f01-f02\\\/#primaryimage\"},\"image\":{\"@id\":\"https:\\\/\\\/kmblock.com\\\/es\\\/product\\\/bmw-7er-f01-f02\\\/#primaryimage\"},\"thumbnailUrl\":\"https:\\\/\\\/kmblock.com\\\/wp-content\\\/uploads\\\/2024\\\/09\\\/BMW-7ER-F01F02.webp\",\"datePublished\":\"2024-09-19T01:45:26+00:00\",\"description\":\"Buy a BMW 7ER F01\\\/F02 Mileage Blocker for the Best Prices \u2713 Free Shipping \u2713 Incl. Installation Guides\",\"breadcrumb\":{\"@id\":\"https:\\\/\\\/kmblock.com\\\/es\\\/product\\\/bmw-7er-f01-f02\\\/#breadcrumb\"},\"inLanguage\":\"es\",\"potentialAction\":[{\"@type\":\"ReadAction\",\"target\":[\"https:\\\/\\\/kmblock.com\\\/es\\\/product\\\/bmw-7er-f01-f02\\\/\"]}]},{\"@type\":\"ImageObject\",\"inLanguage\":\"es\",\"@id\":\"https:\\\/\\\/kmblock.com\\\/es\\\/product\\\/bmw-7er-f01-f02\\\/#primaryimage\",\"url\":\"https:\\\/\\\/kmblock.com\\\/wp-content\\\/uploads\\\/2024\\\/09\\\/BMW-7ER-F01F02.webp\",\"contentUrl\":\"https:\\\/\\\/kmblock.com\\\/wp-content\\\/uploads\\\/2024\\\/09\\\/BMW-7ER-F01F02.webp\",\"width\":800,\"height\":800,\"caption\":\"BMW 7ER F01\\\/F02\"},{\"@type\":\"BreadcrumbList\",\"@id\":\"https:\\\/\\\/kmblock.com\\\/es\\\/product\\\/bmw-7er-f01-f02\\\/#breadcrumb\",\"itemListElement\":[{\"@type\":\"ListItem\",\"position\":1,\"name\":\"Inicio\",\"item\":\"https:\\\/\\\/kmblock.com\\\/es\\\/\"},{\"@type\":\"ListItem\",\"position\":2,\"name\":\"Productos\",\"item\":\"https:\\\/\\\/kmblock.com\\\/es\\\/shop\\\/\"},{\"@type\":\"ListItem\",\"position\":3,\"name\":\"BMW 7ER F01\\\/F02\"}]},{\"@type\":\"WebSite\",\"@id\":\"https:\\\/\\\/kmblock.com\\\/es\\\/#website\",\"url\":\"https:\\\/\\\/kmblock.com\\\/es\\\/\",\"name\":\"KM Block\",\"description\":\"\",\"publisher\":{\"@id\":\"https:\\\/\\\/kmblock.com\\\/es\\\/#organization\"},\"potentialAction\":[{\"@type\":\"SearchAction\",\"target\":{\"@type\":\"EntryPoint\",\"urlTemplate\":\"https:\\\/\\\/kmblock.com\\\/es\\\/?s={search_term_string}\"},\"query-input\":{\"@type\":\"PropertyValueSpecification\",\"valueRequired\":true,\"valueName\":\"search_term_string\"}}],\"inLanguage\":\"es\"},{\"@type\":\"Organization\",\"@id\":\"https:\\\/\\\/kmblock.com\\\/es\\\/#organization\",\"name\":\"Bloque KM\",\"url\":\"https:\\\/\\\/kmblock.com\\\/es\\\/\",\"logo\":{\"@type\":\"ImageObject\",\"inLanguage\":\"es\",\"@id\":\"https:\\\/\\\/kmblock.com\\\/es\\\/#\\\/schema\\\/logo\\\/image\\\/\",\"url\":\"https:\\\/\\\/kmblock.com\\\/wp-content\\\/uploads\\\/2024\\\/08\\\/main-logo.png\",\"contentUrl\":\"https:\\\/\\\/kmblock.com\\\/wp-content\\\/uploads\\\/2024\\\/08\\\/main-logo.png\",\"width\":186,\"height\":28,\"caption\":\"Bloque KM\"},\"image\":{\"@id\":\"https:\\\/\\\/kmblock.com\\\/es\\\/#\\\/schema\\\/logo\\\/image\\\/\"}}]}<\/script>\n<!-- \/ Yoast SEO plugin. -->","yoast_head_json":{"title":"BMW 7ER F01\/F02 Mileage Blocker (KM stopper) \u2192 KM Block","description":"Buy a BMW 7ER F01\/F02 Mileage Blocker for the Best Prices \u2713 Free Shipping \u2713 Incl. Installation Guides","robots":{"index":"index","follow":"follow","max-snippet":"max-snippet:-1","max-image-preview":"max-image-preview:large","max-video-preview":"max-video-preview:-1"},"og_locale":"es_ES","og_type":"article","og_title":"BMW 7ER F01\/F02 Mileage Blocker (KM stopper) \u2192 KM Block","og_description":"Buy a BMW 7ER F01\/F02 Mileage Blocker for the Best Prices \u2713 Free Shipping \u2713 Incl. Installation Guides","og_url":"https:\/\/kmblock.com\/es\/product\/bmw-7er-f01-f02\/","og_site_name":"KM Block","og_image":[{"width":800,"height":800,"url":"https:\/\/kmblock.com\/wp-content\/uploads\/2024\/09\/BMW-7ER-F01F02.webp","type":"image\/webp"}],"twitter_card":"summary_large_image","twitter_misc":{"Tiempo de lectura":"3 minutos"},"schema":{"@context":"https:\/\/schema.org","@graph":[{"@type":"WebPage","@id":"https:\/\/kmblock.com\/es\/product\/bmw-7er-f01-f02\/","url":"https:\/\/kmblock.com\/es\/product\/bmw-7er-f01-f02\/","name":"BMW 7ER F01\/F02 Mileage Blocker (KM stopper) \u2192 KM Block","isPartOf":{"@id":"https:\/\/kmblock.com\/es\/#website"},"primaryImageOfPage":{"@id":"https:\/\/kmblock.com\/es\/product\/bmw-7er-f01-f02\/#primaryimage"},"image":{"@id":"https:\/\/kmblock.com\/es\/product\/bmw-7er-f01-f02\/#primaryimage"},"thumbnailUrl":"https:\/\/kmblock.com\/wp-content\/uploads\/2024\/09\/BMW-7ER-F01F02.webp","datePublished":"2024-09-19T01:45:26+00:00","description":"Buy a BMW 7ER F01\/F02 Mileage Blocker for the Best Prices \u2713 Free Shipping \u2713 Incl. Installation Guides","breadcrumb":{"@id":"https:\/\/kmblock.com\/es\/product\/bmw-7er-f01-f02\/#breadcrumb"},"inLanguage":"es","potentialAction":[{"@type":"ReadAction","target":["https:\/\/kmblock.com\/es\/product\/bmw-7er-f01-f02\/"]}]},{"@type":"ImageObject","inLanguage":"es","@id":"https:\/\/kmblock.com\/es\/product\/bmw-7er-f01-f02\/#primaryimage","url":"https:\/\/kmblock.com\/wp-content\/uploads\/2024\/09\/BMW-7ER-F01F02.webp","contentUrl":"https:\/\/kmblock.com\/wp-content\/uploads\/2024\/09\/BMW-7ER-F01F02.webp","width":800,"height":800,"caption":"BMW 7ER F01\/F02"},{"@type":"BreadcrumbList","@id":"https:\/\/kmblock.com\/es\/product\/bmw-7er-f01-f02\/#breadcrumb","itemListElement":[{"@type":"ListItem","position":1,"name":"Inicio","item":"https:\/\/kmblock.com\/es\/"},{"@type":"ListItem","position":2,"name":"Productos","item":"https:\/\/kmblock.com\/es\/shop\/"},{"@type":"ListItem","position":3,"name":"BMW 7ER F01\/F02"}]},{"@type":"WebSite","@id":"https:\/\/kmblock.com\/es\/#website","url":"https:\/\/kmblock.com\/es\/","name":"KM Block","description":"","publisher":{"@id":"https:\/\/kmblock.com\/es\/#organization"},"potentialAction":[{"@type":"SearchAction","target":{"@type":"EntryPoint","urlTemplate":"https:\/\/kmblock.com\/es\/?s={search_term_string}"},"query-input":{"@type":"PropertyValueSpecification","valueRequired":true,"valueName":"search_term_string"}}],"inLanguage":"es"},{"@type":"Organization","@id":"https:\/\/kmblock.com\/es\/#organization","name":"Bloque KM","url":"https:\/\/kmblock.com\/es\/","logo":{"@type":"ImageObject","inLanguage":"es","@id":"https:\/\/kmblock.com\/es\/#\/schema\/logo\/image\/","url":"https:\/\/kmblock.com\/wp-content\/uploads\/2024\/08\/main-logo.png","contentUrl":"https:\/\/kmblock.com\/wp-content\/uploads\/2024\/08\/main-logo.png","width":186,"height":28,"caption":"Bloque KM"},"image":{"@id":"https:\/\/kmblock.com\/es\/#\/schema\/logo\/image\/"}}]}},"_links":{"self":[{"href":"https:\/\/kmblock.com\/es\/wp-json\/wp\/v2\/product\/7995","targetHints":{"allow":["GET"]}}],"collection":[{"href":"https:\/\/kmblock.com\/es\/wp-json\/wp\/v2\/product"}],"about":[{"href":"https:\/\/kmblock.com\/es\/wp-json\/wp\/v2\/types\/product"}],"replies":[{"embeddable":true,"href":"https:\/\/kmblock.com\/es\/wp-json\/wp\/v2\/comments?post=7995"}],"wp:featuredmedia":[{"embeddable":true,"href":"https:\/\/kmblock.com\/es\/wp-json\/wp\/v2\/media\/733"}],"wp:attachment":[{"href":"https:\/\/kmblock.com\/es\/wp-json\/wp\/v2\/media?parent=7995"}],"wp:term":[{"taxonomy":"product_brand","embeddable":true,"href":"https:\/\/kmblock.com\/es\/wp-json\/wp\/v2\/product_brand?post=7995"},{"taxonomy":"product_cat","embeddable":true,"href":"https:\/\/kmblock.com\/es\/wp-json\/wp\/v2\/product_cat?post=7995"},{"taxonomy":"product_tag","embeddable":true,"href":"https:\/\/kmblock.com\/es\/wp-json\/wp\/v2\/product_tag?post=7995"}],"curies":[{"name":"wp","href":"https:\/\/api.w.org\/{rel}","templated":true}]}}