{"id":7967,"date":"2024-09-17T23:53:45","date_gmt":"2024-09-17T23:53:45","guid":{"rendered":"https:\/\/kmblock.com\/product\/audi-g-tron\/"},"modified":"2024-09-17T23:53:45","modified_gmt":"2024-09-17T23:53:45","slug":"audi-g-tron","status":"publish","type":"product","link":"https:\/\/kmblock.com\/es\/product\/audi-g-tron\/","title":{"rendered":"Audi G-tron"},"content":{"rendered":"<h3><strong>Bloqueador de kilometraje para Audi G-Tron<\/strong><\/h3>\n<p>Muchas veces, los Bloqueadores de kilometraje Audi G-Tron reciben otras denominaciones, como bloqueador de cuentakil\u00f3metros, bloqueador de cuentakil\u00f3metros, bloqueador de latas, bloqueador de kilometraje, cuentakil\u00f3metros de viaje, filtro de latas y, ocasionalmente, herramienta de correcci\u00f3n de kilometraje. Es compatible con todos los modelos Audi G-Tron lanzados desde 2014. <\/p>\n<h3><strong>Especificaciones<\/strong><\/h3>\n<ul>\n<li>Dise\u00f1ado para una instalaci\u00f3n sin problemas con un conector que presenta una cara de acoplamiento y estr\u00edas.<\/li>\n<li>Equipado con enchufes de alta calidad y cables resistentes al calor.<\/li>\n<li>Las lecturas de kilometraje no aumentan autom\u00e1ticamente tras la retirada.<\/li>\n<li>Se activa pulsando un bot\u00f3n en el volante.<\/li>\n<li>El kilometraje alterado es indetectable por los comprobadores de diagn\u00f3stico.<\/li>\n<li>M\u00faltiples modos para elegir.<\/li>\n<li>Una vez seleccionados, los ajustes se guardan permanentemente.<\/li>\n<li>El veloc\u00edmetro y otros sistemas de asistencia siguen funcionando sin problemas.<\/li>\n<li>F\u00e1cil instalaci\u00f3n de bricolaje, no requiere conocimientos especializados del veh\u00edculo.<\/li>\n<li>No es necesario soldar ni cortar cables.<\/li>\n<li>No aparecen mensajes de error en el veloc\u00edmetro ni en la pantalla de navegaci\u00f3n.<\/li>\n<li>En los veh\u00edculos a partir de finales de 2020, la activaci\u00f3n del dispositivo puede activar la luz de control del motor.<\/li>\n<li>Para la alteraci\u00f3n del kilometraje total, puede producirse una desviaci\u00f3n de hasta el 1% de la distancia real, ya que los datos de kilometraje proporcionados son aproximados.<\/li>\n<\/ul>\n<p><strong>Nota importante:<\/strong> Si tu veh\u00edculo ha recibido recientemente una actualizaci\u00f3n del fabricante, el m\u00e9todo de activaci\u00f3n anterior ya no funcionar\u00e1. S\u00f3lo funcionar\u00e1n el modo 3 (parada completa) y el modo 4 (cuenta completa). Para activar el m\u00f3dulo, apaga el veh\u00edculo cinco veces seguidas. En el momento de la compra se proporcionar\u00e1 un PDF con instrucciones detalladas.   <\/p>\n<h3><strong>Activaci\u00f3n y desactivaci\u00f3n<\/strong><\/h3>\n<p>\u00bb Accionar con el bot\u00f3n \u00abok\u00bb del manillar. Mantenlo pulsado hasta que el intermitente empiece a parpadear. <\/p>\n<p><strong>Modo 1:<\/strong> 1 parpadeo izquierdo 20%<strong>.<\/strong><br \/>\n<strong>Modo 2:<\/strong> 2 parpadeos a la izquierda 10%<strong>.<\/strong><br \/>\n<strong>Modo 3:<\/strong> 3 parpadeos a la izquierda 0<br \/>\n<strong>Modo 4:<\/strong> 1 parpadeo derecho 100<\/p>\n<p>Para el modo 3: 0 por ciento tienes que activar el modo, luego apagar el coche y bloquearlo durante 2 min y despu\u00e9s arrancar y conducir\u00bb.<\/p>\n<h3><strong>\u00bfQu\u00e9 es el bloqueador de cuentakil\u00f3metros o herramienta de correcci\u00f3n de kilometraje Audi G-Tron?<\/strong><\/h3>\n<p>El bloqueador de kilometraje\/bloqueador de cuentakil\u00f3metros Audi G-Tron te permite detener el registro de kilometraje mientras compruebas el rendimiento de tu veh\u00edculo. En KM Block, ofrecemos los mejores m\u00f3dulos con componentes de alta calidad. Nuestro software est\u00e1 dise\u00f1ado para cada marca y modelo de veh\u00edculo espec\u00edfico, para garantizar un funcionamiento impecable. Tanto si tu cuentakil\u00f3metros mide el kilometraje en millas como en kil\u00f3metros, este dispositivo funciona eficazmente. Es compatible con motores di\u00e9sel, de gasolina, veh\u00edculos el\u00e9ctricos h\u00edbridos enchufables (PHEV) y coches el\u00e9ctricos.    <\/p>\n<p>Ten en cuenta que no vendemos herramientas de correcci\u00f3n del kilometraje para Audi G-Tron, ya que estas herramientas se utilizan a menudo con fines deshonestos, como anular el kilometraje. A pesar de ello, los coches modernos tienen m\u00faltiples unidades de almacenamiento de datos, y dichas herramientas no son capaces de anular completamente el kilometraje. <\/p>\n<p>Ofrecemos una gran variedad de dispositivos de Tope de Kilometraje para diferentes veh\u00edculos. La instalaci\u00f3n es sencilla en todos los modelos y no requiere conocimientos especializados. Basta con conectar el dispositivo entre el veloc\u00edmetro y el cuadro de instrumentos para disfrutar de todas sus ventajas.  <\/p>\n<p>El bloqueador de kilometraje Audi G-Tron es una herramienta excepcional que te permite probar el rendimiento de tu coche en un entorno controlado sin a\u00f1adir kilometraje innecesario.<\/p>\n","protected":false},"excerpt":{"rendered":"<div class=\"flex-shrink-0 flex flex-col relative items-end\">\n<div class=\"pt-0\">\n<div class=\"gizmo-bot-avatar flex h-8 w-8 items-center justify-center overflow-hidden rounded-full\">\n<div class=\"relative p-1 rounded-sm flex items-center justify-center bg-token-main-surface-primary text-token-text-primary h-8 w-8\">\n<p>Antes de hacer tu pedido, revisa atentamente la informaci\u00f3n sobre la activaci\u00f3n del m\u00f3dulo, los mensajes de error y la funcionalidad que aparece a continuaci\u00f3n.<\/p>\n<p><strong>Compatibilidad:<\/strong> Este dispositivo es adecuado para todos los modelos Audi G-Tron lanzados desde 2014. Comprueba si tu conector es de (18 patillas) o de (32 patillas) antes de realizar el pedido. F\u00e1cil de instalar por ti mismo. Garantiza el correcto funcionamiento del veloc\u00edmetro y de los programas de asistencia.   <\/p>\n<p class=\"p1\"><b> \u2705 Integraci\u00f3n perfecta<\/b><b><\/b><\/p>\n<p class=\"p1\">\u2705<b> F\u00e1cil instalaci\u00f3n<\/b><b><\/b><\/p>\n<p class=\"p1\">\u2705<b> Gesti\u00f3n precisa del kilometraje<\/b><b><\/b><\/p>\n<p class=\"p1\"><b> \u2705 Funcionamiento en modo oculto<\/b><b><\/b><\/p>\n<p class=\"p1\"><span class=\"s1\">\u2705<\/span><b> Soporte y actualizaciones de por vida<\/b><\/p>\n<\/div>\n<\/div>\n<\/div>\n<\/div>\n","protected":false},"featured_media":673,"comment_status":"open","ping_status":"closed","template":"","meta":[],"product_brand":[],"product_cat":[853],"product_tag":[],"class_list":{"0":"post-7967","1":"product","2":"type-product","3":"status-publish","4":"has-post-thumbnail","6":"product_cat-audi","8":"first","9":"instock","10":"taxable","11":"shipping-taxable","12":"purchasable","13":"product-type-variable"},"yoast_head":"<!-- This site is optimized with the Yoast SEO plugin v27.5 - https:\/\/yoast.com\/product\/yoast-seo-wordpress\/ -->\n<title>Audi G-tron Mileage Blocker (KM stopper) \u2192 KM Block<\/title>\n<meta name=\"description\" content=\"Buy a Audi G-tron Mileage Blocker for the Best Prices \u2713 Free Shipping \u2713 Incl. Installation Guides\" \/>\n<meta name=\"robots\" content=\"index, follow, max-snippet:-1, max-image-preview:large, max-video-preview:-1\" \/>\n<meta property=\"og:locale\" content=\"es_ES\" \/>\n<meta property=\"og:type\" content=\"article\" \/>\n<meta property=\"og:title\" content=\"Audi G-tron Mileage Blocker (KM stopper) \u2192 KM Block\" \/>\n<meta property=\"og:description\" content=\"Buy a Audi G-tron Mileage Blocker for the Best Prices \u2713 Free Shipping \u2713 Incl. Installation Guides\" \/>\n<meta property=\"og:url\" content=\"https:\/\/kmblock.com\/es\/product\/audi-g-tron\/\" \/>\n<meta property=\"og:site_name\" content=\"KM Block\" \/>\n<meta property=\"og:image\" content=\"https:\/\/kmblock.com\/wp-content\/uploads\/2024\/09\/Audi-G-tron.jpg\" \/>\n\t<meta property=\"og:image:width\" content=\"800\" \/>\n\t<meta property=\"og:image:height\" content=\"800\" \/>\n\t<meta property=\"og:image:type\" content=\"image\/jpeg\" \/>\n<meta name=\"twitter:card\" content=\"summary_large_image\" \/>\n<meta name=\"twitter:label1\" content=\"Tiempo de lectura\" \/>\n\t<meta name=\"twitter:data1\" content=\"3 minutos\" \/>\n<script type=\"application\/ld+json\" class=\"yoast-schema-graph\">{\"@context\":\"https:\\\/\\\/schema.org\",\"@graph\":[{\"@type\":\"WebPage\",\"@id\":\"https:\\\/\\\/kmblock.com\\\/es\\\/product\\\/audi-g-tron\\\/\",\"url\":\"https:\\\/\\\/kmblock.com\\\/es\\\/product\\\/audi-g-tron\\\/\",\"name\":\"Audi G-tron Mileage Blocker (KM stopper) \u2192 KM Block\",\"isPartOf\":{\"@id\":\"https:\\\/\\\/kmblock.com\\\/es\\\/#website\"},\"primaryImageOfPage\":{\"@id\":\"https:\\\/\\\/kmblock.com\\\/es\\\/product\\\/audi-g-tron\\\/#primaryimage\"},\"image\":{\"@id\":\"https:\\\/\\\/kmblock.com\\\/es\\\/product\\\/audi-g-tron\\\/#primaryimage\"},\"thumbnailUrl\":\"https:\\\/\\\/kmblock.com\\\/wp-content\\\/uploads\\\/2024\\\/09\\\/Audi-G-tron.jpg\",\"datePublished\":\"2024-09-17T23:53:45+00:00\",\"description\":\"Buy a Audi G-tron Mileage Blocker for the Best Prices \u2713 Free Shipping \u2713 Incl. Installation Guides\",\"breadcrumb\":{\"@id\":\"https:\\\/\\\/kmblock.com\\\/es\\\/product\\\/audi-g-tron\\\/#breadcrumb\"},\"inLanguage\":\"es\",\"potentialAction\":[{\"@type\":\"ReadAction\",\"target\":[\"https:\\\/\\\/kmblock.com\\\/es\\\/product\\\/audi-g-tron\\\/\"]}]},{\"@type\":\"ImageObject\",\"inLanguage\":\"es\",\"@id\":\"https:\\\/\\\/kmblock.com\\\/es\\\/product\\\/audi-g-tron\\\/#primaryimage\",\"url\":\"https:\\\/\\\/kmblock.com\\\/wp-content\\\/uploads\\\/2024\\\/09\\\/Audi-G-tron.jpg\",\"contentUrl\":\"https:\\\/\\\/kmblock.com\\\/wp-content\\\/uploads\\\/2024\\\/09\\\/Audi-G-tron.jpg\",\"width\":800,\"height\":800,\"caption\":\"Audi G-tron\"},{\"@type\":\"BreadcrumbList\",\"@id\":\"https:\\\/\\\/kmblock.com\\\/es\\\/product\\\/audi-g-tron\\\/#breadcrumb\",\"itemListElement\":[{\"@type\":\"ListItem\",\"position\":1,\"name\":\"Inicio\",\"item\":\"https:\\\/\\\/kmblock.com\\\/es\\\/\"},{\"@type\":\"ListItem\",\"position\":2,\"name\":\"Productos\",\"item\":\"https:\\\/\\\/kmblock.com\\\/es\\\/shop\\\/\"},{\"@type\":\"ListItem\",\"position\":3,\"name\":\"Audi G-tron\"}]},{\"@type\":\"WebSite\",\"@id\":\"https:\\\/\\\/kmblock.com\\\/es\\\/#website\",\"url\":\"https:\\\/\\\/kmblock.com\\\/es\\\/\",\"name\":\"KM Block\",\"description\":\"\",\"publisher\":{\"@id\":\"https:\\\/\\\/kmblock.com\\\/es\\\/#organization\"},\"potentialAction\":[{\"@type\":\"SearchAction\",\"target\":{\"@type\":\"EntryPoint\",\"urlTemplate\":\"https:\\\/\\\/kmblock.com\\\/es\\\/?s={search_term_string}\"},\"query-input\":{\"@type\":\"PropertyValueSpecification\",\"valueRequired\":true,\"valueName\":\"search_term_string\"}}],\"inLanguage\":\"es\"},{\"@type\":\"Organization\",\"@id\":\"https:\\\/\\\/kmblock.com\\\/es\\\/#organization\",\"name\":\"Bloque KM\",\"url\":\"https:\\\/\\\/kmblock.com\\\/es\\\/\",\"logo\":{\"@type\":\"ImageObject\",\"inLanguage\":\"es\",\"@id\":\"https:\\\/\\\/kmblock.com\\\/es\\\/#\\\/schema\\\/logo\\\/image\\\/\",\"url\":\"https:\\\/\\\/kmblock.com\\\/wp-content\\\/uploads\\\/2024\\\/08\\\/main-logo.png\",\"contentUrl\":\"https:\\\/\\\/kmblock.com\\\/wp-content\\\/uploads\\\/2024\\\/08\\\/main-logo.png\",\"width\":186,\"height\":28,\"caption\":\"Bloque KM\"},\"image\":{\"@id\":\"https:\\\/\\\/kmblock.com\\\/es\\\/#\\\/schema\\\/logo\\\/image\\\/\"}}]}<\/script>\n<!-- \/ Yoast SEO plugin. -->","yoast_head_json":{"title":"Audi G-tron Mileage Blocker (KM stopper) \u2192 KM Block","description":"Buy a Audi G-tron Mileage Blocker for the Best Prices \u2713 Free Shipping \u2713 Incl. Installation Guides","robots":{"index":"index","follow":"follow","max-snippet":"max-snippet:-1","max-image-preview":"max-image-preview:large","max-video-preview":"max-video-preview:-1"},"og_locale":"es_ES","og_type":"article","og_title":"Audi G-tron Mileage Blocker (KM stopper) \u2192 KM Block","og_description":"Buy a Audi G-tron Mileage Blocker for the Best Prices \u2713 Free Shipping \u2713 Incl. Installation Guides","og_url":"https:\/\/kmblock.com\/es\/product\/audi-g-tron\/","og_site_name":"KM Block","og_image":[{"width":800,"height":800,"url":"https:\/\/kmblock.com\/wp-content\/uploads\/2024\/09\/Audi-G-tron.jpg","type":"image\/jpeg"}],"twitter_card":"summary_large_image","twitter_misc":{"Tiempo de lectura":"3 minutos"},"schema":{"@context":"https:\/\/schema.org","@graph":[{"@type":"WebPage","@id":"https:\/\/kmblock.com\/es\/product\/audi-g-tron\/","url":"https:\/\/kmblock.com\/es\/product\/audi-g-tron\/","name":"Audi G-tron Mileage Blocker (KM stopper) \u2192 KM Block","isPartOf":{"@id":"https:\/\/kmblock.com\/es\/#website"},"primaryImageOfPage":{"@id":"https:\/\/kmblock.com\/es\/product\/audi-g-tron\/#primaryimage"},"image":{"@id":"https:\/\/kmblock.com\/es\/product\/audi-g-tron\/#primaryimage"},"thumbnailUrl":"https:\/\/kmblock.com\/wp-content\/uploads\/2024\/09\/Audi-G-tron.jpg","datePublished":"2024-09-17T23:53:45+00:00","description":"Buy a Audi G-tron Mileage Blocker for the Best Prices \u2713 Free Shipping \u2713 Incl. Installation Guides","breadcrumb":{"@id":"https:\/\/kmblock.com\/es\/product\/audi-g-tron\/#breadcrumb"},"inLanguage":"es","potentialAction":[{"@type":"ReadAction","target":["https:\/\/kmblock.com\/es\/product\/audi-g-tron\/"]}]},{"@type":"ImageObject","inLanguage":"es","@id":"https:\/\/kmblock.com\/es\/product\/audi-g-tron\/#primaryimage","url":"https:\/\/kmblock.com\/wp-content\/uploads\/2024\/09\/Audi-G-tron.jpg","contentUrl":"https:\/\/kmblock.com\/wp-content\/uploads\/2024\/09\/Audi-G-tron.jpg","width":800,"height":800,"caption":"Audi G-tron"},{"@type":"BreadcrumbList","@id":"https:\/\/kmblock.com\/es\/product\/audi-g-tron\/#breadcrumb","itemListElement":[{"@type":"ListItem","position":1,"name":"Inicio","item":"https:\/\/kmblock.com\/es\/"},{"@type":"ListItem","position":2,"name":"Productos","item":"https:\/\/kmblock.com\/es\/shop\/"},{"@type":"ListItem","position":3,"name":"Audi G-tron"}]},{"@type":"WebSite","@id":"https:\/\/kmblock.com\/es\/#website","url":"https:\/\/kmblock.com\/es\/","name":"KM Block","description":"","publisher":{"@id":"https:\/\/kmblock.com\/es\/#organization"},"potentialAction":[{"@type":"SearchAction","target":{"@type":"EntryPoint","urlTemplate":"https:\/\/kmblock.com\/es\/?s={search_term_string}"},"query-input":{"@type":"PropertyValueSpecification","valueRequired":true,"valueName":"search_term_string"}}],"inLanguage":"es"},{"@type":"Organization","@id":"https:\/\/kmblock.com\/es\/#organization","name":"Bloque KM","url":"https:\/\/kmblock.com\/es\/","logo":{"@type":"ImageObject","inLanguage":"es","@id":"https:\/\/kmblock.com\/es\/#\/schema\/logo\/image\/","url":"https:\/\/kmblock.com\/wp-content\/uploads\/2024\/08\/main-logo.png","contentUrl":"https:\/\/kmblock.com\/wp-content\/uploads\/2024\/08\/main-logo.png","width":186,"height":28,"caption":"Bloque KM"},"image":{"@id":"https:\/\/kmblock.com\/es\/#\/schema\/logo\/image\/"}}]}},"_links":{"self":[{"href":"https:\/\/kmblock.com\/es\/wp-json\/wp\/v2\/product\/7967","targetHints":{"allow":["GET"]}}],"collection":[{"href":"https:\/\/kmblock.com\/es\/wp-json\/wp\/v2\/product"}],"about":[{"href":"https:\/\/kmblock.com\/es\/wp-json\/wp\/v2\/types\/product"}],"replies":[{"embeddable":true,"href":"https:\/\/kmblock.com\/es\/wp-json\/wp\/v2\/comments?post=7967"}],"wp:featuredmedia":[{"embeddable":true,"href":"https:\/\/kmblock.com\/es\/wp-json\/wp\/v2\/media\/673"}],"wp:attachment":[{"href":"https:\/\/kmblock.com\/es\/wp-json\/wp\/v2\/media?parent=7967"}],"wp:term":[{"taxonomy":"product_brand","embeddable":true,"href":"https:\/\/kmblock.com\/es\/wp-json\/wp\/v2\/product_brand?post=7967"},{"taxonomy":"product_cat","embeddable":true,"href":"https:\/\/kmblock.com\/es\/wp-json\/wp\/v2\/product_cat?post=7967"},{"taxonomy":"product_tag","embeddable":true,"href":"https:\/\/kmblock.com\/es\/wp-json\/wp\/v2\/product_tag?post=7967"}],"curies":[{"name":"wp","href":"https:\/\/api.w.org\/{rel}","templated":true}]}}