{"id":7938,"date":"2024-08-12T00:42:10","date_gmt":"2024-08-12T00:42:10","guid":{"rendered":"https:\/\/kmblock.com\/politica-de-privacidad\/"},"modified":"2025-11-26T01:26:50","modified_gmt":"2025-11-26T01:26:50","slug":"politica-de-privacidad","status":"publish","type":"page","link":"https:\/\/kmblock.com\/es\/politica-de-privacidad\/","title":{"rendered":"Pol\u00edtica de privacidad"},"content":{"rendered":"\t\t<div data-elementor-type=\"wp-page\" data-elementor-id=\"7938\" class=\"elementor elementor-7938 elementor-430\" data-elementor-post-type=\"page\">\n\t\t\t\t\t\t<section class=\"elementor-section elementor-top-section elementor-element elementor-element-724f217 elementor-section-boxed elementor-section-height-default elementor-section-height-default\" data-id=\"724f217\" data-element_type=\"section\" data-e-type=\"section\">\n\t\t\t\t\t\t<div class=\"elementor-container elementor-column-gap-default\">\n\t\t\t\t\t<div class=\"elementor-column elementor-col-100 elementor-top-column elementor-element elementor-element-c0e56fe\" data-id=\"c0e56fe\" data-element_type=\"column\" data-e-type=\"column\">\n\t\t\t<div class=\"elementor-widget-wrap elementor-element-populated\">\n\t\t\t\t\t\t<div class=\"elementor-element elementor-element-c80bc3a elementor-widget elementor-widget-text-editor\" data-id=\"c80bc3a\" data-element_type=\"widget\" data-e-type=\"widget\" data-widget_type=\"text-editor.default\">\n\t\t\t\t<div class=\"elementor-widget-container\">\n\t\t\t\t\t\t\t\t\t<h1>Pol\u00edtica de privacidad<\/h1><p>En KM Block nos comprometemos a salvaguardar tu privacidad. Esta Pol\u00edtica de Privacidad describe c\u00f3mo recogemos, utilizamos y protegemos tu informaci\u00f3n personal cuando visitas nuestro sitio web. Se aplica exclusivamente a los datos recogidos a trav\u00e9s de este sitio web.  <\/p><h4>Recogida y uso de la informaci\u00f3n<\/h4><p>Respetamos tu privacidad y no compartimos tus datos personales con terceras organizaciones. Los datos que nos facilitas, ya sea por correo electr\u00f3nico o por otros m\u00e9todos directos, son utilizados exclusivamente por KM Block. Utilizamos esta informaci\u00f3n para responder a tus consultas y satisfacer tus peticiones, como la tramitaci\u00f3n de pedidos. Tus datos no se compartir\u00e1n fuera de nuestra empresa a menos que sea necesario para completar tu solicitud.   <\/p><p>Con tu consentimiento, podemos ponernos en contacto contigo en el futuro para informarte sobre ofertas especiales, nuevos productos, servicios o actualizaciones de esta Pol\u00edtica de Privacidad.<\/p><h4>Inscripci\u00f3n<\/h4><p>Para acceder a todas las funciones de nuestro sitio web, es posible que los usuarios tengan que rellenar un formulario de registro. Durante el registro, te pedimos cierta informaci\u00f3n, como tu nombre y direcci\u00f3n de correo electr\u00f3nico. Esta informaci\u00f3n nos ayuda a mantenerte informado sobre los productos y servicios que te interesan. Facilitar informaci\u00f3n demogr\u00e1fica (como el sexo o la edad) es opcional y no obligatorio.   <\/p><h4>Pedidos e informaci\u00f3n de pago<\/h4><p>Cuando realizas un pedido, recopilamos la informaci\u00f3n de contacto y de pago necesaria, como tu nombre, direcci\u00f3n de entrega y datos de la tarjeta de cr\u00e9dito (ten en cuenta que no almacenamos los datos de la tarjeta de cr\u00e9dito ni compartimos los datos de los clientes con terceros). Esta informaci\u00f3n se utiliza con fines de facturaci\u00f3n y tramitaci\u00f3n del pedido. Si hay alg\u00fan problema con el procesamiento de tu pedido, utilizaremos esta informaci\u00f3n para ponernos en contacto contigo.  <\/p><h4>Cookies<\/h4><p>Utilizamos \u00abcookies\u00bb para mejorar tu experiencia en nuestro sitio web. Las cookies son peque\u00f1os archivos de datos almacenados en tu dispositivo que nos ayudan a reconocer a los visitantes que vuelven y a mejorar tu acceso a nuestro sitio. Por ejemplo, las cookies te permiten iniciar sesi\u00f3n m\u00e1s f\u00e1cilmente en futuras visitas. Las cookies tambi\u00e9n nos ayudan a rastrear las preferencias del usuario para mejorar tu experiencia de navegaci\u00f3n. Ten en cuenta que las cookies no est\u00e1n vinculadas a ninguna informaci\u00f3n personal identificable en nuestro sitio web.    <\/p><h4>Tus derechos y el control de datos<\/h4><p>Tienes derecho a controlar tus datos personales. Puedes hacerlo: <\/p><p><strong>Puedes darte de baja de futuros correos electr\u00f3nicos en cualquier momento poni\u00e9ndote en contacto con nosotros a trav\u00e9s de la direcci\u00f3n de correo electr\u00f3nico o el n\u00famero de tel\u00e9fono que aparecen en nuestro sitio web.<\/strong><\/p><p><strong>Solicitar ver los datos que tenemos sobre ti, si los hay.<\/strong><\/p><p><strong>Corregir o actualizar cualquier informaci\u00f3n que tengamos sobre ti.<\/strong><\/p><p><strong>Solicitar la supresi\u00f3n de todos los datos que tengamos sobre ti.<\/strong><\/p><p><strong>Expresar cualquier preocupaci\u00f3n sobre c\u00f3mo se est\u00e1n utilizando tus datos.<\/strong><\/p><h4>Seguridad<\/h4><p>Tomamos muchas precauciones para proteger tus datos. Cuando env\u00edas informaci\u00f3n sensible a trav\u00e9s de nuestro sitio web, est\u00e1 protegida tanto en l\u00ednea como fuera de l\u00ednea. <\/p><p>Los datos sensibles, como la informaci\u00f3n de la tarjeta de cr\u00e9dito, se encriptan y se transmiten de forma segura. Puedes verificarlo buscando un icono de candado cerrado junto a la URL del sitio web o \u00abhttps\u00bb al principio de la direcci\u00f3n. <\/p><p>Adem\u00e1s de la protecci\u00f3n en l\u00ednea, tambi\u00e9n protegemos tu informaci\u00f3n fuera de l\u00ednea. S\u00f3lo los empleados autorizados que necesitan los datos para tareas espec\u00edficas (como facturaci\u00f3n o atenci\u00f3n al cliente) tienen acceso a tu informaci\u00f3n personal. Todos los datos se almacenan de forma segura en nuestros servidores.  <\/p><p>Si crees que no estamos cumpliendo esta Pol\u00edtica de Privacidad, ponte en contacto con nosotros inmediatamente en<\/p><p>Tel: <a href=\"tel:+31644402049\/\"><span class=\"elementor-icon-list-text\">+316 44 40 20 49<\/span><\/a><br>Correo electr\u00f3nico: <a href=\"mailto:info@kmblock.com\">info@kmblock.com<\/a><\/p><h4>Datos y an\u00e1lisis de visitantes<\/h4><p>Este sitio web utiliza Google Tag Manager, Google Analytics 4 y Microsoft Clarity para recopilar y analizar datos sobre el comportamiento de los visitantes con fines de marketing y optimizaci\u00f3n. Los datos recogidos son an\u00f3nimos y no incluyen informaci\u00f3n personal identificable. Las cookies pueden utilizarse para mejorar tu experiencia de navegaci\u00f3n, pero no se utilizan para determinar tu identidad ni se combinan con otros datos personales.  <\/p><p>Puedes gestionar tus preferencias de datos o excluirte de ciertas funciones de recopilaci\u00f3n de datos ajustando la configuraci\u00f3n de tu navegador o utilizando las herramientas de exclusi\u00f3n disponibles proporcionadas por Google y Microsoft.<\/p>\t\t\t\t\t\t\t\t<\/div>\n\t\t\t\t<\/div>\n\t\t\t\t\t<\/div>\n\t\t<\/div>\n\t\t\t\t\t<\/div>\n\t\t<\/section>\n\t\t\t\t<\/div>\n\t\t","protected":false},"excerpt":{"rendered":"<p>Pol\u00edtica de privacidad En KM Block nos comprometemos a salvaguardar tu privacidad. Esta Pol\u00edtica de Privacidad describe c\u00f3mo recogemos, utilizamos y protegemos tu informaci\u00f3n personal cuando visitas nuestro sitio web. Se aplica exclusivamente a los datos recogidos a trav\u00e9s de este sitio web. Recogida y uso de la informaci\u00f3n Respetamos tu privacidad y no compartimos [&hellip;]<\/p>\n","protected":false},"author":6,"featured_media":0,"parent":0,"menu_order":0,"comment_status":"closed","ping_status":"closed","template":"elementor_header_footer","meta":{"footnotes":""},"class_list":["post-7938","page","type-page","status-publish","hentry"],"yoast_head":"<!-- This site is optimized with the Yoast SEO plugin v27.5 - https:\/\/yoast.com\/product\/yoast-seo-wordpress\/ -->\n<title>Pol\u00edtica de privacidad - KM Block<\/title>\n<meta name=\"robots\" content=\"index, follow, max-snippet:-1, max-image-preview:large, max-video-preview:-1\" \/>\n<meta property=\"og:locale\" content=\"es_ES\" \/>\n<meta property=\"og:type\" content=\"article\" \/>\n<meta property=\"og:title\" content=\"Pol\u00edtica de privacidad - KM Block\" \/>\n<meta property=\"og:description\" content=\"Pol\u00edtica de privacidad En KM Block nos comprometemos a salvaguardar tu privacidad. Esta Pol\u00edtica de Privacidad describe c\u00f3mo recogemos, utilizamos y protegemos tu informaci\u00f3n personal cuando visitas nuestro sitio web. Se aplica exclusivamente a los datos recogidos a trav\u00e9s de este sitio web. Recogida y uso de la informaci\u00f3n Respetamos tu privacidad y no compartimos [&hellip;]\" \/>\n<meta property=\"og:url\" content=\"https:\/\/kmblock.com\/es\/politica-de-privacidad\/\" \/>\n<meta property=\"og:site_name\" content=\"KM Block\" \/>\n<meta property=\"article:modified_time\" content=\"2025-11-26T01:26:50+00:00\" \/>\n<meta name=\"twitter:card\" content=\"summary_large_image\" \/>\n<meta name=\"twitter:label1\" content=\"Tiempo de lectura\" \/>\n\t<meta name=\"twitter:data1\" content=\"4 minutos\" \/>\n<script type=\"application\/ld+json\" class=\"yoast-schema-graph\">{\"@context\":\"https:\\\/\\\/schema.org\",\"@graph\":[{\"@type\":\"WebPage\",\"@id\":\"https:\\\/\\\/kmblock.com\\\/es\\\/politica-de-privacidad\\\/\",\"url\":\"https:\\\/\\\/kmblock.com\\\/es\\\/politica-de-privacidad\\\/\",\"name\":\"Pol\u00edtica de privacidad - KM Block\",\"isPartOf\":{\"@id\":\"https:\\\/\\\/kmblock.com\\\/es\\\/#website\"},\"datePublished\":\"2024-08-12T00:42:10+00:00\",\"dateModified\":\"2025-11-26T01:26:50+00:00\",\"breadcrumb\":{\"@id\":\"https:\\\/\\\/kmblock.com\\\/es\\\/politica-de-privacidad\\\/#breadcrumb\"},\"inLanguage\":\"es\",\"potentialAction\":[{\"@type\":\"ReadAction\",\"target\":[\"https:\\\/\\\/kmblock.com\\\/es\\\/politica-de-privacidad\\\/\"]}]},{\"@type\":\"BreadcrumbList\",\"@id\":\"https:\\\/\\\/kmblock.com\\\/es\\\/politica-de-privacidad\\\/#breadcrumb\",\"itemListElement\":[{\"@type\":\"ListItem\",\"position\":1,\"name\":\"Inicio\",\"item\":\"https:\\\/\\\/kmblock.com\\\/es\\\/\"},{\"@type\":\"ListItem\",\"position\":2,\"name\":\"Pol\u00edtica de privacidad\"}]},{\"@type\":\"WebSite\",\"@id\":\"https:\\\/\\\/kmblock.com\\\/es\\\/#website\",\"url\":\"https:\\\/\\\/kmblock.com\\\/es\\\/\",\"name\":\"KM Block\",\"description\":\"\",\"publisher\":{\"@id\":\"https:\\\/\\\/kmblock.com\\\/es\\\/#organization\"},\"potentialAction\":[{\"@type\":\"SearchAction\",\"target\":{\"@type\":\"EntryPoint\",\"urlTemplate\":\"https:\\\/\\\/kmblock.com\\\/es\\\/?s={search_term_string}\"},\"query-input\":{\"@type\":\"PropertyValueSpecification\",\"valueRequired\":true,\"valueName\":\"search_term_string\"}}],\"inLanguage\":\"es\"},{\"@type\":\"Organization\",\"@id\":\"https:\\\/\\\/kmblock.com\\\/es\\\/#organization\",\"name\":\"Bloque KM\",\"url\":\"https:\\\/\\\/kmblock.com\\\/es\\\/\",\"logo\":{\"@type\":\"ImageObject\",\"inLanguage\":\"es\",\"@id\":\"https:\\\/\\\/kmblock.com\\\/es\\\/#\\\/schema\\\/logo\\\/image\\\/\",\"url\":\"https:\\\/\\\/kmblock.com\\\/wp-content\\\/uploads\\\/2024\\\/08\\\/main-logo.png\",\"contentUrl\":\"https:\\\/\\\/kmblock.com\\\/wp-content\\\/uploads\\\/2024\\\/08\\\/main-logo.png\",\"width\":186,\"height\":28,\"caption\":\"Bloque KM\"},\"image\":{\"@id\":\"https:\\\/\\\/kmblock.com\\\/es\\\/#\\\/schema\\\/logo\\\/image\\\/\"}}]}<\/script>\n<!-- \/ Yoast SEO plugin. -->","yoast_head_json":{"title":"Pol\u00edtica de privacidad - KM Block","robots":{"index":"index","follow":"follow","max-snippet":"max-snippet:-1","max-image-preview":"max-image-preview:large","max-video-preview":"max-video-preview:-1"},"og_locale":"es_ES","og_type":"article","og_title":"Pol\u00edtica de privacidad - KM Block","og_description":"Pol\u00edtica de privacidad En KM Block nos comprometemos a salvaguardar tu privacidad. Esta Pol\u00edtica de Privacidad describe c\u00f3mo recogemos, utilizamos y protegemos tu informaci\u00f3n personal cuando visitas nuestro sitio web. Se aplica exclusivamente a los datos recogidos a trav\u00e9s de este sitio web. Recogida y uso de la informaci\u00f3n Respetamos tu privacidad y no compartimos [&hellip;]","og_url":"https:\/\/kmblock.com\/es\/politica-de-privacidad\/","og_site_name":"KM Block","article_modified_time":"2025-11-26T01:26:50+00:00","twitter_card":"summary_large_image","twitter_misc":{"Tiempo de lectura":"4 minutos"},"schema":{"@context":"https:\/\/schema.org","@graph":[{"@type":"WebPage","@id":"https:\/\/kmblock.com\/es\/politica-de-privacidad\/","url":"https:\/\/kmblock.com\/es\/politica-de-privacidad\/","name":"Pol\u00edtica de privacidad - KM Block","isPartOf":{"@id":"https:\/\/kmblock.com\/es\/#website"},"datePublished":"2024-08-12T00:42:10+00:00","dateModified":"2025-11-26T01:26:50+00:00","breadcrumb":{"@id":"https:\/\/kmblock.com\/es\/politica-de-privacidad\/#breadcrumb"},"inLanguage":"es","potentialAction":[{"@type":"ReadAction","target":["https:\/\/kmblock.com\/es\/politica-de-privacidad\/"]}]},{"@type":"BreadcrumbList","@id":"https:\/\/kmblock.com\/es\/politica-de-privacidad\/#breadcrumb","itemListElement":[{"@type":"ListItem","position":1,"name":"Inicio","item":"https:\/\/kmblock.com\/es\/"},{"@type":"ListItem","position":2,"name":"Pol\u00edtica de privacidad"}]},{"@type":"WebSite","@id":"https:\/\/kmblock.com\/es\/#website","url":"https:\/\/kmblock.com\/es\/","name":"KM Block","description":"","publisher":{"@id":"https:\/\/kmblock.com\/es\/#organization"},"potentialAction":[{"@type":"SearchAction","target":{"@type":"EntryPoint","urlTemplate":"https:\/\/kmblock.com\/es\/?s={search_term_string}"},"query-input":{"@type":"PropertyValueSpecification","valueRequired":true,"valueName":"search_term_string"}}],"inLanguage":"es"},{"@type":"Organization","@id":"https:\/\/kmblock.com\/es\/#organization","name":"Bloque KM","url":"https:\/\/kmblock.com\/es\/","logo":{"@type":"ImageObject","inLanguage":"es","@id":"https:\/\/kmblock.com\/es\/#\/schema\/logo\/image\/","url":"https:\/\/kmblock.com\/wp-content\/uploads\/2024\/08\/main-logo.png","contentUrl":"https:\/\/kmblock.com\/wp-content\/uploads\/2024\/08\/main-logo.png","width":186,"height":28,"caption":"Bloque KM"},"image":{"@id":"https:\/\/kmblock.com\/es\/#\/schema\/logo\/image\/"}}]}},"_links":{"self":[{"href":"https:\/\/kmblock.com\/es\/wp-json\/wp\/v2\/pages\/7938","targetHints":{"allow":["GET"]}}],"collection":[{"href":"https:\/\/kmblock.com\/es\/wp-json\/wp\/v2\/pages"}],"about":[{"href":"https:\/\/kmblock.com\/es\/wp-json\/wp\/v2\/types\/page"}],"author":[{"embeddable":true,"href":"https:\/\/kmblock.com\/es\/wp-json\/wp\/v2\/users\/6"}],"replies":[{"embeddable":true,"href":"https:\/\/kmblock.com\/es\/wp-json\/wp\/v2\/comments?post=7938"}],"version-history":[{"count":1,"href":"https:\/\/kmblock.com\/es\/wp-json\/wp\/v2\/pages\/7938\/revisions"}],"predecessor-version":[{"id":7940,"href":"https:\/\/kmblock.com\/es\/wp-json\/wp\/v2\/pages\/7938\/revisions\/7940"}],"wp:attachment":[{"href":"https:\/\/kmblock.com\/es\/wp-json\/wp\/v2\/media?parent=7938"}],"curies":[{"name":"wp","href":"https:\/\/api.w.org\/{rel}","templated":true}]}}