{"id":7778,"date":"2024-11-17T08:14:53","date_gmt":"2024-11-17T08:14:53","guid":{"rendered":"https:\/\/kmblock.com\/product\/mercedes-amg-gt-190-sl-231\/"},"modified":"2024-11-17T08:14:53","modified_gmt":"2024-11-17T08:14:53","slug":"mercedes-amg-gt-190-sl-231","status":"publish","type":"product","link":"https:\/\/kmblock.com\/de\/product\/mercedes-amg-gt-190-sl-231\/","title":{"rendered":"Mercedes AMG GT 190 &#8211; SL 231"},"content":{"rendered":"<div class=\"SmallHint\">\n<h3><strong>Kilometerstand-Blocker f\u00fcr Mercedes AMG GT C190 (2019-2024)<\/strong><\/h3>\n<p>Der <strong>Mercedes AMG GT C190 Mileage Blocker<\/strong> wurde entwickelt, um die Erh\u00f6hung des Kilometerstandes zu verhindern, w\u00e4hrend Sie die Leistung Ihres Fahrzeugs testen. Er ist auch bekannt als <g id=\"gid_1\">Odometer Blocker<\/g>, <g id=\"gid_2\">Mileage Stopper<\/g>, <g id=\"gid_3\">Can Filter<\/g>, <g id=\"gid_4\">Mileage Correction Tool<\/g> und andere \u00e4hnliche Begriffe. Dieses Ger\u00e4t ist mit allen <strong>Mercedes AMG GT C190<\/strong> Modellen kompatibel, die zwischen <strong>2019-2024<\/strong> ver\u00f6ffentlicht wurden.  <\/p>\n<hr>\n<h3><strong>Spezifikationen:<\/strong><\/h3>\n<ul>\n<li><strong>DIY-Installation<\/strong>: Einfache und schnelle Installation, ohne dass Sie professionelle Hilfe ben\u00f6tigen.<\/li>\n<li><strong>Tachometer und Tempomat<\/strong>: Beide funktionieren einwandfrei und sorgen daf\u00fcr, dass der Betrieb Ihres Fahrzeugs nicht beeintr\u00e4chtigt wird.<\/li>\n<li><strong>Aktivierung w\u00e4hrend der Fahrt<\/strong>: Kann w\u00e4hrend der Fahrt ein- und ausgeschaltet werden und bietet somit Flexibilit\u00e4t.<\/li>\n<li><strong>Keine \u00c4nderungen am Kilometerz\u00e4hler<\/strong>: Das Ger\u00e4t erzeugt keine Striche oder Ver\u00e4nderungen auf dem Kilometerz\u00e4hler.<\/li>\n<li><strong>Kein Schneiden oder L\u00f6ten<\/strong>: Das Modul erfordert kein Schneiden von Kabeln oder L\u00f6ten von elektronischen Komponenten.<\/li>\n<li><strong>Keine Erh\u00f6hung des Kilometerstandes nach dem Ausbau<\/strong>: Nach dem Ausbau des Moduls wird sich der Kilometerstand nicht spontan erh\u00f6hen.<\/li>\n<li><strong>Gespeicherte Einstellungen<\/strong>: Das Ger\u00e4t speichert Ihre Einstellungen, so dass Sie es nicht jedes Mal zur\u00fccksetzen m\u00fcssen, wenn Sie fahren.<\/li>\n<li><strong>Qualitativ hochwertige Komponenten<\/strong>: Mit hochwertigen Steckern und hitzebest\u00e4ndigen Kabeln f\u00fcr eine lange Nutzungsdauer.<\/li>\n<li><strong>Unsichtbar f\u00fcr Diagnosetestger\u00e4te<\/strong>: Es werden keine Spuren hinterlassen, und Diagnosetester k\u00f6nnen keinen ver\u00e4nderten Kilometerstand feststellen.<\/li>\n<li><strong>Fehlerfreier Betrieb<\/strong>: Es erscheinen keine Fehlermeldungen auf dem Tachometer oder dem Navigationspanel, auch nicht bei Diagnosetests.<\/li>\n<\/ul>\n<p>F\u00fcr den Modus, der den Kilometerstand vollst\u00e4ndig \u00e4ndert, ist eine <strong>Abweichung von 1 %<\/strong> bei der gefahrenen Strecke zul\u00e4ssig. Bitte beachten Sie, dass die Angaben zum Kilometerstand leicht abweichen k\u00f6nnen, da es sich um N\u00e4herungswerte handelt. <\/p>\n<hr>\n<h3><strong>Aktivierung &amp; Deaktivierung:<\/strong><\/h3>\n<p><span data-sheets-root=\"1\">&#8222;Aktivieren Sie die Funktion, indem Sie die &#8218;Return-Taste&#8216; 10 Sekunden lang gedr\u00fcckt halten, bis alle Lichter aufleuchten.<\/span><\/p>\n<p><strong>Modus Ein:<\/strong> alle Lichter leuchten auf und der Kilometerstand betr\u00e4gt 0%. Alles funktioniert einwandfrei.<\/p>\n<p><strong>Modus Aus:<\/strong> Alle Lichter gehen an und z\u00e4hlen 100% der Kilometer. Alles funktioniert einwandfrei.&#8220;<\/p>\n<p>Sie k\u00f6nnen das Ger\u00e4t jederzeit aktivieren oder deaktivieren, egal ob das Fahrzeug steht oder sich bewegt.<\/p>\n<hr>\n<h3><strong>Was ist der Mercedes AMG GT C190 Kilometerz\u00e4hler-Blocker?<\/strong><\/h3>\n<p>Der <strong>Mercedes AMG GT C190 Mileage Blocker<\/strong> erm\u00f6glicht es Ihnen, die Kilometerz\u00e4hlung zu stoppen, w\u00e4hrend Sie die Leistung Ihres Autos testen. Er funktioniert perfekt f\u00fcr alle Arten von Mercedes AMG GT C190 Fahrzeugen, egal ob sie <g id=\"gid_1\">Diesel-<\/g>, <g id=\"gid_2\">Benzin-<\/g>, <g id=\"gid_3\">PHEV-<\/g> oder <g id=\"gid_4\">Elektromotoren<\/g> verwenden. Das Ger\u00e4t kann sowohl Meilen als auch Kilometer auf dem Kilometerz\u00e4hler verarbeiten.  <\/p>\n<p>Dieses Modul <strong>wird zwischen den Anschluss des Tachometers und des Kombiinstruments gesteckt<\/strong> und bietet so eine nahtlose Funktionalit\u00e4t, ohne dass tiefgreifende Fahrzeugkenntnisse erforderlich sind.<\/p>\n<h3><strong>Wichtiger Hinweis:<\/strong><\/h3>\n<p>Wir bieten <strong>keine<\/strong> <strong>Kilometer-Korrektur-Tools<\/strong> f\u00fcr den Mercedes AMG GT C190 an. Diese Tools werden in der Regel zu unlauteren Zwecken verwendet, z.B. um den Kilometerstand zur\u00fcckzudrehen, was nicht empfehlenswert ist. Moderne Fahrzeuge verf\u00fcgen \u00fcber mehrere Datenspeicher, so dass Tools zum Zur\u00fccksetzen des Kilometerstandes unwirksam sind.  <\/p>\n<hr>\n<p>Genie\u00dfen Sie alle Vorteile des <strong>Mercedes AMG GT C190 Mileage Blocker<\/strong>, der eine genaue Kontrolle des Kilometerstandes Ihres Fahrzeugs, eine einfache Installation und einen einwandfreien Betrieb zu jeder Zeit gew\u00e4hrleistet.<\/p>\n<\/div>\n<h3><\/h3>\n","protected":false},"excerpt":{"rendered":"<div class=\"flex max-w-full flex-col flex-grow\">\n<div class=\"min-h-8 text-message flex w-full flex-col items-end gap-2 whitespace-normal break-words [.text-message+&amp;]:mt-5\" dir=\"auto\" data-message-author-role=\"assistant\" data-message-id=\"a441b426-36fd-46d5-8aba-1f7451c77ece\" data-message-model-slug=\"gpt-4o\">\n<div class=\"flex w-full flex-col gap-1 empty:hidden first:pt-[3px]\">\n<div class=\"markdown prose w-full break-words dark:prose-invert light\">\n<h3><strong>Wichtige Hinweise vor der Bestellung des Mercedes AMG GT C190 Mileage Blocker<\/strong><\/h3>\n<p>Bitte lesen Sie die folgenden Informationen zur Aktivierung, zu Fehlermeldungen und zu den Funktionen des <strong>Mercedes AMG GT C190 Mileage Blocker<\/strong> sorgf\u00e4ltig durch: Dieses Ger\u00e4t ist f\u00fcr alle Mercedes AMG GT C190 Modelle geeignet, die von 2019 bis 2024 erschienen sind. Dieses Ger\u00e4t kann nur f\u00fcr ein Fahrzeug verwendet werden, da es die interne Fahrgestellnummer speichert. Die Installation ist einfach und erfordert keine professionelle Hilfe. Das Modul ist f\u00fcr den schnellen Selbsteinbau konzipiert. Einmal aktiviert, funktioniert das Ger\u00e4t, ohne Spuren von Ver\u00e4nderungen am Kilometerz\u00e4hler zu hinterlassen. Das Modul l\u00e4sst sich mit mehreren Tastenkombinationen zum Wechseln der Modi leicht bedienen. Beide Funktionen funktionieren einwandfrei, w\u00e4hrend das Modul in Betrieb ist, so dass der normale Betrieb Ihres Fahrzeugs gew\u00e4hrleistet ist. Das Ger\u00e4t wird mit hochwertigen Steckern und hitzebest\u00e4ndigen Kabeln geliefert, um eine lange und zuverl\u00e4ssige Nutzung zu gew\u00e4hrleisten.       <\/p>\n<p>Wenn Sie die Anweisungen zur Aktivierung und Deaktivierung sorgf\u00e4ltig befolgen, k\u00f6nnen Sie den Kilometerstand ohne Probleme kontrollieren. Wenn Sie Fragen haben oder weitere Hilfe ben\u00f6tigen, wenden Sie sich bitte an uns, bevor Sie den Kauf t\u00e4tigen. <\/p>\n<p class=\"p1\"><b> \u2705 Nahtlose Integration<\/b><b><\/b><\/p>\n<p class=\"p1\">\u2705<b> Einfache Installation<\/b><b><\/b><\/p>\n<p class=\"p1\">\u2705<b> Genaue Verwaltung des Kilometerstandes<\/b><b><\/b><\/p>\n<p class=\"p1\"><b> \u2705 Betrieb im Tarnkappenmodus<\/b><b><\/b><\/p>\n<p class=\"p1\"><span class=\"s1\">\u2705<\/span><b> Lebenslanger Support und Updates<\/b><\/p>\n<\/div>\n<\/div>\n<\/div>\n<\/div>\n","protected":false},"featured_media":2645,"comment_status":"open","ping_status":"closed","template":"","meta":[],"product_brand":[],"product_cat":[806],"product_tag":[],"class_list":{"0":"post-7778","1":"product","2":"type-product","3":"status-publish","4":"has-post-thumbnail","6":"product_cat-mercedes","8":"first","9":"instock","10":"taxable","11":"shipping-taxable","12":"purchasable","13":"product-type-variable"},"yoast_head":"<!-- This site is optimized with the Yoast SEO plugin v27.5 - https:\/\/yoast.com\/product\/yoast-seo-wordpress\/ -->\n<title>Mercedes AMG GT 190 - SL 231 Mileage Blocker (KM stopper) \u2192 KM Block<\/title>\n<meta name=\"description\" content=\"Buy a Mercedes AMG GT 190 - SL 231 Mileage Blocker for the Best Prices \u2713 Free Shipping \u2713 Incl. Installation Guides\" \/>\n<meta name=\"robots\" content=\"index, follow, max-snippet:-1, max-image-preview:large, max-video-preview:-1\" \/>\n<meta property=\"og:locale\" content=\"de_DE\" \/>\n<meta property=\"og:type\" content=\"article\" \/>\n<meta property=\"og:title\" content=\"Mercedes AMG GT 190 - SL 231 Mileage Blocker (KM stopper) \u2192 KM Block\" \/>\n<meta property=\"og:description\" content=\"Buy a Mercedes AMG GT 190 - SL 231 Mileage Blocker for the Best Prices \u2713 Free Shipping \u2713 Incl. Installation Guides\" \/>\n<meta property=\"og:url\" content=\"https:\/\/kmblock.com\/de\/product\/mercedes-amg-gt-190-sl-231\/\" \/>\n<meta property=\"og:site_name\" content=\"KM Block\" \/>\n<meta property=\"og:image\" content=\"https:\/\/kmblock.com\/wp-content\/uploads\/2024\/11\/Mercedes-AMG-GT-190-\u2013-SL-231.jpg\" \/>\n\t<meta property=\"og:image:width\" content=\"400\" \/>\n\t<meta property=\"og:image:height\" content=\"327\" \/>\n\t<meta property=\"og:image:type\" content=\"image\/jpeg\" \/>\n<meta name=\"twitter:card\" content=\"summary_large_image\" \/>\n<meta name=\"twitter:label1\" content=\"Gesch\u00e4tzte Lesezeit\" \/>\n\t<meta name=\"twitter:data1\" content=\"3\u00a0Minuten\" \/>\n<script type=\"application\/ld+json\" class=\"yoast-schema-graph\">{\"@context\":\"https:\\\/\\\/schema.org\",\"@graph\":[{\"@type\":\"WebPage\",\"@id\":\"https:\\\/\\\/kmblock.com\\\/de\\\/product\\\/mercedes-amg-gt-190-sl-231\\\/\",\"url\":\"https:\\\/\\\/kmblock.com\\\/de\\\/product\\\/mercedes-amg-gt-190-sl-231\\\/\",\"name\":\"Mercedes AMG GT 190 - SL 231 Mileage Blocker (KM stopper) \u2192 KM Block\",\"isPartOf\":{\"@id\":\"https:\\\/\\\/kmblock.com\\\/de\\\/#website\"},\"primaryImageOfPage\":{\"@id\":\"https:\\\/\\\/kmblock.com\\\/de\\\/product\\\/mercedes-amg-gt-190-sl-231\\\/#primaryimage\"},\"image\":{\"@id\":\"https:\\\/\\\/kmblock.com\\\/de\\\/product\\\/mercedes-amg-gt-190-sl-231\\\/#primaryimage\"},\"thumbnailUrl\":\"https:\\\/\\\/kmblock.com\\\/wp-content\\\/uploads\\\/2024\\\/11\\\/Mercedes-AMG-GT-190-\u2013-SL-231.jpg\",\"datePublished\":\"2024-11-17T08:14:53+00:00\",\"description\":\"Buy a Mercedes AMG GT 190 - SL 231 Mileage Blocker for the Best Prices \u2713 Free Shipping \u2713 Incl. Installation Guides\",\"breadcrumb\":{\"@id\":\"https:\\\/\\\/kmblock.com\\\/de\\\/product\\\/mercedes-amg-gt-190-sl-231\\\/#breadcrumb\"},\"inLanguage\":\"de\",\"potentialAction\":[{\"@type\":\"ReadAction\",\"target\":[\"https:\\\/\\\/kmblock.com\\\/de\\\/product\\\/mercedes-amg-gt-190-sl-231\\\/\"]}]},{\"@type\":\"ImageObject\",\"inLanguage\":\"de\",\"@id\":\"https:\\\/\\\/kmblock.com\\\/de\\\/product\\\/mercedes-amg-gt-190-sl-231\\\/#primaryimage\",\"url\":\"https:\\\/\\\/kmblock.com\\\/wp-content\\\/uploads\\\/2024\\\/11\\\/Mercedes-AMG-GT-190-\u2013-SL-231.jpg\",\"contentUrl\":\"https:\\\/\\\/kmblock.com\\\/wp-content\\\/uploads\\\/2024\\\/11\\\/Mercedes-AMG-GT-190-\u2013-SL-231.jpg\",\"width\":400,\"height\":327,\"caption\":\"Mercedes AMG GT 190 \u2013 SL 231\"},{\"@type\":\"BreadcrumbList\",\"@id\":\"https:\\\/\\\/kmblock.com\\\/de\\\/product\\\/mercedes-amg-gt-190-sl-231\\\/#breadcrumb\",\"itemListElement\":[{\"@type\":\"ListItem\",\"position\":1,\"name\":\"Startseite\",\"item\":\"https:\\\/\\\/kmblock.com\\\/de\\\/\"},{\"@type\":\"ListItem\",\"position\":2,\"name\":\"Produkte\",\"item\":\"https:\\\/\\\/kmblock.com\\\/de\\\/shop\\\/\"},{\"@type\":\"ListItem\",\"position\":3,\"name\":\"Mercedes AMG GT 190 &#8211; SL 231\"}]},{\"@type\":\"WebSite\",\"@id\":\"https:\\\/\\\/kmblock.com\\\/de\\\/#website\",\"url\":\"https:\\\/\\\/kmblock.com\\\/de\\\/\",\"name\":\"KM Block\",\"description\":\"\",\"publisher\":{\"@id\":\"https:\\\/\\\/kmblock.com\\\/de\\\/#organization\"},\"potentialAction\":[{\"@type\":\"SearchAction\",\"target\":{\"@type\":\"EntryPoint\",\"urlTemplate\":\"https:\\\/\\\/kmblock.com\\\/de\\\/?s={search_term_string}\"},\"query-input\":{\"@type\":\"PropertyValueSpecification\",\"valueRequired\":true,\"valueName\":\"search_term_string\"}}],\"inLanguage\":\"de\"},{\"@type\":\"Organization\",\"@id\":\"https:\\\/\\\/kmblock.com\\\/de\\\/#organization\",\"name\":\"KM-Block\",\"url\":\"https:\\\/\\\/kmblock.com\\\/de\\\/\",\"logo\":{\"@type\":\"ImageObject\",\"inLanguage\":\"de\",\"@id\":\"https:\\\/\\\/kmblock.com\\\/de\\\/#\\\/schema\\\/logo\\\/image\\\/\",\"url\":\"https:\\\/\\\/kmblock.com\\\/wp-content\\\/uploads\\\/2024\\\/08\\\/main-logo.png\",\"contentUrl\":\"https:\\\/\\\/kmblock.com\\\/wp-content\\\/uploads\\\/2024\\\/08\\\/main-logo.png\",\"width\":186,\"height\":28,\"caption\":\"KM-Block\"},\"image\":{\"@id\":\"https:\\\/\\\/kmblock.com\\\/de\\\/#\\\/schema\\\/logo\\\/image\\\/\"}}]}<\/script>\n<!-- \/ Yoast SEO plugin. -->","yoast_head_json":{"title":"Mercedes AMG GT 190 - SL 231 Mileage Blocker (KM stopper) \u2192 KM Block","description":"Buy a Mercedes AMG GT 190 - SL 231 Mileage Blocker for the Best Prices \u2713 Free Shipping \u2713 Incl. Installation Guides","robots":{"index":"index","follow":"follow","max-snippet":"max-snippet:-1","max-image-preview":"max-image-preview:large","max-video-preview":"max-video-preview:-1"},"og_locale":"de_DE","og_type":"article","og_title":"Mercedes AMG GT 190 - SL 231 Mileage Blocker (KM stopper) \u2192 KM Block","og_description":"Buy a Mercedes AMG GT 190 - SL 231 Mileage Blocker for the Best Prices \u2713 Free Shipping \u2713 Incl. Installation Guides","og_url":"https:\/\/kmblock.com\/de\/product\/mercedes-amg-gt-190-sl-231\/","og_site_name":"KM Block","og_image":[{"width":400,"height":327,"url":"https:\/\/kmblock.com\/wp-content\/uploads\/2024\/11\/Mercedes-AMG-GT-190-\u2013-SL-231.jpg","type":"image\/jpeg"}],"twitter_card":"summary_large_image","twitter_misc":{"Gesch\u00e4tzte Lesezeit":"3\u00a0Minuten"},"schema":{"@context":"https:\/\/schema.org","@graph":[{"@type":"WebPage","@id":"https:\/\/kmblock.com\/de\/product\/mercedes-amg-gt-190-sl-231\/","url":"https:\/\/kmblock.com\/de\/product\/mercedes-amg-gt-190-sl-231\/","name":"Mercedes AMG GT 190 - SL 231 Mileage Blocker (KM stopper) \u2192 KM Block","isPartOf":{"@id":"https:\/\/kmblock.com\/de\/#website"},"primaryImageOfPage":{"@id":"https:\/\/kmblock.com\/de\/product\/mercedes-amg-gt-190-sl-231\/#primaryimage"},"image":{"@id":"https:\/\/kmblock.com\/de\/product\/mercedes-amg-gt-190-sl-231\/#primaryimage"},"thumbnailUrl":"https:\/\/kmblock.com\/wp-content\/uploads\/2024\/11\/Mercedes-AMG-GT-190-\u2013-SL-231.jpg","datePublished":"2024-11-17T08:14:53+00:00","description":"Buy a Mercedes AMG GT 190 - SL 231 Mileage Blocker for the Best Prices \u2713 Free Shipping \u2713 Incl. Installation Guides","breadcrumb":{"@id":"https:\/\/kmblock.com\/de\/product\/mercedes-amg-gt-190-sl-231\/#breadcrumb"},"inLanguage":"de","potentialAction":[{"@type":"ReadAction","target":["https:\/\/kmblock.com\/de\/product\/mercedes-amg-gt-190-sl-231\/"]}]},{"@type":"ImageObject","inLanguage":"de","@id":"https:\/\/kmblock.com\/de\/product\/mercedes-amg-gt-190-sl-231\/#primaryimage","url":"https:\/\/kmblock.com\/wp-content\/uploads\/2024\/11\/Mercedes-AMG-GT-190-\u2013-SL-231.jpg","contentUrl":"https:\/\/kmblock.com\/wp-content\/uploads\/2024\/11\/Mercedes-AMG-GT-190-\u2013-SL-231.jpg","width":400,"height":327,"caption":"Mercedes AMG GT 190 \u2013 SL 231"},{"@type":"BreadcrumbList","@id":"https:\/\/kmblock.com\/de\/product\/mercedes-amg-gt-190-sl-231\/#breadcrumb","itemListElement":[{"@type":"ListItem","position":1,"name":"Startseite","item":"https:\/\/kmblock.com\/de\/"},{"@type":"ListItem","position":2,"name":"Produkte","item":"https:\/\/kmblock.com\/de\/shop\/"},{"@type":"ListItem","position":3,"name":"Mercedes AMG GT 190 &#8211; SL 231"}]},{"@type":"WebSite","@id":"https:\/\/kmblock.com\/de\/#website","url":"https:\/\/kmblock.com\/de\/","name":"KM Block","description":"","publisher":{"@id":"https:\/\/kmblock.com\/de\/#organization"},"potentialAction":[{"@type":"SearchAction","target":{"@type":"EntryPoint","urlTemplate":"https:\/\/kmblock.com\/de\/?s={search_term_string}"},"query-input":{"@type":"PropertyValueSpecification","valueRequired":true,"valueName":"search_term_string"}}],"inLanguage":"de"},{"@type":"Organization","@id":"https:\/\/kmblock.com\/de\/#organization","name":"KM-Block","url":"https:\/\/kmblock.com\/de\/","logo":{"@type":"ImageObject","inLanguage":"de","@id":"https:\/\/kmblock.com\/de\/#\/schema\/logo\/image\/","url":"https:\/\/kmblock.com\/wp-content\/uploads\/2024\/08\/main-logo.png","contentUrl":"https:\/\/kmblock.com\/wp-content\/uploads\/2024\/08\/main-logo.png","width":186,"height":28,"caption":"KM-Block"},"image":{"@id":"https:\/\/kmblock.com\/de\/#\/schema\/logo\/image\/"}}]}},"_links":{"self":[{"href":"https:\/\/kmblock.com\/de\/wp-json\/wp\/v2\/product\/7778","targetHints":{"allow":["GET"]}}],"collection":[{"href":"https:\/\/kmblock.com\/de\/wp-json\/wp\/v2\/product"}],"about":[{"href":"https:\/\/kmblock.com\/de\/wp-json\/wp\/v2\/types\/product"}],"replies":[{"embeddable":true,"href":"https:\/\/kmblock.com\/de\/wp-json\/wp\/v2\/comments?post=7778"}],"wp:featuredmedia":[{"embeddable":true,"href":"https:\/\/kmblock.com\/de\/wp-json\/wp\/v2\/media\/2645"}],"wp:attachment":[{"href":"https:\/\/kmblock.com\/de\/wp-json\/wp\/v2\/media?parent=7778"}],"wp:term":[{"taxonomy":"product_brand","embeddable":true,"href":"https:\/\/kmblock.com\/de\/wp-json\/wp\/v2\/product_brand?post=7778"},{"taxonomy":"product_cat","embeddable":true,"href":"https:\/\/kmblock.com\/de\/wp-json\/wp\/v2\/product_cat?post=7778"},{"taxonomy":"product_tag","embeddable":true,"href":"https:\/\/kmblock.com\/de\/wp-json\/wp\/v2\/product_tag?post=7778"}],"curies":[{"name":"wp","href":"https:\/\/api.w.org\/{rel}","templated":true}]}}