{"id":7758,"date":"2022-01-01T09:00:35","date_gmt":"2022-01-01T09:00:35","guid":{"rendered":"https:\/\/kmblock.com\/product\/mercedes-c-klasse-w204-c204-s204\/"},"modified":"2022-01-01T09:00:35","modified_gmt":"2022-01-01T09:00:35","slug":"mercedes-c-klasse-w204-c204-s204","status":"publish","type":"product","link":"https:\/\/kmblock.com\/de\/product\/mercedes-c-klasse-w204-c204-s204\/","title":{"rendered":"Mercedes C-Klasse W204\/C204\/S204"},"content":{"rendered":"<h3><strong>Kilometerstandsblocker f\u00fcr Mercedes C-Klasse W204 (2007-2015)<\/strong><\/h3>\n<p>Der <g id=\"gid_0\">Mercedes C-Klasse W204 Kilometerz\u00e4hler<\/g> wird oft auch als <g id=\"gid_1\">Kilometerz\u00e4hler-Blocker<\/g>, <g id=\"gid_2\">Kilometerz\u00e4hler-Stopper<\/g>, <strong>Dosen-Blocker<\/strong>, <strong>Kilometerz\u00e4hler-Stopper<\/strong>, <strong>Dosen-Filter<\/strong> oder manchmal auch als <strong>Kilometerz\u00e4hler-Korrekturwerkzeug<\/strong> bezeichnet.    <\/p>\n<p>Dieses Ger\u00e4t wurde speziell f\u00fcr alle <strong>Mercedes C-Klasse W204<\/strong> Modelle entwickelt, die zwischen <strong>2007 und 2015<\/strong> erschienen sind.<\/p>\n<h4><strong>Wichtige Spezifikationen:<\/strong><\/h4>\n<ul>\n<li><strong>Do-it-yourself (DIY) Installation<\/strong>: Einfach und schnell zu installieren, ohne dass Sie professionelle Hilfe ben\u00f6tigen.<\/li>\n<li><strong>Nicht zur\u00fcckverfolgbare Leistung<\/strong>: Das Ger\u00e4t hinterl\u00e4sst keine Spuren oder Ver\u00e4nderungen, die nach der Entfernung entdeckt werden k\u00f6nnen.<\/li>\n<li><strong>Kein L\u00f6ten oder Schneiden<\/strong>: Sie m\u00fcssen keine Kabel abschneiden oder elektronische Komponenten l\u00f6ten.<\/li>\n<li><strong>Qualitativ hochwertige Komponenten<\/strong>: Mit hochwertigen Steckern und hitzebest\u00e4ndigen Kabeln f\u00fcr lange Haltbarkeit.<\/li>\n<li><strong>Tachometer &amp; Assistenzsysteme<\/strong>: Sowohl der Tachometer als auch andere Assistenzprogramme funktionieren weiterhin einwandfrei.<\/li>\n<li><strong>Keine Fehlermeldungen<\/strong>: Keine Fehlermeldungen auf dem Tachometer oder dem Navigationspanel, selbst wenn Diagnosetester verwendet werden.<\/li>\n<li><strong>Gespeicherte Einstellungen<\/strong>: Sobald Sie das Modul eingestellt haben, werden die Einstellungen gespeichert und m\u00fcssen bei einem Neustart des Fahrzeugs nicht mehr zur\u00fcckgesetzt werden.<\/li>\n<li><strong>Abweichung des Kilometerstandes<\/strong>: F\u00fcr den Modus, der den Kilometerstand vollst\u00e4ndig \u00e4ndert, ist eine Abweichung von bis zu <strong>1%<\/strong> bei der gefahrenen Strecke erlaubt, mit geringf\u00fcgigen Unterschieden bei den gestoppten Kilometern.<\/li>\n<\/ul>\n<h4><strong>Modi \u00dcbersicht:<\/strong><\/h4>\n<ul>\n<li><strong>Modus 1<\/strong>: Der Kilometerz\u00e4hler bleibt bei 100% stehen, aber die Geschwindigkeitsanzeige funktioniert nicht.<\/li>\n<li><strong>Modus 2<\/strong>: 10% des tats\u00e4chlichen Kilometerstandes werden gez\u00e4hlt, und 1\/10 der Geschwindigkeit wird auf dem Tachometer angezeigt.<\/li>\n<li><strong>Modus 3<\/strong>: Der Kilometerstand wird halbiert (50%), und der Tachometer zeigt 50% der tats\u00e4chlichen Geschwindigkeit an.<\/li>\n<li><strong>Modus 4<\/strong>: Der Kilometerz\u00e4hler bleibt bei 100% stehen, aber die Geschwindigkeitsanzeige funktioniert.<\/li>\n<li><strong>Modus 5<\/strong>: Der Kilometerz\u00e4hler z\u00e4hlt 100% der zur\u00fcckgelegten Kilometer.<\/li>\n<\/ul>\n<h4><strong>Aktivierung &amp; Deaktivierung:<\/strong><\/h4>\n<p><span data-sheets-root=\"1\">&#8222;Aktivieren Sie die Funktion, indem Sie die &#8218;Return-Taste&#8216; 10 Sekunden lang gedr\u00fcckt halten, bis alle Lichter aufleuchten.<\/span><\/p>\n<p><strong>Modus Ein:<\/strong> alle Lichter leuchten auf und der Kilometerstand betr\u00e4gt 0%. Alles funktioniert einwandfrei.<\/p>\n<p><strong>Modus Aus:<\/strong> Alle Lichter gehen an und z\u00e4hlen 100% der Kilometer. Alles funktioniert einwandfrei.&#8220;<\/p>\n<h4><strong>Anweisungen zur Kalibrierung:<\/strong><\/h4>\n<ol>\n<li>Dr\u00fccken Sie zum Kalibrieren <strong>10 Mal<\/strong> die <strong>Return-Taste<\/strong>, wenn das Modul aktiviert ist.<\/li>\n<li>Stellen Sie die Geschwindigkeit auf <strong>60km\/h (oder 60mph)<\/strong> ein und passen Sie die Geschwindigkeit mit den <strong>Pfeiltasten<\/strong> an.<\/li>\n<li>Dr\u00fccken Sie die <strong>OK-Taste<\/strong> zur Best\u00e4tigung, sobald die Geschwindigkeit \u00fcbereinstimmt.<\/li>\n<li>Um den Kalibrierungsmodus zu verlassen, dr\u00fccken Sie <strong>12 Mal<\/strong> die <strong>Return-Taste<\/strong>.<\/li>\n<\/ol>\n<h4><strong>Wichtige Hinweise:<\/strong><\/h4>\n<ul>\n<li>Der <strong>Mercedes C-Klasse W204 Mileage Blocker<\/strong> ist ideal f\u00fcr <strong>Leistungstests<\/strong> oder eine <strong>vor\u00fcbergehende \u00c4nderung des Kilometerstandes<\/strong>.<\/li>\n<li><strong>Kein Werkzeug zur Korrektur des Kilometerstandes<\/strong>: Im Gegensatz zu Tools, die den Kilometerstand zur\u00fccksetzen k\u00f6nnen, wurde dieses Ger\u00e4t entwickelt, um den Kilometerstand zu Testzwecken anzuhalten oder zu ver\u00e4ndern, ohne den Kilometerstand dauerhaft zu l\u00f6schen.<\/li>\n<li>Das Modul funktioniert bei verschiedenen Motortypen, darunter <strong>Diesel<\/strong>, <strong>Benzin<\/strong>, <strong>Plug-in-Hybrid-Elektrofahrzeuge (PHEVs)<\/strong> und <strong>Elektroautos<\/strong>.<\/li>\n<\/ul>\n<h4><strong>Wichtigste Vorteile:<\/strong><\/h4>\n<ul>\n<li><strong>Nicht zur\u00fcckverfolgbar<\/strong>: Es werden keine Beweise f\u00fcr Manipulationen hinterlassen.<\/li>\n<li><strong>Keine Auswirkung auf andere Funktionen<\/strong>: Tachometer und Assistenzprogramme bleiben voll funktionsf\u00e4hig.<\/li>\n<li><strong>Mehrere Modi zur individuellen Anpassung<\/strong>: \u00c4ndern Sie den Kilometerstand und die Geschwindigkeitsanzeige nach Ihren W\u00fcnschen.<\/li>\n<li><strong>Zuverl\u00e4ssig<\/strong>: Speichert Ihre Einstellungen und sorgt daf\u00fcr, dass Sie beim Neustart des Fahrzeugs nicht zur\u00fcckgesetzt werden m\u00fcssen.<\/li>\n<\/ul>\n<p>Wenn Sie weitere Informationen w\u00fcnschen oder bestellen m\u00f6chten, wenden Sie sich bitte an uns.<\/p>\n","protected":false},"excerpt":{"rendered":"<p>Bitte vergewissern Sie sich vor der Bestellung, dass Sie den Aktivierungsprozess des Moduls und die m\u00f6glichen Auswirkungen auf Fehlermeldungen oder Fahrzeugfunktionen verstanden haben.<\/p>\n<p><strong>Dieses Ger\u00e4t ist f\u00fcr alle Mercedes C-Klasse W204 Modelle geeignet, die zwischen 2007 und 2015 auf den Markt kamen.  <\/strong>Einfache und schnelle Installation, keine professionelle Hilfe erforderlich. Das Ger\u00e4t hinterl\u00e4sst nach dem Ausbau keine Spuren von Manipulationen. Das Modul kann w\u00e4hrend der Fahrt aktiviert oder deaktiviert werden, f\u00fcr maximalen Komfort. Garantiert Haltbarkeit und lang anhaltende Leistung. Keine Beeintr\u00e4chtigung des Tachometers, der Navigation oder anderer Assistenzsysteme des Fahrzeugs.    <\/p>\n<p class=\"p1\"><b> \u2705 Nahtlose Integration<\/b><b><\/b><\/p>\n<p class=\"p1\">\u2705<b> Einfache Installation<\/b><b><\/b><\/p>\n<p class=\"p1\">\u2705<b> Genaue Verwaltung des Kilometerstandes<\/b><b><\/b><\/p>\n<p class=\"p1\"><b> \u2705 Betrieb im Tarnkappenmodus<\/b><b><\/b><\/p>\n<p class=\"p1\"><span class=\"s1\">\u2705<\/span><b> Lebenslanger Support und Updates<\/b><\/p>\n<p>&nbsp;<\/p>\n","protected":false},"featured_media":1075,"comment_status":"open","ping_status":"closed","template":"","meta":[],"product_brand":[],"product_cat":[806],"product_tag":[],"class_list":{"0":"post-7758","1":"product","2":"type-product","3":"status-publish","4":"has-post-thumbnail","6":"product_cat-mercedes","8":"first","9":"instock","10":"taxable","11":"shipping-taxable","12":"purchasable","13":"product-type-variable"},"yoast_head":"<!-- This site is optimized with the Yoast SEO plugin v27.5 - https:\/\/yoast.com\/product\/yoast-seo-wordpress\/ -->\n<title>Mercedes C-Klasse W204\/C204\/S204 Mileage Blocker (KM stopper) \u2192 KM Block<\/title>\n<meta name=\"description\" content=\"Buy a Mercedes C-Klasse W204\/C204\/S204 Mileage Blocker for the Best Prices \u2713 Free Shipping \u2713 Incl. Installation Guides\" \/>\n<meta name=\"robots\" content=\"index, follow, max-snippet:-1, max-image-preview:large, max-video-preview:-1\" \/>\n<meta property=\"og:locale\" content=\"de_DE\" \/>\n<meta property=\"og:type\" content=\"article\" \/>\n<meta property=\"og:title\" content=\"Mercedes C-Klasse W204\/C204\/S204 Mileage Blocker (KM stopper) \u2192 KM Block\" \/>\n<meta property=\"og:description\" content=\"Buy a Mercedes C-Klasse W204\/C204\/S204 Mileage Blocker for the Best Prices \u2713 Free Shipping \u2713 Incl. Installation Guides\" \/>\n<meta property=\"og:url\" content=\"https:\/\/kmblock.com\/de\/product\/mercedes-c-klasse-w204-c204-s204\/\" \/>\n<meta property=\"og:site_name\" content=\"KM Block\" \/>\n<meta property=\"og:image\" content=\"https:\/\/kmblock.com\/wp-content\/uploads\/2024\/11\/class-2018-600x491-1.jpg\" \/>\n\t<meta property=\"og:image:width\" content=\"600\" \/>\n\t<meta property=\"og:image:height\" content=\"491\" \/>\n\t<meta property=\"og:image:type\" content=\"image\/jpeg\" \/>\n<meta name=\"twitter:card\" content=\"summary_large_image\" \/>\n<meta name=\"twitter:label1\" content=\"Gesch\u00e4tzte Lesezeit\" \/>\n\t<meta name=\"twitter:data1\" content=\"3\u00a0Minuten\" \/>\n<script type=\"application\/ld+json\" class=\"yoast-schema-graph\">{\"@context\":\"https:\\\/\\\/schema.org\",\"@graph\":[{\"@type\":\"WebPage\",\"@id\":\"https:\\\/\\\/kmblock.com\\\/de\\\/product\\\/mercedes-c-klasse-w204-c204-s204\\\/\",\"url\":\"https:\\\/\\\/kmblock.com\\\/de\\\/product\\\/mercedes-c-klasse-w204-c204-s204\\\/\",\"name\":\"Mercedes C-Klasse W204\\\/C204\\\/S204 Mileage Blocker (KM stopper) \u2192 KM Block\",\"isPartOf\":{\"@id\":\"https:\\\/\\\/kmblock.com\\\/de\\\/#website\"},\"primaryImageOfPage\":{\"@id\":\"https:\\\/\\\/kmblock.com\\\/de\\\/product\\\/mercedes-c-klasse-w204-c204-s204\\\/#primaryimage\"},\"image\":{\"@id\":\"https:\\\/\\\/kmblock.com\\\/de\\\/product\\\/mercedes-c-klasse-w204-c204-s204\\\/#primaryimage\"},\"thumbnailUrl\":\"https:\\\/\\\/kmblock.com\\\/wp-content\\\/uploads\\\/2024\\\/11\\\/class-2018-600x491-1.jpg\",\"datePublished\":\"2022-01-01T09:00:35+00:00\",\"description\":\"Buy a Mercedes C-Klasse W204\\\/C204\\\/S204 Mileage Blocker for the Best Prices \u2713 Free Shipping \u2713 Incl. Installation Guides\",\"breadcrumb\":{\"@id\":\"https:\\\/\\\/kmblock.com\\\/de\\\/product\\\/mercedes-c-klasse-w204-c204-s204\\\/#breadcrumb\"},\"inLanguage\":\"de\",\"potentialAction\":[{\"@type\":\"ReadAction\",\"target\":[\"https:\\\/\\\/kmblock.com\\\/de\\\/product\\\/mercedes-c-klasse-w204-c204-s204\\\/\"]}]},{\"@type\":\"ImageObject\",\"inLanguage\":\"de\",\"@id\":\"https:\\\/\\\/kmblock.com\\\/de\\\/product\\\/mercedes-c-klasse-w204-c204-s204\\\/#primaryimage\",\"url\":\"https:\\\/\\\/kmblock.com\\\/wp-content\\\/uploads\\\/2024\\\/11\\\/class-2018-600x491-1.jpg\",\"contentUrl\":\"https:\\\/\\\/kmblock.com\\\/wp-content\\\/uploads\\\/2024\\\/11\\\/class-2018-600x491-1.jpg\",\"width\":600,\"height\":491},{\"@type\":\"BreadcrumbList\",\"@id\":\"https:\\\/\\\/kmblock.com\\\/de\\\/product\\\/mercedes-c-klasse-w204-c204-s204\\\/#breadcrumb\",\"itemListElement\":[{\"@type\":\"ListItem\",\"position\":1,\"name\":\"Startseite\",\"item\":\"https:\\\/\\\/kmblock.com\\\/de\\\/\"},{\"@type\":\"ListItem\",\"position\":2,\"name\":\"Produkte\",\"item\":\"https:\\\/\\\/kmblock.com\\\/de\\\/shop\\\/\"},{\"@type\":\"ListItem\",\"position\":3,\"name\":\"Mercedes C-Klasse W204\\\/C204\\\/S204\"}]},{\"@type\":\"WebSite\",\"@id\":\"https:\\\/\\\/kmblock.com\\\/de\\\/#website\",\"url\":\"https:\\\/\\\/kmblock.com\\\/de\\\/\",\"name\":\"KM Block\",\"description\":\"\",\"publisher\":{\"@id\":\"https:\\\/\\\/kmblock.com\\\/de\\\/#organization\"},\"potentialAction\":[{\"@type\":\"SearchAction\",\"target\":{\"@type\":\"EntryPoint\",\"urlTemplate\":\"https:\\\/\\\/kmblock.com\\\/de\\\/?s={search_term_string}\"},\"query-input\":{\"@type\":\"PropertyValueSpecification\",\"valueRequired\":true,\"valueName\":\"search_term_string\"}}],\"inLanguage\":\"de\"},{\"@type\":\"Organization\",\"@id\":\"https:\\\/\\\/kmblock.com\\\/de\\\/#organization\",\"name\":\"KM-Block\",\"url\":\"https:\\\/\\\/kmblock.com\\\/de\\\/\",\"logo\":{\"@type\":\"ImageObject\",\"inLanguage\":\"de\",\"@id\":\"https:\\\/\\\/kmblock.com\\\/de\\\/#\\\/schema\\\/logo\\\/image\\\/\",\"url\":\"https:\\\/\\\/kmblock.com\\\/wp-content\\\/uploads\\\/2024\\\/08\\\/main-logo.png\",\"contentUrl\":\"https:\\\/\\\/kmblock.com\\\/wp-content\\\/uploads\\\/2024\\\/08\\\/main-logo.png\",\"width\":186,\"height\":28,\"caption\":\"KM-Block\"},\"image\":{\"@id\":\"https:\\\/\\\/kmblock.com\\\/de\\\/#\\\/schema\\\/logo\\\/image\\\/\"}}]}<\/script>\n<!-- \/ Yoast SEO plugin. -->","yoast_head_json":{"title":"Mercedes C-Klasse W204\/C204\/S204 Mileage Blocker (KM stopper) \u2192 KM Block","description":"Buy a Mercedes C-Klasse W204\/C204\/S204 Mileage Blocker for the Best Prices \u2713 Free Shipping \u2713 Incl. Installation Guides","robots":{"index":"index","follow":"follow","max-snippet":"max-snippet:-1","max-image-preview":"max-image-preview:large","max-video-preview":"max-video-preview:-1"},"og_locale":"de_DE","og_type":"article","og_title":"Mercedes C-Klasse W204\/C204\/S204 Mileage Blocker (KM stopper) \u2192 KM Block","og_description":"Buy a Mercedes C-Klasse W204\/C204\/S204 Mileage Blocker for the Best Prices \u2713 Free Shipping \u2713 Incl. Installation Guides","og_url":"https:\/\/kmblock.com\/de\/product\/mercedes-c-klasse-w204-c204-s204\/","og_site_name":"KM Block","og_image":[{"width":600,"height":491,"url":"https:\/\/kmblock.com\/wp-content\/uploads\/2024\/11\/class-2018-600x491-1.jpg","type":"image\/jpeg"}],"twitter_card":"summary_large_image","twitter_misc":{"Gesch\u00e4tzte Lesezeit":"3\u00a0Minuten"},"schema":{"@context":"https:\/\/schema.org","@graph":[{"@type":"WebPage","@id":"https:\/\/kmblock.com\/de\/product\/mercedes-c-klasse-w204-c204-s204\/","url":"https:\/\/kmblock.com\/de\/product\/mercedes-c-klasse-w204-c204-s204\/","name":"Mercedes C-Klasse W204\/C204\/S204 Mileage Blocker (KM stopper) \u2192 KM Block","isPartOf":{"@id":"https:\/\/kmblock.com\/de\/#website"},"primaryImageOfPage":{"@id":"https:\/\/kmblock.com\/de\/product\/mercedes-c-klasse-w204-c204-s204\/#primaryimage"},"image":{"@id":"https:\/\/kmblock.com\/de\/product\/mercedes-c-klasse-w204-c204-s204\/#primaryimage"},"thumbnailUrl":"https:\/\/kmblock.com\/wp-content\/uploads\/2024\/11\/class-2018-600x491-1.jpg","datePublished":"2022-01-01T09:00:35+00:00","description":"Buy a Mercedes C-Klasse W204\/C204\/S204 Mileage Blocker for the Best Prices \u2713 Free Shipping \u2713 Incl. Installation Guides","breadcrumb":{"@id":"https:\/\/kmblock.com\/de\/product\/mercedes-c-klasse-w204-c204-s204\/#breadcrumb"},"inLanguage":"de","potentialAction":[{"@type":"ReadAction","target":["https:\/\/kmblock.com\/de\/product\/mercedes-c-klasse-w204-c204-s204\/"]}]},{"@type":"ImageObject","inLanguage":"de","@id":"https:\/\/kmblock.com\/de\/product\/mercedes-c-klasse-w204-c204-s204\/#primaryimage","url":"https:\/\/kmblock.com\/wp-content\/uploads\/2024\/11\/class-2018-600x491-1.jpg","contentUrl":"https:\/\/kmblock.com\/wp-content\/uploads\/2024\/11\/class-2018-600x491-1.jpg","width":600,"height":491},{"@type":"BreadcrumbList","@id":"https:\/\/kmblock.com\/de\/product\/mercedes-c-klasse-w204-c204-s204\/#breadcrumb","itemListElement":[{"@type":"ListItem","position":1,"name":"Startseite","item":"https:\/\/kmblock.com\/de\/"},{"@type":"ListItem","position":2,"name":"Produkte","item":"https:\/\/kmblock.com\/de\/shop\/"},{"@type":"ListItem","position":3,"name":"Mercedes C-Klasse W204\/C204\/S204"}]},{"@type":"WebSite","@id":"https:\/\/kmblock.com\/de\/#website","url":"https:\/\/kmblock.com\/de\/","name":"KM Block","description":"","publisher":{"@id":"https:\/\/kmblock.com\/de\/#organization"},"potentialAction":[{"@type":"SearchAction","target":{"@type":"EntryPoint","urlTemplate":"https:\/\/kmblock.com\/de\/?s={search_term_string}"},"query-input":{"@type":"PropertyValueSpecification","valueRequired":true,"valueName":"search_term_string"}}],"inLanguage":"de"},{"@type":"Organization","@id":"https:\/\/kmblock.com\/de\/#organization","name":"KM-Block","url":"https:\/\/kmblock.com\/de\/","logo":{"@type":"ImageObject","inLanguage":"de","@id":"https:\/\/kmblock.com\/de\/#\/schema\/logo\/image\/","url":"https:\/\/kmblock.com\/wp-content\/uploads\/2024\/08\/main-logo.png","contentUrl":"https:\/\/kmblock.com\/wp-content\/uploads\/2024\/08\/main-logo.png","width":186,"height":28,"caption":"KM-Block"},"image":{"@id":"https:\/\/kmblock.com\/de\/#\/schema\/logo\/image\/"}}]}},"_links":{"self":[{"href":"https:\/\/kmblock.com\/de\/wp-json\/wp\/v2\/product\/7758","targetHints":{"allow":["GET"]}}],"collection":[{"href":"https:\/\/kmblock.com\/de\/wp-json\/wp\/v2\/product"}],"about":[{"href":"https:\/\/kmblock.com\/de\/wp-json\/wp\/v2\/types\/product"}],"replies":[{"embeddable":true,"href":"https:\/\/kmblock.com\/de\/wp-json\/wp\/v2\/comments?post=7758"}],"wp:featuredmedia":[{"embeddable":true,"href":"https:\/\/kmblock.com\/de\/wp-json\/wp\/v2\/media\/1075"}],"wp:attachment":[{"href":"https:\/\/kmblock.com\/de\/wp-json\/wp\/v2\/media?parent=7758"}],"wp:term":[{"taxonomy":"product_brand","embeddable":true,"href":"https:\/\/kmblock.com\/de\/wp-json\/wp\/v2\/product_brand?post=7758"},{"taxonomy":"product_cat","embeddable":true,"href":"https:\/\/kmblock.com\/de\/wp-json\/wp\/v2\/product_cat?post=7758"},{"taxonomy":"product_tag","embeddable":true,"href":"https:\/\/kmblock.com\/de\/wp-json\/wp\/v2\/product_tag?post=7758"}],"curies":[{"name":"wp","href":"https:\/\/api.w.org\/{rel}","templated":true}]}}