{"id":7704,"date":"2024-11-17T07:37:38","date_gmt":"2024-11-17T07:37:38","guid":{"rendered":"https:\/\/kmblock.com\/product\/mercedes-a-klasse-w176\/"},"modified":"2024-11-17T07:37:38","modified_gmt":"2024-11-17T07:37:38","slug":"mercedes-a-klasse-w176","status":"publish","type":"product","link":"https:\/\/kmblock.com\/de\/product\/mercedes-a-klasse-w176\/","title":{"rendered":"Mercedes A-Klasse W176"},"content":{"rendered":"<h3><strong>Mercedes A-Klasse W176 Kilometerstopper (Kilometerz\u00e4hler)<\/strong><\/h3>\n<h4><strong>Spezifikationen<\/strong><\/h4>\n<ul>\n<li><strong>DIY-Installation<\/strong>: Einfach zu installieren, ohne dass Sie professionelle Hilfe ben\u00f6tigen.<\/li>\n<li><strong>Bequeme Ein\/Aus-Bedienung<\/strong>: Aktivieren oder deaktivieren Sie es w\u00e4hrend der Fahrt.<\/li>\n<li><strong>Keine Modifikationen erforderlich<\/strong>: Kein L\u00f6ten oder Schneiden von Kabeln; v\u00f6llig spurenfrei.<\/li>\n<li><strong>Hochwertige Komponenten<\/strong>: Ausgestattet mit hochwertigen Steckern und hitzebest\u00e4ndigen Kabeln.<\/li>\n<li><strong>Mehrere Tastenkombinationen<\/strong>: Durch einfaches Dr\u00fccken der Tasten k\u00f6nnen Sie zwischen den Einstellungen wechseln.<\/li>\n<li><strong>Integrit\u00e4t nach dem Ausbau<\/strong>: Nach dem Entfernen des Moduls erh\u00f6ht sich der Kilometerstand nicht automatisch.<\/li>\n<li><strong>Unsichtbar f\u00fcr Diagnoseger\u00e4te<\/strong>: Diagnosetools erkennen keine Ver\u00e4nderung des Kilometerstandes in der Mercedes A-Klasse W176.<\/li>\n<li><strong>Beibehaltung der Einstellungen<\/strong>: Sobald Sie einen Modus ausgew\u00e4hlt haben, werden die Einstellungen dauerhaft gespeichert.<\/li>\n<li><strong>Einwandfreier Betrieb<\/strong>: Tachometer und Assistenzsysteme funktionieren einwandfrei, ohne dass Fehlermeldungen angezeigt werden.<\/li>\n<li><strong>Reibungslose Installation<\/strong>: Die Steckfl\u00e4che und die Rillen am Stecker sorgen f\u00fcr eine problemlose Installation.<\/li>\n<li><strong>Abweichung beim Kilometerstand<\/strong>: Bei der Blockierung des vollen Kilometerstandes kann es zu einer maximalen Abweichung von bis zu 1% bei der angezeigten Entfernung kommen (dies ist auf ungef\u00e4hre Sch\u00e4tzungen des gestoppten Kilometerstandes zur\u00fcckzuf\u00fchren).<\/li>\n<\/ul>\n<h3><strong>Aktivierung<\/strong><\/h3>\n<p><span data-sheets-root=\"1\">&#8222;Aktivieren Sie die Funktion, indem Sie die &#8218;Return-Taste&#8216; 10 Sekunden lang gedr\u00fcckt halten, bis alle Lichter aufleuchten.<\/span><\/p>\n<p><strong>Modus Ein:<\/strong> alle Lichter leuchten auf und der Kilometerstand betr\u00e4gt 0%. Alles funktioniert einwandfrei.<\/p>\n<p><strong>Modus Aus<\/strong>: Alle Lichter gehen an und z\u00e4hlen 100% der Kilometer. Alles funktioniert einwandfrei.&#8220;<\/p>\n<h4><strong>Tachometer-Kalibrierung<\/strong><\/h4>\n<p>Wenn der Tachometer nicht richtig funktioniert, befolgen Sie den Kalibrierungsprozess:<\/p>\n<ol>\n<li><strong>Aktivieren Sie das Modul<\/strong>.<\/li>\n<li><strong>Dr\u00fccken Sie 10 Mal die Return-Taste<\/strong>, um die Kalibrierung zu starten (ideale Geschwindigkeit: 60 km\/h oder 60 mph).<\/li>\n<li>Verwenden Sie die <strong>Pfeiltasten nach oben\/unten<\/strong>, um die Geschwindigkeit einzustellen.<\/li>\n<li>Vergewissern Sie sich, dass die Geschwindigkeit richtig eingestellt ist, indem Sie den Tachometer beobachten.<\/li>\n<li>Dr\u00fccken Sie die <strong>OK-Taste<\/strong>, wenn die Tachonadel 0 erreicht oder Sie einen kurzen Piepton h\u00f6ren.<\/li>\n<li>Dr\u00fccken Sie <strong>12 Mal<\/strong> die <strong>Return-Taste<\/strong>, um den Kalibrierungsmodus zu verlassen.<\/li>\n<\/ol>\n<hr>\n<h4><strong>Wie es funktioniert<\/strong><\/h4>\n<p>Der <strong>Mercedes A-Klasse W176 Mileage Blocker<\/strong> ist ein Hilfsmittel, das den Kilometerz\u00e4hler daran hindert, den Kilometerstand aufzuzeichnen, was besonders bei Leistungstests n\u00fctzlich ist.<\/p>\n<ul>\n<li><strong>Vielseitige Kompatibilit\u00e4t<\/strong>: Es funktioniert mit digitalen Kilometerz\u00e4hlern, die in Kilometern oder Meilen messen. Das Modul ist mit Diesel-, Benzin-, Plug-in-Hybrid- und Elektrofahrzeugen kompatibel. <\/li>\n<li><strong>Einfache Bedienung<\/strong>: \u00c4ndern Sie die Einstellungen mit vordefinierten Tastenkombinationen, um zwischen den Modi zu wechseln.<\/li>\n<li><strong>Hauptmerkmale<\/strong>: Stoppt die Kilometerz\u00e4hlung w\u00e4hrend der Fahrt und kann jederzeit ausgeschaltet werden, egal ob das Auto f\u00e4hrt oder steht.<\/li>\n<\/ul>\n<hr>\n<h4><strong>Wichtige Hinweise<\/strong><\/h4>\n<ul>\n<li><strong>Kein betr\u00fcgerisches Mileage Rollback<\/strong>: Wir verkaufen keine Tools zum Zur\u00fccksetzen des Kilometerstandes, da sie f\u00fcr betr\u00fcgerische Zwecke gedacht sind. Diese Tools versuchen in der Regel, den Kilometerstand zu l\u00f6schen, aber sie ver\u00e4ndern nicht alle Datenspeicher im Auto. <\/li>\n<li><strong>Kilometerstopper vs. Kilometerkorrektur<\/strong>: Im Gegensatz zu Korrekturger\u00e4ten, die versuchen, den Kilometerstand zu manipulieren, verhindert der Mileage <strong>Stopper<\/strong> lediglich, dass der Kilometerstand bei bestimmten Vorg\u00e4ngen wie Leistungstests aufgezeichnet wird.<\/li>\n<\/ul>\n<hr>\n<p>Dieser <strong>Mercedes A-Klasse W176 Mileage Blocker<\/strong> bietet eine einfach zu bedienende und effektive L\u00f6sung zur Kontrolle des Kilometerstandes, ohne dass die Fahrzeugdaten dauerhaft ver\u00e4ndert werden. Installieren Sie das Modul einfach und genie\u00dfen Sie die vollst\u00e4ndige Kontrolle \u00fcber Ihren Kilometerstand. <\/p>\n<hr>\n","protected":false},"excerpt":{"rendered":"<p><strong>Wichtige Informationen vor der Bestellung: <\/strong>Dieses Ger\u00e4t ist f\u00fcr alle Mercedes A-Klasse W176 Modelle geeignet, die zwischen 2012-2018 erschienen sind. Einfache Installation, ohne dass Sie professionelle Hilfe ben\u00f6tigen. Das Modul arbeitet spurlos, so dass das System nicht entdeckt werden kann. Das Ger\u00e4t kann w\u00e4hrend der Fahrt aktiviert oder deaktiviert werden und bietet somit Flexibilit\u00e4t. Ausgestattet mit hochwertigen Steckern und hitzebest\u00e4ndigen Kabeln f\u00fcr eine zuverl\u00e4ssige und langlebige Leistung. Der Tachometer und alle Assistenzsysteme arbeiten nahtlos und ohne Beeintr\u00e4chtigung der normalen Fahrzeugfunktionen.     <\/p>\n<hr>\n<p><strong>Wichtige Hinweise:<\/strong> Das System sorgt daf\u00fcr, dass w\u00e4hrend des Betriebs keine Fehlermeldungen auf dem Tachometer, dem Armaturenbrett oder dem Navigationspanel erscheinen. Alle Funktionen, einschlie\u00dflich des Tempomats und anderer Fahrzeugassistenzsysteme, funktionieren weiterhin problemlos, auch wenn das Ger\u00e4t aktiv ist. Sobald das Modul aktiviert ist, bleiben die Einstellungen gespeichert, so dass Sie es nicht jedes Mal neu konfigurieren m\u00fcssen, wenn Sie Ihr Auto starten.  <\/p>\n<p class=\"p1\"><b> \u2705 Nahtlose Integration<\/b><b><\/b><\/p>\n<p class=\"p1\">\u2705<b> Einfache Installation<\/b><b><\/b><\/p>\n<p class=\"p1\">\u2705<b> Genaue Verwaltung des Kilometerstandes<\/b><b><\/b><\/p>\n<p class=\"p1\"><b> \u2705 Betrieb im Tarnkappenmodus<\/b><b><\/b><\/p>\n<p class=\"p1\"><span class=\"s1\">\u2705<\/span><b> Lebenslanger Support und Updates<\/b><\/p>\n","protected":false},"featured_media":1071,"comment_status":"open","ping_status":"closed","template":"","meta":[],"product_brand":[],"product_cat":[806],"product_tag":[],"class_list":{"0":"post-7704","1":"product","2":"type-product","3":"status-publish","4":"has-post-thumbnail","6":"product_cat-mercedes","8":"first","9":"instock","10":"taxable","11":"shipping-taxable","12":"purchasable","13":"product-type-variable"},"yoast_head":"<!-- This site is optimized with the Yoast SEO plugin v27.5 - https:\/\/yoast.com\/product\/yoast-seo-wordpress\/ -->\n<title>Mercedes A-Klasse W176 Mileage Blocker (KM stopper) \u2192 KM Block<\/title>\n<meta name=\"description\" content=\"Buy a Mercedes A-Klasse W176 Mileage Blocker for the Best Prices \u2713 Free Shipping \u2713 Incl. Installation Guides\" \/>\n<meta name=\"robots\" content=\"index, follow, max-snippet:-1, max-image-preview:large, max-video-preview:-1\" \/>\n<meta property=\"og:locale\" content=\"de_DE\" \/>\n<meta property=\"og:type\" content=\"article\" \/>\n<meta property=\"og:title\" content=\"Mercedes A-Klasse W176 Mileage Blocker (KM stopper) \u2192 KM Block\" \/>\n<meta property=\"og:description\" content=\"Buy a Mercedes A-Klasse W176 Mileage Blocker for the Best Prices \u2713 Free Shipping \u2713 Incl. Installation Guides\" \/>\n<meta property=\"og:url\" content=\"https:\/\/kmblock.com\/de\/product\/mercedes-a-klasse-w176\/\" \/>\n<meta property=\"og:site_name\" content=\"KM Block\" \/>\n<meta property=\"og:image\" content=\"https:\/\/kmblock.com\/wp-content\/uploads\/2024\/11\/aclass-w176-600x491-1.jpg\" \/>\n\t<meta property=\"og:image:width\" content=\"600\" \/>\n\t<meta property=\"og:image:height\" content=\"491\" \/>\n\t<meta property=\"og:image:type\" content=\"image\/jpeg\" \/>\n<meta name=\"twitter:card\" content=\"summary_large_image\" \/>\n<meta name=\"twitter:label1\" content=\"Gesch\u00e4tzte Lesezeit\" \/>\n\t<meta name=\"twitter:data1\" content=\"3\u00a0Minuten\" \/>\n<script type=\"application\/ld+json\" class=\"yoast-schema-graph\">{\"@context\":\"https:\\\/\\\/schema.org\",\"@graph\":[{\"@type\":\"WebPage\",\"@id\":\"https:\\\/\\\/kmblock.com\\\/de\\\/product\\\/mercedes-a-klasse-w176\\\/\",\"url\":\"https:\\\/\\\/kmblock.com\\\/de\\\/product\\\/mercedes-a-klasse-w176\\\/\",\"name\":\"Mercedes A-Klasse W176 Mileage Blocker (KM stopper) \u2192 KM Block\",\"isPartOf\":{\"@id\":\"https:\\\/\\\/kmblock.com\\\/de\\\/#website\"},\"primaryImageOfPage\":{\"@id\":\"https:\\\/\\\/kmblock.com\\\/de\\\/product\\\/mercedes-a-klasse-w176\\\/#primaryimage\"},\"image\":{\"@id\":\"https:\\\/\\\/kmblock.com\\\/de\\\/product\\\/mercedes-a-klasse-w176\\\/#primaryimage\"},\"thumbnailUrl\":\"https:\\\/\\\/kmblock.com\\\/wp-content\\\/uploads\\\/2024\\\/11\\\/aclass-w176-600x491-1.jpg\",\"datePublished\":\"2024-11-17T07:37:38+00:00\",\"description\":\"Buy a Mercedes A-Klasse W176 Mileage Blocker for the Best Prices \u2713 Free Shipping \u2713 Incl. Installation Guides\",\"breadcrumb\":{\"@id\":\"https:\\\/\\\/kmblock.com\\\/de\\\/product\\\/mercedes-a-klasse-w176\\\/#breadcrumb\"},\"inLanguage\":\"de\",\"potentialAction\":[{\"@type\":\"ReadAction\",\"target\":[\"https:\\\/\\\/kmblock.com\\\/de\\\/product\\\/mercedes-a-klasse-w176\\\/\"]}]},{\"@type\":\"ImageObject\",\"inLanguage\":\"de\",\"@id\":\"https:\\\/\\\/kmblock.com\\\/de\\\/product\\\/mercedes-a-klasse-w176\\\/#primaryimage\",\"url\":\"https:\\\/\\\/kmblock.com\\\/wp-content\\\/uploads\\\/2024\\\/11\\\/aclass-w176-600x491-1.jpg\",\"contentUrl\":\"https:\\\/\\\/kmblock.com\\\/wp-content\\\/uploads\\\/2024\\\/11\\\/aclass-w176-600x491-1.jpg\",\"width\":600,\"height\":491},{\"@type\":\"BreadcrumbList\",\"@id\":\"https:\\\/\\\/kmblock.com\\\/de\\\/product\\\/mercedes-a-klasse-w176\\\/#breadcrumb\",\"itemListElement\":[{\"@type\":\"ListItem\",\"position\":1,\"name\":\"Startseite\",\"item\":\"https:\\\/\\\/kmblock.com\\\/de\\\/\"},{\"@type\":\"ListItem\",\"position\":2,\"name\":\"Produkte\",\"item\":\"https:\\\/\\\/kmblock.com\\\/de\\\/shop\\\/\"},{\"@type\":\"ListItem\",\"position\":3,\"name\":\"Mercedes A-Klasse W176\"}]},{\"@type\":\"WebSite\",\"@id\":\"https:\\\/\\\/kmblock.com\\\/de\\\/#website\",\"url\":\"https:\\\/\\\/kmblock.com\\\/de\\\/\",\"name\":\"KM Block\",\"description\":\"\",\"publisher\":{\"@id\":\"https:\\\/\\\/kmblock.com\\\/de\\\/#organization\"},\"potentialAction\":[{\"@type\":\"SearchAction\",\"target\":{\"@type\":\"EntryPoint\",\"urlTemplate\":\"https:\\\/\\\/kmblock.com\\\/de\\\/?s={search_term_string}\"},\"query-input\":{\"@type\":\"PropertyValueSpecification\",\"valueRequired\":true,\"valueName\":\"search_term_string\"}}],\"inLanguage\":\"de\"},{\"@type\":\"Organization\",\"@id\":\"https:\\\/\\\/kmblock.com\\\/de\\\/#organization\",\"name\":\"KM-Block\",\"url\":\"https:\\\/\\\/kmblock.com\\\/de\\\/\",\"logo\":{\"@type\":\"ImageObject\",\"inLanguage\":\"de\",\"@id\":\"https:\\\/\\\/kmblock.com\\\/de\\\/#\\\/schema\\\/logo\\\/image\\\/\",\"url\":\"https:\\\/\\\/kmblock.com\\\/wp-content\\\/uploads\\\/2024\\\/08\\\/main-logo.png\",\"contentUrl\":\"https:\\\/\\\/kmblock.com\\\/wp-content\\\/uploads\\\/2024\\\/08\\\/main-logo.png\",\"width\":186,\"height\":28,\"caption\":\"KM-Block\"},\"image\":{\"@id\":\"https:\\\/\\\/kmblock.com\\\/de\\\/#\\\/schema\\\/logo\\\/image\\\/\"}}]}<\/script>\n<!-- \/ Yoast SEO plugin. -->","yoast_head_json":{"title":"Mercedes A-Klasse W176 Mileage Blocker (KM stopper) \u2192 KM Block","description":"Buy a Mercedes A-Klasse W176 Mileage Blocker for the Best Prices \u2713 Free Shipping \u2713 Incl. Installation Guides","robots":{"index":"index","follow":"follow","max-snippet":"max-snippet:-1","max-image-preview":"max-image-preview:large","max-video-preview":"max-video-preview:-1"},"og_locale":"de_DE","og_type":"article","og_title":"Mercedes A-Klasse W176 Mileage Blocker (KM stopper) \u2192 KM Block","og_description":"Buy a Mercedes A-Klasse W176 Mileage Blocker for the Best Prices \u2713 Free Shipping \u2713 Incl. Installation Guides","og_url":"https:\/\/kmblock.com\/de\/product\/mercedes-a-klasse-w176\/","og_site_name":"KM Block","og_image":[{"width":600,"height":491,"url":"https:\/\/kmblock.com\/wp-content\/uploads\/2024\/11\/aclass-w176-600x491-1.jpg","type":"image\/jpeg"}],"twitter_card":"summary_large_image","twitter_misc":{"Gesch\u00e4tzte Lesezeit":"3\u00a0Minuten"},"schema":{"@context":"https:\/\/schema.org","@graph":[{"@type":"WebPage","@id":"https:\/\/kmblock.com\/de\/product\/mercedes-a-klasse-w176\/","url":"https:\/\/kmblock.com\/de\/product\/mercedes-a-klasse-w176\/","name":"Mercedes A-Klasse W176 Mileage Blocker (KM stopper) \u2192 KM Block","isPartOf":{"@id":"https:\/\/kmblock.com\/de\/#website"},"primaryImageOfPage":{"@id":"https:\/\/kmblock.com\/de\/product\/mercedes-a-klasse-w176\/#primaryimage"},"image":{"@id":"https:\/\/kmblock.com\/de\/product\/mercedes-a-klasse-w176\/#primaryimage"},"thumbnailUrl":"https:\/\/kmblock.com\/wp-content\/uploads\/2024\/11\/aclass-w176-600x491-1.jpg","datePublished":"2024-11-17T07:37:38+00:00","description":"Buy a Mercedes A-Klasse W176 Mileage Blocker for the Best Prices \u2713 Free Shipping \u2713 Incl. Installation Guides","breadcrumb":{"@id":"https:\/\/kmblock.com\/de\/product\/mercedes-a-klasse-w176\/#breadcrumb"},"inLanguage":"de","potentialAction":[{"@type":"ReadAction","target":["https:\/\/kmblock.com\/de\/product\/mercedes-a-klasse-w176\/"]}]},{"@type":"ImageObject","inLanguage":"de","@id":"https:\/\/kmblock.com\/de\/product\/mercedes-a-klasse-w176\/#primaryimage","url":"https:\/\/kmblock.com\/wp-content\/uploads\/2024\/11\/aclass-w176-600x491-1.jpg","contentUrl":"https:\/\/kmblock.com\/wp-content\/uploads\/2024\/11\/aclass-w176-600x491-1.jpg","width":600,"height":491},{"@type":"BreadcrumbList","@id":"https:\/\/kmblock.com\/de\/product\/mercedes-a-klasse-w176\/#breadcrumb","itemListElement":[{"@type":"ListItem","position":1,"name":"Startseite","item":"https:\/\/kmblock.com\/de\/"},{"@type":"ListItem","position":2,"name":"Produkte","item":"https:\/\/kmblock.com\/de\/shop\/"},{"@type":"ListItem","position":3,"name":"Mercedes A-Klasse W176"}]},{"@type":"WebSite","@id":"https:\/\/kmblock.com\/de\/#website","url":"https:\/\/kmblock.com\/de\/","name":"KM Block","description":"","publisher":{"@id":"https:\/\/kmblock.com\/de\/#organization"},"potentialAction":[{"@type":"SearchAction","target":{"@type":"EntryPoint","urlTemplate":"https:\/\/kmblock.com\/de\/?s={search_term_string}"},"query-input":{"@type":"PropertyValueSpecification","valueRequired":true,"valueName":"search_term_string"}}],"inLanguage":"de"},{"@type":"Organization","@id":"https:\/\/kmblock.com\/de\/#organization","name":"KM-Block","url":"https:\/\/kmblock.com\/de\/","logo":{"@type":"ImageObject","inLanguage":"de","@id":"https:\/\/kmblock.com\/de\/#\/schema\/logo\/image\/","url":"https:\/\/kmblock.com\/wp-content\/uploads\/2024\/08\/main-logo.png","contentUrl":"https:\/\/kmblock.com\/wp-content\/uploads\/2024\/08\/main-logo.png","width":186,"height":28,"caption":"KM-Block"},"image":{"@id":"https:\/\/kmblock.com\/de\/#\/schema\/logo\/image\/"}}]}},"_links":{"self":[{"href":"https:\/\/kmblock.com\/de\/wp-json\/wp\/v2\/product\/7704","targetHints":{"allow":["GET"]}}],"collection":[{"href":"https:\/\/kmblock.com\/de\/wp-json\/wp\/v2\/product"}],"about":[{"href":"https:\/\/kmblock.com\/de\/wp-json\/wp\/v2\/types\/product"}],"replies":[{"embeddable":true,"href":"https:\/\/kmblock.com\/de\/wp-json\/wp\/v2\/comments?post=7704"}],"wp:featuredmedia":[{"embeddable":true,"href":"https:\/\/kmblock.com\/de\/wp-json\/wp\/v2\/media\/1071"}],"wp:attachment":[{"href":"https:\/\/kmblock.com\/de\/wp-json\/wp\/v2\/media?parent=7704"}],"wp:term":[{"taxonomy":"product_brand","embeddable":true,"href":"https:\/\/kmblock.com\/de\/wp-json\/wp\/v2\/product_brand?post=7704"},{"taxonomy":"product_cat","embeddable":true,"href":"https:\/\/kmblock.com\/de\/wp-json\/wp\/v2\/product_cat?post=7704"},{"taxonomy":"product_tag","embeddable":true,"href":"https:\/\/kmblock.com\/de\/wp-json\/wp\/v2\/product_tag?post=7704"}],"curies":[{"name":"wp","href":"https:\/\/api.w.org\/{rel}","templated":true}]}}