{"id":7697,"date":"2024-11-17T09:53:55","date_gmt":"2024-11-17T09:53:55","guid":{"rendered":"https:\/\/kmblock.com\/product\/mercedes-g-class-g-wagen-w463\/"},"modified":"2024-11-17T09:53:55","modified_gmt":"2024-11-17T09:53:55","slug":"mercedes-g-class-g-wagen-w463","status":"publish","type":"product","link":"https:\/\/kmblock.com\/de\/product\/mercedes-g-class-g-wagen-w463\/","title":{"rendered":"Mercedes G CLASS (G-Wagen) W463"},"content":{"rendered":"<div class=\"flex-shrink-0 flex flex-col relative items-end\">\n<div class=\"pt-0\">\n<div class=\"gizmo-bot-avatar flex h-8 w-8 items-center justify-center overflow-hidden rounded-full\">\n<div class=\"relative p-1 rounded-sm flex items-center justify-center bg-token-main-surface-primary text-token-text-primary h-8 w-8\">\n<h3><strong>KILOMETERSTANDSBLOCKER F\u00dcR MERCEDES G-KLASSE W464<\/strong><\/h3>\n<p>Der <strong>Mercedes G-Klasse W464 Mileage Blocker<\/strong> ist auch unter verschiedenen Namen bekannt, wie z.B. Odometer Blocker, Odometer Stopper, Can Blocker, Mileage Stopper, Trip Odometer und Can Filter, und kann manchmal auch als Kilometerstandskorrekturwerkzeug bezeichnet werden.<\/p>\n<h4><strong>Wichtige Spezifikationen:<\/strong><\/h4>\n<ul>\n<li><strong>Einfache DIY-Installation<\/strong>: Das Modul ist einfach zu installieren, ohne dass Sie professionelle Hilfe ben\u00f6tigen. Es ist kein Schneiden von Kabeln oder L\u00f6ten erforderlich.<\/li>\n<li><strong>Geschwindigkeitsanzeige und Tempomat<\/strong>: Diese funktionieren bei der Vor-Facelift-Version des Fahrzeugs einwandfrei.<\/li>\n<li><strong>Einschalten w\u00e4hrend der Fahrt<\/strong>: Das Ger\u00e4t kann ein- und ausgeschaltet werden, w\u00e4hrend das Fahrzeug in Bewegung ist.<\/li>\n<li><strong>Keine Striche auf dem Kilometerz\u00e4hler<\/strong>: Im Gegensatz zu anderen Ger\u00e4ten sorgt dieses Modul daf\u00fcr, dass keine Striche auf dem Kilometerz\u00e4hler erscheinen.<\/li>\n<li><strong>Keine Erh\u00f6hung des Kilometerstandes nach dem Ausbau<\/strong>: Nach dem Ausbau des Moduls erh\u00f6ht sich der Kilometerstand des Fahrzeugs nicht unerwartet.<\/li>\n<li><strong>Gespeicherte Einstellungen<\/strong>: Sobald Sie Einstellungen ausgew\u00e4hlt haben, werden diese automatisch gespeichert.<\/li>\n<li><strong>Qualitativ hochwertige Stecker und hitzebest\u00e4ndige Kabel<\/strong>: Garantiert Langlebigkeit und Strapazierf\u00e4higkeit.<\/li>\n<li><strong>Mehrere Modi verf\u00fcgbar<\/strong>: Das Modul bietet mehrere Modi, um den Kilometerstand des Fahrzeugs anzupassen.<\/li>\n<li><strong>Von Diagnosetestern nicht auffindbar<\/strong>: Die Wirkung des Moduls kann von Diagnoseger\u00e4ten nicht erkannt werden.<\/li>\n<li><strong>Reibungsloser Installationsprozess<\/strong>: Das Modul ist f\u00fcr eine einfache Installation konzipiert, mit passenden Fl\u00e4chen und Rillen auf dem Stecker, um einen korrekten Sitz zu gew\u00e4hrleisten.<\/li>\n<\/ul>\n<h4><strong>Wichtiger Hinweis<\/strong>:<\/h4>\n<ul>\n<li><strong>Kompatibilit\u00e4t der Assistenzsysteme<\/strong>: Einige Systeme funktionieren m\u00f6glicherweise nicht richtig, insbesondere bei den Facelift-Modellen:\n<ul>\n<li>Der <strong>automatische Fernlichtassistent<\/strong> wird bei Fahrzeugen mit Mehrlichtscheinwerfern nicht unterst\u00fctzt, aber die manuelle Bedienung des Fernlichts ist weiterhin m\u00f6glich.<\/li>\n<li>Das <strong>Navigationssystem<\/strong> wird von den Facelift-Modellen nicht unterst\u00fctzt.<\/li>\n<li>Das <strong>CarPlay-System<\/strong> funktioniert, aber die Routenf\u00fchrung wird nicht verf\u00fcgbar sein.<\/li>\n<\/ul>\n<\/li>\n<\/ul>\n<h4><strong>Aktivierung &amp; Deaktivierung<\/strong>:<\/h4>\n<p><span data-sheets-root=\"1\">&#8222;Aktivieren Sie, indem Sie die Stummschalttaste 10 Sekunden lang gedr\u00fcckt halten, bis alle Lichter aufleuchten.<\/span><\/p>\n<p><strong>Modus Ein:<\/strong> alle Lichter leuchten auf und der Kilometerstand betr\u00e4gt 0%. Alles funktioniert einwandfrei.<\/p>\n<p><strong>Modus Aus:<\/strong> Alle Lichter gehen an und z\u00e4hlen 100% der Kilometer. Alles funktioniert einwandfrei.&#8220;<\/p>\n<h4><strong>Verf\u00fcgbare Modi<\/strong>:<\/h4>\n<ul>\n<li><strong>Modus 1<\/strong>: Der Kilometerz\u00e4hler wird zu 100% angehalten, ohne Geschwindigkeitsanzeige.<\/li>\n<li><strong>Modus 2<\/strong>: Es wird nur ein Prozentsatz der zur\u00fcckgelegten Kilometer aufgezeichnet und die Geschwindigkeit wird um einen bestimmten Faktor reduziert.<\/li>\n<li><strong>Modus 3<\/strong>: \u00c4hnlich wie Modus 2, aber mit anderen prozentualen Einstellungen.<\/li>\n<li><strong>Modus 4<\/strong>: Das Modul ist deaktiviert, und der Kilometerstand wird normal aufgezeichnet.<\/li>\n<\/ul>\n<h4><strong>Verwendung<\/strong>:<\/h4>\n<p>Der Mercedes G-Klasse W464 Mileage Blocker wird verwendet, um den Kilometerstand des Fahrzeugs zu stoppen oder zu ver\u00e4ndern, was f\u00fcr Leistungstests oder andere Zwecke n\u00fctzlich sein kann. Er ist mit Diesel-, Benzin-, Plug-in-Hybrid- und Elektrofahrzeugmotoren kompatibel. <\/p>\n<p>Bitte beachten Sie, dass <strong>Tools zur Kilometerstandskorrektur<\/strong> nicht f\u00fcr die Mercedes G-Klasse W464 verkauft werden, da sie in der Regel zur T\u00e4uschung verwendet werden, indem der Kilometerstand zur\u00fcckgesetzt wird, was aufgrund der vielen Datenspeicher in modernen Fahrzeugen nicht effektiv ist.<\/p>\n<p>Das <strong>Modul kann jederzeit aktiviert oder deaktiviert werden<\/strong>, entweder w\u00e4hrend der Fahrt oder im Stand.<\/p>\n<\/div>\n<\/div>\n<\/div>\n<\/div>\n","protected":false},"excerpt":{"rendered":"<div class=\"flex max-w-full flex-col flex-grow\">\n<div class=\"min-h-8 text-message flex w-full flex-col items-end gap-2 whitespace-normal break-words [.text-message+&amp;]:mt-5\" dir=\"auto\" data-message-author-role=\"assistant\" data-message-id=\"a441b426-36fd-46d5-8aba-1f7451c77ece\" data-message-model-slug=\"gpt-4o\">\n<div class=\"flex w-full flex-col gap-1 empty:hidden first:pt-[3px]\">\n<div class=\"markdown prose w-full break-words dark:prose-invert light\">\n<div class=\"flex max-w-full flex-col flex-grow\">\n<div class=\"min-h-8 text-message flex w-full flex-col items-end gap-2 whitespace-normal break-words [.text-message+&amp;]:mt-5\" dir=\"auto\" data-message-author-role=\"assistant\" data-message-id=\"a441b426-36fd-46d5-8aba-1f7451c77ece\" data-message-model-slug=\"gpt-4o\">\n<div class=\"flex w-full flex-col gap-1 empty:hidden first:pt-[3px]\">\n<div class=\"markdown prose w-full break-words dark:prose-invert light\">\n<h3><strong>KILOMETERSTAND-BLOCKER F\u00dcR DIE MERCEDES G-KLASSE W464 (FREIGEGEBEN SEIT 2018)<\/strong><\/h3>\n<p>Dieser <strong>Mercedes G-Klasse W464 Mileage Blocker<\/strong> ist f\u00fcr die Verwendung bei <strong>Modellen ab 2018<\/strong> konzipiert. Er ist unter verschiedenen Namen bekannt, darunter Odometer Blocker, Mileage Stopper und Can Filter. <\/p>\n<p>Geeignet f\u00fcr Modelle ab 2018: Dieses Ger\u00e4t ist speziell mit Mercedes G-Klasse W464 Fahrzeugen kompatibel, die ab 2018 auf den Markt gekommen sind. Das Modul ist f\u00fcr die Verwendung mit nur einem Fahrzeug ausgelegt, da es die interne Fahrgestellnummer des Fahrzeugs speichert. Das Modul ist einfach und ohne professionelle Hilfe zu installieren, da kein Schneiden oder L\u00f6ten von Kabeln erforderlich ist. Bei Vor-Facelift-Versionen des Fahrzeugs funktionieren die Geschwindigkeitsanzeige und der Tempomat einwandfrei. Das Modul wird mit hochwertigen Steckern und hitzebest\u00e4ndigen Kabeln geliefert, die eine lange Lebensdauer und eine dauerhafte Leistung gew\u00e4hrleisten. Bei den Facelift-Versionen der G-Klasse W464 funktioniert der Tacho nicht. Nach dem Einbau sind die vom Modul vorgenommenen \u00c4nderungen f\u00fcr Diagnosetester nicht mehr auffindbar.      <\/p>\n<p><strong>Wichtige Hinweise:<\/strong> Das Modul kann nur f\u00fcr ein Fahrzeug verwendet werden, da es mit der eindeutigen Fahrgestellnummer des Fahrzeugs programmiert ist. Der Tachometer funktioniert bei der Facelift-Version der G-Klasse W464 nicht korrekt. Nach dem Einbau erh\u00f6ht sich der Kilometerstand nicht automatisch, wenn das Modul entfernt wird, und die Einstellungen werden gespeichert. Dieses Modul bietet eine effektive L\u00f6sung f\u00fcr die \u00c4nderung des Kilometerstandes von G-Klasse W464 Fahrzeugen, sei es f\u00fcr Leistungstests oder andere legitime Zwecke.   <\/p>\n<p class=\"p1\"><b> \u2705 Nahtlose Integration<\/b><b><\/b><\/p>\n<p class=\"p1\">\u2705<b> Einfache Installation<\/b><b><\/b><\/p>\n<p class=\"p1\">\u2705<b> Genaue Verwaltung des Kilometerstandes<\/b><b><\/b><\/p>\n<p class=\"p1\"><b> \u2705 Betrieb im Tarnkappenmodus<\/b><b><\/b><\/p>\n<p class=\"p1\"><span class=\"s1\">\u2705<\/span><b> Lebenslanger Support und Updates<\/b><\/p>\n<\/div>\n<\/div>\n<\/div>\n<\/div>\n<\/div>\n<\/div>\n<\/div>\n<\/div>\n","protected":false},"featured_media":1086,"comment_status":"open","ping_status":"closed","template":"","meta":[],"product_brand":[],"product_cat":[806],"product_tag":[],"class_list":{"0":"post-7697","1":"product","2":"type-product","3":"status-publish","4":"has-post-thumbnail","6":"product_cat-mercedes","8":"first","9":"instock","10":"taxable","11":"shipping-taxable","12":"purchasable","13":"product-type-variable"},"yoast_head":"<!-- This site is optimized with the Yoast SEO plugin v27.5 - https:\/\/yoast.com\/product\/yoast-seo-wordpress\/ -->\n<title>Mercedes G CLASS (G-Wagen) W463 Mileage Blocker (KM stopper) \u2192 KM Block<\/title>\n<meta name=\"description\" content=\"Buy a Mercedes G CLASS (G-Wagen) W463 Mileage Blocker for the Best Prices \u2713 Free Shipping \u2713 Incl. Installation Guides\" \/>\n<meta name=\"robots\" content=\"index, follow, max-snippet:-1, max-image-preview:large, max-video-preview:-1\" \/>\n<meta property=\"og:locale\" content=\"de_DE\" \/>\n<meta property=\"og:type\" content=\"article\" \/>\n<meta property=\"og:title\" content=\"Mercedes G CLASS (G-Wagen) W463 Mileage Blocker (KM stopper) \u2192 KM Block\" \/>\n<meta property=\"og:description\" content=\"Buy a Mercedes G CLASS (G-Wagen) W463 Mileage Blocker for the Best Prices \u2713 Free Shipping \u2713 Incl. Installation Guides\" \/>\n<meta property=\"og:url\" content=\"https:\/\/kmblock.com\/de\/product\/mercedes-g-class-g-wagen-w463\/\" \/>\n<meta property=\"og:site_name\" content=\"KM Block\" \/>\n<meta property=\"og:image\" content=\"https:\/\/kmblock.com\/wp-content\/uploads\/2024\/11\/gwagon-600x491-1.jpg\" \/>\n\t<meta property=\"og:image:width\" content=\"600\" \/>\n\t<meta property=\"og:image:height\" content=\"491\" \/>\n\t<meta property=\"og:image:type\" content=\"image\/jpeg\" \/>\n<meta name=\"twitter:card\" content=\"summary_large_image\" \/>\n<meta name=\"twitter:label1\" content=\"Gesch\u00e4tzte Lesezeit\" \/>\n\t<meta name=\"twitter:data1\" content=\"2\u00a0Minuten\" \/>\n<script type=\"application\/ld+json\" class=\"yoast-schema-graph\">{\"@context\":\"https:\\\/\\\/schema.org\",\"@graph\":[{\"@type\":\"WebPage\",\"@id\":\"https:\\\/\\\/kmblock.com\\\/de\\\/product\\\/mercedes-g-class-g-wagen-w463\\\/\",\"url\":\"https:\\\/\\\/kmblock.com\\\/de\\\/product\\\/mercedes-g-class-g-wagen-w463\\\/\",\"name\":\"Mercedes G CLASS (G-Wagen) W463 Mileage Blocker (KM stopper) \u2192 KM Block\",\"isPartOf\":{\"@id\":\"https:\\\/\\\/kmblock.com\\\/de\\\/#website\"},\"primaryImageOfPage\":{\"@id\":\"https:\\\/\\\/kmblock.com\\\/de\\\/product\\\/mercedes-g-class-g-wagen-w463\\\/#primaryimage\"},\"image\":{\"@id\":\"https:\\\/\\\/kmblock.com\\\/de\\\/product\\\/mercedes-g-class-g-wagen-w463\\\/#primaryimage\"},\"thumbnailUrl\":\"https:\\\/\\\/kmblock.com\\\/wp-content\\\/uploads\\\/2024\\\/11\\\/gwagon-600x491-1.jpg\",\"datePublished\":\"2024-11-17T09:53:55+00:00\",\"description\":\"Buy a Mercedes G CLASS (G-Wagen) W463 Mileage Blocker for the Best Prices \u2713 Free Shipping \u2713 Incl. Installation Guides\",\"breadcrumb\":{\"@id\":\"https:\\\/\\\/kmblock.com\\\/de\\\/product\\\/mercedes-g-class-g-wagen-w463\\\/#breadcrumb\"},\"inLanguage\":\"de\",\"potentialAction\":[{\"@type\":\"ReadAction\",\"target\":[\"https:\\\/\\\/kmblock.com\\\/de\\\/product\\\/mercedes-g-class-g-wagen-w463\\\/\"]}]},{\"@type\":\"ImageObject\",\"inLanguage\":\"de\",\"@id\":\"https:\\\/\\\/kmblock.com\\\/de\\\/product\\\/mercedes-g-class-g-wagen-w463\\\/#primaryimage\",\"url\":\"https:\\\/\\\/kmblock.com\\\/wp-content\\\/uploads\\\/2024\\\/11\\\/gwagon-600x491-1.jpg\",\"contentUrl\":\"https:\\\/\\\/kmblock.com\\\/wp-content\\\/uploads\\\/2024\\\/11\\\/gwagon-600x491-1.jpg\",\"width\":600,\"height\":491},{\"@type\":\"BreadcrumbList\",\"@id\":\"https:\\\/\\\/kmblock.com\\\/de\\\/product\\\/mercedes-g-class-g-wagen-w463\\\/#breadcrumb\",\"itemListElement\":[{\"@type\":\"ListItem\",\"position\":1,\"name\":\"Startseite\",\"item\":\"https:\\\/\\\/kmblock.com\\\/de\\\/\"},{\"@type\":\"ListItem\",\"position\":2,\"name\":\"Produkte\",\"item\":\"https:\\\/\\\/kmblock.com\\\/de\\\/shop\\\/\"},{\"@type\":\"ListItem\",\"position\":3,\"name\":\"Mercedes G CLASS (G-Wagen) W463\"}]},{\"@type\":\"WebSite\",\"@id\":\"https:\\\/\\\/kmblock.com\\\/de\\\/#website\",\"url\":\"https:\\\/\\\/kmblock.com\\\/de\\\/\",\"name\":\"KM Block\",\"description\":\"\",\"publisher\":{\"@id\":\"https:\\\/\\\/kmblock.com\\\/de\\\/#organization\"},\"potentialAction\":[{\"@type\":\"SearchAction\",\"target\":{\"@type\":\"EntryPoint\",\"urlTemplate\":\"https:\\\/\\\/kmblock.com\\\/de\\\/?s={search_term_string}\"},\"query-input\":{\"@type\":\"PropertyValueSpecification\",\"valueRequired\":true,\"valueName\":\"search_term_string\"}}],\"inLanguage\":\"de\"},{\"@type\":\"Organization\",\"@id\":\"https:\\\/\\\/kmblock.com\\\/de\\\/#organization\",\"name\":\"KM-Block\",\"url\":\"https:\\\/\\\/kmblock.com\\\/de\\\/\",\"logo\":{\"@type\":\"ImageObject\",\"inLanguage\":\"de\",\"@id\":\"https:\\\/\\\/kmblock.com\\\/de\\\/#\\\/schema\\\/logo\\\/image\\\/\",\"url\":\"https:\\\/\\\/kmblock.com\\\/wp-content\\\/uploads\\\/2024\\\/08\\\/main-logo.png\",\"contentUrl\":\"https:\\\/\\\/kmblock.com\\\/wp-content\\\/uploads\\\/2024\\\/08\\\/main-logo.png\",\"width\":186,\"height\":28,\"caption\":\"KM-Block\"},\"image\":{\"@id\":\"https:\\\/\\\/kmblock.com\\\/de\\\/#\\\/schema\\\/logo\\\/image\\\/\"}}]}<\/script>\n<!-- \/ Yoast SEO plugin. -->","yoast_head_json":{"title":"Mercedes G CLASS (G-Wagen) W463 Mileage Blocker (KM stopper) \u2192 KM Block","description":"Buy a Mercedes G CLASS (G-Wagen) W463 Mileage Blocker for the Best Prices \u2713 Free Shipping \u2713 Incl. Installation Guides","robots":{"index":"index","follow":"follow","max-snippet":"max-snippet:-1","max-image-preview":"max-image-preview:large","max-video-preview":"max-video-preview:-1"},"og_locale":"de_DE","og_type":"article","og_title":"Mercedes G CLASS (G-Wagen) W463 Mileage Blocker (KM stopper) \u2192 KM Block","og_description":"Buy a Mercedes G CLASS (G-Wagen) W463 Mileage Blocker for the Best Prices \u2713 Free Shipping \u2713 Incl. Installation Guides","og_url":"https:\/\/kmblock.com\/de\/product\/mercedes-g-class-g-wagen-w463\/","og_site_name":"KM Block","og_image":[{"width":600,"height":491,"url":"https:\/\/kmblock.com\/wp-content\/uploads\/2024\/11\/gwagon-600x491-1.jpg","type":"image\/jpeg"}],"twitter_card":"summary_large_image","twitter_misc":{"Gesch\u00e4tzte Lesezeit":"2\u00a0Minuten"},"schema":{"@context":"https:\/\/schema.org","@graph":[{"@type":"WebPage","@id":"https:\/\/kmblock.com\/de\/product\/mercedes-g-class-g-wagen-w463\/","url":"https:\/\/kmblock.com\/de\/product\/mercedes-g-class-g-wagen-w463\/","name":"Mercedes G CLASS (G-Wagen) W463 Mileage Blocker (KM stopper) \u2192 KM Block","isPartOf":{"@id":"https:\/\/kmblock.com\/de\/#website"},"primaryImageOfPage":{"@id":"https:\/\/kmblock.com\/de\/product\/mercedes-g-class-g-wagen-w463\/#primaryimage"},"image":{"@id":"https:\/\/kmblock.com\/de\/product\/mercedes-g-class-g-wagen-w463\/#primaryimage"},"thumbnailUrl":"https:\/\/kmblock.com\/wp-content\/uploads\/2024\/11\/gwagon-600x491-1.jpg","datePublished":"2024-11-17T09:53:55+00:00","description":"Buy a Mercedes G CLASS (G-Wagen) W463 Mileage Blocker for the Best Prices \u2713 Free Shipping \u2713 Incl. Installation Guides","breadcrumb":{"@id":"https:\/\/kmblock.com\/de\/product\/mercedes-g-class-g-wagen-w463\/#breadcrumb"},"inLanguage":"de","potentialAction":[{"@type":"ReadAction","target":["https:\/\/kmblock.com\/de\/product\/mercedes-g-class-g-wagen-w463\/"]}]},{"@type":"ImageObject","inLanguage":"de","@id":"https:\/\/kmblock.com\/de\/product\/mercedes-g-class-g-wagen-w463\/#primaryimage","url":"https:\/\/kmblock.com\/wp-content\/uploads\/2024\/11\/gwagon-600x491-1.jpg","contentUrl":"https:\/\/kmblock.com\/wp-content\/uploads\/2024\/11\/gwagon-600x491-1.jpg","width":600,"height":491},{"@type":"BreadcrumbList","@id":"https:\/\/kmblock.com\/de\/product\/mercedes-g-class-g-wagen-w463\/#breadcrumb","itemListElement":[{"@type":"ListItem","position":1,"name":"Startseite","item":"https:\/\/kmblock.com\/de\/"},{"@type":"ListItem","position":2,"name":"Produkte","item":"https:\/\/kmblock.com\/de\/shop\/"},{"@type":"ListItem","position":3,"name":"Mercedes G CLASS (G-Wagen) W463"}]},{"@type":"WebSite","@id":"https:\/\/kmblock.com\/de\/#website","url":"https:\/\/kmblock.com\/de\/","name":"KM Block","description":"","publisher":{"@id":"https:\/\/kmblock.com\/de\/#organization"},"potentialAction":[{"@type":"SearchAction","target":{"@type":"EntryPoint","urlTemplate":"https:\/\/kmblock.com\/de\/?s={search_term_string}"},"query-input":{"@type":"PropertyValueSpecification","valueRequired":true,"valueName":"search_term_string"}}],"inLanguage":"de"},{"@type":"Organization","@id":"https:\/\/kmblock.com\/de\/#organization","name":"KM-Block","url":"https:\/\/kmblock.com\/de\/","logo":{"@type":"ImageObject","inLanguage":"de","@id":"https:\/\/kmblock.com\/de\/#\/schema\/logo\/image\/","url":"https:\/\/kmblock.com\/wp-content\/uploads\/2024\/08\/main-logo.png","contentUrl":"https:\/\/kmblock.com\/wp-content\/uploads\/2024\/08\/main-logo.png","width":186,"height":28,"caption":"KM-Block"},"image":{"@id":"https:\/\/kmblock.com\/de\/#\/schema\/logo\/image\/"}}]}},"_links":{"self":[{"href":"https:\/\/kmblock.com\/de\/wp-json\/wp\/v2\/product\/7697","targetHints":{"allow":["GET"]}}],"collection":[{"href":"https:\/\/kmblock.com\/de\/wp-json\/wp\/v2\/product"}],"about":[{"href":"https:\/\/kmblock.com\/de\/wp-json\/wp\/v2\/types\/product"}],"replies":[{"embeddable":true,"href":"https:\/\/kmblock.com\/de\/wp-json\/wp\/v2\/comments?post=7697"}],"wp:featuredmedia":[{"embeddable":true,"href":"https:\/\/kmblock.com\/de\/wp-json\/wp\/v2\/media\/1086"}],"wp:attachment":[{"href":"https:\/\/kmblock.com\/de\/wp-json\/wp\/v2\/media?parent=7697"}],"wp:term":[{"taxonomy":"product_brand","embeddable":true,"href":"https:\/\/kmblock.com\/de\/wp-json\/wp\/v2\/product_brand?post=7697"},{"taxonomy":"product_cat","embeddable":true,"href":"https:\/\/kmblock.com\/de\/wp-json\/wp\/v2\/product_cat?post=7697"},{"taxonomy":"product_tag","embeddable":true,"href":"https:\/\/kmblock.com\/de\/wp-json\/wp\/v2\/product_tag?post=7697"}],"curies":[{"name":"wp","href":"https:\/\/api.w.org\/{rel}","templated":true}]}}