{"id":7684,"date":"2024-11-17T10:19:23","date_gmt":"2024-11-17T10:19:23","guid":{"rendered":"https:\/\/kmblock.com\/product\/mercedes-s-klasse-w222-c217-a217\/"},"modified":"2024-11-17T10:19:23","modified_gmt":"2024-11-17T10:19:23","slug":"mercedes-s-klasse-w222-c217-a217","status":"publish","type":"product","link":"https:\/\/kmblock.com\/de\/product\/mercedes-s-klasse-w222-c217-a217\/","title":{"rendered":"Mercedes S-Klasse W222 C217 A217"},"content":{"rendered":"<p><strong>Laufleistungssperre f\u00fcr Mercedes S-Klasse W222, A217, C217<\/strong><\/p>\n<p>Der <strong>Mercedes S-Klasse W222, A217, C217 Kilometerz\u00e4hler<\/strong> wird manchmal auch als <strong>Kilometerz\u00e4hler-Blocker<\/strong>, <strong>Kilometer-Stopper<\/strong>, <strong>Dosen-Blocker<\/strong>, <strong>Kilometer-Stopper<\/strong>, <strong>Tageskilometerz\u00e4hler<\/strong>, <strong>Dosen-Filter<\/strong> oder in manchen F\u00e4llen auch als <strong>Kilometer-Korrekturger\u00e4t<\/strong> bezeichnet.<\/p>\n<h3><strong>Spezifikationen<\/strong><\/h3>\n<ul>\n<li><strong>Einfache DIY-Installation<\/strong>: Das Modul ist so konzipiert, dass Sie es schnell und einfach selbst installieren k\u00f6nnen, ohne professionelle Hilfe in Anspruch nehmen zu m\u00fcssen.<\/li>\n<li><strong>Einwandfreie Geschwindigkeits- und Geschwindigkeitsregelanlage<\/strong>: Sowohl die Geschwindigkeitsanzeige als auch der Tempomat funktionieren perfekt, auch wenn das Modul aktiv ist.<\/li>\n<li><strong>Aktivierung w\u00e4hrend der Fahrt<\/strong>: Kann w\u00e4hrend der Fahrt ein- und ausgeschaltet werden.<\/li>\n<li><strong>Keine Probleme mit dem Kilometerz\u00e4hler<\/strong>: Das Modul erzeugt keine Striche auf dem Kilometerz\u00e4hler, und es ist nicht n\u00f6tig, Kabel zu k\u00fcrzen oder Komponenten zu l\u00f6ten.<\/li>\n<li><strong>Nicht spontaner Kilometerstand<\/strong>: Nachdem Sie das Modul entfernt haben, erh\u00f6ht sich der Kilometerstand nicht automatisch.<\/li>\n<li><strong>Gespeicherte Einstellungen<\/strong>: Einmal gew\u00e4hlte Einstellungen werden gespeichert und bleiben erhalten, ohne dass Sie sie jedes Mal neu konfigurieren m\u00fcssen.<\/li>\n<li><strong>Hochwertige Komponenten<\/strong>: Das Modul wird mit hochwertigen Steckern und hitzebest\u00e4ndigen Kabeln geliefert.<\/li>\n<li><strong>Verf\u00fcgbare Modi<\/strong>: Mehrere Modi zur Auswahl f\u00fcr flexible Funktionalit\u00e4t.<\/li>\n<li><strong>R\u00fcckstandsfreie Entfernung<\/strong>: Das Entfernen des Moduls hinterl\u00e4sst keine Spuren, so dass es von Diagnosetestern \u00fcberhaupt nicht erkannt werden kann.<\/li>\n<li><strong>Reibungslose Installation<\/strong>: Das Modul ist mit einer Steckfl\u00e4che und Rillen versehen, um eine einfache Installation zu gew\u00e4hrleisten.<\/li>\n<li><strong>Abweichung vom Kilometerstand<\/strong>: Bei der \u00c4nderung des Gesamtkilometerstandes ist eine Abweichung von bis zu 1% der gefahrenen Strecke zul\u00e4ssig. Die Angaben zum gestoppten Kilometerstand sind N\u00e4herungswerte, und es k\u00f6nnen geringf\u00fcgige Abweichungen auftreten. <\/li>\n<\/ul>\n<h3><strong>Aktivierung &amp; Deaktivierung<\/strong><\/h3>\n<p><span data-sheets-root=\"1\">&#8222;Aktivieren Sie die Funktion, indem Sie die &#8218;Return-Taste&#8216; 10 Sekunden lang gedr\u00fcckt halten, bis alle Lichter aufleuchten.<\/span><\/p>\n<p><strong>Modus Ein<\/strong>: alle Lichter leuchten auf und der Kilometerstand betr\u00e4gt 0%. Alles funktioniert einwandfrei.<\/p>\n<p><strong>Modus Aus:<\/strong> Alle Lichter gehen an und z\u00e4hlen 100% der Kilometer. Alles funktioniert einwandfrei.&#8220;<\/p>\n<h3><strong>Zweck<\/strong><\/h3>\n<ul>\n<li>Der <strong>Mercedes S-Klasse W222 Mileage Blocker<\/strong> erm\u00f6glicht es Ihnen, den Kilometerstand Ihres Fahrzeugs bei Leistungstests zu stoppen. Er funktioniert auch bei Fahrzeugen mit digitalem Kilometerz\u00e4hler, der entweder in Meilen oder Kilometern z\u00e4hlt. Das Ger\u00e4t ist f\u00fcr <strong>Diesel<\/strong>, <strong>Benziner<\/strong>, <strong>PHEVs<\/strong> und <strong>Elektroautos<\/strong> geeignet.  <\/li>\n<li><strong>Hinweis<\/strong>: Bei dem Ger\u00e4t handelt es sich <strong>nicht<\/strong> um ein <strong>Werkzeug zur Kilometerstandskorrektur<\/strong>, das f\u00fcr betr\u00fcgerische Zwecke, wie z.B. das Zur\u00fcckdrehen des Kilometerz\u00e4hlers, verwendet wird. Diese Tools k\u00f6nnen den Kilometerstand in modernen Fahrzeugen, die Daten in mehreren Einheiten speichern, nicht zur\u00fccksetzen. Unsere Module sind nur f\u00fcr Test- und Leistungszwecke gedacht.  <\/li>\n<\/ul>\n<h3><strong>Kompatibilit\u00e4t &amp; Flexibilit\u00e4t<\/strong><\/h3>\n<ul>\n<li><strong>Einfache Installation<\/strong>: Installieren Sie das Modul zwischen dem Tachoanschluss und dem Kombiinstrument, ohne dass Sie tiefere Fahrzeugkenntnisse ben\u00f6tigen. Es bietet den Vorteil, die Fahrzeugleistung zu \u00fcberwachen, ohne den Kilometerstand zu beeintr\u00e4chtigen. <\/li>\n<li>Der <strong>Mercedes S-Klasse W222 Mileage Blocker<\/strong> kann jederzeit aktiviert oder deaktiviert werden, egal ob das Fahrzeug steht oder sich bewegt.<\/li>\n<\/ul>\n","protected":false},"excerpt":{"rendered":"<div class=\"flex max-w-full flex-col flex-grow\">\n<div class=\"min-h-8 text-message flex w-full flex-col items-end gap-2 whitespace-normal break-words [.text-message+&amp;]:mt-5\" dir=\"auto\" data-message-author-role=\"assistant\" data-message-id=\"a441b426-36fd-46d5-8aba-1f7451c77ece\" data-message-model-slug=\"gpt-4o\">\n<div class=\"flex w-full flex-col gap-1 empty:hidden first:pt-[3px]\">\n<div class=\"markdown prose w-full break-words dark:prose-invert light\">\n<div class=\"flex max-w-full flex-col flex-grow\">\n<div class=\"min-h-8 text-message flex w-full flex-col items-end gap-2 whitespace-normal break-words [.text-message+&amp;]:mt-5\" dir=\"auto\" data-message-author-role=\"assistant\" data-message-id=\"a441b426-36fd-46d5-8aba-1f7451c77ece\" data-message-model-slug=\"gpt-4o\">\n<div class=\"flex w-full flex-col gap-1 empty:hidden first:pt-[3px]\">\n<div class=\"markdown prose w-full break-words dark:prose-invert light\">\n<p>Dieser <strong>Mileage Blocker<\/strong> ist f\u00fcr <strong>Mercedes S-Klasse W222 Modelle<\/strong> von <strong>2018 bis 2024<\/strong> konzipiert. Er kann nur f\u00fcr ein Fahrzeug verwendet werden, da er die <strong>Fahrgestellnummer<\/strong> speichert. Einfach zu installieren, ohne Dr\u00e4hte zu schneiden. Geschwindigkeitsanzeige und Tempomat funktionieren normal. Hochwertige Stecker und hitzebest\u00e4ndige Kabel.      <span style=\"font-family: -apple-system, BlinkMacSystemFont, 'Segoe UI', Roboto, 'Helvetica Neue', Arial, 'Noto Sans', sans-serif, 'Apple Color Emoji', 'Segoe UI Emoji', 'Segoe UI Symbol', 'Noto Color Emoji';\">Dieses Ger\u00e4t ist an die Fahrgestellnummer des Fahrzeugs gebunden und kann nur f\u00fcr ein Fahrzeug verwendet werden.<\/span><\/p>\n<\/div>\n<p class=\"p1\"><b> \u2705 Nahtlose Integration<\/b><b><\/b><\/p>\n<p class=\"p1\">\u2705<b> Einfache Installation<\/b><b><\/b><\/p>\n<p class=\"p1\">\u2705<b> Genaue Verwaltung des Kilometerstandes<\/b><b><\/b><\/p>\n<p class=\"p1\"><b> \u2705 Betrieb im Tarnkappenmodus<\/b><b><\/b><\/p>\n<p class=\"p1\"><span class=\"s1\">\u2705<\/span><b> Lebenslanger Support und Updates<\/b><\/p>\n<\/div>\n<\/div>\n<\/div>\n<\/div>\n<\/div>\n<\/div>\n<\/div>\n","protected":false},"featured_media":1096,"comment_status":"open","ping_status":"closed","template":"","meta":[],"product_brand":[],"product_cat":[806],"product_tag":[],"class_list":{"0":"post-7684","1":"product","2":"type-product","3":"status-publish","4":"has-post-thumbnail","6":"product_cat-mercedes","8":"first","9":"instock","10":"taxable","11":"shipping-taxable","12":"purchasable","13":"product-type-variable"},"yoast_head":"<!-- This site is optimized with the Yoast SEO plugin v27.5 - https:\/\/yoast.com\/product\/yoast-seo-wordpress\/ -->\n<title>Mercedes S-Klasse W222 C217 A217 Mileage Blocker (KM stopper) \u2192 KM Block<\/title>\n<meta name=\"description\" content=\"Buy a Mercedes S-Klasse W222 C217 A217 Mileage Blocker for the Best Prices \u2713 Free Shipping \u2713 Incl. Installation Guides\" \/>\n<meta name=\"robots\" content=\"index, follow, max-snippet:-1, max-image-preview:large, max-video-preview:-1\" \/>\n<meta property=\"og:locale\" content=\"de_DE\" \/>\n<meta property=\"og:type\" content=\"article\" \/>\n<meta property=\"og:title\" content=\"Mercedes S-Klasse W222 C217 A217 Mileage Blocker (KM stopper) \u2192 KM Block\" \/>\n<meta property=\"og:description\" content=\"Buy a Mercedes S-Klasse W222 C217 A217 Mileage Blocker for the Best Prices \u2713 Free Shipping \u2713 Incl. Installation Guides\" \/>\n<meta property=\"og:url\" content=\"https:\/\/kmblock.com\/de\/product\/mercedes-s-klasse-w222-c217-a217\/\" \/>\n<meta property=\"og:site_name\" content=\"KM Block\" \/>\n<meta property=\"og:image\" content=\"https:\/\/kmblock.com\/wp-content\/uploads\/2024\/11\/sclass-600x491-1.jpg\" \/>\n\t<meta property=\"og:image:width\" content=\"600\" \/>\n\t<meta property=\"og:image:height\" content=\"491\" \/>\n\t<meta property=\"og:image:type\" content=\"image\/jpeg\" \/>\n<meta name=\"twitter:card\" content=\"summary_large_image\" \/>\n<meta name=\"twitter:label1\" content=\"Gesch\u00e4tzte Lesezeit\" \/>\n\t<meta name=\"twitter:data1\" content=\"2\u00a0Minuten\" \/>\n<script type=\"application\/ld+json\" class=\"yoast-schema-graph\">{\"@context\":\"https:\\\/\\\/schema.org\",\"@graph\":[{\"@type\":\"WebPage\",\"@id\":\"https:\\\/\\\/kmblock.com\\\/de\\\/product\\\/mercedes-s-klasse-w222-c217-a217\\\/\",\"url\":\"https:\\\/\\\/kmblock.com\\\/de\\\/product\\\/mercedes-s-klasse-w222-c217-a217\\\/\",\"name\":\"Mercedes S-Klasse W222 C217 A217 Mileage Blocker (KM stopper) \u2192 KM Block\",\"isPartOf\":{\"@id\":\"https:\\\/\\\/kmblock.com\\\/de\\\/#website\"},\"primaryImageOfPage\":{\"@id\":\"https:\\\/\\\/kmblock.com\\\/de\\\/product\\\/mercedes-s-klasse-w222-c217-a217\\\/#primaryimage\"},\"image\":{\"@id\":\"https:\\\/\\\/kmblock.com\\\/de\\\/product\\\/mercedes-s-klasse-w222-c217-a217\\\/#primaryimage\"},\"thumbnailUrl\":\"https:\\\/\\\/kmblock.com\\\/wp-content\\\/uploads\\\/2024\\\/11\\\/sclass-600x491-1.jpg\",\"datePublished\":\"2024-11-17T10:19:23+00:00\",\"description\":\"Buy a Mercedes S-Klasse W222 C217 A217 Mileage Blocker for the Best Prices \u2713 Free Shipping \u2713 Incl. Installation Guides\",\"breadcrumb\":{\"@id\":\"https:\\\/\\\/kmblock.com\\\/de\\\/product\\\/mercedes-s-klasse-w222-c217-a217\\\/#breadcrumb\"},\"inLanguage\":\"de\",\"potentialAction\":[{\"@type\":\"ReadAction\",\"target\":[\"https:\\\/\\\/kmblock.com\\\/de\\\/product\\\/mercedes-s-klasse-w222-c217-a217\\\/\"]}]},{\"@type\":\"ImageObject\",\"inLanguage\":\"de\",\"@id\":\"https:\\\/\\\/kmblock.com\\\/de\\\/product\\\/mercedes-s-klasse-w222-c217-a217\\\/#primaryimage\",\"url\":\"https:\\\/\\\/kmblock.com\\\/wp-content\\\/uploads\\\/2024\\\/11\\\/sclass-600x491-1.jpg\",\"contentUrl\":\"https:\\\/\\\/kmblock.com\\\/wp-content\\\/uploads\\\/2024\\\/11\\\/sclass-600x491-1.jpg\",\"width\":600,\"height\":491},{\"@type\":\"BreadcrumbList\",\"@id\":\"https:\\\/\\\/kmblock.com\\\/de\\\/product\\\/mercedes-s-klasse-w222-c217-a217\\\/#breadcrumb\",\"itemListElement\":[{\"@type\":\"ListItem\",\"position\":1,\"name\":\"Startseite\",\"item\":\"https:\\\/\\\/kmblock.com\\\/de\\\/\"},{\"@type\":\"ListItem\",\"position\":2,\"name\":\"Produkte\",\"item\":\"https:\\\/\\\/kmblock.com\\\/de\\\/shop\\\/\"},{\"@type\":\"ListItem\",\"position\":3,\"name\":\"Mercedes S-Klasse W222 C217 A217\"}]},{\"@type\":\"WebSite\",\"@id\":\"https:\\\/\\\/kmblock.com\\\/de\\\/#website\",\"url\":\"https:\\\/\\\/kmblock.com\\\/de\\\/\",\"name\":\"KM Block\",\"description\":\"\",\"publisher\":{\"@id\":\"https:\\\/\\\/kmblock.com\\\/de\\\/#organization\"},\"potentialAction\":[{\"@type\":\"SearchAction\",\"target\":{\"@type\":\"EntryPoint\",\"urlTemplate\":\"https:\\\/\\\/kmblock.com\\\/de\\\/?s={search_term_string}\"},\"query-input\":{\"@type\":\"PropertyValueSpecification\",\"valueRequired\":true,\"valueName\":\"search_term_string\"}}],\"inLanguage\":\"de\"},{\"@type\":\"Organization\",\"@id\":\"https:\\\/\\\/kmblock.com\\\/de\\\/#organization\",\"name\":\"KM-Block\",\"url\":\"https:\\\/\\\/kmblock.com\\\/de\\\/\",\"logo\":{\"@type\":\"ImageObject\",\"inLanguage\":\"de\",\"@id\":\"https:\\\/\\\/kmblock.com\\\/de\\\/#\\\/schema\\\/logo\\\/image\\\/\",\"url\":\"https:\\\/\\\/kmblock.com\\\/wp-content\\\/uploads\\\/2024\\\/08\\\/main-logo.png\",\"contentUrl\":\"https:\\\/\\\/kmblock.com\\\/wp-content\\\/uploads\\\/2024\\\/08\\\/main-logo.png\",\"width\":186,\"height\":28,\"caption\":\"KM-Block\"},\"image\":{\"@id\":\"https:\\\/\\\/kmblock.com\\\/de\\\/#\\\/schema\\\/logo\\\/image\\\/\"}}]}<\/script>\n<!-- \/ Yoast SEO plugin. -->","yoast_head_json":{"title":"Mercedes S-Klasse W222 C217 A217 Mileage Blocker (KM stopper) \u2192 KM Block","description":"Buy a Mercedes S-Klasse W222 C217 A217 Mileage Blocker for the Best Prices \u2713 Free Shipping \u2713 Incl. Installation Guides","robots":{"index":"index","follow":"follow","max-snippet":"max-snippet:-1","max-image-preview":"max-image-preview:large","max-video-preview":"max-video-preview:-1"},"og_locale":"de_DE","og_type":"article","og_title":"Mercedes S-Klasse W222 C217 A217 Mileage Blocker (KM stopper) \u2192 KM Block","og_description":"Buy a Mercedes S-Klasse W222 C217 A217 Mileage Blocker for the Best Prices \u2713 Free Shipping \u2713 Incl. Installation Guides","og_url":"https:\/\/kmblock.com\/de\/product\/mercedes-s-klasse-w222-c217-a217\/","og_site_name":"KM Block","og_image":[{"width":600,"height":491,"url":"https:\/\/kmblock.com\/wp-content\/uploads\/2024\/11\/sclass-600x491-1.jpg","type":"image\/jpeg"}],"twitter_card":"summary_large_image","twitter_misc":{"Gesch\u00e4tzte Lesezeit":"2\u00a0Minuten"},"schema":{"@context":"https:\/\/schema.org","@graph":[{"@type":"WebPage","@id":"https:\/\/kmblock.com\/de\/product\/mercedes-s-klasse-w222-c217-a217\/","url":"https:\/\/kmblock.com\/de\/product\/mercedes-s-klasse-w222-c217-a217\/","name":"Mercedes S-Klasse W222 C217 A217 Mileage Blocker (KM stopper) \u2192 KM Block","isPartOf":{"@id":"https:\/\/kmblock.com\/de\/#website"},"primaryImageOfPage":{"@id":"https:\/\/kmblock.com\/de\/product\/mercedes-s-klasse-w222-c217-a217\/#primaryimage"},"image":{"@id":"https:\/\/kmblock.com\/de\/product\/mercedes-s-klasse-w222-c217-a217\/#primaryimage"},"thumbnailUrl":"https:\/\/kmblock.com\/wp-content\/uploads\/2024\/11\/sclass-600x491-1.jpg","datePublished":"2024-11-17T10:19:23+00:00","description":"Buy a Mercedes S-Klasse W222 C217 A217 Mileage Blocker for the Best Prices \u2713 Free Shipping \u2713 Incl. Installation Guides","breadcrumb":{"@id":"https:\/\/kmblock.com\/de\/product\/mercedes-s-klasse-w222-c217-a217\/#breadcrumb"},"inLanguage":"de","potentialAction":[{"@type":"ReadAction","target":["https:\/\/kmblock.com\/de\/product\/mercedes-s-klasse-w222-c217-a217\/"]}]},{"@type":"ImageObject","inLanguage":"de","@id":"https:\/\/kmblock.com\/de\/product\/mercedes-s-klasse-w222-c217-a217\/#primaryimage","url":"https:\/\/kmblock.com\/wp-content\/uploads\/2024\/11\/sclass-600x491-1.jpg","contentUrl":"https:\/\/kmblock.com\/wp-content\/uploads\/2024\/11\/sclass-600x491-1.jpg","width":600,"height":491},{"@type":"BreadcrumbList","@id":"https:\/\/kmblock.com\/de\/product\/mercedes-s-klasse-w222-c217-a217\/#breadcrumb","itemListElement":[{"@type":"ListItem","position":1,"name":"Startseite","item":"https:\/\/kmblock.com\/de\/"},{"@type":"ListItem","position":2,"name":"Produkte","item":"https:\/\/kmblock.com\/de\/shop\/"},{"@type":"ListItem","position":3,"name":"Mercedes S-Klasse W222 C217 A217"}]},{"@type":"WebSite","@id":"https:\/\/kmblock.com\/de\/#website","url":"https:\/\/kmblock.com\/de\/","name":"KM Block","description":"","publisher":{"@id":"https:\/\/kmblock.com\/de\/#organization"},"potentialAction":[{"@type":"SearchAction","target":{"@type":"EntryPoint","urlTemplate":"https:\/\/kmblock.com\/de\/?s={search_term_string}"},"query-input":{"@type":"PropertyValueSpecification","valueRequired":true,"valueName":"search_term_string"}}],"inLanguage":"de"},{"@type":"Organization","@id":"https:\/\/kmblock.com\/de\/#organization","name":"KM-Block","url":"https:\/\/kmblock.com\/de\/","logo":{"@type":"ImageObject","inLanguage":"de","@id":"https:\/\/kmblock.com\/de\/#\/schema\/logo\/image\/","url":"https:\/\/kmblock.com\/wp-content\/uploads\/2024\/08\/main-logo.png","contentUrl":"https:\/\/kmblock.com\/wp-content\/uploads\/2024\/08\/main-logo.png","width":186,"height":28,"caption":"KM-Block"},"image":{"@id":"https:\/\/kmblock.com\/de\/#\/schema\/logo\/image\/"}}]}},"_links":{"self":[{"href":"https:\/\/kmblock.com\/de\/wp-json\/wp\/v2\/product\/7684","targetHints":{"allow":["GET"]}}],"collection":[{"href":"https:\/\/kmblock.com\/de\/wp-json\/wp\/v2\/product"}],"about":[{"href":"https:\/\/kmblock.com\/de\/wp-json\/wp\/v2\/types\/product"}],"replies":[{"embeddable":true,"href":"https:\/\/kmblock.com\/de\/wp-json\/wp\/v2\/comments?post=7684"}],"wp:featuredmedia":[{"embeddable":true,"href":"https:\/\/kmblock.com\/de\/wp-json\/wp\/v2\/media\/1096"}],"wp:attachment":[{"href":"https:\/\/kmblock.com\/de\/wp-json\/wp\/v2\/media?parent=7684"}],"wp:term":[{"taxonomy":"product_brand","embeddable":true,"href":"https:\/\/kmblock.com\/de\/wp-json\/wp\/v2\/product_brand?post=7684"},{"taxonomy":"product_cat","embeddable":true,"href":"https:\/\/kmblock.com\/de\/wp-json\/wp\/v2\/product_cat?post=7684"},{"taxonomy":"product_tag","embeddable":true,"href":"https:\/\/kmblock.com\/de\/wp-json\/wp\/v2\/product_tag?post=7684"}],"curies":[{"name":"wp","href":"https:\/\/api.w.org\/{rel}","templated":true}]}}