{"id":7672,"date":"2024-11-17T10:29:47","date_gmt":"2024-11-17T10:29:47","guid":{"rendered":"https:\/\/kmblock.com\/product\/mercedes-v-klasse-w447\/"},"modified":"2024-11-17T10:29:47","modified_gmt":"2024-11-17T10:29:47","slug":"mercedes-v-klasse-w447","status":"publish","type":"product","link":"https:\/\/kmblock.com\/de\/product\/mercedes-v-klasse-w447\/","title":{"rendered":"Mercedes V-Klasse W447"},"content":{"rendered":"<p><strong>KILOMETERSTANDSBLOCKER F\u00dcR MERCEDES V-KLASSE \/ VITO W447 (KM-BLOCK)<\/strong><\/p>\n<p><strong>SPEZIFIKATIONEN:<\/strong><\/p>\n<ul>\n<li><strong>Do-it-yourself (DIY) Installation<\/strong>: Einfache und schnelle Installation, f\u00fcr die keine professionelle Hilfe erforderlich ist.<\/li>\n<li><strong>Einfaches Ein- und Ausschalten w\u00e4hrend der Fahrt<\/strong>: Das Ger\u00e4t kann w\u00e4hrend der Fahrt ein- und ausgeschaltet werden, ohne die Leistung zu beeintr\u00e4chtigen.<\/li>\n<li><strong>Hinterl\u00e4sst keine Spuren<\/strong>: Das Modul erfordert kein L\u00f6ten oder Schneiden von Kabeln, so dass keine dauerhaften \u00c4nderungen an der Fahrzeugverkabelung vorgenommen werden m\u00fcssen.<\/li>\n<li><strong>Erstklassige Stecker und hitzebest\u00e4ndige Kabel<\/strong>: Das Modul ist aus hochwertigen Materialien gefertigt, um eine lange Lebensdauer und einen zuverl\u00e4ssigen Betrieb zu gew\u00e4hrleisten.<\/li>\n<li><strong>Einfach zu bedienen mit verschiedenen Tastenkombinationen<\/strong>: Das System kann mit einfachen Tastenkombinationen gesteuert werden und ist somit f\u00fcr jeden Fahrzeugbesitzer leicht zu bedienen.<\/li>\n<li><strong>Nach dem Entfernen des Moduls erh\u00f6ht sich der Kilometerstand nicht spontan<\/strong>: Nach dem Entfernen des Moduls erh\u00f6ht sich der Kilometerstand des Fahrzeugs nicht automatisch, sondern beh\u00e4lt den aktuellen Kilometerstand bei.<\/li>\n<li><strong>Die Diagnosetester k\u00f6nnen den von Mercedes V-Klasse, Vito W447 Mileage Stopper ver\u00e4nderten Kilometerstand nicht feststellen<\/strong>: Das Ger\u00e4t funktioniert so, dass die Diagnosesysteme keine \u00c4nderungen des Kilometerstandes feststellen k\u00f6nnen und die \u00c4nderungen unauffindbar bleiben.<\/li>\n<li><strong>W\u00e4hlen Sie die Einstellungen einmal aus und sie werden ohne Einschr\u00e4nkung gespeichert<\/strong>: Die gew\u00e4hlten Einstellungen werden gespeichert, ohne dass sie bei jeder Aktivierung des Ger\u00e4ts neu programmiert werden m\u00fcssen.<\/li>\n<li><strong>Der Tachometer und alle anderen Assistenzsysteme funktionieren einwandfrei<\/strong>: Das Ger\u00e4t sorgt daf\u00fcr, dass alle Fahrzeugsysteme, einschlie\u00dflich des Tachometers und der Assistenzprogramme, st\u00f6rungsfrei funktionieren.<\/li>\n<li><strong>Es erscheinen keine Fehlermeldungen auf dem Tachometer oder dem Navigationspanel<\/strong>: Das System l\u00f6st keine Fehlermeldungen aus und sorgt so f\u00fcr ein reibungsloses Fahrerlebnis.<\/li>\n<li><strong>Die Steckfl\u00e4che und die Rillen des Steckers garantieren eine reibungslose Installation<\/strong>: Das Design des Steckers gew\u00e4hrleistet eine sichere und einfache Installation und reduziert die Wahrscheinlichkeit von Verbindungsproblemen.<\/li>\n<li><strong>Der Tempomat\/Distronic funktioniert nicht<\/strong>: W\u00e4hrend das Modul aktiv ist, funktionieren Funktionen wie Tempomat und Distronic nicht wie gewohnt.<\/li>\n<li><strong>F\u00fcr den Modus, der den Kilometerstand vollst\u00e4ndig \u00e4ndert, erlauben wir eine Abweichung von bis zu 1% der gefahrenen Strecke<\/strong>: Das Modul ist so konzipiert, dass es den Kilometerz\u00e4hler anh\u00e4lt, aber eine kleine Fehlermarge von bis zu 1% bei den Kilometerst\u00e4nden zul\u00e4sst. Die Angaben zum gestoppten Kilometerstand sind N\u00e4herungswerte und k\u00f6nnen geringf\u00fcgige Diskrepanzen aufweisen. <\/li>\n<\/ul>\n<p><strong>AKTIVIERUNG &amp; DEAKTIVIERUNG:<\/strong><\/p>\n<p><span data-sheets-root=\"1\">&#8222;Aktivieren Sie die Funktion, indem Sie die &#8218;Return-Taste&#8216; 10 Sekunden lang gedr\u00fcckt halten, bis alle Lichter aufleuchten.<\/span><\/p>\n<p><strong>Modus Ein<\/strong>: alle Lichter leuchten auf und der Kilometerstand betr\u00e4gt 0%. Alles funktioniert einwandfrei. <\/p>\n<p><strong>Modus Aus:<\/strong> Alle Lichter gehen an und z\u00e4hlen 100% der Kilometer. Alles funktioniert einwandfrei.&#8220; <\/p>\n<p><strong>Was ist ein Mercedes V-Klasse, Vito W447, Kilometerz\u00e4hler-Blocker oder Kilometerstandskorrektur-Tool?<\/strong> Der <strong>Mercedes V-Klasse, Vito W447 Mileage Blocker<\/strong> (auch bekannt als Odometer Blocker) wurde entwickelt, um die Kilometerz\u00e4hlung vor\u00fcbergehend zu stoppen, w\u00e4hrend das Fahrzeug f\u00fcr Leistungstests genutzt wird. Das Tool arbeitet effizient, unabh\u00e4ngig davon, ob der Kilometerz\u00e4hler des Fahrzeugs in Kilometern oder Meilen misst, und ist somit universell kompatibel. <\/p>\n<p>Im Gegensatz zu Kilometerkorrektur-Tools, die versuchen, den Kilometerstand zu ver\u00e4ndern (was in der Regel dazu verwendet wird, den Kilometerstand in betr\u00fcgerischer Absicht zur\u00fcckzudrehen), stoppt dieser <strong>Mileage Blocker<\/strong> die Z\u00e4hlung des Kilometerstandes unter bestimmten Bedingungen, ohne die Daten dauerhaft zu ver\u00e4ndern. Er ist ideal f\u00fcr Leistungstests oder wenn der Kilometerstand des Fahrzeugs vor\u00fcbergehend nicht erh\u00f6ht werden soll. <\/p>\n<p><strong>Wichtiger Hinweis:<\/strong> Wir verkaufen keine <strong>Tools zur Kilometerkorrektur<\/strong> f\u00fcr die Mercedes V-Klasse, Vito W447, da diese Tools darauf ausgelegt sind, den Kilometerstand zu manipulieren und f\u00fcr betr\u00fcgerische Zwecke verwendet werden. Unser Modul kontrolliert den Kilometerstand nur w\u00e4hrend der Leistungstests und ver\u00e4ndert den Z\u00e4hlerstand nicht dauerhaft. Au\u00dferdem <strong>haben Autos mehrere Datenspeicher<\/strong>, und Rollback-Tools k\u00f6nnen den Kilometerstand nicht vollst\u00e4ndig r\u00fcckg\u00e4ngig machen, was sie unwirksam macht.  <\/p>\n<p>Der <strong>Mercedes V-Klasse, Vito W447 Mileage Blocker<\/strong> kann jederzeit aktiviert oder deaktiviert werden, auch w\u00e4hrend der Fahrt oder im Stillstand des Fahrzeugs. Schlie\u00dfen Sie ihn einfach an den Anschluss des Tachometers und des Kombiinstruments an, und schon k\u00f6nnen Sie die Vorteile des Ger\u00e4ts genie\u00dfen, ohne dass Sie \u00fcber tiefgreifende Kenntnisse der Fahrzeugwartung verf\u00fcgen m\u00fcssen. <\/p>\n","protected":false},"excerpt":{"rendered":"<p><strong>Bevor Sie bestellen, lesen Sie bitte sorgf\u00e4ltig die Anweisungen zur Aktivierung des Moduls und wichtige Hinweise zu Fehlermeldungen und Funktionen unten.<\/strong><\/p>\n<p><strong>DIESES GER\u00c4T IST F\u00dcR ALLE MERCEDES V KLASSE \/ VITO W447 MODELLE GEEIGNET, DIE ZWISCHEN 2015 UND 2022 ERSCHIENEN SIND.  <\/strong>  Einfache und schnelle Installation, ohne dass Sie professionelle Hilfe ben\u00f6tigen. Das Modul kann w\u00e4hrend der Fahrt aktiviert oder deaktiviert werden und bietet so Komfort und Flexibilit\u00e4t. Hergestellt aus hochwertigen Materialien f\u00fcr Langlebigkeit und zuverl\u00e4ssige Leistung. W\u00e4hrend das Modul aktiviert ist, werden der Tempomat und die Distronic-Funktionen deaktiviert. Das Ger\u00e4t sorgt daf\u00fcr, dass der Tachometer und andere Assistenzsysteme wie vorgesehen funktionieren. Das Modul bietet mehrere Modi, so dass Sie die beste Option f\u00fcr Ihre Bed\u00fcrfnisse ausw\u00e4hlen k\u00f6nnen.     <\/p>\n<p class=\"p1\"><b> \u2705 Nahtlose Integration<\/b><b><\/b><\/p>\n<p class=\"p1\">\u2705<b> Einfache Installation<\/b><b><\/b><\/p>\n<p class=\"p1\">\u2705<b> Genaue Verwaltung des Kilometerstandes<\/b><b><\/b><\/p>\n<p class=\"p1\"><b> \u2705 Betrieb im Tarnkappenmodus<\/b><b><\/b><\/p>\n<p class=\"p1\"><span class=\"s1\">\u2705<\/span><b> Lebenslanger Support und Updates<\/b><\/p>\n","protected":false},"featured_media":1098,"comment_status":"open","ping_status":"closed","template":"","meta":[],"product_brand":[],"product_cat":[806],"product_tag":[],"class_list":{"0":"post-7672","1":"product","2":"type-product","3":"status-publish","4":"has-post-thumbnail","6":"product_cat-mercedes","8":"first","9":"instock","10":"taxable","11":"shipping-taxable","12":"purchasable","13":"product-type-variable"},"yoast_head":"<!-- This site is optimized with the Yoast SEO plugin v27.5 - https:\/\/yoast.com\/product\/yoast-seo-wordpress\/ -->\n<title>Mercedes V-Klasse W447 Mileage Blocker (KM stopper) \u2192 KM Block<\/title>\n<meta name=\"description\" content=\"Buy a Mercedes V-Klasse W447 Mileage Blocker for the Best Prices \u2713 Free Shipping \u2713 Incl. Installation Guides\" \/>\n<meta name=\"robots\" content=\"index, follow, max-snippet:-1, max-image-preview:large, max-video-preview:-1\" \/>\n<meta property=\"og:locale\" content=\"de_DE\" \/>\n<meta property=\"og:type\" content=\"article\" \/>\n<meta property=\"og:title\" content=\"Mercedes V-Klasse W447 Mileage Blocker (KM stopper) \u2192 KM Block\" \/>\n<meta property=\"og:description\" content=\"Buy a Mercedes V-Klasse W447 Mileage Blocker for the Best Prices \u2713 Free Shipping \u2713 Incl. Installation Guides\" \/>\n<meta property=\"og:url\" content=\"https:\/\/kmblock.com\/de\/product\/mercedes-v-klasse-w447\/\" \/>\n<meta property=\"og:site_name\" content=\"KM Block\" \/>\n<meta property=\"og:image\" content=\"https:\/\/kmblock.com\/wp-content\/uploads\/2024\/11\/vclass-600x491-1.jpg\" \/>\n\t<meta property=\"og:image:width\" content=\"600\" \/>\n\t<meta property=\"og:image:height\" content=\"491\" \/>\n\t<meta property=\"og:image:type\" content=\"image\/jpeg\" \/>\n<meta name=\"twitter:card\" content=\"summary_large_image\" \/>\n<meta name=\"twitter:label1\" content=\"Gesch\u00e4tzte Lesezeit\" \/>\n\t<meta name=\"twitter:data1\" content=\"4\u00a0Minuten\" \/>\n<script type=\"application\/ld+json\" class=\"yoast-schema-graph\">{\"@context\":\"https:\\\/\\\/schema.org\",\"@graph\":[{\"@type\":\"WebPage\",\"@id\":\"https:\\\/\\\/kmblock.com\\\/de\\\/product\\\/mercedes-v-klasse-w447\\\/\",\"url\":\"https:\\\/\\\/kmblock.com\\\/de\\\/product\\\/mercedes-v-klasse-w447\\\/\",\"name\":\"Mercedes V-Klasse W447 Mileage Blocker (KM stopper) \u2192 KM Block\",\"isPartOf\":{\"@id\":\"https:\\\/\\\/kmblock.com\\\/de\\\/#website\"},\"primaryImageOfPage\":{\"@id\":\"https:\\\/\\\/kmblock.com\\\/de\\\/product\\\/mercedes-v-klasse-w447\\\/#primaryimage\"},\"image\":{\"@id\":\"https:\\\/\\\/kmblock.com\\\/de\\\/product\\\/mercedes-v-klasse-w447\\\/#primaryimage\"},\"thumbnailUrl\":\"https:\\\/\\\/kmblock.com\\\/wp-content\\\/uploads\\\/2024\\\/11\\\/vclass-600x491-1.jpg\",\"datePublished\":\"2024-11-17T10:29:47+00:00\",\"description\":\"Buy a Mercedes V-Klasse W447 Mileage Blocker for the Best Prices \u2713 Free Shipping \u2713 Incl. Installation Guides\",\"breadcrumb\":{\"@id\":\"https:\\\/\\\/kmblock.com\\\/de\\\/product\\\/mercedes-v-klasse-w447\\\/#breadcrumb\"},\"inLanguage\":\"de\",\"potentialAction\":[{\"@type\":\"ReadAction\",\"target\":[\"https:\\\/\\\/kmblock.com\\\/de\\\/product\\\/mercedes-v-klasse-w447\\\/\"]}]},{\"@type\":\"ImageObject\",\"inLanguage\":\"de\",\"@id\":\"https:\\\/\\\/kmblock.com\\\/de\\\/product\\\/mercedes-v-klasse-w447\\\/#primaryimage\",\"url\":\"https:\\\/\\\/kmblock.com\\\/wp-content\\\/uploads\\\/2024\\\/11\\\/vclass-600x491-1.jpg\",\"contentUrl\":\"https:\\\/\\\/kmblock.com\\\/wp-content\\\/uploads\\\/2024\\\/11\\\/vclass-600x491-1.jpg\",\"width\":600,\"height\":491},{\"@type\":\"BreadcrumbList\",\"@id\":\"https:\\\/\\\/kmblock.com\\\/de\\\/product\\\/mercedes-v-klasse-w447\\\/#breadcrumb\",\"itemListElement\":[{\"@type\":\"ListItem\",\"position\":1,\"name\":\"Startseite\",\"item\":\"https:\\\/\\\/kmblock.com\\\/de\\\/\"},{\"@type\":\"ListItem\",\"position\":2,\"name\":\"Produkte\",\"item\":\"https:\\\/\\\/kmblock.com\\\/de\\\/shop\\\/\"},{\"@type\":\"ListItem\",\"position\":3,\"name\":\"Mercedes V-Klasse W447\"}]},{\"@type\":\"WebSite\",\"@id\":\"https:\\\/\\\/kmblock.com\\\/de\\\/#website\",\"url\":\"https:\\\/\\\/kmblock.com\\\/de\\\/\",\"name\":\"KM Block\",\"description\":\"\",\"publisher\":{\"@id\":\"https:\\\/\\\/kmblock.com\\\/de\\\/#organization\"},\"potentialAction\":[{\"@type\":\"SearchAction\",\"target\":{\"@type\":\"EntryPoint\",\"urlTemplate\":\"https:\\\/\\\/kmblock.com\\\/de\\\/?s={search_term_string}\"},\"query-input\":{\"@type\":\"PropertyValueSpecification\",\"valueRequired\":true,\"valueName\":\"search_term_string\"}}],\"inLanguage\":\"de\"},{\"@type\":\"Organization\",\"@id\":\"https:\\\/\\\/kmblock.com\\\/de\\\/#organization\",\"name\":\"KM-Block\",\"url\":\"https:\\\/\\\/kmblock.com\\\/de\\\/\",\"logo\":{\"@type\":\"ImageObject\",\"inLanguage\":\"de\",\"@id\":\"https:\\\/\\\/kmblock.com\\\/de\\\/#\\\/schema\\\/logo\\\/image\\\/\",\"url\":\"https:\\\/\\\/kmblock.com\\\/wp-content\\\/uploads\\\/2024\\\/08\\\/main-logo.png\",\"contentUrl\":\"https:\\\/\\\/kmblock.com\\\/wp-content\\\/uploads\\\/2024\\\/08\\\/main-logo.png\",\"width\":186,\"height\":28,\"caption\":\"KM-Block\"},\"image\":{\"@id\":\"https:\\\/\\\/kmblock.com\\\/de\\\/#\\\/schema\\\/logo\\\/image\\\/\"}}]}<\/script>\n<!-- \/ Yoast SEO plugin. -->","yoast_head_json":{"title":"Mercedes V-Klasse W447 Mileage Blocker (KM stopper) \u2192 KM Block","description":"Buy a Mercedes V-Klasse W447 Mileage Blocker for the Best Prices \u2713 Free Shipping \u2713 Incl. Installation Guides","robots":{"index":"index","follow":"follow","max-snippet":"max-snippet:-1","max-image-preview":"max-image-preview:large","max-video-preview":"max-video-preview:-1"},"og_locale":"de_DE","og_type":"article","og_title":"Mercedes V-Klasse W447 Mileage Blocker (KM stopper) \u2192 KM Block","og_description":"Buy a Mercedes V-Klasse W447 Mileage Blocker for the Best Prices \u2713 Free Shipping \u2713 Incl. Installation Guides","og_url":"https:\/\/kmblock.com\/de\/product\/mercedes-v-klasse-w447\/","og_site_name":"KM Block","og_image":[{"width":600,"height":491,"url":"https:\/\/kmblock.com\/wp-content\/uploads\/2024\/11\/vclass-600x491-1.jpg","type":"image\/jpeg"}],"twitter_card":"summary_large_image","twitter_misc":{"Gesch\u00e4tzte Lesezeit":"4\u00a0Minuten"},"schema":{"@context":"https:\/\/schema.org","@graph":[{"@type":"WebPage","@id":"https:\/\/kmblock.com\/de\/product\/mercedes-v-klasse-w447\/","url":"https:\/\/kmblock.com\/de\/product\/mercedes-v-klasse-w447\/","name":"Mercedes V-Klasse W447 Mileage Blocker (KM stopper) \u2192 KM Block","isPartOf":{"@id":"https:\/\/kmblock.com\/de\/#website"},"primaryImageOfPage":{"@id":"https:\/\/kmblock.com\/de\/product\/mercedes-v-klasse-w447\/#primaryimage"},"image":{"@id":"https:\/\/kmblock.com\/de\/product\/mercedes-v-klasse-w447\/#primaryimage"},"thumbnailUrl":"https:\/\/kmblock.com\/wp-content\/uploads\/2024\/11\/vclass-600x491-1.jpg","datePublished":"2024-11-17T10:29:47+00:00","description":"Buy a Mercedes V-Klasse W447 Mileage Blocker for the Best Prices \u2713 Free Shipping \u2713 Incl. Installation Guides","breadcrumb":{"@id":"https:\/\/kmblock.com\/de\/product\/mercedes-v-klasse-w447\/#breadcrumb"},"inLanguage":"de","potentialAction":[{"@type":"ReadAction","target":["https:\/\/kmblock.com\/de\/product\/mercedes-v-klasse-w447\/"]}]},{"@type":"ImageObject","inLanguage":"de","@id":"https:\/\/kmblock.com\/de\/product\/mercedes-v-klasse-w447\/#primaryimage","url":"https:\/\/kmblock.com\/wp-content\/uploads\/2024\/11\/vclass-600x491-1.jpg","contentUrl":"https:\/\/kmblock.com\/wp-content\/uploads\/2024\/11\/vclass-600x491-1.jpg","width":600,"height":491},{"@type":"BreadcrumbList","@id":"https:\/\/kmblock.com\/de\/product\/mercedes-v-klasse-w447\/#breadcrumb","itemListElement":[{"@type":"ListItem","position":1,"name":"Startseite","item":"https:\/\/kmblock.com\/de\/"},{"@type":"ListItem","position":2,"name":"Produkte","item":"https:\/\/kmblock.com\/de\/shop\/"},{"@type":"ListItem","position":3,"name":"Mercedes V-Klasse W447"}]},{"@type":"WebSite","@id":"https:\/\/kmblock.com\/de\/#website","url":"https:\/\/kmblock.com\/de\/","name":"KM Block","description":"","publisher":{"@id":"https:\/\/kmblock.com\/de\/#organization"},"potentialAction":[{"@type":"SearchAction","target":{"@type":"EntryPoint","urlTemplate":"https:\/\/kmblock.com\/de\/?s={search_term_string}"},"query-input":{"@type":"PropertyValueSpecification","valueRequired":true,"valueName":"search_term_string"}}],"inLanguage":"de"},{"@type":"Organization","@id":"https:\/\/kmblock.com\/de\/#organization","name":"KM-Block","url":"https:\/\/kmblock.com\/de\/","logo":{"@type":"ImageObject","inLanguage":"de","@id":"https:\/\/kmblock.com\/de\/#\/schema\/logo\/image\/","url":"https:\/\/kmblock.com\/wp-content\/uploads\/2024\/08\/main-logo.png","contentUrl":"https:\/\/kmblock.com\/wp-content\/uploads\/2024\/08\/main-logo.png","width":186,"height":28,"caption":"KM-Block"},"image":{"@id":"https:\/\/kmblock.com\/de\/#\/schema\/logo\/image\/"}}]}},"_links":{"self":[{"href":"https:\/\/kmblock.com\/de\/wp-json\/wp\/v2\/product\/7672","targetHints":{"allow":["GET"]}}],"collection":[{"href":"https:\/\/kmblock.com\/de\/wp-json\/wp\/v2\/product"}],"about":[{"href":"https:\/\/kmblock.com\/de\/wp-json\/wp\/v2\/types\/product"}],"replies":[{"embeddable":true,"href":"https:\/\/kmblock.com\/de\/wp-json\/wp\/v2\/comments?post=7672"}],"wp:featuredmedia":[{"embeddable":true,"href":"https:\/\/kmblock.com\/de\/wp-json\/wp\/v2\/media\/1098"}],"wp:attachment":[{"href":"https:\/\/kmblock.com\/de\/wp-json\/wp\/v2\/media?parent=7672"}],"wp:term":[{"taxonomy":"product_brand","embeddable":true,"href":"https:\/\/kmblock.com\/de\/wp-json\/wp\/v2\/product_brand?post=7672"},{"taxonomy":"product_cat","embeddable":true,"href":"https:\/\/kmblock.com\/de\/wp-json\/wp\/v2\/product_cat?post=7672"},{"taxonomy":"product_tag","embeddable":true,"href":"https:\/\/kmblock.com\/de\/wp-json\/wp\/v2\/product_tag?post=7672"}],"curies":[{"name":"wp","href":"https:\/\/api.w.org\/{rel}","templated":true}]}}