{"id":7657,"date":"2024-11-17T11:32:07","date_gmt":"2024-11-17T11:32:07","guid":{"rendered":"https:\/\/kmblock.com\/product\/mercedes-x-klasse\/"},"modified":"2024-11-17T11:32:07","modified_gmt":"2024-11-17T11:32:07","slug":"mercedes-x-klasse","status":"publish","type":"product","link":"https:\/\/kmblock.com\/de\/product\/mercedes-x-klasse\/","title":{"rendered":"Mercedes X-Klasse"},"content":{"rendered":"<p><strong>KILOMETERSTANDSBLOCKER F\u00dcR DIE MERCEDES X-KLASSE<\/strong><\/p>\n<p>Der <strong>Mercedes X Class Mileage Blocker<\/strong> ist auch bekannt als: Kilometerz\u00e4hler-Blocker, Kilometerz\u00e4hler-Stopper, Dosen-Blocker, Kilometer-Stopper, Tageskilometerz\u00e4hler, Dosen-Filter und in einigen F\u00e4llen auch als Kilometer-Korrekturger\u00e4t.<\/p>\n<h3>SPEZIFIKATIONEN:<\/h3>\n<ul>\n<li><strong>Einfache und schnelle DIY-Installation<\/strong>: Einfach zu installieren, ohne dass Sie professionelle Hilfe ben\u00f6tigen.<\/li>\n<li>Der <strong>Tempomat funktioniert nicht<\/strong>: W\u00e4hrend das Modul aktiv ist, wird der Tempomat deaktiviert.<\/li>\n<li><strong>Kann w\u00e4hrend der Fahrt ein- und ausgeschaltet werden<\/strong>: Flexibel w\u00e4hrend der Fahrt zu aktivieren oder zu deaktivieren.<\/li>\n<li><strong>Erzeugt keine Striche auf dem Kilometerz\u00e4hler<\/strong>: Keine Verzerrung der digitalen Anzeige des Kilometerz\u00e4hlers.<\/li>\n<li><strong>Sie m\u00fcssen keine Kabel abschneiden oder Komponenten l\u00f6ten<\/strong>: Die Installation erfolgt ohne \u00c4nderungen an der Fahrzeugverkabelung.<\/li>\n<li><strong>Nach dem Entfernen des Moduls erh\u00f6ht sich der Kilometerstand nicht spontan<\/strong>: Das Modul sorgt daf\u00fcr, dass der Kilometerstand auch nach dem Entfernen statisch bleibt.<\/li>\n<li><strong>Ausgew\u00e4hlte Einstellungen werden bedingungslos gespeichert<\/strong>: Einmal eingestellt, werden Ihre Einstellungen auch nach der Deaktivierung gespeichert.<\/li>\n<li><strong>Wird mit hochwertigen Steckern und hitzebest\u00e4ndigen Kabeln geliefert<\/strong>: Entwickelt f\u00fcr Langlebigkeit und Zuverl\u00e4ssigkeit.<\/li>\n<li><strong>Mehrere Modi zur Auswahl<\/strong>: Bietet verschiedene Einstellungen f\u00fcr unterschiedliche Bed\u00fcrfnisse.<\/li>\n<li><strong>Hinterl\u00e4sst keine Spuren, wenn es entfernt wird<\/strong>: Das Modul kann entfernt werden, ohne Spuren der Ver\u00e4nderung zu hinterlassen.<\/li>\n<li><strong>Diagnosetester k\u00f6nnen keine \u00c4nderungen erkennen<\/strong>: Die vom Modul vorgenommenen \u00c4nderungen der Laufleistung sind f\u00fcr Diagnosetools nicht erkennbar.<\/li>\n<li><strong>Die Steckfl\u00e4che und die Rillen am Stecker sorgen f\u00fcr eine reibungslose Installation<\/strong>: Einfache und sichere Verbindung.<\/li>\n<\/ul>\n<p>F\u00fcr den Modus, der den Kilometerstand vollst\u00e4ndig \u00e4ndert, ist eine Abweichung von bis zu <strong>1%<\/strong> der gefahrenen Strecke erlaubt. Die Angaben zum gestoppten Kilometerstand sind N\u00e4herungswerte und k\u00f6nnen geringf\u00fcgige Abweichungen aufweisen. <\/p>\n<h3>AKTIVIERUNG &amp; DEAKTIVIERUNG:<\/h3>\n<p><span data-sheets-root=\"1\">&#8222;Aktivieren Sie die Funktion, indem Sie die &#8218;Return-Taste&#8216; 10 Sekunden lang gedr\u00fcckt halten, bis alle Lichter aufleuchten.<\/span><\/p>\n<p><strong>Modus Ein<\/strong>: alle Lichter leuchten auf und der Kilometerstand betr\u00e4gt 0%. Alles funktioniert einwandfrei.<\/p>\n<p><strong>Modus Aus<\/strong>: Alle Lichter gehen an und z\u00e4hlen 100% der Kilometer. Alles funktioniert einwandfrei.&#8220;<\/p>\n<h3>Was ist der <strong>Mercedes X-Klasse 470 Kilometerz\u00e4hler-Blocker oder das Tool zur Kilometerstandskorrektur<\/strong>?<\/h3>\n<p>Der <strong>Mercedes X Class 470 Mileage Blocker \/ Odometer Blocker<\/strong> erm\u00f6glicht es Ihnen, den Kilometerstand eines Fahrzeugs zu stoppen und gleichzeitig seine Leistung zu testen. Er ist die ideale L\u00f6sung f\u00fcr die neue Generation von Mercedes-Fahrzeugen und kann nur bei <strong>KM Block<\/strong> erworben werden. Egal, ob der digitale Kilometerz\u00e4hler Ihres Fahrzeugs den Kilometerstand in Meilen oder Kilometern (km) z\u00e4hlt, das Ger\u00e4t funktioniert effektiv. Das <strong>Mileage Blocker<\/strong> Tool ist kompatibel mit Diesel-, Benzin-, Plug-in-Hybrid-Elektrofahrzeugen (PHEVs) und Elektroautos.   <\/p>\n<p><strong>Wichtiger Hinweis<\/strong>: Wir verkaufen keine Tools zur <strong>Kilometerkorrektur<\/strong> f\u00fcr die Mercedes X-Klasse 470, da sie f\u00fcr betr\u00fcgerische Zwecke gedacht sind und oft dazu verwendet werden, den Kilometerstand vom Kilometerz\u00e4hler zu entfernen. Diese Tools spulen in der Regel nur die zur\u00fcckgelegte Strecke zur\u00fcck, und moderne Fahrzeuge haben mehrere Datenspeicher, so dass diese Rollback-Tools den Kilometerstand nicht vollst\u00e4ndig l\u00f6schen k\u00f6nnen. <\/p>\n<p>Wir bieten eine breite Palette von <strong>Mileage Stopper-Ger\u00e4ten<\/strong> f\u00fcr verschiedene Fahrzeuge an, die speziell f\u00fcr jede Marke und jedes Modell programmiert sind, um eine einwandfreie Leistung zu gew\u00e4hrleisten. Die Installation ist einfach und erfordert keine tiefgreifenden Kenntnisse \u00fcber die Wartung des Fahrzeugs. Schlie\u00dfen Sie das Modul einfach zwischen dem Tachoanschluss und dem Kombiinstrument an, um alle Vorteile zu nutzen.  <\/p>\n<p>Der <strong>Mercedes X-Klasse 470 Mileage Blocker<\/strong> kann jederzeit aktiviert oder deaktiviert werden, egal ob das Fahrzeug in Bewegung ist oder steht.<\/p>\n","protected":false},"excerpt":{"rendered":"<div class=\"flex max-w-full flex-col flex-grow\">\n<div class=\"min-h-8 text-message flex w-full flex-col items-end gap-2 whitespace-normal break-words [.text-message+&amp;]:mt-5\" dir=\"auto\" data-message-author-role=\"assistant\" data-message-id=\"a441b426-36fd-46d5-8aba-1f7451c77ece\" data-message-model-slug=\"gpt-4o\">\n<div class=\"flex w-full flex-col gap-1 empty:hidden first:pt-[3px]\">\n<div class=\"markdown prose w-full break-words dark:prose-invert light\">\n<p><strong>Wichtiger Hinweis<\/strong>: Dieses Ger\u00e4t ist f\u00fcr <strong>alle Mercedes X-Klasse 470 Modelle<\/strong> geeignet <strong>, die von 2017 bis 2020 herausgegeben wurden<\/strong>. Es kann nur f\u00fcr ein Fahrzeug verwendet werden, da es die interne Fahrgestellnummer speichert. Einfache und schnelle Installation. Der Tempomat funktioniert nicht, wenn das Modul aktiv ist, der Tempomat ist dann deaktiviert. Qualitativ hochwertige Stecker und hitzebest\u00e4ndige Kabel, die f\u00fcr Langlebigkeit und Zuverl\u00e4ssigkeit ausgelegt sind.    <\/p>\n<\/div>\n<p class=\"p1\"><b> \u2705 Nahtlose Integration<\/b><b><\/b><\/p>\n<p class=\"p1\">\u2705<b> Einfache Installation<\/b><b><\/b><\/p>\n<p class=\"p1\">\u2705<b> Genaue Verwaltung des Kilometerstandes<\/b><b><\/b><\/p>\n<p class=\"p1\"><b> \u2705 Betrieb im Tarnkappenmodus<\/b><b><\/b><\/p>\n<p class=\"p1\"><span class=\"s1\">\u2705<\/span><b> Lebenslanger Support und Updates<\/b><\/p>\n<\/div>\n<\/div>\n<\/div>\n","protected":false},"featured_media":1100,"comment_status":"open","ping_status":"closed","template":"","meta":[],"product_brand":[],"product_cat":[806],"product_tag":[],"class_list":{"0":"post-7657","1":"product","2":"type-product","3":"status-publish","4":"has-post-thumbnail","6":"product_cat-mercedes","8":"first","9":"instock","10":"taxable","11":"shipping-taxable","12":"purchasable","13":"product-type-variable"},"yoast_head":"<!-- This site is optimized with the Yoast SEO plugin v27.5 - https:\/\/yoast.com\/product\/yoast-seo-wordpress\/ -->\n<title>Mercedes X-Klasse Mileage Blocker (KM stopper) \u2192 KM Block<\/title>\n<meta name=\"description\" content=\"Buy a Mercedes X-Klasse Mileage Blocker for the Best Prices \u2713 Free Shipping \u2713 Incl. Installation Guides\" \/>\n<meta name=\"robots\" content=\"index, follow, max-snippet:-1, max-image-preview:large, max-video-preview:-1\" \/>\n<meta property=\"og:locale\" content=\"de_DE\" \/>\n<meta property=\"og:type\" content=\"article\" \/>\n<meta property=\"og:title\" content=\"Mercedes X-Klasse Mileage Blocker (KM stopper) \u2192 KM Block\" \/>\n<meta property=\"og:description\" content=\"Buy a Mercedes X-Klasse Mileage Blocker for the Best Prices \u2713 Free Shipping \u2713 Incl. Installation Guides\" \/>\n<meta property=\"og:url\" content=\"https:\/\/kmblock.com\/de\/product\/mercedes-x-klasse\/\" \/>\n<meta property=\"og:site_name\" content=\"KM Block\" \/>\n<meta property=\"og:image\" content=\"https:\/\/kmblock.com\/wp-content\/uploads\/2024\/11\/xclass-600x491-1.jpg\" \/>\n\t<meta property=\"og:image:width\" content=\"600\" \/>\n\t<meta property=\"og:image:height\" content=\"491\" \/>\n\t<meta property=\"og:image:type\" content=\"image\/jpeg\" \/>\n<meta name=\"twitter:card\" content=\"summary_large_image\" \/>\n<meta name=\"twitter:label1\" content=\"Gesch\u00e4tzte Lesezeit\" \/>\n\t<meta name=\"twitter:data1\" content=\"3\u00a0Minuten\" \/>\n<script type=\"application\/ld+json\" class=\"yoast-schema-graph\">{\"@context\":\"https:\\\/\\\/schema.org\",\"@graph\":[{\"@type\":\"WebPage\",\"@id\":\"https:\\\/\\\/kmblock.com\\\/de\\\/product\\\/mercedes-x-klasse\\\/\",\"url\":\"https:\\\/\\\/kmblock.com\\\/de\\\/product\\\/mercedes-x-klasse\\\/\",\"name\":\"Mercedes X-Klasse Mileage Blocker (KM stopper) \u2192 KM Block\",\"isPartOf\":{\"@id\":\"https:\\\/\\\/kmblock.com\\\/de\\\/#website\"},\"primaryImageOfPage\":{\"@id\":\"https:\\\/\\\/kmblock.com\\\/de\\\/product\\\/mercedes-x-klasse\\\/#primaryimage\"},\"image\":{\"@id\":\"https:\\\/\\\/kmblock.com\\\/de\\\/product\\\/mercedes-x-klasse\\\/#primaryimage\"},\"thumbnailUrl\":\"https:\\\/\\\/kmblock.com\\\/wp-content\\\/uploads\\\/2024\\\/11\\\/xclass-600x491-1.jpg\",\"datePublished\":\"2024-11-17T11:32:07+00:00\",\"description\":\"Buy a Mercedes X-Klasse Mileage Blocker for the Best Prices \u2713 Free Shipping \u2713 Incl. Installation Guides\",\"breadcrumb\":{\"@id\":\"https:\\\/\\\/kmblock.com\\\/de\\\/product\\\/mercedes-x-klasse\\\/#breadcrumb\"},\"inLanguage\":\"de\",\"potentialAction\":[{\"@type\":\"ReadAction\",\"target\":[\"https:\\\/\\\/kmblock.com\\\/de\\\/product\\\/mercedes-x-klasse\\\/\"]}]},{\"@type\":\"ImageObject\",\"inLanguage\":\"de\",\"@id\":\"https:\\\/\\\/kmblock.com\\\/de\\\/product\\\/mercedes-x-klasse\\\/#primaryimage\",\"url\":\"https:\\\/\\\/kmblock.com\\\/wp-content\\\/uploads\\\/2024\\\/11\\\/xclass-600x491-1.jpg\",\"contentUrl\":\"https:\\\/\\\/kmblock.com\\\/wp-content\\\/uploads\\\/2024\\\/11\\\/xclass-600x491-1.jpg\",\"width\":600,\"height\":491},{\"@type\":\"BreadcrumbList\",\"@id\":\"https:\\\/\\\/kmblock.com\\\/de\\\/product\\\/mercedes-x-klasse\\\/#breadcrumb\",\"itemListElement\":[{\"@type\":\"ListItem\",\"position\":1,\"name\":\"Startseite\",\"item\":\"https:\\\/\\\/kmblock.com\\\/de\\\/\"},{\"@type\":\"ListItem\",\"position\":2,\"name\":\"Produkte\",\"item\":\"https:\\\/\\\/kmblock.com\\\/de\\\/shop\\\/\"},{\"@type\":\"ListItem\",\"position\":3,\"name\":\"Mercedes X-Klasse\"}]},{\"@type\":\"WebSite\",\"@id\":\"https:\\\/\\\/kmblock.com\\\/de\\\/#website\",\"url\":\"https:\\\/\\\/kmblock.com\\\/de\\\/\",\"name\":\"KM Block\",\"description\":\"\",\"publisher\":{\"@id\":\"https:\\\/\\\/kmblock.com\\\/de\\\/#organization\"},\"potentialAction\":[{\"@type\":\"SearchAction\",\"target\":{\"@type\":\"EntryPoint\",\"urlTemplate\":\"https:\\\/\\\/kmblock.com\\\/de\\\/?s={search_term_string}\"},\"query-input\":{\"@type\":\"PropertyValueSpecification\",\"valueRequired\":true,\"valueName\":\"search_term_string\"}}],\"inLanguage\":\"de\"},{\"@type\":\"Organization\",\"@id\":\"https:\\\/\\\/kmblock.com\\\/de\\\/#organization\",\"name\":\"KM-Block\",\"url\":\"https:\\\/\\\/kmblock.com\\\/de\\\/\",\"logo\":{\"@type\":\"ImageObject\",\"inLanguage\":\"de\",\"@id\":\"https:\\\/\\\/kmblock.com\\\/de\\\/#\\\/schema\\\/logo\\\/image\\\/\",\"url\":\"https:\\\/\\\/kmblock.com\\\/wp-content\\\/uploads\\\/2024\\\/08\\\/main-logo.png\",\"contentUrl\":\"https:\\\/\\\/kmblock.com\\\/wp-content\\\/uploads\\\/2024\\\/08\\\/main-logo.png\",\"width\":186,\"height\":28,\"caption\":\"KM-Block\"},\"image\":{\"@id\":\"https:\\\/\\\/kmblock.com\\\/de\\\/#\\\/schema\\\/logo\\\/image\\\/\"}}]}<\/script>\n<!-- \/ Yoast SEO plugin. -->","yoast_head_json":{"title":"Mercedes X-Klasse Mileage Blocker (KM stopper) \u2192 KM Block","description":"Buy a Mercedes X-Klasse Mileage Blocker for the Best Prices \u2713 Free Shipping \u2713 Incl. Installation Guides","robots":{"index":"index","follow":"follow","max-snippet":"max-snippet:-1","max-image-preview":"max-image-preview:large","max-video-preview":"max-video-preview:-1"},"og_locale":"de_DE","og_type":"article","og_title":"Mercedes X-Klasse Mileage Blocker (KM stopper) \u2192 KM Block","og_description":"Buy a Mercedes X-Klasse Mileage Blocker for the Best Prices \u2713 Free Shipping \u2713 Incl. Installation Guides","og_url":"https:\/\/kmblock.com\/de\/product\/mercedes-x-klasse\/","og_site_name":"KM Block","og_image":[{"width":600,"height":491,"url":"https:\/\/kmblock.com\/wp-content\/uploads\/2024\/11\/xclass-600x491-1.jpg","type":"image\/jpeg"}],"twitter_card":"summary_large_image","twitter_misc":{"Gesch\u00e4tzte Lesezeit":"3\u00a0Minuten"},"schema":{"@context":"https:\/\/schema.org","@graph":[{"@type":"WebPage","@id":"https:\/\/kmblock.com\/de\/product\/mercedes-x-klasse\/","url":"https:\/\/kmblock.com\/de\/product\/mercedes-x-klasse\/","name":"Mercedes X-Klasse Mileage Blocker (KM stopper) \u2192 KM Block","isPartOf":{"@id":"https:\/\/kmblock.com\/de\/#website"},"primaryImageOfPage":{"@id":"https:\/\/kmblock.com\/de\/product\/mercedes-x-klasse\/#primaryimage"},"image":{"@id":"https:\/\/kmblock.com\/de\/product\/mercedes-x-klasse\/#primaryimage"},"thumbnailUrl":"https:\/\/kmblock.com\/wp-content\/uploads\/2024\/11\/xclass-600x491-1.jpg","datePublished":"2024-11-17T11:32:07+00:00","description":"Buy a Mercedes X-Klasse Mileage Blocker for the Best Prices \u2713 Free Shipping \u2713 Incl. Installation Guides","breadcrumb":{"@id":"https:\/\/kmblock.com\/de\/product\/mercedes-x-klasse\/#breadcrumb"},"inLanguage":"de","potentialAction":[{"@type":"ReadAction","target":["https:\/\/kmblock.com\/de\/product\/mercedes-x-klasse\/"]}]},{"@type":"ImageObject","inLanguage":"de","@id":"https:\/\/kmblock.com\/de\/product\/mercedes-x-klasse\/#primaryimage","url":"https:\/\/kmblock.com\/wp-content\/uploads\/2024\/11\/xclass-600x491-1.jpg","contentUrl":"https:\/\/kmblock.com\/wp-content\/uploads\/2024\/11\/xclass-600x491-1.jpg","width":600,"height":491},{"@type":"BreadcrumbList","@id":"https:\/\/kmblock.com\/de\/product\/mercedes-x-klasse\/#breadcrumb","itemListElement":[{"@type":"ListItem","position":1,"name":"Startseite","item":"https:\/\/kmblock.com\/de\/"},{"@type":"ListItem","position":2,"name":"Produkte","item":"https:\/\/kmblock.com\/de\/shop\/"},{"@type":"ListItem","position":3,"name":"Mercedes X-Klasse"}]},{"@type":"WebSite","@id":"https:\/\/kmblock.com\/de\/#website","url":"https:\/\/kmblock.com\/de\/","name":"KM Block","description":"","publisher":{"@id":"https:\/\/kmblock.com\/de\/#organization"},"potentialAction":[{"@type":"SearchAction","target":{"@type":"EntryPoint","urlTemplate":"https:\/\/kmblock.com\/de\/?s={search_term_string}"},"query-input":{"@type":"PropertyValueSpecification","valueRequired":true,"valueName":"search_term_string"}}],"inLanguage":"de"},{"@type":"Organization","@id":"https:\/\/kmblock.com\/de\/#organization","name":"KM-Block","url":"https:\/\/kmblock.com\/de\/","logo":{"@type":"ImageObject","inLanguage":"de","@id":"https:\/\/kmblock.com\/de\/#\/schema\/logo\/image\/","url":"https:\/\/kmblock.com\/wp-content\/uploads\/2024\/08\/main-logo.png","contentUrl":"https:\/\/kmblock.com\/wp-content\/uploads\/2024\/08\/main-logo.png","width":186,"height":28,"caption":"KM-Block"},"image":{"@id":"https:\/\/kmblock.com\/de\/#\/schema\/logo\/image\/"}}]}},"_links":{"self":[{"href":"https:\/\/kmblock.com\/de\/wp-json\/wp\/v2\/product\/7657","targetHints":{"allow":["GET"]}}],"collection":[{"href":"https:\/\/kmblock.com\/de\/wp-json\/wp\/v2\/product"}],"about":[{"href":"https:\/\/kmblock.com\/de\/wp-json\/wp\/v2\/types\/product"}],"replies":[{"embeddable":true,"href":"https:\/\/kmblock.com\/de\/wp-json\/wp\/v2\/comments?post=7657"}],"wp:featuredmedia":[{"embeddable":true,"href":"https:\/\/kmblock.com\/de\/wp-json\/wp\/v2\/media\/1100"}],"wp:attachment":[{"href":"https:\/\/kmblock.com\/de\/wp-json\/wp\/v2\/media?parent=7657"}],"wp:term":[{"taxonomy":"product_brand","embeddable":true,"href":"https:\/\/kmblock.com\/de\/wp-json\/wp\/v2\/product_brand?post=7657"},{"taxonomy":"product_cat","embeddable":true,"href":"https:\/\/kmblock.com\/de\/wp-json\/wp\/v2\/product_cat?post=7657"},{"taxonomy":"product_tag","embeddable":true,"href":"https:\/\/kmblock.com\/de\/wp-json\/wp\/v2\/product_tag?post=7657"}],"curies":[{"name":"wp","href":"https:\/\/api.w.org\/{rel}","templated":true}]}}