{"id":7629,"date":"2024-11-17T10:14:59","date_gmt":"2024-11-17T10:14:59","guid":{"rendered":"https:\/\/kmblock.com\/product\/mercedes-gls-klasse-x166\/"},"modified":"2024-11-17T10:14:59","modified_gmt":"2024-11-17T10:14:59","slug":"mercedes-gls-klasse-x166","status":"publish","type":"product","link":"https:\/\/kmblock.com\/de\/product\/mercedes-gls-klasse-x166\/","title":{"rendered":"Mercedes GLS Klasse X166"},"content":{"rendered":"<p><strong>Laufleistungssperre f\u00fcr Mercedes GL \/ GLS X166<\/strong><\/p>\n<p>Dieser <strong>Kilometerz\u00e4hler<\/strong> wird manchmal auch unter anderen Namen wie <strong>Kilometerz\u00e4hler-Blocker<\/strong>, <strong>Kilometerz\u00e4hler-Stopper<\/strong>, <strong>Dosen-Blocker<\/strong>, <strong>Kilometerz\u00e4hler-Stopper<\/strong>, <strong>Tageskilometerz\u00e4hler<\/strong>, <strong>Dosen-Filter<\/strong> und in einigen F\u00e4llen auch als <strong>Kilometerz\u00e4hler-Korrektur-Tool<\/strong> bezeichnet.<\/p>\n<h3><strong>Spezifikationen<\/strong><\/h3>\n<ul>\n<li><strong>DIY-Installation<\/strong>: Einfach ohne professionelle Hilfe zu installieren.<\/li>\n<li><strong>Nicht zur\u00fcckverfolgbare Leistung<\/strong>: Es werden keine Spuren hinterlassen, so dass sie von Diagnosetestern nicht entdeckt werden.<\/li>\n<li><strong>Aktivierung &amp; Deaktivierung<\/strong>: Kann mit mehreren Tastenkombinationen einfach aktiviert oder deaktiviert werden, sogar w\u00e4hrend der Bewegung.<\/li>\n<li><strong>Kein Schneiden oder L\u00f6ten<\/strong>: Die Installation erfordert kein L\u00f6ten oder Schneiden von Dr\u00e4hten.<\/li>\n<li><strong>Qualitativ hochwertige Komponenten<\/strong>: Das Ger\u00e4t wird mit hochwertigen Steckern und hitzebest\u00e4ndigen Kabeln geliefert.<\/li>\n<li><strong>Tachometer &amp; Assistenzsysteme<\/strong>: Der Tachometer und alle Assistenzsysteme werden weiterhin einwandfrei funktionieren.<\/li>\n<li><strong>Genaue Kontrolle des Kilometerstandes<\/strong>: Nach dem Entfernen des Ger\u00e4ts erh\u00f6ht sich der Kilometerstand nicht spontan, und das Modul speichert die Einstellungen.<\/li>\n<li><strong>Fehlerfreier Betrieb<\/strong>: Es werden keine Fehlermeldungen auf dem Tachometer oder dem Navigationspanel angezeigt.<\/li>\n<li><strong>Geringf\u00fcgige Abweichung des Kilometerstandes<\/strong>: Bei einer vollst\u00e4ndigen \u00c4nderung des Kilometerstandes ist eine Abweichung von bis zu 1% der Entfernung zul\u00e4ssig.<\/li>\n<\/ul>\n<h3><strong>Aktivierung &amp; Deaktivierung<\/strong><\/h3>\n<p><span data-sheets-root=\"1\">&#8222;Aktivieren Sie, indem Sie die Stummschalttaste 10 Sekunden lang gedr\u00fcckt halten, bis alle Lichter aufleuchten.<\/span><\/p>\n<p><strong>Modus Ein:<\/strong> alle Lichter leuchten auf und der Kilometerstand betr\u00e4gt 0%. Alles funktioniert einwandfrei.<\/p>\n<p><strong>Modus Aus:<\/strong> Alle Lichter gehen an und z\u00e4hlen 100% der Kilometer. Alles funktioniert einwandfrei.&#8220;<\/p>\n<h3><strong>Kalibrierung<\/strong><\/h3>\n<ul>\n<li><strong>Geschwindigkeitskalibrierung<\/strong>: Wenn die Geschwindigkeitsanzeige nicht genau ist, dr\u00fccken Sie <strong>10 Mal<\/strong> die <strong>Return-Taste<\/strong>, um den Kalibrierungsmodus aufzurufen. Die ideale Geschwindigkeit f\u00fcr die Kalibrierung ist <strong>60 KM\/h oder 60 MP\/h<\/strong>. Passen Sie die Geschwindigkeit mit den Auf-\/Ab-Pfeiltasten an und best\u00e4tigen Sie sie, sobald sie korrekt ist.  <\/li>\n<\/ul>\n<h3><strong>Zweck<\/strong><\/h3>\n<ul>\n<li>Der <strong>Mileage Blocker<\/strong> stoppt den Kilometerstand f\u00fcr Leistungstests. Er funktioniert mit digitalen Kilometerz\u00e4hlern, die Meilen oder Kilometer anzeigen, und ist mit Diesel-, Benzin-, Plug-in-Hybrid-Elektrofahrzeugen (PHEVs) und Elektroautos kompatibel. <\/li>\n<li><strong>Hinweis<\/strong>: Wir verkaufen <strong>keine<\/strong> Ger\u00e4te zur Kilometerkorrektur, die dazu verwendet werden, den Kilometerstand betr\u00fcgerisch zu ver\u00e4ndern (z.B. den Kilometerstand zur\u00fcckzudrehen). Das Ger\u00e4t versucht nicht, den Gesamtkilometerstand r\u00fcckg\u00e4ngig zu machen, sondern bietet eine Funktion zu Testzwecken. <\/li>\n<\/ul>\n<h3><strong>Verwendung<\/strong><\/h3>\n<ul>\n<li>Der <strong>Mercedes GL \/ GLS X166 Mileage Blocker<\/strong> kann jederzeit aktiviert oder deaktiviert werden, egal ob das Fahrzeug in Bewegung ist oder steht.<\/li>\n<\/ul>\n<p>Dieses Modul ist ideal f\u00fcr diejenigen, die die Leistung ihres Fahrzeugs testen m\u00f6chten, ohne dass der Kilometerz\u00e4hler die Entfernung aufzeichnet.<\/p>\n","protected":false},"excerpt":{"rendered":"<div class=\"flex max-w-full flex-col flex-grow\">\n<div class=\"min-h-8 text-message flex w-full flex-col items-end gap-2 whitespace-normal break-words [.text-message+&amp;]:mt-5\" dir=\"auto\" data-message-author-role=\"assistant\" data-message-id=\"a441b426-36fd-46d5-8aba-1f7451c77ece\" data-message-model-slug=\"gpt-4o\">\n<div class=\"flex w-full flex-col gap-1 empty:hidden first:pt-[3px]\">\n<div class=\"markdown prose w-full break-words dark:prose-invert light\">\n<p><strong>Wichtige Informationen vor der Bestellung: Dieses<\/strong>Ger\u00e4t ist f\u00fcr <strong>Mercedes GL \/ GLS X166<\/strong> Modelle geeignet, die zwischen 2012 und 2018 hergestellt wurden. Das Ger\u00e4t l\u00e4sst sich im Do-it-yourself-Verfahren (DIY) einbauen, ohne dass Sie professionelle Hilfe ben\u00f6tigen. Es bietet eine nicht nachweisbare Leistung, d.h. kein Diagnosetool wird die vorgenommenen \u00c4nderungen erkennen. Das Modul kann bequem w\u00e4hrend der Fahrt aktiviert oder deaktiviert werden. Das Ger\u00e4t wird mit hochwertigen Steckern und hitzebest\u00e4ndigen Kabeln geliefert, die Langlebigkeit und Zuverl\u00e4ssigkeit gew\u00e4hrleisten. Der Tachometer und alle anderen Hilfsprogramme funktionieren einwandfrei, wenn das Modul installiert ist. Das Modul sorgt daf\u00fcr, dass es keine Fehlermeldungen oder St\u00f6rungen in den Fahrzeugsystemen gibt.      <\/p>\n<p class=\"p1\"><b> \u2705 Nahtlose Integration<\/b><b><\/b><\/p>\n<p class=\"p1\">\u2705<b> Einfache Installation<\/b><b><\/b><\/p>\n<p class=\"p1\">\u2705<b> Genaue Verwaltung des Kilometerstandes<\/b><b><\/b><\/p>\n<p class=\"p1\"><b> \u2705 Betrieb im Tarnkappenmodus<\/b><b><\/b><\/p>\n<p class=\"p1\"><span class=\"s1\">\u2705<\/span><b> Lebenslanger Support und Updates<\/b><\/p>\n<\/div>\n<\/div>\n<\/div>\n<\/div>\n","protected":false},"featured_media":1094,"comment_status":"open","ping_status":"closed","template":"","meta":[],"product_brand":[],"product_cat":[806],"product_tag":[],"class_list":{"0":"post-7629","1":"product","2":"type-product","3":"status-publish","4":"has-post-thumbnail","6":"product_cat-mercedes","8":"first","9":"instock","10":"taxable","11":"shipping-taxable","12":"purchasable","13":"product-type-variable"},"yoast_head":"<!-- This site is optimized with the Yoast SEO plugin v27.5 - https:\/\/yoast.com\/product\/yoast-seo-wordpress\/ -->\n<title>Mercedes GLS Klasse X166 Mileage Blocker (KM stopper) \u2192 KM Block<\/title>\n<meta name=\"description\" content=\"Buy a Mercedes GLS Klasse X166 Mileage Blocker for the Best Prices \u2713 Free Shipping \u2713 Incl. Installation Guides\" \/>\n<meta name=\"robots\" content=\"index, follow, max-snippet:-1, max-image-preview:large, max-video-preview:-1\" \/>\n<meta property=\"og:locale\" content=\"de_DE\" \/>\n<meta property=\"og:type\" content=\"article\" \/>\n<meta property=\"og:title\" content=\"Mercedes GLS Klasse X166 Mileage Blocker (KM stopper) \u2192 KM Block\" \/>\n<meta property=\"og:description\" content=\"Buy a Mercedes GLS Klasse X166 Mileage Blocker for the Best Prices \u2713 Free Shipping \u2713 Incl. Installation Guides\" \/>\n<meta property=\"og:url\" content=\"https:\/\/kmblock.com\/de\/product\/mercedes-gls-klasse-x166\/\" \/>\n<meta property=\"og:site_name\" content=\"KM Block\" \/>\n<meta property=\"og:image\" content=\"https:\/\/kmblock.com\/wp-content\/uploads\/2024\/11\/gls-600x491-1.jpg\" \/>\n\t<meta property=\"og:image:width\" content=\"600\" \/>\n\t<meta property=\"og:image:height\" content=\"491\" \/>\n\t<meta property=\"og:image:type\" content=\"image\/jpeg\" \/>\n<meta name=\"twitter:card\" content=\"summary_large_image\" \/>\n<meta name=\"twitter:label1\" content=\"Gesch\u00e4tzte Lesezeit\" \/>\n\t<meta name=\"twitter:data1\" content=\"2\u00a0Minuten\" \/>\n<script type=\"application\/ld+json\" class=\"yoast-schema-graph\">{\"@context\":\"https:\\\/\\\/schema.org\",\"@graph\":[{\"@type\":\"WebPage\",\"@id\":\"https:\\\/\\\/kmblock.com\\\/de\\\/product\\\/mercedes-gls-klasse-x166\\\/\",\"url\":\"https:\\\/\\\/kmblock.com\\\/de\\\/product\\\/mercedes-gls-klasse-x166\\\/\",\"name\":\"Mercedes GLS Klasse X166 Mileage Blocker (KM stopper) \u2192 KM Block\",\"isPartOf\":{\"@id\":\"https:\\\/\\\/kmblock.com\\\/de\\\/#website\"},\"primaryImageOfPage\":{\"@id\":\"https:\\\/\\\/kmblock.com\\\/de\\\/product\\\/mercedes-gls-klasse-x166\\\/#primaryimage\"},\"image\":{\"@id\":\"https:\\\/\\\/kmblock.com\\\/de\\\/product\\\/mercedes-gls-klasse-x166\\\/#primaryimage\"},\"thumbnailUrl\":\"https:\\\/\\\/kmblock.com\\\/wp-content\\\/uploads\\\/2024\\\/11\\\/gls-600x491-1.jpg\",\"datePublished\":\"2024-11-17T10:14:59+00:00\",\"description\":\"Buy a Mercedes GLS Klasse X166 Mileage Blocker for the Best Prices \u2713 Free Shipping \u2713 Incl. Installation Guides\",\"breadcrumb\":{\"@id\":\"https:\\\/\\\/kmblock.com\\\/de\\\/product\\\/mercedes-gls-klasse-x166\\\/#breadcrumb\"},\"inLanguage\":\"de\",\"potentialAction\":[{\"@type\":\"ReadAction\",\"target\":[\"https:\\\/\\\/kmblock.com\\\/de\\\/product\\\/mercedes-gls-klasse-x166\\\/\"]}]},{\"@type\":\"ImageObject\",\"inLanguage\":\"de\",\"@id\":\"https:\\\/\\\/kmblock.com\\\/de\\\/product\\\/mercedes-gls-klasse-x166\\\/#primaryimage\",\"url\":\"https:\\\/\\\/kmblock.com\\\/wp-content\\\/uploads\\\/2024\\\/11\\\/gls-600x491-1.jpg\",\"contentUrl\":\"https:\\\/\\\/kmblock.com\\\/wp-content\\\/uploads\\\/2024\\\/11\\\/gls-600x491-1.jpg\",\"width\":600,\"height\":491},{\"@type\":\"BreadcrumbList\",\"@id\":\"https:\\\/\\\/kmblock.com\\\/de\\\/product\\\/mercedes-gls-klasse-x166\\\/#breadcrumb\",\"itemListElement\":[{\"@type\":\"ListItem\",\"position\":1,\"name\":\"Startseite\",\"item\":\"https:\\\/\\\/kmblock.com\\\/de\\\/\"},{\"@type\":\"ListItem\",\"position\":2,\"name\":\"Produkte\",\"item\":\"https:\\\/\\\/kmblock.com\\\/de\\\/shop\\\/\"},{\"@type\":\"ListItem\",\"position\":3,\"name\":\"Mercedes GLS Klasse X166\"}]},{\"@type\":\"WebSite\",\"@id\":\"https:\\\/\\\/kmblock.com\\\/de\\\/#website\",\"url\":\"https:\\\/\\\/kmblock.com\\\/de\\\/\",\"name\":\"KM Block\",\"description\":\"\",\"publisher\":{\"@id\":\"https:\\\/\\\/kmblock.com\\\/de\\\/#organization\"},\"potentialAction\":[{\"@type\":\"SearchAction\",\"target\":{\"@type\":\"EntryPoint\",\"urlTemplate\":\"https:\\\/\\\/kmblock.com\\\/de\\\/?s={search_term_string}\"},\"query-input\":{\"@type\":\"PropertyValueSpecification\",\"valueRequired\":true,\"valueName\":\"search_term_string\"}}],\"inLanguage\":\"de\"},{\"@type\":\"Organization\",\"@id\":\"https:\\\/\\\/kmblock.com\\\/de\\\/#organization\",\"name\":\"KM-Block\",\"url\":\"https:\\\/\\\/kmblock.com\\\/de\\\/\",\"logo\":{\"@type\":\"ImageObject\",\"inLanguage\":\"de\",\"@id\":\"https:\\\/\\\/kmblock.com\\\/de\\\/#\\\/schema\\\/logo\\\/image\\\/\",\"url\":\"https:\\\/\\\/kmblock.com\\\/wp-content\\\/uploads\\\/2024\\\/08\\\/main-logo.png\",\"contentUrl\":\"https:\\\/\\\/kmblock.com\\\/wp-content\\\/uploads\\\/2024\\\/08\\\/main-logo.png\",\"width\":186,\"height\":28,\"caption\":\"KM-Block\"},\"image\":{\"@id\":\"https:\\\/\\\/kmblock.com\\\/de\\\/#\\\/schema\\\/logo\\\/image\\\/\"}}]}<\/script>\n<!-- \/ Yoast SEO plugin. -->","yoast_head_json":{"title":"Mercedes GLS Klasse X166 Mileage Blocker (KM stopper) \u2192 KM Block","description":"Buy a Mercedes GLS Klasse X166 Mileage Blocker for the Best Prices \u2713 Free Shipping \u2713 Incl. Installation Guides","robots":{"index":"index","follow":"follow","max-snippet":"max-snippet:-1","max-image-preview":"max-image-preview:large","max-video-preview":"max-video-preview:-1"},"og_locale":"de_DE","og_type":"article","og_title":"Mercedes GLS Klasse X166 Mileage Blocker (KM stopper) \u2192 KM Block","og_description":"Buy a Mercedes GLS Klasse X166 Mileage Blocker for the Best Prices \u2713 Free Shipping \u2713 Incl. Installation Guides","og_url":"https:\/\/kmblock.com\/de\/product\/mercedes-gls-klasse-x166\/","og_site_name":"KM Block","og_image":[{"width":600,"height":491,"url":"https:\/\/kmblock.com\/wp-content\/uploads\/2024\/11\/gls-600x491-1.jpg","type":"image\/jpeg"}],"twitter_card":"summary_large_image","twitter_misc":{"Gesch\u00e4tzte Lesezeit":"2\u00a0Minuten"},"schema":{"@context":"https:\/\/schema.org","@graph":[{"@type":"WebPage","@id":"https:\/\/kmblock.com\/de\/product\/mercedes-gls-klasse-x166\/","url":"https:\/\/kmblock.com\/de\/product\/mercedes-gls-klasse-x166\/","name":"Mercedes GLS Klasse X166 Mileage Blocker (KM stopper) \u2192 KM Block","isPartOf":{"@id":"https:\/\/kmblock.com\/de\/#website"},"primaryImageOfPage":{"@id":"https:\/\/kmblock.com\/de\/product\/mercedes-gls-klasse-x166\/#primaryimage"},"image":{"@id":"https:\/\/kmblock.com\/de\/product\/mercedes-gls-klasse-x166\/#primaryimage"},"thumbnailUrl":"https:\/\/kmblock.com\/wp-content\/uploads\/2024\/11\/gls-600x491-1.jpg","datePublished":"2024-11-17T10:14:59+00:00","description":"Buy a Mercedes GLS Klasse X166 Mileage Blocker for the Best Prices \u2713 Free Shipping \u2713 Incl. Installation Guides","breadcrumb":{"@id":"https:\/\/kmblock.com\/de\/product\/mercedes-gls-klasse-x166\/#breadcrumb"},"inLanguage":"de","potentialAction":[{"@type":"ReadAction","target":["https:\/\/kmblock.com\/de\/product\/mercedes-gls-klasse-x166\/"]}]},{"@type":"ImageObject","inLanguage":"de","@id":"https:\/\/kmblock.com\/de\/product\/mercedes-gls-klasse-x166\/#primaryimage","url":"https:\/\/kmblock.com\/wp-content\/uploads\/2024\/11\/gls-600x491-1.jpg","contentUrl":"https:\/\/kmblock.com\/wp-content\/uploads\/2024\/11\/gls-600x491-1.jpg","width":600,"height":491},{"@type":"BreadcrumbList","@id":"https:\/\/kmblock.com\/de\/product\/mercedes-gls-klasse-x166\/#breadcrumb","itemListElement":[{"@type":"ListItem","position":1,"name":"Startseite","item":"https:\/\/kmblock.com\/de\/"},{"@type":"ListItem","position":2,"name":"Produkte","item":"https:\/\/kmblock.com\/de\/shop\/"},{"@type":"ListItem","position":3,"name":"Mercedes GLS Klasse X166"}]},{"@type":"WebSite","@id":"https:\/\/kmblock.com\/de\/#website","url":"https:\/\/kmblock.com\/de\/","name":"KM Block","description":"","publisher":{"@id":"https:\/\/kmblock.com\/de\/#organization"},"potentialAction":[{"@type":"SearchAction","target":{"@type":"EntryPoint","urlTemplate":"https:\/\/kmblock.com\/de\/?s={search_term_string}"},"query-input":{"@type":"PropertyValueSpecification","valueRequired":true,"valueName":"search_term_string"}}],"inLanguage":"de"},{"@type":"Organization","@id":"https:\/\/kmblock.com\/de\/#organization","name":"KM-Block","url":"https:\/\/kmblock.com\/de\/","logo":{"@type":"ImageObject","inLanguage":"de","@id":"https:\/\/kmblock.com\/de\/#\/schema\/logo\/image\/","url":"https:\/\/kmblock.com\/wp-content\/uploads\/2024\/08\/main-logo.png","contentUrl":"https:\/\/kmblock.com\/wp-content\/uploads\/2024\/08\/main-logo.png","width":186,"height":28,"caption":"KM-Block"},"image":{"@id":"https:\/\/kmblock.com\/de\/#\/schema\/logo\/image\/"}}]}},"_links":{"self":[{"href":"https:\/\/kmblock.com\/de\/wp-json\/wp\/v2\/product\/7629","targetHints":{"allow":["GET"]}}],"collection":[{"href":"https:\/\/kmblock.com\/de\/wp-json\/wp\/v2\/product"}],"about":[{"href":"https:\/\/kmblock.com\/de\/wp-json\/wp\/v2\/types\/product"}],"replies":[{"embeddable":true,"href":"https:\/\/kmblock.com\/de\/wp-json\/wp\/v2\/comments?post=7629"}],"wp:featuredmedia":[{"embeddable":true,"href":"https:\/\/kmblock.com\/de\/wp-json\/wp\/v2\/media\/1094"}],"wp:attachment":[{"href":"https:\/\/kmblock.com\/de\/wp-json\/wp\/v2\/media?parent=7629"}],"wp:term":[{"taxonomy":"product_brand","embeddable":true,"href":"https:\/\/kmblock.com\/de\/wp-json\/wp\/v2\/product_brand?post=7629"},{"taxonomy":"product_cat","embeddable":true,"href":"https:\/\/kmblock.com\/de\/wp-json\/wp\/v2\/product_cat?post=7629"},{"taxonomy":"product_tag","embeddable":true,"href":"https:\/\/kmblock.com\/de\/wp-json\/wp\/v2\/product_tag?post=7629"}],"curies":[{"name":"wp","href":"https:\/\/api.w.org\/{rel}","templated":true}]}}