{"id":7617,"date":"2024-12-22T19:58:56","date_gmt":"2024-12-22T19:58:56","guid":{"rendered":"https:\/\/kmblock.com\/product\/mini-cooper-countryman-f60\/"},"modified":"2026-02-18T20:20:01","modified_gmt":"2026-02-18T20:20:01","slug":"mini-cooper-countryman-f60","status":"publish","type":"product","link":"https:\/\/kmblock.com\/de\/product\/mini-cooper-countryman-f60\/","title":{"rendered":"Mini Cooper Countryman F60"},"content":{"rendered":"<p><strong>KM\/Miles Freezer f\u00fcr Mini Countryman F60 (ab 2015)<\/strong><\/p>\n<p><strong>Beschreibung:<\/strong><br \/>\nDieser KM\/Miles Freezer ist kompatibel mit dem Mini Countryman F60 ab 2015. Er erm\u00f6glicht es dem Fahrzeug, den Kilometerstand w\u00e4hrend der Fahrt nicht mehr zu z\u00e4hlen, w\u00e4hrend der Tachometer weiterhin wie gewohnt funktioniert. <\/p>\n<p><strong>Wichtige Merkmale:<\/strong><\/p>\n<ul>\n<li><strong>Plug &amp; Play-Installation:<\/strong>\n<ul>\n<li>Kein L\u00f6ten, Schneiden oder Zugang zur ECU erforderlich.<\/li>\n<li>Einfacher Anschluss mit den originalen Fahrzeugsteckern.<\/li>\n<\/ul>\n<\/li>\n<li><strong>Leistung:<\/strong>\n<ul>\n<li>Friert alle KM\/Meilen-Speicher w\u00e4hrend des Betriebs ein.<\/li>\n<li>Der Kilometerstand springt nach dem Ausbau des Moduls nicht zur\u00fcck.<\/li>\n<li>Tachometer und Navigation bleiben fehlerfrei.<\/li>\n<\/ul>\n<\/li>\n<li><strong>Benutzerfreundliche Aktivierung:<\/strong><\/li>\n<\/ul>\n<p>&#8222;Schalten Sie ein, indem Sie die &#8218;BC-Taste&#8216; am Lenker 10 Sekunden lang gedr\u00fcckt halten, bis der Blinker blinkt.<\/p>\n<p><strong>Modus Ein:<\/strong> z\u00e4hlt 0% der Meilen. Der Blinker blinkt einmal nach links.  Alles funktioniert einwandfrei.<\/p>\n<p><strong>Modus Aus:<\/strong> Z\u00e4hlt 100% des Kilometerstandes. Der Blinker blinkt einmal nach rechts. Alles funktioniert ordnungsgem\u00e4\u00df.&#8220;&#8220;<\/p>\n<p>&#8222;Schalten Sie ein, indem Sie die BC-Taste 5 Mal dr\u00fccken, bis der Blinker blinkt.<\/p>\n<p><strong>Modus 1:<\/strong> Z\u00e4hlt 30% der Meilen. Der Blinker blinkt einmal nach links.  Alles funktioniert einwandfrei.<\/p>\n<p><strong>Modus 2:<\/strong> Z\u00e4hlt 100 % des Kilometerstandes. Der Blinker blinkt einmal nach rechts. Alles funktioniert einwandfrei.  <\/p>\n<p><strong>Modus 3:<\/strong> Z\u00e4hlt 0% des Kilometerstandes. Beide Blinker blinken einmal. Die Geschwindigkeit funktioniert nicht.&#8220;&#8220;<\/p>\n<p><strong>Vorteile:<\/strong><br \/>\n\u2714\ufe0f Einfache und schnelle Einrichtung ohne Fahrzeugmodifikationen.<br \/>\n\u2714\ufe0f Keine Fehlermeldungen oder Leistungsprobleme.<br \/>\n\u2714\ufe0f Hochwertige Anschl\u00fcsse f\u00fcr zuverl\u00e4ssige Leistung.<br \/>\n\u2714\ufe0f Auswahl zwischen normaler oder eingefrorener Kilometerz\u00e4hlung.<br \/>\n\u2714\ufe0f Deaktiviert die automatische Start\/Stopp-Funktion w\u00e4hrend des Betriebs.<\/p>\n<p><strong>Kompatibilit\u00e4t:<\/strong><br \/>\nDieses KM\/Miles Gefriermodul ist f\u00fcr alle Mini Modelle bis einschlie\u00dflich 2020 geeignet.<\/p>\n<p><strong>Hinweis:<\/strong><br \/>\nDieses Produkt ist f\u00fcr den professionellen Gebrauch bestimmt und kann je nach Region gesetzlichen Einschr\u00e4nkungen unterliegen. Stellen Sie vor der Installation sicher, dass die \u00f6rtlichen Gesetze eingehalten werden. <\/p>\n","protected":false},"excerpt":{"rendered":"<div class=\"flex max-w-full flex-col flex-grow\">\n<div class=\"min-h-8 text-message flex w-full flex-col items-end gap-2 whitespace-normal break-words [.text-message+&amp;]:mt-5\" dir=\"auto\" data-message-author-role=\"assistant\" data-message-id=\"a441b426-36fd-46d5-8aba-1f7451c77ece\" data-message-model-slug=\"gpt-4o\">\n<div class=\"flex w-full flex-col gap-1 empty:hidden first:pt-[3px]\">\n<div class=\"markdown prose w-full break-words dark:prose-invert light\">\n<p><strong>Stop KM\/Miles Freezer f\u00fcr Mini Countryman F60<\/strong><\/p>\n<p><strong>Kompatible Modelle:<\/strong> Mini Countryman F60, Mini Clubman F54, Mini Hatch F55 (5 T\u00fcren), Mini Hatch F55 (3 T\u00fcren), Mini Cabrio F57<\/p>\n<p>Dieses Modul wurde entwickelt, um das Z\u00e4hlen von Kilometern w\u00e4hrend der Fahrt zu stoppen und bietet nahtlose Kompatibilit\u00e4t mit verschiedenen Mini-Modellen. Die Installation erfolgt schnell und einfach \u00fcber ein Plug &amp; Play-System und erfordert keine L\u00f6tarbeiten oder dauerhaften \u00c4nderungen. <\/p>\n<p class=\"p1\"><b> \u2705 Nahtlose Integration<\/b><b><\/b><\/p>\n<p class=\"p1\">\u2705<b> Einfache Installation<\/b><b><\/b><\/p>\n<p class=\"p1\">\u2705<b> Genaue Verwaltung des Kilometerstandes<\/b><b><\/b><\/p>\n<p class=\"p1\"><b> \u2705 Betrieb im Tarnkappenmodus<\/b><b><\/b><\/p>\n<p class=\"p1\"><span class=\"s1\">\u2705<\/span><b> Lebenslanger Support und Updates<\/b><\/p>\n<\/div>\n<\/div>\n<\/div>\n<\/div>\n","protected":false},"featured_media":7618,"comment_status":"open","ping_status":"closed","template":"","meta":[],"product_brand":[],"product_cat":[687],"product_tag":[],"class_list":{"0":"post-7617","1":"product","2":"type-product","3":"status-publish","4":"has-post-thumbnail","6":"product_cat-mini","8":"first","9":"instock","10":"taxable","11":"shipping-taxable","12":"purchasable","13":"product-type-variable"},"yoast_head":"<!-- This site is optimized with the Yoast SEO plugin v27.5 - https:\/\/yoast.com\/product\/yoast-seo-wordpress\/ -->\n<title>Mini Cooper Countryman F60 Mileage Blocker (KM stopper) \u2192 KM Block<\/title>\n<meta name=\"description\" content=\"Buy a Mini Cooper Countryman F60 Mileage Blocker for the Best Prices \u2713 Free Shipping \u2713 Incl. Installation Guides\" \/>\n<meta name=\"robots\" content=\"index, follow, max-snippet:-1, max-image-preview:large, max-video-preview:-1\" \/>\n<meta property=\"og:locale\" content=\"de_DE\" \/>\n<meta property=\"og:type\" content=\"article\" \/>\n<meta property=\"og:title\" content=\"Mini Cooper Countryman F60 Mileage Blocker (KM stopper) \u2192 KM Block\" \/>\n<meta property=\"og:description\" content=\"Buy a Mini Cooper Countryman F60 Mileage Blocker for the Best Prices \u2713 Free Shipping \u2713 Incl. Installation Guides\" \/>\n<meta property=\"og:url\" content=\"https:\/\/kmblock.com\/de\/product\/mini-cooper-countryman-f60\/\" \/>\n<meta property=\"og:site_name\" content=\"KM Block\" \/>\n<meta property=\"article:modified_time\" content=\"2026-02-18T20:20:01+00:00\" \/>\n<meta property=\"og:image\" content=\"https:\/\/kmblock.com\/wp-content\/uploads\/2024\/12\/Mini-Cooper-Countryman-F60.jpg\" \/>\n\t<meta property=\"og:image:width\" content=\"600\" \/>\n\t<meta property=\"og:image:height\" content=\"491\" \/>\n\t<meta property=\"og:image:type\" content=\"image\/jpeg\" \/>\n<meta name=\"twitter:card\" content=\"summary_large_image\" \/>\n<meta name=\"twitter:label1\" content=\"Gesch\u00e4tzte Lesezeit\" \/>\n\t<meta name=\"twitter:data1\" content=\"1\u00a0Minute\" \/>\n<script type=\"application\/ld+json\" class=\"yoast-schema-graph\">{\"@context\":\"https:\\\/\\\/schema.org\",\"@graph\":[{\"@type\":\"WebPage\",\"@id\":\"https:\\\/\\\/kmblock.com\\\/de\\\/product\\\/mini-cooper-countryman-f60\\\/\",\"url\":\"https:\\\/\\\/kmblock.com\\\/de\\\/product\\\/mini-cooper-countryman-f60\\\/\",\"name\":\"Mini Cooper Countryman F60 Mileage Blocker (KM stopper) \u2192 KM Block\",\"isPartOf\":{\"@id\":\"https:\\\/\\\/kmblock.com\\\/de\\\/#website\"},\"primaryImageOfPage\":{\"@id\":\"https:\\\/\\\/kmblock.com\\\/de\\\/product\\\/mini-cooper-countryman-f60\\\/#primaryimage\"},\"image\":{\"@id\":\"https:\\\/\\\/kmblock.com\\\/de\\\/product\\\/mini-cooper-countryman-f60\\\/#primaryimage\"},\"thumbnailUrl\":\"https:\\\/\\\/kmblock.com\\\/wp-content\\\/uploads\\\/2024\\\/12\\\/Mini-Cooper-Countryman-F60.jpg\",\"datePublished\":\"2024-12-22T19:58:56+00:00\",\"dateModified\":\"2026-02-18T20:20:01+00:00\",\"description\":\"Buy a Mini Cooper Countryman F60 Mileage Blocker for the Best Prices \u2713 Free Shipping \u2713 Incl. Installation Guides\",\"breadcrumb\":{\"@id\":\"https:\\\/\\\/kmblock.com\\\/de\\\/product\\\/mini-cooper-countryman-f60\\\/#breadcrumb\"},\"inLanguage\":\"de\",\"potentialAction\":[{\"@type\":\"ReadAction\",\"target\":[\"https:\\\/\\\/kmblock.com\\\/de\\\/product\\\/mini-cooper-countryman-f60\\\/\"]}]},{\"@type\":\"ImageObject\",\"inLanguage\":\"de\",\"@id\":\"https:\\\/\\\/kmblock.com\\\/de\\\/product\\\/mini-cooper-countryman-f60\\\/#primaryimage\",\"url\":\"https:\\\/\\\/kmblock.com\\\/wp-content\\\/uploads\\\/2024\\\/12\\\/Mini-Cooper-Countryman-F60.jpg\",\"contentUrl\":\"https:\\\/\\\/kmblock.com\\\/wp-content\\\/uploads\\\/2024\\\/12\\\/Mini-Cooper-Countryman-F60.jpg\",\"width\":600,\"height\":491,\"caption\":\"Mini Cooper Countryman F60\"},{\"@type\":\"BreadcrumbList\",\"@id\":\"https:\\\/\\\/kmblock.com\\\/de\\\/product\\\/mini-cooper-countryman-f60\\\/#breadcrumb\",\"itemListElement\":[{\"@type\":\"ListItem\",\"position\":1,\"name\":\"Startseite\",\"item\":\"https:\\\/\\\/kmblock.com\\\/de\\\/\"},{\"@type\":\"ListItem\",\"position\":2,\"name\":\"Produkte\",\"item\":\"https:\\\/\\\/kmblock.com\\\/de\\\/shop\\\/\"},{\"@type\":\"ListItem\",\"position\":3,\"name\":\"Mini Cooper Countryman F60\"}]},{\"@type\":\"WebSite\",\"@id\":\"https:\\\/\\\/kmblock.com\\\/de\\\/#website\",\"url\":\"https:\\\/\\\/kmblock.com\\\/de\\\/\",\"name\":\"KM Block\",\"description\":\"\",\"publisher\":{\"@id\":\"https:\\\/\\\/kmblock.com\\\/de\\\/#organization\"},\"potentialAction\":[{\"@type\":\"SearchAction\",\"target\":{\"@type\":\"EntryPoint\",\"urlTemplate\":\"https:\\\/\\\/kmblock.com\\\/de\\\/?s={search_term_string}\"},\"query-input\":{\"@type\":\"PropertyValueSpecification\",\"valueRequired\":true,\"valueName\":\"search_term_string\"}}],\"inLanguage\":\"de\"},{\"@type\":\"Organization\",\"@id\":\"https:\\\/\\\/kmblock.com\\\/de\\\/#organization\",\"name\":\"KM-Block\",\"url\":\"https:\\\/\\\/kmblock.com\\\/de\\\/\",\"logo\":{\"@type\":\"ImageObject\",\"inLanguage\":\"de\",\"@id\":\"https:\\\/\\\/kmblock.com\\\/de\\\/#\\\/schema\\\/logo\\\/image\\\/\",\"url\":\"https:\\\/\\\/kmblock.com\\\/wp-content\\\/uploads\\\/2024\\\/08\\\/main-logo.png\",\"contentUrl\":\"https:\\\/\\\/kmblock.com\\\/wp-content\\\/uploads\\\/2024\\\/08\\\/main-logo.png\",\"width\":186,\"height\":28,\"caption\":\"KM-Block\"},\"image\":{\"@id\":\"https:\\\/\\\/kmblock.com\\\/de\\\/#\\\/schema\\\/logo\\\/image\\\/\"}}]}<\/script>\n<!-- \/ Yoast SEO plugin. -->","yoast_head_json":{"title":"Mini Cooper Countryman F60 Mileage Blocker (KM stopper) \u2192 KM Block","description":"Buy a Mini Cooper Countryman F60 Mileage Blocker for the Best Prices \u2713 Free Shipping \u2713 Incl. Installation Guides","robots":{"index":"index","follow":"follow","max-snippet":"max-snippet:-1","max-image-preview":"max-image-preview:large","max-video-preview":"max-video-preview:-1"},"og_locale":"de_DE","og_type":"article","og_title":"Mini Cooper Countryman F60 Mileage Blocker (KM stopper) \u2192 KM Block","og_description":"Buy a Mini Cooper Countryman F60 Mileage Blocker for the Best Prices \u2713 Free Shipping \u2713 Incl. Installation Guides","og_url":"https:\/\/kmblock.com\/de\/product\/mini-cooper-countryman-f60\/","og_site_name":"KM Block","article_modified_time":"2026-02-18T20:20:01+00:00","og_image":[{"width":600,"height":491,"url":"https:\/\/kmblock.com\/wp-content\/uploads\/2024\/12\/Mini-Cooper-Countryman-F60.jpg","type":"image\/jpeg"}],"twitter_card":"summary_large_image","twitter_misc":{"Gesch\u00e4tzte Lesezeit":"1\u00a0Minute"},"schema":{"@context":"https:\/\/schema.org","@graph":[{"@type":"WebPage","@id":"https:\/\/kmblock.com\/de\/product\/mini-cooper-countryman-f60\/","url":"https:\/\/kmblock.com\/de\/product\/mini-cooper-countryman-f60\/","name":"Mini Cooper Countryman F60 Mileage Blocker (KM stopper) \u2192 KM Block","isPartOf":{"@id":"https:\/\/kmblock.com\/de\/#website"},"primaryImageOfPage":{"@id":"https:\/\/kmblock.com\/de\/product\/mini-cooper-countryman-f60\/#primaryimage"},"image":{"@id":"https:\/\/kmblock.com\/de\/product\/mini-cooper-countryman-f60\/#primaryimage"},"thumbnailUrl":"https:\/\/kmblock.com\/wp-content\/uploads\/2024\/12\/Mini-Cooper-Countryman-F60.jpg","datePublished":"2024-12-22T19:58:56+00:00","dateModified":"2026-02-18T20:20:01+00:00","description":"Buy a Mini Cooper Countryman F60 Mileage Blocker for the Best Prices \u2713 Free Shipping \u2713 Incl. Installation Guides","breadcrumb":{"@id":"https:\/\/kmblock.com\/de\/product\/mini-cooper-countryman-f60\/#breadcrumb"},"inLanguage":"de","potentialAction":[{"@type":"ReadAction","target":["https:\/\/kmblock.com\/de\/product\/mini-cooper-countryman-f60\/"]}]},{"@type":"ImageObject","inLanguage":"de","@id":"https:\/\/kmblock.com\/de\/product\/mini-cooper-countryman-f60\/#primaryimage","url":"https:\/\/kmblock.com\/wp-content\/uploads\/2024\/12\/Mini-Cooper-Countryman-F60.jpg","contentUrl":"https:\/\/kmblock.com\/wp-content\/uploads\/2024\/12\/Mini-Cooper-Countryman-F60.jpg","width":600,"height":491,"caption":"Mini Cooper Countryman F60"},{"@type":"BreadcrumbList","@id":"https:\/\/kmblock.com\/de\/product\/mini-cooper-countryman-f60\/#breadcrumb","itemListElement":[{"@type":"ListItem","position":1,"name":"Startseite","item":"https:\/\/kmblock.com\/de\/"},{"@type":"ListItem","position":2,"name":"Produkte","item":"https:\/\/kmblock.com\/de\/shop\/"},{"@type":"ListItem","position":3,"name":"Mini Cooper Countryman F60"}]},{"@type":"WebSite","@id":"https:\/\/kmblock.com\/de\/#website","url":"https:\/\/kmblock.com\/de\/","name":"KM Block","description":"","publisher":{"@id":"https:\/\/kmblock.com\/de\/#organization"},"potentialAction":[{"@type":"SearchAction","target":{"@type":"EntryPoint","urlTemplate":"https:\/\/kmblock.com\/de\/?s={search_term_string}"},"query-input":{"@type":"PropertyValueSpecification","valueRequired":true,"valueName":"search_term_string"}}],"inLanguage":"de"},{"@type":"Organization","@id":"https:\/\/kmblock.com\/de\/#organization","name":"KM-Block","url":"https:\/\/kmblock.com\/de\/","logo":{"@type":"ImageObject","inLanguage":"de","@id":"https:\/\/kmblock.com\/de\/#\/schema\/logo\/image\/","url":"https:\/\/kmblock.com\/wp-content\/uploads\/2024\/08\/main-logo.png","contentUrl":"https:\/\/kmblock.com\/wp-content\/uploads\/2024\/08\/main-logo.png","width":186,"height":28,"caption":"KM-Block"},"image":{"@id":"https:\/\/kmblock.com\/de\/#\/schema\/logo\/image\/"}}]}},"_links":{"self":[{"href":"https:\/\/kmblock.com\/de\/wp-json\/wp\/v2\/product\/7617","targetHints":{"allow":["GET"]}}],"collection":[{"href":"https:\/\/kmblock.com\/de\/wp-json\/wp\/v2\/product"}],"about":[{"href":"https:\/\/kmblock.com\/de\/wp-json\/wp\/v2\/types\/product"}],"replies":[{"embeddable":true,"href":"https:\/\/kmblock.com\/de\/wp-json\/wp\/v2\/comments?post=7617"}],"wp:featuredmedia":[{"embeddable":true,"href":"https:\/\/kmblock.com\/de\/wp-json\/wp\/v2\/media\/7618"}],"wp:attachment":[{"href":"https:\/\/kmblock.com\/de\/wp-json\/wp\/v2\/media?parent=7617"}],"wp:term":[{"taxonomy":"product_brand","embeddable":true,"href":"https:\/\/kmblock.com\/de\/wp-json\/wp\/v2\/product_brand?post=7617"},{"taxonomy":"product_cat","embeddable":true,"href":"https:\/\/kmblock.com\/de\/wp-json\/wp\/v2\/product_cat?post=7617"},{"taxonomy":"product_tag","embeddable":true,"href":"https:\/\/kmblock.com\/de\/wp-json\/wp\/v2\/product_tag?post=7617"}],"curies":[{"name":"wp","href":"https:\/\/api.w.org\/{rel}","templated":true}]}}