{"id":7584,"date":"2024-09-25T12:24:16","date_gmt":"2024-09-25T12:24:16","guid":{"rendered":"https:\/\/kmblock.com\/product\/volkswagen-tiguan-ii\/"},"modified":"2024-09-25T12:24:16","modified_gmt":"2024-09-25T12:24:16","slug":"volkswagen-tiguan-ii","status":"publish","type":"product","link":"https:\/\/kmblock.com\/de\/product\/volkswagen-tiguan-ii\/","title":{"rendered":"Volkswagen Tiguan II"},"content":{"rendered":"<div class=\"flex max-w-full flex-col flex-grow\">\n<div class=\"min-h-[20px] text-message flex w-full flex-col items-end gap-2 whitespace-normal break-words [.text-message+&amp;]:mt-5\" dir=\"auto\" data-message-author-role=\"assistant\" data-message-id=\"d6917fa6-327f-426b-8c95-0356a88e4710\">\n<div class=\"flex w-full flex-col gap-1 empty:hidden first:pt-[3px]\">\n<div class=\"markdown prose w-full break-words dark:prose-invert dark\">\n<div class=\"flex-1 overflow-hidden\">\n<div class=\"h-full\">\n<div class=\"react-scroll-to-bottom--css-igras-79elbk h-full\">\n<div class=\"react-scroll-to-bottom--css-igras-1n7m0yu\">\n<div class=\"flex flex-col text-sm md:pb-9\">\n<article class=\"w-full text-token-text-primary focus-visible:outline-2 focus-visible:outline-offset-[-4px]\" dir=\"auto\" data-testid=\"conversation-turn-39\" data-scroll-anchor=\"true\">\n<div class=\"text-base py-[18px] px-3 md:px-4 m-auto w-full md:px-5 lg:px-4 xl:px-5\">\n<div class=\"mx-auto flex flex-1 gap-4 text-base md:gap-5 lg:gap-6 md:max-w-3xl lg:max-w-[40rem] xl:max-w-[48rem]\">\n<div class=\"group\/conversation-turn relative flex w-full min-w-0 flex-col agent-turn\">\n<div class=\"flex-col gap-1 md:gap-3\">\n<div class=\"flex max-w-full flex-col flex-grow\">\n<div class=\"min-h-8 text-message flex w-full flex-col items-end gap-2 whitespace-normal break-words [.text-message+&amp;]:mt-5\" dir=\"auto\" data-message-author-role=\"assistant\" data-message-id=\"94262946-86db-408d-bd5a-d72f16e1950f\">\n<div class=\"flex w-full flex-col gap-1 empty:hidden first:pt-[3px]\">\n<div class=\"markdown prose w-full break-words dark:prose-invert dark\">\n<div class=\"flex-1 overflow-hidden\">\n<div class=\"h-full\">\n<div class=\"react-scroll-to-bottom--css-igras-79elbk h-full\">\n<div class=\"react-scroll-to-bottom--css-igras-1n7m0yu\">\n<div class=\"flex flex-col text-sm md:pb-9\">\n<article class=\"w-full text-token-text-primary focus-visible:outline-2 focus-visible:outline-offset-[-4px]\" dir=\"auto\" data-testid=\"conversation-turn-59\" data-scroll-anchor=\"true\">\n<div class=\"text-base py-[18px] px-3 md:px-4 m-auto w-full md:px-5 lg:px-4 xl:px-5\">\n<div class=\"mx-auto flex flex-1 gap-4 text-base md:gap-5 lg:gap-6 md:max-w-3xl lg:max-w-[40rem] xl:max-w-[48rem]\">\n<div class=\"group\/conversation-turn relative flex w-full min-w-0 flex-col agent-turn\">\n<div class=\"flex-col gap-1 md:gap-3\">\n<div class=\"flex max-w-full flex-col flex-grow\">\n<div class=\"min-h-8 text-message flex w-full flex-col items-end gap-2 whitespace-normal break-words [.text-message+&amp;]:mt-5\" dir=\"auto\" data-message-author-role=\"assistant\" data-message-id=\"e94b6a9b-7a71-433f-a938-f5f61a478132\">\n<div class=\"flex w-full flex-col gap-1 empty:hidden first:pt-[3px]\">\n<div class=\"markdown prose w-full break-words dark:prose-invert dark\">\n<h3>KILOMETERZ\u00c4HLER F\u00dcR VOLKSWAGEN TIGUAN II<\/h3>\n<p>Der <strong>Volkswagen Tiguan II Mileage Blocker<\/strong> wird auch als Odometer Blocker, Odometer Stopper, Can Blocker, Mileage Stopper, Trip Odometer, Can Filter oder Mileage Correction Tool bezeichnet. Dieses Ger\u00e4t ist mit allen <strong>Volkswagen Tiguan II Modellen<\/strong> kompatibel, <strong>die seit 2016 auf den Markt gekommen sind<\/strong>. <\/p>\n<h3>SPEZIFIKATIONEN<\/h3>\n<ul>\n<li><strong>Hochwertige Komponenten:<\/strong> Das Ger\u00e4t ist mit qualitativ hochwertigen Steckern und hitzebest\u00e4ndigen Kabeln ausgestattet.<\/li>\n<li><strong>Fehlerfreier Betrieb:<\/strong> Es werden keine Fehlermeldungen auf dem Tachometer oder dem Navigationspanel angezeigt.<\/li>\n<li><strong>Einfache Installation:<\/strong> Die Installation zum Selbsteinbau dauert etwa eine Stunde und erfordert kein L\u00f6ten oder Schneiden von Kabeln und hinterl\u00e4sst keine Spuren.<\/li>\n<li><strong>Reibungslose Installation:<\/strong> Die Passfl\u00e4che und die Rillen am Stecker sorgen f\u00fcr eine nahtlose Installation.<\/li>\n<li><strong>Kein Zugang zur ECU erforderlich:<\/strong> F\u00fcr die Installation ist es nicht erforderlich, die Steuerger\u00e4te zu \u00f6ffnen.<\/li>\n<li><strong>Mehrere Modi verf\u00fcgbar:<\/strong> W\u00e4hlen Sie aus verschiedenen Modi, um Ihren Bed\u00fcrfnissen gerecht zu werden.<\/li>\n<li><strong>Integrit\u00e4t des Kilometerstandes:<\/strong> Nach dem Ausbau erh\u00f6ht sich der Kilometerstand nicht spontan.<\/li>\n<li><strong>Nicht nachweisbare Ver\u00e4nderungen:<\/strong> Diagnosetester k\u00f6nnen keine Ver\u00e4nderungen des Kilometerstands durch den Volkswagen Tiguan II Mileage Stopper feststellen.<\/li>\n<li><strong>Gespeicherte Einstellungen:<\/strong> Wenn Sie diese Option w\u00e4hlen, werden die Einstellungen ohne Einschr\u00e4nkung gespeichert.<\/li>\n<li><strong>Einwandfreie Funktionalit\u00e4t:<\/strong> Tachometer und alle Assistenzsysteme funktionieren ohne St\u00f6rungen.<\/li>\n<li><strong>Motorkontrollleuchte:<\/strong> Die Aktivierung dieses Ger\u00e4ts kann bei Fahrzeugen ab Ende 2020 die Motorkontrollleuchte ausl\u00f6sen.<\/li>\n<li><strong>Abweichung vom Kilometerstand:<\/strong> Bei Verkehrstr\u00e4gern, die den Kilometerstand \u00e4ndern, ist eine Abweichung von bis zu 1% der gefahrenen Strecke zul\u00e4ssig, wobei die angegebenen Daten N\u00e4herungswerte sind, die leicht abweichen k\u00f6nnen.<\/li>\n<\/ul>\n<h3>AKTIVIERUNG &amp; DEAKTIVIERUNG<\/h3>\n<p><span data-sheets-root=\"1\">&#8222;Dr\u00fccken Sie mit der &#8218;ok&#8216;-Bedienung am Lenkrad und halten Sie sie gedr\u00fcckt, bis der Blinker blinkt.<\/span><\/p>\n<p><strong>Modus 1:<\/strong> 1 Blinken links 18 Prozent (alles funktioniert, Geschwindigkeitsregelung usw.)<\/p>\n<p><strong>Modus 2:<\/strong> 2 Mal Blinken links 0 Prozent (keine Geschwindigkeit, keine Tankanzeige)<\/p>\n<p><strong>Modus 3:<\/strong> 1 Blinken rechts 100 Prozent (Original)&#8220;<\/p>\n<p>Der <strong>Volkswagen Tiguan II Kilometerstopper<\/strong> beh\u00e4lt die zuletzt vorgenommenen Einstellungen bei, so dass Sie ihn vor der n\u00e4chsten Fahrt nicht mehr neu konfigurieren m\u00fcssen.<\/p>\n<h3>Was ist der Volkswagen Tiguan II Kilometerz\u00e4hler-Blocker oder Kilometerstandskorrektur-Tool?<\/h3>\n<p>Der <strong>Volkswagen Tiguan II Mileage Blocker \/ Odometer Blocker<\/strong> wurde entwickelt, um den Kilometerstand eines Fahrzeugs zu stoppen und gleichzeitig seine Leistung zu testen. Dieses Tool ist mit Diesel- und Benzinmotoren sowie mit Plug-in-Hybrid-Elektrofahrzeugen (PHEVs) und Elektroautos kompatibel. Bei <g id=\"gid_1\">KM Block<\/g> finden Sie die besten Module mit Originalkomponenten. Unsere Software ist speziell auf jeden Hersteller und jedes Modell zugeschnitten, um einen einwandfreien Betrieb zu gew\u00e4hrleisten, unabh\u00e4ngig davon, ob der Kilometerz\u00e4hler den Kilometerstand in Meilen oder Kilometern aufzeichnet.   <\/p>\n<p><strong>Wichtiger Hinweis:<\/strong> Wir verkaufen keine Tools zur Kilometerkorrektur f\u00fcr den Volkswagen Tiguan II, da diese f\u00fcr betr\u00fcgerische Zwecke gedacht sind und lediglich die Kilometerst\u00e4nde ver\u00e4ndern k\u00f6nnen. Solche Tools zielen in der Regel darauf ab, die zur\u00fcckgelegte Strecke zur\u00fcckzuspulen oder zur\u00fcckzudrehen. Sie ber\u00fccksichtigen jedoch nicht die vielen Datenspeicher in modernen Fahrzeugen. <\/p>\n<p>Wir bieten eine Vielzahl von Mileage Stopper-Ger\u00e4ten f\u00fcr verschiedene Fahrzeuge an. Der Einbau ist bei allen Modellen gleich und erfordert keine umfassenden Kenntnisse der Fahrzeugwartung. Schlie\u00dfen Sie es einfach zwischen dem Tachoanschluss und dem Kombiinstrument an, um alle Vorteile dieses einzigartigen Moduls zu nutzen.<\/p>\n<p>Der <strong>Volkswagen Tiguan II Mileage Blocker<\/strong> ist ein au\u00dfergew\u00f6hnliches Ger\u00e4t, mit dem Sie die Leistung Ihres Fahrzeugs in einer kontrollierten Umgebung testen k\u00f6nnen.<\/p>\n<\/div>\n<\/div>\n<\/div>\n<\/div>\n<\/div>\n<\/div>\n<\/div>\n<\/div>\n<\/article>\n<\/div>\n<\/div>\n<\/div>\n<\/div>\n<\/div>\n<\/div>\n<\/div>\n<\/div>\n<\/div>\n<\/div>\n<\/div>\n<\/div>\n<\/div>\n<\/article>\n<\/div>\n<\/div>\n<\/div>\n<\/div>\n<\/div>\n<\/div>\n<\/div>\n<\/div>\n<\/div>\n","protected":false},"excerpt":{"rendered":"<div class=\"flex-shrink-0 flex flex-col relative items-end\">\n<div class=\"pt-0\">\n<div class=\"gizmo-bot-avatar flex h-8 w-8 items-center justify-center overflow-hidden rounded-full\">\n<div class=\"relative p-1 rounded-sm flex items-center justify-center bg-token-main-surface-primary text-token-text-primary h-8 w-8\">\n<p>Bevor Sie bestellen, lesen Sie bitte sorgf\u00e4ltig den Aktivierungsprozess des Moduls und wichtige Hinweise zu m\u00f6glichen Fehlermeldungen und<\/p>\n<div class=\"flex-shrink-0 flex flex-col relative items-end\">\n<div class=\"pt-0\">\n<div class=\"gizmo-bot-avatar flex h-8 w-8 items-center justify-center overflow-hidden rounded-full\">\n<div class=\"relative p-1 rounded-sm flex items-center justify-center bg-token-main-surface-primary text-token-text-primary h-8 w-8\">\n<p><strong>F\u00dcR MODELLE, DIE SEIT 2016 VER\u00d6FFENTLICHT WURDEN.  <\/strong>Einfache Einrichtung ohne professionelle Hilfe. Keine erkennbaren Ver\u00e4nderungen nach der Installation.  Ausgestattet mit hochwertigen Steckern und hitzebest\u00e4ndigen Kabeln. Tachometer und alle Assistenzsysteme funktionieren ohne St\u00f6rungen.<\/p>\n<\/div>\n<p class=\"p1\"><b> \u2705 Nahtlose Integration<\/b><b><\/b><\/p>\n<p class=\"p1\">\u2705<b> Einfache Installation<\/b><b><\/b><\/p>\n<p class=\"p1\">\u2705<b> Genaue Verwaltung des Kilometerstandes<\/b><b><\/b><\/p>\n<p class=\"p1\"><b> \u2705 Betrieb im Tarnkappenmodus<\/b><b><\/b><\/p>\n<p class=\"p1\"><span class=\"s1\">\u2705<\/span><b> Lebenslanger Support und Updates<\/b><\/p>\n<\/div>\n<\/div>\n<\/div>\n<\/div>\n<\/div>\n<\/div>\n<\/div>\n","protected":false},"featured_media":964,"comment_status":"open","ping_status":"closed","template":"","meta":[],"product_brand":[],"product_cat":[634],"product_tag":[],"class_list":{"0":"post-7584","1":"product","2":"type-product","3":"status-publish","4":"has-post-thumbnail","6":"product_cat-volkswagen","8":"first","9":"instock","10":"taxable","11":"shipping-taxable","12":"purchasable","13":"product-type-variable"},"yoast_head":"<!-- This site is optimized with the Yoast SEO plugin v27.5 - https:\/\/yoast.com\/product\/yoast-seo-wordpress\/ -->\n<title>Volkswagen Tiguan II Mileage Blocker (KM stopper) \u2192 KM Block<\/title>\n<meta name=\"description\" content=\"Buy a Volkswagen Tiguan II Mileage Blocker for the Best Prices \u2713 Free Shipping \u2713 Incl. Installation Guides\" \/>\n<meta name=\"robots\" content=\"index, follow, max-snippet:-1, max-image-preview:large, max-video-preview:-1\" \/>\n<meta property=\"og:locale\" content=\"de_DE\" \/>\n<meta property=\"og:type\" content=\"article\" \/>\n<meta property=\"og:title\" content=\"Volkswagen Tiguan II Mileage Blocker (KM stopper) \u2192 KM Block\" \/>\n<meta property=\"og:description\" content=\"Buy a Volkswagen Tiguan II Mileage Blocker for the Best Prices \u2713 Free Shipping \u2713 Incl. Installation Guides\" \/>\n<meta property=\"og:url\" content=\"https:\/\/kmblock.com\/de\/product\/volkswagen-tiguan-ii\/\" \/>\n<meta property=\"og:site_name\" content=\"KM Block\" \/>\n<meta property=\"og:image\" content=\"https:\/\/kmblock.com\/wp-content\/uploads\/2024\/09\/Volkswagen-Tiguan-II.jpg\" \/>\n\t<meta property=\"og:image:width\" content=\"800\" \/>\n\t<meta property=\"og:image:height\" content=\"800\" \/>\n\t<meta property=\"og:image:type\" content=\"image\/jpeg\" \/>\n<meta name=\"twitter:card\" content=\"summary_large_image\" \/>\n<meta name=\"twitter:label1\" content=\"Gesch\u00e4tzte Lesezeit\" \/>\n\t<meta name=\"twitter:data1\" content=\"3\u00a0Minuten\" \/>\n<script type=\"application\/ld+json\" class=\"yoast-schema-graph\">{\"@context\":\"https:\\\/\\\/schema.org\",\"@graph\":[{\"@type\":\"WebPage\",\"@id\":\"https:\\\/\\\/kmblock.com\\\/de\\\/product\\\/volkswagen-tiguan-ii\\\/\",\"url\":\"https:\\\/\\\/kmblock.com\\\/de\\\/product\\\/volkswagen-tiguan-ii\\\/\",\"name\":\"Volkswagen Tiguan II Mileage Blocker (KM stopper) \u2192 KM Block\",\"isPartOf\":{\"@id\":\"https:\\\/\\\/kmblock.com\\\/de\\\/#website\"},\"primaryImageOfPage\":{\"@id\":\"https:\\\/\\\/kmblock.com\\\/de\\\/product\\\/volkswagen-tiguan-ii\\\/#primaryimage\"},\"image\":{\"@id\":\"https:\\\/\\\/kmblock.com\\\/de\\\/product\\\/volkswagen-tiguan-ii\\\/#primaryimage\"},\"thumbnailUrl\":\"https:\\\/\\\/kmblock.com\\\/wp-content\\\/uploads\\\/2024\\\/09\\\/Volkswagen-Tiguan-II.jpg\",\"datePublished\":\"2024-09-25T12:24:16+00:00\",\"description\":\"Buy a Volkswagen Tiguan II Mileage Blocker for the Best Prices \u2713 Free Shipping \u2713 Incl. Installation Guides\",\"breadcrumb\":{\"@id\":\"https:\\\/\\\/kmblock.com\\\/de\\\/product\\\/volkswagen-tiguan-ii\\\/#breadcrumb\"},\"inLanguage\":\"de\",\"potentialAction\":[{\"@type\":\"ReadAction\",\"target\":[\"https:\\\/\\\/kmblock.com\\\/de\\\/product\\\/volkswagen-tiguan-ii\\\/\"]}]},{\"@type\":\"ImageObject\",\"inLanguage\":\"de\",\"@id\":\"https:\\\/\\\/kmblock.com\\\/de\\\/product\\\/volkswagen-tiguan-ii\\\/#primaryimage\",\"url\":\"https:\\\/\\\/kmblock.com\\\/wp-content\\\/uploads\\\/2024\\\/09\\\/Volkswagen-Tiguan-II.jpg\",\"contentUrl\":\"https:\\\/\\\/kmblock.com\\\/wp-content\\\/uploads\\\/2024\\\/09\\\/Volkswagen-Tiguan-II.jpg\",\"width\":800,\"height\":800,\"caption\":\"Volkswagen Tiguan II\"},{\"@type\":\"BreadcrumbList\",\"@id\":\"https:\\\/\\\/kmblock.com\\\/de\\\/product\\\/volkswagen-tiguan-ii\\\/#breadcrumb\",\"itemListElement\":[{\"@type\":\"ListItem\",\"position\":1,\"name\":\"Startseite\",\"item\":\"https:\\\/\\\/kmblock.com\\\/de\\\/\"},{\"@type\":\"ListItem\",\"position\":2,\"name\":\"Produkte\",\"item\":\"https:\\\/\\\/kmblock.com\\\/de\\\/shop\\\/\"},{\"@type\":\"ListItem\",\"position\":3,\"name\":\"Volkswagen Tiguan II\"}]},{\"@type\":\"WebSite\",\"@id\":\"https:\\\/\\\/kmblock.com\\\/de\\\/#website\",\"url\":\"https:\\\/\\\/kmblock.com\\\/de\\\/\",\"name\":\"KM Block\",\"description\":\"\",\"publisher\":{\"@id\":\"https:\\\/\\\/kmblock.com\\\/de\\\/#organization\"},\"potentialAction\":[{\"@type\":\"SearchAction\",\"target\":{\"@type\":\"EntryPoint\",\"urlTemplate\":\"https:\\\/\\\/kmblock.com\\\/de\\\/?s={search_term_string}\"},\"query-input\":{\"@type\":\"PropertyValueSpecification\",\"valueRequired\":true,\"valueName\":\"search_term_string\"}}],\"inLanguage\":\"de\"},{\"@type\":\"Organization\",\"@id\":\"https:\\\/\\\/kmblock.com\\\/de\\\/#organization\",\"name\":\"KM-Block\",\"url\":\"https:\\\/\\\/kmblock.com\\\/de\\\/\",\"logo\":{\"@type\":\"ImageObject\",\"inLanguage\":\"de\",\"@id\":\"https:\\\/\\\/kmblock.com\\\/de\\\/#\\\/schema\\\/logo\\\/image\\\/\",\"url\":\"https:\\\/\\\/kmblock.com\\\/wp-content\\\/uploads\\\/2024\\\/08\\\/main-logo.png\",\"contentUrl\":\"https:\\\/\\\/kmblock.com\\\/wp-content\\\/uploads\\\/2024\\\/08\\\/main-logo.png\",\"width\":186,\"height\":28,\"caption\":\"KM-Block\"},\"image\":{\"@id\":\"https:\\\/\\\/kmblock.com\\\/de\\\/#\\\/schema\\\/logo\\\/image\\\/\"}}]}<\/script>\n<!-- \/ Yoast SEO plugin. -->","yoast_head_json":{"title":"Volkswagen Tiguan II Mileage Blocker (KM stopper) \u2192 KM Block","description":"Buy a Volkswagen Tiguan II Mileage Blocker for the Best Prices \u2713 Free Shipping \u2713 Incl. Installation Guides","robots":{"index":"index","follow":"follow","max-snippet":"max-snippet:-1","max-image-preview":"max-image-preview:large","max-video-preview":"max-video-preview:-1"},"og_locale":"de_DE","og_type":"article","og_title":"Volkswagen Tiguan II Mileage Blocker (KM stopper) \u2192 KM Block","og_description":"Buy a Volkswagen Tiguan II Mileage Blocker for the Best Prices \u2713 Free Shipping \u2713 Incl. Installation Guides","og_url":"https:\/\/kmblock.com\/de\/product\/volkswagen-tiguan-ii\/","og_site_name":"KM Block","og_image":[{"width":800,"height":800,"url":"https:\/\/kmblock.com\/wp-content\/uploads\/2024\/09\/Volkswagen-Tiguan-II.jpg","type":"image\/jpeg"}],"twitter_card":"summary_large_image","twitter_misc":{"Gesch\u00e4tzte Lesezeit":"3\u00a0Minuten"},"schema":{"@context":"https:\/\/schema.org","@graph":[{"@type":"WebPage","@id":"https:\/\/kmblock.com\/de\/product\/volkswagen-tiguan-ii\/","url":"https:\/\/kmblock.com\/de\/product\/volkswagen-tiguan-ii\/","name":"Volkswagen Tiguan II Mileage Blocker (KM stopper) \u2192 KM Block","isPartOf":{"@id":"https:\/\/kmblock.com\/de\/#website"},"primaryImageOfPage":{"@id":"https:\/\/kmblock.com\/de\/product\/volkswagen-tiguan-ii\/#primaryimage"},"image":{"@id":"https:\/\/kmblock.com\/de\/product\/volkswagen-tiguan-ii\/#primaryimage"},"thumbnailUrl":"https:\/\/kmblock.com\/wp-content\/uploads\/2024\/09\/Volkswagen-Tiguan-II.jpg","datePublished":"2024-09-25T12:24:16+00:00","description":"Buy a Volkswagen Tiguan II Mileage Blocker for the Best Prices \u2713 Free Shipping \u2713 Incl. Installation Guides","breadcrumb":{"@id":"https:\/\/kmblock.com\/de\/product\/volkswagen-tiguan-ii\/#breadcrumb"},"inLanguage":"de","potentialAction":[{"@type":"ReadAction","target":["https:\/\/kmblock.com\/de\/product\/volkswagen-tiguan-ii\/"]}]},{"@type":"ImageObject","inLanguage":"de","@id":"https:\/\/kmblock.com\/de\/product\/volkswagen-tiguan-ii\/#primaryimage","url":"https:\/\/kmblock.com\/wp-content\/uploads\/2024\/09\/Volkswagen-Tiguan-II.jpg","contentUrl":"https:\/\/kmblock.com\/wp-content\/uploads\/2024\/09\/Volkswagen-Tiguan-II.jpg","width":800,"height":800,"caption":"Volkswagen Tiguan II"},{"@type":"BreadcrumbList","@id":"https:\/\/kmblock.com\/de\/product\/volkswagen-tiguan-ii\/#breadcrumb","itemListElement":[{"@type":"ListItem","position":1,"name":"Startseite","item":"https:\/\/kmblock.com\/de\/"},{"@type":"ListItem","position":2,"name":"Produkte","item":"https:\/\/kmblock.com\/de\/shop\/"},{"@type":"ListItem","position":3,"name":"Volkswagen Tiguan II"}]},{"@type":"WebSite","@id":"https:\/\/kmblock.com\/de\/#website","url":"https:\/\/kmblock.com\/de\/","name":"KM Block","description":"","publisher":{"@id":"https:\/\/kmblock.com\/de\/#organization"},"potentialAction":[{"@type":"SearchAction","target":{"@type":"EntryPoint","urlTemplate":"https:\/\/kmblock.com\/de\/?s={search_term_string}"},"query-input":{"@type":"PropertyValueSpecification","valueRequired":true,"valueName":"search_term_string"}}],"inLanguage":"de"},{"@type":"Organization","@id":"https:\/\/kmblock.com\/de\/#organization","name":"KM-Block","url":"https:\/\/kmblock.com\/de\/","logo":{"@type":"ImageObject","inLanguage":"de","@id":"https:\/\/kmblock.com\/de\/#\/schema\/logo\/image\/","url":"https:\/\/kmblock.com\/wp-content\/uploads\/2024\/08\/main-logo.png","contentUrl":"https:\/\/kmblock.com\/wp-content\/uploads\/2024\/08\/main-logo.png","width":186,"height":28,"caption":"KM-Block"},"image":{"@id":"https:\/\/kmblock.com\/de\/#\/schema\/logo\/image\/"}}]}},"_links":{"self":[{"href":"https:\/\/kmblock.com\/de\/wp-json\/wp\/v2\/product\/7584","targetHints":{"allow":["GET"]}}],"collection":[{"href":"https:\/\/kmblock.com\/de\/wp-json\/wp\/v2\/product"}],"about":[{"href":"https:\/\/kmblock.com\/de\/wp-json\/wp\/v2\/types\/product"}],"replies":[{"embeddable":true,"href":"https:\/\/kmblock.com\/de\/wp-json\/wp\/v2\/comments?post=7584"}],"wp:featuredmedia":[{"embeddable":true,"href":"https:\/\/kmblock.com\/de\/wp-json\/wp\/v2\/media\/964"}],"wp:attachment":[{"href":"https:\/\/kmblock.com\/de\/wp-json\/wp\/v2\/media?parent=7584"}],"wp:term":[{"taxonomy":"product_brand","embeddable":true,"href":"https:\/\/kmblock.com\/de\/wp-json\/wp\/v2\/product_brand?post=7584"},{"taxonomy":"product_cat","embeddable":true,"href":"https:\/\/kmblock.com\/de\/wp-json\/wp\/v2\/product_cat?post=7584"},{"taxonomy":"product_tag","embeddable":true,"href":"https:\/\/kmblock.com\/de\/wp-json\/wp\/v2\/product_tag?post=7584"}],"curies":[{"name":"wp","href":"https:\/\/api.w.org\/{rel}","templated":true}]}}