{"id":7535,"date":"2024-09-25T11:01:58","date_gmt":"2024-09-25T11:01:58","guid":{"rendered":"https:\/\/kmblock.com\/product\/volkswagen-t7\/"},"modified":"2024-09-25T11:01:58","modified_gmt":"2024-09-25T11:01:58","slug":"volkswagen-t7","status":"publish","type":"product","link":"https:\/\/kmblock.com\/de\/product\/volkswagen-t7\/","title":{"rendered":"Volkswagen T7"},"content":{"rendered":"<div class=\"flex max-w-full flex-col flex-grow\">\n<div class=\"min-h-[20px] text-message flex w-full flex-col items-end gap-2 whitespace-normal break-words [.text-message+&amp;]:mt-5\" dir=\"auto\" data-message-author-role=\"assistant\" data-message-id=\"d6917fa6-327f-426b-8c95-0356a88e4710\">\n<div class=\"flex w-full flex-col gap-1 empty:hidden first:pt-[3px]\">\n<div class=\"markdown prose w-full break-words dark:prose-invert dark\">\n<div class=\"flex-1 overflow-hidden\">\n<div class=\"h-full\">\n<div class=\"react-scroll-to-bottom--css-igras-79elbk h-full\">\n<div class=\"react-scroll-to-bottom--css-igras-1n7m0yu\">\n<div class=\"flex flex-col text-sm md:pb-9\">\n<article class=\"w-full text-token-text-primary focus-visible:outline-2 focus-visible:outline-offset-[-4px]\" dir=\"auto\" data-testid=\"conversation-turn-39\" data-scroll-anchor=\"true\">\n<div class=\"text-base py-[18px] px-3 md:px-4 m-auto w-full md:px-5 lg:px-4 xl:px-5\">\n<div class=\"mx-auto flex flex-1 gap-4 text-base md:gap-5 lg:gap-6 md:max-w-3xl lg:max-w-[40rem] xl:max-w-[48rem]\">\n<div class=\"group\/conversation-turn relative flex w-full min-w-0 flex-col agent-turn\">\n<div class=\"flex-col gap-1 md:gap-3\">\n<div class=\"flex max-w-full flex-col flex-grow\">\n<div class=\"min-h-8 text-message flex w-full flex-col items-end gap-2 whitespace-normal break-words [.text-message+&amp;]:mt-5\" dir=\"auto\" data-message-author-role=\"assistant\" data-message-id=\"94262946-86db-408d-bd5a-d72f16e1950f\">\n<div class=\"flex w-full flex-col gap-1 empty:hidden first:pt-[3px]\">\n<div class=\"markdown prose w-full break-words dark:prose-invert dark\">\n<h3>KILOMETERSTANDSBLOCKER F\u00dcR VOLKSWAGEN T7<\/h3>\n<p>Der <g id=\"gid_0\">VOLKSWAGEN T7 Mileage Blocker<\/g>, auch bekannt als <strong>Kilometerz\u00e4hler-Blocker<\/strong>, <g id=\"gid_2\">Kilometerz\u00e4hler-Stopper<\/g>, <g id=\"gid_3\">Dosen-Blocker<\/g>, <strong>Kilometerz\u00e4hler-Stopper<\/strong>, <strong>Dosen-Filter<\/strong> oder gelegentlich auch als <strong>Kilometerz\u00e4hler-Korrektur-Tool<\/strong>, ist f\u00fcr alle <strong>VOLKSWAGEN T7-Modelle<\/strong> gedacht, die ab <strong>2020<\/strong> auf den Markt kommen.      <\/p>\n<hr>\n<h3>SPEZIFIKATIONEN<\/h3>\n<ul>\n<li><strong>Do-it-yourself (DIY) Installation<\/strong> f\u00fcr eine bequeme Einrichtung.<\/li>\n<li>Ausgestattet mit <strong>hochwertigen Steckern<\/strong> und <strong>hitzebest\u00e4ndigen Kabeln<\/strong> f\u00fcr lange Haltbarkeit.<\/li>\n<li>Beim Entfernen <strong>bleiben keine Spuren zur\u00fcck<\/strong> &#8211; die Installation erfordert <strong>kein L\u00f6ten oder Schneiden von Kabeln<\/strong>.<\/li>\n<li><strong>Benutzerfreundliche Bedienung<\/strong> \u00fcber mehrere Tastenkombinationen.<\/li>\n<li>Bietet <strong>mehrere Modi<\/strong> zur Auswahl, um die Kilometerleistung zu kontrollieren.<\/li>\n<li><strong>Die Einstellungen werden<\/strong> nach der Auswahl automatisch <strong>gespeichert<\/strong>.<\/li>\n<li><strong>Der Kilometerstand bleibt<\/strong> nach dem Ausbau des Moduls <strong>unver\u00e4ndert<\/strong>.<\/li>\n<li><strong>Diagnosetester<\/strong> k\u00f6nnen keine \u00c4nderungen des Kilometerstandes durch den Volkswagen T7 Mileage Stopper feststellen.<\/li>\n<li>Sowohl der <strong>Tachometer<\/strong> als auch alle <strong>Assistenzsysteme<\/strong> funktionieren einwandfrei.<\/li>\n<li>Es werden keine <strong>Fehlermeldungen<\/strong> auf dem Tachometer oder dem Navigationspanel angezeigt.<\/li>\n<li>Das <strong>Design des Steckers<\/strong> umfasst eine Gegenfl\u00e4che und Rippen, um eine reibungslose Installation zu gew\u00e4hrleisten.<\/li>\n<li>Die Aktivierung kann bei Fahrzeugen, die nach <strong>2020<\/strong> hergestellt wurden, die <strong>Motorkontrollleuchte<\/strong> ausl\u00f6sen.<\/li>\n<li>Das Ger\u00e4t erlaubt eine <strong>maximale Abweichung<\/strong> von bis zu <strong>1 %<\/strong> im Modus zur \u00c4nderung des Kilometerstandes, wobei der gemeldete Kilometerstand geringf\u00fcgig abweichen kann.<\/li>\n<\/ul>\n<hr>\n<h3>AKTIVIERUNG &amp; DEAKTIVIERUNG<\/h3>\n<p><span data-sheets-root=\"1\">&#8222;Dr\u00fccken Sie mit der &#8218;ok&#8216;-Bedienung am Lenkrad und halten Sie sie gedr\u00fcckt, bis der Blinker blinkt.<\/span><\/p>\n<p><strong>Modus 1:<\/strong> 1 Blinken links 18 Prozent (alles funktioniert, Geschwindigkeitsregelung usw.)<\/p>\n<p><strong>Modus 2:<\/strong> 2 Mal Blinken links 0 Prozent (keine Geschwindigkeit, keine Tankanzeige)<\/p>\n<p><strong>Modus 3:<\/strong> 1 Blinken rechts 100 Prozent (Original)&#8220;<\/p>\n<p>Der Volkswagen T7 Kilometerstopper speichert die zuletzt verwendeten Einstellungen, so dass Sie ihn vor Ihrer n\u00e4chsten Fahrt nicht zur\u00fccksetzen m\u00fcssen.<\/p>\n<hr>\n<h3>\u00dcBER DEN VOLKSWAGEN T7 KILOMETERZ\u00c4HLER BLOCKER<\/h3>\n<p>Der <strong>Volkswagen T7 Mileage Blocker\/Odometer Blocker<\/strong> wurde entwickelt, um die Aufzeichnung des Kilometerstandes zu stoppen, w\u00e4hrend die Leistung des Fahrzeugs getestet wird. Dieses von <strong>KM Block<\/strong> erh\u00e4ltliche Modul besteht aus hochwertigen Komponenten und ist mit Fahrzeugen kompatibel, die den Kilometerstand in Meilen oder Kilometern messen. Jedes Modul wird speziell f\u00fcr verschiedene Marken und Modelle programmiert, um eine perfekte Funktionalit\u00e4t zu gew\u00e4hrleisten.  <\/p>\n<p><strong>Wichtiger Hinweis<\/strong>: Wir bieten keine Tools zur Kilometerstandskorrektur f\u00fcr den Volkswagen T7 an, da diese f\u00fcr unethische Zwecke, wie z.B. das Zur\u00fcckdrehen von Kilometerst\u00e4nden, gedacht sind. Solche Tools k\u00f6nnen den Kilometerstand oft nicht vollst\u00e4ndig r\u00fcckg\u00e4ngig machen, da es mehrere Datenspeicher im Fahrzeug gibt. <\/p>\n<p>Wir bieten eine breite Palette von Mileage Stopper-Ger\u00e4ten an, die mit verschiedenen Fahrzeugen kompatibel sind. Der Einbau ist unkompliziert und erfordert keine speziellen Kenntnisse im Automobilbereich. Schlie\u00dfen Sie das Modul einfach zwischen dem Tachometeranschluss und dem Kombiinstrument an, um die Vorteile dieses innovativen Moduls zu nutzen. <\/p>\n<p>Der Mileage Blocker funktioniert effektiv mit Diesel- und Benzinmotoren, Plug-in-Hybrid-Elektrofahrzeugen (PHEVs) und Elektroautos.<\/p>\n<p>Der <strong>Volkswagen T7 Mileage Blocker<\/strong> ist ein bemerkenswertes Tool, das kontrollierte Leistungstests Ihres Fahrzeugs erm\u00f6glicht.<\/p>\n<\/div>\n<\/div>\n<\/div>\n<\/div>\n<\/div>\n<\/div>\n<\/div>\n<\/div>\n<\/article>\n<\/div>\n<\/div>\n<\/div>\n<\/div>\n<\/div>\n<\/div>\n<\/div>\n<\/div>\n<\/div>\n","protected":false},"excerpt":{"rendered":"<div class=\"flex-shrink-0 flex flex-col relative items-end\">\n<div class=\"pt-0\">\n<div class=\"gizmo-bot-avatar flex h-8 w-8 items-center justify-center overflow-hidden rounded-full\">\n<div class=\"relative p-1 rounded-sm flex items-center justify-center bg-token-main-surface-primary text-token-text-primary h-8 w-8\">\n<p>Bevor Sie bestellen, lesen Sie bitte sorgf\u00e4ltig den Aktivierungsprozess des Moduls und wichtige Hinweise zu m\u00f6glichen Fehlermeldungen und<\/p>\n<div class=\"flex-shrink-0 flex flex-col relative items-end\">\n<div class=\"pt-0\">\n<div class=\"gizmo-bot-avatar flex h-8 w-8 items-center justify-center overflow-hidden rounded-full\">\n<div class=\"relative p-1 rounded-sm flex items-center justify-center bg-token-main-surface-primary text-token-text-primary h-8 w-8\">\n<p><strong>F\u00dcR MODELLE, DIE SEIT 2020 VER\u00d6FFENTLICHT WURDEN.  <\/strong>Do-it-yourself-Installation f\u00fcr eine einfache Einrichtung. Unverfolgbare Leistung, die Privatsph\u00e4re und Zuverl\u00e4ssigkeit gew\u00e4hrleistet. Ausgestattet mit hochwertigen Steckern und hitzebest\u00e4ndigen Kabeln f\u00fcr lange Haltbarkeit. Sowohl Tachometer als auch Assistenzprogramme funktionieren einwandfrei.   <\/p>\n<p class=\"p1\"><b> \u2705 Nahtlose Integration<\/b><b><\/b><\/p>\n<p class=\"p1\">\u2705<b> Einfache Installation<\/b><b><\/b><\/p>\n<p class=\"p1\">\u2705<b> Genaue Verwaltung des Kilometerstandes<\/b><b><\/b><\/p>\n<p class=\"p1\"><b> \u2705 Betrieb im Tarnkappenmodus<\/b><b><\/b><\/p>\n<p class=\"p1\"><span class=\"s1\">\u2705<\/span><b> Lebenslanger Support und Updates<\/b><\/p>\n<\/div>\n<\/div>\n<\/div>\n<\/div>\n<\/div>\n<\/div>\n<\/div>\n<\/div>\n","protected":false},"featured_media":956,"comment_status":"open","ping_status":"closed","template":"","meta":[],"product_brand":[],"product_cat":[634],"product_tag":[],"class_list":{"0":"post-7535","1":"product","2":"type-product","3":"status-publish","4":"has-post-thumbnail","6":"product_cat-volkswagen","8":"first","9":"instock","10":"taxable","11":"shipping-taxable","12":"purchasable","13":"product-type-variable"},"yoast_head":"<!-- This site is optimized with the Yoast SEO plugin v27.5 - https:\/\/yoast.com\/product\/yoast-seo-wordpress\/ -->\n<title>Volkswagen T7 Mileage Blocker (KM stopper) \u2192 KM Block<\/title>\n<meta name=\"description\" content=\"Buy a Volkswagen T7 Mileage Blocker for the Best Prices \u2713 Free Shipping \u2713 Incl. Installation Guides\" \/>\n<meta name=\"robots\" content=\"index, follow, max-snippet:-1, max-image-preview:large, max-video-preview:-1\" \/>\n<meta property=\"og:locale\" content=\"de_DE\" \/>\n<meta property=\"og:type\" content=\"article\" \/>\n<meta property=\"og:title\" content=\"Volkswagen T7 Mileage Blocker (KM stopper) \u2192 KM Block\" \/>\n<meta property=\"og:description\" content=\"Buy a Volkswagen T7 Mileage Blocker for the Best Prices \u2713 Free Shipping \u2713 Incl. Installation Guides\" \/>\n<meta property=\"og:url\" content=\"https:\/\/kmblock.com\/de\/product\/volkswagen-t7\/\" \/>\n<meta property=\"og:site_name\" content=\"KM Block\" \/>\n<meta property=\"og:image\" content=\"https:\/\/kmblock.com\/wp-content\/uploads\/2024\/09\/Volkswagen-T7.webp\" \/>\n\t<meta property=\"og:image:width\" content=\"800\" \/>\n\t<meta property=\"og:image:height\" content=\"800\" \/>\n\t<meta property=\"og:image:type\" content=\"image\/webp\" \/>\n<meta name=\"twitter:card\" content=\"summary_large_image\" \/>\n<meta name=\"twitter:label1\" content=\"Gesch\u00e4tzte Lesezeit\" \/>\n\t<meta name=\"twitter:data1\" content=\"2\u00a0Minuten\" \/>\n<script type=\"application\/ld+json\" class=\"yoast-schema-graph\">{\"@context\":\"https:\\\/\\\/schema.org\",\"@graph\":[{\"@type\":\"WebPage\",\"@id\":\"https:\\\/\\\/kmblock.com\\\/de\\\/product\\\/volkswagen-t7\\\/\",\"url\":\"https:\\\/\\\/kmblock.com\\\/de\\\/product\\\/volkswagen-t7\\\/\",\"name\":\"Volkswagen T7 Mileage Blocker (KM stopper) \u2192 KM Block\",\"isPartOf\":{\"@id\":\"https:\\\/\\\/kmblock.com\\\/de\\\/#website\"},\"primaryImageOfPage\":{\"@id\":\"https:\\\/\\\/kmblock.com\\\/de\\\/product\\\/volkswagen-t7\\\/#primaryimage\"},\"image\":{\"@id\":\"https:\\\/\\\/kmblock.com\\\/de\\\/product\\\/volkswagen-t7\\\/#primaryimage\"},\"thumbnailUrl\":\"https:\\\/\\\/kmblock.com\\\/wp-content\\\/uploads\\\/2024\\\/09\\\/Volkswagen-T7.webp\",\"datePublished\":\"2024-09-25T11:01:58+00:00\",\"description\":\"Buy a Volkswagen T7 Mileage Blocker for the Best Prices \u2713 Free Shipping \u2713 Incl. Installation Guides\",\"breadcrumb\":{\"@id\":\"https:\\\/\\\/kmblock.com\\\/de\\\/product\\\/volkswagen-t7\\\/#breadcrumb\"},\"inLanguage\":\"de\",\"potentialAction\":[{\"@type\":\"ReadAction\",\"target\":[\"https:\\\/\\\/kmblock.com\\\/de\\\/product\\\/volkswagen-t7\\\/\"]}]},{\"@type\":\"ImageObject\",\"inLanguage\":\"de\",\"@id\":\"https:\\\/\\\/kmblock.com\\\/de\\\/product\\\/volkswagen-t7\\\/#primaryimage\",\"url\":\"https:\\\/\\\/kmblock.com\\\/wp-content\\\/uploads\\\/2024\\\/09\\\/Volkswagen-T7.webp\",\"contentUrl\":\"https:\\\/\\\/kmblock.com\\\/wp-content\\\/uploads\\\/2024\\\/09\\\/Volkswagen-T7.webp\",\"width\":800,\"height\":800,\"caption\":\"Volkswagen T7\"},{\"@type\":\"BreadcrumbList\",\"@id\":\"https:\\\/\\\/kmblock.com\\\/de\\\/product\\\/volkswagen-t7\\\/#breadcrumb\",\"itemListElement\":[{\"@type\":\"ListItem\",\"position\":1,\"name\":\"Startseite\",\"item\":\"https:\\\/\\\/kmblock.com\\\/de\\\/\"},{\"@type\":\"ListItem\",\"position\":2,\"name\":\"Produkte\",\"item\":\"https:\\\/\\\/kmblock.com\\\/de\\\/shop\\\/\"},{\"@type\":\"ListItem\",\"position\":3,\"name\":\"Volkswagen T7\"}]},{\"@type\":\"WebSite\",\"@id\":\"https:\\\/\\\/kmblock.com\\\/de\\\/#website\",\"url\":\"https:\\\/\\\/kmblock.com\\\/de\\\/\",\"name\":\"KM Block\",\"description\":\"\",\"publisher\":{\"@id\":\"https:\\\/\\\/kmblock.com\\\/de\\\/#organization\"},\"potentialAction\":[{\"@type\":\"SearchAction\",\"target\":{\"@type\":\"EntryPoint\",\"urlTemplate\":\"https:\\\/\\\/kmblock.com\\\/de\\\/?s={search_term_string}\"},\"query-input\":{\"@type\":\"PropertyValueSpecification\",\"valueRequired\":true,\"valueName\":\"search_term_string\"}}],\"inLanguage\":\"de\"},{\"@type\":\"Organization\",\"@id\":\"https:\\\/\\\/kmblock.com\\\/de\\\/#organization\",\"name\":\"KM-Block\",\"url\":\"https:\\\/\\\/kmblock.com\\\/de\\\/\",\"logo\":{\"@type\":\"ImageObject\",\"inLanguage\":\"de\",\"@id\":\"https:\\\/\\\/kmblock.com\\\/de\\\/#\\\/schema\\\/logo\\\/image\\\/\",\"url\":\"https:\\\/\\\/kmblock.com\\\/wp-content\\\/uploads\\\/2024\\\/08\\\/main-logo.png\",\"contentUrl\":\"https:\\\/\\\/kmblock.com\\\/wp-content\\\/uploads\\\/2024\\\/08\\\/main-logo.png\",\"width\":186,\"height\":28,\"caption\":\"KM-Block\"},\"image\":{\"@id\":\"https:\\\/\\\/kmblock.com\\\/de\\\/#\\\/schema\\\/logo\\\/image\\\/\"}}]}<\/script>\n<!-- \/ Yoast SEO plugin. -->","yoast_head_json":{"title":"Volkswagen T7 Mileage Blocker (KM stopper) \u2192 KM Block","description":"Buy a Volkswagen T7 Mileage Blocker for the Best Prices \u2713 Free Shipping \u2713 Incl. Installation Guides","robots":{"index":"index","follow":"follow","max-snippet":"max-snippet:-1","max-image-preview":"max-image-preview:large","max-video-preview":"max-video-preview:-1"},"og_locale":"de_DE","og_type":"article","og_title":"Volkswagen T7 Mileage Blocker (KM stopper) \u2192 KM Block","og_description":"Buy a Volkswagen T7 Mileage Blocker for the Best Prices \u2713 Free Shipping \u2713 Incl. Installation Guides","og_url":"https:\/\/kmblock.com\/de\/product\/volkswagen-t7\/","og_site_name":"KM Block","og_image":[{"width":800,"height":800,"url":"https:\/\/kmblock.com\/wp-content\/uploads\/2024\/09\/Volkswagen-T7.webp","type":"image\/webp"}],"twitter_card":"summary_large_image","twitter_misc":{"Gesch\u00e4tzte Lesezeit":"2\u00a0Minuten"},"schema":{"@context":"https:\/\/schema.org","@graph":[{"@type":"WebPage","@id":"https:\/\/kmblock.com\/de\/product\/volkswagen-t7\/","url":"https:\/\/kmblock.com\/de\/product\/volkswagen-t7\/","name":"Volkswagen T7 Mileage Blocker (KM stopper) \u2192 KM Block","isPartOf":{"@id":"https:\/\/kmblock.com\/de\/#website"},"primaryImageOfPage":{"@id":"https:\/\/kmblock.com\/de\/product\/volkswagen-t7\/#primaryimage"},"image":{"@id":"https:\/\/kmblock.com\/de\/product\/volkswagen-t7\/#primaryimage"},"thumbnailUrl":"https:\/\/kmblock.com\/wp-content\/uploads\/2024\/09\/Volkswagen-T7.webp","datePublished":"2024-09-25T11:01:58+00:00","description":"Buy a Volkswagen T7 Mileage Blocker for the Best Prices \u2713 Free Shipping \u2713 Incl. Installation Guides","breadcrumb":{"@id":"https:\/\/kmblock.com\/de\/product\/volkswagen-t7\/#breadcrumb"},"inLanguage":"de","potentialAction":[{"@type":"ReadAction","target":["https:\/\/kmblock.com\/de\/product\/volkswagen-t7\/"]}]},{"@type":"ImageObject","inLanguage":"de","@id":"https:\/\/kmblock.com\/de\/product\/volkswagen-t7\/#primaryimage","url":"https:\/\/kmblock.com\/wp-content\/uploads\/2024\/09\/Volkswagen-T7.webp","contentUrl":"https:\/\/kmblock.com\/wp-content\/uploads\/2024\/09\/Volkswagen-T7.webp","width":800,"height":800,"caption":"Volkswagen T7"},{"@type":"BreadcrumbList","@id":"https:\/\/kmblock.com\/de\/product\/volkswagen-t7\/#breadcrumb","itemListElement":[{"@type":"ListItem","position":1,"name":"Startseite","item":"https:\/\/kmblock.com\/de\/"},{"@type":"ListItem","position":2,"name":"Produkte","item":"https:\/\/kmblock.com\/de\/shop\/"},{"@type":"ListItem","position":3,"name":"Volkswagen T7"}]},{"@type":"WebSite","@id":"https:\/\/kmblock.com\/de\/#website","url":"https:\/\/kmblock.com\/de\/","name":"KM Block","description":"","publisher":{"@id":"https:\/\/kmblock.com\/de\/#organization"},"potentialAction":[{"@type":"SearchAction","target":{"@type":"EntryPoint","urlTemplate":"https:\/\/kmblock.com\/de\/?s={search_term_string}"},"query-input":{"@type":"PropertyValueSpecification","valueRequired":true,"valueName":"search_term_string"}}],"inLanguage":"de"},{"@type":"Organization","@id":"https:\/\/kmblock.com\/de\/#organization","name":"KM-Block","url":"https:\/\/kmblock.com\/de\/","logo":{"@type":"ImageObject","inLanguage":"de","@id":"https:\/\/kmblock.com\/de\/#\/schema\/logo\/image\/","url":"https:\/\/kmblock.com\/wp-content\/uploads\/2024\/08\/main-logo.png","contentUrl":"https:\/\/kmblock.com\/wp-content\/uploads\/2024\/08\/main-logo.png","width":186,"height":28,"caption":"KM-Block"},"image":{"@id":"https:\/\/kmblock.com\/de\/#\/schema\/logo\/image\/"}}]}},"_links":{"self":[{"href":"https:\/\/kmblock.com\/de\/wp-json\/wp\/v2\/product\/7535","targetHints":{"allow":["GET"]}}],"collection":[{"href":"https:\/\/kmblock.com\/de\/wp-json\/wp\/v2\/product"}],"about":[{"href":"https:\/\/kmblock.com\/de\/wp-json\/wp\/v2\/types\/product"}],"replies":[{"embeddable":true,"href":"https:\/\/kmblock.com\/de\/wp-json\/wp\/v2\/comments?post=7535"}],"wp:featuredmedia":[{"embeddable":true,"href":"https:\/\/kmblock.com\/de\/wp-json\/wp\/v2\/media\/956"}],"wp:attachment":[{"href":"https:\/\/kmblock.com\/de\/wp-json\/wp\/v2\/media?parent=7535"}],"wp:term":[{"taxonomy":"product_brand","embeddable":true,"href":"https:\/\/kmblock.com\/de\/wp-json\/wp\/v2\/product_brand?post=7535"},{"taxonomy":"product_cat","embeddable":true,"href":"https:\/\/kmblock.com\/de\/wp-json\/wp\/v2\/product_cat?post=7535"},{"taxonomy":"product_tag","embeddable":true,"href":"https:\/\/kmblock.com\/de\/wp-json\/wp\/v2\/product_tag?post=7535"}],"curies":[{"name":"wp","href":"https:\/\/api.w.org\/{rel}","templated":true}]}}