{"id":7525,"date":"2024-09-25T10:59:04","date_gmt":"2024-09-25T10:59:04","guid":{"rendered":"https:\/\/kmblock.com\/product\/volkswagen-t6\/"},"modified":"2024-09-25T10:59:04","modified_gmt":"2024-09-25T10:59:04","slug":"volkswagen-t6","status":"publish","type":"product","link":"https:\/\/kmblock.com\/de\/product\/volkswagen-t6\/","title":{"rendered":"Volkswagen T6"},"content":{"rendered":"<div class=\"flex max-w-full flex-col flex-grow\">\n<div class=\"min-h-[20px] text-message flex w-full flex-col items-end gap-2 whitespace-normal break-words [.text-message+&amp;]:mt-5\" dir=\"auto\" data-message-author-role=\"assistant\" data-message-id=\"d6917fa6-327f-426b-8c95-0356a88e4710\">\n<div class=\"flex w-full flex-col gap-1 empty:hidden first:pt-[3px]\">\n<div class=\"markdown prose w-full break-words dark:prose-invert dark\">\n<div class=\"flex-1 overflow-hidden\">\n<div class=\"h-full\">\n<div class=\"react-scroll-to-bottom--css-igras-79elbk h-full\">\n<div class=\"react-scroll-to-bottom--css-igras-1n7m0yu\">\n<div class=\"flex flex-col text-sm md:pb-9\">\n<article class=\"w-full text-token-text-primary focus-visible:outline-2 focus-visible:outline-offset-[-4px]\" dir=\"auto\" data-testid=\"conversation-turn-39\" data-scroll-anchor=\"true\">\n<div class=\"text-base py-[18px] px-3 md:px-4 m-auto w-full md:px-5 lg:px-4 xl:px-5\">\n<div class=\"mx-auto flex flex-1 gap-4 text-base md:gap-5 lg:gap-6 md:max-w-3xl lg:max-w-[40rem] xl:max-w-[48rem]\">\n<div class=\"group\/conversation-turn relative flex w-full min-w-0 flex-col agent-turn\">\n<div class=\"flex-col gap-1 md:gap-3\">\n<div class=\"flex max-w-full flex-col flex-grow\">\n<div class=\"min-h-8 text-message flex w-full flex-col items-end gap-2 whitespace-normal break-words [.text-message+&amp;]:mt-5\" dir=\"auto\" data-message-author-role=\"assistant\" data-message-id=\"94262946-86db-408d-bd5a-d72f16e1950f\">\n<div class=\"flex w-full flex-col gap-1 empty:hidden first:pt-[3px]\">\n<div class=\"markdown prose w-full break-words dark:prose-invert dark\">\n<h3><strong>KILOMETERSTANDSBLOCKER F\u00dcR VOLKSWAGEN T6<\/strong><\/h3>\n<p>Der <strong>Volkswagen T6 Mileage Blocker<\/strong> wird auch als <strong>Kilometerz\u00e4hler-Blocker, Kilometerz\u00e4hler-Stopper, Dosen-Blocker, Kilometerz\u00e4hler-Stopper, Dosen-Filter<\/strong> und manchmal auch als <strong>Werkzeug zur Korrektur des Kilometerstandes<\/strong> bezeichnet.<\/p>\n<p><strong>DIESES GER\u00c4T IST F\u00dcR ALLE VOLKSWAGEN T6-MODELLE DER JAHRE 2015-2019 GEEIGNET.<\/strong><\/p>\n<h3>SPEZIFIKATIONEN:<\/h3>\n<ul>\n<li><strong>Do-it-yourself (DIY) Installation<\/strong><\/li>\n<li><strong>Einfache Bedienung<\/strong> mit mehreren Tastenkombinationen<\/li>\n<li><strong>Keine Spuren nach dem Entfernen<\/strong> &#8211; kein L\u00f6ten oder Schneiden von Kabeln erforderlich<\/li>\n<li><strong>Es<\/strong> werden <strong>keine Fehlermeldungen<\/strong> auf dem Tachometer oder dem Navigationspanel angezeigt<\/li>\n<li>Kann <strong>w\u00e4hrend der Bewegung aktiviert und deaktiviert<\/strong> werden<\/li>\n<li>Verf\u00fcgt \u00fcber <strong>mehrere Modi<\/strong> f\u00fcr die Bearbeitung des Kilometerstandes<\/li>\n<li><strong>Diagnosetester<\/strong> k\u00f6nnen keinen ge\u00e4nderten Kilometerstand erkennen<\/li>\n<li>Die Einstellungen werden automatisch gespeichert, nachdem sie einmal festgelegt wurden<\/li>\n<li><strong>Hochwertige Stecker<\/strong> und <strong>hitzebest\u00e4ndige Kabel<\/strong><\/li>\n<li><strong>Passende Fl\u00e4chen und Rillen<\/strong> sorgen f\u00fcr einen reibungslosen Installationsprozess<\/li>\n<li><strong>Abweichung bis zu 1%<\/strong> bei vollst\u00e4ndig gestoppter Fahrleistung; geringf\u00fcgige Abweichungen k\u00f6nnen auftreten.<\/li>\n<\/ul>\n<h3>AKTIVIERUNG &amp; DEAKTIVIERUNG:<\/h3>\n<p><span data-sheets-root=\"1\">&#8222;Dr\u00fccken Sie mit der &#8218;ok&#8216;-Bedienung am Lenkrad und halten Sie sie gedr\u00fcckt, bis der Blinker blinkt.<\/span><\/p>\n<p><strong>Modus 1<\/strong>: 1 Blinken links 18 Prozent (alles funktioniert, Geschwindigkeitsregelung usw.)<\/p>\n<p><strong>Modus 2<\/strong>: 2 Blinksignale links 0 Prozent (keine Geschwindigkeit, keine Tankanzeige)<\/p>\n<p><strong>Modus 3<\/strong>: 1 Blinken rechts 100 Prozent (Original)&#8220;<\/p>\n<p>Der <strong>Volkswagen T6 Kilometerstopper<\/strong> merkt sich die zuletzt vorgenommenen Einstellungen, so dass Sie diese nicht jedes Mal neu vornehmen m\u00fcssen, wenn Sie das Fahrzeug starten. Das Ger\u00e4t kann sowohl w\u00e4hrend der Fahrt als auch im Stand aktiviert oder deaktiviert werden. <\/p>\n<h3>WAS IST EIN VOLKSWAGEN T6 KILOMETERZ\u00c4HLER BLOCKIERER?<\/h3>\n<p>Der <strong>Volkswagen T6 Mileage Blocker \/ Odometer Blocker<\/strong> wurde entwickelt, um das Z\u00e4hlen von unn\u00f6tigen Kilometern bei Fahrzeugleistungstests zu verhindern. Das Modul von <strong>KM Block<\/strong> besteht aus hochwertigen Komponenten und funktioniert sowohl f\u00fcr Kilometerz\u00e4hler als auch f\u00fcr Meilenz\u00e4hler (km). Unsere Software ist f\u00fcr jedes Fahrzeugmodell ma\u00dfgeschneidert und gew\u00e4hrleistet eine einwandfreie Funktion. Der Mileage Blocker funktioniert nahtlos mit Diesel-Benzinmotoren, Plug-in-Hybrid-Elektrofahrzeugen (PHEVs) und Elektroautos.   <\/p>\n<p>Bitte beachten Sie, dass wir keine <strong>Tools zur Kilometerstandskorrektur<\/strong> f\u00fcr den <strong>Volkswagen T6<\/strong> verkaufen, da diese f\u00fcr illegale Zwecke, wie z.B. das Zur\u00fccksetzen des Kilometerz\u00e4hlers, gedacht sind. Diese Tools k\u00f6nnen den Kilometerstand nicht vollst\u00e4ndig r\u00fcckg\u00e4ngig machen, da die Daten in mehreren Systemen gespeichert werden. <\/p>\n<p>Unsere <strong>Mileage Stopper<\/strong> sind f\u00fcr verschiedene Modelle einfach zu installieren. Sie werden an den Tachometer und das Kombiinstrument angeschlossen und erfordern keine besonderen mechanischen Kenntnisse. <\/p>\n<p>Der <strong>Volkswagen T6 Mileage Blocker<\/strong> ist perfekt geeignet, um die Leistung Ihres Fahrzeugs in einer kontrollierten Umgebung zu testen, wobei Sie ihn jederzeit aktivieren oder deaktivieren k\u00f6nnen.<\/p>\n<\/div>\n<\/div>\n<\/div>\n<\/div>\n<\/div>\n<\/div>\n<\/div>\n<\/div>\n<\/article>\n<\/div>\n<\/div>\n<\/div>\n<\/div>\n<\/div>\n<\/div>\n<\/div>\n<\/div>\n<\/div>\n","protected":false},"excerpt":{"rendered":"<div class=\"flex-shrink-0 flex flex-col relative items-end\">\n<div class=\"pt-0\">\n<div class=\"gizmo-bot-avatar flex h-8 w-8 items-center justify-center overflow-hidden rounded-full\">\n<div class=\"relative p-1 rounded-sm flex items-center justify-center bg-token-main-surface-primary text-token-text-primary h-8 w-8\">\n<p>Bevor Sie bestellen, lesen Sie bitte sorgf\u00e4ltig den Aktivierungsprozess des Moduls und wichtige Hinweise zu m\u00f6glichen Fehlermeldungen und<\/p>\n<div class=\"flex-shrink-0 flex flex-col relative items-end\">\n<div class=\"pt-0\">\n<div class=\"gizmo-bot-avatar flex h-8 w-8 items-center justify-center overflow-hidden rounded-full\">\n<div class=\"relative p-1 rounded-sm flex items-center justify-center bg-token-main-surface-primary text-token-text-primary h-8 w-8\">\n<p><strong>F\u00dcR MODELLE, DIE ZWISCHEN 2015-2019 VER\u00d6FFENTLICHT WURDEN.  <\/strong>Die Geschwindigkeitsanzeige und die Assistenzsysteme funktionieren je nach ausgew\u00e4hltem Modus. Die Do-it-yourself-Installation erm\u00f6glicht eine einfache Einrichtung. Kann w\u00e4hrend der Fahrt aktiviert werden. Ausgestattet mit hochwertigen Steckern und hitzebest\u00e4ndigen Kabeln f\u00fcr lange Haltbarkeit.   <\/p>\n<p class=\"p1\"><b> \u2705 Nahtlose Integration<\/b><b><\/b><\/p>\n<p class=\"p1\">\u2705<b> Einfache Installation<\/b><b><\/b><\/p>\n<p class=\"p1\">\u2705<b> Genaue Verwaltung des Kilometerstandes<\/b><b><\/b><\/p>\n<p class=\"p1\"><b> \u2705 Betrieb im Tarnkappenmodus<\/b><b><\/b><\/p>\n<p class=\"p1\"><span class=\"s1\">\u2705<\/span><b> Lebenslanger Support und Updates<\/b><\/p>\n<\/div>\n<\/div>\n<\/div>\n<\/div>\n<\/div>\n<\/div>\n<\/div>\n<\/div>\n","protected":false},"featured_media":954,"comment_status":"open","ping_status":"closed","template":"","meta":[],"product_brand":[],"product_cat":[634],"product_tag":[],"class_list":{"0":"post-7525","1":"product","2":"type-product","3":"status-publish","4":"has-post-thumbnail","6":"product_cat-volkswagen","8":"first","9":"instock","10":"taxable","11":"shipping-taxable","12":"purchasable","13":"product-type-variable"},"yoast_head":"<!-- This site is optimized with the Yoast SEO plugin v27.5 - https:\/\/yoast.com\/product\/yoast-seo-wordpress\/ -->\n<title>Volkswagen T6 Mileage Blocker (KM stopper) \u2192 KM Block<\/title>\n<meta name=\"description\" content=\"Buy a Volkswagen T6 Mileage Blocker for the Best Prices \u2713 Free Shipping \u2713 Incl. Installation Guides\" \/>\n<meta name=\"robots\" content=\"index, follow, max-snippet:-1, max-image-preview:large, max-video-preview:-1\" \/>\n<meta property=\"og:locale\" content=\"de_DE\" \/>\n<meta property=\"og:type\" content=\"article\" \/>\n<meta property=\"og:title\" content=\"Volkswagen T6 Mileage Blocker (KM stopper) \u2192 KM Block\" \/>\n<meta property=\"og:description\" content=\"Buy a Volkswagen T6 Mileage Blocker for the Best Prices \u2713 Free Shipping \u2713 Incl. Installation Guides\" \/>\n<meta property=\"og:url\" content=\"https:\/\/kmblock.com\/de\/product\/volkswagen-t6\/\" \/>\n<meta property=\"og:site_name\" content=\"KM Block\" \/>\n<meta property=\"og:image\" content=\"https:\/\/kmblock.com\/wp-content\/uploads\/2024\/09\/Volkswagen-T6.jpg\" \/>\n\t<meta property=\"og:image:width\" content=\"800\" \/>\n\t<meta property=\"og:image:height\" content=\"800\" \/>\n\t<meta property=\"og:image:type\" content=\"image\/jpeg\" \/>\n<meta name=\"twitter:card\" content=\"summary_large_image\" \/>\n<meta name=\"twitter:label1\" content=\"Gesch\u00e4tzte Lesezeit\" \/>\n\t<meta name=\"twitter:data1\" content=\"2\u00a0Minuten\" \/>\n<script type=\"application\/ld+json\" class=\"yoast-schema-graph\">{\"@context\":\"https:\\\/\\\/schema.org\",\"@graph\":[{\"@type\":\"WebPage\",\"@id\":\"https:\\\/\\\/kmblock.com\\\/de\\\/product\\\/volkswagen-t6\\\/\",\"url\":\"https:\\\/\\\/kmblock.com\\\/de\\\/product\\\/volkswagen-t6\\\/\",\"name\":\"Volkswagen T6 Mileage Blocker (KM stopper) \u2192 KM Block\",\"isPartOf\":{\"@id\":\"https:\\\/\\\/kmblock.com\\\/de\\\/#website\"},\"primaryImageOfPage\":{\"@id\":\"https:\\\/\\\/kmblock.com\\\/de\\\/product\\\/volkswagen-t6\\\/#primaryimage\"},\"image\":{\"@id\":\"https:\\\/\\\/kmblock.com\\\/de\\\/product\\\/volkswagen-t6\\\/#primaryimage\"},\"thumbnailUrl\":\"https:\\\/\\\/kmblock.com\\\/wp-content\\\/uploads\\\/2024\\\/09\\\/Volkswagen-T6.jpg\",\"datePublished\":\"2024-09-25T10:59:04+00:00\",\"description\":\"Buy a Volkswagen T6 Mileage Blocker for the Best Prices \u2713 Free Shipping \u2713 Incl. Installation Guides\",\"breadcrumb\":{\"@id\":\"https:\\\/\\\/kmblock.com\\\/de\\\/product\\\/volkswagen-t6\\\/#breadcrumb\"},\"inLanguage\":\"de\",\"potentialAction\":[{\"@type\":\"ReadAction\",\"target\":[\"https:\\\/\\\/kmblock.com\\\/de\\\/product\\\/volkswagen-t6\\\/\"]}]},{\"@type\":\"ImageObject\",\"inLanguage\":\"de\",\"@id\":\"https:\\\/\\\/kmblock.com\\\/de\\\/product\\\/volkswagen-t6\\\/#primaryimage\",\"url\":\"https:\\\/\\\/kmblock.com\\\/wp-content\\\/uploads\\\/2024\\\/09\\\/Volkswagen-T6.jpg\",\"contentUrl\":\"https:\\\/\\\/kmblock.com\\\/wp-content\\\/uploads\\\/2024\\\/09\\\/Volkswagen-T6.jpg\",\"width\":800,\"height\":800,\"caption\":\"Volkswagen T6\"},{\"@type\":\"BreadcrumbList\",\"@id\":\"https:\\\/\\\/kmblock.com\\\/de\\\/product\\\/volkswagen-t6\\\/#breadcrumb\",\"itemListElement\":[{\"@type\":\"ListItem\",\"position\":1,\"name\":\"Startseite\",\"item\":\"https:\\\/\\\/kmblock.com\\\/de\\\/\"},{\"@type\":\"ListItem\",\"position\":2,\"name\":\"Produkte\",\"item\":\"https:\\\/\\\/kmblock.com\\\/de\\\/shop\\\/\"},{\"@type\":\"ListItem\",\"position\":3,\"name\":\"Volkswagen T6\"}]},{\"@type\":\"WebSite\",\"@id\":\"https:\\\/\\\/kmblock.com\\\/de\\\/#website\",\"url\":\"https:\\\/\\\/kmblock.com\\\/de\\\/\",\"name\":\"KM Block\",\"description\":\"\",\"publisher\":{\"@id\":\"https:\\\/\\\/kmblock.com\\\/de\\\/#organization\"},\"potentialAction\":[{\"@type\":\"SearchAction\",\"target\":{\"@type\":\"EntryPoint\",\"urlTemplate\":\"https:\\\/\\\/kmblock.com\\\/de\\\/?s={search_term_string}\"},\"query-input\":{\"@type\":\"PropertyValueSpecification\",\"valueRequired\":true,\"valueName\":\"search_term_string\"}}],\"inLanguage\":\"de\"},{\"@type\":\"Organization\",\"@id\":\"https:\\\/\\\/kmblock.com\\\/de\\\/#organization\",\"name\":\"KM-Block\",\"url\":\"https:\\\/\\\/kmblock.com\\\/de\\\/\",\"logo\":{\"@type\":\"ImageObject\",\"inLanguage\":\"de\",\"@id\":\"https:\\\/\\\/kmblock.com\\\/de\\\/#\\\/schema\\\/logo\\\/image\\\/\",\"url\":\"https:\\\/\\\/kmblock.com\\\/wp-content\\\/uploads\\\/2024\\\/08\\\/main-logo.png\",\"contentUrl\":\"https:\\\/\\\/kmblock.com\\\/wp-content\\\/uploads\\\/2024\\\/08\\\/main-logo.png\",\"width\":186,\"height\":28,\"caption\":\"KM-Block\"},\"image\":{\"@id\":\"https:\\\/\\\/kmblock.com\\\/de\\\/#\\\/schema\\\/logo\\\/image\\\/\"}}]}<\/script>\n<!-- \/ Yoast SEO plugin. -->","yoast_head_json":{"title":"Volkswagen T6 Mileage Blocker (KM stopper) \u2192 KM Block","description":"Buy a Volkswagen T6 Mileage Blocker for the Best Prices \u2713 Free Shipping \u2713 Incl. Installation Guides","robots":{"index":"index","follow":"follow","max-snippet":"max-snippet:-1","max-image-preview":"max-image-preview:large","max-video-preview":"max-video-preview:-1"},"og_locale":"de_DE","og_type":"article","og_title":"Volkswagen T6 Mileage Blocker (KM stopper) \u2192 KM Block","og_description":"Buy a Volkswagen T6 Mileage Blocker for the Best Prices \u2713 Free Shipping \u2713 Incl. Installation Guides","og_url":"https:\/\/kmblock.com\/de\/product\/volkswagen-t6\/","og_site_name":"KM Block","og_image":[{"width":800,"height":800,"url":"https:\/\/kmblock.com\/wp-content\/uploads\/2024\/09\/Volkswagen-T6.jpg","type":"image\/jpeg"}],"twitter_card":"summary_large_image","twitter_misc":{"Gesch\u00e4tzte Lesezeit":"2\u00a0Minuten"},"schema":{"@context":"https:\/\/schema.org","@graph":[{"@type":"WebPage","@id":"https:\/\/kmblock.com\/de\/product\/volkswagen-t6\/","url":"https:\/\/kmblock.com\/de\/product\/volkswagen-t6\/","name":"Volkswagen T6 Mileage Blocker (KM stopper) \u2192 KM Block","isPartOf":{"@id":"https:\/\/kmblock.com\/de\/#website"},"primaryImageOfPage":{"@id":"https:\/\/kmblock.com\/de\/product\/volkswagen-t6\/#primaryimage"},"image":{"@id":"https:\/\/kmblock.com\/de\/product\/volkswagen-t6\/#primaryimage"},"thumbnailUrl":"https:\/\/kmblock.com\/wp-content\/uploads\/2024\/09\/Volkswagen-T6.jpg","datePublished":"2024-09-25T10:59:04+00:00","description":"Buy a Volkswagen T6 Mileage Blocker for the Best Prices \u2713 Free Shipping \u2713 Incl. Installation Guides","breadcrumb":{"@id":"https:\/\/kmblock.com\/de\/product\/volkswagen-t6\/#breadcrumb"},"inLanguage":"de","potentialAction":[{"@type":"ReadAction","target":["https:\/\/kmblock.com\/de\/product\/volkswagen-t6\/"]}]},{"@type":"ImageObject","inLanguage":"de","@id":"https:\/\/kmblock.com\/de\/product\/volkswagen-t6\/#primaryimage","url":"https:\/\/kmblock.com\/wp-content\/uploads\/2024\/09\/Volkswagen-T6.jpg","contentUrl":"https:\/\/kmblock.com\/wp-content\/uploads\/2024\/09\/Volkswagen-T6.jpg","width":800,"height":800,"caption":"Volkswagen T6"},{"@type":"BreadcrumbList","@id":"https:\/\/kmblock.com\/de\/product\/volkswagen-t6\/#breadcrumb","itemListElement":[{"@type":"ListItem","position":1,"name":"Startseite","item":"https:\/\/kmblock.com\/de\/"},{"@type":"ListItem","position":2,"name":"Produkte","item":"https:\/\/kmblock.com\/de\/shop\/"},{"@type":"ListItem","position":3,"name":"Volkswagen T6"}]},{"@type":"WebSite","@id":"https:\/\/kmblock.com\/de\/#website","url":"https:\/\/kmblock.com\/de\/","name":"KM Block","description":"","publisher":{"@id":"https:\/\/kmblock.com\/de\/#organization"},"potentialAction":[{"@type":"SearchAction","target":{"@type":"EntryPoint","urlTemplate":"https:\/\/kmblock.com\/de\/?s={search_term_string}"},"query-input":{"@type":"PropertyValueSpecification","valueRequired":true,"valueName":"search_term_string"}}],"inLanguage":"de"},{"@type":"Organization","@id":"https:\/\/kmblock.com\/de\/#organization","name":"KM-Block","url":"https:\/\/kmblock.com\/de\/","logo":{"@type":"ImageObject","inLanguage":"de","@id":"https:\/\/kmblock.com\/de\/#\/schema\/logo\/image\/","url":"https:\/\/kmblock.com\/wp-content\/uploads\/2024\/08\/main-logo.png","contentUrl":"https:\/\/kmblock.com\/wp-content\/uploads\/2024\/08\/main-logo.png","width":186,"height":28,"caption":"KM-Block"},"image":{"@id":"https:\/\/kmblock.com\/de\/#\/schema\/logo\/image\/"}}]}},"_links":{"self":[{"href":"https:\/\/kmblock.com\/de\/wp-json\/wp\/v2\/product\/7525","targetHints":{"allow":["GET"]}}],"collection":[{"href":"https:\/\/kmblock.com\/de\/wp-json\/wp\/v2\/product"}],"about":[{"href":"https:\/\/kmblock.com\/de\/wp-json\/wp\/v2\/types\/product"}],"replies":[{"embeddable":true,"href":"https:\/\/kmblock.com\/de\/wp-json\/wp\/v2\/comments?post=7525"}],"wp:featuredmedia":[{"embeddable":true,"href":"https:\/\/kmblock.com\/de\/wp-json\/wp\/v2\/media\/954"}],"wp:attachment":[{"href":"https:\/\/kmblock.com\/de\/wp-json\/wp\/v2\/media?parent=7525"}],"wp:term":[{"taxonomy":"product_brand","embeddable":true,"href":"https:\/\/kmblock.com\/de\/wp-json\/wp\/v2\/product_brand?post=7525"},{"taxonomy":"product_cat","embeddable":true,"href":"https:\/\/kmblock.com\/de\/wp-json\/wp\/v2\/product_cat?post=7525"},{"taxonomy":"product_tag","embeddable":true,"href":"https:\/\/kmblock.com\/de\/wp-json\/wp\/v2\/product_tag?post=7525"}],"curies":[{"name":"wp","href":"https:\/\/api.w.org\/{rel}","templated":true}]}}