{"id":7480,"date":"2024-09-25T10:04:00","date_gmt":"2024-09-25T10:04:00","guid":{"rendered":"https:\/\/kmblock.com\/product\/volkswagen-t-cross-c1\/"},"modified":"2024-09-25T10:04:00","modified_gmt":"2024-09-25T10:04:00","slug":"volkswagen-t-cross-c1","status":"publish","type":"product","link":"https:\/\/kmblock.com\/de\/product\/volkswagen-t-cross-c1\/","title":{"rendered":"Volkswagen T Cross C1"},"content":{"rendered":"<div class=\"flex max-w-full flex-col flex-grow\">\n<div class=\"min-h-[20px] text-message flex w-full flex-col items-end gap-2 whitespace-normal break-words [.text-message+&amp;]:mt-5\" dir=\"auto\" data-message-author-role=\"assistant\" data-message-id=\"d6917fa6-327f-426b-8c95-0356a88e4710\">\n<div class=\"flex w-full flex-col gap-1 empty:hidden first:pt-[3px]\">\n<div class=\"markdown prose w-full break-words dark:prose-invert dark\">\n<h3>KILOMETERSTANDSBLOCKER F\u00dcR VOLKSWAGEN T-CROSS C1<\/h3>\n<p>Der <strong>Volkswagen T-Cross C1 Mileage Blocker<\/strong> wird manchmal auch als Kilometerz\u00e4hler-Blocker, Kilometer-Stopper, Dosen-Blocker, Kilometer-Stopper, Tageskilometerz\u00e4hler, Dosen-Filter oder sogar als Werkzeug zur Korrektur des Kilometerstandes bezeichnet.<\/p>\n<p><strong>KOMPATIBILIT\u00c4T:<\/strong><br \/>\nDieses Ger\u00e4t ist f\u00fcr alle <strong>Volkswagen T-Cross C1 Modelle<\/strong> geeignet, die seit 2018 erschienen sind.<\/p>\n<hr>\n<h3>SPEZIFIKATIONEN:<\/h3>\n<ul>\n<li><strong>DIY-Installation<\/strong>: Schnell und einfach, in weniger als einer Stunde<\/li>\n<li><strong>Hochwertige Stecker und hitzebest\u00e4ndige Kabel<\/strong> f\u00fcr lang anhaltende Leistung<\/li>\n<li><strong>Keine Fehlermeldungen<\/strong> auf dem Tachometer oder dem Navigationssystem<\/li>\n<li><strong>Mehrere Betriebsmodi<\/strong> zur Auswahl<\/li>\n<li><strong>Nach dem Entfernen bleiben keine Spuren zur\u00fcck<\/strong>, kein L\u00f6ten oder Schneiden von Kabeln f\u00fcr die Installation erforderlich<\/li>\n<li><strong>Einfache Bedienung<\/strong> \u00fcber Tastenkombinationen<\/li>\n<li><strong>Die Steckfl\u00e4che und die Rillen<\/strong> am Stecker gew\u00e4hrleisten eine reibungslose und sichere Installation<\/li>\n<li><strong>Kein Zugriff auf die ECU erforderlich<\/strong><\/li>\n<li>Kann <strong>w\u00e4hrend der Fahrt ein- oder ausgeschaltet<\/strong> werden<\/li>\n<li>Nach dem Ausbau <strong>erh\u00f6ht sich die Kilometerleistung nicht spontan<\/strong><\/li>\n<li><strong>Diagnosetester k\u00f6nnen keinen ge\u00e4nderten Kilometerstand erkennen<\/strong><\/li>\n<li>Sobald Sie die Einstellungen ausgew\u00e4hlt haben, werden sie <strong>dauerhaft gespeichert<\/strong>.<\/li>\n<li><strong>Tachometer und Assistenzsysteme arbeiten einwandfrei<\/strong> und ohne St\u00f6rungen<\/li>\n<li>Die <strong>Motorkontrollleuchte<\/strong> kann bei Fahrzeugen ab Ende 2020 erscheinen, wenn das Ger\u00e4t aktiviert wird.<\/li>\n<li>Eine <strong>Abweichung von bis zu 1%<\/strong> in der Laufleistung kann auftreten, wenn Sie den vollen Modus zur \u00c4nderung der Laufleistung verwenden, obwohl dies ein geringer und zu erwartender Unterschied ist.<\/li>\n<\/ul>\n<hr>\n<h3>AKTIVIERUNG &amp; DEAKTIVIERUNG:<\/h3>\n<p><span data-sheets-root=\"1\">&#8222;Dr\u00fccken Sie mit der &#8218;ok&#8216;-Bedienung am Lenkrad und halten Sie sie gedr\u00fcckt, bis der Blinker blinkt.<\/span><\/p>\n<p><strong>Modus 1:<\/strong> 1 Blinken links 18 Prozent (alles funktioniert, Geschwindigkeitsregelung usw.)<\/p>\n<p><strong>Modus 2:<\/strong> 2 Mal Blinken links 0 Prozent (keine Geschwindigkeit, keine Tankanzeige)<\/p>\n<p><strong>Modus 3:<\/strong> 1 Blinken rechts 100 Prozent (Original)&#8220;<\/p>\n<p>Der <strong>Volkswagen T-Cross C1 Kilometerstopper<\/strong> beh\u00e4lt die zuletzt verwendeten Einstellungen bei, so dass Sie ihn nicht vor jeder Fahrt neu konfigurieren m\u00fcssen. Er kann w\u00e4hrend der Fahrt oder im Stand aktiviert oder deaktiviert werden. <\/p>\n<hr>\n<h3>Was ist ein Volkswagen T-Cross C1 Kilometerz\u00e4hler-Blocker oder Kilometerstandskorrekturger\u00e4t?<\/h3>\n<p>Der <strong>Volkswagen T-Cross C1 Mileage Blocker<\/strong> wird verwendet, um die Aufzeichnung des Kilometerstands bei Leistungstests zu stoppen. Wir von <g id=\"gid_1\">KM Block<\/g> bieten Ihnen das beste Qualit\u00e4tsmodul mit Originalbauteilen. Egal, ob der Kilometerz\u00e4hler Ihres Fahrzeugs in Meilen oder Kilometern misst, das Ger\u00e4t funktioniert in beiden F\u00e4llen effizient.  <\/p>\n<p>Wir entwickeln die Software speziell f\u00fcr jede Fahrzeugmarke und jedes Modell, um eine einwandfreie Funktion zu gew\u00e4hrleisten. Das <strong>Mileage Blocker Tool<\/strong> funktioniert gleicherma\u00dfen gut f\u00fcr Diesel-Benzin-Motoren, <strong>Plug-in-Hybrid-Elektrofahrzeuge (PHEVs)<\/strong> und <strong>Elektroautos.<\/strong> <\/p>\n<hr>\n<p><strong>Hinweis:<\/strong><br \/>\nWir verkaufen <strong>keine<\/strong> <strong>Tools zur Kilometerkorrektur<\/strong> f\u00fcr den Volkswagen T-Cross C1, da diese in der Regel dazu verwendet werden, die Kilometerst\u00e4nde betr\u00fcgerisch zu ver\u00e4ndern. Solche Tools versagen oft, weil moderne Fahrzeuge den Kilometerstand an mehreren Stellen speichern. Rollback-Tools k\u00f6nnen den Kilometerstand nicht vollst\u00e4ndig r\u00fcckg\u00e4ngig machen.  <\/p>\n<hr>\n<p>Wir bieten <strong>Mileage Stopper Ger\u00e4te<\/strong> f\u00fcr eine Vielzahl von Fahrzeugen an. F\u00fcr die Installation sind keine tiefgreifenden Kenntnisse erforderlich &#8211; schlie\u00dfen Sie das Modul einfach zwischen Tachometer und Kombiinstrument an, um seine Funktionen zu nutzen. <\/p>\n<p>Der <strong>Volkswagen T-Cross C1 Mileage Blocker<\/strong> kann jederzeit aktiviert oder deaktiviert werden, egal ob das Fahrzeug f\u00e4hrt oder steht.<\/p>\n<\/div>\n<\/div>\n<\/div>\n<\/div>\n","protected":false},"excerpt":{"rendered":"<div class=\"flex-shrink-0 flex flex-col relative items-end\">\n<div class=\"pt-0\">\n<div class=\"gizmo-bot-avatar flex h-8 w-8 items-center justify-center overflow-hidden rounded-full\">\n<div class=\"relative p-1 rounded-sm flex items-center justify-center bg-token-main-surface-primary text-token-text-primary h-8 w-8\">\n<p>Bevor Sie bestellen, lesen Sie bitte sorgf\u00e4ltig den Aktivierungsprozess des Moduls und wichtige Hinweise zu m\u00f6glichen Fehlermeldungen und<\/p>\n<div class=\"flex-shrink-0 flex flex-col relative items-end\">\n<div class=\"pt-0\">\n<div class=\"gizmo-bot-avatar flex h-8 w-8 items-center justify-center overflow-hidden rounded-full\">\n<div class=\"relative p-1 rounded-sm flex items-center justify-center bg-token-main-surface-primary text-token-text-primary h-8 w-8\">\n<p><strong>F\u00dcR MODELLE, DIE SEIT 2018 VER\u00d6FFENTLICHT WURDEN.  <\/strong>Do-it-yourself-Installation f\u00fcr eine einfache Einrichtung. Unverfolgbare Leistung, die keine Fehler oder R\u00fcckverfolgbarkeit garantiert. Kann w\u00e4hrend der Fahrt aktiviert werden.   Ausgestattet mit qualitativ hochwertigen Steckern und hitzebest\u00e4ndigen Kabeln. Tachometer und Assistenzsysteme funktionieren einwandfrei.<\/p>\n<p class=\"p1\"><b> \u2705 Nahtlose Integration<\/b><b><\/b><\/p>\n<p class=\"p1\">\u2705<b> Einfache Installation<\/b><b><\/b><\/p>\n<p class=\"p1\">\u2705<b> Genaue Verwaltung des Kilometerstandes<\/b><b><\/b><\/p>\n<p class=\"p1\"><b> \u2705 Betrieb im Tarnkappenmodus<\/b><b><\/b><\/p>\n<p class=\"p1\"><span class=\"s1\">\u2705<\/span><b> Lebenslanger Support und Updates<\/b><\/p>\n<\/div>\n<\/div>\n<\/div>\n<\/div>\n<\/div>\n<\/div>\n<\/div>\n<\/div>\n","protected":false},"featured_media":946,"comment_status":"open","ping_status":"closed","template":"","meta":[],"product_brand":[],"product_cat":[634],"product_tag":[],"class_list":{"0":"post-7480","1":"product","2":"type-product","3":"status-publish","4":"has-post-thumbnail","6":"product_cat-volkswagen","8":"first","9":"instock","10":"taxable","11":"shipping-taxable","12":"purchasable","13":"product-type-variable"},"yoast_head":"<!-- This site is optimized with the Yoast SEO plugin v27.5 - https:\/\/yoast.com\/product\/yoast-seo-wordpress\/ -->\n<title>Volkswagen T Cross C1 Mileage Blocker (KM stopper) \u2192 KM Block<\/title>\n<meta name=\"description\" content=\"Buy a Volkswagen T Cross C1 Mileage Blocker for the Best Prices \u2713 Free Shipping \u2713 Incl. Installation Guides\" \/>\n<meta name=\"robots\" content=\"index, follow, max-snippet:-1, max-image-preview:large, max-video-preview:-1\" \/>\n<meta property=\"og:locale\" content=\"de_DE\" \/>\n<meta property=\"og:type\" content=\"article\" \/>\n<meta property=\"og:title\" content=\"Volkswagen T Cross C1 Mileage Blocker (KM stopper) \u2192 KM Block\" \/>\n<meta property=\"og:description\" content=\"Buy a Volkswagen T Cross C1 Mileage Blocker for the Best Prices \u2713 Free Shipping \u2713 Incl. Installation Guides\" \/>\n<meta property=\"og:url\" content=\"https:\/\/kmblock.com\/de\/product\/volkswagen-t-cross-c1\/\" \/>\n<meta property=\"og:site_name\" content=\"KM Block\" \/>\n<meta property=\"og:image\" content=\"https:\/\/kmblock.com\/wp-content\/uploads\/2024\/09\/Volkswagen-T-Cross-C1.jpg\" \/>\n\t<meta property=\"og:image:width\" content=\"800\" \/>\n\t<meta property=\"og:image:height\" content=\"800\" \/>\n\t<meta property=\"og:image:type\" content=\"image\/jpeg\" \/>\n<meta name=\"twitter:card\" content=\"summary_large_image\" \/>\n<meta name=\"twitter:label1\" content=\"Gesch\u00e4tzte Lesezeit\" \/>\n\t<meta name=\"twitter:data1\" content=\"3\u00a0Minuten\" \/>\n<script type=\"application\/ld+json\" class=\"yoast-schema-graph\">{\"@context\":\"https:\\\/\\\/schema.org\",\"@graph\":[{\"@type\":\"WebPage\",\"@id\":\"https:\\\/\\\/kmblock.com\\\/de\\\/product\\\/volkswagen-t-cross-c1\\\/\",\"url\":\"https:\\\/\\\/kmblock.com\\\/de\\\/product\\\/volkswagen-t-cross-c1\\\/\",\"name\":\"Volkswagen T Cross C1 Mileage Blocker (KM stopper) \u2192 KM Block\",\"isPartOf\":{\"@id\":\"https:\\\/\\\/kmblock.com\\\/de\\\/#website\"},\"primaryImageOfPage\":{\"@id\":\"https:\\\/\\\/kmblock.com\\\/de\\\/product\\\/volkswagen-t-cross-c1\\\/#primaryimage\"},\"image\":{\"@id\":\"https:\\\/\\\/kmblock.com\\\/de\\\/product\\\/volkswagen-t-cross-c1\\\/#primaryimage\"},\"thumbnailUrl\":\"https:\\\/\\\/kmblock.com\\\/wp-content\\\/uploads\\\/2024\\\/09\\\/Volkswagen-T-Cross-C1.jpg\",\"datePublished\":\"2024-09-25T10:04:00+00:00\",\"description\":\"Buy a Volkswagen T Cross C1 Mileage Blocker for the Best Prices \u2713 Free Shipping \u2713 Incl. Installation Guides\",\"breadcrumb\":{\"@id\":\"https:\\\/\\\/kmblock.com\\\/de\\\/product\\\/volkswagen-t-cross-c1\\\/#breadcrumb\"},\"inLanguage\":\"de\",\"potentialAction\":[{\"@type\":\"ReadAction\",\"target\":[\"https:\\\/\\\/kmblock.com\\\/de\\\/product\\\/volkswagen-t-cross-c1\\\/\"]}]},{\"@type\":\"ImageObject\",\"inLanguage\":\"de\",\"@id\":\"https:\\\/\\\/kmblock.com\\\/de\\\/product\\\/volkswagen-t-cross-c1\\\/#primaryimage\",\"url\":\"https:\\\/\\\/kmblock.com\\\/wp-content\\\/uploads\\\/2024\\\/09\\\/Volkswagen-T-Cross-C1.jpg\",\"contentUrl\":\"https:\\\/\\\/kmblock.com\\\/wp-content\\\/uploads\\\/2024\\\/09\\\/Volkswagen-T-Cross-C1.jpg\",\"width\":800,\"height\":800,\"caption\":\"Volkswagen T Cross C1\"},{\"@type\":\"BreadcrumbList\",\"@id\":\"https:\\\/\\\/kmblock.com\\\/de\\\/product\\\/volkswagen-t-cross-c1\\\/#breadcrumb\",\"itemListElement\":[{\"@type\":\"ListItem\",\"position\":1,\"name\":\"Startseite\",\"item\":\"https:\\\/\\\/kmblock.com\\\/de\\\/\"},{\"@type\":\"ListItem\",\"position\":2,\"name\":\"Produkte\",\"item\":\"https:\\\/\\\/kmblock.com\\\/de\\\/shop\\\/\"},{\"@type\":\"ListItem\",\"position\":3,\"name\":\"Volkswagen T Cross C1\"}]},{\"@type\":\"WebSite\",\"@id\":\"https:\\\/\\\/kmblock.com\\\/de\\\/#website\",\"url\":\"https:\\\/\\\/kmblock.com\\\/de\\\/\",\"name\":\"KM Block\",\"description\":\"\",\"publisher\":{\"@id\":\"https:\\\/\\\/kmblock.com\\\/de\\\/#organization\"},\"potentialAction\":[{\"@type\":\"SearchAction\",\"target\":{\"@type\":\"EntryPoint\",\"urlTemplate\":\"https:\\\/\\\/kmblock.com\\\/de\\\/?s={search_term_string}\"},\"query-input\":{\"@type\":\"PropertyValueSpecification\",\"valueRequired\":true,\"valueName\":\"search_term_string\"}}],\"inLanguage\":\"de\"},{\"@type\":\"Organization\",\"@id\":\"https:\\\/\\\/kmblock.com\\\/de\\\/#organization\",\"name\":\"KM-Block\",\"url\":\"https:\\\/\\\/kmblock.com\\\/de\\\/\",\"logo\":{\"@type\":\"ImageObject\",\"inLanguage\":\"de\",\"@id\":\"https:\\\/\\\/kmblock.com\\\/de\\\/#\\\/schema\\\/logo\\\/image\\\/\",\"url\":\"https:\\\/\\\/kmblock.com\\\/wp-content\\\/uploads\\\/2024\\\/08\\\/main-logo.png\",\"contentUrl\":\"https:\\\/\\\/kmblock.com\\\/wp-content\\\/uploads\\\/2024\\\/08\\\/main-logo.png\",\"width\":186,\"height\":28,\"caption\":\"KM-Block\"},\"image\":{\"@id\":\"https:\\\/\\\/kmblock.com\\\/de\\\/#\\\/schema\\\/logo\\\/image\\\/\"}}]}<\/script>\n<!-- \/ Yoast SEO plugin. -->","yoast_head_json":{"title":"Volkswagen T Cross C1 Mileage Blocker (KM stopper) \u2192 KM Block","description":"Buy a Volkswagen T Cross C1 Mileage Blocker for the Best Prices \u2713 Free Shipping \u2713 Incl. Installation Guides","robots":{"index":"index","follow":"follow","max-snippet":"max-snippet:-1","max-image-preview":"max-image-preview:large","max-video-preview":"max-video-preview:-1"},"og_locale":"de_DE","og_type":"article","og_title":"Volkswagen T Cross C1 Mileage Blocker (KM stopper) \u2192 KM Block","og_description":"Buy a Volkswagen T Cross C1 Mileage Blocker for the Best Prices \u2713 Free Shipping \u2713 Incl. Installation Guides","og_url":"https:\/\/kmblock.com\/de\/product\/volkswagen-t-cross-c1\/","og_site_name":"KM Block","og_image":[{"width":800,"height":800,"url":"https:\/\/kmblock.com\/wp-content\/uploads\/2024\/09\/Volkswagen-T-Cross-C1.jpg","type":"image\/jpeg"}],"twitter_card":"summary_large_image","twitter_misc":{"Gesch\u00e4tzte Lesezeit":"3\u00a0Minuten"},"schema":{"@context":"https:\/\/schema.org","@graph":[{"@type":"WebPage","@id":"https:\/\/kmblock.com\/de\/product\/volkswagen-t-cross-c1\/","url":"https:\/\/kmblock.com\/de\/product\/volkswagen-t-cross-c1\/","name":"Volkswagen T Cross C1 Mileage Blocker (KM stopper) \u2192 KM Block","isPartOf":{"@id":"https:\/\/kmblock.com\/de\/#website"},"primaryImageOfPage":{"@id":"https:\/\/kmblock.com\/de\/product\/volkswagen-t-cross-c1\/#primaryimage"},"image":{"@id":"https:\/\/kmblock.com\/de\/product\/volkswagen-t-cross-c1\/#primaryimage"},"thumbnailUrl":"https:\/\/kmblock.com\/wp-content\/uploads\/2024\/09\/Volkswagen-T-Cross-C1.jpg","datePublished":"2024-09-25T10:04:00+00:00","description":"Buy a Volkswagen T Cross C1 Mileage Blocker for the Best Prices \u2713 Free Shipping \u2713 Incl. Installation Guides","breadcrumb":{"@id":"https:\/\/kmblock.com\/de\/product\/volkswagen-t-cross-c1\/#breadcrumb"},"inLanguage":"de","potentialAction":[{"@type":"ReadAction","target":["https:\/\/kmblock.com\/de\/product\/volkswagen-t-cross-c1\/"]}]},{"@type":"ImageObject","inLanguage":"de","@id":"https:\/\/kmblock.com\/de\/product\/volkswagen-t-cross-c1\/#primaryimage","url":"https:\/\/kmblock.com\/wp-content\/uploads\/2024\/09\/Volkswagen-T-Cross-C1.jpg","contentUrl":"https:\/\/kmblock.com\/wp-content\/uploads\/2024\/09\/Volkswagen-T-Cross-C1.jpg","width":800,"height":800,"caption":"Volkswagen T Cross C1"},{"@type":"BreadcrumbList","@id":"https:\/\/kmblock.com\/de\/product\/volkswagen-t-cross-c1\/#breadcrumb","itemListElement":[{"@type":"ListItem","position":1,"name":"Startseite","item":"https:\/\/kmblock.com\/de\/"},{"@type":"ListItem","position":2,"name":"Produkte","item":"https:\/\/kmblock.com\/de\/shop\/"},{"@type":"ListItem","position":3,"name":"Volkswagen T Cross C1"}]},{"@type":"WebSite","@id":"https:\/\/kmblock.com\/de\/#website","url":"https:\/\/kmblock.com\/de\/","name":"KM Block","description":"","publisher":{"@id":"https:\/\/kmblock.com\/de\/#organization"},"potentialAction":[{"@type":"SearchAction","target":{"@type":"EntryPoint","urlTemplate":"https:\/\/kmblock.com\/de\/?s={search_term_string}"},"query-input":{"@type":"PropertyValueSpecification","valueRequired":true,"valueName":"search_term_string"}}],"inLanguage":"de"},{"@type":"Organization","@id":"https:\/\/kmblock.com\/de\/#organization","name":"KM-Block","url":"https:\/\/kmblock.com\/de\/","logo":{"@type":"ImageObject","inLanguage":"de","@id":"https:\/\/kmblock.com\/de\/#\/schema\/logo\/image\/","url":"https:\/\/kmblock.com\/wp-content\/uploads\/2024\/08\/main-logo.png","contentUrl":"https:\/\/kmblock.com\/wp-content\/uploads\/2024\/08\/main-logo.png","width":186,"height":28,"caption":"KM-Block"},"image":{"@id":"https:\/\/kmblock.com\/de\/#\/schema\/logo\/image\/"}}]}},"_links":{"self":[{"href":"https:\/\/kmblock.com\/de\/wp-json\/wp\/v2\/product\/7480","targetHints":{"allow":["GET"]}}],"collection":[{"href":"https:\/\/kmblock.com\/de\/wp-json\/wp\/v2\/product"}],"about":[{"href":"https:\/\/kmblock.com\/de\/wp-json\/wp\/v2\/types\/product"}],"replies":[{"embeddable":true,"href":"https:\/\/kmblock.com\/de\/wp-json\/wp\/v2\/comments?post=7480"}],"wp:featuredmedia":[{"embeddable":true,"href":"https:\/\/kmblock.com\/de\/wp-json\/wp\/v2\/media\/946"}],"wp:attachment":[{"href":"https:\/\/kmblock.com\/de\/wp-json\/wp\/v2\/media?parent=7480"}],"wp:term":[{"taxonomy":"product_brand","embeddable":true,"href":"https:\/\/kmblock.com\/de\/wp-json\/wp\/v2\/product_brand?post=7480"},{"taxonomy":"product_cat","embeddable":true,"href":"https:\/\/kmblock.com\/de\/wp-json\/wp\/v2\/product_cat?post=7480"},{"taxonomy":"product_tag","embeddable":true,"href":"https:\/\/kmblock.com\/de\/wp-json\/wp\/v2\/product_tag?post=7480"}],"curies":[{"name":"wp","href":"https:\/\/api.w.org\/{rel}","templated":true}]}}