{"id":7461,"date":"2024-09-25T00:22:35","date_gmt":"2024-09-25T00:22:35","guid":{"rendered":"https:\/\/kmblock.com\/product\/volkswagen-sharan-ii\/"},"modified":"2024-09-25T00:22:35","modified_gmt":"2024-09-25T00:22:35","slug":"volkswagen-sharan-ii","status":"publish","type":"product","link":"https:\/\/kmblock.com\/de\/product\/volkswagen-sharan-ii\/","title":{"rendered":"Volkswagen Sharan II"},"content":{"rendered":"<div class=\"flex max-w-full flex-col flex-grow\">\n<div class=\"min-h-[20px] text-message flex w-full flex-col items-end gap-2 whitespace-normal break-words [.text-message+&amp;]:mt-5\" dir=\"auto\" data-message-author-role=\"assistant\" data-message-id=\"d6917fa6-327f-426b-8c95-0356a88e4710\">\n<div class=\"flex w-full flex-col gap-1 empty:hidden first:pt-[3px]\">\n<div class=\"markdown prose w-full break-words dark:prose-invert dark\">\n<h3>Kilometerstandssperre f\u00fcr Volkswagen Sharan II<\/h3>\n<p>Der <strong>Volkswagen Sharan II Mileage Blocker<\/strong> wird manchmal auch als Odometer Blocker, Odometer Stopper, CAN Blocker, Mileage Stopper, Trip Odometer, CAN Filter und gelegentlich auch als Mileage Correction Tool bezeichnet.<\/p>\n<p><strong>Dieses Ger\u00e4t ist kompatibel mit allen Volkswagen Sharan II Modellen, die seit 2010 auf den Markt gekommen sind.<\/strong><\/p>\n<hr>\n<h3>Spezifikationen:<\/h3>\n<ul>\n<li><strong>DIY (Do-it-yourself) Installation<\/strong><\/li>\n<li>Einfache Bedienung mit mehreren Tastenkombinationen<\/li>\n<li>Hinterl\u00e4sst keine Spuren &#8211; kein L\u00f6ten oder Schneiden von Kabeln erforderlich<\/li>\n<li>Keine Fehlermeldungen auf dem Tachometer oder dem Navigationspanel<\/li>\n<li>Kann w\u00e4hrend der Fahrt ein- und ausgeschaltet werden<\/li>\n<li>Inklusive hochwertigen Steckern und hitzebest\u00e4ndigen Kabeln<\/li>\n<li>Mehrere Modi zur individuellen Anpassung verf\u00fcgbar<\/li>\n<li>Nach dem Ausbau erh\u00f6ht sich der Kilometerstand nicht spontan<\/li>\n<li>Diagnosetools k\u00f6nnen den durch den Volkswagen Sharan II Mileage Stopper ver\u00e4nderten Kilometerstand nicht erkennen<\/li>\n<li>Die Einstellungen werden nach der Auswahl bedingungslos gespeichert<\/li>\n<li><strong>Tachometer und Assistenzsysteme sind<\/strong> w\u00e4hrend der Benutzung <strong>deaktiviert<\/strong> <\/li>\n<li>Reibungslose Installation durch Steckgesicht und Rippen am Stecker<\/li>\n<li>Bei Modellen ab Ende 2020 kann die Aktivierung des Ger\u00e4ts die Motorkontrollleuchte ausl\u00f6sen<\/li>\n<li>Erlaubt bis zu 1 % Abweichung bei den Kilometern f\u00fcr Modi, die den Kilometerstand komplett ver\u00e4ndern. Die Angaben zum Kilometerstand sind N\u00e4herungswerte, leichte Abweichungen sind m\u00f6glich. <\/li>\n<\/ul>\n<hr>\n<h3>Aktivierung &amp; Deaktivierung:<\/h3>\n<ul>\n<li>Dr\u00fccken Sie die <strong>OK-Taste f\u00fcr 10 Sekunden<\/strong>, um den Modus zu wechseln.<\/li>\n<li>Der Wechsel des Modus wird durch kurzes Aufblinken der Blinker angezeigt:\n<ul>\n<li><strong>Modus 1<\/strong>: 1 Blinken (50 % des Kilometerstands werden aufgezeichnet; die Geschwindigkeitsanzeige zeigt die halbe Geschwindigkeit an, die Assistenzsysteme sind deaktiviert)<\/li>\n<li><strong>Modus 2<\/strong>: 2 Blinksignale (100% der Kilometerleistung werden gestoppt)<\/li>\n<li><strong>Modus 3<\/strong>: 3 Mal blinken (Kilometerstand wird bei 100% gez\u00e4hlt)<\/li>\n<\/ul>\n<\/li>\n<\/ul>\n<p>Einmal vorgenommene Einstellungen speichert der <strong>Volkswagen Sharan II Kilometerstopper<\/strong> f\u00fcr die k\u00fcnftige Verwendung, so dass Sie sie vor dem erneuten Starten des Fahrzeugs nicht mehr anpassen m\u00fcssen. Das Ger\u00e4t kann jederzeit aktiviert oder deaktiviert werden, unabh\u00e4ngig davon, ob das Auto steht oder sich bewegt.<\/p>\n<hr>\n<h3>Was ist der Volkswagen Sharan II Kilometerz\u00e4hler-Blocker oder Kilometerstandskorrektur-Tool?<\/h3>\n<p>Der <strong>Volkswagen Sharan II Mileage Blocker\/Odometer Blocker<\/strong> wurde entwickelt, um zu verhindern, dass der Kilometerstand bei Leistungstests aufgezeichnet wird. Er ist bei <strong>KM Block<\/strong> erh\u00e4ltlich und wird aus hochwertigen Komponenten hergestellt. Er arbeitet nahtlos sowohl mit Meilen als auch mit Kilometern (km) auf dem Kilometerz\u00e4hler und gew\u00e4hrleistet so einen effizienten Betrieb. Die Software wurde speziell f\u00fcr jede Fahrzeugmarke und jedes Fahrzeugmodell entwickelt, um eine einwandfreie Leistung zu gew\u00e4hrleisten.   <\/p>\n<p>Der Mileage Blocker ist kompatibel mit Diesel-, Benzin-, Plug-in-Hybrid-Elektrofahrzeugen (PHEVs) und Elektroautos.<\/p>\n<p><strong>Hinweis:<\/strong> Wir verkaufen keine Tools zur Kilometerkorrektur, die f\u00fcr betr\u00fcgerische Zwecke gedacht sind. Diese Tools k\u00f6nnen den Kilometerstand vom Kilometerz\u00e4hler entfernen, sind aber nicht in der Lage, den Kilometerstand vollst\u00e4ndig umzukehren, da in modernen Fahrzeugen mehrere Datenspeicher vorhanden sind. <\/p>\n<hr>\n<p>Der <strong>Volkswagen Sharan II Mileage Blocker<\/strong> l\u00e4sst sich einfach installieren, ohne dass Sie \u00fcber umfassende Kenntnisse der Fahrzeugwartung verf\u00fcgen m\u00fcssen. Er wird zwischen Tachometer und Kombiinstrument eingesteckt und \u00fcber voreingestellte Tastenkombinationen bedient, um zwischen den Modi umzuschalten. <\/p>\n<p>Dieses einzigartige Modul kann jederzeit, auch w\u00e4hrend der Fahrt, aktiviert oder deaktiviert werden, so dass Sie die Leistung Ihres Fahrzeugs in einer kontrollierten Umgebung testen k\u00f6nnen.<\/p>\n<\/div>\n<\/div>\n<\/div>\n<\/div>\n","protected":false},"excerpt":{"rendered":"<div class=\"flex-shrink-0 flex flex-col relative items-end\">\n<div class=\"pt-0\">\n<div class=\"gizmo-bot-avatar flex h-8 w-8 items-center justify-center overflow-hidden rounded-full\">\n<div class=\"relative p-1 rounded-sm flex items-center justify-center bg-token-main-surface-primary text-token-text-primary h-8 w-8\">\n<p>Bevor Sie bestellen, lesen Sie bitte sorgf\u00e4ltig den Aktivierungsprozess des Moduls und wichtige Hinweise zu m\u00f6glichen Fehlermeldungen und<\/p>\n<div class=\"flex-shrink-0 flex flex-col relative items-end\">\n<div class=\"pt-0\">\n<div class=\"gizmo-bot-avatar flex h-8 w-8 items-center justify-center overflow-hidden rounded-full\">\n<div class=\"relative p-1 rounded-sm flex items-center justify-center bg-token-main-surface-primary text-token-text-primary h-8 w-8\">\n<p><strong>F\u00dcR MODELLE, DIE SEIT 2010 VER\u00d6FFENTLICHT WURDEN.  <\/strong>Die Geschwindigkeitsanzeige und die Assistenzsysteme funktionieren nicht, wenn das Ger\u00e4t aktiv ist. Do-it-yourself-Installation f\u00fcr einfache Anwendung. Kann w\u00e4hrend der Fahrt aktiviert werden. Qualitativ hochwertige Stecker und hitzebest\u00e4ndige Kabel garantieren Langlebigkeit und Leistung.   <\/p>\n<p class=\"p1\"><b> \u2705 Nahtlose Integration<\/b><b><\/b><\/p>\n<p class=\"p1\">\u2705<b> Einfache Installation<\/b><b><\/b><\/p>\n<p class=\"p1\">\u2705<b> Genaue Verwaltung des Kilometerstandes<\/b><b><\/b><\/p>\n<p class=\"p1\"><b> \u2705 Betrieb im Tarnkappenmodus<\/b><b><\/b><\/p>\n<p class=\"p1\"><span class=\"s1\">\u2705<\/span><b> Lebenslanger Support und Updates<\/b><\/p>\n<\/div>\n<\/div>\n<\/div>\n<\/div>\n<\/div>\n<\/div>\n<\/div>\n<\/div>\n","protected":false},"featured_media":944,"comment_status":"open","ping_status":"closed","template":"","meta":[],"product_brand":[],"product_cat":[634],"product_tag":[],"class_list":{"0":"post-7461","1":"product","2":"type-product","3":"status-publish","4":"has-post-thumbnail","6":"product_cat-volkswagen","8":"first","9":"instock","10":"taxable","11":"shipping-taxable","12":"purchasable","13":"product-type-variable"},"yoast_head":"<!-- This site is optimized with the Yoast SEO plugin v27.5 - https:\/\/yoast.com\/product\/yoast-seo-wordpress\/ -->\n<title>Volkswagen Sharan II Mileage Blocker (KM stopper) \u2192 KM Block<\/title>\n<meta name=\"description\" content=\"Buy a Volkswagen Sharan II Mileage Blocker for the Best Prices \u2713 Free Shipping \u2713 Incl. Installation Guides\" \/>\n<meta name=\"robots\" content=\"index, follow, max-snippet:-1, max-image-preview:large, max-video-preview:-1\" \/>\n<meta property=\"og:locale\" content=\"de_DE\" \/>\n<meta property=\"og:type\" content=\"article\" \/>\n<meta property=\"og:title\" content=\"Volkswagen Sharan II Mileage Blocker (KM stopper) \u2192 KM Block\" \/>\n<meta property=\"og:description\" content=\"Buy a Volkswagen Sharan II Mileage Blocker for the Best Prices \u2713 Free Shipping \u2713 Incl. Installation Guides\" \/>\n<meta property=\"og:url\" content=\"https:\/\/kmblock.com\/de\/product\/volkswagen-sharan-ii\/\" \/>\n<meta property=\"og:site_name\" content=\"KM Block\" \/>\n<meta property=\"og:image\" content=\"https:\/\/kmblock.com\/wp-content\/uploads\/2024\/09\/Volkswagen-Sharan-II.jpg\" \/>\n\t<meta property=\"og:image:width\" content=\"800\" \/>\n\t<meta property=\"og:image:height\" content=\"800\" \/>\n\t<meta property=\"og:image:type\" content=\"image\/jpeg\" \/>\n<meta name=\"twitter:card\" content=\"summary_large_image\" \/>\n<meta name=\"twitter:label1\" content=\"Gesch\u00e4tzte Lesezeit\" \/>\n\t<meta name=\"twitter:data1\" content=\"3\u00a0Minuten\" \/>\n<script type=\"application\/ld+json\" class=\"yoast-schema-graph\">{\"@context\":\"https:\\\/\\\/schema.org\",\"@graph\":[{\"@type\":\"WebPage\",\"@id\":\"https:\\\/\\\/kmblock.com\\\/de\\\/product\\\/volkswagen-sharan-ii\\\/\",\"url\":\"https:\\\/\\\/kmblock.com\\\/de\\\/product\\\/volkswagen-sharan-ii\\\/\",\"name\":\"Volkswagen Sharan II Mileage Blocker (KM stopper) \u2192 KM Block\",\"isPartOf\":{\"@id\":\"https:\\\/\\\/kmblock.com\\\/de\\\/#website\"},\"primaryImageOfPage\":{\"@id\":\"https:\\\/\\\/kmblock.com\\\/de\\\/product\\\/volkswagen-sharan-ii\\\/#primaryimage\"},\"image\":{\"@id\":\"https:\\\/\\\/kmblock.com\\\/de\\\/product\\\/volkswagen-sharan-ii\\\/#primaryimage\"},\"thumbnailUrl\":\"https:\\\/\\\/kmblock.com\\\/wp-content\\\/uploads\\\/2024\\\/09\\\/Volkswagen-Sharan-II.jpg\",\"datePublished\":\"2024-09-25T00:22:35+00:00\",\"description\":\"Buy a Volkswagen Sharan II Mileage Blocker for the Best Prices \u2713 Free Shipping \u2713 Incl. Installation Guides\",\"breadcrumb\":{\"@id\":\"https:\\\/\\\/kmblock.com\\\/de\\\/product\\\/volkswagen-sharan-ii\\\/#breadcrumb\"},\"inLanguage\":\"de\",\"potentialAction\":[{\"@type\":\"ReadAction\",\"target\":[\"https:\\\/\\\/kmblock.com\\\/de\\\/product\\\/volkswagen-sharan-ii\\\/\"]}]},{\"@type\":\"ImageObject\",\"inLanguage\":\"de\",\"@id\":\"https:\\\/\\\/kmblock.com\\\/de\\\/product\\\/volkswagen-sharan-ii\\\/#primaryimage\",\"url\":\"https:\\\/\\\/kmblock.com\\\/wp-content\\\/uploads\\\/2024\\\/09\\\/Volkswagen-Sharan-II.jpg\",\"contentUrl\":\"https:\\\/\\\/kmblock.com\\\/wp-content\\\/uploads\\\/2024\\\/09\\\/Volkswagen-Sharan-II.jpg\",\"width\":800,\"height\":800,\"caption\":\"Volkswagen Sharan II\"},{\"@type\":\"BreadcrumbList\",\"@id\":\"https:\\\/\\\/kmblock.com\\\/de\\\/product\\\/volkswagen-sharan-ii\\\/#breadcrumb\",\"itemListElement\":[{\"@type\":\"ListItem\",\"position\":1,\"name\":\"Startseite\",\"item\":\"https:\\\/\\\/kmblock.com\\\/de\\\/\"},{\"@type\":\"ListItem\",\"position\":2,\"name\":\"Produkte\",\"item\":\"https:\\\/\\\/kmblock.com\\\/de\\\/shop\\\/\"},{\"@type\":\"ListItem\",\"position\":3,\"name\":\"Volkswagen Sharan II\"}]},{\"@type\":\"WebSite\",\"@id\":\"https:\\\/\\\/kmblock.com\\\/de\\\/#website\",\"url\":\"https:\\\/\\\/kmblock.com\\\/de\\\/\",\"name\":\"KM Block\",\"description\":\"\",\"publisher\":{\"@id\":\"https:\\\/\\\/kmblock.com\\\/de\\\/#organization\"},\"potentialAction\":[{\"@type\":\"SearchAction\",\"target\":{\"@type\":\"EntryPoint\",\"urlTemplate\":\"https:\\\/\\\/kmblock.com\\\/de\\\/?s={search_term_string}\"},\"query-input\":{\"@type\":\"PropertyValueSpecification\",\"valueRequired\":true,\"valueName\":\"search_term_string\"}}],\"inLanguage\":\"de\"},{\"@type\":\"Organization\",\"@id\":\"https:\\\/\\\/kmblock.com\\\/de\\\/#organization\",\"name\":\"KM-Block\",\"url\":\"https:\\\/\\\/kmblock.com\\\/de\\\/\",\"logo\":{\"@type\":\"ImageObject\",\"inLanguage\":\"de\",\"@id\":\"https:\\\/\\\/kmblock.com\\\/de\\\/#\\\/schema\\\/logo\\\/image\\\/\",\"url\":\"https:\\\/\\\/kmblock.com\\\/wp-content\\\/uploads\\\/2024\\\/08\\\/main-logo.png\",\"contentUrl\":\"https:\\\/\\\/kmblock.com\\\/wp-content\\\/uploads\\\/2024\\\/08\\\/main-logo.png\",\"width\":186,\"height\":28,\"caption\":\"KM-Block\"},\"image\":{\"@id\":\"https:\\\/\\\/kmblock.com\\\/de\\\/#\\\/schema\\\/logo\\\/image\\\/\"}}]}<\/script>\n<!-- \/ Yoast SEO plugin. -->","yoast_head_json":{"title":"Volkswagen Sharan II Mileage Blocker (KM stopper) \u2192 KM Block","description":"Buy a Volkswagen Sharan II Mileage Blocker for the Best Prices \u2713 Free Shipping \u2713 Incl. Installation Guides","robots":{"index":"index","follow":"follow","max-snippet":"max-snippet:-1","max-image-preview":"max-image-preview:large","max-video-preview":"max-video-preview:-1"},"og_locale":"de_DE","og_type":"article","og_title":"Volkswagen Sharan II Mileage Blocker (KM stopper) \u2192 KM Block","og_description":"Buy a Volkswagen Sharan II Mileage Blocker for the Best Prices \u2713 Free Shipping \u2713 Incl. Installation Guides","og_url":"https:\/\/kmblock.com\/de\/product\/volkswagen-sharan-ii\/","og_site_name":"KM Block","og_image":[{"width":800,"height":800,"url":"https:\/\/kmblock.com\/wp-content\/uploads\/2024\/09\/Volkswagen-Sharan-II.jpg","type":"image\/jpeg"}],"twitter_card":"summary_large_image","twitter_misc":{"Gesch\u00e4tzte Lesezeit":"3\u00a0Minuten"},"schema":{"@context":"https:\/\/schema.org","@graph":[{"@type":"WebPage","@id":"https:\/\/kmblock.com\/de\/product\/volkswagen-sharan-ii\/","url":"https:\/\/kmblock.com\/de\/product\/volkswagen-sharan-ii\/","name":"Volkswagen Sharan II Mileage Blocker (KM stopper) \u2192 KM Block","isPartOf":{"@id":"https:\/\/kmblock.com\/de\/#website"},"primaryImageOfPage":{"@id":"https:\/\/kmblock.com\/de\/product\/volkswagen-sharan-ii\/#primaryimage"},"image":{"@id":"https:\/\/kmblock.com\/de\/product\/volkswagen-sharan-ii\/#primaryimage"},"thumbnailUrl":"https:\/\/kmblock.com\/wp-content\/uploads\/2024\/09\/Volkswagen-Sharan-II.jpg","datePublished":"2024-09-25T00:22:35+00:00","description":"Buy a Volkswagen Sharan II Mileage Blocker for the Best Prices \u2713 Free Shipping \u2713 Incl. Installation Guides","breadcrumb":{"@id":"https:\/\/kmblock.com\/de\/product\/volkswagen-sharan-ii\/#breadcrumb"},"inLanguage":"de","potentialAction":[{"@type":"ReadAction","target":["https:\/\/kmblock.com\/de\/product\/volkswagen-sharan-ii\/"]}]},{"@type":"ImageObject","inLanguage":"de","@id":"https:\/\/kmblock.com\/de\/product\/volkswagen-sharan-ii\/#primaryimage","url":"https:\/\/kmblock.com\/wp-content\/uploads\/2024\/09\/Volkswagen-Sharan-II.jpg","contentUrl":"https:\/\/kmblock.com\/wp-content\/uploads\/2024\/09\/Volkswagen-Sharan-II.jpg","width":800,"height":800,"caption":"Volkswagen Sharan II"},{"@type":"BreadcrumbList","@id":"https:\/\/kmblock.com\/de\/product\/volkswagen-sharan-ii\/#breadcrumb","itemListElement":[{"@type":"ListItem","position":1,"name":"Startseite","item":"https:\/\/kmblock.com\/de\/"},{"@type":"ListItem","position":2,"name":"Produkte","item":"https:\/\/kmblock.com\/de\/shop\/"},{"@type":"ListItem","position":3,"name":"Volkswagen Sharan II"}]},{"@type":"WebSite","@id":"https:\/\/kmblock.com\/de\/#website","url":"https:\/\/kmblock.com\/de\/","name":"KM Block","description":"","publisher":{"@id":"https:\/\/kmblock.com\/de\/#organization"},"potentialAction":[{"@type":"SearchAction","target":{"@type":"EntryPoint","urlTemplate":"https:\/\/kmblock.com\/de\/?s={search_term_string}"},"query-input":{"@type":"PropertyValueSpecification","valueRequired":true,"valueName":"search_term_string"}}],"inLanguage":"de"},{"@type":"Organization","@id":"https:\/\/kmblock.com\/de\/#organization","name":"KM-Block","url":"https:\/\/kmblock.com\/de\/","logo":{"@type":"ImageObject","inLanguage":"de","@id":"https:\/\/kmblock.com\/de\/#\/schema\/logo\/image\/","url":"https:\/\/kmblock.com\/wp-content\/uploads\/2024\/08\/main-logo.png","contentUrl":"https:\/\/kmblock.com\/wp-content\/uploads\/2024\/08\/main-logo.png","width":186,"height":28,"caption":"KM-Block"},"image":{"@id":"https:\/\/kmblock.com\/de\/#\/schema\/logo\/image\/"}}]}},"_links":{"self":[{"href":"https:\/\/kmblock.com\/de\/wp-json\/wp\/v2\/product\/7461","targetHints":{"allow":["GET"]}}],"collection":[{"href":"https:\/\/kmblock.com\/de\/wp-json\/wp\/v2\/product"}],"about":[{"href":"https:\/\/kmblock.com\/de\/wp-json\/wp\/v2\/types\/product"}],"replies":[{"embeddable":true,"href":"https:\/\/kmblock.com\/de\/wp-json\/wp\/v2\/comments?post=7461"}],"wp:featuredmedia":[{"embeddable":true,"href":"https:\/\/kmblock.com\/de\/wp-json\/wp\/v2\/media\/944"}],"wp:attachment":[{"href":"https:\/\/kmblock.com\/de\/wp-json\/wp\/v2\/media?parent=7461"}],"wp:term":[{"taxonomy":"product_brand","embeddable":true,"href":"https:\/\/kmblock.com\/de\/wp-json\/wp\/v2\/product_brand?post=7461"},{"taxonomy":"product_cat","embeddable":true,"href":"https:\/\/kmblock.com\/de\/wp-json\/wp\/v2\/product_cat?post=7461"},{"taxonomy":"product_tag","embeddable":true,"href":"https:\/\/kmblock.com\/de\/wp-json\/wp\/v2\/product_tag?post=7461"}],"curies":[{"name":"wp","href":"https:\/\/api.w.org\/{rel}","templated":true}]}}