{"id":7425,"date":"2024-09-24T23:31:32","date_gmt":"2024-09-24T23:31:32","guid":{"rendered":"https:\/\/kmblock.com\/product\/volkswagen-passat-b8\/"},"modified":"2024-09-24T23:31:32","modified_gmt":"2024-09-24T23:31:32","slug":"volkswagen-passat-b8","status":"publish","type":"product","link":"https:\/\/kmblock.com\/de\/product\/volkswagen-passat-b8\/","title":{"rendered":"Volkswagen Passat B8"},"content":{"rendered":"<div class=\"flex max-w-full flex-col flex-grow\">\n<div class=\"min-h-[20px] text-message flex w-full flex-col items-end gap-2 whitespace-normal break-words [.text-message+&amp;]:mt-5\" dir=\"auto\" data-message-author-role=\"assistant\" data-message-id=\"d6917fa6-327f-426b-8c95-0356a88e4710\">\n<div class=\"flex w-full flex-col gap-1 empty:hidden first:pt-[3px]\">\n<div class=\"markdown prose w-full break-words dark:prose-invert dark\">\n<h3>Laufleistungssperre f\u00fcr Volkswagen Passat B8<\/h3>\n<p>Der Volkswagen Passat B8 Mileage Blocker, auch bekannt als Kilometerz\u00e4hler-Blocker, Kilometer-Stopper, Dosen-Blocker, Kilometer-Stopper, Tageskilometerz\u00e4hler, Dosen-Filter oder Kilometer-Korrektur-Tool, ist f\u00fcr alle Volkswagen Passat B8 Modelle, die seit 2014 auf den Markt gekommen sind, geeignet.<\/p>\n<h4>Spezifikationen<\/h4>\n<ul>\n<li><strong>DIY-Installation:<\/strong> Einfach und benutzerfreundlich.<\/li>\n<li><strong>Keine Fehlermeldungen:<\/strong> Keine Warnungen auf dem Tachometer oder dem Navigationspanel.<\/li>\n<li><strong>Mehrere Modi:<\/strong> Bietet verschiedene Modi f\u00fcr verschiedene Stufen der Kilometeraufzeichnung.<\/li>\n<li><strong>Hochwertige Komponenten:<\/strong> Mit hochwertigen Steckern und hitzebest\u00e4ndigen Kabeln.<\/li>\n<li><strong>Keine L\u00f6tarbeiten erforderlich:<\/strong> Bei der Installation m\u00fcssen Sie keine Kabel abschneiden oder l\u00f6ten.<\/li>\n<li><strong>Einfach zu bedienen:<\/strong> Die Bedienung erfolgt \u00fcber Tastenkombinationen zum Umschalten des Modus.<\/li>\n<li><strong>Gespeicherte Einstellungen:<\/strong> Einmal konfiguriert, bleiben die Einstellungen auch nach dem Ausschalten des Fahrzeugs gespeichert.<\/li>\n<li><strong>Kontrolle des Kilometerstandes:<\/strong> Der Kilometerstand erh\u00f6ht sich nicht unerwartet, nachdem das Modul entfernt wurde.<\/li>\n<li><strong>Diagnostische Tarnung:<\/strong> Diagnosetools k\u00f6nnen keine \u00c4nderungen des Kilometerstandes erkennen.<\/li>\n<li><strong>Tadelloser Betrieb:<\/strong> Tachometer und Assistenzsysteme funktionieren weiterhin einwandfrei.<\/li>\n<li><strong>Reibungslose Installation:<\/strong> Das Design des Steckverbinders mit Gegenst\u00fcck und Rippen sorgt f\u00fcr eine nahtlose Installation.<\/li>\n<li><strong>Hinweis zur Motorkontrolleuchte:<\/strong> Bei Fahrzeugen ab Ende 2020 kann die Aktivierung des Ger\u00e4ts die Motorkontrollleuchte ausl\u00f6sen.<\/li>\n<li><strong>Abweichung beim Kilometerstand:<\/strong> Eine Abweichung von bis zu 1% kann auftreten, wenn der Kilometerstand vollst\u00e4ndig ge\u00e4ndert wird; dies ist ein N\u00e4herungswert.<\/li>\n<\/ul>\n<h4>Aktivierung &amp; Deaktivierung<\/h4>\n<p><span data-sheets-root=\"1\">&#8222;Dr\u00fccken Sie mit der &#8218;ok&#8216;-Bedienung am Lenkrad und halten Sie sie gedr\u00fcckt, bis der Blinker blinkt.<\/span><\/p>\n<p><strong>Modus 1:<\/strong> 1 Blinken links 18 Prozent (alles funktioniert, Geschwindigkeitsregelung usw.)<\/p>\n<p><strong>Modus 2<\/strong>: 2 Blinksignale links 0 Prozent (keine Geschwindigkeit, keine Tankanzeige)<\/p>\n<p><strong>Modus 3<\/strong>: 1 Blinken rechts 100 Prozent (Original)&#8220;<\/p>\n<p>Der Volkswagen Passat B8 Kilometerstopper speichert die zuletzt vorgenommenen Einstellungen, so dass Sie diese vor dem n\u00e4chsten Start nicht erneut vornehmen m\u00fcssen.<\/p>\n<h3>Was ist der Volkswagen Passat B8 Kilometerz\u00e4hler-Blocker oder Kilometerstandskorrektur-Tool?<\/h3>\n<p>Der Volkswagen Passat B8 Mileage Blocker, auch Odometer Blocker genannt, wird verwendet, um zu verhindern, dass bei Fahrzeugtests zus\u00e4tzliche Kilometer aufgezeichnet werden. Dieses von KM Block erh\u00e4ltliche Ger\u00e4t besteht aus hochwertigen Komponenten und ist sowohl mit Meilen als auch mit Kilometern kompatibel. Jedes Modul wird speziell f\u00fcr jede Marke und jedes Modell programmiert, um eine einwandfreie Funktion zu gew\u00e4hrleisten. Es funktioniert effizient mit Diesel-, Benzin-, Plug-in-Hybrid-Elektrofahrzeugen (PHEVs) und Elektroautos.   <\/p>\n<p>Bitte beachten Sie, dass wir keine Tools zur Kilometerkorrektur f\u00fcr den Volkswagen Passat B8 verkaufen. Solche Tools werden zu betr\u00fcgerischen Zwecken verwendet, in der Regel, um den Kilometerstand zur\u00fcckzudrehen, was sowohl unethisch als auch unzuverl\u00e4ssig ist, da moderne Autos mehrere Datenspeichersysteme haben. Rollback-Tools schaffen es oft nicht, den Kilometerstand in allen Systemen vollst\u00e4ndig r\u00fcckg\u00e4ngig zu machen.  <\/p>\n<p>Wir bieten eine gro\u00dfe Auswahl an Mileage Stopper f\u00fcr verschiedene Fahrzeuge. Die Installation ist einfach und erfordert keine tiefgreifenden Kenntnisse der Fahrzeugwartung. Schlie\u00dfen Sie das Modul einfach zwischen dem Tachometeranschluss und dem Kombiinstrument an, um dieses leistungsstarke Werkzeug zu nutzen.  <\/p>\n<p>Der Volkswagen Passat B8 Mileage Blocker ist ein au\u00dfergew\u00f6hnliches Ger\u00e4t, mit dem Sie die Leistung Ihres Fahrzeugs unter kontrollierten Bedingungen beurteilen k\u00f6nnen.<\/p>\n<\/div>\n<\/div>\n<\/div>\n<\/div>\n","protected":false},"excerpt":{"rendered":"<div class=\"flex-shrink-0 flex flex-col relative items-end\">\n<div class=\"pt-0\">\n<div class=\"gizmo-bot-avatar flex h-8 w-8 items-center justify-center overflow-hidden rounded-full\">\n<div class=\"relative p-1 rounded-sm flex items-center justify-center bg-token-main-surface-primary text-token-text-primary h-8 w-8\">\n<p>Bevor Sie bestellen, lesen Sie bitte sorgf\u00e4ltig den Aktivierungsprozess des Moduls und wichtige Hinweise zu m\u00f6glichen Fehlermeldungen und<\/p>\n<div class=\"flex-shrink-0 flex flex-col relative items-end\">\n<div class=\"pt-0\">\n<div class=\"gizmo-bot-avatar flex h-8 w-8 items-center justify-center overflow-hidden rounded-full\">\n<div class=\"relative p-1 rounded-sm flex items-center justify-center bg-token-main-surface-primary text-token-text-primary h-8 w-8\">\n<p><strong>F\u00fcr Modelle, die seit 2014 ver\u00f6ffentlicht wurden.  <\/strong>DIY-Installation. Unverfolgbare Leistung.  Qualitativ hochwertige Stecker und hitzebest\u00e4ndige Kabel. Tachometer und Assistenzsysteme funktionieren einwandfrei.<\/p>\n<p class=\"p1\"><b> \u2705 Nahtlose Integration<\/b><b><\/b><\/p>\n<p class=\"p1\">\u2705<b> Einfache Installation<\/b><b><\/b><\/p>\n<p class=\"p1\">\u2705<b> Genaue Verwaltung des Kilometerstandes<\/b><b><\/b><\/p>\n<p class=\"p1\"><b> \u2705 Betrieb im Tarnkappenmodus<\/b><b><\/b><\/p>\n<p class=\"p1\"><span class=\"s1\">\u2705<\/span><b> Lebenslanger Support und Updates<\/b><\/p>\n<\/div>\n<\/div>\n<\/div>\n<\/div>\n<\/div>\n<\/div>\n<\/div>\n<\/div>\n","protected":false},"featured_media":938,"comment_status":"open","ping_status":"closed","template":"","meta":[],"product_brand":[],"product_cat":[634],"product_tag":[],"class_list":{"0":"post-7425","1":"product","2":"type-product","3":"status-publish","4":"has-post-thumbnail","6":"product_cat-volkswagen","8":"first","9":"instock","10":"taxable","11":"shipping-taxable","12":"purchasable","13":"product-type-variable"},"yoast_head":"<!-- This site is optimized with the Yoast SEO plugin v27.5 - https:\/\/yoast.com\/product\/yoast-seo-wordpress\/ -->\n<title>Volkswagen Passat B8 Mileage Blocker (KM stopper) \u2192 KM Block<\/title>\n<meta name=\"description\" content=\"Buy a Volkswagen Passat B8 Mileage Blocker for the Best Prices \u2713 Free Shipping \u2713 Incl. Installation Guides\" \/>\n<meta name=\"robots\" content=\"index, follow, max-snippet:-1, max-image-preview:large, max-video-preview:-1\" \/>\n<meta property=\"og:locale\" content=\"de_DE\" \/>\n<meta property=\"og:type\" content=\"article\" \/>\n<meta property=\"og:title\" content=\"Volkswagen Passat B8 Mileage Blocker (KM stopper) \u2192 KM Block\" \/>\n<meta property=\"og:description\" content=\"Buy a Volkswagen Passat B8 Mileage Blocker for the Best Prices \u2713 Free Shipping \u2713 Incl. Installation Guides\" \/>\n<meta property=\"og:url\" content=\"https:\/\/kmblock.com\/de\/product\/volkswagen-passat-b8\/\" \/>\n<meta property=\"og:site_name\" content=\"KM Block\" \/>\n<meta property=\"og:image\" content=\"https:\/\/kmblock.com\/wp-content\/uploads\/2024\/09\/Volkswagen-Passat-B8.jpg\" \/>\n\t<meta property=\"og:image:width\" content=\"800\" \/>\n\t<meta property=\"og:image:height\" content=\"800\" \/>\n\t<meta property=\"og:image:type\" content=\"image\/jpeg\" \/>\n<meta name=\"twitter:card\" content=\"summary_large_image\" \/>\n<meta name=\"twitter:label1\" content=\"Gesch\u00e4tzte Lesezeit\" \/>\n\t<meta name=\"twitter:data1\" content=\"2\u00a0Minuten\" \/>\n<script type=\"application\/ld+json\" class=\"yoast-schema-graph\">{\"@context\":\"https:\\\/\\\/schema.org\",\"@graph\":[{\"@type\":\"WebPage\",\"@id\":\"https:\\\/\\\/kmblock.com\\\/de\\\/product\\\/volkswagen-passat-b8\\\/\",\"url\":\"https:\\\/\\\/kmblock.com\\\/de\\\/product\\\/volkswagen-passat-b8\\\/\",\"name\":\"Volkswagen Passat B8 Mileage Blocker (KM stopper) \u2192 KM Block\",\"isPartOf\":{\"@id\":\"https:\\\/\\\/kmblock.com\\\/de\\\/#website\"},\"primaryImageOfPage\":{\"@id\":\"https:\\\/\\\/kmblock.com\\\/de\\\/product\\\/volkswagen-passat-b8\\\/#primaryimage\"},\"image\":{\"@id\":\"https:\\\/\\\/kmblock.com\\\/de\\\/product\\\/volkswagen-passat-b8\\\/#primaryimage\"},\"thumbnailUrl\":\"https:\\\/\\\/kmblock.com\\\/wp-content\\\/uploads\\\/2024\\\/09\\\/Volkswagen-Passat-B8.jpg\",\"datePublished\":\"2024-09-24T23:31:32+00:00\",\"description\":\"Buy a Volkswagen Passat B8 Mileage Blocker for the Best Prices \u2713 Free Shipping \u2713 Incl. Installation Guides\",\"breadcrumb\":{\"@id\":\"https:\\\/\\\/kmblock.com\\\/de\\\/product\\\/volkswagen-passat-b8\\\/#breadcrumb\"},\"inLanguage\":\"de\",\"potentialAction\":[{\"@type\":\"ReadAction\",\"target\":[\"https:\\\/\\\/kmblock.com\\\/de\\\/product\\\/volkswagen-passat-b8\\\/\"]}]},{\"@type\":\"ImageObject\",\"inLanguage\":\"de\",\"@id\":\"https:\\\/\\\/kmblock.com\\\/de\\\/product\\\/volkswagen-passat-b8\\\/#primaryimage\",\"url\":\"https:\\\/\\\/kmblock.com\\\/wp-content\\\/uploads\\\/2024\\\/09\\\/Volkswagen-Passat-B8.jpg\",\"contentUrl\":\"https:\\\/\\\/kmblock.com\\\/wp-content\\\/uploads\\\/2024\\\/09\\\/Volkswagen-Passat-B8.jpg\",\"width\":800,\"height\":800,\"caption\":\"Volkswagen Passat B8\"},{\"@type\":\"BreadcrumbList\",\"@id\":\"https:\\\/\\\/kmblock.com\\\/de\\\/product\\\/volkswagen-passat-b8\\\/#breadcrumb\",\"itemListElement\":[{\"@type\":\"ListItem\",\"position\":1,\"name\":\"Startseite\",\"item\":\"https:\\\/\\\/kmblock.com\\\/de\\\/\"},{\"@type\":\"ListItem\",\"position\":2,\"name\":\"Produkte\",\"item\":\"https:\\\/\\\/kmblock.com\\\/de\\\/shop\\\/\"},{\"@type\":\"ListItem\",\"position\":3,\"name\":\"Volkswagen Passat B8\"}]},{\"@type\":\"WebSite\",\"@id\":\"https:\\\/\\\/kmblock.com\\\/de\\\/#website\",\"url\":\"https:\\\/\\\/kmblock.com\\\/de\\\/\",\"name\":\"KM Block\",\"description\":\"\",\"publisher\":{\"@id\":\"https:\\\/\\\/kmblock.com\\\/de\\\/#organization\"},\"potentialAction\":[{\"@type\":\"SearchAction\",\"target\":{\"@type\":\"EntryPoint\",\"urlTemplate\":\"https:\\\/\\\/kmblock.com\\\/de\\\/?s={search_term_string}\"},\"query-input\":{\"@type\":\"PropertyValueSpecification\",\"valueRequired\":true,\"valueName\":\"search_term_string\"}}],\"inLanguage\":\"de\"},{\"@type\":\"Organization\",\"@id\":\"https:\\\/\\\/kmblock.com\\\/de\\\/#organization\",\"name\":\"KM-Block\",\"url\":\"https:\\\/\\\/kmblock.com\\\/de\\\/\",\"logo\":{\"@type\":\"ImageObject\",\"inLanguage\":\"de\",\"@id\":\"https:\\\/\\\/kmblock.com\\\/de\\\/#\\\/schema\\\/logo\\\/image\\\/\",\"url\":\"https:\\\/\\\/kmblock.com\\\/wp-content\\\/uploads\\\/2024\\\/08\\\/main-logo.png\",\"contentUrl\":\"https:\\\/\\\/kmblock.com\\\/wp-content\\\/uploads\\\/2024\\\/08\\\/main-logo.png\",\"width\":186,\"height\":28,\"caption\":\"KM-Block\"},\"image\":{\"@id\":\"https:\\\/\\\/kmblock.com\\\/de\\\/#\\\/schema\\\/logo\\\/image\\\/\"}}]}<\/script>\n<!-- \/ Yoast SEO plugin. -->","yoast_head_json":{"title":"Volkswagen Passat B8 Mileage Blocker (KM stopper) \u2192 KM Block","description":"Buy a Volkswagen Passat B8 Mileage Blocker for the Best Prices \u2713 Free Shipping \u2713 Incl. Installation Guides","robots":{"index":"index","follow":"follow","max-snippet":"max-snippet:-1","max-image-preview":"max-image-preview:large","max-video-preview":"max-video-preview:-1"},"og_locale":"de_DE","og_type":"article","og_title":"Volkswagen Passat B8 Mileage Blocker (KM stopper) \u2192 KM Block","og_description":"Buy a Volkswagen Passat B8 Mileage Blocker for the Best Prices \u2713 Free Shipping \u2713 Incl. Installation Guides","og_url":"https:\/\/kmblock.com\/de\/product\/volkswagen-passat-b8\/","og_site_name":"KM Block","og_image":[{"width":800,"height":800,"url":"https:\/\/kmblock.com\/wp-content\/uploads\/2024\/09\/Volkswagen-Passat-B8.jpg","type":"image\/jpeg"}],"twitter_card":"summary_large_image","twitter_misc":{"Gesch\u00e4tzte Lesezeit":"2\u00a0Minuten"},"schema":{"@context":"https:\/\/schema.org","@graph":[{"@type":"WebPage","@id":"https:\/\/kmblock.com\/de\/product\/volkswagen-passat-b8\/","url":"https:\/\/kmblock.com\/de\/product\/volkswagen-passat-b8\/","name":"Volkswagen Passat B8 Mileage Blocker (KM stopper) \u2192 KM Block","isPartOf":{"@id":"https:\/\/kmblock.com\/de\/#website"},"primaryImageOfPage":{"@id":"https:\/\/kmblock.com\/de\/product\/volkswagen-passat-b8\/#primaryimage"},"image":{"@id":"https:\/\/kmblock.com\/de\/product\/volkswagen-passat-b8\/#primaryimage"},"thumbnailUrl":"https:\/\/kmblock.com\/wp-content\/uploads\/2024\/09\/Volkswagen-Passat-B8.jpg","datePublished":"2024-09-24T23:31:32+00:00","description":"Buy a Volkswagen Passat B8 Mileage Blocker for the Best Prices \u2713 Free Shipping \u2713 Incl. Installation Guides","breadcrumb":{"@id":"https:\/\/kmblock.com\/de\/product\/volkswagen-passat-b8\/#breadcrumb"},"inLanguage":"de","potentialAction":[{"@type":"ReadAction","target":["https:\/\/kmblock.com\/de\/product\/volkswagen-passat-b8\/"]}]},{"@type":"ImageObject","inLanguage":"de","@id":"https:\/\/kmblock.com\/de\/product\/volkswagen-passat-b8\/#primaryimage","url":"https:\/\/kmblock.com\/wp-content\/uploads\/2024\/09\/Volkswagen-Passat-B8.jpg","contentUrl":"https:\/\/kmblock.com\/wp-content\/uploads\/2024\/09\/Volkswagen-Passat-B8.jpg","width":800,"height":800,"caption":"Volkswagen Passat B8"},{"@type":"BreadcrumbList","@id":"https:\/\/kmblock.com\/de\/product\/volkswagen-passat-b8\/#breadcrumb","itemListElement":[{"@type":"ListItem","position":1,"name":"Startseite","item":"https:\/\/kmblock.com\/de\/"},{"@type":"ListItem","position":2,"name":"Produkte","item":"https:\/\/kmblock.com\/de\/shop\/"},{"@type":"ListItem","position":3,"name":"Volkswagen Passat B8"}]},{"@type":"WebSite","@id":"https:\/\/kmblock.com\/de\/#website","url":"https:\/\/kmblock.com\/de\/","name":"KM Block","description":"","publisher":{"@id":"https:\/\/kmblock.com\/de\/#organization"},"potentialAction":[{"@type":"SearchAction","target":{"@type":"EntryPoint","urlTemplate":"https:\/\/kmblock.com\/de\/?s={search_term_string}"},"query-input":{"@type":"PropertyValueSpecification","valueRequired":true,"valueName":"search_term_string"}}],"inLanguage":"de"},{"@type":"Organization","@id":"https:\/\/kmblock.com\/de\/#organization","name":"KM-Block","url":"https:\/\/kmblock.com\/de\/","logo":{"@type":"ImageObject","inLanguage":"de","@id":"https:\/\/kmblock.com\/de\/#\/schema\/logo\/image\/","url":"https:\/\/kmblock.com\/wp-content\/uploads\/2024\/08\/main-logo.png","contentUrl":"https:\/\/kmblock.com\/wp-content\/uploads\/2024\/08\/main-logo.png","width":186,"height":28,"caption":"KM-Block"},"image":{"@id":"https:\/\/kmblock.com\/de\/#\/schema\/logo\/image\/"}}]}},"_links":{"self":[{"href":"https:\/\/kmblock.com\/de\/wp-json\/wp\/v2\/product\/7425","targetHints":{"allow":["GET"]}}],"collection":[{"href":"https:\/\/kmblock.com\/de\/wp-json\/wp\/v2\/product"}],"about":[{"href":"https:\/\/kmblock.com\/de\/wp-json\/wp\/v2\/types\/product"}],"replies":[{"embeddable":true,"href":"https:\/\/kmblock.com\/de\/wp-json\/wp\/v2\/comments?post=7425"}],"wp:featuredmedia":[{"embeddable":true,"href":"https:\/\/kmblock.com\/de\/wp-json\/wp\/v2\/media\/938"}],"wp:attachment":[{"href":"https:\/\/kmblock.com\/de\/wp-json\/wp\/v2\/media?parent=7425"}],"wp:term":[{"taxonomy":"product_brand","embeddable":true,"href":"https:\/\/kmblock.com\/de\/wp-json\/wp\/v2\/product_brand?post=7425"},{"taxonomy":"product_cat","embeddable":true,"href":"https:\/\/kmblock.com\/de\/wp-json\/wp\/v2\/product_cat?post=7425"},{"taxonomy":"product_tag","embeddable":true,"href":"https:\/\/kmblock.com\/de\/wp-json\/wp\/v2\/product_tag?post=7425"}],"curies":[{"name":"wp","href":"https:\/\/api.w.org\/{rel}","templated":true}]}}