{"id":7411,"date":"2024-09-24T22:20:08","date_gmt":"2024-09-24T22:20:08","guid":{"rendered":"https:\/\/kmblock.com\/product\/volkswagen-jetta-vii\/"},"modified":"2024-09-24T22:20:08","modified_gmt":"2024-09-24T22:20:08","slug":"volkswagen-jetta-vii","status":"publish","type":"product","link":"https:\/\/kmblock.com\/de\/product\/volkswagen-jetta-vii\/","title":{"rendered":"Volkswagen Jetta VII"},"content":{"rendered":"<div class=\"flex max-w-full flex-col flex-grow\">\n<div class=\"min-h-[20px] text-message flex w-full flex-col items-end gap-2 whitespace-normal break-words [.text-message+&amp;]:mt-5\" dir=\"auto\" data-message-author-role=\"assistant\" data-message-id=\"d6917fa6-327f-426b-8c95-0356a88e4710\">\n<div class=\"flex w-full flex-col gap-1 empty:hidden first:pt-[3px]\">\n<div class=\"markdown prose w-full break-words dark:prose-invert dark\">\n<h3>Laufleistungssperre f\u00fcr Volkswagen Jetta VII<\/h3>\n<p>Der Volkswagen Jetta VII Mileage Blocker, der auch als Kilometerz\u00e4hler-Blocker, Kilometerstopper, Dosenblocker, Kilometerstopper, Tageskilometerz\u00e4hler, Dosenfilter oder Werkzeug zur Korrektur des Kilometerstandes bezeichnet wird, ist f\u00fcr alle Volkswagen Jetta VII Modelle gedacht, die seit 2018 auf den Markt gekommen sind.<\/p>\n<h3>Spezifikationen<\/h3>\n<ul>\n<li><strong>DIY-Installation:<\/strong> Einfach selbst zu installieren.<\/li>\n<li><strong>Mehrere Modi:<\/strong> Bietet mehrere Betriebsmodi.<\/li>\n<li><strong>Kilometerstandskontrolle:<\/strong> Nach dem Ausbau des Moduls erh\u00f6ht sich der Kilometerstand nicht unerwartet.<\/li>\n<li><strong>Benutzerfreundlich:<\/strong> Die Bedienung erfolgt \u00fcber einfache Tastenkombinationen.<\/li>\n<li><strong>Reibungslose Installation:<\/strong> Der Stecker verf\u00fcgt \u00fcber eine Verbindungsfl\u00e4che und Rillen f\u00fcr eine nahtlose Installation.<\/li>\n<li><strong>Hochwertige Komponenten:<\/strong> Lieferung mit hochwertigen Steckern und hitzebest\u00e4ndigen Kabeln.<\/li>\n<li><strong>Vollst\u00e4ndig funktionsf\u00e4hig:<\/strong> Tachometer und Assistenzsysteme funktionieren ohne Probleme.<\/li>\n<li><strong>Gespeicherte Einstellungen:<\/strong> Einmal vorgenommene Einstellungen werden dauerhaft beibehalten.<\/li>\n<li><strong>Keine Spuren hinterlassen:<\/strong> Kein L\u00f6ten oder Schneiden von Kabeln erforderlich; \u00c4nderungen sind unauff\u00e4llig.<\/li>\n<li><strong>Diagnostische Tarnung:<\/strong> Tester k\u00f6nnen keine \u00c4nderungen des Kilometerstandes feststellen.<\/li>\n<li><strong>Keine Fehlermeldungen:<\/strong> Tachometer und Navigationspanel bleiben frei von Fehlermeldungen.<\/li>\n<li><strong>Hinweis f\u00fcr 2020 Modelle:<\/strong> Es gelten besondere Bedingungen (siehe Produktbeschreibung).<\/li>\n<li><strong>Abweichung vom Kilometerstand:<\/strong> Im Modus Gesamtkilometerstand ist eine Abweichung von maximal 1 % zul\u00e4ssig, wobei f\u00fcr die gestoppten Kilometer N\u00e4herungswerte gelten.<\/li>\n<\/ul>\n<h3>Aktivierung &amp; Deaktivierung<\/h3>\n<p><span data-sheets-root=\"1\">&#8222;Dr\u00fccken Sie mit der &#8218;ok&#8216;-Bedienung am Lenkrad und halten Sie sie gedr\u00fcckt, bis der Blinker blinkt.<\/span><\/p>\n<p><strong>Modus 1:<\/strong> 1 Blinken links 18 Prozent (alles funktioniert, Geschwindigkeitsregelung usw.)<\/p>\n<p><strong>Modus 2<\/strong>: 2 Blinksignale links 0 Prozent (keine Geschwindigkeit, keine Tankanzeige)<\/p>\n<p><strong>Modus 3<\/strong>: 1 Blinken rechts 100 Prozent (Original)&#8220;<\/p>\n<p>Der Volkswagen Jetta VII Kilometerstopper speichert die zuletzt verwendeten Einstellungen, so dass beim n\u00e4chsten Start keine Anpassungen mehr erforderlich sind.<\/p>\n<h3>Was ist der Volkswagen Jetta VII Kilometerz\u00e4hler-Blocker oder Kilometerstandskorrektur-Tool?<\/h3>\n<p>Der Volkswagen Jetta VII Mileage Blocker\/Odometer Blocker stoppt die Z\u00e4hlung von zus\u00e4tzlichen Kilometern bei der Bewertung der Fahrzeugleistung. Dieses bei KM Block erh\u00e4ltliche Ger\u00e4t besteht aus Originalbauteilen und arbeitet effektiv mit digitalen Kilometerz\u00e4hlern, die entweder in Meilen oder Kilometern messen. Unsere Programmierer entwickeln eine spezielle Software f\u00fcr jeden Hersteller und jedes Modell, um eine einwandfreie Leistung zu gew\u00e4hrleisten. Dieser Mileage Blocker ist mit Diesel- und Benzinmotoren, Plug-in-Hybrid-Elektrofahrzeugen (PHEVs) und Elektroautos kompatibel.   <\/p>\n<p>Wir bieten eine Vielzahl von Mileage Stopper-Ger\u00e4ten an, die f\u00fcr verschiedene Fahrzeuge geeignet sind. Die Installation ist ganz einfach: Stecken Sie das Modul einfach zwischen den Tachoanschluss und das Kombiinstrument. Es sind keine Vorkenntnisse oder Wartungskenntnisse erforderlich.  <\/p>\n<p>Bitte beachten Sie, dass wir keine Tools zur Kilometerkorrektur f\u00fcr den Volkswagen Jetta VII verkaufen, da diese f\u00fcr betr\u00fcgerische Zwecke gedacht sind, in erster Linie um den Kilometerstand vom Kilometerz\u00e4hler zu l\u00f6schen. Moderne Fahrzeuge verf\u00fcgen \u00fcber mehrere Datenspeicher, so dass solche Rollback-Tools weitgehend unwirksam sind. <\/p>\n<p>Der Volkswagen Jetta VII Mileage Blocker ist ein bemerkenswertes Ger\u00e4t, mit dem Sie die Leistung Ihres Fahrzeugs in einer kontrollierten Umgebung testen k\u00f6nnen.<\/p>\n<\/div>\n<\/div>\n<\/div>\n<\/div>\n","protected":false},"excerpt":{"rendered":"<div class=\"flex-shrink-0 flex flex-col relative items-end\">\n<div class=\"pt-0\">\n<div class=\"gizmo-bot-avatar flex h-8 w-8 items-center justify-center overflow-hidden rounded-full\">\n<div class=\"relative p-1 rounded-sm flex items-center justify-center bg-token-main-surface-primary text-token-text-primary h-8 w-8\">\n<p>Bevor Sie bestellen, lesen Sie bitte sorgf\u00e4ltig den Aktivierungsprozess des Moduls und wichtige Hinweise zu m\u00f6glichen Fehlermeldungen und<\/p>\n<div class=\"flex-shrink-0 flex flex-col relative items-end\">\n<div class=\"pt-0\">\n<div class=\"gizmo-bot-avatar flex h-8 w-8 items-center justify-center overflow-hidden rounded-full\">\n<div class=\"relative p-1 rounded-sm flex items-center justify-center bg-token-main-surface-primary text-token-text-primary h-8 w-8\">\n<p><strong>F\u00fcr Modelle, die seit 2018 ver\u00f6ffentlicht wurden: <\/strong>Einfache DIY-Installation. Unverfolgbare Leistung. Mit erstklassigen Steckern und hitzebest\u00e4ndigen Kabeln. Tachometer und Assistenzsysteme funktionieren einwandfrei   <\/p>\n<p class=\"p1\"><b> \u2705 Nahtlose Integration<\/b><b><\/b><\/p>\n<p class=\"p1\">\u2705<b> Einfache Installation<\/b><b><\/b><\/p>\n<p class=\"p1\">\u2705<b> Genaue Verwaltung des Kilometerstandes<\/b><b><\/b><\/p>\n<p class=\"p1\"><b> \u2705 Betrieb im Tarnkappenmodus<\/b><b><\/b><\/p>\n<p class=\"p1\"><span class=\"s1\">\u2705<\/span><b> Lebenslanger Support und Updates<\/b><\/p>\n<\/div>\n<\/div>\n<\/div>\n<\/div>\n<\/div>\n<\/div>\n<\/div>\n<\/div>\n","protected":false},"featured_media":933,"comment_status":"open","ping_status":"closed","template":"","meta":[],"product_brand":[],"product_cat":[634],"product_tag":[],"class_list":{"0":"post-7411","1":"product","2":"type-product","3":"status-publish","4":"has-post-thumbnail","6":"product_cat-volkswagen","8":"first","9":"instock","10":"taxable","11":"shipping-taxable","12":"purchasable","13":"product-type-variable"},"yoast_head":"<!-- This site is optimized with the Yoast SEO plugin v27.5 - https:\/\/yoast.com\/product\/yoast-seo-wordpress\/ -->\n<title>Volkswagen Jetta VII Mileage Blocker (KM stopper) \u2192 KM Block<\/title>\n<meta name=\"description\" content=\"Buy a Volkswagen Jetta VII Mileage Blocker for the Best Prices \u2713 Free Shipping \u2713 Incl. Installation Guides\" \/>\n<meta name=\"robots\" content=\"index, follow, max-snippet:-1, max-image-preview:large, max-video-preview:-1\" \/>\n<meta property=\"og:locale\" content=\"de_DE\" \/>\n<meta property=\"og:type\" content=\"article\" \/>\n<meta property=\"og:title\" content=\"Volkswagen Jetta VII Mileage Blocker (KM stopper) \u2192 KM Block\" \/>\n<meta property=\"og:description\" content=\"Buy a Volkswagen Jetta VII Mileage Blocker for the Best Prices \u2713 Free Shipping \u2713 Incl. Installation Guides\" \/>\n<meta property=\"og:url\" content=\"https:\/\/kmblock.com\/de\/product\/volkswagen-jetta-vii\/\" \/>\n<meta property=\"og:site_name\" content=\"KM Block\" \/>\n<meta property=\"og:image\" content=\"https:\/\/kmblock.com\/wp-content\/uploads\/2024\/09\/Volkswagen-ID.BUZZ_.webp\" \/>\n\t<meta property=\"og:image:width\" content=\"800\" \/>\n\t<meta property=\"og:image:height\" content=\"800\" \/>\n\t<meta property=\"og:image:type\" content=\"image\/webp\" \/>\n<meta name=\"twitter:card\" content=\"summary_large_image\" \/>\n<meta name=\"twitter:label1\" content=\"Gesch\u00e4tzte Lesezeit\" \/>\n\t<meta name=\"twitter:data1\" content=\"2\u00a0Minuten\" \/>\n<script type=\"application\/ld+json\" class=\"yoast-schema-graph\">{\"@context\":\"https:\\\/\\\/schema.org\",\"@graph\":[{\"@type\":\"WebPage\",\"@id\":\"https:\\\/\\\/kmblock.com\\\/de\\\/product\\\/volkswagen-jetta-vii\\\/\",\"url\":\"https:\\\/\\\/kmblock.com\\\/de\\\/product\\\/volkswagen-jetta-vii\\\/\",\"name\":\"Volkswagen Jetta VII Mileage Blocker (KM stopper) \u2192 KM Block\",\"isPartOf\":{\"@id\":\"https:\\\/\\\/kmblock.com\\\/de\\\/#website\"},\"primaryImageOfPage\":{\"@id\":\"https:\\\/\\\/kmblock.com\\\/de\\\/product\\\/volkswagen-jetta-vii\\\/#primaryimage\"},\"image\":{\"@id\":\"https:\\\/\\\/kmblock.com\\\/de\\\/product\\\/volkswagen-jetta-vii\\\/#primaryimage\"},\"thumbnailUrl\":\"https:\\\/\\\/kmblock.com\\\/wp-content\\\/uploads\\\/2024\\\/09\\\/Volkswagen-ID.BUZZ_.webp\",\"datePublished\":\"2024-09-24T22:20:08+00:00\",\"description\":\"Buy a Volkswagen Jetta VII Mileage Blocker for the Best Prices \u2713 Free Shipping \u2713 Incl. Installation Guides\",\"breadcrumb\":{\"@id\":\"https:\\\/\\\/kmblock.com\\\/de\\\/product\\\/volkswagen-jetta-vii\\\/#breadcrumb\"},\"inLanguage\":\"de\",\"potentialAction\":[{\"@type\":\"ReadAction\",\"target\":[\"https:\\\/\\\/kmblock.com\\\/de\\\/product\\\/volkswagen-jetta-vii\\\/\"]}]},{\"@type\":\"ImageObject\",\"inLanguage\":\"de\",\"@id\":\"https:\\\/\\\/kmblock.com\\\/de\\\/product\\\/volkswagen-jetta-vii\\\/#primaryimage\",\"url\":\"https:\\\/\\\/kmblock.com\\\/wp-content\\\/uploads\\\/2024\\\/09\\\/Volkswagen-ID.BUZZ_.webp\",\"contentUrl\":\"https:\\\/\\\/kmblock.com\\\/wp-content\\\/uploads\\\/2024\\\/09\\\/Volkswagen-ID.BUZZ_.webp\",\"width\":800,\"height\":800,\"caption\":\"Volkswagen ID.BUZZ\"},{\"@type\":\"BreadcrumbList\",\"@id\":\"https:\\\/\\\/kmblock.com\\\/de\\\/product\\\/volkswagen-jetta-vii\\\/#breadcrumb\",\"itemListElement\":[{\"@type\":\"ListItem\",\"position\":1,\"name\":\"Startseite\",\"item\":\"https:\\\/\\\/kmblock.com\\\/de\\\/\"},{\"@type\":\"ListItem\",\"position\":2,\"name\":\"Produkte\",\"item\":\"https:\\\/\\\/kmblock.com\\\/de\\\/shop\\\/\"},{\"@type\":\"ListItem\",\"position\":3,\"name\":\"Volkswagen Jetta VII\"}]},{\"@type\":\"WebSite\",\"@id\":\"https:\\\/\\\/kmblock.com\\\/de\\\/#website\",\"url\":\"https:\\\/\\\/kmblock.com\\\/de\\\/\",\"name\":\"KM Block\",\"description\":\"\",\"publisher\":{\"@id\":\"https:\\\/\\\/kmblock.com\\\/de\\\/#organization\"},\"potentialAction\":[{\"@type\":\"SearchAction\",\"target\":{\"@type\":\"EntryPoint\",\"urlTemplate\":\"https:\\\/\\\/kmblock.com\\\/de\\\/?s={search_term_string}\"},\"query-input\":{\"@type\":\"PropertyValueSpecification\",\"valueRequired\":true,\"valueName\":\"search_term_string\"}}],\"inLanguage\":\"de\"},{\"@type\":\"Organization\",\"@id\":\"https:\\\/\\\/kmblock.com\\\/de\\\/#organization\",\"name\":\"KM-Block\",\"url\":\"https:\\\/\\\/kmblock.com\\\/de\\\/\",\"logo\":{\"@type\":\"ImageObject\",\"inLanguage\":\"de\",\"@id\":\"https:\\\/\\\/kmblock.com\\\/de\\\/#\\\/schema\\\/logo\\\/image\\\/\",\"url\":\"https:\\\/\\\/kmblock.com\\\/wp-content\\\/uploads\\\/2024\\\/08\\\/main-logo.png\",\"contentUrl\":\"https:\\\/\\\/kmblock.com\\\/wp-content\\\/uploads\\\/2024\\\/08\\\/main-logo.png\",\"width\":186,\"height\":28,\"caption\":\"KM-Block\"},\"image\":{\"@id\":\"https:\\\/\\\/kmblock.com\\\/de\\\/#\\\/schema\\\/logo\\\/image\\\/\"}}]}<\/script>\n<!-- \/ Yoast SEO plugin. -->","yoast_head_json":{"title":"Volkswagen Jetta VII Mileage Blocker (KM stopper) \u2192 KM Block","description":"Buy a Volkswagen Jetta VII Mileage Blocker for the Best Prices \u2713 Free Shipping \u2713 Incl. Installation Guides","robots":{"index":"index","follow":"follow","max-snippet":"max-snippet:-1","max-image-preview":"max-image-preview:large","max-video-preview":"max-video-preview:-1"},"og_locale":"de_DE","og_type":"article","og_title":"Volkswagen Jetta VII Mileage Blocker (KM stopper) \u2192 KM Block","og_description":"Buy a Volkswagen Jetta VII Mileage Blocker for the Best Prices \u2713 Free Shipping \u2713 Incl. Installation Guides","og_url":"https:\/\/kmblock.com\/de\/product\/volkswagen-jetta-vii\/","og_site_name":"KM Block","og_image":[{"width":800,"height":800,"url":"https:\/\/kmblock.com\/wp-content\/uploads\/2024\/09\/Volkswagen-ID.BUZZ_.webp","type":"image\/webp"}],"twitter_card":"summary_large_image","twitter_misc":{"Gesch\u00e4tzte Lesezeit":"2\u00a0Minuten"},"schema":{"@context":"https:\/\/schema.org","@graph":[{"@type":"WebPage","@id":"https:\/\/kmblock.com\/de\/product\/volkswagen-jetta-vii\/","url":"https:\/\/kmblock.com\/de\/product\/volkswagen-jetta-vii\/","name":"Volkswagen Jetta VII Mileage Blocker (KM stopper) \u2192 KM Block","isPartOf":{"@id":"https:\/\/kmblock.com\/de\/#website"},"primaryImageOfPage":{"@id":"https:\/\/kmblock.com\/de\/product\/volkswagen-jetta-vii\/#primaryimage"},"image":{"@id":"https:\/\/kmblock.com\/de\/product\/volkswagen-jetta-vii\/#primaryimage"},"thumbnailUrl":"https:\/\/kmblock.com\/wp-content\/uploads\/2024\/09\/Volkswagen-ID.BUZZ_.webp","datePublished":"2024-09-24T22:20:08+00:00","description":"Buy a Volkswagen Jetta VII Mileage Blocker for the Best Prices \u2713 Free Shipping \u2713 Incl. Installation Guides","breadcrumb":{"@id":"https:\/\/kmblock.com\/de\/product\/volkswagen-jetta-vii\/#breadcrumb"},"inLanguage":"de","potentialAction":[{"@type":"ReadAction","target":["https:\/\/kmblock.com\/de\/product\/volkswagen-jetta-vii\/"]}]},{"@type":"ImageObject","inLanguage":"de","@id":"https:\/\/kmblock.com\/de\/product\/volkswagen-jetta-vii\/#primaryimage","url":"https:\/\/kmblock.com\/wp-content\/uploads\/2024\/09\/Volkswagen-ID.BUZZ_.webp","contentUrl":"https:\/\/kmblock.com\/wp-content\/uploads\/2024\/09\/Volkswagen-ID.BUZZ_.webp","width":800,"height":800,"caption":"Volkswagen ID.BUZZ"},{"@type":"BreadcrumbList","@id":"https:\/\/kmblock.com\/de\/product\/volkswagen-jetta-vii\/#breadcrumb","itemListElement":[{"@type":"ListItem","position":1,"name":"Startseite","item":"https:\/\/kmblock.com\/de\/"},{"@type":"ListItem","position":2,"name":"Produkte","item":"https:\/\/kmblock.com\/de\/shop\/"},{"@type":"ListItem","position":3,"name":"Volkswagen Jetta VII"}]},{"@type":"WebSite","@id":"https:\/\/kmblock.com\/de\/#website","url":"https:\/\/kmblock.com\/de\/","name":"KM Block","description":"","publisher":{"@id":"https:\/\/kmblock.com\/de\/#organization"},"potentialAction":[{"@type":"SearchAction","target":{"@type":"EntryPoint","urlTemplate":"https:\/\/kmblock.com\/de\/?s={search_term_string}"},"query-input":{"@type":"PropertyValueSpecification","valueRequired":true,"valueName":"search_term_string"}}],"inLanguage":"de"},{"@type":"Organization","@id":"https:\/\/kmblock.com\/de\/#organization","name":"KM-Block","url":"https:\/\/kmblock.com\/de\/","logo":{"@type":"ImageObject","inLanguage":"de","@id":"https:\/\/kmblock.com\/de\/#\/schema\/logo\/image\/","url":"https:\/\/kmblock.com\/wp-content\/uploads\/2024\/08\/main-logo.png","contentUrl":"https:\/\/kmblock.com\/wp-content\/uploads\/2024\/08\/main-logo.png","width":186,"height":28,"caption":"KM-Block"},"image":{"@id":"https:\/\/kmblock.com\/de\/#\/schema\/logo\/image\/"}}]}},"_links":{"self":[{"href":"https:\/\/kmblock.com\/de\/wp-json\/wp\/v2\/product\/7411","targetHints":{"allow":["GET"]}}],"collection":[{"href":"https:\/\/kmblock.com\/de\/wp-json\/wp\/v2\/product"}],"about":[{"href":"https:\/\/kmblock.com\/de\/wp-json\/wp\/v2\/types\/product"}],"replies":[{"embeddable":true,"href":"https:\/\/kmblock.com\/de\/wp-json\/wp\/v2\/comments?post=7411"}],"wp:featuredmedia":[{"embeddable":true,"href":"https:\/\/kmblock.com\/de\/wp-json\/wp\/v2\/media\/933"}],"wp:attachment":[{"href":"https:\/\/kmblock.com\/de\/wp-json\/wp\/v2\/media?parent=7411"}],"wp:term":[{"taxonomy":"product_brand","embeddable":true,"href":"https:\/\/kmblock.com\/de\/wp-json\/wp\/v2\/product_brand?post=7411"},{"taxonomy":"product_cat","embeddable":true,"href":"https:\/\/kmblock.com\/de\/wp-json\/wp\/v2\/product_cat?post=7411"},{"taxonomy":"product_tag","embeddable":true,"href":"https:\/\/kmblock.com\/de\/wp-json\/wp\/v2\/product_tag?post=7411"}],"curies":[{"name":"wp","href":"https:\/\/api.w.org\/{rel}","templated":true}]}}