{"id":7366,"date":"2025-01-01T15:44:03","date_gmt":"2025-01-01T15:44:03","guid":{"rendered":"https:\/\/kmblock.com\/product\/volkswagen-golf-viii\/"},"modified":"2025-01-01T15:44:03","modified_gmt":"2025-01-01T15:44:03","slug":"volkswagen-golf-viii","status":"publish","type":"product","link":"https:\/\/kmblock.com\/de\/product\/volkswagen-golf-viii\/","title":{"rendered":"Volkswagen Golf VIII"},"content":{"rendered":"<h3><strong>KILOMETERSTANDSBLOCKER F\u00dcR VOLKSWAGEN GOLF VIII<\/strong><\/h3>\n<p>Der VOLKSWAGEN GOLF VIII Mileage Blocker, der auch als Odometer Blocker, Odometer Stopper, Can Blocker, Mileage Stopper, Trip Odometer, Can Filter und gelegentlich als Mileage Correction Tool bezeichnet wird, wurde speziell f\u00fcr alle VOLKSWAGEN GOLF VIII Modelle entwickelt, die ab 2020 auf den Markt kommen.<\/p>\n<h3>SPEZIFIKATIONEN<\/h3>\n<ul>\n<li><strong>Do-it-yourself (DIY) Installation<\/strong> f\u00fcr eine einfache Einrichtung<\/li>\n<li>Ausgestattet mit <strong>erstklassigen Steckern<\/strong> und <strong>hitzebest\u00e4ndigen Kabeln<\/strong><\/li>\n<li><strong>R\u00fcckstandsfreies Entfernen<\/strong>: Kein L\u00f6ten oder Schneiden von Kabeln erforderlich<\/li>\n<li><strong>Benutzerfreundliche Bedienung<\/strong> mit mehreren Tastenkombinationen<\/li>\n<li>Bietet <strong>mehrere Betriebsmodi<\/strong> zur Auswahl<\/li>\n<li>Sobald Sie die Einstellungen ausgew\u00e4hlt haben, werden sie <strong>ohne Einschr\u00e4nkungen gespeichert<\/strong>.<\/li>\n<li>Nachdem das Modul entfernt wurde, bleibt der Kilometerstand unver\u00e4ndert.<\/li>\n<li><strong>Diagnosetester<\/strong> k\u00f6nnen keine Ver\u00e4nderungen des Kilometerstandes durch den Volkswagen Golf VIII Mileage Stopper feststellen.<\/li>\n<li><strong>Tachometer und Assistenzsysteme<\/strong> funktionieren einwandfrei ohne Fehlermeldungen<\/li>\n<li>Der <strong>Stecker verf\u00fcgt \u00fcber eine Gegenfl\u00e4che und Rillen<\/strong> f\u00fcr eine reibungslose Installation<\/li>\n<li>Hinweis: Die Aktivierung dieser Vorrichtung kann dazu f\u00fchren, dass bei Fahrzeugen, die ab Ende 2020 hergestellt wurden, die Motorkontrollleuchte aufleuchtet.<\/li>\n<\/ul>\n<h3>AKTIVIERUNG &amp; DEAKTIVIERUNG<\/h3>\n<p><span data-sheets-root=\"1\">&#8222;Dr\u00fccken Sie mit der &#8218;ok&#8216;-Bedienung am Lenkrad und halten Sie sie gedr\u00fcckt, bis der Blinker blinkt.<\/span><\/p>\n<p><strong>Modus 1:<\/strong> 1 Blinken links 18 Prozent (alles funktioniert, Geschwindigkeitsregelung usw.)<\/p>\n<p><strong>Modus 2:<\/strong> 2 Mal Blinken links 0 Prozent (keine Geschwindigkeit, keine Tankanzeige)<\/p>\n<p><strong>Modus 3:<\/strong> 1 Blinken rechts 100 Prozent (Original)&#8220;<\/p>\n<p>Der Volkswagen Golf VIII Kilometerstopper speichert die zuletzt vorgenommenen Einstellungen, so dass Sie vor der n\u00e4chsten Fahrt nicht mehr nachjustieren m\u00fcssen.<\/p>\n<h3>WAS IST DER VOLKSWAGEN GOLF VIII KILOMETERZ\u00c4HLER-BLOCKER ODER DAS KILOMETERSTANDSKORREKTURPROGRAMM?<\/h3>\n<p>Der Volkswagen Golf VIII Mileage Blocker\/Odometer Blocker wurde entwickelt, um die Ansammlung von Kilometern zu stoppen und gleichzeitig die Leistung Ihres Fahrzeugs zu bewerten. Wir von KM Block bieten hochwertige Module mit authentischen Komponenten an, die unabh\u00e4ngig davon, ob Ihr digitaler Kilometerz\u00e4hler den Kilometerstand in Meilen oder Kilometern (km) anzeigt, kompatibel sind. Unsere engagierten Programmierer entwickeln ma\u00dfgeschneiderte Software f\u00fcr jeden Hersteller und jedes Modell und garantieren so einen einwandfreien Betrieb.  <\/p>\n<p><strong>Wichtiger Hinweis<\/strong>: Wir bieten keine Tools zur Kilometerstandskorrektur f\u00fcr den Volkswagen Golf VIII an, da diese f\u00fcr betr\u00fcgerische Zwecke gedacht sind und typischerweise zur Manipulation von Kilometerst\u00e4nden verwendet werden. Diese Tools k\u00f6nnen den Kilometerstand oft nicht vollst\u00e4ndig korrigieren, da die Fahrzeuge mehrere Datenspeicher haben. <\/p>\n<p>Wir bieten eine umfassende Auswahl an Mileage Stopper f\u00fcr verschiedene Modelle. Die Installation ist bei allen Ger\u00e4ten einheitlich und erfordert keine fortgeschrittenen Kenntnisse der Fahrzeugwartung. Schlie\u00dfen Sie das Modul einfach zwischen dem Tachoanschluss und dem Kombiinstrument an, um von den einzigartigen Vorteilen zu profitieren, die es bietet.  <\/p>\n","protected":false},"excerpt":{"rendered":"<div class=\"flex-shrink-0 flex flex-col relative items-end\">\n<div class=\"pt-0\">\n<div class=\"gizmo-bot-avatar flex h-8 w-8 items-center justify-center overflow-hidden rounded-full\">\n<div class=\"relative p-1 rounded-sm flex items-center justify-center bg-token-main-surface-primary text-token-text-primary h-8 w-8\">\n<p>Bevor Sie bestellen, lesen Sie bitte sorgf\u00e4ltig den Prozess der Modulaktivierung und die wichtigen Hinweise zu m\u00f6glichen Fehlermeldungen und zur Systemfunktionalit\u00e4t unten.<\/p>\n<p><strong>F\u00dcR MODELLE, DIE SEIT 2020 VER\u00d6FFENTLICHT WURDEN.  <\/strong>Do-it-yourself-Installation f\u00fcr eine m\u00fchelose Einrichtung. Nicht zur\u00fcckverfolgbare Leistung zur Wahrung der Privatsph\u00e4re. Ausgestattet mit hochwertigen Steckern und hitzebest\u00e4ndigen Kabeln f\u00fcr Langlebigkeit.   Tachometer und Assistenzsysteme funktionieren einwandfrei.<\/p>\n<p><strong>\u2705 Nahtlose Integration<\/strong><\/p>\n<p><strong>\u2705 Einfache Installation<\/strong><\/p>\n<p><strong>\u2705 Genaue Verwaltung des Kilometerstandes<\/strong><\/p>\n<p><strong>\u2705 Betrieb im Tarnkappenmodus<\/strong><\/p>\n<p><strong>\u2705 Lebenslanger Support und Updates<\/strong><\/p>\n<\/div>\n<\/div>\n<\/div>\n<\/div>\n","protected":false},"featured_media":919,"comment_status":"open","ping_status":"closed","template":"","meta":[],"product_brand":[],"product_cat":[634],"product_tag":[],"class_list":{"0":"post-7366","1":"product","2":"type-product","3":"status-publish","4":"has-post-thumbnail","6":"product_cat-volkswagen","8":"first","9":"instock","10":"taxable","11":"shipping-taxable","12":"purchasable","13":"product-type-variable"},"yoast_head":"<!-- This site is optimized with the Yoast SEO plugin v27.5 - https:\/\/yoast.com\/product\/yoast-seo-wordpress\/ -->\n<title>Volkswagen Golf VIII Mileage Blocker (KM stopper) \u2192 KM Block<\/title>\n<meta name=\"description\" content=\"Buy a Volkswagen Golf VIII Mileage Blocker for the Best Prices \u2713 Free Shipping \u2713 Incl. Installation Guides\" \/>\n<meta name=\"robots\" content=\"index, follow, max-snippet:-1, max-image-preview:large, max-video-preview:-1\" \/>\n<meta property=\"og:locale\" content=\"de_DE\" \/>\n<meta property=\"og:type\" content=\"article\" \/>\n<meta property=\"og:title\" content=\"Volkswagen Golf VIII Mileage Blocker (KM stopper) \u2192 KM Block\" \/>\n<meta property=\"og:description\" content=\"Buy a Volkswagen Golf VIII Mileage Blocker for the Best Prices \u2713 Free Shipping \u2713 Incl. Installation Guides\" \/>\n<meta property=\"og:url\" content=\"https:\/\/kmblock.com\/de\/product\/volkswagen-golf-viii\/\" \/>\n<meta property=\"og:site_name\" content=\"KM Block\" \/>\n<meta property=\"og:image\" content=\"https:\/\/kmblock.com\/wp-content\/uploads\/2024\/09\/VW-Golf-8-600x600-1.jpg\" \/>\n\t<meta property=\"og:image:width\" content=\"600\" \/>\n\t<meta property=\"og:image:height\" content=\"600\" \/>\n\t<meta property=\"og:image:type\" content=\"image\/jpeg\" \/>\n<meta name=\"twitter:card\" content=\"summary_large_image\" \/>\n<meta name=\"twitter:label1\" content=\"Gesch\u00e4tzte Lesezeit\" \/>\n\t<meta name=\"twitter:data1\" content=\"2\u00a0Minuten\" \/>\n<script type=\"application\/ld+json\" class=\"yoast-schema-graph\">{\"@context\":\"https:\\\/\\\/schema.org\",\"@graph\":[{\"@type\":\"WebPage\",\"@id\":\"https:\\\/\\\/kmblock.com\\\/de\\\/product\\\/volkswagen-golf-viii\\\/\",\"url\":\"https:\\\/\\\/kmblock.com\\\/de\\\/product\\\/volkswagen-golf-viii\\\/\",\"name\":\"Volkswagen Golf VIII Mileage Blocker (KM stopper) \u2192 KM Block\",\"isPartOf\":{\"@id\":\"https:\\\/\\\/kmblock.com\\\/de\\\/#website\"},\"primaryImageOfPage\":{\"@id\":\"https:\\\/\\\/kmblock.com\\\/de\\\/product\\\/volkswagen-golf-viii\\\/#primaryimage\"},\"image\":{\"@id\":\"https:\\\/\\\/kmblock.com\\\/de\\\/product\\\/volkswagen-golf-viii\\\/#primaryimage\"},\"thumbnailUrl\":\"https:\\\/\\\/kmblock.com\\\/wp-content\\\/uploads\\\/2024\\\/09\\\/VW-Golf-8-600x600-1.jpg\",\"datePublished\":\"2025-01-01T15:44:03+00:00\",\"description\":\"Buy a Volkswagen Golf VIII Mileage Blocker for the Best Prices \u2713 Free Shipping \u2713 Incl. Installation Guides\",\"breadcrumb\":{\"@id\":\"https:\\\/\\\/kmblock.com\\\/de\\\/product\\\/volkswagen-golf-viii\\\/#breadcrumb\"},\"inLanguage\":\"de\",\"potentialAction\":[{\"@type\":\"ReadAction\",\"target\":[\"https:\\\/\\\/kmblock.com\\\/de\\\/product\\\/volkswagen-golf-viii\\\/\"]}]},{\"@type\":\"ImageObject\",\"inLanguage\":\"de\",\"@id\":\"https:\\\/\\\/kmblock.com\\\/de\\\/product\\\/volkswagen-golf-viii\\\/#primaryimage\",\"url\":\"https:\\\/\\\/kmblock.com\\\/wp-content\\\/uploads\\\/2024\\\/09\\\/VW-Golf-8-600x600-1.jpg\",\"contentUrl\":\"https:\\\/\\\/kmblock.com\\\/wp-content\\\/uploads\\\/2024\\\/09\\\/VW-Golf-8-600x600-1.jpg\",\"width\":600,\"height\":600,\"caption\":\"VW-Golf-8-600x600\"},{\"@type\":\"BreadcrumbList\",\"@id\":\"https:\\\/\\\/kmblock.com\\\/de\\\/product\\\/volkswagen-golf-viii\\\/#breadcrumb\",\"itemListElement\":[{\"@type\":\"ListItem\",\"position\":1,\"name\":\"Startseite\",\"item\":\"https:\\\/\\\/kmblock.com\\\/de\\\/\"},{\"@type\":\"ListItem\",\"position\":2,\"name\":\"Produkte\",\"item\":\"https:\\\/\\\/kmblock.com\\\/de\\\/shop\\\/\"},{\"@type\":\"ListItem\",\"position\":3,\"name\":\"Volkswagen Golf VIII\"}]},{\"@type\":\"WebSite\",\"@id\":\"https:\\\/\\\/kmblock.com\\\/de\\\/#website\",\"url\":\"https:\\\/\\\/kmblock.com\\\/de\\\/\",\"name\":\"KM Block\",\"description\":\"\",\"publisher\":{\"@id\":\"https:\\\/\\\/kmblock.com\\\/de\\\/#organization\"},\"potentialAction\":[{\"@type\":\"SearchAction\",\"target\":{\"@type\":\"EntryPoint\",\"urlTemplate\":\"https:\\\/\\\/kmblock.com\\\/de\\\/?s={search_term_string}\"},\"query-input\":{\"@type\":\"PropertyValueSpecification\",\"valueRequired\":true,\"valueName\":\"search_term_string\"}}],\"inLanguage\":\"de\"},{\"@type\":\"Organization\",\"@id\":\"https:\\\/\\\/kmblock.com\\\/de\\\/#organization\",\"name\":\"KM-Block\",\"url\":\"https:\\\/\\\/kmblock.com\\\/de\\\/\",\"logo\":{\"@type\":\"ImageObject\",\"inLanguage\":\"de\",\"@id\":\"https:\\\/\\\/kmblock.com\\\/de\\\/#\\\/schema\\\/logo\\\/image\\\/\",\"url\":\"https:\\\/\\\/kmblock.com\\\/wp-content\\\/uploads\\\/2024\\\/08\\\/main-logo.png\",\"contentUrl\":\"https:\\\/\\\/kmblock.com\\\/wp-content\\\/uploads\\\/2024\\\/08\\\/main-logo.png\",\"width\":186,\"height\":28,\"caption\":\"KM-Block\"},\"image\":{\"@id\":\"https:\\\/\\\/kmblock.com\\\/de\\\/#\\\/schema\\\/logo\\\/image\\\/\"}}]}<\/script>\n<!-- \/ Yoast SEO plugin. -->","yoast_head_json":{"title":"Volkswagen Golf VIII Mileage Blocker (KM stopper) \u2192 KM Block","description":"Buy a Volkswagen Golf VIII Mileage Blocker for the Best Prices \u2713 Free Shipping \u2713 Incl. Installation Guides","robots":{"index":"index","follow":"follow","max-snippet":"max-snippet:-1","max-image-preview":"max-image-preview:large","max-video-preview":"max-video-preview:-1"},"og_locale":"de_DE","og_type":"article","og_title":"Volkswagen Golf VIII Mileage Blocker (KM stopper) \u2192 KM Block","og_description":"Buy a Volkswagen Golf VIII Mileage Blocker for the Best Prices \u2713 Free Shipping \u2713 Incl. Installation Guides","og_url":"https:\/\/kmblock.com\/de\/product\/volkswagen-golf-viii\/","og_site_name":"KM Block","og_image":[{"width":600,"height":600,"url":"https:\/\/kmblock.com\/wp-content\/uploads\/2024\/09\/VW-Golf-8-600x600-1.jpg","type":"image\/jpeg"}],"twitter_card":"summary_large_image","twitter_misc":{"Gesch\u00e4tzte Lesezeit":"2\u00a0Minuten"},"schema":{"@context":"https:\/\/schema.org","@graph":[{"@type":"WebPage","@id":"https:\/\/kmblock.com\/de\/product\/volkswagen-golf-viii\/","url":"https:\/\/kmblock.com\/de\/product\/volkswagen-golf-viii\/","name":"Volkswagen Golf VIII Mileage Blocker (KM stopper) \u2192 KM Block","isPartOf":{"@id":"https:\/\/kmblock.com\/de\/#website"},"primaryImageOfPage":{"@id":"https:\/\/kmblock.com\/de\/product\/volkswagen-golf-viii\/#primaryimage"},"image":{"@id":"https:\/\/kmblock.com\/de\/product\/volkswagen-golf-viii\/#primaryimage"},"thumbnailUrl":"https:\/\/kmblock.com\/wp-content\/uploads\/2024\/09\/VW-Golf-8-600x600-1.jpg","datePublished":"2025-01-01T15:44:03+00:00","description":"Buy a Volkswagen Golf VIII Mileage Blocker for the Best Prices \u2713 Free Shipping \u2713 Incl. Installation Guides","breadcrumb":{"@id":"https:\/\/kmblock.com\/de\/product\/volkswagen-golf-viii\/#breadcrumb"},"inLanguage":"de","potentialAction":[{"@type":"ReadAction","target":["https:\/\/kmblock.com\/de\/product\/volkswagen-golf-viii\/"]}]},{"@type":"ImageObject","inLanguage":"de","@id":"https:\/\/kmblock.com\/de\/product\/volkswagen-golf-viii\/#primaryimage","url":"https:\/\/kmblock.com\/wp-content\/uploads\/2024\/09\/VW-Golf-8-600x600-1.jpg","contentUrl":"https:\/\/kmblock.com\/wp-content\/uploads\/2024\/09\/VW-Golf-8-600x600-1.jpg","width":600,"height":600,"caption":"VW-Golf-8-600x600"},{"@type":"BreadcrumbList","@id":"https:\/\/kmblock.com\/de\/product\/volkswagen-golf-viii\/#breadcrumb","itemListElement":[{"@type":"ListItem","position":1,"name":"Startseite","item":"https:\/\/kmblock.com\/de\/"},{"@type":"ListItem","position":2,"name":"Produkte","item":"https:\/\/kmblock.com\/de\/shop\/"},{"@type":"ListItem","position":3,"name":"Volkswagen Golf VIII"}]},{"@type":"WebSite","@id":"https:\/\/kmblock.com\/de\/#website","url":"https:\/\/kmblock.com\/de\/","name":"KM Block","description":"","publisher":{"@id":"https:\/\/kmblock.com\/de\/#organization"},"potentialAction":[{"@type":"SearchAction","target":{"@type":"EntryPoint","urlTemplate":"https:\/\/kmblock.com\/de\/?s={search_term_string}"},"query-input":{"@type":"PropertyValueSpecification","valueRequired":true,"valueName":"search_term_string"}}],"inLanguage":"de"},{"@type":"Organization","@id":"https:\/\/kmblock.com\/de\/#organization","name":"KM-Block","url":"https:\/\/kmblock.com\/de\/","logo":{"@type":"ImageObject","inLanguage":"de","@id":"https:\/\/kmblock.com\/de\/#\/schema\/logo\/image\/","url":"https:\/\/kmblock.com\/wp-content\/uploads\/2024\/08\/main-logo.png","contentUrl":"https:\/\/kmblock.com\/wp-content\/uploads\/2024\/08\/main-logo.png","width":186,"height":28,"caption":"KM-Block"},"image":{"@id":"https:\/\/kmblock.com\/de\/#\/schema\/logo\/image\/"}}]}},"_links":{"self":[{"href":"https:\/\/kmblock.com\/de\/wp-json\/wp\/v2\/product\/7366","targetHints":{"allow":["GET"]}}],"collection":[{"href":"https:\/\/kmblock.com\/de\/wp-json\/wp\/v2\/product"}],"about":[{"href":"https:\/\/kmblock.com\/de\/wp-json\/wp\/v2\/types\/product"}],"replies":[{"embeddable":true,"href":"https:\/\/kmblock.com\/de\/wp-json\/wp\/v2\/comments?post=7366"}],"wp:featuredmedia":[{"embeddable":true,"href":"https:\/\/kmblock.com\/de\/wp-json\/wp\/v2\/media\/919"}],"wp:attachment":[{"href":"https:\/\/kmblock.com\/de\/wp-json\/wp\/v2\/media?parent=7366"}],"wp:term":[{"taxonomy":"product_brand","embeddable":true,"href":"https:\/\/kmblock.com\/de\/wp-json\/wp\/v2\/product_brand?post=7366"},{"taxonomy":"product_cat","embeddable":true,"href":"https:\/\/kmblock.com\/de\/wp-json\/wp\/v2\/product_cat?post=7366"},{"taxonomy":"product_tag","embeddable":true,"href":"https:\/\/kmblock.com\/de\/wp-json\/wp\/v2\/product_tag?post=7366"}],"curies":[{"name":"wp","href":"https:\/\/api.w.org\/{rel}","templated":true}]}}