{"id":7197,"date":"2024-09-17T15:07:29","date_gmt":"2024-09-17T15:07:29","guid":{"rendered":"https:\/\/kmblock.com\/product\/audi-a4-s4-rs4-b8\/"},"modified":"2026-02-18T20:10:34","modified_gmt":"2026-02-18T20:10:34","slug":"audi-a4-s4-rs4-b8","status":"publish","type":"product","link":"https:\/\/kmblock.com\/de\/product\/audi-a4-s4-rs4-b8\/","title":{"rendered":"Audi A4\/S4\/RS4\/B8"},"content":{"rendered":"<h3><strong>KILOMETERSTANDSBLOCKER F\u00dcR AUDI A4\/S4\/RS4 B8<\/strong><\/h3>\n<h3><strong>Audi A4\/S4\/RS4 B8 Kilometerstand-Blocker<\/strong><\/h3>\n<p>Der Audi A4\/S4\/RS4 B8 Mileage Blocker &#8211; oft auch als Odometer Blocker, Odometer Stopper, Can Blocker, Mileage Stopper, Trip Odometer, Can Filter oder sogar als Mileage Correction Tool bezeichnet &#8211; bietet eine bequeme L\u00f6sung zur Kontrolle des Kilometerstands Ihres Fahrzeugs.<\/p>\n<h3><strong>Spezifikationen:<\/strong><\/h3>\n<ul>\n<li><strong>Keine Fehlermeldungen:<\/strong> Es werden keine Warnmeldungen auf dem Tachometer oder dem Navigationspanel angezeigt.<\/li>\n<li><strong>Einfache Installation:<\/strong> Einfache DIY-Einrichtung mit einem benutzerfreundlichen Design.<\/li>\n<li><strong>Reibungsloser Sitz:<\/strong> Mit einer Steckfl\u00e4che und Rillen am Stecker f\u00fcr eine problemlose Installation.<\/li>\n<li><strong>Benutzerfreundliche Bedienung:<\/strong> Funktioniert mit verschiedenen Tastenkombinationen.<\/li>\n<li><strong>Keine dauerhaften Ver\u00e4nderungen:<\/strong> Abnehmbar ohne Spuren zu hinterlassen &#8211; kein L\u00f6ten oder Schneiden von Kabeln erforderlich.<\/li>\n<li><strong>Steuerung w\u00e4hrend der Fahrt:<\/strong> Kann w\u00e4hrend der Fahrt aktiviert oder deaktiviert werden.<\/li>\n<li><strong>Langlebige Komponenten:<\/strong> Mit hochwertigen Steckern und hitzebest\u00e4ndigen Kabeln.<\/li>\n<li><strong>Dauerhafte Einstellungen:<\/strong> Die gew\u00e4hlten Einstellungen bleiben erhalten, ohne dass die Kilometerzahl nach dem Entfernen automatisch erh\u00f6ht wird.<\/li>\n<li><strong>Systemkompatibilit\u00e4t:<\/strong> Gew\u00e4hrleistet die einwandfreie Funktion des Tachometers und anderer Assistenzsysteme.<\/li>\n<li><strong>Genauigkeit des Kilometerstandes:<\/strong> Erlaubt bis zu 1% Abweichung beim Kilometerstand; die Angaben zum gestoppten Kilometerstand sind ungef\u00e4hre Angaben.<\/li>\n<\/ul>\n<h3><strong>Aktivierung &amp; Deaktivierung:<\/strong><\/h3>\n<ul>\n<li><strong>\u00dcber die manuelle Steuerung:<\/strong> Dr\u00fccken Sie den Wischerhebel 10 Sekunden lang nach unten, um ihn zu aktivieren oder zu deaktivieren.<\/li>\n<\/ul>\n<h3><strong>Modus Optionen:<\/strong><\/h3>\n<p>Aktivieren Sie die Funktion durch gleichzeitiges Dr\u00fccken der Tasten &#8218;Ok&#8216; und &#8218;Lautst\u00e4rke&#8216; am Lenker.<\/p>\n<p><strong>Modus Ein:<\/strong> z\u00e4hlt 0% der Meilen. Beide Blinker blinken. <\/p>\n<p><strong>Modus Aus:<\/strong> z\u00e4hlt 100 Prozent der Meilen. Beide Blinker blinken. <\/p>\n<p><strong>Kompatibilit\u00e4t:<\/strong> Dieses Ger\u00e4t ist f\u00fcr alle Audi A4\/S4\/RS4 B8 Modelle geeignet, die zwischen 2007 und 2015 hergestellt wurden.<\/p>\n<p><strong>\u00dcber den Audi A4\/S4\/RS4 B8 Mileage Blocker:<\/strong> Unser Mileage Blocker erm\u00f6glicht es Ihnen, den Kilometerstand bei Leistungstests zu stoppen. Dabei kommen hochwertige Komponenten und eine f\u00fcr jedes Fahrzeugmodell ma\u00dfgeschneiderte Software zum Einsatz. Dieses Tool ist sowohl f\u00fcr Diesel- und Benzinmotoren als auch f\u00fcr Plug-in-Hybrid-Elektrofahrzeuge (PHEVs) und Elektroautos geeignet. <\/p>\n<p>Bitte beachten Sie, dass wir keine Tools zur Kilometerkorrektur anbieten, die darauf abzielen, den Kilometerstand zu verf\u00e4lschen. Bei diesen Tools wird in der Regel der Kilometerstand zur\u00fcckgesetzt und die zur\u00fcckgelegte Strecke kann aufgrund mehrerer Datenspeichereinheiten in den Fahrzeugen nicht vollst\u00e4ndig r\u00fcckg\u00e4ngig gemacht werden.<\/p>\n<p><strong>Die Installation ist ganz einfach:<\/strong> Schlie\u00dfen Sie das Modul zwischen dem Tachoanschluss und dem Kombiinstrument an und profitieren Sie sofort davon.<\/p>\n<p>Mit dem Audi A4\/S4\/RS4 B8 Mileage Blocker haben Sie die Flexibilit\u00e4t, den Kilometerstand nach Bedarf zu verwalten, egal ob Ihr Fahrzeug in Bewegung ist oder steht.<\/p>\n","protected":false},"excerpt":{"rendered":"<div class=\"flex-shrink-0 flex flex-col relative items-end\">\n<div class=\"pt-0\">\n<div class=\"gizmo-bot-avatar flex h-8 w-8 items-center justify-center overflow-hidden rounded-full\">\n<div class=\"relative p-1 rounded-sm flex items-center justify-center bg-token-main-surface-primary text-token-text-primary h-8 w-8\">\n<p>Vor dem Kauf ist es wichtig, die Funktionsweise des Moduls zu verstehen, einschlie\u00dflich der Aktivierungsanweisungen und wichtiger Hinweise zu Fehlermeldungen und zur Systemleistung.<\/p>\n<p><strong>Kompatibilit\u00e4t: <\/strong><span style=\"font-family: -apple-system, BlinkMacSystemFont, 'Segoe UI', Roboto, 'Helvetica Neue', Arial, 'Noto Sans', sans-serif, 'Apple Color Emoji', 'Segoe UI Emoji', 'Segoe UI Symbol', 'Noto Color Emoji';\">Dieses Ger\u00e4t ist f\u00fcr alle Audi A4, S4 und RS4 B8 Modelle von 2007 bis 2015 geeignet. <\/span><span style=\"font-family: -apple-system, BlinkMacSystemFont, 'Segoe UI', Roboto, 'Helvetica Neue', Arial, 'Noto Sans', sans-serif, 'Apple Color Emoji', 'Segoe UI Emoji', 'Segoe UI Symbol', 'Noto Color Emoji';\">Einfache DIY-Installation. <\/span><span style=\"font-family: -apple-system, BlinkMacSystemFont, 'Segoe UI', Roboto, 'Helvetica Neue', Arial, 'Noto Sans', sans-serif, 'Apple Color Emoji', 'Segoe UI Emoji', 'Segoe UI Symbol', 'Noto Color Emoji';\">Bietet eine nicht nachweisbare Leistungssteigerung. <\/span><span style=\"font-family: -apple-system, BlinkMacSystemFont, 'Segoe UI', Roboto, 'Helvetica Neue', Arial, 'Noto Sans', sans-serif, 'Apple Color Emoji', 'Segoe UI Emoji', 'Segoe UI Symbol', 'Noto Color Emoji';\">Kann w\u00e4hrend der Fahrt aktiviert werden. <\/span><span style=\"font-family: -apple-system, BlinkMacSystemFont, 'Segoe UI', Roboto, 'Helvetica Neue', Arial, 'Noto Sans', sans-serif, 'Apple Color Emoji', 'Segoe UI Emoji', 'Segoe UI Symbol', 'Noto Color Emoji';\">Ausgestattet mit hochwertigen Steckern und hitzebest\u00e4ndigen Kabeln. <\/span><span style=\"font-family: -apple-system, BlinkMacSystemFont, 'Segoe UI', Roboto, 'Helvetica Neue', Arial, 'Noto Sans', sans-serif, 'Apple Color Emoji', 'Segoe UI Emoji', 'Segoe UI Symbol', 'Noto Color Emoji';\">Gew\u00e4hrleistet die einwandfreie Funktion des Tachometers und der Assistenzprogramme.<\/span><\/p>\n<div class=\"flex max-w-full flex-col flex-grow\">\n<div class=\"min-h-[20px] text-message flex w-full flex-col items-end gap-2 whitespace-normal break-words [.text-message+&amp;]:mt-5\" dir=\"auto\" data-message-author-role=\"assistant\" data-message-id=\"c95664c7-f80c-4b6d-9d3c-5951b8d1a343\">\n<div class=\"flex w-full flex-col gap-1 empty:hidden first:pt-[3px]\">\n<div class=\"markdown prose w-full break-words dark:prose-invert light\">\n<p class=\"p1\"><b> \u2705 Nahtlose Integration<\/b><b><\/b><\/p>\n<p class=\"p1\">\u2705<b> Einfache Installation<\/b><b><\/b><\/p>\n<p class=\"p1\">\u2705<b> Genaue Verwaltung des Kilometerstandes<\/b><b><\/b><\/p>\n<p class=\"p1\"><b> \u2705 Betrieb im Tarnkappenmodus<\/b><b><\/b><\/p>\n<p class=\"p1\"><span class=\"s1\">\u2705<\/span><b> Lebenslanger Support und Updates<\/b><\/p>\n<\/div>\n<\/div>\n<\/div>\n<\/div>\n<\/div>\n<\/div>\n<\/div>\n<\/div>\n","protected":false},"featured_media":644,"comment_status":"open","ping_status":"closed","template":"","meta":[],"product_brand":[],"product_cat":[746],"product_tag":[],"class_list":{"0":"post-7197","1":"product","2":"type-product","3":"status-publish","4":"has-post-thumbnail","6":"product_cat-audi","8":"first","9":"instock","10":"taxable","11":"shipping-taxable","12":"purchasable","13":"product-type-variable"},"yoast_head":"<!-- This site is optimized with the Yoast SEO plugin v27.5 - https:\/\/yoast.com\/product\/yoast-seo-wordpress\/ -->\n<title>Audi A4\/S4\/RS4\/B8 Mileage Blocker (KM stopper) \u2192 KM Block<\/title>\n<meta name=\"description\" content=\"Buy a Audi A4\/S4\/RS4\/B8 Mileage Blocker for the Best Prices \u2713 Free Shipping \u2713 Incl. Installation Guides\" \/>\n<meta name=\"robots\" content=\"index, follow, max-snippet:-1, max-image-preview:large, max-video-preview:-1\" \/>\n<meta property=\"og:locale\" content=\"de_DE\" \/>\n<meta property=\"og:type\" content=\"article\" \/>\n<meta property=\"og:title\" content=\"Audi A4\/S4\/RS4\/B8 Mileage Blocker (KM stopper) \u2192 KM Block\" \/>\n<meta property=\"og:description\" content=\"Buy a Audi A4\/S4\/RS4\/B8 Mileage Blocker for the Best Prices \u2713 Free Shipping \u2713 Incl. Installation Guides\" \/>\n<meta property=\"og:url\" content=\"https:\/\/kmblock.com\/de\/product\/audi-a4-s4-rs4-b8\/\" \/>\n<meta property=\"og:site_name\" content=\"KM Block\" \/>\n<meta property=\"article:modified_time\" content=\"2026-02-18T20:10:34+00:00\" \/>\n<meta property=\"og:image\" content=\"https:\/\/kmblock.com\/wp-content\/uploads\/2024\/09\/Audi-A4-S4-RS4-B8-2007-2015.jpg\" \/>\n\t<meta property=\"og:image:width\" content=\"800\" \/>\n\t<meta property=\"og:image:height\" content=\"800\" \/>\n\t<meta property=\"og:image:type\" content=\"image\/jpeg\" \/>\n<meta name=\"twitter:card\" content=\"summary_large_image\" \/>\n<meta name=\"twitter:label1\" content=\"Gesch\u00e4tzte Lesezeit\" \/>\n\t<meta name=\"twitter:data1\" content=\"2\u00a0Minuten\" \/>\n<script type=\"application\/ld+json\" class=\"yoast-schema-graph\">{\"@context\":\"https:\\\/\\\/schema.org\",\"@graph\":[{\"@type\":\"WebPage\",\"@id\":\"https:\\\/\\\/kmblock.com\\\/de\\\/product\\\/audi-a4-s4-rs4-b8\\\/\",\"url\":\"https:\\\/\\\/kmblock.com\\\/de\\\/product\\\/audi-a4-s4-rs4-b8\\\/\",\"name\":\"Audi A4\\\/S4\\\/RS4\\\/B8 Mileage Blocker (KM stopper) \u2192 KM Block\",\"isPartOf\":{\"@id\":\"https:\\\/\\\/kmblock.com\\\/de\\\/#website\"},\"primaryImageOfPage\":{\"@id\":\"https:\\\/\\\/kmblock.com\\\/de\\\/product\\\/audi-a4-s4-rs4-b8\\\/#primaryimage\"},\"image\":{\"@id\":\"https:\\\/\\\/kmblock.com\\\/de\\\/product\\\/audi-a4-s4-rs4-b8\\\/#primaryimage\"},\"thumbnailUrl\":\"https:\\\/\\\/kmblock.com\\\/wp-content\\\/uploads\\\/2024\\\/09\\\/Audi-A4-S4-RS4-B8-2007-2015.jpg\",\"datePublished\":\"2024-09-17T15:07:29+00:00\",\"dateModified\":\"2026-02-18T20:10:34+00:00\",\"description\":\"Buy a Audi A4\\\/S4\\\/RS4\\\/B8 Mileage Blocker for the Best Prices \u2713 Free Shipping \u2713 Incl. Installation Guides\",\"breadcrumb\":{\"@id\":\"https:\\\/\\\/kmblock.com\\\/de\\\/product\\\/audi-a4-s4-rs4-b8\\\/#breadcrumb\"},\"inLanguage\":\"de\",\"potentialAction\":[{\"@type\":\"ReadAction\",\"target\":[\"https:\\\/\\\/kmblock.com\\\/de\\\/product\\\/audi-a4-s4-rs4-b8\\\/\"]}]},{\"@type\":\"ImageObject\",\"inLanguage\":\"de\",\"@id\":\"https:\\\/\\\/kmblock.com\\\/de\\\/product\\\/audi-a4-s4-rs4-b8\\\/#primaryimage\",\"url\":\"https:\\\/\\\/kmblock.com\\\/wp-content\\\/uploads\\\/2024\\\/09\\\/Audi-A4-S4-RS4-B8-2007-2015.jpg\",\"contentUrl\":\"https:\\\/\\\/kmblock.com\\\/wp-content\\\/uploads\\\/2024\\\/09\\\/Audi-A4-S4-RS4-B8-2007-2015.jpg\",\"width\":800,\"height\":800,\"caption\":\"Audi-A4-S4-RS4-B8-2007-2015\"},{\"@type\":\"BreadcrumbList\",\"@id\":\"https:\\\/\\\/kmblock.com\\\/de\\\/product\\\/audi-a4-s4-rs4-b8\\\/#breadcrumb\",\"itemListElement\":[{\"@type\":\"ListItem\",\"position\":1,\"name\":\"Startseite\",\"item\":\"https:\\\/\\\/kmblock.com\\\/de\\\/\"},{\"@type\":\"ListItem\",\"position\":2,\"name\":\"Produkte\",\"item\":\"https:\\\/\\\/kmblock.com\\\/de\\\/shop\\\/\"},{\"@type\":\"ListItem\",\"position\":3,\"name\":\"Audi A4\\\/S4\\\/RS4\\\/B8\"}]},{\"@type\":\"WebSite\",\"@id\":\"https:\\\/\\\/kmblock.com\\\/de\\\/#website\",\"url\":\"https:\\\/\\\/kmblock.com\\\/de\\\/\",\"name\":\"KM Block\",\"description\":\"\",\"publisher\":{\"@id\":\"https:\\\/\\\/kmblock.com\\\/de\\\/#organization\"},\"potentialAction\":[{\"@type\":\"SearchAction\",\"target\":{\"@type\":\"EntryPoint\",\"urlTemplate\":\"https:\\\/\\\/kmblock.com\\\/de\\\/?s={search_term_string}\"},\"query-input\":{\"@type\":\"PropertyValueSpecification\",\"valueRequired\":true,\"valueName\":\"search_term_string\"}}],\"inLanguage\":\"de\"},{\"@type\":\"Organization\",\"@id\":\"https:\\\/\\\/kmblock.com\\\/de\\\/#organization\",\"name\":\"KM-Block\",\"url\":\"https:\\\/\\\/kmblock.com\\\/de\\\/\",\"logo\":{\"@type\":\"ImageObject\",\"inLanguage\":\"de\",\"@id\":\"https:\\\/\\\/kmblock.com\\\/de\\\/#\\\/schema\\\/logo\\\/image\\\/\",\"url\":\"https:\\\/\\\/kmblock.com\\\/wp-content\\\/uploads\\\/2024\\\/08\\\/main-logo.png\",\"contentUrl\":\"https:\\\/\\\/kmblock.com\\\/wp-content\\\/uploads\\\/2024\\\/08\\\/main-logo.png\",\"width\":186,\"height\":28,\"caption\":\"KM-Block\"},\"image\":{\"@id\":\"https:\\\/\\\/kmblock.com\\\/de\\\/#\\\/schema\\\/logo\\\/image\\\/\"}}]}<\/script>\n<!-- \/ Yoast SEO plugin. -->","yoast_head_json":{"title":"Audi A4\/S4\/RS4\/B8 Mileage Blocker (KM stopper) \u2192 KM Block","description":"Buy a Audi A4\/S4\/RS4\/B8 Mileage Blocker for the Best Prices \u2713 Free Shipping \u2713 Incl. Installation Guides","robots":{"index":"index","follow":"follow","max-snippet":"max-snippet:-1","max-image-preview":"max-image-preview:large","max-video-preview":"max-video-preview:-1"},"og_locale":"de_DE","og_type":"article","og_title":"Audi A4\/S4\/RS4\/B8 Mileage Blocker (KM stopper) \u2192 KM Block","og_description":"Buy a Audi A4\/S4\/RS4\/B8 Mileage Blocker for the Best Prices \u2713 Free Shipping \u2713 Incl. Installation Guides","og_url":"https:\/\/kmblock.com\/de\/product\/audi-a4-s4-rs4-b8\/","og_site_name":"KM Block","article_modified_time":"2026-02-18T20:10:34+00:00","og_image":[{"width":800,"height":800,"url":"https:\/\/kmblock.com\/wp-content\/uploads\/2024\/09\/Audi-A4-S4-RS4-B8-2007-2015.jpg","type":"image\/jpeg"}],"twitter_card":"summary_large_image","twitter_misc":{"Gesch\u00e4tzte Lesezeit":"2\u00a0Minuten"},"schema":{"@context":"https:\/\/schema.org","@graph":[{"@type":"WebPage","@id":"https:\/\/kmblock.com\/de\/product\/audi-a4-s4-rs4-b8\/","url":"https:\/\/kmblock.com\/de\/product\/audi-a4-s4-rs4-b8\/","name":"Audi A4\/S4\/RS4\/B8 Mileage Blocker (KM stopper) \u2192 KM Block","isPartOf":{"@id":"https:\/\/kmblock.com\/de\/#website"},"primaryImageOfPage":{"@id":"https:\/\/kmblock.com\/de\/product\/audi-a4-s4-rs4-b8\/#primaryimage"},"image":{"@id":"https:\/\/kmblock.com\/de\/product\/audi-a4-s4-rs4-b8\/#primaryimage"},"thumbnailUrl":"https:\/\/kmblock.com\/wp-content\/uploads\/2024\/09\/Audi-A4-S4-RS4-B8-2007-2015.jpg","datePublished":"2024-09-17T15:07:29+00:00","dateModified":"2026-02-18T20:10:34+00:00","description":"Buy a Audi A4\/S4\/RS4\/B8 Mileage Blocker for the Best Prices \u2713 Free Shipping \u2713 Incl. Installation Guides","breadcrumb":{"@id":"https:\/\/kmblock.com\/de\/product\/audi-a4-s4-rs4-b8\/#breadcrumb"},"inLanguage":"de","potentialAction":[{"@type":"ReadAction","target":["https:\/\/kmblock.com\/de\/product\/audi-a4-s4-rs4-b8\/"]}]},{"@type":"ImageObject","inLanguage":"de","@id":"https:\/\/kmblock.com\/de\/product\/audi-a4-s4-rs4-b8\/#primaryimage","url":"https:\/\/kmblock.com\/wp-content\/uploads\/2024\/09\/Audi-A4-S4-RS4-B8-2007-2015.jpg","contentUrl":"https:\/\/kmblock.com\/wp-content\/uploads\/2024\/09\/Audi-A4-S4-RS4-B8-2007-2015.jpg","width":800,"height":800,"caption":"Audi-A4-S4-RS4-B8-2007-2015"},{"@type":"BreadcrumbList","@id":"https:\/\/kmblock.com\/de\/product\/audi-a4-s4-rs4-b8\/#breadcrumb","itemListElement":[{"@type":"ListItem","position":1,"name":"Startseite","item":"https:\/\/kmblock.com\/de\/"},{"@type":"ListItem","position":2,"name":"Produkte","item":"https:\/\/kmblock.com\/de\/shop\/"},{"@type":"ListItem","position":3,"name":"Audi A4\/S4\/RS4\/B8"}]},{"@type":"WebSite","@id":"https:\/\/kmblock.com\/de\/#website","url":"https:\/\/kmblock.com\/de\/","name":"KM Block","description":"","publisher":{"@id":"https:\/\/kmblock.com\/de\/#organization"},"potentialAction":[{"@type":"SearchAction","target":{"@type":"EntryPoint","urlTemplate":"https:\/\/kmblock.com\/de\/?s={search_term_string}"},"query-input":{"@type":"PropertyValueSpecification","valueRequired":true,"valueName":"search_term_string"}}],"inLanguage":"de"},{"@type":"Organization","@id":"https:\/\/kmblock.com\/de\/#organization","name":"KM-Block","url":"https:\/\/kmblock.com\/de\/","logo":{"@type":"ImageObject","inLanguage":"de","@id":"https:\/\/kmblock.com\/de\/#\/schema\/logo\/image\/","url":"https:\/\/kmblock.com\/wp-content\/uploads\/2024\/08\/main-logo.png","contentUrl":"https:\/\/kmblock.com\/wp-content\/uploads\/2024\/08\/main-logo.png","width":186,"height":28,"caption":"KM-Block"},"image":{"@id":"https:\/\/kmblock.com\/de\/#\/schema\/logo\/image\/"}}]}},"_links":{"self":[{"href":"https:\/\/kmblock.com\/de\/wp-json\/wp\/v2\/product\/7197","targetHints":{"allow":["GET"]}}],"collection":[{"href":"https:\/\/kmblock.com\/de\/wp-json\/wp\/v2\/product"}],"about":[{"href":"https:\/\/kmblock.com\/de\/wp-json\/wp\/v2\/types\/product"}],"replies":[{"embeddable":true,"href":"https:\/\/kmblock.com\/de\/wp-json\/wp\/v2\/comments?post=7197"}],"wp:featuredmedia":[{"embeddable":true,"href":"https:\/\/kmblock.com\/de\/wp-json\/wp\/v2\/media\/644"}],"wp:attachment":[{"href":"https:\/\/kmblock.com\/de\/wp-json\/wp\/v2\/media?parent=7197"}],"wp:term":[{"taxonomy":"product_brand","embeddable":true,"href":"https:\/\/kmblock.com\/de\/wp-json\/wp\/v2\/product_brand?post=7197"},{"taxonomy":"product_cat","embeddable":true,"href":"https:\/\/kmblock.com\/de\/wp-json\/wp\/v2\/product_cat?post=7197"},{"taxonomy":"product_tag","embeddable":true,"href":"https:\/\/kmblock.com\/de\/wp-json\/wp\/v2\/product_tag?post=7197"}],"curies":[{"name":"wp","href":"https:\/\/api.w.org\/{rel}","templated":true}]}}