{"id":7178,"date":"2024-09-17T15:09:55","date_gmt":"2024-09-17T15:09:55","guid":{"rendered":"https:\/\/kmblock.com\/product\/volkswagen-amarok\/"},"modified":"2024-09-17T15:09:55","modified_gmt":"2024-09-17T15:09:55","slug":"volkswagen-amarok","status":"publish","type":"product","link":"https:\/\/kmblock.com\/de\/product\/volkswagen-amarok\/","title":{"rendered":"Volkswagen Amarok"},"content":{"rendered":"<h3><strong>KILOMETERSTANDSBLOCKER F\u00dcR VOLKSWAGEN AMAROK<\/strong><\/h3>\n<p>Der Volkswagen Amarok Mileage Blocker ist auch bekannt als Kilometerz\u00e4hler-Blocker, Kilometerz\u00e4hler-Stopper, Can Blocker, Kilometerz\u00e4hler-Stopper, Tageskilometerz\u00e4hler oder Can Filter. In manchen F\u00e4llen wird er auch als Kilometerkorrekturwerkzeug bezeichnet. <\/p>\n<h3>Kompatibilit\u00e4t<\/h3>\n<p>Dieses Ger\u00e4t ist mit allen Volkswagen Amarok Modellen von 2016 bis 2020 kompatibel.<\/p>\n<h3>Spezifikationen<\/h3>\n<ul>\n<li><strong>Einfache DIY-Installation<\/strong>: Schnelle und einfache Installation.<\/li>\n<li><strong>Hochwertige Komponenten<\/strong>: Mit hochwertigen Steckern und hitzebest\u00e4ndigen Kabeln.<\/li>\n<li><strong>Keine Fehlermeldungen<\/strong>: Funktioniert, ohne Fehlermeldungen auf dem Tachometer oder dem Navigationssystem auszul\u00f6sen.<\/li>\n<li><strong>R\u00fcckstandslose Entfernung<\/strong>: Kann r\u00fcckstandsfrei entfernt werden und erfordert kein L\u00f6ten oder Schneiden von Dr\u00e4hten.<\/li>\n<li><strong>Benutzerfreundliche Bedienung<\/strong>: Bedienung mit verschiedenen Tastenkombinationen zum Umschalten der Modi.<\/li>\n<li><strong>Mehrere Modi<\/strong>: Bietet mehrere Modi, die Ihren Bed\u00fcrfnissen entsprechen.<\/li>\n<li><strong>Keine Erh\u00f6hung des Kilometerstandes nach der Entfernung<\/strong>: Der Kilometerstand bleibt nach der Entfernung des Ger\u00e4ts unver\u00e4ndert.<\/li>\n<li><strong>In-Motion-Aktivierung<\/strong>: Kann w\u00e4hrend der Fahrt ein- oder ausgeschaltet werden.<\/li>\n<li><strong>Nicht nachweisbar durch Diagnosetools<\/strong>: Ein ver\u00e4nderter Kilometerstand kann von Diagnosetestern nicht erkannt werden.<\/li>\n<li><strong>Dauerhafte Einstellungen<\/strong>: Einmal eingestellt, wird die Konfiguration gespeichert und beibehalten.<\/li>\n<li><strong>Reibungslose Installation<\/strong>: Die Steckfl\u00e4che und die Rillen am Stecker sorgen f\u00fcr eine einfache und reibungslose Installation.<\/li>\n<li><strong>Motorkontrollleuchte<\/strong>: Bei Modellen ab Ende 2020 kann sich die Motorkontrollleuchte einschalten, wenn das Ger\u00e4t aktiviert wird.<\/li>\n<li><strong>Hohe Pr\u00e4zision<\/strong>: Eine minimale Abweichung von bis zu 1% des tats\u00e4chlichen Kilometerstandes ist beim \u00c4ndern m\u00f6glich.<\/li>\n<\/ul>\n<h3>Aktivierung &amp; Deaktivierung<\/h3>\n<p>&#8222;Dr\u00fccken Sie mit der &#8218;ok&#8216;-Bedienung am Lenkrad und halten Sie sie gedr\u00fcckt, bis der Blinker blinkt.<\/p>\n<p><strong>Modus 1:<\/strong> 1 Blinken links 18 Prozent (alles funktioniert, Geschwindigkeitsregelung usw.)<\/p>\n<p><strong>Modus 2:<\/strong> 2 Mal Blinken links 0 Prozent (keine Geschwindigkeit, keine Tankanzeige)<\/p>\n<p><strong>Modus 3:<\/strong> 1 Blinken rechts 100 Prozent (Original)&#8220;<\/p>\n<h3>Was ist ein Volkswagen Amarok Kilometerz\u00e4hler-Blocker oder ein Werkzeug zur Korrektur des Kilometerstandes?<\/h3>\n<p>Der Volkswagen Amarok Mileage Blocker\/Odometer Blocker verhindert, dass bei Leistungstests des Fahrzeugs unn\u00f6tige Kilometerst\u00e4nde aufgezeichnet werden. Wir von KM Block bieten hochwertige Module mit speziellen Komponenten an. Das Tool funktioniert perfekt mit Meilen und Kilometern und ist mit Diesel-, Benzin-, Hybrid- und Elektrofahrzeugen kompatibel.  <\/p>\n<p>Die Installation ist einfach und erfordert keine technischen Kenntnisse &#8211; schlie\u00dfen Sie das Ger\u00e4t einfach zwischen Tachometer und Kombiinstrument an. Verwenden Sie die vorkonfigurierten Tastenkombinationen, um ganz einfach zwischen den Modi zu wechseln. <\/p>\n<blockquote><p><strong>Wichtiger Hinweis<\/strong>: Wir verkaufen keine Tools zur Kilometerkorrektur, die f\u00fcr betr\u00fcgerische Zwecke gedacht sind, wie z.B. das Zur\u00fccksetzen des Kilometerz\u00e4hlers. Diese Tools werden zwar verwendet, um den Kilometerstand zu \u00e4ndern, aber die Fahrzeuge speichern die Daten des Kilometerstands in mehreren Systemen, und solche Tools k\u00f6nnen den aufgezeichneten Kilometerstand nicht vollst\u00e4ndig l\u00f6schen. <\/p><\/blockquote>\n<p>Der Volkswagen Amarok Mileage Blocker bietet eine zuverl\u00e4ssige und nahtlose M\u00f6glichkeit, den Kilometerstand w\u00e4hrend der Tests zu kontrollieren. Dabei k\u00f6nnen Sie das Ger\u00e4t jederzeit aktivieren oder deaktivieren, unabh\u00e4ngig von der Bewegung des Fahrzeugs.<\/p>\n","protected":false},"excerpt":{"rendered":"<div class=\"flex-shrink-0 flex flex-col relative items-end\">\n<div class=\"pt-0\">\n<div class=\"gizmo-bot-avatar flex h-8 w-8 items-center justify-center overflow-hidden rounded-full\">\n<div class=\"relative p-1 rounded-sm flex items-center justify-center bg-token-main-surface-primary text-token-text-primary h-8 w-8\">\n<p>Bitte lesen Sie vor der Bestellung die wichtigsten Details zur Aktivierung des Moduls sowie wichtige Hinweise zu Fehlermeldungen und Funktionen.<\/p>\n<p><strong>Kompatibilit\u00e4t: <\/strong>F\u00fcr Modelle, die zwischen 2016 und 2020 ver\u00f6ffentlicht wurden. Geschwindigkeitsanzeige und Assistenzsysteme variieren je nach Modus. Einfache DIY-Installation. Kann w\u00e4hrend der Fahrt aktiviert werden. Hergestellt mit hochwertigen Steckern und hitzebest\u00e4ndigen Kabeln.    <\/p>\n<p class=\"p1\"><b> \u2705 Nahtlose Integration<\/b><b><\/b><\/p>\n<p class=\"p1\">\u2705<b> Einfache Installation<\/b><b><\/b><\/p>\n<p class=\"p1\">\u2705<b> Genaue Verwaltung des Kilometerstandes<\/b><b><\/b><\/p>\n<p class=\"p1\"><b> \u2705 Betrieb im Tarnkappenmodus<\/b><b><\/b><\/p>\n<p class=\"p1\"><span class=\"s1\">\u2705<\/span><b> Lebenslanger Support und Updates<\/b><\/p>\n<\/div>\n<\/div>\n<\/div>\n<\/div>\n","protected":false},"featured_media":643,"comment_status":"open","ping_status":"closed","template":"","meta":[],"product_brand":[],"product_cat":[634],"product_tag":[],"class_list":{"0":"post-7178","1":"product","2":"type-product","3":"status-publish","4":"has-post-thumbnail","6":"product_cat-volkswagen","8":"first","9":"instock","10":"taxable","11":"shipping-taxable","12":"purchasable","13":"product-type-variable"},"yoast_head":"<!-- This site is optimized with the Yoast SEO plugin v27.5 - https:\/\/yoast.com\/product\/yoast-seo-wordpress\/ -->\n<title>Volkswagen Amarok Mileage Blocker (KM stopper) \u2192 KM Block<\/title>\n<meta name=\"description\" content=\"Buy a Volkswagen Amarok Mileage Blocker for the Best Prices \u2713 Free Shipping \u2713 Incl. Installation Guides\" \/>\n<meta name=\"robots\" content=\"index, follow, max-snippet:-1, max-image-preview:large, max-video-preview:-1\" \/>\n<meta property=\"og:locale\" content=\"de_DE\" \/>\n<meta property=\"og:type\" content=\"article\" \/>\n<meta property=\"og:title\" content=\"Volkswagen Amarok Mileage Blocker (KM stopper) \u2192 KM Block\" \/>\n<meta property=\"og:description\" content=\"Buy a Volkswagen Amarok Mileage Blocker for the Best Prices \u2713 Free Shipping \u2713 Incl. Installation Guides\" \/>\n<meta property=\"og:url\" content=\"https:\/\/kmblock.com\/de\/product\/volkswagen-amarok\/\" \/>\n<meta property=\"og:site_name\" content=\"KM Block\" \/>\n<meta property=\"og:image\" content=\"https:\/\/kmblock.com\/wp-content\/uploads\/2024\/09\/Volkswagen-Amarok.jpg\" \/>\n\t<meta property=\"og:image:width\" content=\"800\" \/>\n\t<meta property=\"og:image:height\" content=\"800\" \/>\n\t<meta property=\"og:image:type\" content=\"image\/jpeg\" \/>\n<meta name=\"twitter:card\" content=\"summary_large_image\" \/>\n<meta name=\"twitter:label1\" content=\"Gesch\u00e4tzte Lesezeit\" \/>\n\t<meta name=\"twitter:data1\" content=\"2\u00a0Minuten\" \/>\n<script type=\"application\/ld+json\" class=\"yoast-schema-graph\">{\"@context\":\"https:\\\/\\\/schema.org\",\"@graph\":[{\"@type\":\"WebPage\",\"@id\":\"https:\\\/\\\/kmblock.com\\\/de\\\/product\\\/volkswagen-amarok\\\/\",\"url\":\"https:\\\/\\\/kmblock.com\\\/de\\\/product\\\/volkswagen-amarok\\\/\",\"name\":\"Volkswagen Amarok Mileage Blocker (KM stopper) \u2192 KM Block\",\"isPartOf\":{\"@id\":\"https:\\\/\\\/kmblock.com\\\/de\\\/#website\"},\"primaryImageOfPage\":{\"@id\":\"https:\\\/\\\/kmblock.com\\\/de\\\/product\\\/volkswagen-amarok\\\/#primaryimage\"},\"image\":{\"@id\":\"https:\\\/\\\/kmblock.com\\\/de\\\/product\\\/volkswagen-amarok\\\/#primaryimage\"},\"thumbnailUrl\":\"https:\\\/\\\/kmblock.com\\\/wp-content\\\/uploads\\\/2024\\\/09\\\/Volkswagen-Amarok.jpg\",\"datePublished\":\"2024-09-17T15:09:55+00:00\",\"description\":\"Buy a Volkswagen Amarok Mileage Blocker for the Best Prices \u2713 Free Shipping \u2713 Incl. Installation Guides\",\"breadcrumb\":{\"@id\":\"https:\\\/\\\/kmblock.com\\\/de\\\/product\\\/volkswagen-amarok\\\/#breadcrumb\"},\"inLanguage\":\"de\",\"potentialAction\":[{\"@type\":\"ReadAction\",\"target\":[\"https:\\\/\\\/kmblock.com\\\/de\\\/product\\\/volkswagen-amarok\\\/\"]}]},{\"@type\":\"ImageObject\",\"inLanguage\":\"de\",\"@id\":\"https:\\\/\\\/kmblock.com\\\/de\\\/product\\\/volkswagen-amarok\\\/#primaryimage\",\"url\":\"https:\\\/\\\/kmblock.com\\\/wp-content\\\/uploads\\\/2024\\\/09\\\/Volkswagen-Amarok.jpg\",\"contentUrl\":\"https:\\\/\\\/kmblock.com\\\/wp-content\\\/uploads\\\/2024\\\/09\\\/Volkswagen-Amarok.jpg\",\"width\":800,\"height\":800,\"caption\":\"Volkswagen Amarok\"},{\"@type\":\"BreadcrumbList\",\"@id\":\"https:\\\/\\\/kmblock.com\\\/de\\\/product\\\/volkswagen-amarok\\\/#breadcrumb\",\"itemListElement\":[{\"@type\":\"ListItem\",\"position\":1,\"name\":\"Startseite\",\"item\":\"https:\\\/\\\/kmblock.com\\\/de\\\/\"},{\"@type\":\"ListItem\",\"position\":2,\"name\":\"Produkte\",\"item\":\"https:\\\/\\\/kmblock.com\\\/de\\\/shop\\\/\"},{\"@type\":\"ListItem\",\"position\":3,\"name\":\"Volkswagen Amarok\"}]},{\"@type\":\"WebSite\",\"@id\":\"https:\\\/\\\/kmblock.com\\\/de\\\/#website\",\"url\":\"https:\\\/\\\/kmblock.com\\\/de\\\/\",\"name\":\"KM Block\",\"description\":\"\",\"publisher\":{\"@id\":\"https:\\\/\\\/kmblock.com\\\/de\\\/#organization\"},\"potentialAction\":[{\"@type\":\"SearchAction\",\"target\":{\"@type\":\"EntryPoint\",\"urlTemplate\":\"https:\\\/\\\/kmblock.com\\\/de\\\/?s={search_term_string}\"},\"query-input\":{\"@type\":\"PropertyValueSpecification\",\"valueRequired\":true,\"valueName\":\"search_term_string\"}}],\"inLanguage\":\"de\"},{\"@type\":\"Organization\",\"@id\":\"https:\\\/\\\/kmblock.com\\\/de\\\/#organization\",\"name\":\"KM-Block\",\"url\":\"https:\\\/\\\/kmblock.com\\\/de\\\/\",\"logo\":{\"@type\":\"ImageObject\",\"inLanguage\":\"de\",\"@id\":\"https:\\\/\\\/kmblock.com\\\/de\\\/#\\\/schema\\\/logo\\\/image\\\/\",\"url\":\"https:\\\/\\\/kmblock.com\\\/wp-content\\\/uploads\\\/2024\\\/08\\\/main-logo.png\",\"contentUrl\":\"https:\\\/\\\/kmblock.com\\\/wp-content\\\/uploads\\\/2024\\\/08\\\/main-logo.png\",\"width\":186,\"height\":28,\"caption\":\"KM-Block\"},\"image\":{\"@id\":\"https:\\\/\\\/kmblock.com\\\/de\\\/#\\\/schema\\\/logo\\\/image\\\/\"}}]}<\/script>\n<!-- \/ Yoast SEO plugin. -->","yoast_head_json":{"title":"Volkswagen Amarok Mileage Blocker (KM stopper) \u2192 KM Block","description":"Buy a Volkswagen Amarok Mileage Blocker for the Best Prices \u2713 Free Shipping \u2713 Incl. Installation Guides","robots":{"index":"index","follow":"follow","max-snippet":"max-snippet:-1","max-image-preview":"max-image-preview:large","max-video-preview":"max-video-preview:-1"},"og_locale":"de_DE","og_type":"article","og_title":"Volkswagen Amarok Mileage Blocker (KM stopper) \u2192 KM Block","og_description":"Buy a Volkswagen Amarok Mileage Blocker for the Best Prices \u2713 Free Shipping \u2713 Incl. Installation Guides","og_url":"https:\/\/kmblock.com\/de\/product\/volkswagen-amarok\/","og_site_name":"KM Block","og_image":[{"width":800,"height":800,"url":"https:\/\/kmblock.com\/wp-content\/uploads\/2024\/09\/Volkswagen-Amarok.jpg","type":"image\/jpeg"}],"twitter_card":"summary_large_image","twitter_misc":{"Gesch\u00e4tzte Lesezeit":"2\u00a0Minuten"},"schema":{"@context":"https:\/\/schema.org","@graph":[{"@type":"WebPage","@id":"https:\/\/kmblock.com\/de\/product\/volkswagen-amarok\/","url":"https:\/\/kmblock.com\/de\/product\/volkswagen-amarok\/","name":"Volkswagen Amarok Mileage Blocker (KM stopper) \u2192 KM Block","isPartOf":{"@id":"https:\/\/kmblock.com\/de\/#website"},"primaryImageOfPage":{"@id":"https:\/\/kmblock.com\/de\/product\/volkswagen-amarok\/#primaryimage"},"image":{"@id":"https:\/\/kmblock.com\/de\/product\/volkswagen-amarok\/#primaryimage"},"thumbnailUrl":"https:\/\/kmblock.com\/wp-content\/uploads\/2024\/09\/Volkswagen-Amarok.jpg","datePublished":"2024-09-17T15:09:55+00:00","description":"Buy a Volkswagen Amarok Mileage Blocker for the Best Prices \u2713 Free Shipping \u2713 Incl. Installation Guides","breadcrumb":{"@id":"https:\/\/kmblock.com\/de\/product\/volkswagen-amarok\/#breadcrumb"},"inLanguage":"de","potentialAction":[{"@type":"ReadAction","target":["https:\/\/kmblock.com\/de\/product\/volkswagen-amarok\/"]}]},{"@type":"ImageObject","inLanguage":"de","@id":"https:\/\/kmblock.com\/de\/product\/volkswagen-amarok\/#primaryimage","url":"https:\/\/kmblock.com\/wp-content\/uploads\/2024\/09\/Volkswagen-Amarok.jpg","contentUrl":"https:\/\/kmblock.com\/wp-content\/uploads\/2024\/09\/Volkswagen-Amarok.jpg","width":800,"height":800,"caption":"Volkswagen Amarok"},{"@type":"BreadcrumbList","@id":"https:\/\/kmblock.com\/de\/product\/volkswagen-amarok\/#breadcrumb","itemListElement":[{"@type":"ListItem","position":1,"name":"Startseite","item":"https:\/\/kmblock.com\/de\/"},{"@type":"ListItem","position":2,"name":"Produkte","item":"https:\/\/kmblock.com\/de\/shop\/"},{"@type":"ListItem","position":3,"name":"Volkswagen Amarok"}]},{"@type":"WebSite","@id":"https:\/\/kmblock.com\/de\/#website","url":"https:\/\/kmblock.com\/de\/","name":"KM Block","description":"","publisher":{"@id":"https:\/\/kmblock.com\/de\/#organization"},"potentialAction":[{"@type":"SearchAction","target":{"@type":"EntryPoint","urlTemplate":"https:\/\/kmblock.com\/de\/?s={search_term_string}"},"query-input":{"@type":"PropertyValueSpecification","valueRequired":true,"valueName":"search_term_string"}}],"inLanguage":"de"},{"@type":"Organization","@id":"https:\/\/kmblock.com\/de\/#organization","name":"KM-Block","url":"https:\/\/kmblock.com\/de\/","logo":{"@type":"ImageObject","inLanguage":"de","@id":"https:\/\/kmblock.com\/de\/#\/schema\/logo\/image\/","url":"https:\/\/kmblock.com\/wp-content\/uploads\/2024\/08\/main-logo.png","contentUrl":"https:\/\/kmblock.com\/wp-content\/uploads\/2024\/08\/main-logo.png","width":186,"height":28,"caption":"KM-Block"},"image":{"@id":"https:\/\/kmblock.com\/de\/#\/schema\/logo\/image\/"}}]}},"_links":{"self":[{"href":"https:\/\/kmblock.com\/de\/wp-json\/wp\/v2\/product\/7178","targetHints":{"allow":["GET"]}}],"collection":[{"href":"https:\/\/kmblock.com\/de\/wp-json\/wp\/v2\/product"}],"about":[{"href":"https:\/\/kmblock.com\/de\/wp-json\/wp\/v2\/types\/product"}],"replies":[{"embeddable":true,"href":"https:\/\/kmblock.com\/de\/wp-json\/wp\/v2\/comments?post=7178"}],"wp:featuredmedia":[{"embeddable":true,"href":"https:\/\/kmblock.com\/de\/wp-json\/wp\/v2\/media\/643"}],"wp:attachment":[{"href":"https:\/\/kmblock.com\/de\/wp-json\/wp\/v2\/media?parent=7178"}],"wp:term":[{"taxonomy":"product_brand","embeddable":true,"href":"https:\/\/kmblock.com\/de\/wp-json\/wp\/v2\/product_brand?post=7178"},{"taxonomy":"product_cat","embeddable":true,"href":"https:\/\/kmblock.com\/de\/wp-json\/wp\/v2\/product_cat?post=7178"},{"taxonomy":"product_tag","embeddable":true,"href":"https:\/\/kmblock.com\/de\/wp-json\/wp\/v2\/product_tag?post=7178"}],"curies":[{"name":"wp","href":"https:\/\/api.w.org\/{rel}","templated":true}]}}