{"id":7177,"date":"2024-09-17T21:26:46","date_gmt":"2024-09-17T21:26:46","guid":{"rendered":"https:\/\/kmblock.com\/product\/audi-a5-s5-rs5-f5\/"},"modified":"2024-09-17T21:26:46","modified_gmt":"2024-09-17T21:26:46","slug":"audi-a5-s5-rs5-f5","status":"publish","type":"product","link":"https:\/\/kmblock.com\/de\/product\/audi-a5-s5-rs5-f5\/","title":{"rendered":"Audi A5\/S5\/RS5\/F5"},"content":{"rendered":"<h3><strong>KILOMETERSTANDSBLOCKER F\u00dcR AUDI A5\/S5\/RS5 &#8211; F5<\/strong><\/h3>\n<p>Der <strong>Audi A5\/S5\/RS5 &#8211; F5 Mileage Blocker<\/strong>, auch bekannt als Odometer Blocker, Odometer Stopper, Can Blocker, Mileage Stopper, Trip Odometer, Can Filter oder Mileage Correction Tool, wurde f\u00fcr alle <strong>Audi A5\/S5\/RS5 F5 Modelle<\/strong> entwickelt <strong>, die seit 2015 auf den Markt kamen<\/strong>.<\/p>\n<h3><strong>SPEZIFIKATIONEN<\/strong><\/h3>\n<ul>\n<li>Mehrere Modi verf\u00fcgbar<\/li>\n<li>Einfache DIY-Installation<\/li>\n<li>Steckgesicht und Rillen am Stecker f\u00fcr nahtlose Installation<\/li>\n<li>Einfache Bedienung mit Tastenkombinationen<\/li>\n<li>Nach dem Entfernen bleiben keine Spuren zur\u00fcck; kein L\u00f6ten oder Kabelschneiden erforderlich<\/li>\n<li>Hochwertige Stecker und hitzebest\u00e4ndige Kabel<\/li>\n<li>Einstellungen werden dauerhaft gespeichert<\/li>\n<li>Nach dem Ausbau erh\u00f6ht sich der Kilometerstand nicht unerwartet.<\/li>\n<li>Keine Fehlermeldungen auf dem Tachometer oder dem Navigationsdisplay<\/li>\n<li>Bei Modellen ab 2020 kann die Motorkontrollleuchte erscheinen, sobald das Ger\u00e4t aktiviert wird<\/li>\n<li>Eine Abweichung von 1 % von der tats\u00e4chlichen Entfernung kann f\u00fcr den Modus auftreten, der die Aufzeichnung von Kilometern vollst\u00e4ndig stoppt; die Kilometerangaben sind ungef\u00e4hre Werte<\/li>\n<\/ul>\n<p><strong>WICHTIG<\/strong> Wenn Ihr Fahrzeug ein neues Software-Update vom Hersteller erhalten hat, funktionieren die bisherigen Aktivierungsmethoden m\u00f6glicherweise nicht mehr. Es funktionieren nur noch die Modi 3 (Vollstopp) und 4 (Vollz\u00e4hligkeit). Zur Aktivierung schalten Sie das Fahrzeug f\u00fcnfmal hintereinander vollst\u00e4ndig aus. Eine ausf\u00fchrliche PDF-Anleitung wird Ihnen nach dem Kauf zur Verf\u00fcgung gestellt.   <\/p>\n<p><strong>KOMPATIBILIT\u00c4T DER GESCHWINDIGKEITSMESSER<\/strong> Bei Tachometer 1 und Tachometer 2 funktioniert die Geschwindigkeitsanzeige einwandfrei.<\/p>\n<h3><strong>AKTIVIERUNG &amp; DEAKTIVIERUNG (MIT ANZEIGE DER ARBEITSGESCHWINDIGKEIT)<\/strong><\/h3>\n<p>&#8220; Bet\u00e4tigen Sie die Taste &#8218;ok&#8216; am Lenker. Halten Sie die Taste gedr\u00fcckt, bis der Blinker zu blinken beginnt. <\/p>\n<p><strong>Modus 1:<\/strong> 1 Blinken links 20 Prozent<br \/>\n<strong>Modus 2:<\/strong> 2 linke Blinkzeichen 10 Prozent<br \/>\n<strong>Modus 3:<\/strong> 3 Mal links blinken 0 Prozent<br \/>\n<strong>Modus 4:<\/strong> 1 rechtes Blinken 100 Prozent<\/p>\n<p>F\u00fcr den Modus 3: 0 Prozent m\u00fcssen Sie den Modus einschalten, dann das Auto ausschalten und f\u00fcr 2 Minuten verriegeln und dann starten und fahren.&#8220;<\/p>\n<p>Der <strong>Audi A5 S5 RS5 F5 Kilometerstopper<\/strong> speichert immer die zuletzt verwendeten Einstellungen, so dass Sie diese vor dem Starten des Fahrzeugs nicht zur\u00fccksetzen m\u00fcssen.<\/p>\n<hr>\n<h3><strong>Was ist der Audi A5\/S5\/RS5 F5 Kilometerz\u00e4hler-Blocker oder das Tool zur Kilometerstandskorrektur?<\/strong><\/h3>\n<p>Der <strong>Audi A5\/S5\/RS5 F5 Mileage Blocker<\/strong> stoppt die Aufzeichnung des Kilometerstandes, w\u00e4hrend die Leistung des Fahrzeugs getestet wird. Dieses hochwertige Modul ist bei KM Block erh\u00e4ltlich und funktioniert bei Fahrzeugen, die den Kilometerstand in Meilen oder Kilometern messen. Unsere erfahrenen Programmierer erstellen eine f\u00fcr jedes Modell ma\u00dfgeschneiderte Software, um einen einwandfreien Betrieb zu gew\u00e4hrleisten.  <\/p>\n<p>Bitte beachten Sie, dass <strong>wir keine Tools zur Kilometerstandskorrektur<\/strong> f\u00fcr den Audi A5, S5 oder RS5 F5 <strong>verkaufen<\/strong>, da diese f\u00fcr betr\u00fcgerische Zwecke gedacht sind und nur den Kilometerstand vom Kilometerz\u00e4hler entfernen k\u00f6nnen. Moderne Fahrzeuge speichern die Daten an mehreren Stellen, so dass Rollback-Tools nicht in der Lage sind, den Kilometerstand vollst\u00e4ndig r\u00fcckg\u00e4ngig zu machen. <\/p>\n<p>Der <strong>Mileage Stopper<\/strong> funktioniert perfekt bei Diesel-, Benzin-, Plug-in-Hybrid- und Elektrofahrzeugen. Die Installation ist ganz einfach: Schlie\u00dfen Sie ihn einfach zwischen Tachometer und Kombiinstrument an und verwenden Sie vordefinierte Tastenkombinationen, um zwischen den Modi umzuschalten. <\/p>\n<p>Der <strong>Audi A5\/S5\/RS5 F5 Mileage Blocker<\/strong> ist ein hervorragendes Werkzeug, um die Leistung Ihres Fahrzeugs in einer kontrollierten Umgebung zu testen.<\/p>\n","protected":false},"excerpt":{"rendered":"<div class=\"flex-shrink-0 flex flex-col relative items-end\">\n<div class=\"pt-0\">\n<div class=\"gizmo-bot-avatar flex h-8 w-8 items-center justify-center overflow-hidden rounded-full\">\n<div class=\"relative p-1 rounded-sm flex items-center justify-center bg-token-main-surface-primary text-token-text-primary h-8 w-8\">\n<p>Bevor Sie eine Bestellung aufgeben, lesen Sie bitte die folgenden wichtigen Informationen zu Modulaktivierung, Fehlermeldungen und Funktionalit\u00e4t.<\/p>\n<p><strong>KOMPATIBILIT\u00c4T: <\/strong>Dieses Ger\u00e4t ist f\u00fcr alle <strong>Audi A5\/S5\/RS5 F5 Modelle<\/strong> geeignet <strong>, die seit 2015 auf den Markt gekommen sind<\/strong>. Die einwandfreie Funktion des Tachometers und der Assistenzsysteme h\u00e4ngt vom Tachometertyp Ihres Fahrzeugs ab. Tachometer und Assistenzsysteme funktionieren m\u00f6glicherweise nicht, wenn sie mit der Tank- und Temperaturanzeige verwendet werden. Das Modul funktioniert mit oder ohne die Temperatur- und Kraftstoffanzeige. Ausgestattet mit qualitativ hochwertigen Steckern und hitzebest\u00e4ndigen Kabeln. Einfache Do-it-yourself-Installation.     <\/p>\n<p class=\"p1\"><b> \u2705 Nahtlose Integration<\/b><b><\/b><\/p>\n<p class=\"p1\">\u2705<b> Einfache Installation<\/b><b><\/b><\/p>\n<p class=\"p1\">\u2705<b> Genaue Verwaltung des Kilometerstandes<\/b><b><\/b><\/p>\n<p class=\"p1\"><b> \u2705 Betrieb im Tarnkappenmodus<\/b><b><\/b><\/p>\n<p class=\"p1\"><span class=\"s1\">\u2705<\/span><b> Lebenslanger Support und Updates<\/b><\/p>\n<\/div>\n<\/div>\n<\/div>\n<\/div>\n","protected":false},"featured_media":657,"comment_status":"open","ping_status":"closed","template":"","meta":[],"product_brand":[],"product_cat":[746],"product_tag":[],"class_list":{"0":"post-7177","1":"product","2":"type-product","3":"status-publish","4":"has-post-thumbnail","6":"product_cat-audi","8":"first","9":"instock","10":"taxable","11":"shipping-taxable","12":"purchasable","13":"product-type-variable"},"yoast_head":"<!-- This site is optimized with the Yoast SEO plugin v27.5 - https:\/\/yoast.com\/product\/yoast-seo-wordpress\/ -->\n<title>Audi A5\/S5\/RS5\/F5 Mileage Blocker (KM stopper) \u2192 KM Block<\/title>\n<meta name=\"description\" content=\"Buy a Audi A5\/S5\/RS5\/F5 Mileage Blocker for the Best Prices \u2713 Free Shipping \u2713 Incl. Installation Guides\" \/>\n<meta name=\"robots\" content=\"index, follow, max-snippet:-1, max-image-preview:large, max-video-preview:-1\" \/>\n<meta property=\"og:locale\" content=\"de_DE\" \/>\n<meta property=\"og:type\" content=\"article\" \/>\n<meta property=\"og:title\" content=\"Audi A5\/S5\/RS5\/F5 Mileage Blocker (KM stopper) \u2192 KM Block\" \/>\n<meta property=\"og:description\" content=\"Buy a Audi A5\/S5\/RS5\/F5 Mileage Blocker for the Best Prices \u2713 Free Shipping \u2713 Incl. Installation Guides\" \/>\n<meta property=\"og:url\" content=\"https:\/\/kmblock.com\/de\/product\/audi-a5-s5-rs5-f5\/\" \/>\n<meta property=\"og:site_name\" content=\"KM Block\" \/>\n<meta property=\"og:image\" content=\"https:\/\/kmblock.com\/wp-content\/uploads\/2024\/09\/Audi-A5S5RS5F5.jpg\" \/>\n\t<meta property=\"og:image:width\" content=\"800\" \/>\n\t<meta property=\"og:image:height\" content=\"800\" \/>\n\t<meta property=\"og:image:type\" content=\"image\/jpeg\" \/>\n<meta name=\"twitter:card\" content=\"summary_large_image\" \/>\n<meta name=\"twitter:label1\" content=\"Gesch\u00e4tzte Lesezeit\" \/>\n\t<meta name=\"twitter:data1\" content=\"3\u00a0Minuten\" \/>\n<script type=\"application\/ld+json\" class=\"yoast-schema-graph\">{\"@context\":\"https:\\\/\\\/schema.org\",\"@graph\":[{\"@type\":\"WebPage\",\"@id\":\"https:\\\/\\\/kmblock.com\\\/de\\\/product\\\/audi-a5-s5-rs5-f5\\\/\",\"url\":\"https:\\\/\\\/kmblock.com\\\/de\\\/product\\\/audi-a5-s5-rs5-f5\\\/\",\"name\":\"Audi A5\\\/S5\\\/RS5\\\/F5 Mileage Blocker (KM stopper) \u2192 KM Block\",\"isPartOf\":{\"@id\":\"https:\\\/\\\/kmblock.com\\\/de\\\/#website\"},\"primaryImageOfPage\":{\"@id\":\"https:\\\/\\\/kmblock.com\\\/de\\\/product\\\/audi-a5-s5-rs5-f5\\\/#primaryimage\"},\"image\":{\"@id\":\"https:\\\/\\\/kmblock.com\\\/de\\\/product\\\/audi-a5-s5-rs5-f5\\\/#primaryimage\"},\"thumbnailUrl\":\"https:\\\/\\\/kmblock.com\\\/wp-content\\\/uploads\\\/2024\\\/09\\\/Audi-A5S5RS5F5.jpg\",\"datePublished\":\"2024-09-17T21:26:46+00:00\",\"description\":\"Buy a Audi A5\\\/S5\\\/RS5\\\/F5 Mileage Blocker for the Best Prices \u2713 Free Shipping \u2713 Incl. Installation Guides\",\"breadcrumb\":{\"@id\":\"https:\\\/\\\/kmblock.com\\\/de\\\/product\\\/audi-a5-s5-rs5-f5\\\/#breadcrumb\"},\"inLanguage\":\"de\",\"potentialAction\":[{\"@type\":\"ReadAction\",\"target\":[\"https:\\\/\\\/kmblock.com\\\/de\\\/product\\\/audi-a5-s5-rs5-f5\\\/\"]}]},{\"@type\":\"ImageObject\",\"inLanguage\":\"de\",\"@id\":\"https:\\\/\\\/kmblock.com\\\/de\\\/product\\\/audi-a5-s5-rs5-f5\\\/#primaryimage\",\"url\":\"https:\\\/\\\/kmblock.com\\\/wp-content\\\/uploads\\\/2024\\\/09\\\/Audi-A5S5RS5F5.jpg\",\"contentUrl\":\"https:\\\/\\\/kmblock.com\\\/wp-content\\\/uploads\\\/2024\\\/09\\\/Audi-A5S5RS5F5.jpg\",\"width\":800,\"height\":800,\"caption\":\"Audi A5:S5:RS5:F5\"},{\"@type\":\"BreadcrumbList\",\"@id\":\"https:\\\/\\\/kmblock.com\\\/de\\\/product\\\/audi-a5-s5-rs5-f5\\\/#breadcrumb\",\"itemListElement\":[{\"@type\":\"ListItem\",\"position\":1,\"name\":\"Startseite\",\"item\":\"https:\\\/\\\/kmblock.com\\\/de\\\/\"},{\"@type\":\"ListItem\",\"position\":2,\"name\":\"Produkte\",\"item\":\"https:\\\/\\\/kmblock.com\\\/de\\\/shop\\\/\"},{\"@type\":\"ListItem\",\"position\":3,\"name\":\"Audi A5\\\/S5\\\/RS5\\\/F5\"}]},{\"@type\":\"WebSite\",\"@id\":\"https:\\\/\\\/kmblock.com\\\/de\\\/#website\",\"url\":\"https:\\\/\\\/kmblock.com\\\/de\\\/\",\"name\":\"KM Block\",\"description\":\"\",\"publisher\":{\"@id\":\"https:\\\/\\\/kmblock.com\\\/de\\\/#organization\"},\"potentialAction\":[{\"@type\":\"SearchAction\",\"target\":{\"@type\":\"EntryPoint\",\"urlTemplate\":\"https:\\\/\\\/kmblock.com\\\/de\\\/?s={search_term_string}\"},\"query-input\":{\"@type\":\"PropertyValueSpecification\",\"valueRequired\":true,\"valueName\":\"search_term_string\"}}],\"inLanguage\":\"de\"},{\"@type\":\"Organization\",\"@id\":\"https:\\\/\\\/kmblock.com\\\/de\\\/#organization\",\"name\":\"KM-Block\",\"url\":\"https:\\\/\\\/kmblock.com\\\/de\\\/\",\"logo\":{\"@type\":\"ImageObject\",\"inLanguage\":\"de\",\"@id\":\"https:\\\/\\\/kmblock.com\\\/de\\\/#\\\/schema\\\/logo\\\/image\\\/\",\"url\":\"https:\\\/\\\/kmblock.com\\\/wp-content\\\/uploads\\\/2024\\\/08\\\/main-logo.png\",\"contentUrl\":\"https:\\\/\\\/kmblock.com\\\/wp-content\\\/uploads\\\/2024\\\/08\\\/main-logo.png\",\"width\":186,\"height\":28,\"caption\":\"KM-Block\"},\"image\":{\"@id\":\"https:\\\/\\\/kmblock.com\\\/de\\\/#\\\/schema\\\/logo\\\/image\\\/\"}}]}<\/script>\n<!-- \/ Yoast SEO plugin. -->","yoast_head_json":{"title":"Audi A5\/S5\/RS5\/F5 Mileage Blocker (KM stopper) \u2192 KM Block","description":"Buy a Audi A5\/S5\/RS5\/F5 Mileage Blocker for the Best Prices \u2713 Free Shipping \u2713 Incl. Installation Guides","robots":{"index":"index","follow":"follow","max-snippet":"max-snippet:-1","max-image-preview":"max-image-preview:large","max-video-preview":"max-video-preview:-1"},"og_locale":"de_DE","og_type":"article","og_title":"Audi A5\/S5\/RS5\/F5 Mileage Blocker (KM stopper) \u2192 KM Block","og_description":"Buy a Audi A5\/S5\/RS5\/F5 Mileage Blocker for the Best Prices \u2713 Free Shipping \u2713 Incl. Installation Guides","og_url":"https:\/\/kmblock.com\/de\/product\/audi-a5-s5-rs5-f5\/","og_site_name":"KM Block","og_image":[{"width":800,"height":800,"url":"https:\/\/kmblock.com\/wp-content\/uploads\/2024\/09\/Audi-A5S5RS5F5.jpg","type":"image\/jpeg"}],"twitter_card":"summary_large_image","twitter_misc":{"Gesch\u00e4tzte Lesezeit":"3\u00a0Minuten"},"schema":{"@context":"https:\/\/schema.org","@graph":[{"@type":"WebPage","@id":"https:\/\/kmblock.com\/de\/product\/audi-a5-s5-rs5-f5\/","url":"https:\/\/kmblock.com\/de\/product\/audi-a5-s5-rs5-f5\/","name":"Audi A5\/S5\/RS5\/F5 Mileage Blocker (KM stopper) \u2192 KM Block","isPartOf":{"@id":"https:\/\/kmblock.com\/de\/#website"},"primaryImageOfPage":{"@id":"https:\/\/kmblock.com\/de\/product\/audi-a5-s5-rs5-f5\/#primaryimage"},"image":{"@id":"https:\/\/kmblock.com\/de\/product\/audi-a5-s5-rs5-f5\/#primaryimage"},"thumbnailUrl":"https:\/\/kmblock.com\/wp-content\/uploads\/2024\/09\/Audi-A5S5RS5F5.jpg","datePublished":"2024-09-17T21:26:46+00:00","description":"Buy a Audi A5\/S5\/RS5\/F5 Mileage Blocker for the Best Prices \u2713 Free Shipping \u2713 Incl. Installation Guides","breadcrumb":{"@id":"https:\/\/kmblock.com\/de\/product\/audi-a5-s5-rs5-f5\/#breadcrumb"},"inLanguage":"de","potentialAction":[{"@type":"ReadAction","target":["https:\/\/kmblock.com\/de\/product\/audi-a5-s5-rs5-f5\/"]}]},{"@type":"ImageObject","inLanguage":"de","@id":"https:\/\/kmblock.com\/de\/product\/audi-a5-s5-rs5-f5\/#primaryimage","url":"https:\/\/kmblock.com\/wp-content\/uploads\/2024\/09\/Audi-A5S5RS5F5.jpg","contentUrl":"https:\/\/kmblock.com\/wp-content\/uploads\/2024\/09\/Audi-A5S5RS5F5.jpg","width":800,"height":800,"caption":"Audi A5:S5:RS5:F5"},{"@type":"BreadcrumbList","@id":"https:\/\/kmblock.com\/de\/product\/audi-a5-s5-rs5-f5\/#breadcrumb","itemListElement":[{"@type":"ListItem","position":1,"name":"Startseite","item":"https:\/\/kmblock.com\/de\/"},{"@type":"ListItem","position":2,"name":"Produkte","item":"https:\/\/kmblock.com\/de\/shop\/"},{"@type":"ListItem","position":3,"name":"Audi A5\/S5\/RS5\/F5"}]},{"@type":"WebSite","@id":"https:\/\/kmblock.com\/de\/#website","url":"https:\/\/kmblock.com\/de\/","name":"KM Block","description":"","publisher":{"@id":"https:\/\/kmblock.com\/de\/#organization"},"potentialAction":[{"@type":"SearchAction","target":{"@type":"EntryPoint","urlTemplate":"https:\/\/kmblock.com\/de\/?s={search_term_string}"},"query-input":{"@type":"PropertyValueSpecification","valueRequired":true,"valueName":"search_term_string"}}],"inLanguage":"de"},{"@type":"Organization","@id":"https:\/\/kmblock.com\/de\/#organization","name":"KM-Block","url":"https:\/\/kmblock.com\/de\/","logo":{"@type":"ImageObject","inLanguage":"de","@id":"https:\/\/kmblock.com\/de\/#\/schema\/logo\/image\/","url":"https:\/\/kmblock.com\/wp-content\/uploads\/2024\/08\/main-logo.png","contentUrl":"https:\/\/kmblock.com\/wp-content\/uploads\/2024\/08\/main-logo.png","width":186,"height":28,"caption":"KM-Block"},"image":{"@id":"https:\/\/kmblock.com\/de\/#\/schema\/logo\/image\/"}}]}},"_links":{"self":[{"href":"https:\/\/kmblock.com\/de\/wp-json\/wp\/v2\/product\/7177","targetHints":{"allow":["GET"]}}],"collection":[{"href":"https:\/\/kmblock.com\/de\/wp-json\/wp\/v2\/product"}],"about":[{"href":"https:\/\/kmblock.com\/de\/wp-json\/wp\/v2\/types\/product"}],"replies":[{"embeddable":true,"href":"https:\/\/kmblock.com\/de\/wp-json\/wp\/v2\/comments?post=7177"}],"wp:featuredmedia":[{"embeddable":true,"href":"https:\/\/kmblock.com\/de\/wp-json\/wp\/v2\/media\/657"}],"wp:attachment":[{"href":"https:\/\/kmblock.com\/de\/wp-json\/wp\/v2\/media?parent=7177"}],"wp:term":[{"taxonomy":"product_brand","embeddable":true,"href":"https:\/\/kmblock.com\/de\/wp-json\/wp\/v2\/product_brand?post=7177"},{"taxonomy":"product_cat","embeddable":true,"href":"https:\/\/kmblock.com\/de\/wp-json\/wp\/v2\/product_cat?post=7177"},{"taxonomy":"product_tag","embeddable":true,"href":"https:\/\/kmblock.com\/de\/wp-json\/wp\/v2\/product_tag?post=7177"}],"curies":[{"name":"wp","href":"https:\/\/api.w.org\/{rel}","templated":true}]}}