{"id":7161,"date":"2024-09-17T21:46:52","date_gmt":"2024-09-17T21:46:52","guid":{"rendered":"https:\/\/kmblock.com\/product\/audi-a6-s6-rs6-c7\/"},"modified":"2024-09-17T21:46:52","modified_gmt":"2024-09-17T21:46:52","slug":"audi-a6-s6-rs6-c7","status":"publish","type":"product","link":"https:\/\/kmblock.com\/de\/product\/audi-a6-s6-rs6-c7\/","title":{"rendered":"Audi A6\/S6\/RS6\/C7"},"content":{"rendered":"<h3><strong>KILOMETERSTANDSBLOCKER F\u00dcR AUDI A6\/S6\/RS6 &#8211; C7<\/strong><\/h3>\n<p>Der <strong>Audi A6\/S6\/RS6 &#8211; C7 Mileage Blocker<\/strong> ist auch bekannt als Odometer Blocker, Odometer Stopper, Can Blocker, Mileage Stopper, Trip Odometer, Can Filter, oder manchmal auch als ein Werkzeug zur Korrektur des Kilometerstandes.<\/p>\n<h3><strong>KOMPATIBILIT\u00c4T:<\/strong><\/h3>\n<p>Dieses Ger\u00e4t ist mit allen <strong>Audi A6\/S6\/RS6 C7 Modellen<\/strong> kompatibel <strong>, die zwischen 2011 und 2018 erschienen sind<\/strong>.<\/p>\n<hr>\n<h3><strong>SPEZIFIKATIONEN:<\/strong><\/h3>\n<ul>\n<li>Keine Fehlermeldungen auf dem Tachometer oder der Navigationsanzeige.<\/li>\n<li>Einfache Installation zum Selbermachen.<\/li>\n<li>Verf\u00fcgt \u00fcber eine Steckfl\u00e4che und Rillen am Stecker f\u00fcr eine einfache Installation.<\/li>\n<li>Benutzerfreundliche Bedienung mit mehreren Tastenkombinationen.<\/li>\n<li>Hinterl\u00e4sst beim Entfernen keine Spuren: kein L\u00f6ten oder Kabelschneiden erforderlich.<\/li>\n<li>Kann w\u00e4hrend der Fahrt ein- oder ausgeschaltet werden.<\/li>\n<li>Qualitativ hochwertige Stecker und hitzebest\u00e4ndige Kabel.<\/li>\n<li>Ausgew\u00e4hlte Einstellungen werden automatisch gespeichert.<\/li>\n<li>Der Kilometerstand erh\u00f6ht sich nicht, nachdem das Modul entfernt wurde.<\/li>\n<li>Tachometer und alle Assistenzsysteme funktionieren weiterhin einwandfrei.<\/li>\n<li>Der Modus zur \u00c4nderung des Kilometerstandes erlaubt eine Abweichung von bis zu 1% von der tats\u00e4chlich gefahrenen Strecke (N\u00e4herungswerte, geringf\u00fcgige Abweichungen m\u00f6glich).<\/li>\n<\/ul>\n<hr>\n<h3><strong>AKTIVIERUNG &amp; DEAKTIVIERUNG:<\/strong><\/h3>\n<p>Aktivieren Sie die Funktion durch gleichzeitiges Dr\u00fccken der Tasten &#8218;Ok&#8216; und &#8218;Lautst\u00e4rke&#8216; am Lenker.<\/p>\n<p><strong>Modus Ein:<\/strong> z\u00e4hlt 0% der Meilen. Beide Blinker blinken. <\/p>\n<p><strong>Modus Aus:<\/strong> z\u00e4hlt 100 Prozent der Meilen. Beide Blinker blinken. <\/p>\n<p>Der <strong>Audi A6\/S6\/RS6 C7 Kilometerstopper<\/strong> speichert die zuletzt verwendeten Einstellungen, so dass Sie sie nicht vor jeder Verwendung neu einstellen m\u00fcssen. Sie k\u00f6nnen das Ger\u00e4t w\u00e4hrend der Fahrt oder im Stand aktivieren oder deaktivieren. <\/p>\n<hr>\n<h3><strong>Was ist der Audi A6\/S6\/RS6 C7 Kilometerz\u00e4hler-Blocker oder das Tool zur Kilometerstandskorrektur?<\/strong><\/h3>\n<p>Der <strong>Audi A6\/S6\/RS6 C7 Mileage Blocker<\/strong> verhindert, dass der Kilometerstand bei Leistungstests aufgezeichnet wird. Bei <g id=\"gid_1\">KM Block<\/g> finden Sie das beste Modul mit authentischen Komponenten. Es funktioniert effizient, unabh\u00e4ngig davon, ob Ihr digitaler Kilometerz\u00e4hler den Kilometerstand in Meilen oder Kilometern (km) aufzeichnet.  <\/p>\n<p>Wir bieten eine breite Palette von <strong>Mileage Stopper<\/strong> Ger\u00e4ten f\u00fcr verschiedene Fahrzeuge an. Unsere Programmierer entwickeln Software, die auf jedes Automodell zugeschnitten ist, um eine einwandfreie Funktionalit\u00e4t zu gew\u00e4hrleisten. <\/p>\n<p><strong>Wichtiger Hinweis:<\/strong> Wir verkaufen <strong>keine<\/strong> Tools zur <strong>Kilometerstandskorrektur<\/strong> f\u00fcr Audi A6\/S6\/RS6 C7. Tools zur Kilometerkorrektur sind f\u00fcr unlautere Zwecke gedacht, wie z.B. das Zur\u00fcckspulen oder Zur\u00fcckdrehen des Kilometerz\u00e4hlers. Moderne Fahrzeuge speichern die Daten an mehreren Stellen, und Tools zur Kilometerstandskorrektur k\u00f6nnen den Kilometerstand nicht genau zur\u00fccksetzen.  <\/p>\n<hr>\n<h3><strong>INSTALLATION:<\/strong><\/h3>\n<p>Installieren Sie das Modul mit Hilfe vorgegebener Schl\u00fcsselkombinationen, um es zu aktivieren oder zu deaktivieren. Die Installation ist unkompliziert und erfordert keine tiefgreifenden Kenntnisse der Fahrzeugwartung. Schlie\u00dfen Sie es einfach zwischen dem Tachometeranschluss und dem Kombiinstrument an und genie\u00dfen Sie die Vorteile dieses einzigartigen Moduls. Es funktioniert bei Diesel- und Benzinmotoren, Plug-in-Hybrid-Elektrofahrzeugen (PHEVs) und Elektroautos.   <\/p>\n<p>Der <strong>Audi A6\/S6\/RS6 C7 Mileage Blocker<\/strong> ist ein au\u00dfergew\u00f6hnliches Ger\u00e4t zum Testen der Fahrzeugleistung in einer kontrollierten Umgebung. Er kann jederzeit aktiviert oder deaktiviert werden, egal ob w\u00e4hrend der Fahrt oder im Stand.<\/p>\n","protected":false},"excerpt":{"rendered":"<div class=\"flex-shrink-0 flex flex-col relative items-end\">\n<div class=\"pt-0\">\n<div class=\"gizmo-bot-avatar flex h-8 w-8 items-center justify-center overflow-hidden rounded-full\">\n<div class=\"relative p-1 rounded-sm flex items-center justify-center bg-token-main-surface-primary text-token-text-primary h-8 w-8\">\n<p><strong>Vor der Bestellung: Wichtige Informationen zur Modulaktivierung und Fehlermeldungen<\/strong><\/p>\n<p>Dieser <strong>Mileage Blocker<\/strong> ist kompatibel mit <strong>allen Audi A6\/S6\/RS6 C7 Modellen, die zwischen 2011 und 2018 auf den Markt kamen<\/strong>. Einfach und ohne professionelle Hilfe zu installieren. Hinterl\u00e4sst keine Spuren und gew\u00e4hrleistet einen nahtlosen Betrieb. Kann w\u00e4hrend der Fahrt aktiviert oder deaktiviert werden. Kommt mit hochwertigen Steckern und hitzebest\u00e4ndigen Kabeln f\u00fcr lange Haltbarkeit. Alle Tacho- und Assistenzprogramme funktionieren perfekt.     <\/p>\n<p class=\"p1\"><b> \u2705 Nahtlose Integration<\/b><b><\/b><\/p>\n<p class=\"p1\">\u2705<b> Einfache Installation<\/b><b><\/b><\/p>\n<p class=\"p1\">\u2705<b> Genaue Verwaltung des Kilometerstandes<\/b><b><\/b><\/p>\n<p class=\"p1\"><b> \u2705 Betrieb im Tarnkappenmodus<\/b><b><\/b><\/p>\n<p class=\"p1\"><span class=\"s1\">\u2705<\/span><b> Lebenslanger Support und Updates<\/b><\/p>\n<\/div>\n<\/div>\n<\/div>\n<\/div>\n","protected":false},"featured_media":659,"comment_status":"open","ping_status":"closed","template":"","meta":[],"product_brand":[],"product_cat":[746],"product_tag":[],"class_list":{"0":"post-7161","1":"product","2":"type-product","3":"status-publish","4":"has-post-thumbnail","6":"product_cat-audi","8":"first","9":"instock","10":"taxable","11":"shipping-taxable","12":"purchasable","13":"product-type-variable"},"yoast_head":"<!-- This site is optimized with the Yoast SEO plugin v27.5 - https:\/\/yoast.com\/product\/yoast-seo-wordpress\/ -->\n<title>Audi A6\/S6\/RS6\/C7 Mileage Blocker (KM stopper) \u2192 KM Block<\/title>\n<meta name=\"description\" content=\"Buy a Audi A6\/S6\/RS6\/C7 Mileage Blocker for the Best Prices \u2713 Free Shipping \u2713 Incl. Installation Guides\" \/>\n<meta name=\"robots\" content=\"index, follow, max-snippet:-1, max-image-preview:large, max-video-preview:-1\" \/>\n<meta property=\"og:locale\" content=\"de_DE\" \/>\n<meta property=\"og:type\" content=\"article\" \/>\n<meta property=\"og:title\" content=\"Audi A6\/S6\/RS6\/C7 Mileage Blocker (KM stopper) \u2192 KM Block\" \/>\n<meta property=\"og:description\" content=\"Buy a Audi A6\/S6\/RS6\/C7 Mileage Blocker for the Best Prices \u2713 Free Shipping \u2713 Incl. Installation Guides\" \/>\n<meta property=\"og:url\" content=\"https:\/\/kmblock.com\/de\/product\/audi-a6-s6-rs6-c7\/\" \/>\n<meta property=\"og:site_name\" content=\"KM Block\" \/>\n<meta property=\"og:image\" content=\"https:\/\/kmblock.com\/wp-content\/uploads\/2024\/09\/Audi-A6S6RS6C7.jpg\" \/>\n\t<meta property=\"og:image:width\" content=\"800\" \/>\n\t<meta property=\"og:image:height\" content=\"800\" \/>\n\t<meta property=\"og:image:type\" content=\"image\/jpeg\" \/>\n<meta name=\"twitter:card\" content=\"summary_large_image\" \/>\n<meta name=\"twitter:label1\" content=\"Gesch\u00e4tzte Lesezeit\" \/>\n\t<meta name=\"twitter:data1\" content=\"3\u00a0Minuten\" \/>\n<script type=\"application\/ld+json\" class=\"yoast-schema-graph\">{\"@context\":\"https:\\\/\\\/schema.org\",\"@graph\":[{\"@type\":\"WebPage\",\"@id\":\"https:\\\/\\\/kmblock.com\\\/de\\\/product\\\/audi-a6-s6-rs6-c7\\\/\",\"url\":\"https:\\\/\\\/kmblock.com\\\/de\\\/product\\\/audi-a6-s6-rs6-c7\\\/\",\"name\":\"Audi A6\\\/S6\\\/RS6\\\/C7 Mileage Blocker (KM stopper) \u2192 KM Block\",\"isPartOf\":{\"@id\":\"https:\\\/\\\/kmblock.com\\\/de\\\/#website\"},\"primaryImageOfPage\":{\"@id\":\"https:\\\/\\\/kmblock.com\\\/de\\\/product\\\/audi-a6-s6-rs6-c7\\\/#primaryimage\"},\"image\":{\"@id\":\"https:\\\/\\\/kmblock.com\\\/de\\\/product\\\/audi-a6-s6-rs6-c7\\\/#primaryimage\"},\"thumbnailUrl\":\"https:\\\/\\\/kmblock.com\\\/wp-content\\\/uploads\\\/2024\\\/09\\\/Audi-A6S6RS6C7.jpg\",\"datePublished\":\"2024-09-17T21:46:52+00:00\",\"description\":\"Buy a Audi A6\\\/S6\\\/RS6\\\/C7 Mileage Blocker for the Best Prices \u2713 Free Shipping \u2713 Incl. Installation Guides\",\"breadcrumb\":{\"@id\":\"https:\\\/\\\/kmblock.com\\\/de\\\/product\\\/audi-a6-s6-rs6-c7\\\/#breadcrumb\"},\"inLanguage\":\"de\",\"potentialAction\":[{\"@type\":\"ReadAction\",\"target\":[\"https:\\\/\\\/kmblock.com\\\/de\\\/product\\\/audi-a6-s6-rs6-c7\\\/\"]}]},{\"@type\":\"ImageObject\",\"inLanguage\":\"de\",\"@id\":\"https:\\\/\\\/kmblock.com\\\/de\\\/product\\\/audi-a6-s6-rs6-c7\\\/#primaryimage\",\"url\":\"https:\\\/\\\/kmblock.com\\\/wp-content\\\/uploads\\\/2024\\\/09\\\/Audi-A6S6RS6C7.jpg\",\"contentUrl\":\"https:\\\/\\\/kmblock.com\\\/wp-content\\\/uploads\\\/2024\\\/09\\\/Audi-A6S6RS6C7.jpg\",\"width\":800,\"height\":800,\"caption\":\"Audi A6\\\/S6\\\/RS6\\\/C7\"},{\"@type\":\"BreadcrumbList\",\"@id\":\"https:\\\/\\\/kmblock.com\\\/de\\\/product\\\/audi-a6-s6-rs6-c7\\\/#breadcrumb\",\"itemListElement\":[{\"@type\":\"ListItem\",\"position\":1,\"name\":\"Startseite\",\"item\":\"https:\\\/\\\/kmblock.com\\\/de\\\/\"},{\"@type\":\"ListItem\",\"position\":2,\"name\":\"Produkte\",\"item\":\"https:\\\/\\\/kmblock.com\\\/de\\\/shop\\\/\"},{\"@type\":\"ListItem\",\"position\":3,\"name\":\"Audi A6\\\/S6\\\/RS6\\\/C7\"}]},{\"@type\":\"WebSite\",\"@id\":\"https:\\\/\\\/kmblock.com\\\/de\\\/#website\",\"url\":\"https:\\\/\\\/kmblock.com\\\/de\\\/\",\"name\":\"KM Block\",\"description\":\"\",\"publisher\":{\"@id\":\"https:\\\/\\\/kmblock.com\\\/de\\\/#organization\"},\"potentialAction\":[{\"@type\":\"SearchAction\",\"target\":{\"@type\":\"EntryPoint\",\"urlTemplate\":\"https:\\\/\\\/kmblock.com\\\/de\\\/?s={search_term_string}\"},\"query-input\":{\"@type\":\"PropertyValueSpecification\",\"valueRequired\":true,\"valueName\":\"search_term_string\"}}],\"inLanguage\":\"de\"},{\"@type\":\"Organization\",\"@id\":\"https:\\\/\\\/kmblock.com\\\/de\\\/#organization\",\"name\":\"KM-Block\",\"url\":\"https:\\\/\\\/kmblock.com\\\/de\\\/\",\"logo\":{\"@type\":\"ImageObject\",\"inLanguage\":\"de\",\"@id\":\"https:\\\/\\\/kmblock.com\\\/de\\\/#\\\/schema\\\/logo\\\/image\\\/\",\"url\":\"https:\\\/\\\/kmblock.com\\\/wp-content\\\/uploads\\\/2024\\\/08\\\/main-logo.png\",\"contentUrl\":\"https:\\\/\\\/kmblock.com\\\/wp-content\\\/uploads\\\/2024\\\/08\\\/main-logo.png\",\"width\":186,\"height\":28,\"caption\":\"KM-Block\"},\"image\":{\"@id\":\"https:\\\/\\\/kmblock.com\\\/de\\\/#\\\/schema\\\/logo\\\/image\\\/\"}}]}<\/script>\n<!-- \/ Yoast SEO plugin. -->","yoast_head_json":{"title":"Audi A6\/S6\/RS6\/C7 Mileage Blocker (KM stopper) \u2192 KM Block","description":"Buy a Audi A6\/S6\/RS6\/C7 Mileage Blocker for the Best Prices \u2713 Free Shipping \u2713 Incl. Installation Guides","robots":{"index":"index","follow":"follow","max-snippet":"max-snippet:-1","max-image-preview":"max-image-preview:large","max-video-preview":"max-video-preview:-1"},"og_locale":"de_DE","og_type":"article","og_title":"Audi A6\/S6\/RS6\/C7 Mileage Blocker (KM stopper) \u2192 KM Block","og_description":"Buy a Audi A6\/S6\/RS6\/C7 Mileage Blocker for the Best Prices \u2713 Free Shipping \u2713 Incl. Installation Guides","og_url":"https:\/\/kmblock.com\/de\/product\/audi-a6-s6-rs6-c7\/","og_site_name":"KM Block","og_image":[{"width":800,"height":800,"url":"https:\/\/kmblock.com\/wp-content\/uploads\/2024\/09\/Audi-A6S6RS6C7.jpg","type":"image\/jpeg"}],"twitter_card":"summary_large_image","twitter_misc":{"Gesch\u00e4tzte Lesezeit":"3\u00a0Minuten"},"schema":{"@context":"https:\/\/schema.org","@graph":[{"@type":"WebPage","@id":"https:\/\/kmblock.com\/de\/product\/audi-a6-s6-rs6-c7\/","url":"https:\/\/kmblock.com\/de\/product\/audi-a6-s6-rs6-c7\/","name":"Audi A6\/S6\/RS6\/C7 Mileage Blocker (KM stopper) \u2192 KM Block","isPartOf":{"@id":"https:\/\/kmblock.com\/de\/#website"},"primaryImageOfPage":{"@id":"https:\/\/kmblock.com\/de\/product\/audi-a6-s6-rs6-c7\/#primaryimage"},"image":{"@id":"https:\/\/kmblock.com\/de\/product\/audi-a6-s6-rs6-c7\/#primaryimage"},"thumbnailUrl":"https:\/\/kmblock.com\/wp-content\/uploads\/2024\/09\/Audi-A6S6RS6C7.jpg","datePublished":"2024-09-17T21:46:52+00:00","description":"Buy a Audi A6\/S6\/RS6\/C7 Mileage Blocker for the Best Prices \u2713 Free Shipping \u2713 Incl. Installation Guides","breadcrumb":{"@id":"https:\/\/kmblock.com\/de\/product\/audi-a6-s6-rs6-c7\/#breadcrumb"},"inLanguage":"de","potentialAction":[{"@type":"ReadAction","target":["https:\/\/kmblock.com\/de\/product\/audi-a6-s6-rs6-c7\/"]}]},{"@type":"ImageObject","inLanguage":"de","@id":"https:\/\/kmblock.com\/de\/product\/audi-a6-s6-rs6-c7\/#primaryimage","url":"https:\/\/kmblock.com\/wp-content\/uploads\/2024\/09\/Audi-A6S6RS6C7.jpg","contentUrl":"https:\/\/kmblock.com\/wp-content\/uploads\/2024\/09\/Audi-A6S6RS6C7.jpg","width":800,"height":800,"caption":"Audi A6\/S6\/RS6\/C7"},{"@type":"BreadcrumbList","@id":"https:\/\/kmblock.com\/de\/product\/audi-a6-s6-rs6-c7\/#breadcrumb","itemListElement":[{"@type":"ListItem","position":1,"name":"Startseite","item":"https:\/\/kmblock.com\/de\/"},{"@type":"ListItem","position":2,"name":"Produkte","item":"https:\/\/kmblock.com\/de\/shop\/"},{"@type":"ListItem","position":3,"name":"Audi A6\/S6\/RS6\/C7"}]},{"@type":"WebSite","@id":"https:\/\/kmblock.com\/de\/#website","url":"https:\/\/kmblock.com\/de\/","name":"KM Block","description":"","publisher":{"@id":"https:\/\/kmblock.com\/de\/#organization"},"potentialAction":[{"@type":"SearchAction","target":{"@type":"EntryPoint","urlTemplate":"https:\/\/kmblock.com\/de\/?s={search_term_string}"},"query-input":{"@type":"PropertyValueSpecification","valueRequired":true,"valueName":"search_term_string"}}],"inLanguage":"de"},{"@type":"Organization","@id":"https:\/\/kmblock.com\/de\/#organization","name":"KM-Block","url":"https:\/\/kmblock.com\/de\/","logo":{"@type":"ImageObject","inLanguage":"de","@id":"https:\/\/kmblock.com\/de\/#\/schema\/logo\/image\/","url":"https:\/\/kmblock.com\/wp-content\/uploads\/2024\/08\/main-logo.png","contentUrl":"https:\/\/kmblock.com\/wp-content\/uploads\/2024\/08\/main-logo.png","width":186,"height":28,"caption":"KM-Block"},"image":{"@id":"https:\/\/kmblock.com\/de\/#\/schema\/logo\/image\/"}}]}},"_links":{"self":[{"href":"https:\/\/kmblock.com\/de\/wp-json\/wp\/v2\/product\/7161","targetHints":{"allow":["GET"]}}],"collection":[{"href":"https:\/\/kmblock.com\/de\/wp-json\/wp\/v2\/product"}],"about":[{"href":"https:\/\/kmblock.com\/de\/wp-json\/wp\/v2\/types\/product"}],"replies":[{"embeddable":true,"href":"https:\/\/kmblock.com\/de\/wp-json\/wp\/v2\/comments?post=7161"}],"wp:featuredmedia":[{"embeddable":true,"href":"https:\/\/kmblock.com\/de\/wp-json\/wp\/v2\/media\/659"}],"wp:attachment":[{"href":"https:\/\/kmblock.com\/de\/wp-json\/wp\/v2\/media?parent=7161"}],"wp:term":[{"taxonomy":"product_brand","embeddable":true,"href":"https:\/\/kmblock.com\/de\/wp-json\/wp\/v2\/product_brand?post=7161"},{"taxonomy":"product_cat","embeddable":true,"href":"https:\/\/kmblock.com\/de\/wp-json\/wp\/v2\/product_cat?post=7161"},{"taxonomy":"product_tag","embeddable":true,"href":"https:\/\/kmblock.com\/de\/wp-json\/wp\/v2\/product_tag?post=7161"}],"curies":[{"name":"wp","href":"https:\/\/api.w.org\/{rel}","templated":true}]}}